{"id":14418,"date":"2024-10-07T08:51:38","date_gmt":"2024-10-07T14:51:38","guid":{"rendered":"https:\/\/hospitalcmq.com\/?page_id=14418"},"modified":"2025-05-06T11:17:10","modified_gmt":"2025-05-06T17:17:10","slug":"lifting-du-visage","status":"publish","type":"page","link":"https:\/\/hospitalcmq.com\/fr\/chirurgie-esthetique\/lifting-du-visage\/","title":{"rendered":"Lifting du visage"},"content":{"rendered":"<div class=\"wpb-content-wrapper\"><p>[vc_row][vc_column][vc_column_text css=\u00a0\u00bb\u00a0\u00bb]<span style=\"font-weight: 400;\">Avec l&rsquo;\u00e2ge, la peau commence \u00e0 perdre son \u00e9lasticit\u00e9 et son volume. Les rides profondes et le rel\u00e2chement de la peau finissent par appara\u00eetre. Le lifting, la rhytidectomie ou le lifting facial est une intervention chirurgicale qui permet de soulever, de raffermir et de resserrer les tissus faciaux affaiss\u00e9s, en donnant ainsi une apparence plus naturelle et plus jeune. L&rsquo;op\u00e9ration est r\u00e9alis\u00e9e par une incision devant et derri\u00e8re les oreilles, jusqu&rsquo;\u00e0 la ligne du cuir chevelu. La peau et les tissus sont ensuite soulev\u00e9s pour \u00e9liminer l&rsquo;exc\u00e8s et obtenir les r\u00e9sultats souhait\u00e9s par le patient.<\/span>[\/vc_column_text][vc_empty_space][vc_column_text]<\/p>\n<h2>Redescubre tu Juventud: Lifting Facial en Hospital CMQ<\/h2>\n<p>Ya sea que desees mejorar signos del envejecimiento o simplemente refrescar tu apariencia facial, conf\u00eda en nosotros para lograr resultados excepcionales totalmente personalizados a tus necesidades y objetivos. Desde tu consulta inicial hasta el seguimiento postoperatorio, nos esforzamos por brindarte una experiencia \u00fanica llena de apoyo y confort.<\/p>\n<p>Durante tu procedimiento de lifting facial en Hospital CMQ, nuestros cirujanos trabajan cuidadosamente los tejidos faciales, eliminan el exceso de piel y reposicionan la piel para crear un contorno facial m\u00e1s suave y definido. Esto resulta en una apariencia m\u00e1s joven, rejuvenecida y con resultados 100% naturales que realzan tu armon\u00eda facial. Una de las principales ventajas de elegir nuestros Hospitales CMQ para tu procedimiento de lifting facial es nuestro compromiso con tu seguridad, comodidad y satisfacci\u00f3n. Asimismo, nuestro equipo de cirujanos pl\u00e1sticos certificados y personal m\u00e9dico dedicado trabaja en conjunto para darte una atenci\u00f3n de excelencia y acompa\u00f1arte en cada paso.[\/vc_column_text][vc_empty_space][vc_column_text css=\u00a0\u00bb\u00a0\u00bb]<\/p>\n<h2><\/h2>\n<h2>Avantages et d\u00e9savantages de la chirurgie du lifting<\/h2>\n<p><b>Avantages :<\/b><\/p>\n<ul>\n<li style=\"font-weight: 400;\" aria-level=\"1\"><span style=\"font-weight: 400;\">Enl\u00e8ve la peau l\u00e2che et resserre les tissus du visage.<\/span><\/li>\n<li style=\"font-weight: 400;\" aria-level=\"1\"><span style=\"font-weight: 400;\">R\u00e9duit l&rsquo;affaissement des joues.<\/span><\/li>\n<li style=\"font-weight: 400;\" aria-level=\"1\"><span style=\"font-weight: 400;\">Rel\u00e8ve les coins de la bouche.<\/span><\/li>\n<li style=\"font-weight: 400;\" aria-level=\"1\"><span style=\"font-weight: 400;\">Les incisions ne sont g\u00e9n\u00e9ralement pas visibles.<\/span><\/li>\n<\/ul>\n<p>&nbsp;<\/p>\n<p><b>D\u00e9savantages :<\/b><\/p>\n<ul>\n<li style=\"font-weight: 400;\" aria-level=\"1\"><span style=\"font-weight: 400;\">L&rsquo;intervention n&rsquo;est pas permanente.<\/span><\/li>\n<li style=\"font-weight: 400;\" aria-level=\"1\"><span style=\"font-weight: 400;\">Si l&rsquo;on enl\u00e8ve trop de peau, le visage peut para\u00eetre inesth\u00e9tique.<\/span><\/li>\n<li style=\"font-weight: 400;\" aria-level=\"1\"><span style=\"font-weight: 400;\">D&rsquo;autres interventions peuvent \u00eatre n\u00e9cessaires, en fonction de l&rsquo;\u00e2ge et du type de peau.<\/span><\/li>\n<\/ul>\n<p>[\/vc_column_text][vc_empty_space][vc_row_inner el_class=\u00a0\u00bbblock&#8211;padding&#8211;gray\u00a0\u00bb][vc_column_inner][vc_empty_space][vc_column_text css=\u00a0\u00bb\u00a0\u00bb]<\/p>\n<h3>\u00cates-vous un candidat id\u00e9al pour un lifting ?<\/h3>\n<p><span style=\"font-weight: 400;\">Votre m\u00e9decin d\u00e9cidera en dernier ressort si vous \u00eates un candidat id\u00e9al, mais vous devez r\u00e9pondre \u00e0 certains crit\u00e8res :<\/span><\/p>\n<ul>\n<li style=\"font-weight: 400;\" aria-level=\"1\"><span style=\"font-weight: 400;\">Avoir une peau souple. Une peau \u00e9lastique est plus facile \u00e0 retendre et pr\u00e9sente moins de risques et de difficult\u00e9s.<\/span><\/li>\n<li style=\"font-weight: 400;\" aria-level=\"1\"><span style=\"font-weight: 400;\">Une structure faciale d\u00e9finie. Des traits bien d\u00e9finis faciliteront l&rsquo;apparition d&rsquo;une peau tonique et sans rides.<\/span><\/li>\n<li style=\"font-weight: 400;\" aria-level=\"1\"><span style=\"font-weight: 400;\">Avoir des attentes r\u00e9alistes et conna\u00eetre la proc\u00e9dure \u00e0 effectuer.<\/span><\/li>\n<li style=\"font-weight: 400;\" aria-level=\"1\"><span style=\"font-weight: 400;\">\u00catre en bonne sant\u00e9.<\/span><\/li>\n<\/ul>\n<p>[\/vc_column_text][\/vc_column_inner][\/vc_row_inner][vc_empty_space][\/vc_column][\/vc_row][vc_row][vc_column][vc_column_text css=\u00a0\u00bb\u00a0\u00bb]<\/p>\n<h2>\u00c0 quoi s&rsquo;attendre apr\u00e8s l&rsquo;op\u00e9ration ?<\/h2>\n<p><span style=\"font-weight: 400;\">Le lifting facial dure g\u00e9n\u00e9ralement plusieurs heures. Il est possible que vous puissiez rentrer chez vous le jour m\u00eame de l&rsquo;op\u00e9ration. Cependant, il est parfois n\u00e9cessaire de passer la nuit \u00e0 l&rsquo;h\u00f4pital. Apr\u00e8s l&rsquo;op\u00e9ration, votre visage sera band\u00e9 pendant 1 ou 2 jours. Une semaine \u00e0 10 jours plus tard, votre chirurgien retirera les points de suture. Si vous souffrez beaucoup, des m\u00e9dicaments vous seront prescrits. Malheureusement, comme il s&rsquo;agit d&rsquo;une intervention invasive, votre visage sera gonfl\u00e9 et couvert d&rsquo;ecchymoses pendant plusieurs semaines.<\/span><\/p>\n<p><span style=\"font-weight: 400;\">Il est important d&rsquo;\u00e9viter la fum\u00e9e de tabac, car elle augmente le risque d&rsquo;infection de la peau et de mort des tissus nouvellement op\u00e9r\u00e9s. En outre, le fait de fumer ou d&rsquo;\u00eatre expos\u00e9 \u00e0 la fum\u00e9e ralentit le processus de cicatrisation et aggrave les cicatrices.<\/span><\/p>\n<p><span style=\"font-weight: 400;\">La plupart des personnes reprennent leurs activit\u00e9s normales 2 \u00e0 3 semaines apr\u00e8s l&rsquo;intervention chirurgicale. Il est normal de ressentir un certain degr\u00e9 de raideur et\/ou d&rsquo;engourdissement au niveau du visage.<\/span>[\/vc_column_text][\/vc_column][\/vc_row]<\/p>\n<\/div>","protected":false},"excerpt":{"rendered":"<p>A medida que envejecemos, la piel comienza a perder su elasticidad y volumen. Esto eventualmente produce arrugas y piel suelta. Un lifting facial, conocido cl\u00ednicamente como ritidectom\u00eda o rejuvenecimiento facial. Es una cirug\u00eda que, como su nombre lo indica, levanta los tejidos faciales ca\u00eddos y le da una apariencia m\u00e1s juvenil al rostro.<\/p>\n","protected":false},"author":2,"featured_media":0,"parent":14417,"menu_order":0,"comment_status":"closed","ping_status":"closed","template":"","meta":{"footnotes":""},"class_list":["post-14418","page","type-page","status-publish","hentry"],"acf":[],"yoast_head":"<!-- This site is optimized with the Yoast SEO plugin v27.4 - https:\/\/yoast.com\/product\/yoast-seo-wordpress\/ -->\n<title>Lifting du visage at Hospital CMQ Puerto Vallarta<\/title>\n<meta name=\"description\" content=\"Lifting du visage un procedimiento disponible en nuestros Hospitales CMQ de Puerto Vallarta y Riviera Nayarit.\" \/>\n<meta name=\"robots\" content=\"index, follow, max-snippet:-1, max-image-preview:large, max-video-preview:-1\" \/>\n<link rel=\"canonical\" href=\"https:\/\/hospitalcmq.com\/fr\/chirurgie-esthetique\/lifting-du-visage\/\" \/>\n<meta property=\"og:locale\" content=\"fr_FR\" \/>\n<meta property=\"og:type\" content=\"article\" \/>\n<meta property=\"og:title\" content=\"Lifting du visage at Hospital CMQ Puerto Vallarta\" \/>\n<meta property=\"og:description\" content=\"Lifting du visage un procedimiento disponible en nuestros Hospitales CMQ de Puerto Vallarta y Riviera Nayarit.\" \/>\n<meta property=\"og:url\" content=\"https:\/\/hospitalcmq.com\/fr\/chirurgie-esthetique\/lifting-du-visage\/\" \/>\n<meta property=\"og:site_name\" content=\"Hospital CMQ\" \/>\n<meta property=\"article:publisher\" content=\"https:\/\/www.facebook.com\/HospitalCMQ\" \/>\n<meta property=\"article:modified_time\" content=\"2025-05-06T17:17:10+00:00\" \/>\n<meta property=\"og:image\" content=\"https:\/\/hospitalcmq.com\/wp-content\/uploads\/2018\/06\/cmq-hospital-logo.png\" \/>\n\t<meta property=\"og:image:width\" content=\"214\" \/>\n\t<meta property=\"og:image:height\" content=\"189\" \/>\n\t<meta property=\"og:image:type\" content=\"image\/png\" \/>\n<meta name=\"twitter:card\" content=\"summary_large_image\" \/>\n<meta name=\"twitter:label1\" content=\"Dur\u00e9e de lecture estim\u00e9e\" \/>\n\t<meta name=\"twitter:data1\" content=\"3 minutes\" \/>\n<script type=\"application\/ld+json\" class=\"yoast-schema-graph\">{\"@context\":\"https:\\\/\\\/schema.org\",\"@graph\":[{\"@type\":\"WebPage\",\"@id\":\"https:\\\/\\\/hospitalcmq.com\\\/fr\\\/chirurgie-esthetique\\\/lifting-du-visage\\\/\",\"url\":\"https:\\\/\\\/hospitalcmq.com\\\/fr\\\/chirurgie-esthetique\\\/lifting-du-visage\\\/\",\"name\":\"Lifting du visage at Hospital CMQ Puerto Vallarta\",\"isPartOf\":{\"@id\":\"https:\\\/\\\/hospitalcmq.com\\\/fr\\\/#website\"},\"datePublished\":\"2024-10-07T14:51:38+00:00\",\"dateModified\":\"2025-05-06T17:17:10+00:00\",\"description\":\"Lifting du visage un procedimiento disponible en nuestros Hospitales CMQ de Puerto Vallarta y Riviera Nayarit.\",\"breadcrumb\":{\"@id\":\"https:\\\/\\\/hospitalcmq.com\\\/fr\\\/chirurgie-esthetique\\\/lifting-du-visage\\\/#breadcrumb\"},\"inLanguage\":\"fr-FR\",\"potentialAction\":[{\"@type\":\"ReadAction\",\"target\":[\"https:\\\/\\\/hospitalcmq.com\\\/fr\\\/chirurgie-esthetique\\\/lifting-du-visage\\\/\"]}]},{\"@type\":\"BreadcrumbList\",\"@id\":\"https:\\\/\\\/hospitalcmq.com\\\/fr\\\/chirurgie-esthetique\\\/lifting-du-visage\\\/#breadcrumb\",\"itemListElement\":[{\"@type\":\"ListItem\",\"position\":1,\"name\":\"Home\",\"item\":\"https:\\\/\\\/hospitalcmq.com\\\/fr\\\/\"},{\"@type\":\"ListItem\",\"position\":2,\"name\":\"Chirurgie Esth\u00e9tique \u00e0 Puerto Vallarta, votre Intervention confi\u00e9e \u00e0 des experts\",\"item\":\"https:\\\/\\\/hospitalcmq.com\\\/fr\\\/chirurgie-esthetique\\\/\"},{\"@type\":\"ListItem\",\"position\":3,\"name\":\"Lifting du visage\"}]},{\"@type\":\"WebSite\",\"@id\":\"https:\\\/\\\/hospitalcmq.com\\\/fr\\\/#website\",\"url\":\"https:\\\/\\\/hospitalcmq.com\\\/fr\\\/\",\"name\":\"Hospital CMQ\",\"description\":\"Best Hospitals in Puerto Vallarta &amp; Riviera Nayarit\",\"publisher\":{\"@id\":\"https:\\\/\\\/hospitalcmq.com\\\/fr\\\/#organization\"},\"potentialAction\":[{\"@type\":\"SearchAction\",\"target\":{\"@type\":\"EntryPoint\",\"urlTemplate\":\"https:\\\/\\\/hospitalcmq.com\\\/fr\\\/?s={search_term_string}\"},\"query-input\":{\"@type\":\"PropertyValueSpecification\",\"valueRequired\":true,\"valueName\":\"search_term_string\"}}],\"inLanguage\":\"fr-FR\"},{\"@type\":\"Organization\",\"@id\":\"https:\\\/\\\/hospitalcmq.com\\\/fr\\\/#organization\",\"name\":\"Hospital CMQ\",\"url\":\"https:\\\/\\\/hospitalcmq.com\\\/fr\\\/\",\"logo\":{\"@type\":\"ImageObject\",\"inLanguage\":\"fr-FR\",\"@id\":\"https:\\\/\\\/hospitalcmq.com\\\/fr\\\/#\\\/schema\\\/logo\\\/image\\\/\",\"url\":\"https:\\\/\\\/hospitalcmq.com\\\/wp-content\\\/uploads\\\/2018\\\/06\\\/cmq-hospital-logo.png\",\"contentUrl\":\"https:\\\/\\\/hospitalcmq.com\\\/wp-content\\\/uploads\\\/2018\\\/06\\\/cmq-hospital-logo.png\",\"width\":214,\"height\":189,\"caption\":\"Hospital CMQ\"},\"image\":{\"@id\":\"https:\\\/\\\/hospitalcmq.com\\\/fr\\\/#\\\/schema\\\/logo\\\/image\\\/\"},\"sameAs\":[\"https:\\\/\\\/www.facebook.com\\\/HospitalCMQ\"]}]}<\/script>\n<!-- \/ Yoast SEO plugin. -->","yoast_head_json":{"title":"Lifting du visage at Hospital CMQ Puerto Vallarta","description":"Lifting du visage un procedimiento disponible en nuestros Hospitales CMQ de Puerto Vallarta y Riviera Nayarit.","robots":{"index":"index","follow":"follow","max-snippet":"max-snippet:-1","max-image-preview":"max-image-preview:large","max-video-preview":"max-video-preview:-1"},"canonical":"https:\/\/hospitalcmq.com\/fr\/chirurgie-esthetique\/lifting-du-visage\/","og_locale":"fr_FR","og_type":"article","og_title":"Lifting du visage at Hospital CMQ Puerto Vallarta","og_description":"Lifting du visage un procedimiento disponible en nuestros Hospitales CMQ de Puerto Vallarta y Riviera Nayarit.","og_url":"https:\/\/hospitalcmq.com\/fr\/chirurgie-esthetique\/lifting-du-visage\/","og_site_name":"Hospital CMQ","article_publisher":"https:\/\/www.facebook.com\/HospitalCMQ","article_modified_time":"2025-05-06T17:17:10+00:00","og_image":[{"width":214,"height":189,"url":"https:\/\/hospitalcmq.com\/wp-content\/uploads\/2018\/06\/cmq-hospital-logo.png","type":"image\/png"}],"twitter_card":"summary_large_image","twitter_misc":{"Dur\u00e9e de lecture estim\u00e9e":"3 minutes"},"schema":{"@context":"https:\/\/schema.org","@graph":[{"@type":"WebPage","@id":"https:\/\/hospitalcmq.com\/fr\/chirurgie-esthetique\/lifting-du-visage\/","url":"https:\/\/hospitalcmq.com\/fr\/chirurgie-esthetique\/lifting-du-visage\/","name":"Lifting du visage at Hospital CMQ Puerto Vallarta","isPartOf":{"@id":"https:\/\/hospitalcmq.com\/fr\/#website"},"datePublished":"2024-10-07T14:51:38+00:00","dateModified":"2025-05-06T17:17:10+00:00","description":"Lifting du visage un procedimiento disponible en nuestros Hospitales CMQ de Puerto Vallarta y Riviera Nayarit.","breadcrumb":{"@id":"https:\/\/hospitalcmq.com\/fr\/chirurgie-esthetique\/lifting-du-visage\/#breadcrumb"},"inLanguage":"fr-FR","potentialAction":[{"@type":"ReadAction","target":["https:\/\/hospitalcmq.com\/fr\/chirurgie-esthetique\/lifting-du-visage\/"]}]},{"@type":"BreadcrumbList","@id":"https:\/\/hospitalcmq.com\/fr\/chirurgie-esthetique\/lifting-du-visage\/#breadcrumb","itemListElement":[{"@type":"ListItem","position":1,"name":"Home","item":"https:\/\/hospitalcmq.com\/fr\/"},{"@type":"ListItem","position":2,"name":"Chirurgie Esth\u00e9tique \u00e0 Puerto Vallarta, votre Intervention confi\u00e9e \u00e0 des experts","item":"https:\/\/hospitalcmq.com\/fr\/chirurgie-esthetique\/"},{"@type":"ListItem","position":3,"name":"Lifting du visage"}]},{"@type":"WebSite","@id":"https:\/\/hospitalcmq.com\/fr\/#website","url":"https:\/\/hospitalcmq.com\/fr\/","name":"Hospital CMQ","description":"Best Hospitals in Puerto Vallarta &amp; Riviera Nayarit","publisher":{"@id":"https:\/\/hospitalcmq.com\/fr\/#organization"},"potentialAction":[{"@type":"SearchAction","target":{"@type":"EntryPoint","urlTemplate":"https:\/\/hospitalcmq.com\/fr\/?s={search_term_string}"},"query-input":{"@type":"PropertyValueSpecification","valueRequired":true,"valueName":"search_term_string"}}],"inLanguage":"fr-FR"},{"@type":"Organization","@id":"https:\/\/hospitalcmq.com\/fr\/#organization","name":"Hospital CMQ","url":"https:\/\/hospitalcmq.com\/fr\/","logo":{"@type":"ImageObject","inLanguage":"fr-FR","@id":"https:\/\/hospitalcmq.com\/fr\/#\/schema\/logo\/image\/","url":"https:\/\/hospitalcmq.com\/wp-content\/uploads\/2018\/06\/cmq-hospital-logo.png","contentUrl":"https:\/\/hospitalcmq.com\/wp-content\/uploads\/2018\/06\/cmq-hospital-logo.png","width":214,"height":189,"caption":"Hospital CMQ"},"image":{"@id":"https:\/\/hospitalcmq.com\/fr\/#\/schema\/logo\/image\/"},"sameAs":["https:\/\/www.facebook.com\/HospitalCMQ"]}]}},"_links":{"self":[{"href":"https:\/\/hospitalcmq.com\/fr\/wp-json\/wp\/v2\/pages\/14418","targetHints":{"allow":["GET"]}}],"collection":[{"href":"https:\/\/hospitalcmq.com\/fr\/wp-json\/wp\/v2\/pages"}],"about":[{"href":"https:\/\/hospitalcmq.com\/fr\/wp-json\/wp\/v2\/types\/page"}],"author":[{"embeddable":true,"href":"https:\/\/hospitalcmq.com\/fr\/wp-json\/wp\/v2\/users\/2"}],"replies":[{"embeddable":true,"href":"https:\/\/hospitalcmq.com\/fr\/wp-json\/wp\/v2\/comments?post=14418"}],"version-history":[{"count":0,"href":"https:\/\/hospitalcmq.com\/fr\/wp-json\/wp\/v2\/pages\/14418\/revisions"}],"up":[{"embeddable":true,"href":"https:\/\/hospitalcmq.com\/fr\/wp-json\/wp\/v2\/pages\/14417"}],"wp:attachment":[{"href":"https:\/\/hospitalcmq.com\/fr\/wp-json\/wp\/v2\/media?parent=14418"}],"curies":[{"name":"wp","href":"https:\/\/api.w.org\/{rel}","templated":true}]}}