{"id":14417,"date":"2024-10-07T08:41:06","date_gmt":"2024-10-07T14:41:06","guid":{"rendered":"https:\/\/hospitalcmq.com\/?page_id=14417"},"modified":"2024-10-07T08:41:27","modified_gmt":"2024-10-07T14:41:27","slug":"chirurgie-esthetique","status":"publish","type":"page","link":"https:\/\/hospitalcmq.com\/fr\/chirurgie-esthetique\/","title":{"rendered":"Chirurgie Esth\u00e9tique \u00e0 Puerto Vallarta, votre Intervention confi\u00e9e \u00e0 des experts"},"content":{"rendered":"<div class=\"wpb-content-wrapper\"><p>[vc_row][vc_column][vc_column_text css=\u00a0\u00bb\u00a0\u00bb]<span style=\"font-weight: 400;\">La popularit\u00e9 de la chirurgie esth\u00e9tique est en hausse. En 2017, 15,1 millions d&rsquo;interventions esth\u00e9tiques ont \u00e9t\u00e9 pratiqu\u00e9es aux \u00c9tats-Unis, soit une augmentation de 3 % par rapport \u00e0 l&rsquo;ann\u00e9e pr\u00e9c\u00e9dente.<\/span><\/p>\n<p><span style=\"font-weight: 400;\">La chirurgie esth\u00e9tique se concentre sur l&rsquo;am\u00e9lioration de l&rsquo;apparence physique du patient en utilisant des m\u00e9thodes et des techniques con\u00e7ues pour renouveler l&rsquo;attrait esth\u00e9tique, la sym\u00e9trie et les proportions de la zone \u00e0 traiter. Ce type de chirurgie peut \u00eatre pratiqu\u00e9 presque partout o\u00f9 le patient le souhaite. Les zones les plus courantes sont le visage, le cou et le contour du corps.<\/span>[\/vc_column_text][vc_empty_space][vc_column_text css=\u00a0\u00bb\u00a0\u00bb]<\/p>\n<h2><img loading=\"lazy\" decoding=\"async\" class=\"alignright wp-image-11076 size-full\" src=\"https:\/\/hospitalcmq.com\/wp-content\/uploads\/2021\/06\/aumento_de_senos.jpg\" alt=\"Cirug\u00eda pl\u00e1stica en Puerto Vallarta\" width=\"470\" height=\"260\" srcset=\"https:\/\/hospitalcmq.com\/wp-content\/uploads\/2021\/06\/aumento_de_senos.jpg 470w, https:\/\/hospitalcmq.com\/wp-content\/uploads\/2021\/06\/aumento_de_senos-400x221.jpg 400w, https:\/\/hospitalcmq.com\/wp-content\/uploads\/2021\/06\/aumento_de_senos-200x111.jpg 200w\" sizes=\"auto, (max-width: 470px) 100vw, 470px\" \/>Chirurgie esth\u00e9tique et chirurgie plastique<\/h2>\n<p><span style=\"font-weight: 400;\">Les chirurgies plastique et esth\u00e9tique visent toutes deux \u00e0 am\u00e9liorer l&rsquo;apparence physique du patient. Toutefois, les philosophies, les objectifs, les recherches et les r\u00e9sultats de ces chirurgies sont diff\u00e9rents.<\/span><\/p>\n<p><span style=\"font-weight: 400;\">La chirurgie plastique est d\u00e9finie comme un type particulier de chirurgie qui vise \u00e0 reconstruire les d\u00e9fauts du visage et du corps caus\u00e9s par des troubles \u00e0 la naissance, des traumatismes, des br\u00fblures et des maladies. Cette branche de la m\u00e9decine est reconstructive par nature, car elle est con\u00e7ue pour corriger les zones dysfonctionnelles du corps.<\/span><\/p>\n<p><span style=\"font-weight: 400;\">D&rsquo;autre part, la chirurgie esth\u00e9tique est une branche de la m\u00e9decine qui se concentre sur l&rsquo;am\u00e9lioration de l&rsquo;apparence d&rsquo;une personne gr\u00e2ce \u00e0 des techniques chirurgicales et esth\u00e9tiques. En \u00e9tant donn\u00e9 que les zones \u00e0 traiter (g\u00e9n\u00e9ralement le visage, le cou et le corps) ne pr\u00e9sentent aucun probl\u00e8me et remplissent correctement leurs fonctions, ces interventions chirurgicales sont facultatives.<\/span>[\/vc_column_text][vc_empty_space][vc_column_text css=\u00a0\u00bb\u00a0\u00bb]<\/p>\n<h2>Pratiques les plus courantes en mati\u00e8re de chirurgie esth\u00e9tique :<\/h2>\n<ul>\n<li style=\"font-weight: 400;\" aria-level=\"1\"><span style=\"font-weight: 400;\">Augmentation, lifting et r\u00e9duction des seins.<\/span><\/li>\n<li style=\"font-weight: 400;\" aria-level=\"1\"><span style=\"font-weight: 400;\">Rhinoplastie, contour du menton et des joues.<\/span><\/li>\n<li style=\"font-weight: 400;\" aria-level=\"1\"><span style=\"font-weight: 400;\">Rajeunissement du visage, lifting, bl\u00e9pharoplastie, lifting du cou, lifting des sourcils.<\/span><\/li>\n<li style=\"font-weight: 400;\" aria-level=\"1\"><span style=\"font-weight: 400;\">Abdominoplastie, liposuccion, lipo laser.<\/span><\/li>\n<li style=\"font-weight: 400;\" aria-level=\"1\"><span style=\"font-weight: 400;\">Botox.<\/span><\/li>\n<li style=\"font-weight: 400;\" aria-level=\"1\"><span style=\"font-weight: 400;\">Traitements de comblement.<\/span><\/li>\n<\/ul>\n<h2><\/h2>\n<h2>La chirurgie esth\u00e9tique pr\u00e9sente-t-elle des risques ?<\/h2>\n<p><span style=\"font-weight: 400;\">Comme toutes les interventions chirurgicales, ces m\u00e9thodes et techniques esth\u00e9tiques peuvent pr\u00e9senter des risques et des complications. L&rsquo;American Society of Plastic Surgeons insiste pour que les patients consultent imm\u00e9diatement un m\u00e9decin s&rsquo;ils remarquent l&rsquo;un des sympt\u00f4mes suivants pendant leur convalescence ou peu apr\u00e8s l&rsquo;op\u00e9ration :<\/span><\/p>\n<ul>\n<li style=\"font-weight: 400;\" aria-level=\"1\"><span style=\"font-weight: 400;\">Douleur inhabituelle et intense.<\/span><\/li>\n<li style=\"font-weight: 400;\" aria-level=\"1\"><span style=\"font-weight: 400;\">Alt\u00e9rations visuelles.<\/span><\/li>\n<li style=\"font-weight: 400;\" aria-level=\"1\"><span style=\"font-weight: 400;\">Peau blanch\u00e2tre pr\u00e8s d&rsquo;une zone o\u00f9 une injection a \u00e9t\u00e9 faite.<\/span><\/li>\n<li style=\"font-weight: 400;\" aria-level=\"1\"><span style=\"font-weight: 400;\">Signes d&rsquo;accident vasculaire c\u00e9r\u00e9bral.<\/span><\/li>\n<\/ul>\n<p>[\/vc_column_text][vc_empty_space][vc_row_inner el_class=\u00a0\u00bbblock&#8211;padding&#8211;gray\u00a0\u00bb][vc_column_inner][vc_single_image image=\u00a0\u00bb12849&Prime; img_size=\u00a0\u00bbfull\u00a0\u00bb alignment=\u00a0\u00bbcenter\u00a0\u00bb][vc_empty_space][vc_column_text css=\u00a0\u00bb\u00a0\u00bb]<\/p>\n<h3>Aspects \u00e0 prendre en compte avant de recourir \u00e0 la chirurgie esth\u00e9tique<\/h3>\n<p><span style=\"font-weight: 400;\">Comme nous l&rsquo;avons vu plus haut, il existe des interventions pour presque toutes les parties du corps. Toutefois, la chirurgie esth\u00e9tique ne doit pas \u00eatre prise \u00e0 la l\u00e9g\u00e8re. Les r\u00e9sultats sont souvent permanents, il est important que vous soyez totalement s\u00fbr de votre d\u00e9cision. Adressez-vous \u00e0 un professionnel hautement qualifi\u00e9, ayez les bonnes motivations et fixez-vous des objectifs r\u00e9alistes.<\/span><\/p>\n<p><span style=\"font-weight: 400;\">Si vous envisagez de recourir prochainement une intervention esth\u00e9tique, vous devriez peser soigneusement les options suivantes avant de vous lancer :<\/span><\/p>\n<ul>\n<li style=\"font-weight: 400;\" aria-level=\"1\"><span style=\"font-weight: 400;\">Choisissez un chirurgien r\u00e9put\u00e9 et v\u00e9rifiez ses certifications et ses r\u00e9f\u00e9rences.<\/span><\/li>\n<li style=\"font-weight: 400;\" aria-level=\"1\"><span style=\"font-weight: 400;\">Soyez parfaitement inform\u00e9 sur l&rsquo;intervention chirurgicale.<\/span><\/li>\n<li style=\"font-weight: 400;\" aria-level=\"1\"><span style=\"font-weight: 400;\">Tenez compte des risques et des limites.<\/span><\/li>\n<li style=\"font-weight: 400;\" aria-level=\"1\"><span style=\"font-weight: 400;\">Choisissez une date qui n&rsquo;interf\u00e8re pas avec un \u00e9v\u00e9nement ou une date importante, afin de pouvoir vous r\u00e9tablir rapidement et efficacement.<\/span><\/li>\n<li style=\"font-weight: 400;\" aria-level=\"1\"><span style=\"font-weight: 400;\">Ne vous soumettez pas \u00e0 une telle proc\u00e9dure pour plaire ou impressionner quelqu&rsquo;un. C&rsquo;est une d\u00e9cision que vous devez prendre pour vous-m\u00eame.<\/span><\/li>\n<\/ul>\n<p><span style=\"font-weight: 400;\">Le plus important est d&rsquo;avoir une id\u00e9e claire et r\u00e9aliste de ce qui se passera avant, pendant et apr\u00e8s l&rsquo;op\u00e9ration, ainsi que des r\u00e9sultats que vous pouvez en attendre. De nombreuses caract\u00e9ristiques anti-esth\u00e9tiques peuvent \u00eatre corrig\u00e9es de mani\u00e8re satisfaisante, tandis que d&rsquo;autres ne le sont pas. Plus vos attentes seront r\u00e9alistes, plus vous aurez de chances d&rsquo;\u00eatre satisfait des r\u00e9sultats.<\/span>[\/vc_column_text][\/vc_column_inner][\/vc_row_inner][vc_empty_space][\/vc_column][\/vc_row]<\/p>\n<\/div>","protected":false},"excerpt":{"rendered":"<p>La chirurgie esth\u00e9tique est une branche de la chirurgie plastique qui vise \u00e0 am\u00e9liorer l&rsquo;apparence physique du corps. D\u00e9couvrez les proc\u00e9dures disponibles et les \u00e9l\u00e9ments \u00e0 prendre en compte avant de recourir \u00e0 la chirurgie esth\u00e9tique.<\/p>\n","protected":false},"author":2,"featured_media":0,"parent":0,"menu_order":0,"comment_status":"closed","ping_status":"closed","template":"","meta":{"footnotes":""},"class_list":["post-14417","page","type-page","status-publish","hentry"],"acf":[],"yoast_head":"<!-- This site is optimized with the Yoast SEO plugin v27.3 - https:\/\/yoast.com\/product\/yoast-seo-wordpress\/ -->\n<title>Chirurgie esth\u00e9tique et cosm\u00e9tique aux h\u00f4pitaux CMQ<\/title>\n<meta name=\"description\" content=\"Qu&#039;est-ce que la chirurgie esth\u00e9tique et quelles sont les interventions les plus courantes ? Nos chirurgiens vous expliquent tout sur la chirurgie esth\u00e9tique.\" \/>\n<meta name=\"robots\" content=\"index, follow, max-snippet:-1, max-image-preview:large, max-video-preview:-1\" \/>\n<link rel=\"canonical\" href=\"https:\/\/hospitalcmq.com\/fr\/chirurgie-esthetique\/\" \/>\n<meta property=\"og:locale\" content=\"fr_FR\" \/>\n<meta property=\"og:type\" content=\"article\" \/>\n<meta property=\"og:title\" content=\"Chirurgie esth\u00e9tique et cosm\u00e9tique aux h\u00f4pitaux CMQ\" \/>\n<meta property=\"og:description\" content=\"Qu&#039;est-ce que la chirurgie esth\u00e9tique et quelles sont les interventions les plus courantes ? Nos chirurgiens vous expliquent tout sur la chirurgie esth\u00e9tique.\" \/>\n<meta property=\"og:url\" content=\"https:\/\/hospitalcmq.com\/fr\/chirurgie-esthetique\/\" \/>\n<meta property=\"og:site_name\" content=\"Hospital CMQ\" \/>\n<meta property=\"article:publisher\" content=\"https:\/\/www.facebook.com\/HospitalCMQ\" \/>\n<meta property=\"article:modified_time\" content=\"2024-10-07T14:41:27+00:00\" \/>\n<meta property=\"og:image\" content=\"https:\/\/hospitalcmq.com\/wp-content\/uploads\/2021\/06\/aumento_de_senos.jpg\" \/>\n<meta name=\"twitter:card\" content=\"summary_large_image\" \/>\n<meta name=\"twitter:label1\" content=\"Dur\u00e9e de lecture estim\u00e9e\" \/>\n\t<meta name=\"twitter:data1\" content=\"3 minutes\" \/>\n<script type=\"application\/ld+json\" class=\"yoast-schema-graph\">{\"@context\":\"https:\\\/\\\/schema.org\",\"@graph\":[{\"@type\":\"WebPage\",\"@id\":\"https:\\\/\\\/hospitalcmq.com\\\/fr\\\/chirurgie-esthetique\\\/\",\"url\":\"https:\\\/\\\/hospitalcmq.com\\\/fr\\\/chirurgie-esthetique\\\/\",\"name\":\"Chirurgie esth\u00e9tique et cosm\u00e9tique aux h\u00f4pitaux CMQ\",\"isPartOf\":{\"@id\":\"https:\\\/\\\/hospitalcmq.com\\\/fr\\\/#website\"},\"primaryImageOfPage\":{\"@id\":\"https:\\\/\\\/hospitalcmq.com\\\/fr\\\/chirurgie-esthetique\\\/#primaryimage\"},\"image\":{\"@id\":\"https:\\\/\\\/hospitalcmq.com\\\/fr\\\/chirurgie-esthetique\\\/#primaryimage\"},\"thumbnailUrl\":\"https:\\\/\\\/hospitalcmq.com\\\/wp-content\\\/uploads\\\/2021\\\/06\\\/aumento_de_senos.jpg\",\"datePublished\":\"2024-10-07T14:41:06+00:00\",\"dateModified\":\"2024-10-07T14:41:27+00:00\",\"description\":\"Qu'est-ce que la chirurgie esth\u00e9tique et quelles sont les interventions les plus courantes ? Nos chirurgiens vous expliquent tout sur la chirurgie esth\u00e9tique.\",\"breadcrumb\":{\"@id\":\"https:\\\/\\\/hospitalcmq.com\\\/fr\\\/chirurgie-esthetique\\\/#breadcrumb\"},\"inLanguage\":\"fr-FR\",\"potentialAction\":[{\"@type\":\"ReadAction\",\"target\":[\"https:\\\/\\\/hospitalcmq.com\\\/fr\\\/chirurgie-esthetique\\\/\"]}]},{\"@type\":\"ImageObject\",\"inLanguage\":\"fr-FR\",\"@id\":\"https:\\\/\\\/hospitalcmq.com\\\/fr\\\/chirurgie-esthetique\\\/#primaryimage\",\"url\":\"https:\\\/\\\/hospitalcmq.com\\\/wp-content\\\/uploads\\\/2021\\\/06\\\/aumento_de_senos.jpg\",\"contentUrl\":\"https:\\\/\\\/hospitalcmq.com\\\/wp-content\\\/uploads\\\/2021\\\/06\\\/aumento_de_senos.jpg\"},{\"@type\":\"BreadcrumbList\",\"@id\":\"https:\\\/\\\/hospitalcmq.com\\\/fr\\\/chirurgie-esthetique\\\/#breadcrumb\",\"itemListElement\":[{\"@type\":\"ListItem\",\"position\":1,\"name\":\"Home\",\"item\":\"https:\\\/\\\/hospitalcmq.com\\\/fr\\\/\"},{\"@type\":\"ListItem\",\"position\":2,\"name\":\"Chirurgie Esth\u00e9tique \u00e0 Puerto Vallarta, votre Intervention confi\u00e9e \u00e0 des experts\"}]},{\"@type\":\"WebSite\",\"@id\":\"https:\\\/\\\/hospitalcmq.com\\\/fr\\\/#website\",\"url\":\"https:\\\/\\\/hospitalcmq.com\\\/fr\\\/\",\"name\":\"Hospital CMQ\",\"description\":\"Best Hospitals in Puerto Vallarta &amp; Riviera Nayarit\",\"publisher\":{\"@id\":\"https:\\\/\\\/hospitalcmq.com\\\/fr\\\/#organization\"},\"potentialAction\":[{\"@type\":\"SearchAction\",\"target\":{\"@type\":\"EntryPoint\",\"urlTemplate\":\"https:\\\/\\\/hospitalcmq.com\\\/fr\\\/?s={search_term_string}\"},\"query-input\":{\"@type\":\"PropertyValueSpecification\",\"valueRequired\":true,\"valueName\":\"search_term_string\"}}],\"inLanguage\":\"fr-FR\"},{\"@type\":\"Organization\",\"@id\":\"https:\\\/\\\/hospitalcmq.com\\\/fr\\\/#organization\",\"name\":\"Hospital CMQ\",\"url\":\"https:\\\/\\\/hospitalcmq.com\\\/fr\\\/\",\"logo\":{\"@type\":\"ImageObject\",\"inLanguage\":\"fr-FR\",\"@id\":\"https:\\\/\\\/hospitalcmq.com\\\/fr\\\/#\\\/schema\\\/logo\\\/image\\\/\",\"url\":\"https:\\\/\\\/hospitalcmq.com\\\/wp-content\\\/uploads\\\/2018\\\/06\\\/cmq-hospital-logo.png\",\"contentUrl\":\"https:\\\/\\\/hospitalcmq.com\\\/wp-content\\\/uploads\\\/2018\\\/06\\\/cmq-hospital-logo.png\",\"width\":214,\"height\":189,\"caption\":\"Hospital CMQ\"},\"image\":{\"@id\":\"https:\\\/\\\/hospitalcmq.com\\\/fr\\\/#\\\/schema\\\/logo\\\/image\\\/\"},\"sameAs\":[\"https:\\\/\\\/www.facebook.com\\\/HospitalCMQ\"]}]}<\/script>\n<!-- \/ Yoast SEO plugin. -->","yoast_head_json":{"title":"Chirurgie esth\u00e9tique et cosm\u00e9tique aux h\u00f4pitaux CMQ","description":"Qu'est-ce que la chirurgie esth\u00e9tique et quelles sont les interventions les plus courantes ? Nos chirurgiens vous expliquent tout sur la chirurgie esth\u00e9tique.","robots":{"index":"index","follow":"follow","max-snippet":"max-snippet:-1","max-image-preview":"max-image-preview:large","max-video-preview":"max-video-preview:-1"},"canonical":"https:\/\/hospitalcmq.com\/fr\/chirurgie-esthetique\/","og_locale":"fr_FR","og_type":"article","og_title":"Chirurgie esth\u00e9tique et cosm\u00e9tique aux h\u00f4pitaux CMQ","og_description":"Qu'est-ce que la chirurgie esth\u00e9tique et quelles sont les interventions les plus courantes ? Nos chirurgiens vous expliquent tout sur la chirurgie esth\u00e9tique.","og_url":"https:\/\/hospitalcmq.com\/fr\/chirurgie-esthetique\/","og_site_name":"Hospital CMQ","article_publisher":"https:\/\/www.facebook.com\/HospitalCMQ","article_modified_time":"2024-10-07T14:41:27+00:00","og_image":[{"url":"https:\/\/hospitalcmq.com\/wp-content\/uploads\/2021\/06\/aumento_de_senos.jpg","type":"","width":"","height":""}],"twitter_card":"summary_large_image","twitter_misc":{"Dur\u00e9e de lecture estim\u00e9e":"3 minutes"},"schema":{"@context":"https:\/\/schema.org","@graph":[{"@type":"WebPage","@id":"https:\/\/hospitalcmq.com\/fr\/chirurgie-esthetique\/","url":"https:\/\/hospitalcmq.com\/fr\/chirurgie-esthetique\/","name":"Chirurgie esth\u00e9tique et cosm\u00e9tique aux h\u00f4pitaux CMQ","isPartOf":{"@id":"https:\/\/hospitalcmq.com\/fr\/#website"},"primaryImageOfPage":{"@id":"https:\/\/hospitalcmq.com\/fr\/chirurgie-esthetique\/#primaryimage"},"image":{"@id":"https:\/\/hospitalcmq.com\/fr\/chirurgie-esthetique\/#primaryimage"},"thumbnailUrl":"https:\/\/hospitalcmq.com\/wp-content\/uploads\/2021\/06\/aumento_de_senos.jpg","datePublished":"2024-10-07T14:41:06+00:00","dateModified":"2024-10-07T14:41:27+00:00","description":"Qu'est-ce que la chirurgie esth\u00e9tique et quelles sont les interventions les plus courantes ? Nos chirurgiens vous expliquent tout sur la chirurgie esth\u00e9tique.","breadcrumb":{"@id":"https:\/\/hospitalcmq.com\/fr\/chirurgie-esthetique\/#breadcrumb"},"inLanguage":"fr-FR","potentialAction":[{"@type":"ReadAction","target":["https:\/\/hospitalcmq.com\/fr\/chirurgie-esthetique\/"]}]},{"@type":"ImageObject","inLanguage":"fr-FR","@id":"https:\/\/hospitalcmq.com\/fr\/chirurgie-esthetique\/#primaryimage","url":"https:\/\/hospitalcmq.com\/wp-content\/uploads\/2021\/06\/aumento_de_senos.jpg","contentUrl":"https:\/\/hospitalcmq.com\/wp-content\/uploads\/2021\/06\/aumento_de_senos.jpg"},{"@type":"BreadcrumbList","@id":"https:\/\/hospitalcmq.com\/fr\/chirurgie-esthetique\/#breadcrumb","itemListElement":[{"@type":"ListItem","position":1,"name":"Home","item":"https:\/\/hospitalcmq.com\/fr\/"},{"@type":"ListItem","position":2,"name":"Chirurgie Esth\u00e9tique \u00e0 Puerto Vallarta, votre Intervention confi\u00e9e \u00e0 des experts"}]},{"@type":"WebSite","@id":"https:\/\/hospitalcmq.com\/fr\/#website","url":"https:\/\/hospitalcmq.com\/fr\/","name":"Hospital CMQ","description":"Best Hospitals in Puerto Vallarta &amp; Riviera Nayarit","publisher":{"@id":"https:\/\/hospitalcmq.com\/fr\/#organization"},"potentialAction":[{"@type":"SearchAction","target":{"@type":"EntryPoint","urlTemplate":"https:\/\/hospitalcmq.com\/fr\/?s={search_term_string}"},"query-input":{"@type":"PropertyValueSpecification","valueRequired":true,"valueName":"search_term_string"}}],"inLanguage":"fr-FR"},{"@type":"Organization","@id":"https:\/\/hospitalcmq.com\/fr\/#organization","name":"Hospital CMQ","url":"https:\/\/hospitalcmq.com\/fr\/","logo":{"@type":"ImageObject","inLanguage":"fr-FR","@id":"https:\/\/hospitalcmq.com\/fr\/#\/schema\/logo\/image\/","url":"https:\/\/hospitalcmq.com\/wp-content\/uploads\/2018\/06\/cmq-hospital-logo.png","contentUrl":"https:\/\/hospitalcmq.com\/wp-content\/uploads\/2018\/06\/cmq-hospital-logo.png","width":214,"height":189,"caption":"Hospital CMQ"},"image":{"@id":"https:\/\/hospitalcmq.com\/fr\/#\/schema\/logo\/image\/"},"sameAs":["https:\/\/www.facebook.com\/HospitalCMQ"]}]}},"_links":{"self":[{"href":"https:\/\/hospitalcmq.com\/fr\/wp-json\/wp\/v2\/pages\/14417","targetHints":{"allow":["GET"]}}],"collection":[{"href":"https:\/\/hospitalcmq.com\/fr\/wp-json\/wp\/v2\/pages"}],"about":[{"href":"https:\/\/hospitalcmq.com\/fr\/wp-json\/wp\/v2\/types\/page"}],"author":[{"embeddable":true,"href":"https:\/\/hospitalcmq.com\/fr\/wp-json\/wp\/v2\/users\/2"}],"replies":[{"embeddable":true,"href":"https:\/\/hospitalcmq.com\/fr\/wp-json\/wp\/v2\/comments?post=14417"}],"version-history":[{"count":0,"href":"https:\/\/hospitalcmq.com\/fr\/wp-json\/wp\/v2\/pages\/14417\/revisions"}],"wp:attachment":[{"href":"https:\/\/hospitalcmq.com\/fr\/wp-json\/wp\/v2\/media?parent=14417"}],"curies":[{"name":"wp","href":"https:\/\/api.w.org\/{rel}","templated":true}]}}