{"id":14355,"date":"2024-08-23T10:16:02","date_gmt":"2024-08-23T16:16:02","guid":{"rendered":"https:\/\/hospitalcmq.com\/?page_id=14355"},"modified":"2024-08-26T11:38:21","modified_gmt":"2024-08-26T17:38:21","slug":"accident-vasculaire-cerebral","status":"publish","type":"page","link":"https:\/\/hospitalcmq.com\/fr\/maladies-et-conditions\/accident-vasculaire-cerebral\/","title":{"rendered":"Accident vasculaire c\u00e9r\u00e9bral"},"content":{"rendered":"<div class=\"wpb-content-wrapper\"><p>[vc_row][vc_column][vc_column_text css=\u00a0\u00bb\u00a0\u00bb el_id=\u00a0\u00bbdefinition\u00a0\u00bb]<\/p>\n<h2>D\u00e9finition de l&rsquo;AVC<\/h2>\n<p><span style=\"font-weight: 400;\">Un accident vasculaire c\u00e9r\u00e9bral (AVC) survient lorsque la circulation sanguine dans les art\u00e8res qui irriguent le cerveau est bloqu\u00e9e. On parle \u00e9galement d&rsquo;h\u00e9morragie dans le cerveau lui-m\u00eame ou dans les membranes qui l&rsquo;entourent.\u00a0<\/span><\/p>\n<p><span style=\"font-weight: 400;\">Il existe deux types d&rsquo;AVC : <\/span><b>isch\u00e9mique<\/b><span style=\"font-weight: 400;\"> et <\/span><b>h\u00e9morragique<\/b><span style=\"font-weight: 400;\">. La plupart des accidents vasculaires c\u00e9r\u00e9braux sont isch\u00e9miques.<\/span>[\/vc_column_text][vc_empty_space height=\u00a0\u00bb28px\u00a0\u00bb][vc_row_inner el_id=\u00a0\u00bbprevention\u00a0\u00bb][vc_column_inner][vc_column_text css=\u00a0\u00bb\u00a0\u00bb]<\/p>\n<h2>Pr\u00e9vention<\/h2>\n<p><span style=\"font-weight: 400;\">Saviez-vous que 80 % des accidents vasculaires c\u00e9r\u00e9braux peuvent \u00eatre \u00e9vit\u00e9s en contr\u00f4lant les facteurs de risque ? Les meilleures mesures de pr\u00e9vention sont les suivantes<\/span><\/p>\n<ul>\n<li style=\"font-weight: 400;\" aria-level=\"1\"><b>Contr\u00f4ler la tension art\u00e9rielle.<\/b><span style=\"font-weight: 400;\"> Elle doit \u00eatre inf\u00e9rieure \u00e0 135 au maximum et \u00e0 85 au minimum.<\/span><\/li>\n<li style=\"font-weight: 400;\" aria-level=\"1\"><b>Adopter un mode de vie sain.<\/b><span style=\"font-weight: 400;\"> Faites r\u00e9guli\u00e8rement de l&rsquo;exercice et adoptez un r\u00e9gime alimentaire pauvre en sel, en sucres et en graisses.\u00a0<\/span><\/li>\n<li style=\"font-weight: 400;\" aria-level=\"1\"><span style=\"font-weight: 400;\">\u00c9vitez de fumer et r\u00e9duisez le stress autant que possible.<\/span><\/li>\n<li style=\"font-weight: 400;\" aria-level=\"1\"><span style=\"font-weight: 400;\">R\u00e9duisez votre consommation d&rsquo;alcool.\u00a0<\/span><\/li>\n<li style=\"font-weight: 400;\" aria-level=\"1\"><span style=\"font-weight: 400;\">Surveillez les irr\u00e9gularit\u00e9s du pouls.<\/span><\/li>\n<\/ul>\n<p>[\/vc_column_text][\/vc_column_inner][\/vc_row_inner][vc_empty_space height=\u00a0\u00bb28px\u00a0\u00bb][vc_row_inner el_id=\u00a0\u00bbsymptoms\u00a0\u00bb][vc_column_inner][vc_column_text css=\u00a0\u00bb\u00a0\u00bb]<\/p>\n<h2>Sympt\u00f4mes d&rsquo;un accident vasculaire c\u00e9r\u00e9bral<\/h2>\n<ul>\n<li style=\"font-weight: 400;\" aria-level=\"1\"><span style=\"font-weight: 400;\">Engourdissement, picotement ou faiblesse dans une moiti\u00e9 du visage.<\/span><\/li>\n<li style=\"font-weight: 400;\" aria-level=\"1\"><span style=\"font-weight: 400;\">Confusion, difficult\u00e9 \u00e0 parler ou \u00e0 comprendre le discours des autres.<\/span><\/li>\n<li style=\"font-weight: 400;\" aria-level=\"1\"><span style=\"font-weight: 400;\">Difficult\u00e9 \u00e0 voir d&rsquo;un \u0153il ou des deux yeux.<\/span><\/li>\n<li style=\"font-weight: 400;\" aria-level=\"1\"><span style=\"font-weight: 400;\">Troubles de la marche, vertiges, perte d&rsquo;\u00e9quilibre ou de coordination.<\/span><\/li>\n<li style=\"font-weight: 400;\" aria-level=\"1\"><span style=\"font-weight: 400;\">Maux de t\u00eate s\u00e9v\u00e8res, sans cause connue.\u00a0<\/span><\/li>\n<\/ul>\n<p><span style=\"font-weight: 400;\">Le cerveau contr\u00f4le tout ce que nous faisons : parler, marcher et respirer. Si un accident vasculaire c\u00e9r\u00e9bral prive d&rsquo;oxyg\u00e8ne une zone localis\u00e9e du cerveau, cette partie du corps peut \u00eatre affect\u00e9e. C&rsquo;est pourquoi les AVC peuvent entra\u00eener des probl\u00e8mes de mouvement, de vision, d&rsquo;\u00e9locution, etc.<\/span><\/p>\n<p><span style=\"font-weight: 400;\">Si vous pr\u00e9sentez l&rsquo;un des sympt\u00f4mes mentionn\u00e9s ci-dessus, appelez imm\u00e9diatement nos h\u00f4pitaux CMQ : CMQ Centro, CMQ Premiere et CMQ Riviera Nayarit.<\/span>[\/vc_column_text][\/vc_column_inner][\/vc_row_inner][vc_empty_space][vc_row_inner el_id=\u00a0\u00bbrisk-factors\u00a0\u00bb][vc_column_inner][vc_column_text css=\u00a0\u00bb\u00a0\u00bb]<\/p>\n<h2>Facteurs de risque<\/h2>\n<p><span style=\"font-weight: 400;\">Certains facteurs de risque d&rsquo;accident vasculaire c\u00e9r\u00e9bral ne peuvent pas \u00eatre modifi\u00e9s par un traitement m\u00e9dical ou un changement de mode de vie :\u00a0<\/span><\/p>\n<ul>\n<li style=\"font-weight: 400;\" aria-level=\"1\"><b>L&rsquo;\u00e2ge :<\/b><span style=\"font-weight: 400;\"> des \u00e9tudes montrent que le risque d&rsquo;accident vasculaire c\u00e9r\u00e9bral double pour chaque d\u00e9cennie entre 55 et 85 ans.<\/span><\/li>\n<li style=\"font-weight: 400;\" aria-level=\"1\"><b>Le sexe :<\/b><span style=\"font-weight: 400;\"> les hommes sont plus expos\u00e9s aux accidents vasculaires c\u00e9r\u00e9braux, mais les femmes sont plus nombreuses \u00e0 en mourir.\u00a0<\/span><\/li>\n<li style=\"font-weight: 400;\" aria-level=\"1\"><b>La race :<\/b><span style=\"font-weight: 400;\"> certains groupes ethniques pr\u00e9sentent un risque plus \u00e9lev\u00e9. L&rsquo;incidence est plus \u00e9lev\u00e9e chez les Afro-Am\u00e9ricains et les Hispano-Am\u00e9ricains que chez les Caucasiens.<\/span><\/li>\n<li style=\"font-weight: 400;\" aria-level=\"1\"><b>Ant\u00e9c\u00e9dents familiaux :<\/b> les membres de la famille peuvent \u00eatre g\u00e9n\u00e9tiquement pr\u00e9dispos\u00e9s aux facteurs de risque. S&rsquo;il y a des ant\u00e9c\u00e9dents d&rsquo;hypertension art\u00e9rielle ou de diab\u00e8te.<\/li>\n<\/ul>\n<p>[\/vc_column_text][\/vc_column_inner][\/vc_row_inner][vc_empty_space][vc_row_inner el_id=\u00a0\u00bbtreatment\u00a0\u00bb][vc_column_inner][vc_column_text css=\u00a0\u00bb\u00a0\u00bb]<\/p>\n<h2>Le traitement<\/h2>\n<p><span style=\"font-weight: 400;\">Le traitement d&rsquo;un accident vasculaire c\u00e9r\u00e9bral doit \u00eatre entrepris le plus rapidement possible. Dans ce cas, le temps perdu \u00e9quivaut \u00e0 une perte de cerveau. La National Stroke Association estime que chaque heure qui suit un accident vasculaire c\u00e9r\u00e9bral fait r\u00e9gresser le cerveau de quatre ans.\u00a0\u00a0<\/span><\/p>\n<p><span style=\"font-weight: 400;\">Des soins m\u00e9dicaux imm\u00e9diats sont n\u00e9cessaires dans des unit\u00e9s sp\u00e9cialis\u00e9es. Des tests sont effectu\u00e9s pour d\u00e9tecter rapidement la cause exacte de l&rsquo;accident vasculaire c\u00e9r\u00e9bral afin de mettre en place un traitement appropri\u00e9.<\/span>[\/vc_column_text][\/vc_column_inner][\/vc_row_inner][\/vc_column][\/vc_row][vc_row][vc_column][vc_column_text css=\u00a0\u00bb\u00a0\u00bb]<\/p>\n<h2>Rencontrez notre \u00e9quipe<\/h2>\n<p>[\/vc_column_text][vc_empty_space][\/vc_column][\/vc_row][vc_row][vc_column]<div class=\"grid grid-cols-1 w-full my-5 gap-4\" style=\"margin-bottom: 2rem;\">\n                            <div class=\"col-span-1 shadow-xl rounded p-3\" style=\"border:1px solid #ccc;\">\n                    <a target=\"_blank\" href=\"https:\/\/hospitalcmq.com\/fr\/medecins\/neurologues-a-puerto-vallarta\/jorge-yanez\/\">\n                        <div class=\"grid grid-cols-5 w-full items-center\">\n                            <div class=\"col-span- text-center\">\n                                <img decoding=\"async\" style=\"max-width:150px;\" class=\"m-auto\"\n                                     src=\"https:\/\/hospitalcmq.com\/wp-content\/uploads\/2021\/07\/dr_jorge_yanez_castro.png\"\n                                     alt=\"Hosital CMQ - Jorge Y\u00e1\u00f1ez\">\n                                <div class=\"title w-full btn btn-outline-primary flex justify-center items-center mt-3\"\n                                     style=\"padding:.25rem;text-transform: initial\">\n                                    View full profile                                <\/div>\n                            <\/div>\n                            <div class=\"col-span-2 px-2 pl-4\">\n                                <h3 class=\"mb-0\">\n                                    Jorge Y\u00e1\u00f1ez                                <\/h3>\n\n                                <span class=\"text-secondary\">Personnel m\u00e9dical des h\u00f4pitaux CMQ<\/span>\n                                <div style=\"font-size:.85rem;\">\n                                    <div class=\"flex\">\n                                        <span class=\"flex\" style=\"color: black\">\n                                            <svg xmlns=\"http:\/\/www.w3.org\/2000\/svg\" class=\"h-5 w-5 mr-1\" fill=\"none\"\n                                                 viewBox=\"0 0 24 24\" stroke=\"currentColor\" stroke-width=\"2\">\n                                              <path stroke-linecap=\"round\" stroke-linejoin=\"round\"\n                                                    d=\"M3 5h12M9 3v2m1.048 9.5A18.022 18.022 0 016.412 9m6.088 9h7M11 21l5-10 5 10M12.751 5C11.783 10.77 8.07 15.61 3 18.129\"><\/path>\n                                            <\/svg>\n                                            Languages:\n                                        <\/span>\n                                                                                    <div class=\"rounded-md inline-block px-2 ml-2\"\n                                                 style=\"border:1px solid #0C3383;\">\n                                                Ingl\u00e9s                                            <\/div>\n                                                                                    <div class=\"rounded-md inline-block px-2 ml-2\"\n                                                 style=\"border:1px solid #0C3383;\">\n                                                Espa\u00f1ol                                            <\/div>\n                                                                            <\/div>\n\n\n                                                                            <div class=\"flex\" style=\"color:black\">\n                                            <svg xmlns=\"http:\/\/www.w3.org\/2000\/svg\" class=\"h-5 w-5 mr-1\" fill=\"none\"\n                                                 viewBox=\"0 0 24 24\" stroke=\"currentColor\" stroke-width=\"2\">\n                                                <path stroke-linecap=\"round\" stroke-linejoin=\"round\"\n                                                      d=\"M17.657 16.657L13.414 20.9a1.998 1.998 0 01-2.827 0l-4.244-4.243a8 8 0 1111.314 0z\"><\/path>\n                                                <path stroke-linecap=\"round\" stroke-linejoin=\"round\"\n                                                      d=\"M15 11a3 3 0 11-6 0 3 3 0 016 0z\"><\/path>\n                                            <\/svg>\n                                            Doctor's offices:\n                                        <\/div>\n\n                                                                                    <span class=\"text-secondary flex ml-2 mt-1\">\n                                                <svg xmlns=\"http:\/\/www.w3.org\/2000\/svg\" class=\"h-5 w-5 mr-1\" fill=\"none\"\n                                                     viewBox=\"0 0 24 24\" stroke=\"currentColor\" stroke-width=\"2\">\n                                                    <path stroke-linecap=\"round\" stroke-linejoin=\"round\"\n                                                          d=\"M19 21V5a2 2 0 00-2-2H7a2 2 0 00-2 2v16m14 0h2m-2 0h-5m-9 0H3m2 0h5M9 7h1m-1 4h1m4-4h1m-1 4h1m-5 10v-5a1 1 0 011-1h2a1 1 0 011 1v5m-4 0h4\"><\/path>\n                                                <\/svg>\n                                                CMQ Riviera Nayarit                                            <\/span>\n                                                                                                            <\/div>\n                            <\/div>\n                            <div class=\"col-span-2\">\n                                                                    <div class=\"text-primary\">\n                                        <span class=\"block mb-1 font-weight-bold\">Common Procedures:<\/span>\n                                        <div class=\"container_p_without_margin\"><ul>\n<li><span style=\"font-weight: 400;\">Neurochirurgie<\/span><\/li>\n<li><span style=\"font-weight: 400;\">Chirurgie de la colonne vert\u00e9brale<\/span><\/li>\n<li><span style=\"font-weight: 400;\">Th\u00e9rapie endovasculaire neurologique<\/span><\/li>\n<li><span style=\"font-weight: 400;\">Infarctus c\u00e9r\u00e9bral<\/span><b>\u00a0<\/b><\/li>\n<\/ul>\n<\/div>\n                                    <\/div>\n                                                            <\/div>\n                        <\/div>\n                    <\/a>\n                <\/div>\n                    <\/div>\n\n[\/vc_column][\/vc_row]<\/p>\n<\/div>","protected":false},"excerpt":{"rendered":"<p>Les accidents vasculaires c\u00e9r\u00e9braux, comme les AVC, sont l&rsquo;une des principales causes de d\u00e9c\u00e8s et d&rsquo;invalidit\u00e9 dans le monde. Mais saviez-vous que 80 % des accidents vasculaires c\u00e9r\u00e9braux pourraient \u00eatre \u00e9vit\u00e9s en surveillant les facteurs de risque ? D\u00e9couvrez ici les sympt\u00f4mes et les meilleures mesures de pr\u00e9vention. Si vous ou l&rsquo;un de vos proches \u00eates victime d&rsquo;un accident vasculaire c\u00e9r\u00e9bral, veuillez demander une assistance m\u00e9dicale imm\u00e9diate.<\/p>\n","protected":false},"author":2,"featured_media":12984,"parent":13768,"menu_order":0,"comment_status":"closed","ping_status":"closed","template":"","meta":{"footnotes":""},"class_list":["post-14355","page","type-page","status-publish","has-post-thumbnail","hentry"],"acf":[],"yoast_head":"<!-- This site is optimized with the Yoast SEO plugin v27.4 - https:\/\/yoast.com\/product\/yoast-seo-wordpress\/ -->\n<title>L&#039;accident vasculaire c\u00e9r\u00e9bral (AVC), comment l&#039;identifier ?<\/title>\n<meta name=\"description\" content=\"Qu&#039;est-ce qu&#039;un accident vasculaire c\u00e9r\u00e9bral ? D\u00e9couvrez ici les signes annonciateurs et les facteurs de risque.\" \/>\n<meta name=\"robots\" content=\"index, follow, max-snippet:-1, max-image-preview:large, max-video-preview:-1\" \/>\n<link rel=\"canonical\" href=\"https:\/\/hospitalcmq.com\/fr\/maladies-et-conditions\/accident-vasculaire-cerebral\/\" \/>\n<meta property=\"og:locale\" content=\"fr_FR\" \/>\n<meta property=\"og:type\" content=\"article\" \/>\n<meta property=\"og:title\" content=\"L&#039;accident vasculaire c\u00e9r\u00e9bral (AVC), comment l&#039;identifier ?\" \/>\n<meta property=\"og:description\" content=\"Qu&#039;est-ce qu&#039;un accident vasculaire c\u00e9r\u00e9bral ? D\u00e9couvrez ici les signes annonciateurs et les facteurs de risque.\" \/>\n<meta property=\"og:url\" content=\"https:\/\/hospitalcmq.com\/fr\/maladies-et-conditions\/accident-vasculaire-cerebral\/\" \/>\n<meta property=\"og:site_name\" content=\"Hospital CMQ\" \/>\n<meta property=\"article:publisher\" content=\"https:\/\/www.facebook.com\/HospitalCMQ\" \/>\n<meta property=\"article:modified_time\" content=\"2024-08-26T17:38:21+00:00\" \/>\n<meta property=\"og:image\" content=\"https:\/\/hospitalcmq.com\/wp-content\/uploads\/2023\/04\/brain-4490831_1280.webp\" \/>\n\t<meta property=\"og:image:width\" content=\"1280\" \/>\n\t<meta property=\"og:image:height\" content=\"853\" \/>\n\t<meta property=\"og:image:type\" content=\"image\/webp\" \/>\n<meta name=\"twitter:card\" content=\"summary_large_image\" \/>\n<meta name=\"twitter:label1\" content=\"Dur\u00e9e de lecture estim\u00e9e\" \/>\n\t<meta name=\"twitter:data1\" content=\"3 minutes\" \/>\n<script type=\"application\/ld+json\" class=\"yoast-schema-graph\">{\"@context\":\"https:\\\/\\\/schema.org\",\"@graph\":[{\"@type\":\"WebPage\",\"@id\":\"https:\\\/\\\/hospitalcmq.com\\\/fr\\\/maladies-et-conditions\\\/accident-vasculaire-cerebral\\\/\",\"url\":\"https:\\\/\\\/hospitalcmq.com\\\/fr\\\/maladies-et-conditions\\\/accident-vasculaire-cerebral\\\/\",\"name\":\"L'accident vasculaire c\u00e9r\u00e9bral (AVC), comment l'identifier ?\",\"isPartOf\":{\"@id\":\"https:\\\/\\\/hospitalcmq.com\\\/fr\\\/#website\"},\"primaryImageOfPage\":{\"@id\":\"https:\\\/\\\/hospitalcmq.com\\\/fr\\\/maladies-et-conditions\\\/accident-vasculaire-cerebral\\\/#primaryimage\"},\"image\":{\"@id\":\"https:\\\/\\\/hospitalcmq.com\\\/fr\\\/maladies-et-conditions\\\/accident-vasculaire-cerebral\\\/#primaryimage\"},\"thumbnailUrl\":\"https:\\\/\\\/hospitalcmq.com\\\/wp-content\\\/uploads\\\/2023\\\/04\\\/brain-4490831_1280.webp\",\"datePublished\":\"2024-08-23T16:16:02+00:00\",\"dateModified\":\"2024-08-26T17:38:21+00:00\",\"description\":\"Qu'est-ce qu'un accident vasculaire c\u00e9r\u00e9bral ? D\u00e9couvrez ici les signes annonciateurs et les facteurs de risque.\",\"breadcrumb\":{\"@id\":\"https:\\\/\\\/hospitalcmq.com\\\/fr\\\/maladies-et-conditions\\\/accident-vasculaire-cerebral\\\/#breadcrumb\"},\"inLanguage\":\"fr-FR\",\"potentialAction\":[{\"@type\":\"ReadAction\",\"target\":[\"https:\\\/\\\/hospitalcmq.com\\\/fr\\\/maladies-et-conditions\\\/accident-vasculaire-cerebral\\\/\"]}]},{\"@type\":\"ImageObject\",\"inLanguage\":\"fr-FR\",\"@id\":\"https:\\\/\\\/hospitalcmq.com\\\/fr\\\/maladies-et-conditions\\\/accident-vasculaire-cerebral\\\/#primaryimage\",\"url\":\"https:\\\/\\\/hospitalcmq.com\\\/wp-content\\\/uploads\\\/2023\\\/04\\\/brain-4490831_1280.webp\",\"contentUrl\":\"https:\\\/\\\/hospitalcmq.com\\\/wp-content\\\/uploads\\\/2023\\\/04\\\/brain-4490831_1280.webp\",\"width\":1280,\"height\":853,\"caption\":\"Derrame cerebral\"},{\"@type\":\"BreadcrumbList\",\"@id\":\"https:\\\/\\\/hospitalcmq.com\\\/fr\\\/maladies-et-conditions\\\/accident-vasculaire-cerebral\\\/#breadcrumb\",\"itemListElement\":[{\"@type\":\"ListItem\",\"position\":1,\"name\":\"Home\",\"item\":\"https:\\\/\\\/hospitalcmq.com\\\/fr\\\/\"},{\"@type\":\"ListItem\",\"position\":2,\"name\":\"Maladies et conditions\",\"item\":\"https:\\\/\\\/hospitalcmq.com\\\/fr\\\/maladies-et-conditions\\\/\"},{\"@type\":\"ListItem\",\"position\":3,\"name\":\"Accident vasculaire c\u00e9r\u00e9bral\"}]},{\"@type\":\"WebSite\",\"@id\":\"https:\\\/\\\/hospitalcmq.com\\\/fr\\\/#website\",\"url\":\"https:\\\/\\\/hospitalcmq.com\\\/fr\\\/\",\"name\":\"Hospital CMQ\",\"description\":\"Best Hospitals in Puerto Vallarta &amp; Riviera Nayarit\",\"publisher\":{\"@id\":\"https:\\\/\\\/hospitalcmq.com\\\/fr\\\/#organization\"},\"potentialAction\":[{\"@type\":\"SearchAction\",\"target\":{\"@type\":\"EntryPoint\",\"urlTemplate\":\"https:\\\/\\\/hospitalcmq.com\\\/fr\\\/?s={search_term_string}\"},\"query-input\":{\"@type\":\"PropertyValueSpecification\",\"valueRequired\":true,\"valueName\":\"search_term_string\"}}],\"inLanguage\":\"fr-FR\"},{\"@type\":\"Organization\",\"@id\":\"https:\\\/\\\/hospitalcmq.com\\\/fr\\\/#organization\",\"name\":\"Hospital CMQ\",\"url\":\"https:\\\/\\\/hospitalcmq.com\\\/fr\\\/\",\"logo\":{\"@type\":\"ImageObject\",\"inLanguage\":\"fr-FR\",\"@id\":\"https:\\\/\\\/hospitalcmq.com\\\/fr\\\/#\\\/schema\\\/logo\\\/image\\\/\",\"url\":\"https:\\\/\\\/hospitalcmq.com\\\/wp-content\\\/uploads\\\/2018\\\/06\\\/cmq-hospital-logo.png\",\"contentUrl\":\"https:\\\/\\\/hospitalcmq.com\\\/wp-content\\\/uploads\\\/2018\\\/06\\\/cmq-hospital-logo.png\",\"width\":214,\"height\":189,\"caption\":\"Hospital CMQ\"},\"image\":{\"@id\":\"https:\\\/\\\/hospitalcmq.com\\\/fr\\\/#\\\/schema\\\/logo\\\/image\\\/\"},\"sameAs\":[\"https:\\\/\\\/www.facebook.com\\\/HospitalCMQ\"]}]}<\/script>\n<!-- \/ Yoast SEO plugin. -->","yoast_head_json":{"title":"L'accident vasculaire c\u00e9r\u00e9bral (AVC), comment l'identifier ?","description":"Qu'est-ce qu'un accident vasculaire c\u00e9r\u00e9bral ? D\u00e9couvrez ici les signes annonciateurs et les facteurs de risque.","robots":{"index":"index","follow":"follow","max-snippet":"max-snippet:-1","max-image-preview":"max-image-preview:large","max-video-preview":"max-video-preview:-1"},"canonical":"https:\/\/hospitalcmq.com\/fr\/maladies-et-conditions\/accident-vasculaire-cerebral\/","og_locale":"fr_FR","og_type":"article","og_title":"L'accident vasculaire c\u00e9r\u00e9bral (AVC), comment l'identifier ?","og_description":"Qu'est-ce qu'un accident vasculaire c\u00e9r\u00e9bral ? D\u00e9couvrez ici les signes annonciateurs et les facteurs de risque.","og_url":"https:\/\/hospitalcmq.com\/fr\/maladies-et-conditions\/accident-vasculaire-cerebral\/","og_site_name":"Hospital CMQ","article_publisher":"https:\/\/www.facebook.com\/HospitalCMQ","article_modified_time":"2024-08-26T17:38:21+00:00","og_image":[{"width":1280,"height":853,"url":"https:\/\/hospitalcmq.com\/wp-content\/uploads\/2023\/04\/brain-4490831_1280.webp","type":"image\/webp"}],"twitter_card":"summary_large_image","twitter_misc":{"Dur\u00e9e de lecture estim\u00e9e":"3 minutes"},"schema":{"@context":"https:\/\/schema.org","@graph":[{"@type":"WebPage","@id":"https:\/\/hospitalcmq.com\/fr\/maladies-et-conditions\/accident-vasculaire-cerebral\/","url":"https:\/\/hospitalcmq.com\/fr\/maladies-et-conditions\/accident-vasculaire-cerebral\/","name":"L'accident vasculaire c\u00e9r\u00e9bral (AVC), comment l'identifier ?","isPartOf":{"@id":"https:\/\/hospitalcmq.com\/fr\/#website"},"primaryImageOfPage":{"@id":"https:\/\/hospitalcmq.com\/fr\/maladies-et-conditions\/accident-vasculaire-cerebral\/#primaryimage"},"image":{"@id":"https:\/\/hospitalcmq.com\/fr\/maladies-et-conditions\/accident-vasculaire-cerebral\/#primaryimage"},"thumbnailUrl":"https:\/\/hospitalcmq.com\/wp-content\/uploads\/2023\/04\/brain-4490831_1280.webp","datePublished":"2024-08-23T16:16:02+00:00","dateModified":"2024-08-26T17:38:21+00:00","description":"Qu'est-ce qu'un accident vasculaire c\u00e9r\u00e9bral ? D\u00e9couvrez ici les signes annonciateurs et les facteurs de risque.","breadcrumb":{"@id":"https:\/\/hospitalcmq.com\/fr\/maladies-et-conditions\/accident-vasculaire-cerebral\/#breadcrumb"},"inLanguage":"fr-FR","potentialAction":[{"@type":"ReadAction","target":["https:\/\/hospitalcmq.com\/fr\/maladies-et-conditions\/accident-vasculaire-cerebral\/"]}]},{"@type":"ImageObject","inLanguage":"fr-FR","@id":"https:\/\/hospitalcmq.com\/fr\/maladies-et-conditions\/accident-vasculaire-cerebral\/#primaryimage","url":"https:\/\/hospitalcmq.com\/wp-content\/uploads\/2023\/04\/brain-4490831_1280.webp","contentUrl":"https:\/\/hospitalcmq.com\/wp-content\/uploads\/2023\/04\/brain-4490831_1280.webp","width":1280,"height":853,"caption":"Derrame cerebral"},{"@type":"BreadcrumbList","@id":"https:\/\/hospitalcmq.com\/fr\/maladies-et-conditions\/accident-vasculaire-cerebral\/#breadcrumb","itemListElement":[{"@type":"ListItem","position":1,"name":"Home","item":"https:\/\/hospitalcmq.com\/fr\/"},{"@type":"ListItem","position":2,"name":"Maladies et conditions","item":"https:\/\/hospitalcmq.com\/fr\/maladies-et-conditions\/"},{"@type":"ListItem","position":3,"name":"Accident vasculaire c\u00e9r\u00e9bral"}]},{"@type":"WebSite","@id":"https:\/\/hospitalcmq.com\/fr\/#website","url":"https:\/\/hospitalcmq.com\/fr\/","name":"Hospital CMQ","description":"Best Hospitals in Puerto Vallarta &amp; Riviera Nayarit","publisher":{"@id":"https:\/\/hospitalcmq.com\/fr\/#organization"},"potentialAction":[{"@type":"SearchAction","target":{"@type":"EntryPoint","urlTemplate":"https:\/\/hospitalcmq.com\/fr\/?s={search_term_string}"},"query-input":{"@type":"PropertyValueSpecification","valueRequired":true,"valueName":"search_term_string"}}],"inLanguage":"fr-FR"},{"@type":"Organization","@id":"https:\/\/hospitalcmq.com\/fr\/#organization","name":"Hospital CMQ","url":"https:\/\/hospitalcmq.com\/fr\/","logo":{"@type":"ImageObject","inLanguage":"fr-FR","@id":"https:\/\/hospitalcmq.com\/fr\/#\/schema\/logo\/image\/","url":"https:\/\/hospitalcmq.com\/wp-content\/uploads\/2018\/06\/cmq-hospital-logo.png","contentUrl":"https:\/\/hospitalcmq.com\/wp-content\/uploads\/2018\/06\/cmq-hospital-logo.png","width":214,"height":189,"caption":"Hospital CMQ"},"image":{"@id":"https:\/\/hospitalcmq.com\/fr\/#\/schema\/logo\/image\/"},"sameAs":["https:\/\/www.facebook.com\/HospitalCMQ"]}]}},"_links":{"self":[{"href":"https:\/\/hospitalcmq.com\/fr\/wp-json\/wp\/v2\/pages\/14355","targetHints":{"allow":["GET"]}}],"collection":[{"href":"https:\/\/hospitalcmq.com\/fr\/wp-json\/wp\/v2\/pages"}],"about":[{"href":"https:\/\/hospitalcmq.com\/fr\/wp-json\/wp\/v2\/types\/page"}],"author":[{"embeddable":true,"href":"https:\/\/hospitalcmq.com\/fr\/wp-json\/wp\/v2\/users\/2"}],"replies":[{"embeddable":true,"href":"https:\/\/hospitalcmq.com\/fr\/wp-json\/wp\/v2\/comments?post=14355"}],"version-history":[{"count":0,"href":"https:\/\/hospitalcmq.com\/fr\/wp-json\/wp\/v2\/pages\/14355\/revisions"}],"up":[{"embeddable":true,"href":"https:\/\/hospitalcmq.com\/fr\/wp-json\/wp\/v2\/pages\/13768"}],"wp:featuredmedia":[{"embeddable":true,"href":"https:\/\/hospitalcmq.com\/fr\/wp-json\/wp\/v2\/media\/12984"}],"wp:attachment":[{"href":"https:\/\/hospitalcmq.com\/fr\/wp-json\/wp\/v2\/media?parent=14355"}],"curies":[{"name":"wp","href":"https:\/\/api.w.org\/{rel}","templated":true}]}}