{"id":14339,"date":"2024-08-21T11:13:44","date_gmt":"2024-08-21T17:13:44","guid":{"rendered":"https:\/\/hospitalcmq.com\/?page_id=14339"},"modified":"2024-08-26T11:48:41","modified_gmt":"2024-08-26T17:48:41","slug":"virus-zika","status":"publish","type":"page","link":"https:\/\/hospitalcmq.com\/fr\/maladies-et-conditions\/virus-zika\/","title":{"rendered":"Virus Zika"},"content":{"rendered":"<div class=\"wpb-content-wrapper\"><p>[vc_row][vc_column][vc_column_text css=\u00a0\u00bb\u00a0\u00bb el_id=\u00a0\u00bbdefinition\u00a0\u00bb]<\/p>\n<h2>Qu&rsquo;est-ce que le Zika ?<\/h2>\n<p><span style=\"font-weight: 400;\">L&rsquo;infection \u00e0 Zika est une maladie caus\u00e9e par un virus transmis principalement par les moustiques de la famille Aedes aegypti. Ils vivent g\u00e9n\u00e9ralement \u00e0 l&rsquo;int\u00e9rieur et autour des maisons. Ils piquent g\u00e9n\u00e9ralement pendant la journ\u00e9e et se reproduisent dans les eaux stagnantes.<\/span>[\/vc_column_text][vc_row_inner el_id=\u00a0\u00bbsymptoms\u00a0\u00bb][vc_column_inner][vc_column_text css=\u00a0\u00bb\u00a0\u00bb]<\/p>\n<h2>Sympt\u00f4mes du virus Zika<\/h2>\n<p><span style=\"font-weight: 400;\">On estime qu&rsquo;une personne sur quatre ne d\u00e9veloppera pas de sympt\u00f4mes. Mais pour ceux qui en ont, le virus est g\u00e9n\u00e9ralement b\u00e9nin et n&rsquo;entra\u00eene pas de dommages graves. Toutefois, le risque le plus important concerne les femmes enceintes au cours des trois premiers mois de leur grossesse. Si elles sont infect\u00e9es, la formation du syst\u00e8me nerveux du b\u00e9b\u00e9 peut \u00eatre compromise, ce qui entra\u00eene un sous-d\u00e9veloppement du cr\u00e2ne, mieux connu sous le nom de microc\u00e9phalie.<\/span><\/p>\n<p><span style=\"font-weight: 400;\">Le d\u00e9lai entre la piq\u00fbre de moustique et l&rsquo;apparition des sympt\u00f4mes est estim\u00e9 \u00e0 3-12 jours. La maladie commence par une fi\u00e8vre minime (&gt;37,2), une \u00e9ruption cutan\u00e9e qui d\u00e9bute sur le visage et s&rsquo;\u00e9tend au reste du corps, des maux de t\u00eate, un malaise g\u00e9n\u00e9ral, des douleurs articulaires ou musculaires et une rougeur des yeux ou une conjonctivite. Ces sympt\u00f4mes peuvent durer de 2 \u00e0 7 jours.<\/span>[\/vc_column_text][vc_empty_space height=\u00a0\u00bb28px\u00a0\u00bb][vc_column_text css=\u00a0\u00bb\u00a0\u00bb]<\/p>\n<h2>Le traitement<\/h2>\n<p><span style=\"font-weight: 400;\">\u00c0 ce jour, il n&rsquo;existe pas de traitement pour l&rsquo;infection par le virus Zika. Les sympt\u00f4mes \u00e9tant g\u00e9n\u00e9ralement g\u00e9rables, les patients doivent se reposer, boire beaucoup d\u2019eau et prendre des m\u00e9dicaments contre la douleur et la fi\u00e8vre. Si les sympt\u00f4mes s&rsquo;aggravent ou ne disparaissent pas apr\u00e8s le d\u00e9lai prescrit, il convient de consulter un m\u00e9decin.<\/span>[\/vc_column_text][vc_empty_space height=\u00a0\u00bb28px\u00a0\u00bb][\/vc_column_inner][\/vc_row_inner][vc_row_inner el_id=\u00a0\u00bbprevention\u00a0\u00bb][vc_column_inner][vc_column_text css=\u00a0\u00bb\u00a0\u00bb]<\/p>\n<h2>La pr\u00e9vention<\/h2>\n<p><span style=\"font-weight: 400;\">L&rsquo;infection par le virus Zika peut \u00eatre \u00e9vit\u00e9e en \u00e9vitant la reproduction et l&rsquo;exposition aux vecteurs. Suivez nos recommandations ci-dessous :<\/span><\/p>\n<ul>\n<li style=\"font-weight: 400;\" aria-level=\"1\"><span style=\"font-weight: 400;\">R\u00e9duire l&rsquo;habitat des moustiques.<\/span><\/li>\n<li style=\"font-weight: 400;\" aria-level=\"1\"><span style=\"font-weight: 400;\">Couvrez la peau expos\u00e9e avec des chemises \u00e0 manches longues, des pantalons et des chapeaux.<\/span><\/li>\n<li style=\"font-weight: 400;\" aria-level=\"1\"><span style=\"font-weight: 400;\">Utilisez un repellent selon les instructions et renouvelez l&rsquo;application comme sugg\u00e9r\u00e9.<\/span><\/li>\n<li style=\"font-weight: 400;\" aria-level=\"1\"><span style=\"font-weight: 400;\">Dormez dans des endroits prot\u00e9g\u00e9s par des moustiquaires.<\/span><\/li>\n<li style=\"font-weight: 400;\" aria-level=\"1\"><span style=\"font-weight: 400;\">\u00c9viter les zones infest\u00e9es de moustiques.<\/span><\/li>\n<li style=\"font-weight: 400;\" aria-level=\"1\"><span style=\"font-weight: 400;\">Consulter un m\u00e9decin en cas de fi\u00e8vre apr\u00e8s le retour.<\/span><\/li>\n<\/ul>\n<p>[\/vc_column_text][vc_empty_space height=\u00a0\u00bb28px\u00a0\u00bb][vc_column_text css=\u00a0\u00bb\u00a0\u00bb]<\/p>\n<h2>Le virus Zika peut-il \u00eatre transmis par des transfusions sanguines ?<\/h2>\n<p><span style=\"font-weight: 400;\">Comme la plupart des porteurs du virus Zika ignorent qu&rsquo;ils sont infect\u00e9s, les donneurs peuvent ne pas savoir qu&rsquo;ils le sont. C&rsquo;est pourquoi tous les dons de sang doivent \u00eatre test\u00e9s pour d\u00e9tecter la pr\u00e9sence du virus.<\/span><\/p>\n<p><span style=\"font-weight: 400;\">Pour r\u00e9duire davantage le risque de transmission du virus Zika par transfusion, il est recommand\u00e9 de ne pas donner de sang pendant quatre semaines si vous pr\u00e9sentez l&rsquo;une ou l&rsquo;autre des caract\u00e9ristiques suivantes :<\/span><\/p>\n<ul>\n<li style=\"font-weight: 400;\" aria-level=\"1\"><span style=\"font-weight: 400;\">Vous avez des ant\u00e9c\u00e9dents d&rsquo;infection par le virus Zika.<\/span><\/li>\n<li style=\"font-weight: 400;\" aria-level=\"1\"><span style=\"font-weight: 400;\">Vous avez voyag\u00e9 ou v\u00e9cu dans une r\u00e9gion o\u00f9 la transmission du virus Zika est active.<\/span><\/li>\n<li style=\"font-weight: 400;\" aria-level=\"1\"><span style=\"font-weight: 400;\">Vous pr\u00e9sentez des sympt\u00f4mes qui pourraient indiquer une infection par le virus Zika dans les deux semaines qui suivent un voyage \u00e0 partir d&rsquo;une zone o\u00f9 s\u00e9vit le virus Zika.<\/span><\/li>\n<li style=\"font-weight: 400;\" aria-level=\"1\"><span style=\"font-weight: 400;\">Vous avez des contacts sexuels avec un partenaire masculin chez qui une infection par le virus Zika a \u00e9t\u00e9 diagnostiqu\u00e9e.<\/span><\/li>\n<li style=\"font-weight: 400;\" aria-level=\"1\"><span style=\"font-weight: 400;\">Vous avez eu des contacts sexuels avec un partenaire masculin qui a voyag\u00e9 ou v\u00e9cu dans une zone de transmission active du virus Zika au cours des trois derniers mois.<\/span><\/li>\n<\/ul>\n<p>[\/vc_column_text][\/vc_column_inner][\/vc_row_inner][\/vc_column][\/vc_row]<\/p>\n<\/div>","protected":false},"excerpt":{"rendered":"<p>Le virus Zika est une infection transmise par la piq\u00fbre d&rsquo;un moustique qui peut g\u00e9n\u00e9ralement vivre dans votre propre maison. Une personne sur quatre ne d\u00e9veloppera pas de sympt\u00f4mes, mais celles qui en d\u00e9velopperont sont \u00e0 haut risque, en particulier les enfants, les personnes \u00e2g\u00e9es et les femmes enceintes. Voici quelques informations importantes sur la mani\u00e8re de r\u00e9duire votre exposition au moustique Zika et sur les mesures \u00e0 prendre pour traiter les sympt\u00f4mes.<\/p>\n","protected":false},"author":2,"featured_media":4327,"parent":13768,"menu_order":0,"comment_status":"closed","ping_status":"closed","template":"","meta":{"footnotes":""},"class_list":["post-14339","page","type-page","status-publish","has-post-thumbnail","hentry"],"acf":[],"yoast_head":"<!-- This site is optimized with the Yoast SEO plugin v27.3 - https:\/\/yoast.com\/product\/yoast-seo-wordpress\/ -->\n<title>Virus Zika : sympt\u00f4mes, pr\u00e9vention et comment l&#039;\u00e9viter<\/title>\n<meta name=\"description\" content=\"Le virus Zika est une maladie transmise par des moustiques infect\u00e9s par le virus Zika. En savoir plus sur le virus Zika au Mexique : pr\u00e9vention et sympt\u00f4mes.\" \/>\n<meta name=\"robots\" content=\"index, follow, max-snippet:-1, max-image-preview:large, max-video-preview:-1\" \/>\n<link rel=\"canonical\" href=\"https:\/\/hospitalcmq.com\/fr\/maladies-et-conditions\/virus-zika\/\" \/>\n<meta property=\"og:locale\" content=\"fr_FR\" \/>\n<meta property=\"og:type\" content=\"article\" \/>\n<meta property=\"og:title\" content=\"Virus Zika : sympt\u00f4mes, pr\u00e9vention et comment l&#039;\u00e9viter\" \/>\n<meta property=\"og:description\" content=\"Le virus Zika est une maladie transmise par des moustiques infect\u00e9s par le virus Zika. En savoir plus sur le virus Zika au Mexique : pr\u00e9vention et sympt\u00f4mes.\" \/>\n<meta property=\"og:url\" content=\"https:\/\/hospitalcmq.com\/fr\/maladies-et-conditions\/virus-zika\/\" \/>\n<meta property=\"og:site_name\" content=\"Hospital CMQ\" \/>\n<meta property=\"article:publisher\" content=\"https:\/\/www.facebook.com\/HospitalCMQ\" \/>\n<meta property=\"article:modified_time\" content=\"2024-08-26T17:48:41+00:00\" \/>\n<meta property=\"og:image\" content=\"https:\/\/hospitalcmq.com\/wp-content\/uploads\/2018\/01\/zikavirus.jpg\" \/>\n\t<meta property=\"og:image:width\" content=\"1640\" \/>\n\t<meta property=\"og:image:height\" content=\"1094\" \/>\n\t<meta property=\"og:image:type\" content=\"image\/jpeg\" \/>\n<meta name=\"twitter:card\" content=\"summary_large_image\" \/>\n<meta name=\"twitter:label1\" content=\"Dur\u00e9e de lecture estim\u00e9e\" \/>\n\t<meta name=\"twitter:data1\" content=\"3 minutes\" \/>\n<script type=\"application\/ld+json\" class=\"yoast-schema-graph\">{\"@context\":\"https:\\\/\\\/schema.org\",\"@graph\":[{\"@type\":\"WebPage\",\"@id\":\"https:\\\/\\\/hospitalcmq.com\\\/fr\\\/maladies-et-conditions\\\/virus-zika\\\/\",\"url\":\"https:\\\/\\\/hospitalcmq.com\\\/fr\\\/maladies-et-conditions\\\/virus-zika\\\/\",\"name\":\"Virus Zika : sympt\u00f4mes, pr\u00e9vention et comment l'\u00e9viter\",\"isPartOf\":{\"@id\":\"https:\\\/\\\/hospitalcmq.com\\\/fr\\\/#website\"},\"primaryImageOfPage\":{\"@id\":\"https:\\\/\\\/hospitalcmq.com\\\/fr\\\/maladies-et-conditions\\\/virus-zika\\\/#primaryimage\"},\"image\":{\"@id\":\"https:\\\/\\\/hospitalcmq.com\\\/fr\\\/maladies-et-conditions\\\/virus-zika\\\/#primaryimage\"},\"thumbnailUrl\":\"https:\\\/\\\/hospitalcmq.com\\\/wp-content\\\/uploads\\\/2018\\\/01\\\/zikavirus.jpg\",\"datePublished\":\"2024-08-21T17:13:44+00:00\",\"dateModified\":\"2024-08-26T17:48:41+00:00\",\"description\":\"Le virus Zika est une maladie transmise par des moustiques infect\u00e9s par le virus Zika. En savoir plus sur le virus Zika au Mexique : pr\u00e9vention et sympt\u00f4mes.\",\"breadcrumb\":{\"@id\":\"https:\\\/\\\/hospitalcmq.com\\\/fr\\\/maladies-et-conditions\\\/virus-zika\\\/#breadcrumb\"},\"inLanguage\":\"fr-FR\",\"potentialAction\":[{\"@type\":\"ReadAction\",\"target\":[\"https:\\\/\\\/hospitalcmq.com\\\/fr\\\/maladies-et-conditions\\\/virus-zika\\\/\"]}]},{\"@type\":\"ImageObject\",\"inLanguage\":\"fr-FR\",\"@id\":\"https:\\\/\\\/hospitalcmq.com\\\/fr\\\/maladies-et-conditions\\\/virus-zika\\\/#primaryimage\",\"url\":\"https:\\\/\\\/hospitalcmq.com\\\/wp-content\\\/uploads\\\/2018\\\/01\\\/zikavirus.jpg\",\"contentUrl\":\"https:\\\/\\\/hospitalcmq.com\\\/wp-content\\\/uploads\\\/2018\\\/01\\\/zikavirus.jpg\",\"width\":1640,\"height\":1094,\"caption\":\"6 Things to Know about Zika\"},{\"@type\":\"BreadcrumbList\",\"@id\":\"https:\\\/\\\/hospitalcmq.com\\\/fr\\\/maladies-et-conditions\\\/virus-zika\\\/#breadcrumb\",\"itemListElement\":[{\"@type\":\"ListItem\",\"position\":1,\"name\":\"Home\",\"item\":\"https:\\\/\\\/hospitalcmq.com\\\/fr\\\/\"},{\"@type\":\"ListItem\",\"position\":2,\"name\":\"Maladies et conditions\",\"item\":\"https:\\\/\\\/hospitalcmq.com\\\/fr\\\/maladies-et-conditions\\\/\"},{\"@type\":\"ListItem\",\"position\":3,\"name\":\"Virus Zika\"}]},{\"@type\":\"WebSite\",\"@id\":\"https:\\\/\\\/hospitalcmq.com\\\/fr\\\/#website\",\"url\":\"https:\\\/\\\/hospitalcmq.com\\\/fr\\\/\",\"name\":\"Hospital CMQ\",\"description\":\"Best Hospitals in Puerto Vallarta &amp; Riviera Nayarit\",\"publisher\":{\"@id\":\"https:\\\/\\\/hospitalcmq.com\\\/fr\\\/#organization\"},\"potentialAction\":[{\"@type\":\"SearchAction\",\"target\":{\"@type\":\"EntryPoint\",\"urlTemplate\":\"https:\\\/\\\/hospitalcmq.com\\\/fr\\\/?s={search_term_string}\"},\"query-input\":{\"@type\":\"PropertyValueSpecification\",\"valueRequired\":true,\"valueName\":\"search_term_string\"}}],\"inLanguage\":\"fr-FR\"},{\"@type\":\"Organization\",\"@id\":\"https:\\\/\\\/hospitalcmq.com\\\/fr\\\/#organization\",\"name\":\"Hospital CMQ\",\"url\":\"https:\\\/\\\/hospitalcmq.com\\\/fr\\\/\",\"logo\":{\"@type\":\"ImageObject\",\"inLanguage\":\"fr-FR\",\"@id\":\"https:\\\/\\\/hospitalcmq.com\\\/fr\\\/#\\\/schema\\\/logo\\\/image\\\/\",\"url\":\"https:\\\/\\\/hospitalcmq.com\\\/wp-content\\\/uploads\\\/2018\\\/06\\\/cmq-hospital-logo.png\",\"contentUrl\":\"https:\\\/\\\/hospitalcmq.com\\\/wp-content\\\/uploads\\\/2018\\\/06\\\/cmq-hospital-logo.png\",\"width\":214,\"height\":189,\"caption\":\"Hospital CMQ\"},\"image\":{\"@id\":\"https:\\\/\\\/hospitalcmq.com\\\/fr\\\/#\\\/schema\\\/logo\\\/image\\\/\"},\"sameAs\":[\"https:\\\/\\\/www.facebook.com\\\/HospitalCMQ\"]}]}<\/script>\n<!-- \/ Yoast SEO plugin. -->","yoast_head_json":{"title":"Virus Zika : sympt\u00f4mes, pr\u00e9vention et comment l'\u00e9viter","description":"Le virus Zika est une maladie transmise par des moustiques infect\u00e9s par le virus Zika. En savoir plus sur le virus Zika au Mexique : pr\u00e9vention et sympt\u00f4mes.","robots":{"index":"index","follow":"follow","max-snippet":"max-snippet:-1","max-image-preview":"max-image-preview:large","max-video-preview":"max-video-preview:-1"},"canonical":"https:\/\/hospitalcmq.com\/fr\/maladies-et-conditions\/virus-zika\/","og_locale":"fr_FR","og_type":"article","og_title":"Virus Zika : sympt\u00f4mes, pr\u00e9vention et comment l'\u00e9viter","og_description":"Le virus Zika est une maladie transmise par des moustiques infect\u00e9s par le virus Zika. En savoir plus sur le virus Zika au Mexique : pr\u00e9vention et sympt\u00f4mes.","og_url":"https:\/\/hospitalcmq.com\/fr\/maladies-et-conditions\/virus-zika\/","og_site_name":"Hospital CMQ","article_publisher":"https:\/\/www.facebook.com\/HospitalCMQ","article_modified_time":"2024-08-26T17:48:41+00:00","og_image":[{"width":1640,"height":1094,"url":"https:\/\/hospitalcmq.com\/wp-content\/uploads\/2018\/01\/zikavirus.jpg","type":"image\/jpeg"}],"twitter_card":"summary_large_image","twitter_misc":{"Dur\u00e9e de lecture estim\u00e9e":"3 minutes"},"schema":{"@context":"https:\/\/schema.org","@graph":[{"@type":"WebPage","@id":"https:\/\/hospitalcmq.com\/fr\/maladies-et-conditions\/virus-zika\/","url":"https:\/\/hospitalcmq.com\/fr\/maladies-et-conditions\/virus-zika\/","name":"Virus Zika : sympt\u00f4mes, pr\u00e9vention et comment l'\u00e9viter","isPartOf":{"@id":"https:\/\/hospitalcmq.com\/fr\/#website"},"primaryImageOfPage":{"@id":"https:\/\/hospitalcmq.com\/fr\/maladies-et-conditions\/virus-zika\/#primaryimage"},"image":{"@id":"https:\/\/hospitalcmq.com\/fr\/maladies-et-conditions\/virus-zika\/#primaryimage"},"thumbnailUrl":"https:\/\/hospitalcmq.com\/wp-content\/uploads\/2018\/01\/zikavirus.jpg","datePublished":"2024-08-21T17:13:44+00:00","dateModified":"2024-08-26T17:48:41+00:00","description":"Le virus Zika est une maladie transmise par des moustiques infect\u00e9s par le virus Zika. En savoir plus sur le virus Zika au Mexique : pr\u00e9vention et sympt\u00f4mes.","breadcrumb":{"@id":"https:\/\/hospitalcmq.com\/fr\/maladies-et-conditions\/virus-zika\/#breadcrumb"},"inLanguage":"fr-FR","potentialAction":[{"@type":"ReadAction","target":["https:\/\/hospitalcmq.com\/fr\/maladies-et-conditions\/virus-zika\/"]}]},{"@type":"ImageObject","inLanguage":"fr-FR","@id":"https:\/\/hospitalcmq.com\/fr\/maladies-et-conditions\/virus-zika\/#primaryimage","url":"https:\/\/hospitalcmq.com\/wp-content\/uploads\/2018\/01\/zikavirus.jpg","contentUrl":"https:\/\/hospitalcmq.com\/wp-content\/uploads\/2018\/01\/zikavirus.jpg","width":1640,"height":1094,"caption":"6 Things to Know about Zika"},{"@type":"BreadcrumbList","@id":"https:\/\/hospitalcmq.com\/fr\/maladies-et-conditions\/virus-zika\/#breadcrumb","itemListElement":[{"@type":"ListItem","position":1,"name":"Home","item":"https:\/\/hospitalcmq.com\/fr\/"},{"@type":"ListItem","position":2,"name":"Maladies et conditions","item":"https:\/\/hospitalcmq.com\/fr\/maladies-et-conditions\/"},{"@type":"ListItem","position":3,"name":"Virus Zika"}]},{"@type":"WebSite","@id":"https:\/\/hospitalcmq.com\/fr\/#website","url":"https:\/\/hospitalcmq.com\/fr\/","name":"Hospital CMQ","description":"Best Hospitals in Puerto Vallarta &amp; Riviera Nayarit","publisher":{"@id":"https:\/\/hospitalcmq.com\/fr\/#organization"},"potentialAction":[{"@type":"SearchAction","target":{"@type":"EntryPoint","urlTemplate":"https:\/\/hospitalcmq.com\/fr\/?s={search_term_string}"},"query-input":{"@type":"PropertyValueSpecification","valueRequired":true,"valueName":"search_term_string"}}],"inLanguage":"fr-FR"},{"@type":"Organization","@id":"https:\/\/hospitalcmq.com\/fr\/#organization","name":"Hospital CMQ","url":"https:\/\/hospitalcmq.com\/fr\/","logo":{"@type":"ImageObject","inLanguage":"fr-FR","@id":"https:\/\/hospitalcmq.com\/fr\/#\/schema\/logo\/image\/","url":"https:\/\/hospitalcmq.com\/wp-content\/uploads\/2018\/06\/cmq-hospital-logo.png","contentUrl":"https:\/\/hospitalcmq.com\/wp-content\/uploads\/2018\/06\/cmq-hospital-logo.png","width":214,"height":189,"caption":"Hospital CMQ"},"image":{"@id":"https:\/\/hospitalcmq.com\/fr\/#\/schema\/logo\/image\/"},"sameAs":["https:\/\/www.facebook.com\/HospitalCMQ"]}]}},"_links":{"self":[{"href":"https:\/\/hospitalcmq.com\/fr\/wp-json\/wp\/v2\/pages\/14339","targetHints":{"allow":["GET"]}}],"collection":[{"href":"https:\/\/hospitalcmq.com\/fr\/wp-json\/wp\/v2\/pages"}],"about":[{"href":"https:\/\/hospitalcmq.com\/fr\/wp-json\/wp\/v2\/types\/page"}],"author":[{"embeddable":true,"href":"https:\/\/hospitalcmq.com\/fr\/wp-json\/wp\/v2\/users\/2"}],"replies":[{"embeddable":true,"href":"https:\/\/hospitalcmq.com\/fr\/wp-json\/wp\/v2\/comments?post=14339"}],"version-history":[{"count":0,"href":"https:\/\/hospitalcmq.com\/fr\/wp-json\/wp\/v2\/pages\/14339\/revisions"}],"up":[{"embeddable":true,"href":"https:\/\/hospitalcmq.com\/fr\/wp-json\/wp\/v2\/pages\/13768"}],"wp:featuredmedia":[{"embeddable":true,"href":"https:\/\/hospitalcmq.com\/fr\/wp-json\/wp\/v2\/media\/4327"}],"wp:attachment":[{"href":"https:\/\/hospitalcmq.com\/fr\/wp-json\/wp\/v2\/media?parent=14339"}],"curies":[{"name":"wp","href":"https:\/\/api.w.org\/{rel}","templated":true}]}}