{"id":14337,"date":"2024-08-21T11:08:56","date_gmt":"2024-08-21T17:08:56","guid":{"rendered":"https:\/\/hospitalcmq.com\/?page_id=14337"},"modified":"2024-08-26T11:44:27","modified_gmt":"2024-08-26T17:44:27","slug":"salmonella","status":"publish","type":"page","link":"https:\/\/hospitalcmq.com\/fr\/maladies-et-conditions\/salmonella\/","title":{"rendered":"Salmonelle"},"content":{"rendered":"<div class=\"wpb-content-wrapper\"><p>[vc_row][vc_column][vc_column_text css=\u00a0\u00bb\u00a0\u00bb el_id=\u00a0\u00bbdefinition\u00a0\u00bb]<\/p>\n<h2><span style=\"font-weight: 400;\"><img loading=\"lazy\" decoding=\"async\" class=\"size-full wp-image-1307 alignright\" src=\"https:\/\/hospitalcmq.com\/wp-content\/uploads\/2017\/08\/salmonella.png\" alt=\"\" width=\"470\" height=\"260\" \/><\/span><\/h2>\n<h2>D\u00e9finition<\/h2>\n<p><span style=\"font-weight: 400;\">La salmonelle, \u00e9galement connue sous le nom de fi\u00e8vre typho\u00efde, est un agent pathog\u00e8ne qui affecte les animaux et se transmet par voie orale en ing\u00e9rant ces animaux et\/ou des produits d&rsquo;origine animale qui provoquent une maladie ent\u00e9rique.\u00a0 Les bact\u00e9ries Salmonella vivent g\u00e9n\u00e9ralement dans les intestins des animaux et des humains et sont excr\u00e9t\u00e9es dans les mati\u00e8res f\u00e9cales.<\/span><\/p>\n<p><span style=\"font-weight: 400;\">La salmonellose, caus\u00e9e par les bact\u00e9ries Salmonella, est l&rsquo;une des maladies d&rsquo;origine alimentaire les plus courantes et les plus r\u00e9pandues. Selon l&rsquo;Organisation mondiale de la sant\u00e9, on estime qu&rsquo;elle touche chaque ann\u00e9e des dizaines de millions de personnes dans le monde et qu&rsquo;elle est \u00e0 l&rsquo;origine de plus de 100 000 d\u00e9c\u00e8s.<\/span><\/p>\n<h2><span style=\"font-weight: 400;\">\u00a0<\/span><\/h2>\n<p>[\/vc_column_text][vc_row_inner el_id=\u00a0\u00bbsymptoms\u00a0\u00bb][vc_column_inner][vc_column_text css=\u00a0\u00bb\u00a0\u00bb]<\/p>\n<h2>Sympt\u00f4mes des salmonelles<\/h2>\n<p><span style=\"font-weight: 400;\">Apr\u00e8s une p\u00e9riode d&rsquo;incubation de 7 \u00e0 14 jours, la fi\u00e8vre, les malaises, les maux de t\u00eate, la constipation, les douleurs musculaires et\/ou abdominales et le ralentissement du rythme cardiaque apparaissent.\u00a0<\/span><\/p>\n<p><span style=\"font-weight: 400;\">Au cours de la deuxi\u00e8me semaine, l&rsquo;examen physique r\u00e9v\u00e8le une hypertrophie du foie et de la rate, ainsi qu&rsquo;une \u00e9ruption cutan\u00e9e ros\u00e2tre \u00e9vanescente, parfois fugace, sur la poitrine et l&rsquo;abdomen. La troisi\u00e8me semaine est caract\u00e9ris\u00e9e par une diminution des processus mentaux (fatigue, d\u00e9pression, l\u00e9thargie), une diarrh\u00e9e verd\u00e2tre peut survenir et il existe un risque \u00e9lev\u00e9 d&rsquo;h\u00e9morragie et de perforation intestinale. Au cours de la quatri\u00e8me semaine, le patient peut entrer dans une phase subclinique avec une am\u00e9lioration relative et une diminution des sympt\u00f4mes f\u00e9briles, mais sans disparition totale des sympt\u00f4mes.<\/span><\/p>\n<p><span style=\"font-weight: 400;\">Si vous pr\u00e9sentez l&rsquo;un des sympt\u00f4mes mentionn\u00e9s ci-dessus, appelez imm\u00e9diatement nos h\u00f4pitaux CMQ : <a href=\"https:\/\/hospitalcmq.com\/fr\/hopital\/cmq-centre\/\">CMQ Centro<\/a>, <a href=\"https:\/\/hospitalcmq.com\/fr\/hopital\/cmq-premiere\/\">CMQ Premiere<\/a> et <a href=\"https:\/\/hospitalcmq.com\/fr\/hopital\/cmq-riviera-nayarit\/\">CMQ Riviera Nayarit<\/a>.<\/span>[\/vc_column_text][vc_empty_space height=\u00a0\u00bb28px\u00a0\u00bb][\/vc_column_inner][\/vc_row_inner][vc_row_inner el_id=\u00a0\u00bbprevention\u00a0\u00bb][vc_column_inner][vc_column_text css=\u00a0\u00bb\u00a0\u00bb]<\/p>\n<h2>Comment pr\u00e9venir la salmonellose ?<\/h2>\n<p><span style=\"font-weight: 400;\">L&rsquo;infection par les salmonelles est contagieuse ; en prenant les pr\u00e9cautions n\u00e9cessaires, vous \u00e9viterez la transmission de la bact\u00e9rie \u00e0 d&rsquo;autres personnes.\u00a0<\/span><\/p>\n<ul>\n<li style=\"font-weight: 400;\" aria-level=\"1\"><span style=\"font-weight: 400;\">Un lavage soigneux des mains permet d&rsquo;\u00e9viter le transfert dans la bouche ou sur les aliments en cours de pr\u00e9paration.<\/span><\/li>\n<li style=\"font-weight: 400;\" aria-level=\"1\"><span style=\"font-weight: 400;\">Gardez les choses s\u00e9par\u00e9es pour \u00e9viter la contamination crois\u00e9e : conservez la viande, la volaille et les fruits de mer crus \u00e0 l&rsquo;\u00e9cart des autres aliments dans votre r\u00e9frig\u00e9rateur,\u00a0<\/span><\/li>\n<li style=\"font-weight: 400;\" aria-level=\"1\"><span style=\"font-weight: 400;\">Ne placez pas d&rsquo;aliments cuits sur une assiette non lav\u00e9e o\u00f9 se trouvait de la viande crue.\u00a0<\/span><\/li>\n<li style=\"font-weight: 400;\" aria-level=\"1\"><span style=\"font-weight: 400;\">La volaille, le b\u0153uf et les \u0153ufs susceptibles d&rsquo;\u00eatre infect\u00e9s doivent \u00eatre cuits avec soin.<\/span><\/li>\n<\/ul>\n<p>[\/vc_column_text][vc_empty_space height=\u00a0\u00bb28px\u00a0\u00bb][\/vc_column_inner][\/vc_row_inner][vc_row_inner][vc_column_inner][vc_column_text css=\u00a0\u00bb\u00a0\u00bb]<\/p>\n<h2>Facteurs de risque<\/h2>\n<ul>\n<li style=\"font-weight: 400;\" aria-level=\"1\"><span style=\"font-weight: 400;\">Les infections \u00e0 Salmonella, y compris les souches responsables de la fi\u00e8vre typho\u00efde, sont plus fr\u00e9quentes dans les pays en d\u00e9veloppement o\u00f9 les conditions sanitaires sont m\u00e9diocres.<\/span><\/li>\n<li style=\"font-weight: 400;\" aria-level=\"1\"><span style=\"font-weight: 400;\">Poss\u00e9der un oiseau ou un reptile. Certains animaux domestiques, en particulier les oiseaux et les reptiles, peuvent \u00eatre infect\u00e9s par des salmonelles.<\/span><\/li>\n<li style=\"font-weight: 400;\" aria-level=\"1\"><span style=\"font-weight: 400;\">Vivre dans un logement partag\u00e9. Les personnes vivant dans des logements surpeupl\u00e9s (m\u00e9nages surpeupl\u00e9s, salles de classe, maisons de retraite, prisons) peuvent pr\u00e9senter un risque d&rsquo;infection plus \u00e9lev\u00e9, simplement parce qu&rsquo;elles sont expos\u00e9es \u00e0 un plus grand nombre de personnes.<\/span><\/li>\n<li style=\"font-weight: 400;\" aria-level=\"1\"><span style=\"font-weight: 400;\">Les antiacides : la r\u00e9duction de l&rsquo;acidit\u00e9 de l&rsquo;estomac permet \u00e0 davantage de salmonelles de survivre.<\/span><\/li>\n<li style=\"font-weight: 400;\" aria-level=\"1\"><span style=\"font-weight: 400;\">Maladie inflammatoire de l&rsquo;intestin : cette affection endommage la muqueuse intestinale, ce qui facilite la prolif\u00e9ration des salmonelles.<\/span><\/li>\n<li style=\"font-weight: 400;\" aria-level=\"1\"><span style=\"font-weight: 400;\">Utilisation r\u00e9cente d&rsquo;antibiotiques : elle peut r\u00e9duire le nombre de \u00ab\u00a0bonnes\u00a0\u00bb bact\u00e9ries dans les intestins, ce qui peut nuire \u00e0 la capacit\u00e9 de combattre une infection par les salmonelles.<\/span><\/li>\n<\/ul>\n<p>[\/vc_column_text][vc_empty_space height=\u00a0\u00bb28px\u00a0\u00bb][\/vc_column_inner][\/vc_row_inner][vc_row_inner][vc_column_inner][vc_column_text css=\u00a0\u00bb\u00a0\u00bb]<\/p>\n<h2><span style=\"font-weight: 400;\">Causes des salmonelles<\/span><\/h2>\n<p><span style=\"font-weight: 400;\">La bact\u00e9rie Salmonella vit dans les intestins des personnes, des animaux et des volailles. La plupart des personnes sont infect\u00e9es par les salmonelles en mangeant des aliments contamin\u00e9s par des mati\u00e8res f\u00e9cales. Les aliments les plus souvent infect\u00e9s sont\u00a0:<\/span><\/p>\n<ul>\n<li style=\"font-weight: 400;\" aria-level=\"1\"><span style=\"font-weight: 400;\">Viande, b\u0153uf, volaille et fruits de mer crus : les mati\u00e8res f\u00e9cales peuvent contaminer la viande et la volaille crues pendant le processus d&rsquo;abattage ; les fruits de mer peuvent \u00eatre contamin\u00e9s s&rsquo;ils sont r\u00e9colt\u00e9s dans de l&rsquo;eau contamin\u00e9e.<\/span><\/li>\n<li style=\"font-weight: 400;\" aria-level=\"1\"><span style=\"font-weight: 400;\">\u0152ufs crus : bien que la coquille semble \u00eatre une barri\u00e8re parfaite contre la contamination, certaines poules infect\u00e9es produisent des \u0153ufs contenant des salmonelles avant que la coquille ne se forme. Tout aliment en contenant des \u0153ufs pr\u00e9sente un risque d&rsquo;infection par les salmonelles. Cela est particuli\u00e8rement vrai si les \u0153ufs ne sont pas assez cuits ou si le jaune d&rsquo;\u0153uf est coulant.<\/span><\/li>\n<li style=\"font-weight: 400;\" aria-level=\"1\"><span style=\"font-weight: 400;\">Fruits et l\u00e9gumes : certains produits frais, en particulier les vari\u00e9t\u00e9s import\u00e9es, peuvent \u00eatre hydrat\u00e9s dans les champs ou lav\u00e9s pendant la transformation avec de l&rsquo;eau contamin\u00e9e par des salmonelles. La contamination peut \u00e9galement se produire dans la cuisine, lorsque les jus de la viande et des volailles crues entrent en contact avec des aliments crus, tels que les salades.<\/span><\/li>\n<\/ul>\n<p>[\/vc_column_text][vc_empty_space height=\u00a0\u00bb28px\u00a0\u00bb][\/vc_column_inner][\/vc_row_inner][vc_row_inner][vc_column_inner][vc_column_text css=\u00a0\u00bb\u00a0\u00bb]<\/p>\n<h2>Les complications<\/h2>\n<p><span style=\"font-weight: 400;\">Les principales complications de la salmonellose ou de la fi\u00e8vre typho\u00efde sont <\/span><b>l&rsquo;h\u00e9morragie<\/b><span style=\"font-weight: 400;\"> et la <\/span><b>perforation intestinale<\/b><span style=\"font-weight: 400;\">.<\/span><\/p>\n<p><span style=\"font-weight: 400;\">Les principales l\u00e9sions sont l&rsquo;hyperplasie et la n\u00e9crose du tissu lympho\u00efde (ganglions lymphatiques), l&rsquo;h\u00e9patite, la n\u00e9crose focale du foie, l&rsquo;inflammation de la v\u00e9sicule biliaire, du p\u00e9rioste (membrane recouvrant les os du corps), des poumons et d&rsquo;autres organes.<\/span>[\/vc_column_text][vc_empty_space height=\u00a0\u00bb28px\u00a0\u00bb][\/vc_column_inner][\/vc_row_inner][vc_row_inner][vc_column_inner][vc_column_text css=\u00a0\u00bb\u00a0\u00bb]<\/p>\n<h2>Traitement m\u00e9dical des salmonelles<\/h2>\n<p><span style=\"font-weight: 400;\">Le m\u00e9dicament traditionnel de choix est le chloramph\u00e9nicol jusqu&rsquo;\u00e0 4 fois par jour, mais avec l&rsquo;av\u00e8nement des c\u00e9phalosporines de 3\u00e8me g\u00e9n\u00e9ration et des quinolones, le chloramph\u00e9nicol n&rsquo;est plus utilis\u00e9.<\/span><\/p>\n<p><span style=\"font-weight: 400;\">Les trois sch\u00e9mas th\u00e9rapeutiques doivent \u00eatre administr\u00e9s pendant 7 \u00e0 10 jours ou jusqu&rsquo;\u00e0 14 jours en fonction de la gravit\u00e9 de la maladie.<\/span>[\/vc_column_text][\/vc_column_inner][\/vc_row_inner][\/vc_column][\/vc_row]<\/p>\n<\/div>","protected":false},"excerpt":{"rendered":"<p>La salmonelle, \u00e9galement connue sous le nom de fi\u00e8vre typho\u00efde, est une maladie qui s&rsquo;attrape par voie orale en ing\u00e9rant des aliments contamin\u00e9s par la salmonellose. Dans cet article, vous en apprendrez plus sur cette dangereuse bact\u00e9rie, ses sympt\u00f4mes, sa pr\u00e9vention, son traitement \u00e0 domicile et bien d&rsquo;autres choses encore.<\/p>\n","protected":false},"author":2,"featured_media":4301,"parent":13768,"menu_order":0,"comment_status":"closed","ping_status":"closed","template":"","meta":{"footnotes":""},"class_list":["post-14337","page","type-page","status-publish","has-post-thumbnail","hentry"],"acf":[],"yoast_head":"<!-- This site is optimized with the Yoast SEO plugin v27.3 - https:\/\/yoast.com\/product\/yoast-seo-wordpress\/ -->\n<title>Salmonelle : Comment traiter la salmonelle \u00e0 la maison ?<\/title>\n<meta name=\"description\" content=\"L&#039;infection par la salmonelle est une maladie bact\u00e9rienne fr\u00e9quente qui affecte l&#039;appareil intestinal. D\u00e9couvrez ici comment la pr\u00e9venir.\" \/>\n<meta name=\"robots\" content=\"index, follow, max-snippet:-1, max-image-preview:large, max-video-preview:-1\" \/>\n<link rel=\"canonical\" href=\"https:\/\/hospitalcmq.com\/fr\/maladies-et-conditions\/salmonella\/\" \/>\n<meta property=\"og:locale\" content=\"fr_FR\" \/>\n<meta property=\"og:type\" content=\"article\" \/>\n<meta property=\"og:title\" content=\"Salmonelle : Comment traiter la salmonelle \u00e0 la maison ?\" \/>\n<meta property=\"og:description\" content=\"L&#039;infection par la salmonelle est une maladie bact\u00e9rienne fr\u00e9quente qui affecte l&#039;appareil intestinal. D\u00e9couvrez ici comment la pr\u00e9venir.\" \/>\n<meta property=\"og:url\" content=\"https:\/\/hospitalcmq.com\/fr\/maladies-et-conditions\/salmonella\/\" \/>\n<meta property=\"og:site_name\" content=\"Hospital CMQ\" \/>\n<meta property=\"article:publisher\" content=\"https:\/\/www.facebook.com\/HospitalCMQ\" \/>\n<meta property=\"article:modified_time\" content=\"2024-08-26T17:44:27+00:00\" \/>\n<meta property=\"og:image\" content=\"https:\/\/hospitalcmq.com\/wp-content\/uploads\/2017\/08\/salmonella.png\" \/>\n\t<meta property=\"og:image:width\" content=\"470\" \/>\n\t<meta property=\"og:image:height\" content=\"260\" \/>\n\t<meta property=\"og:image:type\" content=\"image\/png\" \/>\n<meta name=\"twitter:card\" content=\"summary_large_image\" \/>\n<meta name=\"twitter:label1\" content=\"Dur\u00e9e de lecture estim\u00e9e\" \/>\n\t<meta name=\"twitter:data1\" content=\"5 minutes\" \/>\n<script type=\"application\/ld+json\" class=\"yoast-schema-graph\">{\"@context\":\"https:\\\/\\\/schema.org\",\"@graph\":[{\"@type\":\"WebPage\",\"@id\":\"https:\\\/\\\/hospitalcmq.com\\\/fr\\\/maladies-et-conditions\\\/salmonella\\\/\",\"url\":\"https:\\\/\\\/hospitalcmq.com\\\/fr\\\/maladies-et-conditions\\\/salmonella\\\/\",\"name\":\"Salmonelle : Comment traiter la salmonelle \u00e0 la maison ?\",\"isPartOf\":{\"@id\":\"https:\\\/\\\/hospitalcmq.com\\\/fr\\\/#website\"},\"primaryImageOfPage\":{\"@id\":\"https:\\\/\\\/hospitalcmq.com\\\/fr\\\/maladies-et-conditions\\\/salmonella\\\/#primaryimage\"},\"image\":{\"@id\":\"https:\\\/\\\/hospitalcmq.com\\\/fr\\\/maladies-et-conditions\\\/salmonella\\\/#primaryimage\"},\"thumbnailUrl\":\"https:\\\/\\\/hospitalcmq.com\\\/wp-content\\\/uploads\\\/2017\\\/08\\\/salmonella.png\",\"datePublished\":\"2024-08-21T17:08:56+00:00\",\"dateModified\":\"2024-08-26T17:44:27+00:00\",\"description\":\"L'infection par la salmonelle est une maladie bact\u00e9rienne fr\u00e9quente qui affecte l'appareil intestinal. D\u00e9couvrez ici comment la pr\u00e9venir.\",\"breadcrumb\":{\"@id\":\"https:\\\/\\\/hospitalcmq.com\\\/fr\\\/maladies-et-conditions\\\/salmonella\\\/#breadcrumb\"},\"inLanguage\":\"fr-FR\",\"potentialAction\":[{\"@type\":\"ReadAction\",\"target\":[\"https:\\\/\\\/hospitalcmq.com\\\/fr\\\/maladies-et-conditions\\\/salmonella\\\/\"]}]},{\"@type\":\"ImageObject\",\"inLanguage\":\"fr-FR\",\"@id\":\"https:\\\/\\\/hospitalcmq.com\\\/fr\\\/maladies-et-conditions\\\/salmonella\\\/#primaryimage\",\"url\":\"https:\\\/\\\/hospitalcmq.com\\\/wp-content\\\/uploads\\\/2017\\\/08\\\/salmonella.png\",\"contentUrl\":\"https:\\\/\\\/hospitalcmq.com\\\/wp-content\\\/uploads\\\/2017\\\/08\\\/salmonella.png\",\"width\":470,\"height\":260,\"caption\":\"The cure for your salmonella infection is at Hospitals CMQ in Puerto Vallarta\"},{\"@type\":\"BreadcrumbList\",\"@id\":\"https:\\\/\\\/hospitalcmq.com\\\/fr\\\/maladies-et-conditions\\\/salmonella\\\/#breadcrumb\",\"itemListElement\":[{\"@type\":\"ListItem\",\"position\":1,\"name\":\"Home\",\"item\":\"https:\\\/\\\/hospitalcmq.com\\\/fr\\\/\"},{\"@type\":\"ListItem\",\"position\":2,\"name\":\"Maladies et conditions\",\"item\":\"https:\\\/\\\/hospitalcmq.com\\\/fr\\\/maladies-et-conditions\\\/\"},{\"@type\":\"ListItem\",\"position\":3,\"name\":\"Salmonelle\"}]},{\"@type\":\"WebSite\",\"@id\":\"https:\\\/\\\/hospitalcmq.com\\\/fr\\\/#website\",\"url\":\"https:\\\/\\\/hospitalcmq.com\\\/fr\\\/\",\"name\":\"Hospital CMQ\",\"description\":\"Best Hospitals in Puerto Vallarta &amp; Riviera Nayarit\",\"publisher\":{\"@id\":\"https:\\\/\\\/hospitalcmq.com\\\/fr\\\/#organization\"},\"potentialAction\":[{\"@type\":\"SearchAction\",\"target\":{\"@type\":\"EntryPoint\",\"urlTemplate\":\"https:\\\/\\\/hospitalcmq.com\\\/fr\\\/?s={search_term_string}\"},\"query-input\":{\"@type\":\"PropertyValueSpecification\",\"valueRequired\":true,\"valueName\":\"search_term_string\"}}],\"inLanguage\":\"fr-FR\"},{\"@type\":\"Organization\",\"@id\":\"https:\\\/\\\/hospitalcmq.com\\\/fr\\\/#organization\",\"name\":\"Hospital CMQ\",\"url\":\"https:\\\/\\\/hospitalcmq.com\\\/fr\\\/\",\"logo\":{\"@type\":\"ImageObject\",\"inLanguage\":\"fr-FR\",\"@id\":\"https:\\\/\\\/hospitalcmq.com\\\/fr\\\/#\\\/schema\\\/logo\\\/image\\\/\",\"url\":\"https:\\\/\\\/hospitalcmq.com\\\/wp-content\\\/uploads\\\/2018\\\/06\\\/cmq-hospital-logo.png\",\"contentUrl\":\"https:\\\/\\\/hospitalcmq.com\\\/wp-content\\\/uploads\\\/2018\\\/06\\\/cmq-hospital-logo.png\",\"width\":214,\"height\":189,\"caption\":\"Hospital CMQ\"},\"image\":{\"@id\":\"https:\\\/\\\/hospitalcmq.com\\\/fr\\\/#\\\/schema\\\/logo\\\/image\\\/\"},\"sameAs\":[\"https:\\\/\\\/www.facebook.com\\\/HospitalCMQ\"]}]}<\/script>\n<!-- \/ Yoast SEO plugin. -->","yoast_head_json":{"title":"Salmonelle : Comment traiter la salmonelle \u00e0 la maison ?","description":"L'infection par la salmonelle est une maladie bact\u00e9rienne fr\u00e9quente qui affecte l'appareil intestinal. D\u00e9couvrez ici comment la pr\u00e9venir.","robots":{"index":"index","follow":"follow","max-snippet":"max-snippet:-1","max-image-preview":"max-image-preview:large","max-video-preview":"max-video-preview:-1"},"canonical":"https:\/\/hospitalcmq.com\/fr\/maladies-et-conditions\/salmonella\/","og_locale":"fr_FR","og_type":"article","og_title":"Salmonelle : Comment traiter la salmonelle \u00e0 la maison ?","og_description":"L'infection par la salmonelle est une maladie bact\u00e9rienne fr\u00e9quente qui affecte l'appareil intestinal. D\u00e9couvrez ici comment la pr\u00e9venir.","og_url":"https:\/\/hospitalcmq.com\/fr\/maladies-et-conditions\/salmonella\/","og_site_name":"Hospital CMQ","article_publisher":"https:\/\/www.facebook.com\/HospitalCMQ","article_modified_time":"2024-08-26T17:44:27+00:00","og_image":[{"width":470,"height":260,"url":"https:\/\/hospitalcmq.com\/wp-content\/uploads\/2017\/08\/salmonella.png","type":"image\/png"}],"twitter_card":"summary_large_image","twitter_misc":{"Dur\u00e9e de lecture estim\u00e9e":"5 minutes"},"schema":{"@context":"https:\/\/schema.org","@graph":[{"@type":"WebPage","@id":"https:\/\/hospitalcmq.com\/fr\/maladies-et-conditions\/salmonella\/","url":"https:\/\/hospitalcmq.com\/fr\/maladies-et-conditions\/salmonella\/","name":"Salmonelle : Comment traiter la salmonelle \u00e0 la maison ?","isPartOf":{"@id":"https:\/\/hospitalcmq.com\/fr\/#website"},"primaryImageOfPage":{"@id":"https:\/\/hospitalcmq.com\/fr\/maladies-et-conditions\/salmonella\/#primaryimage"},"image":{"@id":"https:\/\/hospitalcmq.com\/fr\/maladies-et-conditions\/salmonella\/#primaryimage"},"thumbnailUrl":"https:\/\/hospitalcmq.com\/wp-content\/uploads\/2017\/08\/salmonella.png","datePublished":"2024-08-21T17:08:56+00:00","dateModified":"2024-08-26T17:44:27+00:00","description":"L'infection par la salmonelle est une maladie bact\u00e9rienne fr\u00e9quente qui affecte l'appareil intestinal. D\u00e9couvrez ici comment la pr\u00e9venir.","breadcrumb":{"@id":"https:\/\/hospitalcmq.com\/fr\/maladies-et-conditions\/salmonella\/#breadcrumb"},"inLanguage":"fr-FR","potentialAction":[{"@type":"ReadAction","target":["https:\/\/hospitalcmq.com\/fr\/maladies-et-conditions\/salmonella\/"]}]},{"@type":"ImageObject","inLanguage":"fr-FR","@id":"https:\/\/hospitalcmq.com\/fr\/maladies-et-conditions\/salmonella\/#primaryimage","url":"https:\/\/hospitalcmq.com\/wp-content\/uploads\/2017\/08\/salmonella.png","contentUrl":"https:\/\/hospitalcmq.com\/wp-content\/uploads\/2017\/08\/salmonella.png","width":470,"height":260,"caption":"The cure for your salmonella infection is at Hospitals CMQ in Puerto Vallarta"},{"@type":"BreadcrumbList","@id":"https:\/\/hospitalcmq.com\/fr\/maladies-et-conditions\/salmonella\/#breadcrumb","itemListElement":[{"@type":"ListItem","position":1,"name":"Home","item":"https:\/\/hospitalcmq.com\/fr\/"},{"@type":"ListItem","position":2,"name":"Maladies et conditions","item":"https:\/\/hospitalcmq.com\/fr\/maladies-et-conditions\/"},{"@type":"ListItem","position":3,"name":"Salmonelle"}]},{"@type":"WebSite","@id":"https:\/\/hospitalcmq.com\/fr\/#website","url":"https:\/\/hospitalcmq.com\/fr\/","name":"Hospital CMQ","description":"Best Hospitals in Puerto Vallarta &amp; Riviera Nayarit","publisher":{"@id":"https:\/\/hospitalcmq.com\/fr\/#organization"},"potentialAction":[{"@type":"SearchAction","target":{"@type":"EntryPoint","urlTemplate":"https:\/\/hospitalcmq.com\/fr\/?s={search_term_string}"},"query-input":{"@type":"PropertyValueSpecification","valueRequired":true,"valueName":"search_term_string"}}],"inLanguage":"fr-FR"},{"@type":"Organization","@id":"https:\/\/hospitalcmq.com\/fr\/#organization","name":"Hospital CMQ","url":"https:\/\/hospitalcmq.com\/fr\/","logo":{"@type":"ImageObject","inLanguage":"fr-FR","@id":"https:\/\/hospitalcmq.com\/fr\/#\/schema\/logo\/image\/","url":"https:\/\/hospitalcmq.com\/wp-content\/uploads\/2018\/06\/cmq-hospital-logo.png","contentUrl":"https:\/\/hospitalcmq.com\/wp-content\/uploads\/2018\/06\/cmq-hospital-logo.png","width":214,"height":189,"caption":"Hospital CMQ"},"image":{"@id":"https:\/\/hospitalcmq.com\/fr\/#\/schema\/logo\/image\/"},"sameAs":["https:\/\/www.facebook.com\/HospitalCMQ"]}]}},"_links":{"self":[{"href":"https:\/\/hospitalcmq.com\/fr\/wp-json\/wp\/v2\/pages\/14337","targetHints":{"allow":["GET"]}}],"collection":[{"href":"https:\/\/hospitalcmq.com\/fr\/wp-json\/wp\/v2\/pages"}],"about":[{"href":"https:\/\/hospitalcmq.com\/fr\/wp-json\/wp\/v2\/types\/page"}],"author":[{"embeddable":true,"href":"https:\/\/hospitalcmq.com\/fr\/wp-json\/wp\/v2\/users\/2"}],"replies":[{"embeddable":true,"href":"https:\/\/hospitalcmq.com\/fr\/wp-json\/wp\/v2\/comments?post=14337"}],"version-history":[{"count":0,"href":"https:\/\/hospitalcmq.com\/fr\/wp-json\/wp\/v2\/pages\/14337\/revisions"}],"up":[{"embeddable":true,"href":"https:\/\/hospitalcmq.com\/fr\/wp-json\/wp\/v2\/pages\/13768"}],"wp:featuredmedia":[{"embeddable":true,"href":"https:\/\/hospitalcmq.com\/fr\/wp-json\/wp\/v2\/media\/4301"}],"wp:attachment":[{"href":"https:\/\/hospitalcmq.com\/fr\/wp-json\/wp\/v2\/media?parent=14337"}],"curies":[{"name":"wp","href":"https:\/\/api.w.org\/{rel}","templated":true}]}}