{"id":14334,"date":"2024-08-21T11:00:52","date_gmt":"2024-08-21T17:00:52","guid":{"rendered":"https:\/\/hospitalcmq.com\/?page_id=14334"},"modified":"2024-08-26T11:47:45","modified_gmt":"2024-08-26T17:47:45","slug":"pneumonie","status":"publish","type":"page","link":"https:\/\/hospitalcmq.com\/fr\/maladies-et-conditions\/pneumonie\/","title":{"rendered":"Pneumonie, Pr\u00e9vention et D\u00e9tection Rapide"},"content":{"rendered":"<div class=\"wpb-content-wrapper\"><p>[vc_row][vc_column][vc_column_text css=\u00a0\u00bb\u00a0\u00bb el_id=\u00a0\u00bbdefinition\u00a0\u00bb]<\/p>\n<h2>D\u00e9finition<\/h2>\n<p><span style=\"font-weight: 400;\">La pneumonie est une inflammation du tissu pulmonaire. Il s&rsquo;agit d&rsquo;un type d&rsquo;infection respiratoire aigu\u00eb qui touche un ou les deux poumons. Elle est caus\u00e9e par de multiples micro-organismes tels que des germes, des bact\u00e9ries, des virus ou des champignons. Elle peut \u00e9galement se d\u00e9velopper \u00e0 la suite de l&rsquo;inhalation de liquides ou de produits chimiques. Sa gravit\u00e9 est variable, mais elle met en danger la vie des b\u00e9b\u00e9s et des jeunes enfants, des adultes de plus de 65 ans et des personnes dont le syst\u00e8me immunitaire est affaibli.<\/span><\/p>\n<p><span style=\"font-weight: 400;\">Les causes les plus courantes de pneumonie virale sont le virus de la grippe et le virus respiratoire syncytial. Le pneumocoque est une cause fr\u00e9quente de pneumonie bact\u00e9rienne.<\/span>[\/vc_column_text][vc_empty_space height=\u00a0\u00bb28px\u00a0\u00bb][vc_row_inner el_id=\u00a0\u00bbprevention\u00a0\u00bb][vc_column_inner][vc_column_text css=\u00a0\u00bb\u00a0\u00bb]<\/p>\n<h2>Peut-on pr\u00e9venir la pneumonie ?<\/h2>\n<p><span style=\"font-weight: 400;\">Il existe des mesures pour pr\u00e9venir l&rsquo;apparition de la pneumonie, car elle est souvent \u00e9vitable et g\u00e9n\u00e9ralement traitable :<\/span><\/p>\n<ul>\n<li style=\"font-weight: 400;\" aria-level=\"1\"><b>La vaccination :<\/b><span style=\"font-weight: 400;\"> Des vaccins sont disponibles pour pr\u00e9venir certains types de pneumonie :<\/span>\n<ul>\n<li style=\"font-weight: 400;\" aria-level=\"2\"><span style=\"font-weight: 400;\">Le vaccin contre la grippe et la grippe de type B<\/span><\/li>\n<li style=\"font-weight: 400;\" aria-level=\"2\"><span style=\"font-weight: 400;\">La rougeole<\/span><\/li>\n<li style=\"font-weight: 400;\" aria-level=\"2\"><span style=\"font-weight: 400;\">Le vaccin contre la coqueluche<\/span><\/li>\n<li style=\"font-weight: 400;\" aria-level=\"2\"><span style=\"font-weight: 400;\">Vaccin antipneumococcique<\/span><\/li>\n<li style=\"font-weight: 400;\" aria-level=\"2\"><span style=\"font-weight: 400;\">Le vaccin contre la varicelle<\/span><\/li>\n<\/ul>\n<\/li>\n<li style=\"font-weight: 400;\" aria-level=\"1\"><b>Bonne hygi\u00e8ne :<\/b><span style=\"font-weight: 400;\"> \u00e9vitez cette infection et d&rsquo;autres infections respiratoires en maintenant une bonne hygi\u00e8ne des mains et en nettoyant les surfaces avec lesquelles vous \u00eates fr\u00e9quemment en contact. Si vous \u00eates malade, restez \u00e0 l&rsquo;\u00e9cart des gens pour \u00e9viter la contagion. Vous pouvez \u00e9galement vous couvrir la bouche et le nez avec des mouchoirs en papier.<\/span><\/li>\n<li style=\"font-weight: 400;\" aria-level=\"1\"><b>Ne fumez pas :<\/b><span style=\"font-weight: 400;\"> limitez votre contact avec la fum\u00e9e de cigarette. Le tabagisme endommage les d\u00e9fenses qui prot\u00e8gent les poumons contre les infections respiratoires.<\/span><\/li>\n<li style=\"font-weight: 400;\" aria-level=\"1\"><b>Renforcez votre syst\u00e8me immunitaire :<\/b><span style=\"font-weight: 400;\"> adoptez une alimentation saine, faites de l&rsquo;exercice r\u00e9guli\u00e8rement et dormez suffisamment.<\/span><\/li>\n<\/ul>\n<p>[\/vc_column_text][\/vc_column_inner][\/vc_row_inner][vc_empty_space height=\u00a0\u00bb28px\u00a0\u00bb][vc_row_inner el_id=\u00a0\u00bbsymptoms\u00a0\u00bb][vc_column_inner][vc_column_text css=\u00a0\u00bb\u00a0\u00bb]<\/p>\n<h2>Signes et sympt\u00f4mes de la pneumonie<\/h2>\n<p><span style=\"font-weight: 400;\">Les sympt\u00f4mes de la pneumonie sont divers et d\u00e9pendent du type et de l&rsquo;agent pathog\u00e8ne responsable, de l&rsquo;\u00e2ge et de l&rsquo;\u00e9tat de sant\u00e9 g\u00e9n\u00e9ral. Les sympt\u00f4mes sont souvent similaires \u00e0 ceux d&rsquo;un rhume ou d&rsquo;une grippe, mais ils durent plus longtemps et comprennent les \u00e9l\u00e9ments suivants :<\/span><\/p>\n<ul>\n<li style=\"font-weight: 400;\" aria-level=\"1\"><span style=\"font-weight: 400;\">Douleur thoracique lors de la respiration ou de la toux.<\/span><\/li>\n<li style=\"font-weight: 400;\" aria-level=\"1\"><span style=\"font-weight: 400;\">Toux avec mucosit\u00e9s<\/span><\/li>\n<li style=\"font-weight: 400;\" aria-level=\"1\"><span style=\"font-weight: 400;\">Fatigue<\/span><\/li>\n<li style=\"font-weight: 400;\" aria-level=\"1\"><span style=\"font-weight: 400;\">Fi\u00e8vre et frissons<\/span><\/li>\n<li style=\"font-weight: 400;\" aria-level=\"1\"><span style=\"font-weight: 400;\">Temp\u00e9rature corporelle basse<\/span><\/li>\n<li style=\"font-weight: 400;\" aria-level=\"1\"><span style=\"font-weight: 400;\">Naus\u00e9es, vomissements ou diarrh\u00e9e<\/span><\/li>\n<li style=\"font-weight: 400;\" aria-level=\"1\"><span style=\"font-weight: 400;\">Difficult\u00e9s respiratoires<\/span><\/li>\n<\/ul>\n<p><span style=\"font-weight: 400;\">Voici quelques types de pneumonie :<\/span><\/p>\n<ul>\n<li style=\"font-weight: 400;\" aria-level=\"1\"><b>La pneumonie bact\u00e9rienne :<\/b><span style=\"font-weight: 400;\"> elle survient le plus souvent en hiver. Les premiers sympt\u00f4mes sont g\u00e9n\u00e9ralement des frissons, suivis de fi\u00e8vre et de toux. La fi\u00e8vre peut d\u00e9passer 40 degr\u00e9s Celsius. Essoufflement, respiration rapide et douleur \u00e0 l&rsquo;inspiration.<\/span><\/li>\n<li style=\"font-weight: 400;\" aria-level=\"1\"><b>Pneumonie virale :<\/b><span style=\"font-weight: 400;\"> l&rsquo;\u00e9volution des sympt\u00f4mes est plus lente que celle de la pneumonie bact\u00e9rienne. Les signes peuvent mettre plusieurs jours \u00e0 se manifester. Les principaux sympt\u00f4mes sont des maux de t\u00eate et des douleurs articulaires. Les frissons sont absents, mais la toux est persistante et douloureuse.<\/span><\/li>\n<\/ul>\n<p>[\/vc_column_text][\/vc_column_inner][\/vc_row_inner][vc_empty_space][vc_row_inner el_id=\u00a0\u00bbrisk-factors\u00a0\u00bb][vc_column_inner][vc_column_text css=\u00a0\u00bb\u00a0\u00bb]<\/p>\n<h2>Suis-je expos\u00e9 au risque de pneumonie ?<\/h2>\n<p><span style=\"font-weight: 400;\">Comme il s&rsquo;agit d&rsquo;une maladie qui survient le plus souvent chez les enfants de moins de cinq ans et chez les adultes de plus de 65 ans, les facteurs de risque sont divis\u00e9s :<\/span><\/p>\n<p><b>Pour les adultes plus \u00e2g\u00e9s :<\/b><\/p>\n<ul>\n<li style=\"font-weight: 400;\" aria-level=\"1\"><span style=\"font-weight: 400;\">Le tabagisme<\/span><\/li>\n<li style=\"font-weight: 400;\" aria-level=\"1\"><span style=\"font-weight: 400;\">Maladies chroniques<\/span><\/li>\n<li style=\"font-weight: 400;\" aria-level=\"1\"><span style=\"font-weight: 400;\">Exc\u00e8s de poids<\/span><\/li>\n<li style=\"font-weight: 400;\" aria-level=\"1\"><span style=\"font-weight: 400;\">Alcoolisme<\/span><\/li>\n<li style=\"font-weight: 400;\" aria-level=\"1\"><span style=\"font-weight: 400;\">D\u00e9mence<\/span><\/li>\n<li style=\"font-weight: 400;\" aria-level=\"1\"><span style=\"font-weight: 400;\">Intervention chirurgicale et hospitalisation r\u00e9centes<\/span><\/li>\n<\/ul>\n<p><b>Pour les enfants de moins de cinq ans<\/b><\/p>\n<ul>\n<li style=\"font-weight: 400;\" aria-level=\"1\"><span style=\"font-weight: 400;\">Malnutrition<\/span><\/li>\n<li style=\"font-weight: 400;\" aria-level=\"1\"><span style=\"font-weight: 400;\">Infection virale<\/span><\/li>\n<li style=\"font-weight: 400;\" aria-level=\"1\"><span style=\"font-weight: 400;\">Absence de vaccinations<\/span><\/li>\n<li style=\"font-weight: 400;\" aria-level=\"1\"><span style=\"font-weight: 400;\">Faible immunit\u00e9<\/span><\/li>\n<\/ul>\n<p>[\/vc_column_text][\/vc_column_inner][\/vc_row_inner][vc_empty_space][vc_row_inner el_id=\u00a0\u00bbtreatment\u00a0\u00bb][vc_column_inner][vc_column_text css=\u00a0\u00bb\u00a0\u00bb]<\/p>\n<h2>Traitement<\/h2>\n<p><span style=\"font-weight: 400;\">La pneumonie caus\u00e9e par des bact\u00e9ries peut \u00eatre trait\u00e9e par des antibiotiques. Dans la plupart des cas, il faut prendre des antibiotiques par voie orale, qui sont prescrits dans les centres de sant\u00e9. L&rsquo;hospitalisation n&rsquo;est recommand\u00e9e que dans les cas graves.<\/span><\/p>\n<p><span style=\"font-weight: 400;\">La comorbidit\u00e9, en m\u00e9decine, est d\u00e9crite comme l&rsquo;effet d&rsquo;une ou de plusieurs maladies sur un patient dont la maladie initiale et\/ou primaire est totalement diff\u00e9rente. Il s&rsquo;agit de la pr\u00e9sence simultan\u00e9e de plus d&rsquo;un diagnostic. Cela n&rsquo;implique pas n\u00e9cessairement la pr\u00e9sence de plusieurs maladies, mais refl\u00e8te en fait l&rsquo;incapacit\u00e9 \u00e0 l&rsquo;\u00e9poque d&rsquo;attribuer un diagnostic unique \u00e0 tous les sympt\u00f4mes pr\u00e9sent\u00e9s.<\/span>[\/vc_column_text][\/vc_column_inner][\/vc_row_inner][\/vc_column][\/vc_row]<\/p>\n<\/div>","protected":false},"excerpt":{"rendered":"<p>La pneumonie est une inflammation du tissu pulmonaire caus\u00e9e par de multiples micro-organismes, virus, bact\u00e9ries et champignons. Elle touche principalement les enfants et les personnes \u00e2g\u00e9es. Le virus de la grippe H1N1 est une cause fr\u00e9quente de pneumonie. Dans ce contenu, nous vous proposons les bons gestes \u00e0 adopter pour pr\u00e9venir la pneumonie et, si vous en \u00eates atteint, ce que vous pouvez faire pour la traiter.<\/p>\n","protected":false},"author":2,"featured_media":14167,"parent":13768,"menu_order":0,"comment_status":"closed","ping_status":"closed","template":"","meta":{"footnotes":""},"class_list":["post-14334","page","type-page","status-publish","has-post-thumbnail","hentry"],"acf":[],"yoast_head":"<!-- This site is optimized with the Yoast SEO plugin v27.3 - https:\/\/yoast.com\/product\/yoast-seo-wordpress\/ -->\n<title>Pneumonie : comment d\u00e9tecter et pr\u00e9venir cette maladie ?<\/title>\n<meta name=\"description\" content=\"Tout le monde peut contracter une pneumonie, mais les enfants et les personnes \u00e2g\u00e9es sont les plus expos\u00e9s. D\u00e9couvrez ici des conseils pour pr\u00e9venir cette maladie.\" \/>\n<meta name=\"robots\" content=\"index, follow, max-snippet:-1, max-image-preview:large, max-video-preview:-1\" \/>\n<link rel=\"canonical\" href=\"https:\/\/hospitalcmq.com\/fr\/maladies-et-conditions\/pneumonie\/\" \/>\n<meta property=\"og:locale\" content=\"fr_FR\" \/>\n<meta property=\"og:type\" content=\"article\" \/>\n<meta property=\"og:title\" content=\"Pneumonie : comment d\u00e9tecter et pr\u00e9venir cette maladie ?\" \/>\n<meta property=\"og:description\" content=\"Tout le monde peut contracter une pneumonie, mais les enfants et les personnes \u00e2g\u00e9es sont les plus expos\u00e9s. D\u00e9couvrez ici des conseils pour pr\u00e9venir cette maladie.\" \/>\n<meta property=\"og:url\" content=\"https:\/\/hospitalcmq.com\/fr\/maladies-et-conditions\/pneumonie\/\" \/>\n<meta property=\"og:site_name\" content=\"Hospital CMQ\" \/>\n<meta property=\"article:publisher\" content=\"https:\/\/www.facebook.com\/HospitalCMQ\" \/>\n<meta property=\"article:modified_time\" content=\"2024-08-26T17:47:45+00:00\" \/>\n<meta property=\"og:image\" content=\"https:\/\/hospitalcmq.com\/wp-content\/uploads\/2024\/06\/Neumonia.png\" \/>\n\t<meta property=\"og:image:width\" content=\"303\" \/>\n\t<meta property=\"og:image:height\" content=\"352\" \/>\n\t<meta property=\"og:image:type\" content=\"image\/png\" \/>\n<meta name=\"twitter:card\" content=\"summary_large_image\" \/>\n<meta name=\"twitter:label1\" content=\"Dur\u00e9e de lecture estim\u00e9e\" \/>\n\t<meta name=\"twitter:data1\" content=\"4 minutes\" \/>\n<script type=\"application\/ld+json\" class=\"yoast-schema-graph\">{\"@context\":\"https:\\\/\\\/schema.org\",\"@graph\":[{\"@type\":\"WebPage\",\"@id\":\"https:\\\/\\\/hospitalcmq.com\\\/fr\\\/maladies-et-conditions\\\/pneumonie\\\/\",\"url\":\"https:\\\/\\\/hospitalcmq.com\\\/fr\\\/maladies-et-conditions\\\/pneumonie\\\/\",\"name\":\"Pneumonie : comment d\u00e9tecter et pr\u00e9venir cette maladie ?\",\"isPartOf\":{\"@id\":\"https:\\\/\\\/hospitalcmq.com\\\/fr\\\/#website\"},\"primaryImageOfPage\":{\"@id\":\"https:\\\/\\\/hospitalcmq.com\\\/fr\\\/maladies-et-conditions\\\/pneumonie\\\/#primaryimage\"},\"image\":{\"@id\":\"https:\\\/\\\/hospitalcmq.com\\\/fr\\\/maladies-et-conditions\\\/pneumonie\\\/#primaryimage\"},\"thumbnailUrl\":\"https:\\\/\\\/hospitalcmq.com\\\/wp-content\\\/uploads\\\/2024\\\/06\\\/Neumonia.png\",\"datePublished\":\"2024-08-21T17:00:52+00:00\",\"dateModified\":\"2024-08-26T17:47:45+00:00\",\"description\":\"Tout le monde peut contracter une pneumonie, mais les enfants et les personnes \u00e2g\u00e9es sont les plus expos\u00e9s. D\u00e9couvrez ici des conseils pour pr\u00e9venir cette maladie.\",\"breadcrumb\":{\"@id\":\"https:\\\/\\\/hospitalcmq.com\\\/fr\\\/maladies-et-conditions\\\/pneumonie\\\/#breadcrumb\"},\"inLanguage\":\"fr-FR\",\"potentialAction\":[{\"@type\":\"ReadAction\",\"target\":[\"https:\\\/\\\/hospitalcmq.com\\\/fr\\\/maladies-et-conditions\\\/pneumonie\\\/\"]}]},{\"@type\":\"ImageObject\",\"inLanguage\":\"fr-FR\",\"@id\":\"https:\\\/\\\/hospitalcmq.com\\\/fr\\\/maladies-et-conditions\\\/pneumonie\\\/#primaryimage\",\"url\":\"https:\\\/\\\/hospitalcmq.com\\\/wp-content\\\/uploads\\\/2024\\\/06\\\/Neumonia.png\",\"contentUrl\":\"https:\\\/\\\/hospitalcmq.com\\\/wp-content\\\/uploads\\\/2024\\\/06\\\/Neumonia.png\",\"width\":303,\"height\":352},{\"@type\":\"BreadcrumbList\",\"@id\":\"https:\\\/\\\/hospitalcmq.com\\\/fr\\\/maladies-et-conditions\\\/pneumonie\\\/#breadcrumb\",\"itemListElement\":[{\"@type\":\"ListItem\",\"position\":1,\"name\":\"Home\",\"item\":\"https:\\\/\\\/hospitalcmq.com\\\/fr\\\/\"},{\"@type\":\"ListItem\",\"position\":2,\"name\":\"Maladies et conditions\",\"item\":\"https:\\\/\\\/hospitalcmq.com\\\/fr\\\/maladies-et-conditions\\\/\"},{\"@type\":\"ListItem\",\"position\":3,\"name\":\"Pneumonie, Pr\u00e9vention et D\u00e9tection Rapide\"}]},{\"@type\":\"WebSite\",\"@id\":\"https:\\\/\\\/hospitalcmq.com\\\/fr\\\/#website\",\"url\":\"https:\\\/\\\/hospitalcmq.com\\\/fr\\\/\",\"name\":\"Hospital CMQ\",\"description\":\"Best Hospitals in Puerto Vallarta &amp; Riviera Nayarit\",\"publisher\":{\"@id\":\"https:\\\/\\\/hospitalcmq.com\\\/fr\\\/#organization\"},\"potentialAction\":[{\"@type\":\"SearchAction\",\"target\":{\"@type\":\"EntryPoint\",\"urlTemplate\":\"https:\\\/\\\/hospitalcmq.com\\\/fr\\\/?s={search_term_string}\"},\"query-input\":{\"@type\":\"PropertyValueSpecification\",\"valueRequired\":true,\"valueName\":\"search_term_string\"}}],\"inLanguage\":\"fr-FR\"},{\"@type\":\"Organization\",\"@id\":\"https:\\\/\\\/hospitalcmq.com\\\/fr\\\/#organization\",\"name\":\"Hospital CMQ\",\"url\":\"https:\\\/\\\/hospitalcmq.com\\\/fr\\\/\",\"logo\":{\"@type\":\"ImageObject\",\"inLanguage\":\"fr-FR\",\"@id\":\"https:\\\/\\\/hospitalcmq.com\\\/fr\\\/#\\\/schema\\\/logo\\\/image\\\/\",\"url\":\"https:\\\/\\\/hospitalcmq.com\\\/wp-content\\\/uploads\\\/2018\\\/06\\\/cmq-hospital-logo.png\",\"contentUrl\":\"https:\\\/\\\/hospitalcmq.com\\\/wp-content\\\/uploads\\\/2018\\\/06\\\/cmq-hospital-logo.png\",\"width\":214,\"height\":189,\"caption\":\"Hospital CMQ\"},\"image\":{\"@id\":\"https:\\\/\\\/hospitalcmq.com\\\/fr\\\/#\\\/schema\\\/logo\\\/image\\\/\"},\"sameAs\":[\"https:\\\/\\\/www.facebook.com\\\/HospitalCMQ\"]}]}<\/script>\n<!-- \/ Yoast SEO plugin. -->","yoast_head_json":{"title":"Pneumonie : comment d\u00e9tecter et pr\u00e9venir cette maladie ?","description":"Tout le monde peut contracter une pneumonie, mais les enfants et les personnes \u00e2g\u00e9es sont les plus expos\u00e9s. D\u00e9couvrez ici des conseils pour pr\u00e9venir cette maladie.","robots":{"index":"index","follow":"follow","max-snippet":"max-snippet:-1","max-image-preview":"max-image-preview:large","max-video-preview":"max-video-preview:-1"},"canonical":"https:\/\/hospitalcmq.com\/fr\/maladies-et-conditions\/pneumonie\/","og_locale":"fr_FR","og_type":"article","og_title":"Pneumonie : comment d\u00e9tecter et pr\u00e9venir cette maladie ?","og_description":"Tout le monde peut contracter une pneumonie, mais les enfants et les personnes \u00e2g\u00e9es sont les plus expos\u00e9s. D\u00e9couvrez ici des conseils pour pr\u00e9venir cette maladie.","og_url":"https:\/\/hospitalcmq.com\/fr\/maladies-et-conditions\/pneumonie\/","og_site_name":"Hospital CMQ","article_publisher":"https:\/\/www.facebook.com\/HospitalCMQ","article_modified_time":"2024-08-26T17:47:45+00:00","og_image":[{"width":303,"height":352,"url":"https:\/\/hospitalcmq.com\/wp-content\/uploads\/2024\/06\/Neumonia.png","type":"image\/png"}],"twitter_card":"summary_large_image","twitter_misc":{"Dur\u00e9e de lecture estim\u00e9e":"4 minutes"},"schema":{"@context":"https:\/\/schema.org","@graph":[{"@type":"WebPage","@id":"https:\/\/hospitalcmq.com\/fr\/maladies-et-conditions\/pneumonie\/","url":"https:\/\/hospitalcmq.com\/fr\/maladies-et-conditions\/pneumonie\/","name":"Pneumonie : comment d\u00e9tecter et pr\u00e9venir cette maladie ?","isPartOf":{"@id":"https:\/\/hospitalcmq.com\/fr\/#website"},"primaryImageOfPage":{"@id":"https:\/\/hospitalcmq.com\/fr\/maladies-et-conditions\/pneumonie\/#primaryimage"},"image":{"@id":"https:\/\/hospitalcmq.com\/fr\/maladies-et-conditions\/pneumonie\/#primaryimage"},"thumbnailUrl":"https:\/\/hospitalcmq.com\/wp-content\/uploads\/2024\/06\/Neumonia.png","datePublished":"2024-08-21T17:00:52+00:00","dateModified":"2024-08-26T17:47:45+00:00","description":"Tout le monde peut contracter une pneumonie, mais les enfants et les personnes \u00e2g\u00e9es sont les plus expos\u00e9s. D\u00e9couvrez ici des conseils pour pr\u00e9venir cette maladie.","breadcrumb":{"@id":"https:\/\/hospitalcmq.com\/fr\/maladies-et-conditions\/pneumonie\/#breadcrumb"},"inLanguage":"fr-FR","potentialAction":[{"@type":"ReadAction","target":["https:\/\/hospitalcmq.com\/fr\/maladies-et-conditions\/pneumonie\/"]}]},{"@type":"ImageObject","inLanguage":"fr-FR","@id":"https:\/\/hospitalcmq.com\/fr\/maladies-et-conditions\/pneumonie\/#primaryimage","url":"https:\/\/hospitalcmq.com\/wp-content\/uploads\/2024\/06\/Neumonia.png","contentUrl":"https:\/\/hospitalcmq.com\/wp-content\/uploads\/2024\/06\/Neumonia.png","width":303,"height":352},{"@type":"BreadcrumbList","@id":"https:\/\/hospitalcmq.com\/fr\/maladies-et-conditions\/pneumonie\/#breadcrumb","itemListElement":[{"@type":"ListItem","position":1,"name":"Home","item":"https:\/\/hospitalcmq.com\/fr\/"},{"@type":"ListItem","position":2,"name":"Maladies et conditions","item":"https:\/\/hospitalcmq.com\/fr\/maladies-et-conditions\/"},{"@type":"ListItem","position":3,"name":"Pneumonie, Pr\u00e9vention et D\u00e9tection Rapide"}]},{"@type":"WebSite","@id":"https:\/\/hospitalcmq.com\/fr\/#website","url":"https:\/\/hospitalcmq.com\/fr\/","name":"Hospital CMQ","description":"Best Hospitals in Puerto Vallarta &amp; Riviera Nayarit","publisher":{"@id":"https:\/\/hospitalcmq.com\/fr\/#organization"},"potentialAction":[{"@type":"SearchAction","target":{"@type":"EntryPoint","urlTemplate":"https:\/\/hospitalcmq.com\/fr\/?s={search_term_string}"},"query-input":{"@type":"PropertyValueSpecification","valueRequired":true,"valueName":"search_term_string"}}],"inLanguage":"fr-FR"},{"@type":"Organization","@id":"https:\/\/hospitalcmq.com\/fr\/#organization","name":"Hospital CMQ","url":"https:\/\/hospitalcmq.com\/fr\/","logo":{"@type":"ImageObject","inLanguage":"fr-FR","@id":"https:\/\/hospitalcmq.com\/fr\/#\/schema\/logo\/image\/","url":"https:\/\/hospitalcmq.com\/wp-content\/uploads\/2018\/06\/cmq-hospital-logo.png","contentUrl":"https:\/\/hospitalcmq.com\/wp-content\/uploads\/2018\/06\/cmq-hospital-logo.png","width":214,"height":189,"caption":"Hospital CMQ"},"image":{"@id":"https:\/\/hospitalcmq.com\/fr\/#\/schema\/logo\/image\/"},"sameAs":["https:\/\/www.facebook.com\/HospitalCMQ"]}]}},"_links":{"self":[{"href":"https:\/\/hospitalcmq.com\/fr\/wp-json\/wp\/v2\/pages\/14334","targetHints":{"allow":["GET"]}}],"collection":[{"href":"https:\/\/hospitalcmq.com\/fr\/wp-json\/wp\/v2\/pages"}],"about":[{"href":"https:\/\/hospitalcmq.com\/fr\/wp-json\/wp\/v2\/types\/page"}],"author":[{"embeddable":true,"href":"https:\/\/hospitalcmq.com\/fr\/wp-json\/wp\/v2\/users\/2"}],"replies":[{"embeddable":true,"href":"https:\/\/hospitalcmq.com\/fr\/wp-json\/wp\/v2\/comments?post=14334"}],"version-history":[{"count":0,"href":"https:\/\/hospitalcmq.com\/fr\/wp-json\/wp\/v2\/pages\/14334\/revisions"}],"up":[{"embeddable":true,"href":"https:\/\/hospitalcmq.com\/fr\/wp-json\/wp\/v2\/pages\/13768"}],"wp:featuredmedia":[{"embeddable":true,"href":"https:\/\/hospitalcmq.com\/fr\/wp-json\/wp\/v2\/media\/14167"}],"wp:attachment":[{"href":"https:\/\/hospitalcmq.com\/fr\/wp-json\/wp\/v2\/media?parent=14334"}],"curies":[{"name":"wp","href":"https:\/\/api.w.org\/{rel}","templated":true}]}}