{"id":14096,"date":"2024-06-04T10:25:41","date_gmt":"2024-06-04T16:25:41","guid":{"rendered":"https:\/\/hospitalcmq.com\/?page_id=14096"},"modified":"2024-06-07T10:37:34","modified_gmt":"2024-06-07T16:37:34","slug":"medecins","status":"publish","type":"page","link":"https:\/\/hospitalcmq.com\/fr\/medecins\/","title":{"rendered":"M\u00e9decins \u00e0 Puerto Vallarta"},"content":{"rendered":"<div class=\"wpb-content-wrapper\"><p>[vc_row][vc_column][vc_column_text]<\/p>\n<h1>M\u00e9decins \u00e0 Puerto Vallarta<\/h1>\n<h2>Vous recherchez les meilleurs sp\u00e9cialistes de Puerto Vallarta et de la Riviera Nayarit ?<\/h2>\n<h3><strong>Trouvez-les ici<\/strong><span style=\"font-weight: 400;\">\u00a0<\/span><\/h3>\n<p><span style=\"font-weight: 400;\">Nos m\u00e9decins sont pr\u00eats \u00e0 assurer des consultations et des visites \u00e0 domicile. De m\u00eame, nos sp\u00e9cialistes sont disponibles pour fournir des soins d&rsquo;urgence 24h\/24 et 7j\/7 dans nos trois h\u00f4pitaux situ\u00e9s dans la r\u00e9gion de la baie de Banderas.<\/span><\/p>\n<p><span style=\"font-weight: 400;\">Aux H\u00f4pitaux CMQ, nous avons plus de 20 sp\u00e9cialit\u00e9s \u00e0 votre disposition, telles que : la gyn\u00e9cologie, l&rsquo;ophtalmologie, la dermatologie, l&rsquo;oto-rhino-laryngologie, la p\u00e9diatrie et la gyn\u00e9cologie-obst\u00e9trique. Nous disposons \u00e9galement des meilleurs sp\u00e9cialistes en neurologie, cardiologie, traumatologie et orthop\u00e9die, podologie, chirurgie plastique et angiologie. En outre, nous disposons de sp\u00e9cialistes en chirurgie bariatrique, en nutrition et en contr\u00f4le du poids, en urologie, en dentisterie et plus encore.<\/span><\/p>\n<p><span style=\"font-weight: 400;\"><strong>Utilisez la barre de recherche pour trouver des m\u00e9decins \u00e0 Puerto Vallarta.<\/strong><\/span><br \/>\n<span style=\"font-weight: 400;\">Vous pouvez effectuer une recherche par : nom du m\u00e9decin ou sp\u00e9cialit\u00e9.<\/span>[\/vc_column_text][\/vc_column][\/vc_row]<\/p>\n<\/div>","protected":false},"excerpt":{"rendered":"<p>En Hospital CMQ, contamos con m\u00e1s de 30 especialistas disponibles, en especialidades como: Atenci\u00f3n Primaria, Medicina Familiar, Pediatr\u00eda, Medicina Interna, Obstetricia y Ginecolog\u00eda, Cardiolog\u00eda, Traumatolog\u00eda y Ortopedia, Cirug\u00eda Bari\u00e1trica y Control de Peso, Oftalmolog\u00eda, Urolog\u00eda , Neurolog\u00eda y muchos m\u00e1s.<\/p>\n","protected":false},"author":2,"featured_media":0,"parent":0,"menu_order":0,"comment_status":"closed","ping_status":"closed","template":"layout-doctors-directory.php","meta":{"footnotes":""},"class_list":["post-14096","page","type-page","status-publish","hentry"],"acf":[],"yoast_head":"<!-- This site is optimized with the Yoast SEO plugin v27.4 - https:\/\/yoast.com\/product\/yoast-seo-wordpress\/ -->\n<title>M\u00e9decins \u00e0 Puerto Vallarta, Trouvez votre m\u00e9decin ici !<\/title>\n<meta name=\"description\" content=\"Aux h\u00f4pitaux CMQ, nous avons les meilleurs m\u00e9decins de Puerto Vallarta. Plus de 20 sp\u00e9cialit\u00e9s sont disponibles pour vous. Rendez-vous d\u00e8s aujourd&#039;hui !\" \/>\n<meta name=\"robots\" content=\"index, follow, max-snippet:-1, max-image-preview:large, max-video-preview:-1\" \/>\n<link rel=\"canonical\" href=\"https:\/\/hospitalcmq.com\/fr\/medecins\/\" \/>\n<meta property=\"og:locale\" content=\"fr_FR\" \/>\n<meta property=\"og:type\" content=\"article\" \/>\n<meta property=\"og:title\" content=\"M\u00e9decins \u00e0 Puerto Vallarta, Trouvez votre m\u00e9decin ici !\" \/>\n<meta property=\"og:description\" content=\"Aux h\u00f4pitaux CMQ, nous avons les meilleurs m\u00e9decins de Puerto Vallarta. Plus de 20 sp\u00e9cialit\u00e9s sont disponibles pour vous. Rendez-vous d\u00e8s aujourd&#039;hui !\" \/>\n<meta property=\"og:url\" content=\"https:\/\/hospitalcmq.com\/fr\/medecins\/\" \/>\n<meta property=\"og:site_name\" content=\"Hospital CMQ\" \/>\n<meta property=\"article:publisher\" content=\"https:\/\/www.facebook.com\/HospitalCMQ\" \/>\n<meta property=\"article:modified_time\" content=\"2024-06-07T16:37:34+00:00\" \/>\n<meta property=\"og:image\" content=\"https:\/\/hospitalcmq.com\/wp-content\/uploads\/2018\/06\/cmq-hospital-logo.png\" \/>\n\t<meta property=\"og:image:width\" content=\"214\" \/>\n\t<meta property=\"og:image:height\" content=\"189\" \/>\n\t<meta property=\"og:image:type\" content=\"image\/png\" \/>\n<meta name=\"twitter:card\" content=\"summary_large_image\" \/>\n<meta name=\"twitter:label1\" content=\"Dur\u00e9e de lecture estim\u00e9e\" \/>\n\t<meta name=\"twitter:data1\" content=\"1 minute\" \/>\n<script type=\"application\/ld+json\" class=\"yoast-schema-graph\">{\"@context\":\"https:\\\/\\\/schema.org\",\"@graph\":[{\"@type\":\"WebPage\",\"@id\":\"https:\\\/\\\/hospitalcmq.com\\\/fr\\\/medecins\\\/\",\"url\":\"https:\\\/\\\/hospitalcmq.com\\\/fr\\\/medecins\\\/\",\"name\":\"M\u00e9decins \u00e0 Puerto Vallarta, Trouvez votre m\u00e9decin ici !\",\"isPartOf\":{\"@id\":\"https:\\\/\\\/hospitalcmq.com\\\/fr\\\/#website\"},\"datePublished\":\"2024-06-04T16:25:41+00:00\",\"dateModified\":\"2024-06-07T16:37:34+00:00\",\"description\":\"Aux h\u00f4pitaux CMQ, nous avons les meilleurs m\u00e9decins de Puerto Vallarta. Plus de 20 sp\u00e9cialit\u00e9s sont disponibles pour vous. Rendez-vous d\u00e8s aujourd'hui !\",\"breadcrumb\":{\"@id\":\"https:\\\/\\\/hospitalcmq.com\\\/fr\\\/medecins\\\/#breadcrumb\"},\"inLanguage\":\"fr-FR\",\"potentialAction\":[{\"@type\":\"ReadAction\",\"target\":[\"https:\\\/\\\/hospitalcmq.com\\\/fr\\\/medecins\\\/\"]}]},{\"@type\":\"BreadcrumbList\",\"@id\":\"https:\\\/\\\/hospitalcmq.com\\\/fr\\\/medecins\\\/#breadcrumb\",\"itemListElement\":[{\"@type\":\"ListItem\",\"position\":1,\"name\":\"Home\",\"item\":\"https:\\\/\\\/hospitalcmq.com\\\/fr\\\/\"},{\"@type\":\"ListItem\",\"position\":2,\"name\":\"M\u00e9decins \u00e0 Puerto Vallarta\"}]},{\"@type\":\"WebSite\",\"@id\":\"https:\\\/\\\/hospitalcmq.com\\\/fr\\\/#website\",\"url\":\"https:\\\/\\\/hospitalcmq.com\\\/fr\\\/\",\"name\":\"Hospital CMQ\",\"description\":\"Best Hospitals in Puerto Vallarta &amp; Riviera Nayarit\",\"publisher\":{\"@id\":\"https:\\\/\\\/hospitalcmq.com\\\/fr\\\/#organization\"},\"potentialAction\":[{\"@type\":\"SearchAction\",\"target\":{\"@type\":\"EntryPoint\",\"urlTemplate\":\"https:\\\/\\\/hospitalcmq.com\\\/fr\\\/?s={search_term_string}\"},\"query-input\":{\"@type\":\"PropertyValueSpecification\",\"valueRequired\":true,\"valueName\":\"search_term_string\"}}],\"inLanguage\":\"fr-FR\"},{\"@type\":\"Organization\",\"@id\":\"https:\\\/\\\/hospitalcmq.com\\\/fr\\\/#organization\",\"name\":\"Hospital CMQ\",\"url\":\"https:\\\/\\\/hospitalcmq.com\\\/fr\\\/\",\"logo\":{\"@type\":\"ImageObject\",\"inLanguage\":\"fr-FR\",\"@id\":\"https:\\\/\\\/hospitalcmq.com\\\/fr\\\/#\\\/schema\\\/logo\\\/image\\\/\",\"url\":\"https:\\\/\\\/hospitalcmq.com\\\/wp-content\\\/uploads\\\/2018\\\/06\\\/cmq-hospital-logo.png\",\"contentUrl\":\"https:\\\/\\\/hospitalcmq.com\\\/wp-content\\\/uploads\\\/2018\\\/06\\\/cmq-hospital-logo.png\",\"width\":214,\"height\":189,\"caption\":\"Hospital CMQ\"},\"image\":{\"@id\":\"https:\\\/\\\/hospitalcmq.com\\\/fr\\\/#\\\/schema\\\/logo\\\/image\\\/\"},\"sameAs\":[\"https:\\\/\\\/www.facebook.com\\\/HospitalCMQ\"]}]}<\/script>\n<!-- \/ Yoast SEO plugin. -->","yoast_head_json":{"title":"M\u00e9decins \u00e0 Puerto Vallarta, Trouvez votre m\u00e9decin ici !","description":"Aux h\u00f4pitaux CMQ, nous avons les meilleurs m\u00e9decins de Puerto Vallarta. Plus de 20 sp\u00e9cialit\u00e9s sont disponibles pour vous. Rendez-vous d\u00e8s aujourd'hui !","robots":{"index":"index","follow":"follow","max-snippet":"max-snippet:-1","max-image-preview":"max-image-preview:large","max-video-preview":"max-video-preview:-1"},"canonical":"https:\/\/hospitalcmq.com\/fr\/medecins\/","og_locale":"fr_FR","og_type":"article","og_title":"M\u00e9decins \u00e0 Puerto Vallarta, Trouvez votre m\u00e9decin ici !","og_description":"Aux h\u00f4pitaux CMQ, nous avons les meilleurs m\u00e9decins de Puerto Vallarta. Plus de 20 sp\u00e9cialit\u00e9s sont disponibles pour vous. Rendez-vous d\u00e8s aujourd'hui !","og_url":"https:\/\/hospitalcmq.com\/fr\/medecins\/","og_site_name":"Hospital CMQ","article_publisher":"https:\/\/www.facebook.com\/HospitalCMQ","article_modified_time":"2024-06-07T16:37:34+00:00","og_image":[{"width":214,"height":189,"url":"https:\/\/hospitalcmq.com\/wp-content\/uploads\/2018\/06\/cmq-hospital-logo.png","type":"image\/png"}],"twitter_card":"summary_large_image","twitter_misc":{"Dur\u00e9e de lecture estim\u00e9e":"1 minute"},"schema":{"@context":"https:\/\/schema.org","@graph":[{"@type":"WebPage","@id":"https:\/\/hospitalcmq.com\/fr\/medecins\/","url":"https:\/\/hospitalcmq.com\/fr\/medecins\/","name":"M\u00e9decins \u00e0 Puerto Vallarta, Trouvez votre m\u00e9decin ici !","isPartOf":{"@id":"https:\/\/hospitalcmq.com\/fr\/#website"},"datePublished":"2024-06-04T16:25:41+00:00","dateModified":"2024-06-07T16:37:34+00:00","description":"Aux h\u00f4pitaux CMQ, nous avons les meilleurs m\u00e9decins de Puerto Vallarta. Plus de 20 sp\u00e9cialit\u00e9s sont disponibles pour vous. Rendez-vous d\u00e8s aujourd'hui !","breadcrumb":{"@id":"https:\/\/hospitalcmq.com\/fr\/medecins\/#breadcrumb"},"inLanguage":"fr-FR","potentialAction":[{"@type":"ReadAction","target":["https:\/\/hospitalcmq.com\/fr\/medecins\/"]}]},{"@type":"BreadcrumbList","@id":"https:\/\/hospitalcmq.com\/fr\/medecins\/#breadcrumb","itemListElement":[{"@type":"ListItem","position":1,"name":"Home","item":"https:\/\/hospitalcmq.com\/fr\/"},{"@type":"ListItem","position":2,"name":"M\u00e9decins \u00e0 Puerto Vallarta"}]},{"@type":"WebSite","@id":"https:\/\/hospitalcmq.com\/fr\/#website","url":"https:\/\/hospitalcmq.com\/fr\/","name":"Hospital CMQ","description":"Best Hospitals in Puerto Vallarta &amp; Riviera Nayarit","publisher":{"@id":"https:\/\/hospitalcmq.com\/fr\/#organization"},"potentialAction":[{"@type":"SearchAction","target":{"@type":"EntryPoint","urlTemplate":"https:\/\/hospitalcmq.com\/fr\/?s={search_term_string}"},"query-input":{"@type":"PropertyValueSpecification","valueRequired":true,"valueName":"search_term_string"}}],"inLanguage":"fr-FR"},{"@type":"Organization","@id":"https:\/\/hospitalcmq.com\/fr\/#organization","name":"Hospital CMQ","url":"https:\/\/hospitalcmq.com\/fr\/","logo":{"@type":"ImageObject","inLanguage":"fr-FR","@id":"https:\/\/hospitalcmq.com\/fr\/#\/schema\/logo\/image\/","url":"https:\/\/hospitalcmq.com\/wp-content\/uploads\/2018\/06\/cmq-hospital-logo.png","contentUrl":"https:\/\/hospitalcmq.com\/wp-content\/uploads\/2018\/06\/cmq-hospital-logo.png","width":214,"height":189,"caption":"Hospital CMQ"},"image":{"@id":"https:\/\/hospitalcmq.com\/fr\/#\/schema\/logo\/image\/"},"sameAs":["https:\/\/www.facebook.com\/HospitalCMQ"]}]}},"_links":{"self":[{"href":"https:\/\/hospitalcmq.com\/fr\/wp-json\/wp\/v2\/pages\/14096","targetHints":{"allow":["GET"]}}],"collection":[{"href":"https:\/\/hospitalcmq.com\/fr\/wp-json\/wp\/v2\/pages"}],"about":[{"href":"https:\/\/hospitalcmq.com\/fr\/wp-json\/wp\/v2\/types\/page"}],"author":[{"embeddable":true,"href":"https:\/\/hospitalcmq.com\/fr\/wp-json\/wp\/v2\/users\/2"}],"replies":[{"embeddable":true,"href":"https:\/\/hospitalcmq.com\/fr\/wp-json\/wp\/v2\/comments?post=14096"}],"version-history":[{"count":0,"href":"https:\/\/hospitalcmq.com\/fr\/wp-json\/wp\/v2\/pages\/14096\/revisions"}],"wp:attachment":[{"href":"https:\/\/hospitalcmq.com\/fr\/wp-json\/wp\/v2\/media?parent=14096"}],"curies":[{"name":"wp","href":"https:\/\/api.w.org\/{rel}","templated":true}]}}