{"id":13912,"date":"2024-01-23T10:48:26","date_gmt":"2024-01-23T16:48:26","guid":{"rendered":"https:\/\/hospitalcmq.com\/?page_id=13912"},"modified":"2024-08-26T11:54:17","modified_gmt":"2024-08-26T17:54:17","slug":"crise-cardiaque","status":"publish","type":"page","link":"https:\/\/hospitalcmq.com\/fr\/maladies-et-conditions\/crise-cardiaque\/","title":{"rendered":"Qu&rsquo;est-ce que c\u2019est une crise cardiaque et comment la pr\u00e9venir ?"},"content":{"rendered":"<div class=\"wpb-content-wrapper\"><p>[vc_row][vc_column][vc_column_text el_id=\u00a0\u00bbdefinition\u00a0\u00bb]<\/p>\n<h2 class=\"p1\">Quelles sont les causes d&rsquo;une crise cardiaque ?<\/h2>\n<p class=\"p1\">Une crise cardiaque est caus\u00e9e par un ou plusieurs caillots qui bloquent l&rsquo;une des art\u00e8res coronaires. Celles-ci transportent le sang et l&rsquo;oxyg\u00e8ne vers le c\u0153ur. Si le flux sanguin est bloqu\u00e9 et n&rsquo;est pas rapidement r\u00e9tabli, le c\u0153ur souffre d&rsquo;un manque d&rsquo;oxyg\u00e8ne et les cellules cardiaques commencent \u00e0 mourir. Les crises cardiaques sont le r\u00e9sultat d&rsquo;une maladie coronarienne. Connue sous le nom de maladie des art\u00e8res coronaires.<\/p>\n<p>[\/vc_column_text][vc_empty_space height=\u00a0\u00bb28px\u00a0\u00bb][vc_row_inner el_id=\u00a0\u00bbprevention\u00a0\u00bb][vc_column_inner][vc_column_text]<\/p>\n<h2 class=\"p1\">Comment pr\u00e9venir une crise cardiaque ?<\/h2>\n<p class=\"p1\">Un mode de vie sain pour le c\u0153ur peut aider \u00e0 pr\u00e9venir une crise cardiaque. Les changements positifs comprennent une alimentation \u00e9quilibr\u00e9e et saine pour le c\u0153ur, une activit\u00e9 physique, l&rsquo;arr\u00eat du tabac, la gestion du stress et le maintien d&rsquo;un poids sain. La r\u00e9duction des facteurs de risque de maladie coronarienne peut \u00e9galement contribuer \u00e0 pr\u00e9venir l&rsquo;insuffisance cardiaque. M\u00eame si vous souffrez d&rsquo;une maladie coronarienne, vous pouvez prendre certaines mesures pour r\u00e9duire votre risque de crise cardiaque.<\/p>\n<p>[\/vc_column_text][\/vc_column_inner][\/vc_row_inner][vc_empty_space height=\u00a0\u00bb28px\u00a0\u00bb][vc_row_inner el_id=\u00a0\u00bbsymptoms\u00a0\u00bb][vc_column_inner][vc_column_text]<\/p>\n<h2 class=\"p1\">Comment distinguer une crise cardiaque ?<\/h2>\n<p class=\"p1\">Les signes et sympt\u00f4mes qui indiquent une crise cardiaque ne sont pas les m\u00eames pour tout le monde. De nombreuses crises commencent lentement, par une douleur ou une g\u00eane l\u00e9g\u00e8re. Parfois, il n&rsquo;y a aucun sympt\u00f4me. Toutefois, le sympt\u00f4me le plus courant est une douleur ou une g\u00eane thoracique. Les autres signes et sympt\u00f4mes d&rsquo;une crise cardiaque sont les suivants<\/p>\n<ul class=\"ul1\">\n<li class=\"li1\">Malaise dans la partie sup\u00e9rieure du corps. Dans un ou les deux bras, le dos, le cou, la m\u00e2choire ou le haut de l&rsquo;estomac.<\/li>\n<li class=\"li1\">Difficult\u00e9 \u00e0 respirer, pouvant survenir en m\u00eame temps que la douleur thoracique ou avant.<\/li>\n<li class=\"li1\">Naus\u00e9es, vomissements, l\u00e9gers vertiges ou \u00e9tourdissements soudains et sueurs froides.<\/li>\n<li class=\"li1\">Fatigue, manque d&rsquo;\u00e9nergie et insomnie.<\/li>\n<\/ul>\n<p class=\"p1\">Toutes les personnes victimes d&rsquo;une crise cardiaque ne pr\u00e9sentent pas les sympt\u00f4mes habituels. Si vous pr\u00e9sentez l&rsquo;un des sympt\u00f4mes ci-dessus, consultez imm\u00e9diatement votre m\u00e9decin.<\/p>\n<p>[\/vc_column_text][\/vc_column_inner][\/vc_row_inner][vc_empty_space][vc_row_inner el_id=\u00a0\u00bbrisk-factors\u00a0\u00bb][vc_column_inner][vc_column_text]<\/p>\n<h2 class=\"p1\">Facteurs de risque<\/h2>\n<p class=\"p1\">Certains facteurs augmentent le risque de souffrir d&rsquo;une maladie coronarienne et de subir une crise cardiaque. Vous pouvez contr\u00f4ler un grand nombre de ces facteurs de risque :<\/p>\n<ul class=\"ul1\">\n<li class=\"li1\">Le tabagisme<\/li>\n<li class=\"li1\">L&rsquo;hypertension art\u00e9rielle<\/li>\n<li class=\"li1\">Cholest\u00e9rol \u00e9lev\u00e9<\/li>\n<li class=\"li1\">Surpoids et ob\u00e9sit\u00e9<\/li>\n<li class=\"li1\">R\u00e9gime alimentaire malsain<\/li>\n<li class=\"li1\">Manque d&rsquo;activit\u00e9 physique<\/li>\n<li class=\"li1\">Hyperglyc\u00e9mie due \u00e0 une r\u00e9sistance \u00e0 l&rsquo;insuline ou \u00e0 un diab\u00e8te<\/li>\n<\/ul>\n<p class=\"p1\">Par contre, il existe des facteurs de risque de crise cardiaque qui ne peuvent pas \u00eatre contr\u00f4l\u00e9s. L&rsquo;\u00e2ge, par exemple : pour les hommes, le risque de maladie cardiaque augmente \u00e0 partir de 45 ans. Pour les femmes, il augmente apr\u00e8s 55 ans ou apr\u00e8s la m\u00e9nopause. Les ant\u00e9c\u00e9dents familiaux sont un autre facteur qui ne peut \u00eatre contr\u00f4l\u00e9. Si un parent de premi\u00e8re ligne a \u00e9t\u00e9 diagnostiqu\u00e9 avant l&rsquo;\u00e2ge de 55 ans, le risque est plus \u00e9lev\u00e9.<\/p>\n<p>[\/vc_column_text][\/vc_column_inner][\/vc_row_inner][vc_empty_space][vc_row_inner el_id=\u00a0\u00bbtreatment\u00a0\u00bb][vc_column_inner][vc_column_text]<\/p>\n<h2 class=\"p1\">Le traitement<\/h2>\n<p class=\"p1\">Un traitement pr\u00e9coce est essentiel pour \u00e9viter d&rsquo;aggraver les l\u00e9sions susceptibles d&rsquo;entra\u00eener de graves complications cardiaques \u00e0 l&rsquo;avenir. Agir rapidement et appeler les urgences d\u00e8s l&rsquo;apparition des sympt\u00f4mes peut vous sauver la vie. Le personnel m\u00e9dical des h\u00f4pitaux CMQ peut poser un diagnostic et commencer le traitement avant m\u00eame que vous n&rsquo;arriviez \u00e0 l&rsquo;h\u00f4pital.<\/p>\n<p>[\/vc_column_text][\/vc_column_inner][\/vc_row_inner][\/vc_column][\/vc_row]<\/p>\n<\/div>","protected":false},"excerpt":{"rendered":"<p>Un arr\u00eat cardiaque, \u00e9galement appel\u00e9 crise cardiaque, se produit lorsqu&rsquo;un caillot de sang bloque une ou plusieurs des art\u00e8res coronaires qui transportent le sang et l&rsquo;oxyg\u00e8ne vers le c\u0153ur. Mais qui est expos\u00e9 au risque de crise cardiaque, est-il possible de pr\u00e9venir une crise cardiaque, que faire en cas de crise cardiaque et que faire si j&rsquo;ai une crise cardiaque ? D\u00e9couvrez tout ce qu&rsquo;il faut savoir sur la crise cardiaque, sa pr\u00e9vention, ses sympt\u00f4mes, ses facteurs de risque et son traitement.<\/p>\n","protected":false},"author":2,"featured_media":14172,"parent":13768,"menu_order":0,"comment_status":"closed","ping_status":"closed","template":"","meta":{"footnotes":""},"class_list":["post-13912","page","type-page","status-publish","has-post-thumbnail","hentry"],"acf":[],"yoast_head":"<!-- This site is optimized with the Yoast SEO plugin v27.3 - https:\/\/yoast.com\/product\/yoast-seo-wordpress\/ -->\n<title>Crise cardiaque : comment la pr\u00e9venir<\/title>\n<meta name=\"description\" content=\"Quelles sont les mesures \u00e0 prendre en cas d&#039;infarctus ? D\u00e9couvrez ici tout ce qu&#039;il faut savoir sur la crise cardiaque.\" \/>\n<meta name=\"robots\" content=\"index, follow, max-snippet:-1, max-image-preview:large, max-video-preview:-1\" \/>\n<link rel=\"canonical\" href=\"https:\/\/hospitalcmq.com\/fr\/maladies-et-conditions\/crise-cardiaque\/\" \/>\n<meta property=\"og:locale\" content=\"fr_FR\" \/>\n<meta property=\"og:type\" content=\"article\" \/>\n<meta property=\"og:title\" content=\"Crise cardiaque : comment la pr\u00e9venir\" \/>\n<meta property=\"og:description\" content=\"Quelles sont les mesures \u00e0 prendre en cas d&#039;infarctus ? D\u00e9couvrez ici tout ce qu&#039;il faut savoir sur la crise cardiaque.\" \/>\n<meta property=\"og:url\" content=\"https:\/\/hospitalcmq.com\/fr\/maladies-et-conditions\/crise-cardiaque\/\" \/>\n<meta property=\"og:site_name\" content=\"Hospital CMQ\" \/>\n<meta property=\"article:publisher\" content=\"https:\/\/www.facebook.com\/HospitalCMQ\" \/>\n<meta property=\"article:modified_time\" content=\"2024-08-26T17:54:17+00:00\" \/>\n<meta property=\"og:image\" content=\"https:\/\/hospitalcmq.com\/wp-content\/uploads\/2024\/06\/heart-attack.jpg\" \/>\n\t<meta property=\"og:image:width\" content=\"1280\" \/>\n\t<meta property=\"og:image:height\" content=\"853\" \/>\n\t<meta property=\"og:image:type\" content=\"image\/jpeg\" \/>\n<meta name=\"twitter:card\" content=\"summary_large_image\" \/>\n<meta name=\"twitter:label1\" content=\"Dur\u00e9e de lecture estim\u00e9e\" \/>\n\t<meta name=\"twitter:data1\" content=\"3 minutes\" \/>\n<script type=\"application\/ld+json\" class=\"yoast-schema-graph\">{\"@context\":\"https:\\\/\\\/schema.org\",\"@graph\":[{\"@type\":\"WebPage\",\"@id\":\"https:\\\/\\\/hospitalcmq.com\\\/fr\\\/maladies-et-conditions\\\/crise-cardiaque\\\/\",\"url\":\"https:\\\/\\\/hospitalcmq.com\\\/fr\\\/maladies-et-conditions\\\/crise-cardiaque\\\/\",\"name\":\"Crise cardiaque : comment la pr\u00e9venir\",\"isPartOf\":{\"@id\":\"https:\\\/\\\/hospitalcmq.com\\\/fr\\\/#website\"},\"primaryImageOfPage\":{\"@id\":\"https:\\\/\\\/hospitalcmq.com\\\/fr\\\/maladies-et-conditions\\\/crise-cardiaque\\\/#primaryimage\"},\"image\":{\"@id\":\"https:\\\/\\\/hospitalcmq.com\\\/fr\\\/maladies-et-conditions\\\/crise-cardiaque\\\/#primaryimage\"},\"thumbnailUrl\":\"https:\\\/\\\/hospitalcmq.com\\\/wp-content\\\/uploads\\\/2024\\\/06\\\/heart-attack.jpg\",\"datePublished\":\"2024-01-23T16:48:26+00:00\",\"dateModified\":\"2024-08-26T17:54:17+00:00\",\"description\":\"Quelles sont les mesures \u00e0 prendre en cas d'infarctus ? D\u00e9couvrez ici tout ce qu'il faut savoir sur la crise cardiaque.\",\"breadcrumb\":{\"@id\":\"https:\\\/\\\/hospitalcmq.com\\\/fr\\\/maladies-et-conditions\\\/crise-cardiaque\\\/#breadcrumb\"},\"inLanguage\":\"fr-FR\",\"potentialAction\":[{\"@type\":\"ReadAction\",\"target\":[\"https:\\\/\\\/hospitalcmq.com\\\/fr\\\/maladies-et-conditions\\\/crise-cardiaque\\\/\"]}]},{\"@type\":\"ImageObject\",\"inLanguage\":\"fr-FR\",\"@id\":\"https:\\\/\\\/hospitalcmq.com\\\/fr\\\/maladies-et-conditions\\\/crise-cardiaque\\\/#primaryimage\",\"url\":\"https:\\\/\\\/hospitalcmq.com\\\/wp-content\\\/uploads\\\/2024\\\/06\\\/heart-attack.jpg\",\"contentUrl\":\"https:\\\/\\\/hospitalcmq.com\\\/wp-content\\\/uploads\\\/2024\\\/06\\\/heart-attack.jpg\",\"width\":1280,\"height\":853},{\"@type\":\"BreadcrumbList\",\"@id\":\"https:\\\/\\\/hospitalcmq.com\\\/fr\\\/maladies-et-conditions\\\/crise-cardiaque\\\/#breadcrumb\",\"itemListElement\":[{\"@type\":\"ListItem\",\"position\":1,\"name\":\"Home\",\"item\":\"https:\\\/\\\/hospitalcmq.com\\\/fr\\\/\"},{\"@type\":\"ListItem\",\"position\":2,\"name\":\"Maladies et conditions\",\"item\":\"https:\\\/\\\/hospitalcmq.com\\\/fr\\\/maladies-et-conditions\\\/\"},{\"@type\":\"ListItem\",\"position\":3,\"name\":\"Qu&rsquo;est-ce que c\u2019est une crise cardiaque et comment la pr\u00e9venir ?\"}]},{\"@type\":\"WebSite\",\"@id\":\"https:\\\/\\\/hospitalcmq.com\\\/fr\\\/#website\",\"url\":\"https:\\\/\\\/hospitalcmq.com\\\/fr\\\/\",\"name\":\"Hospital CMQ\",\"description\":\"Best Hospitals in Puerto Vallarta &amp; Riviera Nayarit\",\"publisher\":{\"@id\":\"https:\\\/\\\/hospitalcmq.com\\\/fr\\\/#organization\"},\"potentialAction\":[{\"@type\":\"SearchAction\",\"target\":{\"@type\":\"EntryPoint\",\"urlTemplate\":\"https:\\\/\\\/hospitalcmq.com\\\/fr\\\/?s={search_term_string}\"},\"query-input\":{\"@type\":\"PropertyValueSpecification\",\"valueRequired\":true,\"valueName\":\"search_term_string\"}}],\"inLanguage\":\"fr-FR\"},{\"@type\":\"Organization\",\"@id\":\"https:\\\/\\\/hospitalcmq.com\\\/fr\\\/#organization\",\"name\":\"Hospital CMQ\",\"url\":\"https:\\\/\\\/hospitalcmq.com\\\/fr\\\/\",\"logo\":{\"@type\":\"ImageObject\",\"inLanguage\":\"fr-FR\",\"@id\":\"https:\\\/\\\/hospitalcmq.com\\\/fr\\\/#\\\/schema\\\/logo\\\/image\\\/\",\"url\":\"https:\\\/\\\/hospitalcmq.com\\\/wp-content\\\/uploads\\\/2018\\\/06\\\/cmq-hospital-logo.png\",\"contentUrl\":\"https:\\\/\\\/hospitalcmq.com\\\/wp-content\\\/uploads\\\/2018\\\/06\\\/cmq-hospital-logo.png\",\"width\":214,\"height\":189,\"caption\":\"Hospital CMQ\"},\"image\":{\"@id\":\"https:\\\/\\\/hospitalcmq.com\\\/fr\\\/#\\\/schema\\\/logo\\\/image\\\/\"},\"sameAs\":[\"https:\\\/\\\/www.facebook.com\\\/HospitalCMQ\"]}]}<\/script>\n<!-- \/ Yoast SEO plugin. -->","yoast_head_json":{"title":"Crise cardiaque : comment la pr\u00e9venir","description":"Quelles sont les mesures \u00e0 prendre en cas d'infarctus ? D\u00e9couvrez ici tout ce qu'il faut savoir sur la crise cardiaque.","robots":{"index":"index","follow":"follow","max-snippet":"max-snippet:-1","max-image-preview":"max-image-preview:large","max-video-preview":"max-video-preview:-1"},"canonical":"https:\/\/hospitalcmq.com\/fr\/maladies-et-conditions\/crise-cardiaque\/","og_locale":"fr_FR","og_type":"article","og_title":"Crise cardiaque : comment la pr\u00e9venir","og_description":"Quelles sont les mesures \u00e0 prendre en cas d'infarctus ? D\u00e9couvrez ici tout ce qu'il faut savoir sur la crise cardiaque.","og_url":"https:\/\/hospitalcmq.com\/fr\/maladies-et-conditions\/crise-cardiaque\/","og_site_name":"Hospital CMQ","article_publisher":"https:\/\/www.facebook.com\/HospitalCMQ","article_modified_time":"2024-08-26T17:54:17+00:00","og_image":[{"width":1280,"height":853,"url":"https:\/\/hospitalcmq.com\/wp-content\/uploads\/2024\/06\/heart-attack.jpg","type":"image\/jpeg"}],"twitter_card":"summary_large_image","twitter_misc":{"Dur\u00e9e de lecture estim\u00e9e":"3 minutes"},"schema":{"@context":"https:\/\/schema.org","@graph":[{"@type":"WebPage","@id":"https:\/\/hospitalcmq.com\/fr\/maladies-et-conditions\/crise-cardiaque\/","url":"https:\/\/hospitalcmq.com\/fr\/maladies-et-conditions\/crise-cardiaque\/","name":"Crise cardiaque : comment la pr\u00e9venir","isPartOf":{"@id":"https:\/\/hospitalcmq.com\/fr\/#website"},"primaryImageOfPage":{"@id":"https:\/\/hospitalcmq.com\/fr\/maladies-et-conditions\/crise-cardiaque\/#primaryimage"},"image":{"@id":"https:\/\/hospitalcmq.com\/fr\/maladies-et-conditions\/crise-cardiaque\/#primaryimage"},"thumbnailUrl":"https:\/\/hospitalcmq.com\/wp-content\/uploads\/2024\/06\/heart-attack.jpg","datePublished":"2024-01-23T16:48:26+00:00","dateModified":"2024-08-26T17:54:17+00:00","description":"Quelles sont les mesures \u00e0 prendre en cas d'infarctus ? D\u00e9couvrez ici tout ce qu'il faut savoir sur la crise cardiaque.","breadcrumb":{"@id":"https:\/\/hospitalcmq.com\/fr\/maladies-et-conditions\/crise-cardiaque\/#breadcrumb"},"inLanguage":"fr-FR","potentialAction":[{"@type":"ReadAction","target":["https:\/\/hospitalcmq.com\/fr\/maladies-et-conditions\/crise-cardiaque\/"]}]},{"@type":"ImageObject","inLanguage":"fr-FR","@id":"https:\/\/hospitalcmq.com\/fr\/maladies-et-conditions\/crise-cardiaque\/#primaryimage","url":"https:\/\/hospitalcmq.com\/wp-content\/uploads\/2024\/06\/heart-attack.jpg","contentUrl":"https:\/\/hospitalcmq.com\/wp-content\/uploads\/2024\/06\/heart-attack.jpg","width":1280,"height":853},{"@type":"BreadcrumbList","@id":"https:\/\/hospitalcmq.com\/fr\/maladies-et-conditions\/crise-cardiaque\/#breadcrumb","itemListElement":[{"@type":"ListItem","position":1,"name":"Home","item":"https:\/\/hospitalcmq.com\/fr\/"},{"@type":"ListItem","position":2,"name":"Maladies et conditions","item":"https:\/\/hospitalcmq.com\/fr\/maladies-et-conditions\/"},{"@type":"ListItem","position":3,"name":"Qu&rsquo;est-ce que c\u2019est une crise cardiaque et comment la pr\u00e9venir ?"}]},{"@type":"WebSite","@id":"https:\/\/hospitalcmq.com\/fr\/#website","url":"https:\/\/hospitalcmq.com\/fr\/","name":"Hospital CMQ","description":"Best Hospitals in Puerto Vallarta &amp; Riviera Nayarit","publisher":{"@id":"https:\/\/hospitalcmq.com\/fr\/#organization"},"potentialAction":[{"@type":"SearchAction","target":{"@type":"EntryPoint","urlTemplate":"https:\/\/hospitalcmq.com\/fr\/?s={search_term_string}"},"query-input":{"@type":"PropertyValueSpecification","valueRequired":true,"valueName":"search_term_string"}}],"inLanguage":"fr-FR"},{"@type":"Organization","@id":"https:\/\/hospitalcmq.com\/fr\/#organization","name":"Hospital CMQ","url":"https:\/\/hospitalcmq.com\/fr\/","logo":{"@type":"ImageObject","inLanguage":"fr-FR","@id":"https:\/\/hospitalcmq.com\/fr\/#\/schema\/logo\/image\/","url":"https:\/\/hospitalcmq.com\/wp-content\/uploads\/2018\/06\/cmq-hospital-logo.png","contentUrl":"https:\/\/hospitalcmq.com\/wp-content\/uploads\/2018\/06\/cmq-hospital-logo.png","width":214,"height":189,"caption":"Hospital CMQ"},"image":{"@id":"https:\/\/hospitalcmq.com\/fr\/#\/schema\/logo\/image\/"},"sameAs":["https:\/\/www.facebook.com\/HospitalCMQ"]}]}},"_links":{"self":[{"href":"https:\/\/hospitalcmq.com\/fr\/wp-json\/wp\/v2\/pages\/13912","targetHints":{"allow":["GET"]}}],"collection":[{"href":"https:\/\/hospitalcmq.com\/fr\/wp-json\/wp\/v2\/pages"}],"about":[{"href":"https:\/\/hospitalcmq.com\/fr\/wp-json\/wp\/v2\/types\/page"}],"author":[{"embeddable":true,"href":"https:\/\/hospitalcmq.com\/fr\/wp-json\/wp\/v2\/users\/2"}],"replies":[{"embeddable":true,"href":"https:\/\/hospitalcmq.com\/fr\/wp-json\/wp\/v2\/comments?post=13912"}],"version-history":[{"count":0,"href":"https:\/\/hospitalcmq.com\/fr\/wp-json\/wp\/v2\/pages\/13912\/revisions"}],"up":[{"embeddable":true,"href":"https:\/\/hospitalcmq.com\/fr\/wp-json\/wp\/v2\/pages\/13768"}],"wp:featuredmedia":[{"embeddable":true,"href":"https:\/\/hospitalcmq.com\/fr\/wp-json\/wp\/v2\/media\/14172"}],"wp:attachment":[{"href":"https:\/\/hospitalcmq.com\/fr\/wp-json\/wp\/v2\/media?parent=13912"}],"curies":[{"name":"wp","href":"https:\/\/api.w.org\/{rel}","templated":true}]}}