{"id":13909,"date":"2024-01-23T10:38:11","date_gmt":"2024-01-23T16:38:11","guid":{"rendered":"https:\/\/hospitalcmq.com\/?page_id=13909"},"modified":"2024-08-26T11:54:58","modified_gmt":"2024-08-26T17:54:58","slug":"vph","status":"publish","type":"page","link":"https:\/\/hospitalcmq.com\/fr\/maladies-et-conditions\/vph\/","title":{"rendered":"Papillomavirus humain : comment le d\u00e9tecter ?"},"content":{"rendered":"<div class=\"wpb-content-wrapper\"><p>[vc_row][vc_column][vc_empty_space height=\u00a0\u00bb28px\u00a0\u00bb][vc_column_text el_id=\u00a0\u00bbdefinition\u00a0\u00bb]<\/p>\n<h2><span style=\"font-weight: 400;\"><img loading=\"lazy\" decoding=\"async\" class=\" wp-image-1306 alignright\" src=\"https:\/\/hospitalcmq.com\/wp-content\/uploads\/2017\/08\/human-papilloma-virus-infectio.png\" alt=\"\" width=\"383\" height=\"212\" \/><\/span><\/h2>\n<h2 class=\"p1\">Qu&rsquo;est-ce que c\u2019est le HPV ?<\/h2>\n<p class=\"p1\">Le papillomavirus humain (HPV) est l&rsquo;une des maladies sexuellement transmissibles les plus r\u00e9pandues dans le monde. L&rsquo;infection oncog\u00e8ne par le HPV contribue largement au d\u00e9veloppement du cancer du col de l&rsquo;ut\u00e9rus, le cancer le plus fr\u00e9quent chez les femmes et la deuxi\u00e8me cause de d\u00e9c\u00e8s par cancer dans les pays en d\u00e9veloppement.<\/p>\n<p>[\/vc_column_text][vc_row_inner el_id=\u00a0\u00bbprevention\u00a0\u00bb][vc_column_inner][vc_empty_space height=\u00a0\u00bb28px\u00a0\u00bb][vc_column_text]<\/p>\n<h2 class=\"p1\">Pr\u00e9vention du virus du papillome humain (VPH)<\/h2>\n<p class=\"p1\">Contrairement aux autres MST, le papillomavirus se transmet par frottement avec les zones infect\u00e9es et non par des s\u00e9cr\u00e9tions telles que le sperme ou le sang. Le test de Pap, \u00e9galement appel\u00e9 frottis, est un test utilis\u00e9 pour d\u00e9tecter les cellules canc\u00e9reuses dans le col de l&rsquo;ut\u00e9rus. Pour les femmes de plus de 30 ans, le frottis est utilis\u00e9 pour d\u00e9terminer si le papillomavirus humain est pr\u00e9sent. Toutefois, les lignes directrices de pratique clinique sugg\u00e8rent que le premier test Pap doit \u00eatre effectu\u00e9 dans les trois ans qui suivent le premier rapport sexuel. Il est recommand\u00e9 aux femmes \u00e2g\u00e9es de 21 \u00e0 65 ans de r\u00e9p\u00e9ter le test tous les deux ou trois ans.<\/p>\n<p class=\"p1\">Les m\u00e9thodes de pr\u00e9vention comprennent<\/p>\n<ul class=\"ul1\">\n<li class=\"li1\">Le vaccin contre le papillomavirus. Il est recommand\u00e9 d&rsquo;administrer le vaccin avant le d\u00e9but de la vie sexuelle pour qu&rsquo;il soit le plus efficace possible ; actuellement, l&rsquo;\u00e2ge de 11-12 ans a \u00e9t\u00e9 \u00e9tabli.<\/li>\n<li class=\"li1\">Protection pendant les rapports sexuels. L&rsquo;utilisation d&rsquo;un pr\u00e9servatif, bien qu&rsquo;il ne garantisse pas une protection \u00e0 100 %, la seule m\u00e9thode s\u00fbre est l&rsquo;abstinence sexuelle.<\/li>\n<li class=\"li1\">R\u00e9duire le nombre de partenaires sexuels pour diminuer le risque d&rsquo;infection.<\/li>\n<\/ul>\n<p>[\/vc_column_text][vc_empty_space height=\u00a0\u00bb28px\u00a0\u00bb][\/vc_column_inner][\/vc_row_inner][vc_row_inner el_id=\u00a0\u00bbsymptoms\u00a0\u00bb][vc_column_inner][vc_column_text]<\/p>\n<h2 class=\"p1\">Signes et sympt\u00f4mes du papillomavirus<\/h2>\n<p class=\"p1\" style=\"text-align: center;\"><i>Saviez-vous qu&rsquo;environ la moiti\u00e9 des personnes sexuellement actives sont infect\u00e9es par le virus ?<\/i><\/p>\n<p class=\"p1\">Le papillomavirus humain lui-m\u00eame ne provoque aucun sympt\u00f4me, mais les sympt\u00f4mes apparaissent lorsque l&rsquo;infection a d\u00e9j\u00e0 caus\u00e9 de graves probl\u00e8mes. Dans la plupart des cas, le syst\u00e8me immunitaire est capable de vaincre une infection par le papillomavirus en l&rsquo;espace de deux ans. Les infections qui ne sont pas \u00e9limin\u00e9es n\u00e9cessitent un traitement m\u00e9dical.<\/p>\n<p class=\"p1\">Voici quelques signes de l&rsquo;infection par le VPH<\/p>\n<ul class=\"ul1\">\n<li class=\"li1\"><b>Verrues g\u00e9nitales :<\/b> elles apparaissent dans les zones g\u00e9nitales sous la forme d&rsquo;un petit bouton ou de groupes de deux boutons ou plus.<\/li>\n<li class=\"li1\"><b>Cancer du col de l&rsquo;ut\u00e9rus :<\/b> aucun sympt\u00f4me jusqu&rsquo;\u00e0 un stade avanc\u00e9 ; il est important de se faire examiner r\u00e9guli\u00e8rement d\u00e8s que l&rsquo;on devient sexuellement actif.<\/li>\n<\/ul>\n<p>[\/vc_column_text][vc_empty_space height=\u00a0\u00bb28px\u00a0\u00bb][\/vc_column_inner][\/vc_row_inner][vc_row_inner el_id=\u00a0\u00bbriskfactors\u00a0\u00bb][vc_column_inner][vc_column_text]<\/p>\n<h2>Facteurs de risque<\/h2>\n<ul class=\"ul1\">\n<li class=\"li1\"><b>Nombre de partenaires sexuels.<\/b> Plus vous avez de partenaires sexuels, plus vous risquez de contracter le VPH. En outre, le fait d&rsquo;avoir des relations sexuelles avec un partenaire qui a eu de nombreux partenaires sexuels dans le pass\u00e9 augmente le risque.<\/li>\n<li class=\"li1\"><b>L&rsquo;\u00e2ge.<\/b> Les verrues g\u00e9nitales apparaissent principalement chez les adolescents et les jeunes adultes.<\/li>\n<li class=\"li1\"><b>Syst\u00e8me immunitaire affaibli.<\/b> Les personnes dont le syst\u00e8me immunitaire est affaibli courent un risque accru de contracter une infection par le VPH. Le syst\u00e8me immunitaire peut \u00eatre affaibli par le VIH\/sida ou les personnes immunod\u00e9prim\u00e9es, celles qui ont re\u00e7u une greffe d&rsquo;organe, en particulier une greffe de rein.<\/li>\n<li class=\"li1\"><b>Contact avec l&rsquo;infection.<\/b> Le fait de toucher les verrues d&rsquo;une autre personne ou de ne pas se prot\u00e9ger lorsqu&rsquo;on entre en contact avec des surfaces expos\u00e9es au HPV peut augmenter le risque.<\/li>\n<\/ul>\n<p>[\/vc_column_text][vc_empty_space height=\u00a0\u00bb28px\u00a0\u00bb][\/vc_column_inner][\/vc_row_inner][vc_row_inner el_id=\u00a0\u00bbcauses\u00a0\u00bb][vc_column_inner][vc_column_text]<\/p>\n<h2 class=\"p1\">Quelle est la cause du papillomavirus ?<\/h2>\n<p class=\"p1\">L&rsquo;agent responsable de cette infection est le papillomavirus humain, un membre de la famille des papillomaviridae, dont plus de 100 types ont \u00e9t\u00e9 reconnus \u00e0 ce jour. Environ 40 de ces types de virus infectent la peau et la zone g\u00e9nitale (vulve, vagin, col de l&rsquo;ut\u00e9rus, rectum, anus, p\u00e9nis et scrotum), ainsi que la bouche et la gorge.<\/p>\n<p class=\"p1\">Comme indiqu\u00e9 ci-dessus, la plupart des infections g\u00e9nitales \u00e0 HPV sont inoffensives et disparaissent d&rsquo;elles-m\u00eames. Cependant, certains types provoquent des anomalies :<\/p>\n<ul class=\"ul1\">\n<li class=\"li1\">Les types de HPV 6 et 11 sont \u00e0 l&rsquo;origine de la plupart des verrues g\u00e9nitales ; ils sont \u00e0 faible risque, car ils ne provoquent pas de cancer ou d&rsquo;autres probl\u00e8mes de sant\u00e9 graves.<\/li>\n<li class=\"li1\">Au moins une douzaine de types de HPV provoquent des cancers, en particulier les types 16 et 18, appel\u00e9s HPV \u00e0 haut risque.<\/li>\n<\/ul>\n<p>[\/vc_column_text][vc_empty_space height=\u00a0\u00bb28px\u00a0\u00bb][\/vc_column_inner][\/vc_row_inner][vc_row_inner][vc_column_inner][vc_column_text]<\/p>\n<h2 class=\"p1\">Le papillomavirus peut-il entra\u00eener des complications ?<\/h2>\n<p class=\"p1\">Une infection par le papillomavirus humain provoque le cancer du col de l&rsquo;ut\u00e9rus, le deuxi\u00e8me cancer le plus fr\u00e9quent chez les femmes au Mexique, suivi par le cancer du sein. Toutefois, le fait d&rsquo;\u00eatre infect\u00e9e par le VPH ne signifie pas que vous aurez un cancer du col de l&rsquo;ut\u00e9rus ou que vous l&rsquo;aurez plus tard dans votre vie ; en fait, la plupart des types d&rsquo;infections par le VPH ne provoquent pas de cancer. Les femmes peuvent se prot\u00e9ger contre le cancer du col de l&rsquo;ut\u00e9rus en se soumettant r\u00e9guli\u00e8rement \u00e0 des tests de Papanicolaou et en se faisant vacciner.<\/p>\n<h2 class=\"p1\">Pr\u00e9paration de la consultation avec le sp\u00e9cialiste du HPV<\/h2>\n<p class=\"p1\">Vous pouvez vous rendre chez le gyn\u00e9cologue pour un d\u00e9pistage pr\u00e9ventif, pour lequel il n&rsquo;y a pas de pr\u00e9paration particuli\u00e8re avant la consultation. Toutefois, si vous avez programm\u00e9 un frottis cervical pour le m\u00eame rendez-vous, il est important que vous respectiez les consignes suivantes :<\/p>\n<ul class=\"ul1\">\n<li class=\"li1\">Hygi\u00e8ne personnelle correcte<\/li>\n<li class=\"li1\">Pas de rapports sexuels 48 heures avant le rendez-vous<\/li>\n<li class=\"li1\">Pas d&rsquo;utilisation de tampons, de mousses vaginales, de douches vaginales ou de m\u00e9dicaments vaginaux dans les jours pr\u00e9c\u00e9dant l&rsquo;examen.<\/li>\n<li class=\"li1\">Pas de r\u00e8gles<\/li>\n<\/ul>\n<h3 class=\"p1\">Tests et \u00e9tudes diagnostiques<\/h3>\n<p class=\"p1\">Le diagnostic est effectu\u00e9 \u00e0 l&rsquo;aide de tests biomol\u00e9culaires, tels que la d\u00e9termination de l&rsquo;ADN du VPH, l&rsquo;inspection visuelle avec une solution d&rsquo;acide ac\u00e9tique et la cytologie cervicale &#8211; le d\u00e9pistage par frottis &#8211; qui est le type de d\u00e9pistage le plus utilis\u00e9 dans le pays.<\/p>\n<h3 class=\"p1\">Traitement m\u00e9dical du papillomavirus humain (HPV)<\/h3>\n<p class=\"p1\">L&rsquo;infection par le papillomavirus n&rsquo;a pas de rem\u00e8de ni de traitement d\u00e9finitif pour l&rsquo;\u00e9radiquer. Toutefois, la plupart du temps, l&rsquo;organisme se charge lui-m\u00eame de combattre le virus. Des traitements sont \u00e9galement disponibles pour les probl\u00e8mes de sant\u00e9 qui accompagnent le HPV, tels que les verrues g\u00e9nitales, les modifications du col de l&rsquo;ut\u00e9rus et le cancer du col de l&rsquo;ut\u00e9rus. Parfois, le virus peut rester dans votre corps m\u00eame apr\u00e8s avoir \u00e9t\u00e9 trait\u00e9. Cela signifie que vous pouvez toujours transmettre le VPH \u00e0 vos partenaires sexuels.<\/p>\n<p class=\"p1\">Conseils pour rester en bonne sant\u00e9 et \u00e9viter de contracter le virus du papillome humain :<\/p>\n<ul class=\"ul1\">\n<li class=\"li1\">\u00c9vitez tout contact sexuel avec une personne infect\u00e9e.<\/li>\n<li class=\"li1\">Faites-vous vacciner contre le papillomavirus<\/li>\n<li class=\"li1\">Utilisez des pr\u00e9servatifs \u00e0 chaque fois que vous avez des rapports sexuels vaginaux, anaux ou oraux.<\/li>\n<\/ul>\n<h3 class=\"p1\">La vie avec le HPV<\/h3>\n<p class=\"p1\">L&rsquo;infection par le papillomavirus humain (HPV) est une infection asymptomatique, il est donc difficile d&rsquo;agir. Cependant, si vous avez des verrues g\u00e9nitales, vous devriez subir un examen m\u00e9dical appropri\u00e9 afin de recevoir un traitement sp\u00e9cifique et opportun.<\/p>\n<p>[\/vc_column_text][\/vc_column_inner][\/vc_row_inner][\/vc_column][\/vc_row]<\/p>\n<\/div>","protected":false},"excerpt":{"rendered":"<p>Le papillomavirus humain, abr\u00e9g\u00e9 en HPV, est l&rsquo;une des infections sexuellement transmissibles les plus courantes au monde. Mais saviez-vous que la plupart des femmes et des hommes qui sont actuellement sexuellement actifs seront infect\u00e9s ? D\u00e9couvrez ici comment pr\u00e9venir le papillomavirus et comment l&rsquo;arr\u00eater avant qu&rsquo;il ne devienne la maladie mortelle qu&rsquo;est le cancer du col de l&rsquo;ut\u00e9rus.<\/p>\n","protected":false},"author":2,"featured_media":0,"parent":13768,"menu_order":0,"comment_status":"closed","ping_status":"closed","template":"","meta":{"footnotes":""},"class_list":["post-13909","page","type-page","status-publish","hentry"],"acf":[],"yoast_head":"<!-- This site is optimized with the Yoast SEO plugin v27.4 - https:\/\/yoast.com\/product\/yoast-seo-wordpress\/ -->\n<title>Papillomavirus ou HPV : Comment le d\u00e9tecter ?<\/title>\n<meta name=\"description\" content=\"Le papillomavirus est une maladie courante des jeunes adultes. D\u00e9couvrez ses facteurs de risque, sympt\u00f4mes et causes, et comment la pr\u00e9venir.\" \/>\n<meta name=\"robots\" content=\"index, follow, max-snippet:-1, max-image-preview:large, max-video-preview:-1\" \/>\n<link rel=\"canonical\" href=\"https:\/\/hospitalcmq.com\/fr\/maladies-et-conditions\/vph\/\" \/>\n<meta property=\"og:locale\" content=\"fr_FR\" \/>\n<meta property=\"og:type\" content=\"article\" \/>\n<meta property=\"og:title\" content=\"Papillomavirus ou HPV : Comment le d\u00e9tecter ?\" \/>\n<meta property=\"og:description\" content=\"Le papillomavirus est une maladie courante des jeunes adultes. D\u00e9couvrez ses facteurs de risque, sympt\u00f4mes et causes, et comment la pr\u00e9venir.\" \/>\n<meta property=\"og:url\" content=\"https:\/\/hospitalcmq.com\/fr\/maladies-et-conditions\/vph\/\" \/>\n<meta property=\"og:site_name\" content=\"Hospital CMQ\" \/>\n<meta property=\"article:publisher\" content=\"https:\/\/www.facebook.com\/HospitalCMQ\" \/>\n<meta property=\"article:modified_time\" content=\"2024-08-26T17:54:58+00:00\" \/>\n<meta property=\"og:image\" content=\"https:\/\/hospitalcmq.com\/wp-content\/uploads\/2017\/08\/human-papilloma-virus-infectio.png\" \/>\n<meta name=\"twitter:card\" content=\"summary_large_image\" \/>\n<meta name=\"twitter:label1\" content=\"Dur\u00e9e de lecture estim\u00e9e\" \/>\n\t<meta name=\"twitter:data1\" content=\"6 minutes\" \/>\n<script type=\"application\/ld+json\" class=\"yoast-schema-graph\">{\"@context\":\"https:\\\/\\\/schema.org\",\"@graph\":[{\"@type\":\"WebPage\",\"@id\":\"https:\\\/\\\/hospitalcmq.com\\\/fr\\\/maladies-et-conditions\\\/vph\\\/\",\"url\":\"https:\\\/\\\/hospitalcmq.com\\\/fr\\\/maladies-et-conditions\\\/vph\\\/\",\"name\":\"Papillomavirus ou HPV : Comment le d\u00e9tecter ?\",\"isPartOf\":{\"@id\":\"https:\\\/\\\/hospitalcmq.com\\\/fr\\\/#website\"},\"primaryImageOfPage\":{\"@id\":\"https:\\\/\\\/hospitalcmq.com\\\/fr\\\/maladies-et-conditions\\\/vph\\\/#primaryimage\"},\"image\":{\"@id\":\"https:\\\/\\\/hospitalcmq.com\\\/fr\\\/maladies-et-conditions\\\/vph\\\/#primaryimage\"},\"thumbnailUrl\":\"https:\\\/\\\/hospitalcmq.com\\\/wp-content\\\/uploads\\\/2017\\\/08\\\/human-papilloma-virus-infectio.png\",\"datePublished\":\"2024-01-23T16:38:11+00:00\",\"dateModified\":\"2024-08-26T17:54:58+00:00\",\"description\":\"Le papillomavirus est une maladie courante des jeunes adultes. D\u00e9couvrez ses facteurs de risque, sympt\u00f4mes et causes, et comment la pr\u00e9venir.\",\"breadcrumb\":{\"@id\":\"https:\\\/\\\/hospitalcmq.com\\\/fr\\\/maladies-et-conditions\\\/vph\\\/#breadcrumb\"},\"inLanguage\":\"fr-FR\",\"potentialAction\":[{\"@type\":\"ReadAction\",\"target\":[\"https:\\\/\\\/hospitalcmq.com\\\/fr\\\/maladies-et-conditions\\\/vph\\\/\"]}]},{\"@type\":\"ImageObject\",\"inLanguage\":\"fr-FR\",\"@id\":\"https:\\\/\\\/hospitalcmq.com\\\/fr\\\/maladies-et-conditions\\\/vph\\\/#primaryimage\",\"url\":\"https:\\\/\\\/hospitalcmq.com\\\/wp-content\\\/uploads\\\/2017\\\/08\\\/human-papilloma-virus-infectio.png\",\"contentUrl\":\"https:\\\/\\\/hospitalcmq.com\\\/wp-content\\\/uploads\\\/2017\\\/08\\\/human-papilloma-virus-infectio.png\"},{\"@type\":\"BreadcrumbList\",\"@id\":\"https:\\\/\\\/hospitalcmq.com\\\/fr\\\/maladies-et-conditions\\\/vph\\\/#breadcrumb\",\"itemListElement\":[{\"@type\":\"ListItem\",\"position\":1,\"name\":\"Home\",\"item\":\"https:\\\/\\\/hospitalcmq.com\\\/fr\\\/\"},{\"@type\":\"ListItem\",\"position\":2,\"name\":\"Maladies et conditions\",\"item\":\"https:\\\/\\\/hospitalcmq.com\\\/fr\\\/maladies-et-conditions\\\/\"},{\"@type\":\"ListItem\",\"position\":3,\"name\":\"Papillomavirus humain : comment le d\u00e9tecter ?\"}]},{\"@type\":\"WebSite\",\"@id\":\"https:\\\/\\\/hospitalcmq.com\\\/fr\\\/#website\",\"url\":\"https:\\\/\\\/hospitalcmq.com\\\/fr\\\/\",\"name\":\"Hospital CMQ\",\"description\":\"Best Hospitals in Puerto Vallarta &amp; Riviera Nayarit\",\"publisher\":{\"@id\":\"https:\\\/\\\/hospitalcmq.com\\\/fr\\\/#organization\"},\"potentialAction\":[{\"@type\":\"SearchAction\",\"target\":{\"@type\":\"EntryPoint\",\"urlTemplate\":\"https:\\\/\\\/hospitalcmq.com\\\/fr\\\/?s={search_term_string}\"},\"query-input\":{\"@type\":\"PropertyValueSpecification\",\"valueRequired\":true,\"valueName\":\"search_term_string\"}}],\"inLanguage\":\"fr-FR\"},{\"@type\":\"Organization\",\"@id\":\"https:\\\/\\\/hospitalcmq.com\\\/fr\\\/#organization\",\"name\":\"Hospital CMQ\",\"url\":\"https:\\\/\\\/hospitalcmq.com\\\/fr\\\/\",\"logo\":{\"@type\":\"ImageObject\",\"inLanguage\":\"fr-FR\",\"@id\":\"https:\\\/\\\/hospitalcmq.com\\\/fr\\\/#\\\/schema\\\/logo\\\/image\\\/\",\"url\":\"https:\\\/\\\/hospitalcmq.com\\\/wp-content\\\/uploads\\\/2018\\\/06\\\/cmq-hospital-logo.png\",\"contentUrl\":\"https:\\\/\\\/hospitalcmq.com\\\/wp-content\\\/uploads\\\/2018\\\/06\\\/cmq-hospital-logo.png\",\"width\":214,\"height\":189,\"caption\":\"Hospital CMQ\"},\"image\":{\"@id\":\"https:\\\/\\\/hospitalcmq.com\\\/fr\\\/#\\\/schema\\\/logo\\\/image\\\/\"},\"sameAs\":[\"https:\\\/\\\/www.facebook.com\\\/HospitalCMQ\"]}]}<\/script>\n<!-- \/ Yoast SEO plugin. -->","yoast_head_json":{"title":"Papillomavirus ou HPV : Comment le d\u00e9tecter ?","description":"Le papillomavirus est une maladie courante des jeunes adultes. D\u00e9couvrez ses facteurs de risque, sympt\u00f4mes et causes, et comment la pr\u00e9venir.","robots":{"index":"index","follow":"follow","max-snippet":"max-snippet:-1","max-image-preview":"max-image-preview:large","max-video-preview":"max-video-preview:-1"},"canonical":"https:\/\/hospitalcmq.com\/fr\/maladies-et-conditions\/vph\/","og_locale":"fr_FR","og_type":"article","og_title":"Papillomavirus ou HPV : Comment le d\u00e9tecter ?","og_description":"Le papillomavirus est une maladie courante des jeunes adultes. D\u00e9couvrez ses facteurs de risque, sympt\u00f4mes et causes, et comment la pr\u00e9venir.","og_url":"https:\/\/hospitalcmq.com\/fr\/maladies-et-conditions\/vph\/","og_site_name":"Hospital CMQ","article_publisher":"https:\/\/www.facebook.com\/HospitalCMQ","article_modified_time":"2024-08-26T17:54:58+00:00","og_image":[{"url":"https:\/\/hospitalcmq.com\/wp-content\/uploads\/2017\/08\/human-papilloma-virus-infectio.png","type":"","width":"","height":""}],"twitter_card":"summary_large_image","twitter_misc":{"Dur\u00e9e de lecture estim\u00e9e":"6 minutes"},"schema":{"@context":"https:\/\/schema.org","@graph":[{"@type":"WebPage","@id":"https:\/\/hospitalcmq.com\/fr\/maladies-et-conditions\/vph\/","url":"https:\/\/hospitalcmq.com\/fr\/maladies-et-conditions\/vph\/","name":"Papillomavirus ou HPV : Comment le d\u00e9tecter ?","isPartOf":{"@id":"https:\/\/hospitalcmq.com\/fr\/#website"},"primaryImageOfPage":{"@id":"https:\/\/hospitalcmq.com\/fr\/maladies-et-conditions\/vph\/#primaryimage"},"image":{"@id":"https:\/\/hospitalcmq.com\/fr\/maladies-et-conditions\/vph\/#primaryimage"},"thumbnailUrl":"https:\/\/hospitalcmq.com\/wp-content\/uploads\/2017\/08\/human-papilloma-virus-infectio.png","datePublished":"2024-01-23T16:38:11+00:00","dateModified":"2024-08-26T17:54:58+00:00","description":"Le papillomavirus est une maladie courante des jeunes adultes. D\u00e9couvrez ses facteurs de risque, sympt\u00f4mes et causes, et comment la pr\u00e9venir.","breadcrumb":{"@id":"https:\/\/hospitalcmq.com\/fr\/maladies-et-conditions\/vph\/#breadcrumb"},"inLanguage":"fr-FR","potentialAction":[{"@type":"ReadAction","target":["https:\/\/hospitalcmq.com\/fr\/maladies-et-conditions\/vph\/"]}]},{"@type":"ImageObject","inLanguage":"fr-FR","@id":"https:\/\/hospitalcmq.com\/fr\/maladies-et-conditions\/vph\/#primaryimage","url":"https:\/\/hospitalcmq.com\/wp-content\/uploads\/2017\/08\/human-papilloma-virus-infectio.png","contentUrl":"https:\/\/hospitalcmq.com\/wp-content\/uploads\/2017\/08\/human-papilloma-virus-infectio.png"},{"@type":"BreadcrumbList","@id":"https:\/\/hospitalcmq.com\/fr\/maladies-et-conditions\/vph\/#breadcrumb","itemListElement":[{"@type":"ListItem","position":1,"name":"Home","item":"https:\/\/hospitalcmq.com\/fr\/"},{"@type":"ListItem","position":2,"name":"Maladies et conditions","item":"https:\/\/hospitalcmq.com\/fr\/maladies-et-conditions\/"},{"@type":"ListItem","position":3,"name":"Papillomavirus humain : comment le d\u00e9tecter ?"}]},{"@type":"WebSite","@id":"https:\/\/hospitalcmq.com\/fr\/#website","url":"https:\/\/hospitalcmq.com\/fr\/","name":"Hospital CMQ","description":"Best Hospitals in Puerto Vallarta &amp; Riviera Nayarit","publisher":{"@id":"https:\/\/hospitalcmq.com\/fr\/#organization"},"potentialAction":[{"@type":"SearchAction","target":{"@type":"EntryPoint","urlTemplate":"https:\/\/hospitalcmq.com\/fr\/?s={search_term_string}"},"query-input":{"@type":"PropertyValueSpecification","valueRequired":true,"valueName":"search_term_string"}}],"inLanguage":"fr-FR"},{"@type":"Organization","@id":"https:\/\/hospitalcmq.com\/fr\/#organization","name":"Hospital CMQ","url":"https:\/\/hospitalcmq.com\/fr\/","logo":{"@type":"ImageObject","inLanguage":"fr-FR","@id":"https:\/\/hospitalcmq.com\/fr\/#\/schema\/logo\/image\/","url":"https:\/\/hospitalcmq.com\/wp-content\/uploads\/2018\/06\/cmq-hospital-logo.png","contentUrl":"https:\/\/hospitalcmq.com\/wp-content\/uploads\/2018\/06\/cmq-hospital-logo.png","width":214,"height":189,"caption":"Hospital CMQ"},"image":{"@id":"https:\/\/hospitalcmq.com\/fr\/#\/schema\/logo\/image\/"},"sameAs":["https:\/\/www.facebook.com\/HospitalCMQ"]}]}},"_links":{"self":[{"href":"https:\/\/hospitalcmq.com\/fr\/wp-json\/wp\/v2\/pages\/13909","targetHints":{"allow":["GET"]}}],"collection":[{"href":"https:\/\/hospitalcmq.com\/fr\/wp-json\/wp\/v2\/pages"}],"about":[{"href":"https:\/\/hospitalcmq.com\/fr\/wp-json\/wp\/v2\/types\/page"}],"author":[{"embeddable":true,"href":"https:\/\/hospitalcmq.com\/fr\/wp-json\/wp\/v2\/users\/2"}],"replies":[{"embeddable":true,"href":"https:\/\/hospitalcmq.com\/fr\/wp-json\/wp\/v2\/comments?post=13909"}],"version-history":[{"count":0,"href":"https:\/\/hospitalcmq.com\/fr\/wp-json\/wp\/v2\/pages\/13909\/revisions"}],"up":[{"embeddable":true,"href":"https:\/\/hospitalcmq.com\/fr\/wp-json\/wp\/v2\/pages\/13768"}],"wp:attachment":[{"href":"https:\/\/hospitalcmq.com\/fr\/wp-json\/wp\/v2\/media?parent=13909"}],"curies":[{"name":"wp","href":"https:\/\/api.w.org\/{rel}","templated":true}]}}