{"id":13906,"date":"2024-01-23T09:58:32","date_gmt":"2024-01-23T15:58:32","guid":{"rendered":"https:\/\/hospitalcmq.com\/?page_id=13906"},"modified":"2024-08-26T11:55:39","modified_gmt":"2024-08-26T17:55:39","slug":"gonorrhee","status":"publish","type":"page","link":"https:\/\/hospitalcmq.com\/fr\/maladies-et-conditions\/gonorrhee\/","title":{"rendered":"Comment pr\u00e9venir et traiter la gonorrh\u00e9e ?"},"content":{"rendered":"<div class=\"wpb-content-wrapper\"><p>[vc_row][vc_column][vc_column_text el_id=\u00a0\u00bbdefinition\u00a0\u00bb]<img loading=\"lazy\" decoding=\"async\" class=\"size-full wp-image-1304 alignright\" src=\"https:\/\/hospitalcmq.com\/wp-content\/uploads\/2017\/08\/gonorrhea.png\" alt=\"gonorrhea\" width=\"470\" height=\"260\" \/><\/p>\n<h2 class=\"p1\">Qu&rsquo;est-ce que la gonorrh\u00e9e ?<\/h2>\n<p class=\"p1\">La gonorrh\u00e9e est une maladie sexuellement transmissible (MST) qui peut infecter aussi bien les hommes que les femmes et peut provoquer des infections des organes g\u00e9nitaux, du rectum et de la gorge. Il s&rsquo;agit d&rsquo;une infection tr\u00e8s courante, en particulier chez les jeunes \u00e2g\u00e9s de 15 \u00e0 24 ans. La gonorrh\u00e9e peut \u00eatre contract\u00e9e lors de rapports sexuels anaux, vaginaux ou oraux non prot\u00e9g\u00e9s avec une personne atteinte de la maladie. Une femme enceinte atteinte de gonorrh\u00e9e peut transmettre la maladie \u00e0 son b\u00e9b\u00e9 pendant l&rsquo;accouchement.<\/p>\n<p>[\/vc_column_text][vc_empty_space height=\u00a0\u00bb28px\u00a0\u00bb][vc_row_inner el_id=\u00a0\u00bbsymptoms\u00a0\u00bb][vc_column_inner][vc_column_text]<\/p>\n<h2 class=\"p1\">Sympt\u00f4mes de la gonorrh\u00e9e<\/h2>\n<p class=\"p1\">Une personne infect\u00e9e par la gonorrh\u00e9e peut ne pr\u00e9senter aucun sympt\u00f4me, mais les sympt\u00f4mes suivants peuvent appara\u00eetre :<\/p>\n<ul class=\"ul1\">\n<li class=\"li1\">Sensation de br\u00fblure lors de la miction<\/li>\n<li class=\"li1\">\u00c9coulement blanc, jaune ou vert du p\u00e9nis.<\/li>\n<li class=\"li1\">Chez les hommes : douleur et gonflement des testicules.<\/li>\n<li class=\"li1\">Chez les femmes : saignements vaginaux entre les r\u00e8gles.<\/li>\n<\/ul>\n<p>[\/vc_column_text][vc_empty_space height=\u00a0\u00bb28px\u00a0\u00bb][\/vc_column_inner][\/vc_row_inner][vc_row_inner el_id=\u00a0\u00bbprevention\u00a0\u00bb][vc_column_inner][vc_column_text]<\/p>\n<h2 class=\"p1\">Comment pr\u00e9venir la gonorrh\u00e9e ?<\/h2>\n<p class=\"p1\">La gonorrh\u00e9e peut \u00eatre \u00e9vit\u00e9e en prenant certaines mesures pr\u00e9ventives, telles que\u00a0:<\/p>\n<ul class=\"ul1\">\n<li class=\"li1\">S&rsquo;abstenir de relations sexuelles<\/li>\n<li class=\"li1\">Pratiquer la monogamie avec un partenaire dont le test de d\u00e9pistage des MST est n\u00e9gatif.<\/li>\n<\/ul>\n<p>[\/vc_column_text][vc_empty_space height=\u00a0\u00bb28px\u00a0\u00bb][\/vc_column_inner][\/vc_row_inner][vc_row_inner el_id=\u00a0\u00bbcauses\u00a0\u00bb][vc_column_inner][vc_column_text]<\/p>\n<h2 class=\"p1\">Causes de la gonorrh\u00e9e<\/h2>\n<p class=\"p1\">La gonorrh\u00e9e est caus\u00e9e par la bact\u00e9rie Gonorrhoeae. Cette bact\u00e9rie se transmet le plus souvent d&rsquo;une personne \u00e0 l&rsquo;autre lors d&rsquo;un contact sexuel, notamment lors de rapports oraux, anaux ou vaginaux. Les facteurs de risque sont les suivants<\/p>\n<ul class=\"ul1\">\n<li class=\"li1\">Jeune \u00e2ge<\/li>\n<li class=\"li1\">Nouveau partenaire sexuel<\/li>\n<li class=\"li1\">Partenaires sexuels multiples<\/li>\n<\/ul>\n<p>[\/vc_column_text][vc_empty_space height=\u00a0\u00bb28px\u00a0\u00bb][\/vc_column_inner][\/vc_row_inner][vc_row_inner el_id=\u00a0\u00bbtreatment\u00a0\u00bb][vc_column_inner][vc_column_text]<\/p>\n<h2 class=\"p1\">Traitement de la gonorrh\u00e9e<\/h2>\n<p class=\"p1\">De nombreux antibiotiques diff\u00e9rents peuvent \u00eatre utilis\u00e9s pour traiter cette infection.<\/p>\n<ul class=\"ul1\">\n<li class=\"li1\">Prenez une dose unique d&rsquo;antibiotiques par voie orale ou prenez de petites doses pendant 7 jours.<\/li>\n<li class=\"li1\">Dans certains cas, un antibiotique est administr\u00e9 par injection et des comprim\u00e9s sont ensuite prescrits.<\/li>\n<\/ul>\n<p class=\"p1\">Dans certains cas graves, une hospitalisation est n\u00e9cessaire. Il convient de noter qu&rsquo;environ la moiti\u00e9 des femmes atteintes de gonorrh\u00e9e sont \u00e9galement infect\u00e9es par la chlamydia. Il n&rsquo;y a pas lieu de s&rsquo;inqui\u00e9ter, car la chlamydia est trait\u00e9e en m\u00eame temps que la gonorrh\u00e9e.<\/p>\n<p class=\"p1\">Si vous avez un partenaire sexuel, les deux partenaires doivent \u00eatre test\u00e9s afin d&rsquo;\u00e9viter de se transmettre l&rsquo;infection. Les pr\u00e9servatifs doivent \u00eatre utilis\u00e9s jusqu&rsquo;\u00e0 ce que les deux partenaires aient fini de prendre l&rsquo;antibiotique. Tous les contacts sexuels de la personne atteinte de gonorrh\u00e9e doivent \u00e9galement \u00eatre localis\u00e9s et examin\u00e9s afin de pr\u00e9venir la propagation de la maladie. Dans tous les cas, il est conseill\u00e9 de ne pas pratiquer l&rsquo;autom\u00e9dication avant d&rsquo;avoir consult\u00e9 un m\u00e9decin sp\u00e9cialiste. Si les sympt\u00f4mes persistent apr\u00e8s le traitement, une visite de contr\u00f4le doit \u00eatre effectu\u00e9e 7 jours plus tard.<\/p>\n<p>[\/vc_column_text][\/vc_column_inner][\/vc_row_inner][\/vc_column][\/vc_row]<\/p>\n<\/div>","protected":false},"excerpt":{"rendered":"<p>Il s&rsquo;agit d&rsquo;une maladie sexuellement transmissible qui peut toucher aussi bien les hommes que les femmes. La gonorrh\u00e9e est tr\u00e8s fr\u00e9quente, surtout chez les jeunes de 15 \u00e0 24 ans. Toutefois, une personne infect\u00e9e peut ne pr\u00e9senter aucun sympt\u00f4me. Si elle n&rsquo;est pas trait\u00e9e rapidement et correctement, il s&rsquo;agit d&rsquo;une maladie douloureuse. Mais saviez-vous que la gonorrh\u00e9e est totalement \u00e9vitable ? D\u00e9couvrez comment ici.<\/p>\n","protected":false},"author":2,"featured_media":4303,"parent":13768,"menu_order":0,"comment_status":"closed","ping_status":"closed","template":"","meta":{"footnotes":""},"class_list":["post-13906","page","type-page","status-publish","has-post-thumbnail","hentry"],"acf":[],"yoast_head":"<!-- This site is optimized with the Yoast SEO plugin v27.4 - https:\/\/yoast.com\/product\/yoast-seo-wordpress\/ -->\n<title>Gonorrh\u00e9e, comment pr\u00e9venir et traiter cette maladie ?<\/title>\n<meta name=\"description\" content=\"Gonorrh\u00e9e : une maladie sexuellement transmissible qui touche les hommes et les femmes, surtout dans la tranche d&#039;\u00e2ge des 15-24 ans.\" \/>\n<meta name=\"robots\" content=\"index, follow, max-snippet:-1, max-image-preview:large, max-video-preview:-1\" \/>\n<link rel=\"canonical\" href=\"https:\/\/hospitalcmq.com\/fr\/maladies-et-conditions\/gonorrhee\/\" \/>\n<meta property=\"og:locale\" content=\"fr_FR\" \/>\n<meta property=\"og:type\" content=\"article\" \/>\n<meta property=\"og:title\" content=\"Gonorrh\u00e9e, comment pr\u00e9venir et traiter cette maladie ?\" \/>\n<meta property=\"og:description\" content=\"Gonorrh\u00e9e : une maladie sexuellement transmissible qui touche les hommes et les femmes, surtout dans la tranche d&#039;\u00e2ge des 15-24 ans.\" \/>\n<meta property=\"og:url\" content=\"https:\/\/hospitalcmq.com\/fr\/maladies-et-conditions\/gonorrhee\/\" \/>\n<meta property=\"og:site_name\" content=\"Hospital CMQ\" \/>\n<meta property=\"article:publisher\" content=\"https:\/\/www.facebook.com\/HospitalCMQ\" \/>\n<meta property=\"article:modified_time\" content=\"2024-08-26T17:55:39+00:00\" \/>\n<meta property=\"og:image\" content=\"https:\/\/hospitalcmq.com\/wp-content\/uploads\/2017\/08\/gonorrhea.png\" \/>\n\t<meta property=\"og:image:width\" content=\"470\" \/>\n\t<meta property=\"og:image:height\" content=\"260\" \/>\n\t<meta property=\"og:image:type\" content=\"image\/png\" \/>\n<meta name=\"twitter:card\" content=\"summary_large_image\" \/>\n<meta name=\"twitter:label1\" content=\"Dur\u00e9e de lecture estim\u00e9e\" \/>\n\t<meta name=\"twitter:data1\" content=\"3 minutes\" \/>\n<script type=\"application\/ld+json\" class=\"yoast-schema-graph\">{\"@context\":\"https:\\\/\\\/schema.org\",\"@graph\":[{\"@type\":\"WebPage\",\"@id\":\"https:\\\/\\\/hospitalcmq.com\\\/fr\\\/maladies-et-conditions\\\/gonorrhee\\\/\",\"url\":\"https:\\\/\\\/hospitalcmq.com\\\/fr\\\/maladies-et-conditions\\\/gonorrhee\\\/\",\"name\":\"Gonorrh\u00e9e, comment pr\u00e9venir et traiter cette maladie ?\",\"isPartOf\":{\"@id\":\"https:\\\/\\\/hospitalcmq.com\\\/fr\\\/#website\"},\"primaryImageOfPage\":{\"@id\":\"https:\\\/\\\/hospitalcmq.com\\\/fr\\\/maladies-et-conditions\\\/gonorrhee\\\/#primaryimage\"},\"image\":{\"@id\":\"https:\\\/\\\/hospitalcmq.com\\\/fr\\\/maladies-et-conditions\\\/gonorrhee\\\/#primaryimage\"},\"thumbnailUrl\":\"https:\\\/\\\/hospitalcmq.com\\\/wp-content\\\/uploads\\\/2017\\\/08\\\/gonorrhea.png\",\"datePublished\":\"2024-01-23T15:58:32+00:00\",\"dateModified\":\"2024-08-26T17:55:39+00:00\",\"description\":\"Gonorrh\u00e9e : une maladie sexuellement transmissible qui touche les hommes et les femmes, surtout dans la tranche d'\u00e2ge des 15-24 ans.\",\"breadcrumb\":{\"@id\":\"https:\\\/\\\/hospitalcmq.com\\\/fr\\\/maladies-et-conditions\\\/gonorrhee\\\/#breadcrumb\"},\"inLanguage\":\"fr-FR\",\"potentialAction\":[{\"@type\":\"ReadAction\",\"target\":[\"https:\\\/\\\/hospitalcmq.com\\\/fr\\\/maladies-et-conditions\\\/gonorrhee\\\/\"]}]},{\"@type\":\"ImageObject\",\"inLanguage\":\"fr-FR\",\"@id\":\"https:\\\/\\\/hospitalcmq.com\\\/fr\\\/maladies-et-conditions\\\/gonorrhee\\\/#primaryimage\",\"url\":\"https:\\\/\\\/hospitalcmq.com\\\/wp-content\\\/uploads\\\/2017\\\/08\\\/gonorrhea.png\",\"contentUrl\":\"https:\\\/\\\/hospitalcmq.com\\\/wp-content\\\/uploads\\\/2017\\\/08\\\/gonorrhea.png\",\"width\":470,\"height\":260,\"caption\":\"gonorrhea\"},{\"@type\":\"BreadcrumbList\",\"@id\":\"https:\\\/\\\/hospitalcmq.com\\\/fr\\\/maladies-et-conditions\\\/gonorrhee\\\/#breadcrumb\",\"itemListElement\":[{\"@type\":\"ListItem\",\"position\":1,\"name\":\"Home\",\"item\":\"https:\\\/\\\/hospitalcmq.com\\\/fr\\\/\"},{\"@type\":\"ListItem\",\"position\":2,\"name\":\"Maladies et conditions\",\"item\":\"https:\\\/\\\/hospitalcmq.com\\\/fr\\\/maladies-et-conditions\\\/\"},{\"@type\":\"ListItem\",\"position\":3,\"name\":\"Comment pr\u00e9venir et traiter la gonorrh\u00e9e ?\"}]},{\"@type\":\"WebSite\",\"@id\":\"https:\\\/\\\/hospitalcmq.com\\\/fr\\\/#website\",\"url\":\"https:\\\/\\\/hospitalcmq.com\\\/fr\\\/\",\"name\":\"Hospital CMQ\",\"description\":\"Best Hospitals in Puerto Vallarta &amp; Riviera Nayarit\",\"publisher\":{\"@id\":\"https:\\\/\\\/hospitalcmq.com\\\/fr\\\/#organization\"},\"potentialAction\":[{\"@type\":\"SearchAction\",\"target\":{\"@type\":\"EntryPoint\",\"urlTemplate\":\"https:\\\/\\\/hospitalcmq.com\\\/fr\\\/?s={search_term_string}\"},\"query-input\":{\"@type\":\"PropertyValueSpecification\",\"valueRequired\":true,\"valueName\":\"search_term_string\"}}],\"inLanguage\":\"fr-FR\"},{\"@type\":\"Organization\",\"@id\":\"https:\\\/\\\/hospitalcmq.com\\\/fr\\\/#organization\",\"name\":\"Hospital CMQ\",\"url\":\"https:\\\/\\\/hospitalcmq.com\\\/fr\\\/\",\"logo\":{\"@type\":\"ImageObject\",\"inLanguage\":\"fr-FR\",\"@id\":\"https:\\\/\\\/hospitalcmq.com\\\/fr\\\/#\\\/schema\\\/logo\\\/image\\\/\",\"url\":\"https:\\\/\\\/hospitalcmq.com\\\/wp-content\\\/uploads\\\/2018\\\/06\\\/cmq-hospital-logo.png\",\"contentUrl\":\"https:\\\/\\\/hospitalcmq.com\\\/wp-content\\\/uploads\\\/2018\\\/06\\\/cmq-hospital-logo.png\",\"width\":214,\"height\":189,\"caption\":\"Hospital CMQ\"},\"image\":{\"@id\":\"https:\\\/\\\/hospitalcmq.com\\\/fr\\\/#\\\/schema\\\/logo\\\/image\\\/\"},\"sameAs\":[\"https:\\\/\\\/www.facebook.com\\\/HospitalCMQ\"]}]}<\/script>\n<!-- \/ Yoast SEO plugin. -->","yoast_head_json":{"title":"Gonorrh\u00e9e, comment pr\u00e9venir et traiter cette maladie ?","description":"Gonorrh\u00e9e : une maladie sexuellement transmissible qui touche les hommes et les femmes, surtout dans la tranche d'\u00e2ge des 15-24 ans.","robots":{"index":"index","follow":"follow","max-snippet":"max-snippet:-1","max-image-preview":"max-image-preview:large","max-video-preview":"max-video-preview:-1"},"canonical":"https:\/\/hospitalcmq.com\/fr\/maladies-et-conditions\/gonorrhee\/","og_locale":"fr_FR","og_type":"article","og_title":"Gonorrh\u00e9e, comment pr\u00e9venir et traiter cette maladie ?","og_description":"Gonorrh\u00e9e : une maladie sexuellement transmissible qui touche les hommes et les femmes, surtout dans la tranche d'\u00e2ge des 15-24 ans.","og_url":"https:\/\/hospitalcmq.com\/fr\/maladies-et-conditions\/gonorrhee\/","og_site_name":"Hospital CMQ","article_publisher":"https:\/\/www.facebook.com\/HospitalCMQ","article_modified_time":"2024-08-26T17:55:39+00:00","og_image":[{"width":470,"height":260,"url":"https:\/\/hospitalcmq.com\/wp-content\/uploads\/2017\/08\/gonorrhea.png","type":"image\/png"}],"twitter_card":"summary_large_image","twitter_misc":{"Dur\u00e9e de lecture estim\u00e9e":"3 minutes"},"schema":{"@context":"https:\/\/schema.org","@graph":[{"@type":"WebPage","@id":"https:\/\/hospitalcmq.com\/fr\/maladies-et-conditions\/gonorrhee\/","url":"https:\/\/hospitalcmq.com\/fr\/maladies-et-conditions\/gonorrhee\/","name":"Gonorrh\u00e9e, comment pr\u00e9venir et traiter cette maladie ?","isPartOf":{"@id":"https:\/\/hospitalcmq.com\/fr\/#website"},"primaryImageOfPage":{"@id":"https:\/\/hospitalcmq.com\/fr\/maladies-et-conditions\/gonorrhee\/#primaryimage"},"image":{"@id":"https:\/\/hospitalcmq.com\/fr\/maladies-et-conditions\/gonorrhee\/#primaryimage"},"thumbnailUrl":"https:\/\/hospitalcmq.com\/wp-content\/uploads\/2017\/08\/gonorrhea.png","datePublished":"2024-01-23T15:58:32+00:00","dateModified":"2024-08-26T17:55:39+00:00","description":"Gonorrh\u00e9e : une maladie sexuellement transmissible qui touche les hommes et les femmes, surtout dans la tranche d'\u00e2ge des 15-24 ans.","breadcrumb":{"@id":"https:\/\/hospitalcmq.com\/fr\/maladies-et-conditions\/gonorrhee\/#breadcrumb"},"inLanguage":"fr-FR","potentialAction":[{"@type":"ReadAction","target":["https:\/\/hospitalcmq.com\/fr\/maladies-et-conditions\/gonorrhee\/"]}]},{"@type":"ImageObject","inLanguage":"fr-FR","@id":"https:\/\/hospitalcmq.com\/fr\/maladies-et-conditions\/gonorrhee\/#primaryimage","url":"https:\/\/hospitalcmq.com\/wp-content\/uploads\/2017\/08\/gonorrhea.png","contentUrl":"https:\/\/hospitalcmq.com\/wp-content\/uploads\/2017\/08\/gonorrhea.png","width":470,"height":260,"caption":"gonorrhea"},{"@type":"BreadcrumbList","@id":"https:\/\/hospitalcmq.com\/fr\/maladies-et-conditions\/gonorrhee\/#breadcrumb","itemListElement":[{"@type":"ListItem","position":1,"name":"Home","item":"https:\/\/hospitalcmq.com\/fr\/"},{"@type":"ListItem","position":2,"name":"Maladies et conditions","item":"https:\/\/hospitalcmq.com\/fr\/maladies-et-conditions\/"},{"@type":"ListItem","position":3,"name":"Comment pr\u00e9venir et traiter la gonorrh\u00e9e ?"}]},{"@type":"WebSite","@id":"https:\/\/hospitalcmq.com\/fr\/#website","url":"https:\/\/hospitalcmq.com\/fr\/","name":"Hospital CMQ","description":"Best Hospitals in Puerto Vallarta &amp; Riviera Nayarit","publisher":{"@id":"https:\/\/hospitalcmq.com\/fr\/#organization"},"potentialAction":[{"@type":"SearchAction","target":{"@type":"EntryPoint","urlTemplate":"https:\/\/hospitalcmq.com\/fr\/?s={search_term_string}"},"query-input":{"@type":"PropertyValueSpecification","valueRequired":true,"valueName":"search_term_string"}}],"inLanguage":"fr-FR"},{"@type":"Organization","@id":"https:\/\/hospitalcmq.com\/fr\/#organization","name":"Hospital CMQ","url":"https:\/\/hospitalcmq.com\/fr\/","logo":{"@type":"ImageObject","inLanguage":"fr-FR","@id":"https:\/\/hospitalcmq.com\/fr\/#\/schema\/logo\/image\/","url":"https:\/\/hospitalcmq.com\/wp-content\/uploads\/2018\/06\/cmq-hospital-logo.png","contentUrl":"https:\/\/hospitalcmq.com\/wp-content\/uploads\/2018\/06\/cmq-hospital-logo.png","width":214,"height":189,"caption":"Hospital CMQ"},"image":{"@id":"https:\/\/hospitalcmq.com\/fr\/#\/schema\/logo\/image\/"},"sameAs":["https:\/\/www.facebook.com\/HospitalCMQ"]}]}},"_links":{"self":[{"href":"https:\/\/hospitalcmq.com\/fr\/wp-json\/wp\/v2\/pages\/13906","targetHints":{"allow":["GET"]}}],"collection":[{"href":"https:\/\/hospitalcmq.com\/fr\/wp-json\/wp\/v2\/pages"}],"about":[{"href":"https:\/\/hospitalcmq.com\/fr\/wp-json\/wp\/v2\/types\/page"}],"author":[{"embeddable":true,"href":"https:\/\/hospitalcmq.com\/fr\/wp-json\/wp\/v2\/users\/2"}],"replies":[{"embeddable":true,"href":"https:\/\/hospitalcmq.com\/fr\/wp-json\/wp\/v2\/comments?post=13906"}],"version-history":[{"count":0,"href":"https:\/\/hospitalcmq.com\/fr\/wp-json\/wp\/v2\/pages\/13906\/revisions"}],"up":[{"embeddable":true,"href":"https:\/\/hospitalcmq.com\/fr\/wp-json\/wp\/v2\/pages\/13768"}],"wp:featuredmedia":[{"embeddable":true,"href":"https:\/\/hospitalcmq.com\/fr\/wp-json\/wp\/v2\/media\/4303"}],"wp:attachment":[{"href":"https:\/\/hospitalcmq.com\/fr\/wp-json\/wp\/v2\/media?parent=13906"}],"curies":[{"name":"wp","href":"https:\/\/api.w.org\/{rel}","templated":true}]}}