{"id":13795,"date":"2023-10-26T12:29:44","date_gmt":"2023-10-26T18:29:44","guid":{"rendered":"https:\/\/hospitalcmq.com\/?page_id=13795"},"modified":"2024-08-26T11:56:15","modified_gmt":"2024-08-26T17:56:15","slug":"lepilepsie","status":"publish","type":"page","link":"https:\/\/hospitalcmq.com\/fr\/maladies-et-conditions\/lepilepsie\/","title":{"rendered":"L&rsquo;\u00e9pilepsie : ses causes et ce qu&rsquo;il faut faire en cas de convulsions"},"content":{"rendered":"<div class=\"wpb-content-wrapper\"><p>[vc_row][vc_column][vc_empty_space height=\u00a0\u00bb16px\u00a0\u00bb][vc_column_text el_id=\u00a0\u00bbdefinition\u00a0\u00bb]<\/p>\n<h2><span style=\"font-weight: 400;\"><img loading=\"lazy\" decoding=\"async\" class=\"alignright wp-image-1303 size-full\" title=\"Epilepsy, its causes and treatment\" src=\"https:\/\/hospitalcmq.com\/wp-content\/uploads\/2017\/08\/epilepsy.png\" alt=\"Epilepsy, learn about its causes and treatment\" width=\"470\" height=\"260\" \/><\/span><\/h2>\n<h2 class=\"p1\">D\u00e9finition de l&rsquo;\u00e9pilepsie<\/h2>\n<p class=\"p1\">Cette maladie c\u00e9r\u00e9brale chronique touche des personnes du monde entier. L&rsquo;\u00e9pilepsie se caract\u00e9rise par des crises \u00e9pisodiques br\u00e8ves accompagn\u00e9es de mouvements involontaires en affectant certaines parties du corps, des crises partielles ou des crises g\u00e9n\u00e9ralis\u00e9es, qui s&rsquo;accompagnent dans certains cas d&rsquo;une perte de conscience et d&rsquo;une perte du contr\u00f4le sphinct\u00e9rien.<\/p>\n<p>[\/vc_column_text][vc_row_inner el_id=\u00a0\u00bbsymptoms\u00a0\u00bb][vc_column_inner][vc_empty_space][vc_column_text]<\/p>\n<h2 class=\"p1\">Comment distinguer une crise d&rsquo;\u00e9pilepsie ?<\/h2>\n<p class=\"p1\">Les caract\u00e9ristiques des crises d&rsquo;\u00e9pilepsie sont variables et d\u00e9pendent de la zone du cerveau o\u00f9 le trouble commence, ainsi que de sa propagation. Il peut y avoir des sympt\u00f4mes transitoires, tels que l&rsquo;absence ou la perte de conscience, et des perturbations des mouvements, des sens (en particulier la vision, l&rsquo;audition et le go\u00fbt), de l&rsquo;humeur ou d&rsquo;autres fonctions cognitives.<\/p>\n<p class=\"p1\">Dans la plupart des cas, une personne \u00e9pileptique a tendance \u00e0 avoir le m\u00eame type de crise \u00e0 chaque fois, de sorte que les sympt\u00f4mes sont similaires d&rsquo;un \u00e9pisode \u00e0 l&rsquo;autre. Les m\u00e9decins classent g\u00e9n\u00e9ralement les crises en crises focales ou g\u00e9n\u00e9ralis\u00e9es, en fonction de la mani\u00e8re dont l&rsquo;activit\u00e9 c\u00e9r\u00e9brale anormale commence.<\/p>\n<p>[\/vc_column_text][vc_empty_space][\/vc_column_inner][\/vc_row_inner][vc_row_inner el_id=\u00a0\u00bbriskfactors\u00a0\u00bb][vc_column_inner][vc_column_text]<\/p>\n<h2 class=\"p1\">Facteurs de risque<\/h2>\n<p class=\"p1\">Certains facteurs peuvent augmenter le risque d&rsquo;avoir \u00e9pilepsie.<\/p>\n<ul class=\"ul1\">\n<li class=\"li1\">\u00c2ge : l&rsquo;\u00e9pilepsie appara\u00eet le plus souvent dans la petite enfance et apr\u00e8s 60 ans, mais elle peut survenir \u00e0 tout \u00e2ge.<\/li>\n<li class=\"li1\">Ant\u00e9c\u00e9dents familiaux<\/li>\n<li class=\"li1\">Traumatismes cr\u00e2niens<\/li>\n<li class=\"li1\">Accident vasculaire c\u00e9r\u00e9bral et autres maladies vasculaires<\/li>\n<li class=\"li1\">La d\u00e9mence peut augmenter le risque d&rsquo;\u00e9pilepsie chez les personnes \u00e2g\u00e9es.<\/li>\n<li class=\"li1\">Les infections c\u00e9r\u00e9brales telles que la m\u00e9ningite, qui provoque une inflammation du cerveau ou de la moelle \u00e9pini\u00e8re, peuvent augmenter le risque.<\/li>\n<li class=\"li1\">Crises d&rsquo;\u00e9pilepsie dans l&rsquo;enfance<\/li>\n<\/ul>\n<p>[\/vc_column_text][vc_empty_space height=\u00a0\u00bb28px\u00a0\u00bb][\/vc_column_inner][\/vc_row_inner][vc_row_inner el_id=\u00a0\u00bbcauses\u00a0\u00bb][vc_column_inner][vc_column_text]<\/p>\n<h2 class=\"p1\">Quelles sont les causes de l&rsquo;\u00e9pilepsie ?<\/h2>\n<p class=\"p1\">Le type d&rsquo;\u00e9pilepsie le plus courant, qui affecte 6 personnes sur 10, est <i>l&rsquo;\u00e9pilepsie idiopathique<\/i>, c&rsquo;est-\u00e0-dire l&rsquo;\u00e9pilepsie qui n&rsquo;a pas de cause identifiable. L&rsquo;\u00e9pilepsie dont les causes sont connues est appel\u00e9e \u00e9pilepsie secondaire ou symptomatique. Ces causes peuvent \u00eatre les suivantes<\/p>\n<ul class=\"ul1\">\n<li class=\"li1\">Des anomalies cong\u00e9nitales et des l\u00e9sions p\u00e9rinatales.<\/li>\n<li class=\"li1\">Tumeurs et autres l\u00e9sions en occupant de l&rsquo;espace.<\/li>\n<li class=\"li1\">Troubles d\u00e9g\u00e9n\u00e9ratifs : la maladie d&rsquo;Alzheimer et d&rsquo;autres troubles d\u00e9g\u00e9n\u00e9ratifs sont \u00e9galement des causes de crises.<\/li>\n<li class=\"li1\">Maladies infectieuses : elles doivent \u00eatre consid\u00e9r\u00e9es dans tous les groupes d&rsquo;\u00e2ge comme des causes potentiellement r\u00e9versibles de crises d&rsquo;\u00e9pilepsie.<\/li>\n<\/ul>\n<p>[\/vc_column_text][vc_empty_space height=\u00a0\u00bb28px\u00a0\u00bb][\/vc_column_inner][\/vc_row_inner][vc_row_inner el_id=\u00a0\u00bbtreatment\u00a0\u00bb][vc_column_inner][vc_column_text]<\/p>\n<h2 class=\"p1\">Traitement de l&rsquo;\u00e9pilepsie<\/h2>\n<p class=\"p1\">Pour la plupart des patients souffrent de crises d&rsquo;un seul type, un contr\u00f4le satisfaisant peut \u00eatre obtenu avec des m\u00e9dicaments anticonvulsivants. L&rsquo;association de deux ou plusieurs m\u00e9dicaments peut r\u00e9duire encore plus la fr\u00e9quence ou la gravit\u00e9 des crises, mais g\u00e9n\u00e9ralement au prix d&rsquo;une toxicit\u00e9 accrue.<\/p>\n<p class=\"p1\">L&rsquo;\u00e9lectroenc\u00e9phalographie (EEG) peut \u00e9tayer le diagnostic clinique de l&rsquo;\u00e9pilepsie, en fournissant une indication sur le pronostic et en aidant \u00e0 classer l&rsquo;affection \u00e9pileptique. La classification du trouble est importante pour d\u00e9terminer le m\u00e9dicament anticonvulsivant le plus appropri\u00e9 pour commencer le traitement. Chez les patients \u00e9pileptiques, le traitement m\u00e9dicamenteux est prescrit dans le but de pr\u00e9venir de nouvelles crises et est g\u00e9n\u00e9ralement poursuivi jusqu&rsquo;\u00e0 ce qu&rsquo;il n&rsquo;y ait plus de crises pendant au moins deux ans.<\/p>\n<p>[\/vc_column_text][\/vc_column_inner][\/vc_row_inner][\/vc_column][\/vc_row]<\/p>\n<\/div>","protected":false},"excerpt":{"rendered":"<p>Ce trouble c\u00e9r\u00e9bral chronique touche des personnes de tous \u00e2ges, de tous sexes et de tous statuts socio-\u00e9conomiques. Il s&rsquo;agit de la quatri\u00e8me maladie neurologique la plus r\u00e9pandue dans le monde. Elle se caract\u00e9rise par des crises accompagn\u00e9es de mouvements involontaires qui peuvent affecter une partie ou la totalit\u00e9 du corps. D\u00e9couvrez dans ce contenu le type d&rsquo;\u00e9pilepsie qui touche 6 personnes sur 10, ses facteurs de risque et son traitement.<\/p>\n","protected":false},"author":2,"featured_media":0,"parent":13768,"menu_order":0,"comment_status":"closed","ping_status":"closed","template":"","meta":{"footnotes":""},"class_list":["post-13795","page","type-page","status-publish","hentry"],"acf":[],"yoast_head":"<!-- This site is optimized with the Yoast SEO plugin v27.4 - https:\/\/yoast.com\/product\/yoast-seo-wordpress\/ -->\n<title>\u00c9pilepsie, quelles sont les causes de cette maladie ?<\/title>\n<meta name=\"description\" content=\"L&#039;\u00e9pilepsie: est la quatri\u00e8me maladie c\u00e9r\u00e9brale la plus r\u00e9pandue dans le monde. D\u00e9couvrez ici les sympt\u00f4mes, les facteurs de risque, le traitement et ce qu&#039;il faut faire en cas de crise.\" \/>\n<meta name=\"robots\" content=\"index, follow, max-snippet:-1, max-image-preview:large, max-video-preview:-1\" \/>\n<link rel=\"canonical\" href=\"https:\/\/hospitalcmq.com\/fr\/maladies-et-conditions\/lepilepsie\/\" \/>\n<meta property=\"og:locale\" content=\"fr_FR\" \/>\n<meta property=\"og:type\" content=\"article\" \/>\n<meta property=\"og:title\" content=\"\u00c9pilepsie, quelles sont les causes de cette maladie ?\" \/>\n<meta property=\"og:description\" content=\"L&#039;\u00e9pilepsie: est la quatri\u00e8me maladie c\u00e9r\u00e9brale la plus r\u00e9pandue dans le monde. D\u00e9couvrez ici les sympt\u00f4mes, les facteurs de risque, le traitement et ce qu&#039;il faut faire en cas de crise.\" \/>\n<meta property=\"og:url\" content=\"https:\/\/hospitalcmq.com\/fr\/maladies-et-conditions\/lepilepsie\/\" \/>\n<meta property=\"og:site_name\" content=\"Hospital CMQ\" \/>\n<meta property=\"article:publisher\" content=\"https:\/\/www.facebook.com\/HospitalCMQ\" \/>\n<meta property=\"article:modified_time\" content=\"2024-08-26T17:56:15+00:00\" \/>\n<meta property=\"og:image\" content=\"https:\/\/hospitalcmq.com\/wp-content\/uploads\/2017\/08\/epilepsy.png\" \/>\n<meta name=\"twitter:card\" content=\"summary_large_image\" \/>\n<meta name=\"twitter:label1\" content=\"Dur\u00e9e de lecture estim\u00e9e\" \/>\n\t<meta name=\"twitter:data1\" content=\"3 minutes\" \/>\n<script type=\"application\/ld+json\" class=\"yoast-schema-graph\">{\"@context\":\"https:\\\/\\\/schema.org\",\"@graph\":[{\"@type\":\"WebPage\",\"@id\":\"https:\\\/\\\/hospitalcmq.com\\\/fr\\\/maladies-et-conditions\\\/lepilepsie\\\/\",\"url\":\"https:\\\/\\\/hospitalcmq.com\\\/fr\\\/maladies-et-conditions\\\/lepilepsie\\\/\",\"name\":\"\u00c9pilepsie, quelles sont les causes de cette maladie ?\",\"isPartOf\":{\"@id\":\"https:\\\/\\\/hospitalcmq.com\\\/fr\\\/#website\"},\"primaryImageOfPage\":{\"@id\":\"https:\\\/\\\/hospitalcmq.com\\\/fr\\\/maladies-et-conditions\\\/lepilepsie\\\/#primaryimage\"},\"image\":{\"@id\":\"https:\\\/\\\/hospitalcmq.com\\\/fr\\\/maladies-et-conditions\\\/lepilepsie\\\/#primaryimage\"},\"thumbnailUrl\":\"https:\\\/\\\/hospitalcmq.com\\\/wp-content\\\/uploads\\\/2017\\\/08\\\/epilepsy.png\",\"datePublished\":\"2023-10-26T18:29:44+00:00\",\"dateModified\":\"2024-08-26T17:56:15+00:00\",\"description\":\"L'\u00e9pilepsie: est la quatri\u00e8me maladie c\u00e9r\u00e9brale la plus r\u00e9pandue dans le monde. D\u00e9couvrez ici les sympt\u00f4mes, les facteurs de risque, le traitement et ce qu'il faut faire en cas de crise.\",\"breadcrumb\":{\"@id\":\"https:\\\/\\\/hospitalcmq.com\\\/fr\\\/maladies-et-conditions\\\/lepilepsie\\\/#breadcrumb\"},\"inLanguage\":\"fr-FR\",\"potentialAction\":[{\"@type\":\"ReadAction\",\"target\":[\"https:\\\/\\\/hospitalcmq.com\\\/fr\\\/maladies-et-conditions\\\/lepilepsie\\\/\"]}]},{\"@type\":\"ImageObject\",\"inLanguage\":\"fr-FR\",\"@id\":\"https:\\\/\\\/hospitalcmq.com\\\/fr\\\/maladies-et-conditions\\\/lepilepsie\\\/#primaryimage\",\"url\":\"https:\\\/\\\/hospitalcmq.com\\\/wp-content\\\/uploads\\\/2017\\\/08\\\/epilepsy.png\",\"contentUrl\":\"https:\\\/\\\/hospitalcmq.com\\\/wp-content\\\/uploads\\\/2017\\\/08\\\/epilepsy.png\"},{\"@type\":\"BreadcrumbList\",\"@id\":\"https:\\\/\\\/hospitalcmq.com\\\/fr\\\/maladies-et-conditions\\\/lepilepsie\\\/#breadcrumb\",\"itemListElement\":[{\"@type\":\"ListItem\",\"position\":1,\"name\":\"Home\",\"item\":\"https:\\\/\\\/hospitalcmq.com\\\/fr\\\/\"},{\"@type\":\"ListItem\",\"position\":2,\"name\":\"Maladies et conditions\",\"item\":\"https:\\\/\\\/hospitalcmq.com\\\/fr\\\/maladies-et-conditions\\\/\"},{\"@type\":\"ListItem\",\"position\":3,\"name\":\"L&rsquo;\u00e9pilepsie : ses causes et ce qu&rsquo;il faut faire en cas de convulsions\"}]},{\"@type\":\"WebSite\",\"@id\":\"https:\\\/\\\/hospitalcmq.com\\\/fr\\\/#website\",\"url\":\"https:\\\/\\\/hospitalcmq.com\\\/fr\\\/\",\"name\":\"Hospital CMQ\",\"description\":\"Best Hospitals in Puerto Vallarta &amp; Riviera Nayarit\",\"publisher\":{\"@id\":\"https:\\\/\\\/hospitalcmq.com\\\/fr\\\/#organization\"},\"potentialAction\":[{\"@type\":\"SearchAction\",\"target\":{\"@type\":\"EntryPoint\",\"urlTemplate\":\"https:\\\/\\\/hospitalcmq.com\\\/fr\\\/?s={search_term_string}\"},\"query-input\":{\"@type\":\"PropertyValueSpecification\",\"valueRequired\":true,\"valueName\":\"search_term_string\"}}],\"inLanguage\":\"fr-FR\"},{\"@type\":\"Organization\",\"@id\":\"https:\\\/\\\/hospitalcmq.com\\\/fr\\\/#organization\",\"name\":\"Hospital CMQ\",\"url\":\"https:\\\/\\\/hospitalcmq.com\\\/fr\\\/\",\"logo\":{\"@type\":\"ImageObject\",\"inLanguage\":\"fr-FR\",\"@id\":\"https:\\\/\\\/hospitalcmq.com\\\/fr\\\/#\\\/schema\\\/logo\\\/image\\\/\",\"url\":\"https:\\\/\\\/hospitalcmq.com\\\/wp-content\\\/uploads\\\/2018\\\/06\\\/cmq-hospital-logo.png\",\"contentUrl\":\"https:\\\/\\\/hospitalcmq.com\\\/wp-content\\\/uploads\\\/2018\\\/06\\\/cmq-hospital-logo.png\",\"width\":214,\"height\":189,\"caption\":\"Hospital CMQ\"},\"image\":{\"@id\":\"https:\\\/\\\/hospitalcmq.com\\\/fr\\\/#\\\/schema\\\/logo\\\/image\\\/\"},\"sameAs\":[\"https:\\\/\\\/www.facebook.com\\\/HospitalCMQ\"]}]}<\/script>\n<!-- \/ Yoast SEO plugin. -->","yoast_head_json":{"title":"\u00c9pilepsie, quelles sont les causes de cette maladie ?","description":"L'\u00e9pilepsie: est la quatri\u00e8me maladie c\u00e9r\u00e9brale la plus r\u00e9pandue dans le monde. D\u00e9couvrez ici les sympt\u00f4mes, les facteurs de risque, le traitement et ce qu'il faut faire en cas de crise.","robots":{"index":"index","follow":"follow","max-snippet":"max-snippet:-1","max-image-preview":"max-image-preview:large","max-video-preview":"max-video-preview:-1"},"canonical":"https:\/\/hospitalcmq.com\/fr\/maladies-et-conditions\/lepilepsie\/","og_locale":"fr_FR","og_type":"article","og_title":"\u00c9pilepsie, quelles sont les causes de cette maladie ?","og_description":"L'\u00e9pilepsie: est la quatri\u00e8me maladie c\u00e9r\u00e9brale la plus r\u00e9pandue dans le monde. D\u00e9couvrez ici les sympt\u00f4mes, les facteurs de risque, le traitement et ce qu'il faut faire en cas de crise.","og_url":"https:\/\/hospitalcmq.com\/fr\/maladies-et-conditions\/lepilepsie\/","og_site_name":"Hospital CMQ","article_publisher":"https:\/\/www.facebook.com\/HospitalCMQ","article_modified_time":"2024-08-26T17:56:15+00:00","og_image":[{"url":"https:\/\/hospitalcmq.com\/wp-content\/uploads\/2017\/08\/epilepsy.png","type":"","width":"","height":""}],"twitter_card":"summary_large_image","twitter_misc":{"Dur\u00e9e de lecture estim\u00e9e":"3 minutes"},"schema":{"@context":"https:\/\/schema.org","@graph":[{"@type":"WebPage","@id":"https:\/\/hospitalcmq.com\/fr\/maladies-et-conditions\/lepilepsie\/","url":"https:\/\/hospitalcmq.com\/fr\/maladies-et-conditions\/lepilepsie\/","name":"\u00c9pilepsie, quelles sont les causes de cette maladie ?","isPartOf":{"@id":"https:\/\/hospitalcmq.com\/fr\/#website"},"primaryImageOfPage":{"@id":"https:\/\/hospitalcmq.com\/fr\/maladies-et-conditions\/lepilepsie\/#primaryimage"},"image":{"@id":"https:\/\/hospitalcmq.com\/fr\/maladies-et-conditions\/lepilepsie\/#primaryimage"},"thumbnailUrl":"https:\/\/hospitalcmq.com\/wp-content\/uploads\/2017\/08\/epilepsy.png","datePublished":"2023-10-26T18:29:44+00:00","dateModified":"2024-08-26T17:56:15+00:00","description":"L'\u00e9pilepsie: est la quatri\u00e8me maladie c\u00e9r\u00e9brale la plus r\u00e9pandue dans le monde. D\u00e9couvrez ici les sympt\u00f4mes, les facteurs de risque, le traitement et ce qu'il faut faire en cas de crise.","breadcrumb":{"@id":"https:\/\/hospitalcmq.com\/fr\/maladies-et-conditions\/lepilepsie\/#breadcrumb"},"inLanguage":"fr-FR","potentialAction":[{"@type":"ReadAction","target":["https:\/\/hospitalcmq.com\/fr\/maladies-et-conditions\/lepilepsie\/"]}]},{"@type":"ImageObject","inLanguage":"fr-FR","@id":"https:\/\/hospitalcmq.com\/fr\/maladies-et-conditions\/lepilepsie\/#primaryimage","url":"https:\/\/hospitalcmq.com\/wp-content\/uploads\/2017\/08\/epilepsy.png","contentUrl":"https:\/\/hospitalcmq.com\/wp-content\/uploads\/2017\/08\/epilepsy.png"},{"@type":"BreadcrumbList","@id":"https:\/\/hospitalcmq.com\/fr\/maladies-et-conditions\/lepilepsie\/#breadcrumb","itemListElement":[{"@type":"ListItem","position":1,"name":"Home","item":"https:\/\/hospitalcmq.com\/fr\/"},{"@type":"ListItem","position":2,"name":"Maladies et conditions","item":"https:\/\/hospitalcmq.com\/fr\/maladies-et-conditions\/"},{"@type":"ListItem","position":3,"name":"L&rsquo;\u00e9pilepsie : ses causes et ce qu&rsquo;il faut faire en cas de convulsions"}]},{"@type":"WebSite","@id":"https:\/\/hospitalcmq.com\/fr\/#website","url":"https:\/\/hospitalcmq.com\/fr\/","name":"Hospital CMQ","description":"Best Hospitals in Puerto Vallarta &amp; Riviera Nayarit","publisher":{"@id":"https:\/\/hospitalcmq.com\/fr\/#organization"},"potentialAction":[{"@type":"SearchAction","target":{"@type":"EntryPoint","urlTemplate":"https:\/\/hospitalcmq.com\/fr\/?s={search_term_string}"},"query-input":{"@type":"PropertyValueSpecification","valueRequired":true,"valueName":"search_term_string"}}],"inLanguage":"fr-FR"},{"@type":"Organization","@id":"https:\/\/hospitalcmq.com\/fr\/#organization","name":"Hospital CMQ","url":"https:\/\/hospitalcmq.com\/fr\/","logo":{"@type":"ImageObject","inLanguage":"fr-FR","@id":"https:\/\/hospitalcmq.com\/fr\/#\/schema\/logo\/image\/","url":"https:\/\/hospitalcmq.com\/wp-content\/uploads\/2018\/06\/cmq-hospital-logo.png","contentUrl":"https:\/\/hospitalcmq.com\/wp-content\/uploads\/2018\/06\/cmq-hospital-logo.png","width":214,"height":189,"caption":"Hospital CMQ"},"image":{"@id":"https:\/\/hospitalcmq.com\/fr\/#\/schema\/logo\/image\/"},"sameAs":["https:\/\/www.facebook.com\/HospitalCMQ"]}]}},"_links":{"self":[{"href":"https:\/\/hospitalcmq.com\/fr\/wp-json\/wp\/v2\/pages\/13795","targetHints":{"allow":["GET"]}}],"collection":[{"href":"https:\/\/hospitalcmq.com\/fr\/wp-json\/wp\/v2\/pages"}],"about":[{"href":"https:\/\/hospitalcmq.com\/fr\/wp-json\/wp\/v2\/types\/page"}],"author":[{"embeddable":true,"href":"https:\/\/hospitalcmq.com\/fr\/wp-json\/wp\/v2\/users\/2"}],"replies":[{"embeddable":true,"href":"https:\/\/hospitalcmq.com\/fr\/wp-json\/wp\/v2\/comments?post=13795"}],"version-history":[{"count":0,"href":"https:\/\/hospitalcmq.com\/fr\/wp-json\/wp\/v2\/pages\/13795\/revisions"}],"up":[{"embeddable":true,"href":"https:\/\/hospitalcmq.com\/fr\/wp-json\/wp\/v2\/pages\/13768"}],"wp:attachment":[{"href":"https:\/\/hospitalcmq.com\/fr\/wp-json\/wp\/v2\/media?parent=13795"}],"curies":[{"name":"wp","href":"https:\/\/api.w.org\/{rel}","templated":true}]}}