{"id":13794,"date":"2023-10-26T12:20:11","date_gmt":"2023-10-26T18:20:11","guid":{"rendered":"https:\/\/hospitalcmq.com\/?page_id=13794"},"modified":"2024-08-26T11:56:52","modified_gmt":"2024-08-26T17:56:52","slug":"diarrhee","status":"publish","type":"page","link":"https:\/\/hospitalcmq.com\/fr\/maladies-et-conditions\/diarrhee\/","title":{"rendered":"Diarrh\u00e9e : types, traitement et pr\u00e9vention"},"content":{"rendered":"<div class=\"wpb-content-wrapper\"><p>[vc_row][vc_column][vc_column_text el_id=\u00a0\u00bbdefinition\u00a0\u00bb]<\/p>\n<h2 class=\"p1\">D\u00e9finition<\/h2>\n<p class=\"p1\">Nous connaissons tous, et avons tous connu, les d\u00e9sagr\u00e9ments de la diarrh\u00e9e, une maladie qui nous oblige \u00e0 rester aux toilettes plus longtemps que nous ne le souhaiterions. Elle est d\u00e9sagr\u00e9able et peut parfois devenir dangereuse. La diarrh\u00e9e se caract\u00e9rise par des selles liquides et molles, g\u00e9n\u00e9ralement plus de trois fois par jour, et s&rsquo;accompagne de douleurs et de crampes abdominales.<\/p>\n<p class=\"p1\">La diarrh\u00e9e dispara\u00eet g\u00e9n\u00e9ralement d&rsquo;elle-m\u00eame en quelques jours. Toutefois, si elle dure plus de deux semaines, elle est consid\u00e9r\u00e9e comme persistante ou chronique et peut \u00eatre le signe d&rsquo;un probl\u00e8me de sant\u00e9 grave n\u00e9cessitant des soins m\u00e9dicaux.<\/p>\n<p>[\/vc_column_text][vc_empty_space height=\u00a0\u00bb28px\u00a0\u00bb][vc_row_inner el_id=\u00a0\u00bbprevention\u00a0\u00bb][vc_column_inner][vc_column_text]<\/p>\n<h2 class=\"p1\">Types de diarrh\u00e9e<\/h2>\n<ul class=\"ul1\">\n<li class=\"li1\"><b>Aigu\u00eb :<\/b> dure g\u00e9n\u00e9ralement 1 \u00e0 2 jours et dispara\u00eet d&rsquo;elle-m\u00eame.<\/li>\n<li class=\"li1\"><b>Persistante :<\/b> dure de 2 \u00e0 4 semaines<\/li>\n<li class=\"li1\"><b>Chronique :<\/b> dure plus de 4 semaines et les sympt\u00f4mes persistent.<\/li>\n<\/ul>\n<p class=\"p1\">La diarrh\u00e9e aigu\u00eb est le type de diarrh\u00e9e le plus courant. Des \u00e9tudes estiment qu&rsquo;aux \u00c9tats-Unis, il y a environ 179 millions de cas de diarrh\u00e9e aigu\u00eb chaque ann\u00e9e.<\/p>\n<p class=\"p1\" style=\"text-align: center;\"><i>Saviez-vous que la diarrh\u00e9e est un moyen pour l&rsquo;organisme de se d\u00e9barrasser des germes et des bact\u00e9ries ?<\/i><\/p>\n<p>[\/vc_column_text][\/vc_column_inner][\/vc_row_inner][vc_empty_space height=\u00a0\u00bb28px\u00a0\u00bb][vc_row_inner el_id=\u00a0\u00bbsymptoms\u00a0\u00bb][vc_column_inner][vc_column_text]<\/p>\n<h2 class=\"p1\">Causes et sympt\u00f4mes de la diarrh\u00e9e<\/h2>\n<p class=\"p1\">La diarrh\u00e9e peut \u00eatre caus\u00e9e par de nombreux facteurs tels que les bact\u00e9ries, les virus, les m\u00e9dicaments, les aliments et certains probl\u00e8mes digestifs. Les causes les plus fr\u00e9quentes sont les suivantes<\/p>\n<ul class=\"ul1\">\n<li class=\"li1\">Les infections virales, telles que le rotavirus.<\/li>\n<li class=\"li1\">Les infections parasitaires et bact\u00e9riennes qui p\u00e9n\u00e8trent dans l&rsquo;organisme par le biais d&rsquo;aliments et de boissons contamin\u00e9s.<\/li>\n<\/ul>\n<p class=\"p1\">Comme on le sait, le principal sympt\u00f4me de la diarrh\u00e9e est l&rsquo;\u00e9mission fr\u00e9quente de selles molles. Cependant, un ou plusieurs des signes suivants peuvent \u00e9galement se manifester\u00a0:<\/p>\n<ul class=\"ul1\">\n<li class=\"li1\">Douleurs ou crampes dans l&rsquo;abdomen<\/li>\n<li class=\"li1\">Besoin urgent d&rsquo;aller aux toilettes sans aller \u00e0 la selle<\/li>\n<li class=\"li1\">Naus\u00e9es<\/li>\n<li class=\"li1\">Perte de contr\u00f4le des selles<\/li>\n<\/ul>\n<p class=\"p1\">Si la diarrh\u00e9e est caus\u00e9e par des infections, les sympt\u00f4mes suivants peuvent se manifester :<\/p>\n<ul class=\"ul1\">\n<li class=\"li1\">Sang dans les selles<\/li>\n<li class=\"li1\">Vomissements<\/li>\n<li class=\"li1\">Fi\u00e8vre et frissons<\/li>\n<li class=\"li1\">Fatigue et vertiges<\/li>\n<\/ul>\n<p class=\"p1\">Consultez imm\u00e9diatement votre m\u00e9decin si votre diarrh\u00e9e dure plus de quatre semaines, si vous avez du sang dans les selles, des douleurs abdominales extr\u00eames, de la fi\u00e8vre ou une perte de poids.<\/p>\n<p>[\/vc_column_text][\/vc_column_inner][\/vc_row_inner][vc_empty_space][vc_row_inner el_id=\u00a0\u00bbcauses\u00a0\u00bb][vc_column_inner][vc_column_text]<\/p>\n<h2 class=\"p1\">Diarrh\u00e9e infantile<\/h2>\n<p class=\"p1\">La diarrh\u00e9e infantile s&rsquo;accompagne souvent de fi\u00e8vre, de crampes d&rsquo;estomac, de naus\u00e9es, de vomissements et de d\u00e9shydratation. L&rsquo;une des raisons les plus courantes pour lesquelles les enfants tombent malades est l&rsquo;infection par des virus, comme le rotavirus, des bact\u00e9ries, comme la salmonelle, et des parasites, comme le giardia.<\/p>\n<p>[\/vc_column_text][vc_empty_space][\/vc_column_inner][\/vc_row_inner][vc_row_inner][vc_column_inner][vc_column_text]<\/p>\n<h2 class=\"p1\">Comment pr\u00e9venir la diarrh\u00e9e infantile ?<\/h2>\n<p class=\"p1\">Un moyen efficace de pr\u00e9venir la diarrh\u00e9e infantile est de vacciner les enfants contre le rotavirus, principale cause de diarrh\u00e9e s\u00e9v\u00e8re chez les nourrissons et les jeunes enfants. Les Centers for Disease Control and Prevention (CDC) recommandent que les nourrissons re\u00e7oivent leur premi\u00e8re dose \u00e0 l&rsquo;\u00e2ge de 2 mois ; la deuxi\u00e8me dose devrait \u00eatre administr\u00e9e \u00e0 4 mois et, si n\u00e9cessaire, une troisi\u00e8me dose \u00e0 6 mois.<\/p>\n<p>[\/vc_column_text][vc_empty_space][\/vc_column_inner][\/vc_row_inner][vc_row_inner el_id=\u00a0\u00bbpregnancy\u00a0\u00bb][vc_column_inner][vc_column_text]<\/p>\n<h2 class=\"p1\">La diarrh\u00e9e pendant la grossesse<\/h2>\n<p class=\"p1\">Les probl\u00e8mes digestifs, tels que la constipation et la diarrh\u00e9e, sont fr\u00e9quents pendant la grossesse et, sans soins particuliers, peuvent entra\u00eener des complications. Parmi les causes de la diarrh\u00e9e pendant la grossesse, on peut citer<\/p>\n<ul class=\"ul1\">\n<li class=\"li1\">Des changements alimentaires extr\u00eames<\/li>\n<li class=\"li1\">Les sensibilit\u00e9s alimentaires<\/li>\n<li class=\"li1\">Vitamines pr\u00e9natales.<\/li>\n<li class=\"li1\">Les changements hormonaux.<\/li>\n<\/ul>\n<p class=\"p1\">La diarrh\u00e9e est plus fr\u00e9quente au cours du troisi\u00e8me trimestre, car plus la date de l&rsquo;accouchement approche, plus votre corps se pr\u00e9pare, ce qui peut entra\u00eener des diarrh\u00e9es fr\u00e9quentes.<\/p>\n<p>[\/vc_column_text][\/vc_column_inner][\/vc_row_inner][vc_empty_space][vc_row_inner el_id=\u00a0\u00bbtreatment\u00a0\u00bb][vc_column_inner][vc_column_text]<\/p>\n<h2 class=\"p1\">Traitement<\/h2>\n<p class=\"p1\">Parfois, la diarrh\u00e9e peut \u00eatre le signe d&rsquo;un probl\u00e8me de sant\u00e9 plus grave qui n\u00e9cessite une attention m\u00e9dicale imm\u00e9diate. Toutefois, dans la plupart des cas, une \u00e9pid\u00e9mie de diarrh\u00e9e dispara\u00eet spontan\u00e9ment en quelques jours sans causer de probl\u00e8mes de sant\u00e9.<\/p>\n<p class=\"p1\">Comme la diarrh\u00e9e peut parfois \u00eatre transmise par contact personnel ou par des mains contamin\u00e9es, il est essentiel de se laver les mains. Se laver les mains apr\u00e8s \u00eatre all\u00e9 aux toilettes et avant de manger permet de bloquer les \u00e9ventuels agents pathog\u00e8nes responsables de la diarrh\u00e9e.<\/p>\n<p>[\/vc_column_text][\/vc_column_inner][\/vc_row_inner][\/vc_column][\/vc_row]<\/p>\n<\/div>","protected":false},"excerpt":{"rendered":"<p>La diarrh\u00e9e est d\u00e9finie comme un mouvement intestinal produisant des selles molles ou aqueuses. Il s&rsquo;agit d&rsquo;une infection du tube digestif qui peut \u00eatre caus\u00e9e par des bact\u00e9ries, des virus ou des parasites. C&rsquo;est la deuxi\u00e8me cause de d\u00e9c\u00e8s chez les enfants de moins de cinq ans. D\u00e9couvrez ce qui peut vous aider \u00e0 pr\u00e9venir la diarrh\u00e9e et comment la vaincre.<\/p>\n","protected":false},"author":2,"featured_media":0,"parent":13768,"menu_order":0,"comment_status":"closed","ping_status":"closed","template":"","meta":{"footnotes":""},"class_list":["post-13794","page","type-page","status-publish","hentry"],"acf":[],"yoast_head":"<!-- This site is optimized with the Yoast SEO plugin v27.4 - https:\/\/yoast.com\/product\/yoast-seo-wordpress\/ -->\n<title>Diarrh\u00e9e : types, traitements et pr\u00e9vention<\/title>\n<meta name=\"description\" content=\"Nous connaissons tous les inconv\u00e9nients de la diarrh\u00e9e, mais savez-vous comment l&#039;\u00e9viter pour ne plus la contracter ? D\u00e9couvrez ici les types de diarrh\u00e9e, leur traitement et leur pr\u00e9vention ad\u00e9quate.\" \/>\n<meta name=\"robots\" content=\"index, follow, max-snippet:-1, max-image-preview:large, max-video-preview:-1\" \/>\n<link rel=\"canonical\" href=\"https:\/\/hospitalcmq.com\/fr\/maladies-et-conditions\/diarrhee\/\" \/>\n<meta property=\"og:locale\" content=\"fr_FR\" \/>\n<meta property=\"og:type\" content=\"article\" \/>\n<meta property=\"og:title\" content=\"Diarrh\u00e9e : types, traitements et pr\u00e9vention\" \/>\n<meta property=\"og:description\" content=\"Nous connaissons tous les inconv\u00e9nients de la diarrh\u00e9e, mais savez-vous comment l&#039;\u00e9viter pour ne plus la contracter ? D\u00e9couvrez ici les types de diarrh\u00e9e, leur traitement et leur pr\u00e9vention ad\u00e9quate.\" \/>\n<meta property=\"og:url\" content=\"https:\/\/hospitalcmq.com\/fr\/maladies-et-conditions\/diarrhee\/\" \/>\n<meta property=\"og:site_name\" content=\"Hospital CMQ\" \/>\n<meta property=\"article:publisher\" content=\"https:\/\/www.facebook.com\/HospitalCMQ\" \/>\n<meta property=\"article:modified_time\" content=\"2024-08-26T17:56:52+00:00\" \/>\n<meta property=\"og:image\" content=\"https:\/\/hospitalcmq.com\/wp-content\/uploads\/2018\/06\/cmq-hospital-logo.png\" \/>\n\t<meta property=\"og:image:width\" content=\"214\" \/>\n\t<meta property=\"og:image:height\" content=\"189\" \/>\n\t<meta property=\"og:image:type\" content=\"image\/png\" \/>\n<meta name=\"twitter:card\" content=\"summary_large_image\" \/>\n<meta name=\"twitter:label1\" content=\"Dur\u00e9e de lecture estim\u00e9e\" \/>\n\t<meta name=\"twitter:data1\" content=\"4 minutes\" \/>\n<script type=\"application\/ld+json\" class=\"yoast-schema-graph\">{\"@context\":\"https:\\\/\\\/schema.org\",\"@graph\":[{\"@type\":\"WebPage\",\"@id\":\"https:\\\/\\\/hospitalcmq.com\\\/fr\\\/maladies-et-conditions\\\/diarrhee\\\/\",\"url\":\"https:\\\/\\\/hospitalcmq.com\\\/fr\\\/maladies-et-conditions\\\/diarrhee\\\/\",\"name\":\"Diarrh\u00e9e : types, traitements et pr\u00e9vention\",\"isPartOf\":{\"@id\":\"https:\\\/\\\/hospitalcmq.com\\\/fr\\\/#website\"},\"datePublished\":\"2023-10-26T18:20:11+00:00\",\"dateModified\":\"2024-08-26T17:56:52+00:00\",\"description\":\"Nous connaissons tous les inconv\u00e9nients de la diarrh\u00e9e, mais savez-vous comment l'\u00e9viter pour ne plus la contracter ? D\u00e9couvrez ici les types de diarrh\u00e9e, leur traitement et leur pr\u00e9vention ad\u00e9quate.\",\"breadcrumb\":{\"@id\":\"https:\\\/\\\/hospitalcmq.com\\\/fr\\\/maladies-et-conditions\\\/diarrhee\\\/#breadcrumb\"},\"inLanguage\":\"fr-FR\",\"potentialAction\":[{\"@type\":\"ReadAction\",\"target\":[\"https:\\\/\\\/hospitalcmq.com\\\/fr\\\/maladies-et-conditions\\\/diarrhee\\\/\"]}]},{\"@type\":\"BreadcrumbList\",\"@id\":\"https:\\\/\\\/hospitalcmq.com\\\/fr\\\/maladies-et-conditions\\\/diarrhee\\\/#breadcrumb\",\"itemListElement\":[{\"@type\":\"ListItem\",\"position\":1,\"name\":\"Home\",\"item\":\"https:\\\/\\\/hospitalcmq.com\\\/fr\\\/\"},{\"@type\":\"ListItem\",\"position\":2,\"name\":\"Maladies et conditions\",\"item\":\"https:\\\/\\\/hospitalcmq.com\\\/fr\\\/maladies-et-conditions\\\/\"},{\"@type\":\"ListItem\",\"position\":3,\"name\":\"Diarrh\u00e9e : types, traitement et pr\u00e9vention\"}]},{\"@type\":\"WebSite\",\"@id\":\"https:\\\/\\\/hospitalcmq.com\\\/fr\\\/#website\",\"url\":\"https:\\\/\\\/hospitalcmq.com\\\/fr\\\/\",\"name\":\"Hospital CMQ\",\"description\":\"Best Hospitals in Puerto Vallarta &amp; Riviera Nayarit\",\"publisher\":{\"@id\":\"https:\\\/\\\/hospitalcmq.com\\\/fr\\\/#organization\"},\"potentialAction\":[{\"@type\":\"SearchAction\",\"target\":{\"@type\":\"EntryPoint\",\"urlTemplate\":\"https:\\\/\\\/hospitalcmq.com\\\/fr\\\/?s={search_term_string}\"},\"query-input\":{\"@type\":\"PropertyValueSpecification\",\"valueRequired\":true,\"valueName\":\"search_term_string\"}}],\"inLanguage\":\"fr-FR\"},{\"@type\":\"Organization\",\"@id\":\"https:\\\/\\\/hospitalcmq.com\\\/fr\\\/#organization\",\"name\":\"Hospital CMQ\",\"url\":\"https:\\\/\\\/hospitalcmq.com\\\/fr\\\/\",\"logo\":{\"@type\":\"ImageObject\",\"inLanguage\":\"fr-FR\",\"@id\":\"https:\\\/\\\/hospitalcmq.com\\\/fr\\\/#\\\/schema\\\/logo\\\/image\\\/\",\"url\":\"https:\\\/\\\/hospitalcmq.com\\\/wp-content\\\/uploads\\\/2018\\\/06\\\/cmq-hospital-logo.png\",\"contentUrl\":\"https:\\\/\\\/hospitalcmq.com\\\/wp-content\\\/uploads\\\/2018\\\/06\\\/cmq-hospital-logo.png\",\"width\":214,\"height\":189,\"caption\":\"Hospital CMQ\"},\"image\":{\"@id\":\"https:\\\/\\\/hospitalcmq.com\\\/fr\\\/#\\\/schema\\\/logo\\\/image\\\/\"},\"sameAs\":[\"https:\\\/\\\/www.facebook.com\\\/HospitalCMQ\"]}]}<\/script>\n<!-- \/ Yoast SEO plugin. -->","yoast_head_json":{"title":"Diarrh\u00e9e : types, traitements et pr\u00e9vention","description":"Nous connaissons tous les inconv\u00e9nients de la diarrh\u00e9e, mais savez-vous comment l'\u00e9viter pour ne plus la contracter ? D\u00e9couvrez ici les types de diarrh\u00e9e, leur traitement et leur pr\u00e9vention ad\u00e9quate.","robots":{"index":"index","follow":"follow","max-snippet":"max-snippet:-1","max-image-preview":"max-image-preview:large","max-video-preview":"max-video-preview:-1"},"canonical":"https:\/\/hospitalcmq.com\/fr\/maladies-et-conditions\/diarrhee\/","og_locale":"fr_FR","og_type":"article","og_title":"Diarrh\u00e9e : types, traitements et pr\u00e9vention","og_description":"Nous connaissons tous les inconv\u00e9nients de la diarrh\u00e9e, mais savez-vous comment l'\u00e9viter pour ne plus la contracter ? D\u00e9couvrez ici les types de diarrh\u00e9e, leur traitement et leur pr\u00e9vention ad\u00e9quate.","og_url":"https:\/\/hospitalcmq.com\/fr\/maladies-et-conditions\/diarrhee\/","og_site_name":"Hospital CMQ","article_publisher":"https:\/\/www.facebook.com\/HospitalCMQ","article_modified_time":"2024-08-26T17:56:52+00:00","og_image":[{"width":214,"height":189,"url":"https:\/\/hospitalcmq.com\/wp-content\/uploads\/2018\/06\/cmq-hospital-logo.png","type":"image\/png"}],"twitter_card":"summary_large_image","twitter_misc":{"Dur\u00e9e de lecture estim\u00e9e":"4 minutes"},"schema":{"@context":"https:\/\/schema.org","@graph":[{"@type":"WebPage","@id":"https:\/\/hospitalcmq.com\/fr\/maladies-et-conditions\/diarrhee\/","url":"https:\/\/hospitalcmq.com\/fr\/maladies-et-conditions\/diarrhee\/","name":"Diarrh\u00e9e : types, traitements et pr\u00e9vention","isPartOf":{"@id":"https:\/\/hospitalcmq.com\/fr\/#website"},"datePublished":"2023-10-26T18:20:11+00:00","dateModified":"2024-08-26T17:56:52+00:00","description":"Nous connaissons tous les inconv\u00e9nients de la diarrh\u00e9e, mais savez-vous comment l'\u00e9viter pour ne plus la contracter ? D\u00e9couvrez ici les types de diarrh\u00e9e, leur traitement et leur pr\u00e9vention ad\u00e9quate.","breadcrumb":{"@id":"https:\/\/hospitalcmq.com\/fr\/maladies-et-conditions\/diarrhee\/#breadcrumb"},"inLanguage":"fr-FR","potentialAction":[{"@type":"ReadAction","target":["https:\/\/hospitalcmq.com\/fr\/maladies-et-conditions\/diarrhee\/"]}]},{"@type":"BreadcrumbList","@id":"https:\/\/hospitalcmq.com\/fr\/maladies-et-conditions\/diarrhee\/#breadcrumb","itemListElement":[{"@type":"ListItem","position":1,"name":"Home","item":"https:\/\/hospitalcmq.com\/fr\/"},{"@type":"ListItem","position":2,"name":"Maladies et conditions","item":"https:\/\/hospitalcmq.com\/fr\/maladies-et-conditions\/"},{"@type":"ListItem","position":3,"name":"Diarrh\u00e9e : types, traitement et pr\u00e9vention"}]},{"@type":"WebSite","@id":"https:\/\/hospitalcmq.com\/fr\/#website","url":"https:\/\/hospitalcmq.com\/fr\/","name":"Hospital CMQ","description":"Best Hospitals in Puerto Vallarta &amp; Riviera Nayarit","publisher":{"@id":"https:\/\/hospitalcmq.com\/fr\/#organization"},"potentialAction":[{"@type":"SearchAction","target":{"@type":"EntryPoint","urlTemplate":"https:\/\/hospitalcmq.com\/fr\/?s={search_term_string}"},"query-input":{"@type":"PropertyValueSpecification","valueRequired":true,"valueName":"search_term_string"}}],"inLanguage":"fr-FR"},{"@type":"Organization","@id":"https:\/\/hospitalcmq.com\/fr\/#organization","name":"Hospital CMQ","url":"https:\/\/hospitalcmq.com\/fr\/","logo":{"@type":"ImageObject","inLanguage":"fr-FR","@id":"https:\/\/hospitalcmq.com\/fr\/#\/schema\/logo\/image\/","url":"https:\/\/hospitalcmq.com\/wp-content\/uploads\/2018\/06\/cmq-hospital-logo.png","contentUrl":"https:\/\/hospitalcmq.com\/wp-content\/uploads\/2018\/06\/cmq-hospital-logo.png","width":214,"height":189,"caption":"Hospital CMQ"},"image":{"@id":"https:\/\/hospitalcmq.com\/fr\/#\/schema\/logo\/image\/"},"sameAs":["https:\/\/www.facebook.com\/HospitalCMQ"]}]}},"_links":{"self":[{"href":"https:\/\/hospitalcmq.com\/fr\/wp-json\/wp\/v2\/pages\/13794","targetHints":{"allow":["GET"]}}],"collection":[{"href":"https:\/\/hospitalcmq.com\/fr\/wp-json\/wp\/v2\/pages"}],"about":[{"href":"https:\/\/hospitalcmq.com\/fr\/wp-json\/wp\/v2\/types\/page"}],"author":[{"embeddable":true,"href":"https:\/\/hospitalcmq.com\/fr\/wp-json\/wp\/v2\/users\/2"}],"replies":[{"embeddable":true,"href":"https:\/\/hospitalcmq.com\/fr\/wp-json\/wp\/v2\/comments?post=13794"}],"version-history":[{"count":0,"href":"https:\/\/hospitalcmq.com\/fr\/wp-json\/wp\/v2\/pages\/13794\/revisions"}],"up":[{"embeddable":true,"href":"https:\/\/hospitalcmq.com\/fr\/wp-json\/wp\/v2\/pages\/13768"}],"wp:attachment":[{"href":"https:\/\/hospitalcmq.com\/fr\/wp-json\/wp\/v2\/media?parent=13794"}],"curies":[{"name":"wp","href":"https:\/\/api.w.org\/{rel}","templated":true}]}}