{"id":13780,"date":"2023-10-16T12:09:03","date_gmt":"2023-10-16T18:09:03","guid":{"rendered":"https:\/\/hospitalcmq.com\/?page_id=13780"},"modified":"2024-08-26T11:57:34","modified_gmt":"2024-08-26T17:57:34","slug":"diabete","status":"publish","type":"page","link":"https:\/\/hospitalcmq.com\/fr\/maladies-et-conditions\/diabete\/","title":{"rendered":"Diab\u00e8te sucr\u00e9 : types, sympt\u00f4mes et pr\u00e9vention"},"content":{"rendered":"<div class=\"wpb-content-wrapper\"><p>[vc_row][vc_column][vc_column_text el_id=\u00a0\u00bbdefinition\u00a0\u00bb]<img loading=\"lazy\" decoding=\"async\" class=\"wp-image-1300 size-full\" src=\"https:\/\/hospitalcmq.com\/wp-content\/uploads\/2017\/08\/diabetes.jpg\" alt=\"Diabetes Mellitus is a common illness in Mexico\" width=\"470\" height=\"260\" \/><\/p>\n<p class=\"p1\"><i>L&rsquo;une des maladies les plus courantes \u00e0 Puerto Vallarta : le diab\u00e8te sucr\u00e9.<\/i><\/p>\n<h2 class=\"p1\">Le diab\u00e8te sucr\u00e9, qu&rsquo;est-ce que c&rsquo;est ?<\/h2>\n<p class=\"p1\">Le diab\u00e8te sucr\u00e9 (DM) est une maladie chronique qui survient lorsque le pancr\u00e9as ne produit pas suffisamment d&rsquo;insuline ou lorsque l&rsquo;organisme n&rsquo;utilise pas efficacement l&rsquo;insuline qu&rsquo;il produit. L&rsquo;insuline est une hormone produite par le pancr\u00e9as pour contr\u00f4ler la glyc\u00e9mie. Le r\u00f4le de l&rsquo;insuline est de transporter le glucose de la circulation sanguine vers les tissus ou les muscles o\u00f9 il est stock\u00e9 et utilis\u00e9 comme source d&rsquo;\u00e9nergie.<\/p>\n<p class=\"p1\">Les personnes atteintes de diab\u00e8te ont un taux de glyc\u00e9mie \u00e9lev\u00e9 parce que leur corps ne fonctionne pas correctement pour br\u00fbler et\/ou stocker le sucre comme source d&rsquo;\u00e9nergie.<\/p>\n<p class=\"p1\"><b>Types de diab\u00e8te les plus courants<\/b><\/p>\n<ul>\n<li><b>Pr\u00e9-diab\u00e8te :<\/b> le taux de sucre dans le sang est sup\u00e9rieur \u00e0 la normale, mais pas suffisamment \u00e9lev\u00e9 pour que la maladie soit consid\u00e9r\u00e9e comme un diab\u00e8te.<\/li>\n<li><b>Le diab\u00e8te de type 1<\/b> se caract\u00e9rise par une production insuffisante d&rsquo;insuline et n\u00e9cessite une administration quotidienne d&rsquo;insuline. Il peut appara\u00eetre \u00e0 tout \u00e2ge, g\u00e9n\u00e9ralement pendant l&rsquo;enfance ou l&rsquo;adolescence.<\/li>\n<li><b>Le diab\u00e8te de type 2<\/b> est d\u00fb \u00e0 une utilisation inefficace de l&rsquo;insuline. Ce type de diab\u00e8te repr\u00e9sente la majorit\u00e9 des cas dans le monde et est largement d\u00fb \u00e0 un poids corporel excessif et \u00e0 la s\u00e9dentarit\u00e9. Il est fr\u00e9quent chez les personnes \u00e2g\u00e9es de plus de 40 ans.<\/li>\n<li><b>Le diab\u00e8te gestationnel<\/b> se caract\u00e9rise par une augmentation du taux de sucre ou de glucose dans le sang pendant la grossesse. Les femmes atteintes de diab\u00e8te gestationnel pr\u00e9sentent un risque accru de complications pendant la grossesse et l&rsquo;accouchement. Elles pr\u00e9sentent \u00e9galement un risque accru de d\u00e9velopper un diab\u00e8te de type 2 plus tard dans leur vie.<\/li>\n<\/ul>\n<p class=\"p1\">Toutefois, quel que soit le type de diab\u00e8te dont vous souffrez, un exc\u00e8s de sucre dans le sang peut entra\u00eener de graves probl\u00e8mes de sant\u00e9.<\/p>\n<p>[\/vc_column_text][vc_empty_space height=\u00a0\u00bb28px\u00a0\u00bb][vc_row_inner el_id=\u00a0\u00bbprevention\u00a0\u00bb][vc_column_inner][vc_column_text]<\/p>\n<h2 class=\"p1\">Peut-on pr\u00e9venir le diab\u00e8te ?<\/h2>\n<p class=\"p1\">Des mesures simples li\u00e9es au mode de vie se sont r\u00e9v\u00e9l\u00e9es efficaces pour pr\u00e9venir ou retarder l&rsquo;apparition du diab\u00e8te de type 2 :<\/p>\n<ul class=\"ul1\">\n<li class=\"li1\">Maintenir un poids corporel sain<\/li>\n<li class=\"li1\">Pratiquer une activit\u00e9 physique pendant au moins 30 minutes<\/li>\n<li class=\"li1\">Adopter un r\u00e9gime alimentaire sain, en \u00e9vitant le sucre et les graisses satur\u00e9es<\/li>\n<li class=\"li1\">\u00c9viter de fumer, car cela augmente le risque de diab\u00e8te et de maladies cardiovasculaires.<\/li>\n<\/ul>\n<p>[\/vc_column_text][\/vc_column_inner][\/vc_row_inner][vc_empty_space height=\u00a0\u00bb28px\u00a0\u00bb][vc_row_inner el_id=\u00a0\u00bbsymptoms\u00a0\u00bb][vc_column_inner][vc_column_text]<\/p>\n<h2 class=\"p1\">Signes et sympt\u00f4mes<\/h2>\n<p class=\"p1\">Les sympt\u00f4mes du diab\u00e8te varient en fonction de la quantit\u00e9 de sucre. Certaines personnes, en particulier celles qui souffrent de pr\u00e9 diab\u00e8te ou de diab\u00e8te de type 2, ne pr\u00e9sentent aucun sympt\u00f4me d\u00e8s le d\u00e9part. Dans le cas du diab\u00e8te de type 1, les sympt\u00f4mes apparaissent rapidement et sont plus graves. Certains d&rsquo;entre eux consistent en une excr\u00e9tion excessive d&rsquo;urine (polyurie), une soif (polydipsie), une faim constante (polyphagie), une perte de poids, des troubles visuels et de la fatigue, entre autres.<\/p>\n<p class=\"p1\">Comme nous l&rsquo;avons mentionn\u00e9, ces sympt\u00f4mes peuvent appara\u00eetre soudainement. Par cons\u00e9quent, la maladie est diagnostiqu\u00e9e lorsqu&rsquo;elle s&rsquo;est d\u00e9j\u00e0 d\u00e9velopp\u00e9e sur plusieurs ann\u00e9es et que des complications graves sont apparues.<\/p>\n<p>[\/vc_column_text][\/vc_column_inner][\/vc_row_inner][vc_empty_space height=\u00a0\u00bb28px\u00a0\u00bb][vc_row_inner el_id=\u00a0\u00bbdiet\u00a0\u00bb][vc_column_inner][vc_column_text]<\/p>\n<h2 class=\"p1\">R\u00e9gime diab\u00e9tique, que manger et que ne pas manger ?<\/h2>\n<p>[\/vc_column_text][vc_empty_space height=\u00a0\u00bb28px\u00a0\u00bb][\/vc_column_inner][\/vc_row_inner][vc_row_inner][vc_column_inner width=\u00a0\u00bb1\/2&Prime;][vc_column_text]<\/p>\n<h3 class=\"p1\">Aliments autoris\u00e9s<\/h3>\n<p class=\"p1\"><b>\u25cf Produits laitiers<\/b><\/p>\n<p class=\"p1\">La consommation de produits laitiers all\u00e9g\u00e9s est associ\u00e9e \u00e0 un risque plus faible de diab\u00e8te, ind\u00e9pendamment de l&rsquo;IMC chez les hommes et les femmes.<\/p>\n<p class=\"p1\"><b>\u25cf Noix<\/b><\/p>\n<p class=\"p1\">Une consommation accrue de fruits \u00e0 coque est inversement associ\u00e9e au risque de DM2 (consommation sup\u00e9rieure ou \u00e9gale \u00e0 5 unit\u00e9s par semaine vs pas de<b> <\/b>consommation).<\/p>\n<p class=\"p1\"><b>\u25cf Caf\u00e9 et th\u00e9 vert<\/b><\/p>\n<p class=\"p1\">La consommation \u00e0 long terme de caf\u00e9 et de th\u00e9 vert est associ\u00e9e \u00e0 une diminution du risque de diab\u00e8te sucr\u00e9 de type 2.<\/p>\n<p>[\/vc_column_text][\/vc_column_inner][vc_column_inner width=\u00a0\u00bb1\/2&Prime;][vc_column_text]<\/p>\n<h3 class=\"p1\">Aliments interdits<\/h3>\n<p class=\"p1\"><b>\u25cf Boissons sucr\u00e9es<\/b><\/p>\n<p class=\"p1\">La consommation d&rsquo;une ou plusieurs boissons sucr\u00e9es par jour est associ\u00e9e \u00e0 un risque accru de surpoids et de DM2.<\/p>\n<p class=\"p1\"><b>\u25cf Tabac<\/b><\/p>\n<p class=\"p1\">L&rsquo;association entre le tabagisme et le risque de diab\u00e8te indique que fumer moins de 20 cigarettes par jour augmente le risque de diab\u00e8te de 30 % et fumer plus de 20 cigarettes par jour augmente le risque de 65 %.<\/p>\n<p class=\"p1\"><b>\u25cf M\u00e9dicaments<\/b><\/p>\n<p class=\"p1\">Certains m\u00e9dicaments impliqu\u00e9s dans le d\u00e9veloppement du diab\u00e8te sont :<\/p>\n<p class=\"p1\">L&rsquo;olanzapine et la clozapine (antipsychotiques).<\/p>\n<p class=\"p1\">Les diur\u00e9tiques et les b\u00eata-bloquants (antihypertenseurs). Les glucocortico\u00efdes, les contraceptifs oraux, le tacrolimus, la ciclosporine, l&rsquo;acide nicotinique, les antir\u00e9troviraux, entre autres.<\/p>\n<p>[\/vc_column_text][\/vc_column_inner][\/vc_row_inner][vc_empty_space height=\u00a0\u00bb28px\u00a0\u00bb][vc_row_inner el_id=\u00a0\u00bbtreatment\u00a0\u00bb][vc_column_inner][vc_column_text]<\/p>\n<h2 class=\"p1\">Le traitement id\u00e9al<\/h2>\n<p class=\"p1\">Le traitement du diab\u00e8te consiste \u00e0 adopter un r\u00e9gime alimentaire sain et \u00e0 pratiquer une activit\u00e9 physique, ainsi qu&rsquo;\u00e0 r\u00e9duire la glyc\u00e9mie et d&rsquo;autres facteurs de risque connus qui endommagent les vaisseaux sanguins. Les interventions r\u00e9alisables et rentables dans les pays en d\u00e9veloppement sont les suivantes :<\/p>\n<ul class=\"ul1\">\n<li class=\"li1\">Contr\u00f4le de la glyc\u00e9mie : les patients atteints de diab\u00e8te de type 1 ont besoin d&rsquo;insuline ; les patients atteints de diab\u00e8te de type 2 peuvent \u00eatre trait\u00e9s par des m\u00e9dicaments oraux, bien qu&rsquo;ils puissent \u00e9galement avoir besoin d&rsquo;insuline.<\/li>\n<li class=\"li1\">Contr\u00f4le de la tension art\u00e9rielle<\/li>\n<li class=\"li1\">Soins podologiques<\/li>\n<\/ul>\n<p class=\"p1\">Parmi les autres interventions, on peut citer\u00a0:<\/p>\n<ul class=\"ul1\">\n<li class=\"li1\">Le d\u00e9pistage de la r\u00e9tinopathie (une cause de c\u00e9cit\u00e9)<\/li>\n<li class=\"li1\">Le contr\u00f4le des lipides sanguins (r\u00e9gulation du taux de cholest\u00e9rol)<\/li>\n<li class=\"li1\">Le d\u00e9pistage des signes pr\u00e9coces de n\u00e9phropathie li\u00e9e au diab\u00e8te<\/li>\n<\/ul>\n<p>[\/vc_column_text][\/vc_column_inner][\/vc_row_inner][vc_empty_space height=\u00a0\u00bb28px\u00a0\u00bb][vc_row_inner][vc_column_inner][vc_column_text]<\/p>\n<h2 class=\"p1\">Comment mieux vivre avec le diab\u00e8te<\/h2>\n<p class=\"p1\">Une gestion attentive du diab\u00e8te r\u00e9duit le risque de d\u00e9velopper des complications potentiellement mortelles. Prenez en compte les recommandations suivantes :<\/p>\n<ul class=\"ul1\">\n<li class=\"li1\">S&rsquo;engager \u00e0 g\u00e9rer ou \u00e0 contr\u00f4ler le diab\u00e8te<\/li>\n<li class=\"li1\">Planifiez une visite m\u00e9dicale annuelle et des examens oculaires r\u00e9guliers.<\/li>\n<li class=\"li1\">Portez sur vous une pi\u00e8ce d&rsquo;identit\u00e9 avec votre carte d&rsquo;identit\u00e9.<\/li>\n<li class=\"li1\">Assurez-vous que votre calendrier de vaccination est \u00e0 jour.<\/li>\n<li class=\"li1\">Prenez soin de vos dents<\/li>\n<li class=\"li1\">Faites attention \u00e0 vos pieds.<\/li>\n<li class=\"li1\">Contr\u00f4lez votre tension art\u00e9rielle et votre taux de cholest\u00e9rol.<\/li>\n<\/ul>\n<p>[\/vc_column_text][\/vc_column_inner][\/vc_row_inner][\/vc_column][\/vc_row]<\/p>\n<\/div>","protected":false},"excerpt":{"rendered":"<p>Le diab\u00e8te sucr\u00e9 est une maladie m\u00e9tabolique chronique qui survient lorsque le pancr\u00e9as ne produit pas suffisamment d&rsquo;insuline ou lorsque l&rsquo;organisme n&rsquo;utilise pas l&rsquo;insuline de mani\u00e8re efficace ; cela signifie que, lorsqu&rsquo;il mange, l&rsquo;organisme n&rsquo;utilise pas l&rsquo;\u00e9nergie contenue dans les aliments. Cette maladie peut \u00eatre h\u00e9rit\u00e9e ou acquise. Dans ce contenu, vous d\u00e9couvrirez les diff\u00e9rents types de diab\u00e8te, leurs sympt\u00f4mes et un exemple de r\u00e9gime alimentaire pour pr\u00e9venir le diab\u00e8te.<\/p>\n","protected":false},"author":2,"featured_media":0,"parent":13768,"menu_order":0,"comment_status":"closed","ping_status":"closed","template":"","meta":{"footnotes":""},"class_list":["post-13780","page","type-page","status-publish","hentry"],"acf":[],"yoast_head":"<!-- This site is optimized with the Yoast SEO plugin v27.5 - https:\/\/yoast.com\/product\/yoast-seo-wordpress\/ -->\n<title>Diab\u00e8te sucr\u00e9 : Comment vivre avec le diab\u00e8te ?<\/title>\n<meta name=\"description\" content=\"Le diab\u00e8te sucr\u00e9 est la premi\u00e8re cause de mortalit\u00e9 au Mexique. D\u00e9couvrez ses diff\u00e9rents types et le r\u00e9gime alimentaire id\u00e9al pour le prv\u00e9venir.\" \/>\n<meta name=\"robots\" content=\"index, follow, max-snippet:-1, max-image-preview:large, max-video-preview:-1\" \/>\n<link rel=\"canonical\" href=\"https:\/\/hospitalcmq.com\/fr\/maladies-et-conditions\/diabete\/\" \/>\n<meta property=\"og:locale\" content=\"fr_FR\" \/>\n<meta property=\"og:type\" content=\"article\" \/>\n<meta property=\"og:title\" content=\"Diab\u00e8te sucr\u00e9 : Comment vivre avec le diab\u00e8te ?\" \/>\n<meta property=\"og:description\" content=\"Le diab\u00e8te sucr\u00e9 est la premi\u00e8re cause de mortalit\u00e9 au Mexique. D\u00e9couvrez ses diff\u00e9rents types et le r\u00e9gime alimentaire id\u00e9al pour le prv\u00e9venir.\" \/>\n<meta property=\"og:url\" content=\"https:\/\/hospitalcmq.com\/fr\/maladies-et-conditions\/diabete\/\" \/>\n<meta property=\"og:site_name\" content=\"Hospital CMQ\" \/>\n<meta property=\"article:publisher\" content=\"https:\/\/www.facebook.com\/HospitalCMQ\" \/>\n<meta property=\"article:modified_time\" content=\"2024-08-26T17:57:34+00:00\" \/>\n<meta property=\"og:image\" content=\"https:\/\/hospitalcmq.com\/wp-content\/uploads\/2017\/08\/diabetes.jpg\" \/>\n<meta name=\"twitter:card\" content=\"summary_large_image\" \/>\n<meta name=\"twitter:label1\" content=\"Dur\u00e9e de lecture estim\u00e9e\" \/>\n\t<meta name=\"twitter:data1\" content=\"5 minutes\" \/>\n<script type=\"application\/ld+json\" class=\"yoast-schema-graph\">{\"@context\":\"https:\\\/\\\/schema.org\",\"@graph\":[{\"@type\":\"WebPage\",\"@id\":\"https:\\\/\\\/hospitalcmq.com\\\/fr\\\/maladies-et-conditions\\\/diabete\\\/\",\"url\":\"https:\\\/\\\/hospitalcmq.com\\\/fr\\\/maladies-et-conditions\\\/diabete\\\/\",\"name\":\"Diab\u00e8te sucr\u00e9 : Comment vivre avec le diab\u00e8te ?\",\"isPartOf\":{\"@id\":\"https:\\\/\\\/hospitalcmq.com\\\/fr\\\/#website\"},\"primaryImageOfPage\":{\"@id\":\"https:\\\/\\\/hospitalcmq.com\\\/fr\\\/maladies-et-conditions\\\/diabete\\\/#primaryimage\"},\"image\":{\"@id\":\"https:\\\/\\\/hospitalcmq.com\\\/fr\\\/maladies-et-conditions\\\/diabete\\\/#primaryimage\"},\"thumbnailUrl\":\"https:\\\/\\\/hospitalcmq.com\\\/wp-content\\\/uploads\\\/2017\\\/08\\\/diabetes.jpg\",\"datePublished\":\"2023-10-16T18:09:03+00:00\",\"dateModified\":\"2024-08-26T17:57:34+00:00\",\"description\":\"Le diab\u00e8te sucr\u00e9 est la premi\u00e8re cause de mortalit\u00e9 au Mexique. D\u00e9couvrez ses diff\u00e9rents types et le r\u00e9gime alimentaire id\u00e9al pour le prv\u00e9venir.\",\"breadcrumb\":{\"@id\":\"https:\\\/\\\/hospitalcmq.com\\\/fr\\\/maladies-et-conditions\\\/diabete\\\/#breadcrumb\"},\"inLanguage\":\"fr-FR\",\"potentialAction\":[{\"@type\":\"ReadAction\",\"target\":[\"https:\\\/\\\/hospitalcmq.com\\\/fr\\\/maladies-et-conditions\\\/diabete\\\/\"]}]},{\"@type\":\"ImageObject\",\"inLanguage\":\"fr-FR\",\"@id\":\"https:\\\/\\\/hospitalcmq.com\\\/fr\\\/maladies-et-conditions\\\/diabete\\\/#primaryimage\",\"url\":\"https:\\\/\\\/hospitalcmq.com\\\/wp-content\\\/uploads\\\/2017\\\/08\\\/diabetes.jpg\",\"contentUrl\":\"https:\\\/\\\/hospitalcmq.com\\\/wp-content\\\/uploads\\\/2017\\\/08\\\/diabetes.jpg\"},{\"@type\":\"BreadcrumbList\",\"@id\":\"https:\\\/\\\/hospitalcmq.com\\\/fr\\\/maladies-et-conditions\\\/diabete\\\/#breadcrumb\",\"itemListElement\":[{\"@type\":\"ListItem\",\"position\":1,\"name\":\"Home\",\"item\":\"https:\\\/\\\/hospitalcmq.com\\\/fr\\\/\"},{\"@type\":\"ListItem\",\"position\":2,\"name\":\"Maladies et conditions\",\"item\":\"https:\\\/\\\/hospitalcmq.com\\\/fr\\\/maladies-et-conditions\\\/\"},{\"@type\":\"ListItem\",\"position\":3,\"name\":\"Diab\u00e8te sucr\u00e9 : types, sympt\u00f4mes et pr\u00e9vention\"}]},{\"@type\":\"WebSite\",\"@id\":\"https:\\\/\\\/hospitalcmq.com\\\/fr\\\/#website\",\"url\":\"https:\\\/\\\/hospitalcmq.com\\\/fr\\\/\",\"name\":\"Hospital CMQ\",\"description\":\"Best Hospitals in Puerto Vallarta &amp; Riviera Nayarit\",\"publisher\":{\"@id\":\"https:\\\/\\\/hospitalcmq.com\\\/fr\\\/#organization\"},\"potentialAction\":[{\"@type\":\"SearchAction\",\"target\":{\"@type\":\"EntryPoint\",\"urlTemplate\":\"https:\\\/\\\/hospitalcmq.com\\\/fr\\\/?s={search_term_string}\"},\"query-input\":{\"@type\":\"PropertyValueSpecification\",\"valueRequired\":true,\"valueName\":\"search_term_string\"}}],\"inLanguage\":\"fr-FR\"},{\"@type\":\"Organization\",\"@id\":\"https:\\\/\\\/hospitalcmq.com\\\/fr\\\/#organization\",\"name\":\"Hospital CMQ\",\"url\":\"https:\\\/\\\/hospitalcmq.com\\\/fr\\\/\",\"logo\":{\"@type\":\"ImageObject\",\"inLanguage\":\"fr-FR\",\"@id\":\"https:\\\/\\\/hospitalcmq.com\\\/fr\\\/#\\\/schema\\\/logo\\\/image\\\/\",\"url\":\"https:\\\/\\\/hospitalcmq.com\\\/wp-content\\\/uploads\\\/2018\\\/06\\\/cmq-hospital-logo.png\",\"contentUrl\":\"https:\\\/\\\/hospitalcmq.com\\\/wp-content\\\/uploads\\\/2018\\\/06\\\/cmq-hospital-logo.png\",\"width\":214,\"height\":189,\"caption\":\"Hospital CMQ\"},\"image\":{\"@id\":\"https:\\\/\\\/hospitalcmq.com\\\/fr\\\/#\\\/schema\\\/logo\\\/image\\\/\"},\"sameAs\":[\"https:\\\/\\\/www.facebook.com\\\/HospitalCMQ\"]}]}<\/script>\n<!-- \/ Yoast SEO plugin. -->","yoast_head_json":{"title":"Diab\u00e8te sucr\u00e9 : Comment vivre avec le diab\u00e8te ?","description":"Le diab\u00e8te sucr\u00e9 est la premi\u00e8re cause de mortalit\u00e9 au Mexique. D\u00e9couvrez ses diff\u00e9rents types et le r\u00e9gime alimentaire id\u00e9al pour le prv\u00e9venir.","robots":{"index":"index","follow":"follow","max-snippet":"max-snippet:-1","max-image-preview":"max-image-preview:large","max-video-preview":"max-video-preview:-1"},"canonical":"https:\/\/hospitalcmq.com\/fr\/maladies-et-conditions\/diabete\/","og_locale":"fr_FR","og_type":"article","og_title":"Diab\u00e8te sucr\u00e9 : Comment vivre avec le diab\u00e8te ?","og_description":"Le diab\u00e8te sucr\u00e9 est la premi\u00e8re cause de mortalit\u00e9 au Mexique. D\u00e9couvrez ses diff\u00e9rents types et le r\u00e9gime alimentaire id\u00e9al pour le prv\u00e9venir.","og_url":"https:\/\/hospitalcmq.com\/fr\/maladies-et-conditions\/diabete\/","og_site_name":"Hospital CMQ","article_publisher":"https:\/\/www.facebook.com\/HospitalCMQ","article_modified_time":"2024-08-26T17:57:34+00:00","og_image":[{"url":"https:\/\/hospitalcmq.com\/wp-content\/uploads\/2017\/08\/diabetes.jpg","type":"","width":"","height":""}],"twitter_card":"summary_large_image","twitter_misc":{"Dur\u00e9e de lecture estim\u00e9e":"5 minutes"},"schema":{"@context":"https:\/\/schema.org","@graph":[{"@type":"WebPage","@id":"https:\/\/hospitalcmq.com\/fr\/maladies-et-conditions\/diabete\/","url":"https:\/\/hospitalcmq.com\/fr\/maladies-et-conditions\/diabete\/","name":"Diab\u00e8te sucr\u00e9 : Comment vivre avec le diab\u00e8te ?","isPartOf":{"@id":"https:\/\/hospitalcmq.com\/fr\/#website"},"primaryImageOfPage":{"@id":"https:\/\/hospitalcmq.com\/fr\/maladies-et-conditions\/diabete\/#primaryimage"},"image":{"@id":"https:\/\/hospitalcmq.com\/fr\/maladies-et-conditions\/diabete\/#primaryimage"},"thumbnailUrl":"https:\/\/hospitalcmq.com\/wp-content\/uploads\/2017\/08\/diabetes.jpg","datePublished":"2023-10-16T18:09:03+00:00","dateModified":"2024-08-26T17:57:34+00:00","description":"Le diab\u00e8te sucr\u00e9 est la premi\u00e8re cause de mortalit\u00e9 au Mexique. D\u00e9couvrez ses diff\u00e9rents types et le r\u00e9gime alimentaire id\u00e9al pour le prv\u00e9venir.","breadcrumb":{"@id":"https:\/\/hospitalcmq.com\/fr\/maladies-et-conditions\/diabete\/#breadcrumb"},"inLanguage":"fr-FR","potentialAction":[{"@type":"ReadAction","target":["https:\/\/hospitalcmq.com\/fr\/maladies-et-conditions\/diabete\/"]}]},{"@type":"ImageObject","inLanguage":"fr-FR","@id":"https:\/\/hospitalcmq.com\/fr\/maladies-et-conditions\/diabete\/#primaryimage","url":"https:\/\/hospitalcmq.com\/wp-content\/uploads\/2017\/08\/diabetes.jpg","contentUrl":"https:\/\/hospitalcmq.com\/wp-content\/uploads\/2017\/08\/diabetes.jpg"},{"@type":"BreadcrumbList","@id":"https:\/\/hospitalcmq.com\/fr\/maladies-et-conditions\/diabete\/#breadcrumb","itemListElement":[{"@type":"ListItem","position":1,"name":"Home","item":"https:\/\/hospitalcmq.com\/fr\/"},{"@type":"ListItem","position":2,"name":"Maladies et conditions","item":"https:\/\/hospitalcmq.com\/fr\/maladies-et-conditions\/"},{"@type":"ListItem","position":3,"name":"Diab\u00e8te sucr\u00e9 : types, sympt\u00f4mes et pr\u00e9vention"}]},{"@type":"WebSite","@id":"https:\/\/hospitalcmq.com\/fr\/#website","url":"https:\/\/hospitalcmq.com\/fr\/","name":"Hospital CMQ","description":"Best Hospitals in Puerto Vallarta &amp; Riviera Nayarit","publisher":{"@id":"https:\/\/hospitalcmq.com\/fr\/#organization"},"potentialAction":[{"@type":"SearchAction","target":{"@type":"EntryPoint","urlTemplate":"https:\/\/hospitalcmq.com\/fr\/?s={search_term_string}"},"query-input":{"@type":"PropertyValueSpecification","valueRequired":true,"valueName":"search_term_string"}}],"inLanguage":"fr-FR"},{"@type":"Organization","@id":"https:\/\/hospitalcmq.com\/fr\/#organization","name":"Hospital CMQ","url":"https:\/\/hospitalcmq.com\/fr\/","logo":{"@type":"ImageObject","inLanguage":"fr-FR","@id":"https:\/\/hospitalcmq.com\/fr\/#\/schema\/logo\/image\/","url":"https:\/\/hospitalcmq.com\/wp-content\/uploads\/2018\/06\/cmq-hospital-logo.png","contentUrl":"https:\/\/hospitalcmq.com\/wp-content\/uploads\/2018\/06\/cmq-hospital-logo.png","width":214,"height":189,"caption":"Hospital CMQ"},"image":{"@id":"https:\/\/hospitalcmq.com\/fr\/#\/schema\/logo\/image\/"},"sameAs":["https:\/\/www.facebook.com\/HospitalCMQ"]}]}},"_links":{"self":[{"href":"https:\/\/hospitalcmq.com\/fr\/wp-json\/wp\/v2\/pages\/13780","targetHints":{"allow":["GET"]}}],"collection":[{"href":"https:\/\/hospitalcmq.com\/fr\/wp-json\/wp\/v2\/pages"}],"about":[{"href":"https:\/\/hospitalcmq.com\/fr\/wp-json\/wp\/v2\/types\/page"}],"author":[{"embeddable":true,"href":"https:\/\/hospitalcmq.com\/fr\/wp-json\/wp\/v2\/users\/2"}],"replies":[{"embeddable":true,"href":"https:\/\/hospitalcmq.com\/fr\/wp-json\/wp\/v2\/comments?post=13780"}],"version-history":[{"count":0,"href":"https:\/\/hospitalcmq.com\/fr\/wp-json\/wp\/v2\/pages\/13780\/revisions"}],"up":[{"embeddable":true,"href":"https:\/\/hospitalcmq.com\/fr\/wp-json\/wp\/v2\/pages\/13768"}],"wp:attachment":[{"href":"https:\/\/hospitalcmq.com\/fr\/wp-json\/wp\/v2\/media?parent=13780"}],"curies":[{"name":"wp","href":"https:\/\/api.w.org\/{rel}","templated":true}]}}