{"id":13777,"date":"2023-10-16T10:33:28","date_gmt":"2023-10-16T16:33:28","guid":{"rendered":"https:\/\/hospitalcmq.com\/?page_id=13777"},"modified":"2024-08-26T11:58:07","modified_gmt":"2024-08-26T17:58:07","slug":"depression","status":"publish","type":"page","link":"https:\/\/hospitalcmq.com\/fr\/maladies-et-conditions\/depression\/","title":{"rendered":"D\u00e9pression : la maladie silencieuse, sympt\u00f4mes et causes"},"content":{"rendered":"<div class=\"wpb-content-wrapper\"><p>[vc_row][vc_column][vc_column_text el_id=\u00a0\u00bbdefinition\u00a0\u00bb]<\/p>\n<div id=\"attachment_348\" style=\"width: 480px\" class=\"wp-caption alignright\"><img loading=\"lazy\" decoding=\"async\" aria-describedby=\"caption-attachment-348\" class=\"wp-image-1299 size-full\" src=\"https:\/\/hospitalcmq.com\/wp-content\/uploads\/2017\/08\/depresion.jpg\" alt=\"Depression is a common mental condition\" width=\"470\" height=\"260\" \/><p id=\"caption-attachment-348\" class=\"wp-caption-text\">Tout ce qui concerne la d\u00e9pression, un trouble mental courant<\/p><\/div>\n<h2>Qu&rsquo;est-ce que la d\u00e9pression ?<\/h2>\n<p class=\"p1\">Le trouble d\u00e9pressif majeur (TDM), mieux connu sous le nom de <b>d\u00e9pression<\/b>, est un trouble de l&rsquo;humeur qui provoque un sentiment constant de tristesse et une perte d&rsquo;int\u00e9r\u00eat pour diff\u00e9rentes activit\u00e9s. Son impact sur la population augmente, attirant l&rsquo;attention des autorit\u00e9s et de la population en g\u00e9n\u00e9ral, car ses sympt\u00f4mes peuvent causer une vari\u00e9t\u00e9 de probl\u00e8mes physiques et \u00e9motionnels qui emp\u00eachent l&rsquo;accomplissement des activit\u00e9s quotidiennes.<\/p>\n<p class=\"p1\">La d\u00e9pression ne se traite pas facilement du jour au lendemain ; son traitement est de longue haleine et n\u00e9cessite l&rsquo;aide de divers sp\u00e9cialistes. La d\u00e9pression majeure n&rsquo;est pas une faiblesse, mais elle est consid\u00e9r\u00e9e comme un handicap.<\/p>\n<p>[\/vc_column_text][vc_row_inner el_id=\u00a0\u00bbprevention\u00a0\u00bb][vc_column_inner][vc_column_text]<\/p>\n<h2 class=\"p1\">Peut-on pr\u00e9venir la d\u00e9pression ?<\/h2>\n<p class=\"p1\">Il n&rsquo;existe actuellement aucun guide efficace pour pr\u00e9venir les troubles mentaux et les maladies mentales. Toutefois, il existe un large \u00e9ventail de programmes et de politiques de pr\u00e9vention visant \u00e0 r\u00e9duire les facteurs de risque, \u00e0 renforcer les facteurs de protection, \u00e0 r\u00e9duire les sympt\u00f4mes psychiatriques et les handicaps.<\/p>\n<p>[\/vc_column_text][\/vc_column_inner][\/vc_row_inner][vc_empty_space height=\u00a0\u00bb28px\u00a0\u00bb][vc_row_inner el_id=\u00a0\u00bbsymptoms\u00a0\u00bb][vc_column_inner][vc_column_text]<\/p>\n<h2 class=\"p1\">Quels sont les sympt\u00f4mes ?<\/h2>\n<p class=\"p1\">Bien qu&rsquo;il existe des sympt\u00f4mes et des signes qui caract\u00e9risent ce trouble, en g\u00e9n\u00e9ral, les personnes atteintes peuvent conna\u00eetre plusieurs \u00e9pisodes de d\u00e9pression au cours de leur vie. Au cours de ces \u00e9pisodes, les sympt\u00f4mes sont les suivants\u00a0:<\/p>\n<ul class=\"ul1\">\n<li class=\"li1\">Des sentiments de tristesse ou de d\u00e9sespoir<\/li>\n<li class=\"li1\">Col\u00e8re, irritabilit\u00e9 ou frustration<\/li>\n<li class=\"li1\">Perte d&rsquo;int\u00e9r\u00eat pour les activit\u00e9s habituelles<\/li>\n<li class=\"li1\">Insomnie ou sommeil excessif<\/li>\n<li class=\"li1\">Fatigue<\/li>\n<li class=\"li1\">Manque d&rsquo;app\u00e9tit et perte de poids ou suralimentation et prise de poids<\/li>\n<li class=\"li1\">Difficult\u00e9 \u00e0 penser<\/li>\n<li class=\"li1\">Pens\u00e9es suicidaires<\/li>\n<\/ul>\n<p class=\"p1\">Ces \u00e9pisodes peuvent \u00eatre l\u00e9gers, c&rsquo;est-\u00e0-dire que les sympt\u00f4mes sont contr\u00f4l\u00e9s et que seules la d\u00e9tresse et la tristesse sont pr\u00e9sentes dans des situations stressantes mineures. Cependant, comme nous l&rsquo;avons expliqu\u00e9 plus haut, certains \u00e9pisodes d\u00e9passent la r\u00e9action \u00e0 l&rsquo;acte lui-m\u00eame et deviennent graves, voire suicidaires, en l&rsquo;absence de soins sp\u00e9cialis\u00e9s et prudents.<\/p>\n<p>[\/vc_column_text][\/vc_column_inner][\/vc_row_inner][vc_empty_space height=\u00a0\u00bb28px\u00a0\u00bb][vc_row_inner el_id=\u00a0\u00bbtreatment\u00a0\u00bb][vc_column_inner][vc_column_text]<\/p>\n<h2 class=\"p1\">Traitement de la d\u00e9pression<\/h2>\n<p class=\"p1\">La d\u00e9pression est une maladie psychiatrique qui peut se manifester de diff\u00e9rentes mani\u00e8res. L&rsquo;id\u00e9al pour cette maladie est de comprendre toutes les difficult\u00e9s qu&rsquo;elle entra\u00eene, d&rsquo;\u00eatre patient avec soi-m\u00eame et d&rsquo;accepter de l&rsquo;aide. Le traitement efficace des patients d\u00e9pressifs n\u00e9cessite un concept holistique comprenant diff\u00e9rentes approches psychoth\u00e9rapeutiques telles que la th\u00e9rapie cognitive-comportementale, la psychologie des profondeurs et les th\u00e9rapies par la parole, qui peuvent \u00eatre s\u00e9lectionn\u00e9es et\/ou combin\u00e9es en fonction des besoins de chaque patient.<\/p>\n<p class=\"p1\">La d\u00e9pression n&rsquo;est g\u00e9n\u00e9ralement pas un trouble que l&rsquo;on peut traiter seul. Elle n\u00e9cessite une \u00e9quipe m\u00e9dicale, un traitement m\u00e9dicamenteux contr\u00f4l\u00e9, des m\u00e9decines alternatives et une prise en charge personnelle :<\/p>\n<ul class=\"ul1\">\n<li class=\"li1\"><strong>S&rsquo;informer.<\/strong> En vous informant sur votre maladie, vous disposerez des outils n\u00e9cessaires pour comprendre ce que vous vivez.<\/li>\n<li class=\"li1\"><strong>Respectez votre traitement.<\/strong> Ne manquez pas vos rendez-vous ou les s\u00e9ances de soutien. Soyez patient.<\/li>\n<li class=\"li1\"><strong>\u00c9vitez l&rsquo;alcool et les drogues r\u00e9cr\u00e9atives.<\/strong> La consommation d&rsquo;alcool et de drogues peut apporter un soulagement imm\u00e9diat. Mais \u00e0 long terme, ils aggravent les sympt\u00f4mes de la d\u00e9pression.<\/li>\n<li class=\"li1\"><strong>Soyez attentif aux signes avant-coureurs.<\/strong> Travaillez avec votre m\u00e9decin ou votre th\u00e9rapeute pour identifier ce qui d\u00e9clenche vos sympt\u00f4mes.<\/li>\n<li class=\"li1\"><strong>Prenez soin de vous.<\/strong> Mangez sainement, dormez suffisamment et faites de l&rsquo;exercice.<\/li>\n<\/ul>\n<p>[\/vc_column_text][\/vc_column_inner][\/vc_row_inner][\/vc_column][\/vc_row]<\/p>\n<\/div>","protected":false},"excerpt":{"rendered":"<p>La d\u00e9pression est une affection psychiatrique et physique qui a un impact majeur sur la population actuelle et qui attire l&rsquo;attention des autorit\u00e9s sanitaires. Elle est connue sous le nom de trouble d\u00e9pressif majeur et il n&rsquo;existe pas de sympt\u00f4mes ou de signes sp\u00e9cifiques permettant de caract\u00e9riser ce trouble. Comment l&rsquo;identifier ? D\u00e9couvrez la r\u00e9ponse ici.<\/p>\n","protected":false},"author":2,"featured_media":0,"parent":13768,"menu_order":0,"comment_status":"closed","ping_status":"closed","template":"","meta":{"footnotes":""},"class_list":["post-13777","page","type-page","status-publish","hentry"],"acf":[],"yoast_head":"<!-- This site is optimized with the Yoast SEO plugin v27.3 - https:\/\/yoast.com\/product\/yoast-seo-wordpress\/ -->\n<title>D\u00e9pression : la maladie silencieuse qui fait le plus de victimes<\/title>\n<meta name=\"description\" content=\"La d\u00e9pression est une maladie mentale plus fr\u00e9quente qu&#039;on ne le pense. Elle affecte plus de 19 millions de personnes dans le monde et ses sympt\u00f4mes sont toujours diff\u00e9rents. D\u00e9couvrez pourquoi ici.\" \/>\n<meta name=\"robots\" content=\"index, follow, max-snippet:-1, max-image-preview:large, max-video-preview:-1\" \/>\n<link rel=\"canonical\" href=\"https:\/\/hospitalcmq.com\/fr\/maladies-et-conditions\/depression\/\" \/>\n<meta property=\"og:locale\" content=\"fr_FR\" \/>\n<meta property=\"og:type\" content=\"article\" \/>\n<meta property=\"og:title\" content=\"D\u00e9pression : la maladie silencieuse qui fait le plus de victimes\" \/>\n<meta property=\"og:description\" content=\"La d\u00e9pression est une maladie mentale plus fr\u00e9quente qu&#039;on ne le pense. Elle affecte plus de 19 millions de personnes dans le monde et ses sympt\u00f4mes sont toujours diff\u00e9rents. D\u00e9couvrez pourquoi ici.\" \/>\n<meta property=\"og:url\" content=\"https:\/\/hospitalcmq.com\/fr\/maladies-et-conditions\/depression\/\" \/>\n<meta property=\"og:site_name\" content=\"Hospital CMQ\" \/>\n<meta property=\"article:publisher\" content=\"https:\/\/www.facebook.com\/HospitalCMQ\" \/>\n<meta property=\"article:modified_time\" content=\"2024-08-26T17:58:07+00:00\" \/>\n<meta property=\"og:image\" content=\"https:\/\/hospitalcmq.com\/wp-content\/uploads\/2017\/08\/depresion.jpg\" \/>\n<meta name=\"twitter:card\" content=\"summary_large_image\" \/>\n<meta name=\"twitter:label1\" content=\"Dur\u00e9e de lecture estim\u00e9e\" \/>\n\t<meta name=\"twitter:data1\" content=\"3 minutes\" \/>\n<script type=\"application\/ld+json\" class=\"yoast-schema-graph\">{\"@context\":\"https:\\\/\\\/schema.org\",\"@graph\":[{\"@type\":\"WebPage\",\"@id\":\"https:\\\/\\\/hospitalcmq.com\\\/fr\\\/maladies-et-conditions\\\/depression\\\/\",\"url\":\"https:\\\/\\\/hospitalcmq.com\\\/fr\\\/maladies-et-conditions\\\/depression\\\/\",\"name\":\"D\u00e9pression : la maladie silencieuse qui fait le plus de victimes\",\"isPartOf\":{\"@id\":\"https:\\\/\\\/hospitalcmq.com\\\/fr\\\/#website\"},\"primaryImageOfPage\":{\"@id\":\"https:\\\/\\\/hospitalcmq.com\\\/fr\\\/maladies-et-conditions\\\/depression\\\/#primaryimage\"},\"image\":{\"@id\":\"https:\\\/\\\/hospitalcmq.com\\\/fr\\\/maladies-et-conditions\\\/depression\\\/#primaryimage\"},\"thumbnailUrl\":\"https:\\\/\\\/hospitalcmq.com\\\/wp-content\\\/uploads\\\/2017\\\/08\\\/depresion.jpg\",\"datePublished\":\"2023-10-16T16:33:28+00:00\",\"dateModified\":\"2024-08-26T17:58:07+00:00\",\"description\":\"La d\u00e9pression est une maladie mentale plus fr\u00e9quente qu'on ne le pense. Elle affecte plus de 19 millions de personnes dans le monde et ses sympt\u00f4mes sont toujours diff\u00e9rents. D\u00e9couvrez pourquoi ici.\",\"breadcrumb\":{\"@id\":\"https:\\\/\\\/hospitalcmq.com\\\/fr\\\/maladies-et-conditions\\\/depression\\\/#breadcrumb\"},\"inLanguage\":\"fr-FR\",\"potentialAction\":[{\"@type\":\"ReadAction\",\"target\":[\"https:\\\/\\\/hospitalcmq.com\\\/fr\\\/maladies-et-conditions\\\/depression\\\/\"]}]},{\"@type\":\"ImageObject\",\"inLanguage\":\"fr-FR\",\"@id\":\"https:\\\/\\\/hospitalcmq.com\\\/fr\\\/maladies-et-conditions\\\/depression\\\/#primaryimage\",\"url\":\"https:\\\/\\\/hospitalcmq.com\\\/wp-content\\\/uploads\\\/2017\\\/08\\\/depresion.jpg\",\"contentUrl\":\"https:\\\/\\\/hospitalcmq.com\\\/wp-content\\\/uploads\\\/2017\\\/08\\\/depresion.jpg\"},{\"@type\":\"BreadcrumbList\",\"@id\":\"https:\\\/\\\/hospitalcmq.com\\\/fr\\\/maladies-et-conditions\\\/depression\\\/#breadcrumb\",\"itemListElement\":[{\"@type\":\"ListItem\",\"position\":1,\"name\":\"Home\",\"item\":\"https:\\\/\\\/hospitalcmq.com\\\/fr\\\/\"},{\"@type\":\"ListItem\",\"position\":2,\"name\":\"Maladies et conditions\",\"item\":\"https:\\\/\\\/hospitalcmq.com\\\/fr\\\/maladies-et-conditions\\\/\"},{\"@type\":\"ListItem\",\"position\":3,\"name\":\"D\u00e9pression : la maladie silencieuse, sympt\u00f4mes et causes\"}]},{\"@type\":\"WebSite\",\"@id\":\"https:\\\/\\\/hospitalcmq.com\\\/fr\\\/#website\",\"url\":\"https:\\\/\\\/hospitalcmq.com\\\/fr\\\/\",\"name\":\"Hospital CMQ\",\"description\":\"Best Hospitals in Puerto Vallarta &amp; Riviera Nayarit\",\"publisher\":{\"@id\":\"https:\\\/\\\/hospitalcmq.com\\\/fr\\\/#organization\"},\"potentialAction\":[{\"@type\":\"SearchAction\",\"target\":{\"@type\":\"EntryPoint\",\"urlTemplate\":\"https:\\\/\\\/hospitalcmq.com\\\/fr\\\/?s={search_term_string}\"},\"query-input\":{\"@type\":\"PropertyValueSpecification\",\"valueRequired\":true,\"valueName\":\"search_term_string\"}}],\"inLanguage\":\"fr-FR\"},{\"@type\":\"Organization\",\"@id\":\"https:\\\/\\\/hospitalcmq.com\\\/fr\\\/#organization\",\"name\":\"Hospital CMQ\",\"url\":\"https:\\\/\\\/hospitalcmq.com\\\/fr\\\/\",\"logo\":{\"@type\":\"ImageObject\",\"inLanguage\":\"fr-FR\",\"@id\":\"https:\\\/\\\/hospitalcmq.com\\\/fr\\\/#\\\/schema\\\/logo\\\/image\\\/\",\"url\":\"https:\\\/\\\/hospitalcmq.com\\\/wp-content\\\/uploads\\\/2018\\\/06\\\/cmq-hospital-logo.png\",\"contentUrl\":\"https:\\\/\\\/hospitalcmq.com\\\/wp-content\\\/uploads\\\/2018\\\/06\\\/cmq-hospital-logo.png\",\"width\":214,\"height\":189,\"caption\":\"Hospital CMQ\"},\"image\":{\"@id\":\"https:\\\/\\\/hospitalcmq.com\\\/fr\\\/#\\\/schema\\\/logo\\\/image\\\/\"},\"sameAs\":[\"https:\\\/\\\/www.facebook.com\\\/HospitalCMQ\"]}]}<\/script>\n<!-- \/ Yoast SEO plugin. -->","yoast_head_json":{"title":"D\u00e9pression : la maladie silencieuse qui fait le plus de victimes","description":"La d\u00e9pression est une maladie mentale plus fr\u00e9quente qu'on ne le pense. Elle affecte plus de 19 millions de personnes dans le monde et ses sympt\u00f4mes sont toujours diff\u00e9rents. D\u00e9couvrez pourquoi ici.","robots":{"index":"index","follow":"follow","max-snippet":"max-snippet:-1","max-image-preview":"max-image-preview:large","max-video-preview":"max-video-preview:-1"},"canonical":"https:\/\/hospitalcmq.com\/fr\/maladies-et-conditions\/depression\/","og_locale":"fr_FR","og_type":"article","og_title":"D\u00e9pression : la maladie silencieuse qui fait le plus de victimes","og_description":"La d\u00e9pression est une maladie mentale plus fr\u00e9quente qu'on ne le pense. Elle affecte plus de 19 millions de personnes dans le monde et ses sympt\u00f4mes sont toujours diff\u00e9rents. D\u00e9couvrez pourquoi ici.","og_url":"https:\/\/hospitalcmq.com\/fr\/maladies-et-conditions\/depression\/","og_site_name":"Hospital CMQ","article_publisher":"https:\/\/www.facebook.com\/HospitalCMQ","article_modified_time":"2024-08-26T17:58:07+00:00","og_image":[{"url":"https:\/\/hospitalcmq.com\/wp-content\/uploads\/2017\/08\/depresion.jpg","type":"","width":"","height":""}],"twitter_card":"summary_large_image","twitter_misc":{"Dur\u00e9e de lecture estim\u00e9e":"3 minutes"},"schema":{"@context":"https:\/\/schema.org","@graph":[{"@type":"WebPage","@id":"https:\/\/hospitalcmq.com\/fr\/maladies-et-conditions\/depression\/","url":"https:\/\/hospitalcmq.com\/fr\/maladies-et-conditions\/depression\/","name":"D\u00e9pression : la maladie silencieuse qui fait le plus de victimes","isPartOf":{"@id":"https:\/\/hospitalcmq.com\/fr\/#website"},"primaryImageOfPage":{"@id":"https:\/\/hospitalcmq.com\/fr\/maladies-et-conditions\/depression\/#primaryimage"},"image":{"@id":"https:\/\/hospitalcmq.com\/fr\/maladies-et-conditions\/depression\/#primaryimage"},"thumbnailUrl":"https:\/\/hospitalcmq.com\/wp-content\/uploads\/2017\/08\/depresion.jpg","datePublished":"2023-10-16T16:33:28+00:00","dateModified":"2024-08-26T17:58:07+00:00","description":"La d\u00e9pression est une maladie mentale plus fr\u00e9quente qu'on ne le pense. Elle affecte plus de 19 millions de personnes dans le monde et ses sympt\u00f4mes sont toujours diff\u00e9rents. D\u00e9couvrez pourquoi ici.","breadcrumb":{"@id":"https:\/\/hospitalcmq.com\/fr\/maladies-et-conditions\/depression\/#breadcrumb"},"inLanguage":"fr-FR","potentialAction":[{"@type":"ReadAction","target":["https:\/\/hospitalcmq.com\/fr\/maladies-et-conditions\/depression\/"]}]},{"@type":"ImageObject","inLanguage":"fr-FR","@id":"https:\/\/hospitalcmq.com\/fr\/maladies-et-conditions\/depression\/#primaryimage","url":"https:\/\/hospitalcmq.com\/wp-content\/uploads\/2017\/08\/depresion.jpg","contentUrl":"https:\/\/hospitalcmq.com\/wp-content\/uploads\/2017\/08\/depresion.jpg"},{"@type":"BreadcrumbList","@id":"https:\/\/hospitalcmq.com\/fr\/maladies-et-conditions\/depression\/#breadcrumb","itemListElement":[{"@type":"ListItem","position":1,"name":"Home","item":"https:\/\/hospitalcmq.com\/fr\/"},{"@type":"ListItem","position":2,"name":"Maladies et conditions","item":"https:\/\/hospitalcmq.com\/fr\/maladies-et-conditions\/"},{"@type":"ListItem","position":3,"name":"D\u00e9pression : la maladie silencieuse, sympt\u00f4mes et causes"}]},{"@type":"WebSite","@id":"https:\/\/hospitalcmq.com\/fr\/#website","url":"https:\/\/hospitalcmq.com\/fr\/","name":"Hospital CMQ","description":"Best Hospitals in Puerto Vallarta &amp; Riviera Nayarit","publisher":{"@id":"https:\/\/hospitalcmq.com\/fr\/#organization"},"potentialAction":[{"@type":"SearchAction","target":{"@type":"EntryPoint","urlTemplate":"https:\/\/hospitalcmq.com\/fr\/?s={search_term_string}"},"query-input":{"@type":"PropertyValueSpecification","valueRequired":true,"valueName":"search_term_string"}}],"inLanguage":"fr-FR"},{"@type":"Organization","@id":"https:\/\/hospitalcmq.com\/fr\/#organization","name":"Hospital CMQ","url":"https:\/\/hospitalcmq.com\/fr\/","logo":{"@type":"ImageObject","inLanguage":"fr-FR","@id":"https:\/\/hospitalcmq.com\/fr\/#\/schema\/logo\/image\/","url":"https:\/\/hospitalcmq.com\/wp-content\/uploads\/2018\/06\/cmq-hospital-logo.png","contentUrl":"https:\/\/hospitalcmq.com\/wp-content\/uploads\/2018\/06\/cmq-hospital-logo.png","width":214,"height":189,"caption":"Hospital CMQ"},"image":{"@id":"https:\/\/hospitalcmq.com\/fr\/#\/schema\/logo\/image\/"},"sameAs":["https:\/\/www.facebook.com\/HospitalCMQ"]}]}},"_links":{"self":[{"href":"https:\/\/hospitalcmq.com\/fr\/wp-json\/wp\/v2\/pages\/13777","targetHints":{"allow":["GET"]}}],"collection":[{"href":"https:\/\/hospitalcmq.com\/fr\/wp-json\/wp\/v2\/pages"}],"about":[{"href":"https:\/\/hospitalcmq.com\/fr\/wp-json\/wp\/v2\/types\/page"}],"author":[{"embeddable":true,"href":"https:\/\/hospitalcmq.com\/fr\/wp-json\/wp\/v2\/users\/2"}],"replies":[{"embeddable":true,"href":"https:\/\/hospitalcmq.com\/fr\/wp-json\/wp\/v2\/comments?post=13777"}],"version-history":[{"count":0,"href":"https:\/\/hospitalcmq.com\/fr\/wp-json\/wp\/v2\/pages\/13777\/revisions"}],"up":[{"embeddable":true,"href":"https:\/\/hospitalcmq.com\/fr\/wp-json\/wp\/v2\/pages\/13768"}],"wp:attachment":[{"href":"https:\/\/hospitalcmq.com\/fr\/wp-json\/wp\/v2\/media?parent=13777"}],"curies":[{"name":"wp","href":"https:\/\/api.w.org\/{rel}","templated":true}]}}