{"id":13764,"date":"2023-10-16T10:26:34","date_gmt":"2023-10-16T16:26:34","guid":{"rendered":"https:\/\/hospitalcmq.com\/?page_id=13764"},"modified":"2024-08-26T11:58:57","modified_gmt":"2024-08-26T17:58:57","slug":"cancer","status":"publish","type":"page","link":"https:\/\/hospitalcmq.com\/fr\/maladies-et-conditions\/cancer\/","title":{"rendered":"Cancer : comment survient-il et quel est le bon traitement ?"},"content":{"rendered":"<div class=\"wpb-content-wrapper\"><p>[vc_row][vc_column][vc_column_text el_id=\u00a0\u00bbdefinition\u00a0\u00bb]<\/p>\n<h2 class=\"p1\">Quelle est l&rsquo;origine du cancer ?<\/h2>\n<p class=\"p1\">Le terme cancer d\u00e9signe les maladies dans lesquelles des cellules anormales se multiplient de mani\u00e8re incontr\u00f4l\u00e9e et envahissent les tissus voisins, et peuvent m\u00eame, dans une certaine mesure, se propager \u00e0 d&rsquo;autres parties du corps par le biais de la circulation sanguine et du syst\u00e8me lymphatique.<\/p>\n<p>[\/vc_column_text][vc_empty_space height=\u00a0\u00bb28px\u00a0\u00bb][vc_row_inner el_id=\u00a0\u00bbprevention\u00a0\u00bb][vc_column_inner][vc_column_text]<\/p>\n<h2 class=\"p1\">D\u00e9tection pr\u00e9coce du cancer<\/h2>\n<p class=\"p1\">Le cancer n&rsquo;est pas une seule maladie, mais plusieurs. De nombreux facteurs li\u00e9s \u00e0 nos g\u00e8nes, \u00e0 notre mode de vie et \u00e0 l&rsquo;environnement qui nous entoure peuvent augmenter ou diminuer le risque de d\u00e9velopper un cancer. Des \u00e9tudes ont montr\u00e9 qu&rsquo;au moins un tiers des cas de cancer peuvent \u00eatre \u00e9vit\u00e9s :<\/p>\n<ul class=\"ul1\">\n<li class=\"li1\">Des changements dans le r\u00e9gime alimentaire et le mode de vie<\/li>\n<li class=\"li1\">L&rsquo;identification pr\u00e9coce des affections pr\u00e9canc\u00e9reuses, qui peuvent se transformer en cancer \u00e0 l&rsquo;avenir.<\/li>\n<li class=\"li1\">La chimiopr\u00e9vention, des m\u00e9dicaments qui combattent une affection pr\u00e9canc\u00e9reuse ou emp\u00eachent le cancer de se d\u00e9velopper.<\/li>\n<li class=\"li1\">Chirurgie pour r\u00e9duire les risques<\/li>\n<\/ul>\n<p>[\/vc_column_text][\/vc_column_inner][\/vc_row_inner][vc_empty_space height=\u00a0\u00bb28px\u00a0\u00bb][vc_row_inner el_id=\u00a0\u00bbsymptoms\u00a0\u00bb][vc_column_inner][vc_column_text]<\/p>\n<h2 class=\"p1\">Signes et sympt\u00f4mes<\/h2>\n<p class=\"p1\">Les signes et les sympt\u00f4mes d\u00e9pendent de la localisation du cancer, de sa taille et de la mesure dans laquelle il endommage les organes ou les tissus. Si le cancer se propage, ils peuvent appara\u00eetre dans diff\u00e9rentes parties du corps. Cependant, il arrive que le cancer apparaisse \u00e0 des endroits o\u00f9 il ne provoque aucun sympt\u00f4me jusqu&rsquo;\u00e0 ce qu&rsquo;il prenne de l&rsquo;ampleur et qu&rsquo;il soit trop tard. Apprenez \u00e0 conna\u00eetre votre corps et ses r\u00e9actions. Cela peut \u00eatre la premi\u00e8re \u00e9tape d&rsquo;un diagnostic pr\u00e9coce. Soyez attentif aux changements dans votre corps et informez votre m\u00e9decin si vous pensez qu&rsquo;ils peuvent \u00eatre malins :<\/p>\n<ul class=\"ul1\">\n<li class=\"li1\"><b>Perte de poids inexpliqu\u00e9e.<\/b> Une perte de poids inexpliqu\u00e9e peut \u00eatre un premier signe. Cela se produit le plus souvent dans les cas de cancer du pancr\u00e9as, de l&rsquo;estomac, de l&rsquo;\u0153sophage ou du poumon.<\/li>\n<li class=\"li1\"><b>Fi\u00e8vre.<\/b> La fi\u00e8vre est tr\u00e8s fr\u00e9quente lorsque le cancer s&rsquo;est propag\u00e9. Ce sympt\u00f4me est fr\u00e9quent dans les cas de leuc\u00e9mie ou de lymphome.<\/li>\n<li class=\"li1\"><b>Fatigue<\/b>. Un \u00e9puisement extr\u00eame qui ne s&rsquo;am\u00e9liore pas m\u00eame si vous vous reposez beaucoup. Il s&rsquo;agit d&rsquo;un signe important au fur et \u00e0 mesure que le cancer progresse.<\/li>\n<li class=\"li1\"><b>Douleur.<\/b> Dans certains types de cancer, il s&rsquo;agit du premier sympt\u00f4me, comme dans le cas du cancer des os ou du cancer des testicules.<\/li>\n<li class=\"li1\"><b>Modifications de la peau<\/b>. L&rsquo;assombrissement, le jaunissement de la peau et des yeux, les rougeurs, les d\u00e9mangeaisons ou la croissance excessive des poils sont des signes de cancer de la peau, ainsi que d&rsquo;autres cancers.<\/li>\n<\/ul>\n<p>[\/vc_column_text][\/vc_column_inner][\/vc_row_inner][vc_empty_space][vc_row_inner el_id=\u00a0\u00bbrisk-factors\u00a0\u00bb][vc_column_inner][vc_column_text]<\/p>\n<h2 class=\"p1\">Facteurs de risque<\/h2>\n<p class=\"p1\">Il n&rsquo;est pas possible de savoir exactement pourquoi une personne est atteinte d&rsquo;un cancer et une autre non. Cependant, la recherche a indiqu\u00e9 que certains facteurs de risque peuvent augmenter la probabilit\u00e9 d&rsquo;un diagnostic positif.<\/p>\n<ul class=\"ul1\">\n<li class=\"li1\">L&rsquo;alcool<\/li>\n<li class=\"li1\">Le r\u00e9gime alimentaire<\/li>\n<li class=\"li1\">L\u2019\u00e2ge<\/li>\n<li class=\"li1\">Germes infectieux<\/li>\n<li class=\"li1\">Hormones<\/li>\n<li class=\"li1\">Inflammation chronique<\/li>\n<li class=\"li1\">Immunod\u00e9pression<\/li>\n<li class=\"li1\">Le soleil<\/li>\n<li class=\"li1\">Ob\u00e9sit\u00e9<\/li>\n<li class=\"li1\">Rayonnement<\/li>\n<li class=\"li1\">Le tabac<\/li>\n<\/ul>\n<p>[\/vc_column_text][\/vc_column_inner][\/vc_row_inner][vc_empty_space][vc_row_inner el_id=\u00a0\u00bbtreatment\u00a0\u00bb][vc_column_inner][vc_column_text]<\/p>\n<h2 class=\"p1\">Existe-t-il un traitement correct pour le cancer ?<\/h2>\n<p class=\"p1\">Il existe diff\u00e9rents types de traitement, qui d\u00e9pendent du type de cancer dont vous \u00eates atteint et de son degr\u00e9 d&rsquo;avancement. Il est possible de ne recevoir qu&rsquo;un seul type de traitement. Cependant, la plupart des personnes atteintes d&rsquo;un cancer re\u00e7oivent une combinaison de traitements. Les principaux types de traitement du cancer sont les suivants<\/p>\n<ul class=\"ul1\">\n<li class=\"li1\">La chirurgie<\/li>\n<li class=\"li1\">La radioth\u00e9rapie<\/li>\n<li class=\"li1\">La chimioth\u00e9rapie<\/li>\n<li class=\"li1\">L&rsquo;immunoth\u00e9rapie<\/li>\n<li class=\"li1\">Hormonoth\u00e9rapie<\/li>\n<li class=\"li1\">Transplantation de cellules souches<\/li>\n<li class=\"li1\">M\u00e9decine de pr\u00e9cision et th\u00e9rapie cibl\u00e9e<\/li>\n<\/ul>\n<p class=\"p1\">Il est normal de se sentir inquiet et confus. Parlez-en \u00e0 votre m\u00e9decin et renseignez-vous sur les options qui s&rsquo;offrent \u00e0 vous.<\/p>\n<p>[\/vc_column_text][\/vc_column_inner][\/vc_row_inner][\/vc_column][\/vc_row]<\/p>\n<\/div>","protected":false},"excerpt":{"rendered":"<p>Le cancer est le nom donn\u00e9 \u00e0 l&rsquo;\u00e9tat dans lequel des cellules anormales se multiplient de mani\u00e8re incontr\u00f4l\u00e9e et s&rsquo;installent dans les tissus de l&rsquo;organisme. Deuxi\u00e8me cause de mortalit\u00e9 dans le monde, le cancer se caract\u00e9rise par le fait qu&rsquo;il ne s&rsquo;agit pas d&rsquo;une maladie unique, mais de plusieurs affections. Vous trouverez ici des informations pr\u00e9cieuses sur la maladie, ses sympt\u00f4mes, les facteurs de risque et les possibilit\u00e9s de traitement.<\/p>\n","protected":false},"author":2,"featured_media":0,"parent":13768,"menu_order":0,"comment_status":"closed","ping_status":"closed","template":"","meta":{"footnotes":""},"class_list":["post-13764","page","type-page","status-publish","hentry"],"acf":[],"yoast_head":"<!-- This site is optimized with the Yoast SEO plugin v27.4 - https:\/\/yoast.com\/product\/yoast-seo-wordpress\/ -->\n<title>Ai-je un cancer ? Signes et sympt\u00f4mes \u00e0 conna\u00eetre<\/title>\n<meta name=\"description\" content=\"Le cancer est la deuxi\u00e8me cause de mortalit\u00e9 dans le monde et est caracteris\u00e9 par \u00eatre une maladie aves des affections multiples. D\u00e9couvrez ici les sympt\u00f4mes, les facteurs de risque et les possibilit\u00e9s de traitement.\" \/>\n<meta name=\"robots\" content=\"index, follow, max-snippet:-1, max-image-preview:large, max-video-preview:-1\" \/>\n<link rel=\"canonical\" href=\"https:\/\/hospitalcmq.com\/fr\/maladies-et-conditions\/cancer\/\" \/>\n<meta property=\"og:locale\" content=\"fr_FR\" \/>\n<meta property=\"og:type\" content=\"article\" \/>\n<meta property=\"og:title\" content=\"Ai-je un cancer ? Signes et sympt\u00f4mes \u00e0 conna\u00eetre\" \/>\n<meta property=\"og:description\" content=\"Le cancer est la deuxi\u00e8me cause de mortalit\u00e9 dans le monde et est caracteris\u00e9 par \u00eatre une maladie aves des affections multiples. D\u00e9couvrez ici les sympt\u00f4mes, les facteurs de risque et les possibilit\u00e9s de traitement.\" \/>\n<meta property=\"og:url\" content=\"https:\/\/hospitalcmq.com\/fr\/maladies-et-conditions\/cancer\/\" \/>\n<meta property=\"og:site_name\" content=\"Hospital CMQ\" \/>\n<meta property=\"article:publisher\" content=\"https:\/\/www.facebook.com\/HospitalCMQ\" \/>\n<meta property=\"article:modified_time\" content=\"2024-08-26T17:58:57+00:00\" \/>\n<meta property=\"og:image\" content=\"https:\/\/hospitalcmq.com\/wp-content\/uploads\/2018\/06\/cmq-hospital-logo.png\" \/>\n\t<meta property=\"og:image:width\" content=\"214\" \/>\n\t<meta property=\"og:image:height\" content=\"189\" \/>\n\t<meta property=\"og:image:type\" content=\"image\/png\" \/>\n<meta name=\"twitter:card\" content=\"summary_large_image\" \/>\n<meta name=\"twitter:label1\" content=\"Dur\u00e9e de lecture estim\u00e9e\" \/>\n\t<meta name=\"twitter:data1\" content=\"3 minutes\" \/>\n<script type=\"application\/ld+json\" class=\"yoast-schema-graph\">{\"@context\":\"https:\\\/\\\/schema.org\",\"@graph\":[{\"@type\":\"WebPage\",\"@id\":\"https:\\\/\\\/hospitalcmq.com\\\/fr\\\/maladies-et-conditions\\\/cancer\\\/\",\"url\":\"https:\\\/\\\/hospitalcmq.com\\\/fr\\\/maladies-et-conditions\\\/cancer\\\/\",\"name\":\"Ai-je un cancer ? Signes et sympt\u00f4mes \u00e0 conna\u00eetre\",\"isPartOf\":{\"@id\":\"https:\\\/\\\/hospitalcmq.com\\\/fr\\\/#website\"},\"datePublished\":\"2023-10-16T16:26:34+00:00\",\"dateModified\":\"2024-08-26T17:58:57+00:00\",\"description\":\"Le cancer est la deuxi\u00e8me cause de mortalit\u00e9 dans le monde et est caracteris\u00e9 par \u00eatre une maladie aves des affections multiples. D\u00e9couvrez ici les sympt\u00f4mes, les facteurs de risque et les possibilit\u00e9s de traitement.\",\"breadcrumb\":{\"@id\":\"https:\\\/\\\/hospitalcmq.com\\\/fr\\\/maladies-et-conditions\\\/cancer\\\/#breadcrumb\"},\"inLanguage\":\"fr-FR\",\"potentialAction\":[{\"@type\":\"ReadAction\",\"target\":[\"https:\\\/\\\/hospitalcmq.com\\\/fr\\\/maladies-et-conditions\\\/cancer\\\/\"]}]},{\"@type\":\"BreadcrumbList\",\"@id\":\"https:\\\/\\\/hospitalcmq.com\\\/fr\\\/maladies-et-conditions\\\/cancer\\\/#breadcrumb\",\"itemListElement\":[{\"@type\":\"ListItem\",\"position\":1,\"name\":\"Home\",\"item\":\"https:\\\/\\\/hospitalcmq.com\\\/fr\\\/\"},{\"@type\":\"ListItem\",\"position\":2,\"name\":\"Maladies et conditions\",\"item\":\"https:\\\/\\\/hospitalcmq.com\\\/fr\\\/maladies-et-conditions\\\/\"},{\"@type\":\"ListItem\",\"position\":3,\"name\":\"Cancer : comment survient-il et quel est le bon traitement ?\"}]},{\"@type\":\"WebSite\",\"@id\":\"https:\\\/\\\/hospitalcmq.com\\\/fr\\\/#website\",\"url\":\"https:\\\/\\\/hospitalcmq.com\\\/fr\\\/\",\"name\":\"Hospital CMQ\",\"description\":\"Best Hospitals in Puerto Vallarta &amp; Riviera Nayarit\",\"publisher\":{\"@id\":\"https:\\\/\\\/hospitalcmq.com\\\/fr\\\/#organization\"},\"potentialAction\":[{\"@type\":\"SearchAction\",\"target\":{\"@type\":\"EntryPoint\",\"urlTemplate\":\"https:\\\/\\\/hospitalcmq.com\\\/fr\\\/?s={search_term_string}\"},\"query-input\":{\"@type\":\"PropertyValueSpecification\",\"valueRequired\":true,\"valueName\":\"search_term_string\"}}],\"inLanguage\":\"fr-FR\"},{\"@type\":\"Organization\",\"@id\":\"https:\\\/\\\/hospitalcmq.com\\\/fr\\\/#organization\",\"name\":\"Hospital CMQ\",\"url\":\"https:\\\/\\\/hospitalcmq.com\\\/fr\\\/\",\"logo\":{\"@type\":\"ImageObject\",\"inLanguage\":\"fr-FR\",\"@id\":\"https:\\\/\\\/hospitalcmq.com\\\/fr\\\/#\\\/schema\\\/logo\\\/image\\\/\",\"url\":\"https:\\\/\\\/hospitalcmq.com\\\/wp-content\\\/uploads\\\/2018\\\/06\\\/cmq-hospital-logo.png\",\"contentUrl\":\"https:\\\/\\\/hospitalcmq.com\\\/wp-content\\\/uploads\\\/2018\\\/06\\\/cmq-hospital-logo.png\",\"width\":214,\"height\":189,\"caption\":\"Hospital CMQ\"},\"image\":{\"@id\":\"https:\\\/\\\/hospitalcmq.com\\\/fr\\\/#\\\/schema\\\/logo\\\/image\\\/\"},\"sameAs\":[\"https:\\\/\\\/www.facebook.com\\\/HospitalCMQ\"]}]}<\/script>\n<!-- \/ Yoast SEO plugin. -->","yoast_head_json":{"title":"Ai-je un cancer ? Signes et sympt\u00f4mes \u00e0 conna\u00eetre","description":"Le cancer est la deuxi\u00e8me cause de mortalit\u00e9 dans le monde et est caracteris\u00e9 par \u00eatre une maladie aves des affections multiples. D\u00e9couvrez ici les sympt\u00f4mes, les facteurs de risque et les possibilit\u00e9s de traitement.","robots":{"index":"index","follow":"follow","max-snippet":"max-snippet:-1","max-image-preview":"max-image-preview:large","max-video-preview":"max-video-preview:-1"},"canonical":"https:\/\/hospitalcmq.com\/fr\/maladies-et-conditions\/cancer\/","og_locale":"fr_FR","og_type":"article","og_title":"Ai-je un cancer ? Signes et sympt\u00f4mes \u00e0 conna\u00eetre","og_description":"Le cancer est la deuxi\u00e8me cause de mortalit\u00e9 dans le monde et est caracteris\u00e9 par \u00eatre une maladie aves des affections multiples. D\u00e9couvrez ici les sympt\u00f4mes, les facteurs de risque et les possibilit\u00e9s de traitement.","og_url":"https:\/\/hospitalcmq.com\/fr\/maladies-et-conditions\/cancer\/","og_site_name":"Hospital CMQ","article_publisher":"https:\/\/www.facebook.com\/HospitalCMQ","article_modified_time":"2024-08-26T17:58:57+00:00","og_image":[{"width":214,"height":189,"url":"https:\/\/hospitalcmq.com\/wp-content\/uploads\/2018\/06\/cmq-hospital-logo.png","type":"image\/png"}],"twitter_card":"summary_large_image","twitter_misc":{"Dur\u00e9e de lecture estim\u00e9e":"3 minutes"},"schema":{"@context":"https:\/\/schema.org","@graph":[{"@type":"WebPage","@id":"https:\/\/hospitalcmq.com\/fr\/maladies-et-conditions\/cancer\/","url":"https:\/\/hospitalcmq.com\/fr\/maladies-et-conditions\/cancer\/","name":"Ai-je un cancer ? Signes et sympt\u00f4mes \u00e0 conna\u00eetre","isPartOf":{"@id":"https:\/\/hospitalcmq.com\/fr\/#website"},"datePublished":"2023-10-16T16:26:34+00:00","dateModified":"2024-08-26T17:58:57+00:00","description":"Le cancer est la deuxi\u00e8me cause de mortalit\u00e9 dans le monde et est caracteris\u00e9 par \u00eatre une maladie aves des affections multiples. D\u00e9couvrez ici les sympt\u00f4mes, les facteurs de risque et les possibilit\u00e9s de traitement.","breadcrumb":{"@id":"https:\/\/hospitalcmq.com\/fr\/maladies-et-conditions\/cancer\/#breadcrumb"},"inLanguage":"fr-FR","potentialAction":[{"@type":"ReadAction","target":["https:\/\/hospitalcmq.com\/fr\/maladies-et-conditions\/cancer\/"]}]},{"@type":"BreadcrumbList","@id":"https:\/\/hospitalcmq.com\/fr\/maladies-et-conditions\/cancer\/#breadcrumb","itemListElement":[{"@type":"ListItem","position":1,"name":"Home","item":"https:\/\/hospitalcmq.com\/fr\/"},{"@type":"ListItem","position":2,"name":"Maladies et conditions","item":"https:\/\/hospitalcmq.com\/fr\/maladies-et-conditions\/"},{"@type":"ListItem","position":3,"name":"Cancer : comment survient-il et quel est le bon traitement ?"}]},{"@type":"WebSite","@id":"https:\/\/hospitalcmq.com\/fr\/#website","url":"https:\/\/hospitalcmq.com\/fr\/","name":"Hospital CMQ","description":"Best Hospitals in Puerto Vallarta &amp; Riviera Nayarit","publisher":{"@id":"https:\/\/hospitalcmq.com\/fr\/#organization"},"potentialAction":[{"@type":"SearchAction","target":{"@type":"EntryPoint","urlTemplate":"https:\/\/hospitalcmq.com\/fr\/?s={search_term_string}"},"query-input":{"@type":"PropertyValueSpecification","valueRequired":true,"valueName":"search_term_string"}}],"inLanguage":"fr-FR"},{"@type":"Organization","@id":"https:\/\/hospitalcmq.com\/fr\/#organization","name":"Hospital CMQ","url":"https:\/\/hospitalcmq.com\/fr\/","logo":{"@type":"ImageObject","inLanguage":"fr-FR","@id":"https:\/\/hospitalcmq.com\/fr\/#\/schema\/logo\/image\/","url":"https:\/\/hospitalcmq.com\/wp-content\/uploads\/2018\/06\/cmq-hospital-logo.png","contentUrl":"https:\/\/hospitalcmq.com\/wp-content\/uploads\/2018\/06\/cmq-hospital-logo.png","width":214,"height":189,"caption":"Hospital CMQ"},"image":{"@id":"https:\/\/hospitalcmq.com\/fr\/#\/schema\/logo\/image\/"},"sameAs":["https:\/\/www.facebook.com\/HospitalCMQ"]}]}},"_links":{"self":[{"href":"https:\/\/hospitalcmq.com\/fr\/wp-json\/wp\/v2\/pages\/13764","targetHints":{"allow":["GET"]}}],"collection":[{"href":"https:\/\/hospitalcmq.com\/fr\/wp-json\/wp\/v2\/pages"}],"about":[{"href":"https:\/\/hospitalcmq.com\/fr\/wp-json\/wp\/v2\/types\/page"}],"author":[{"embeddable":true,"href":"https:\/\/hospitalcmq.com\/fr\/wp-json\/wp\/v2\/users\/2"}],"replies":[{"embeddable":true,"href":"https:\/\/hospitalcmq.com\/fr\/wp-json\/wp\/v2\/comments?post=13764"}],"version-history":[{"count":0,"href":"https:\/\/hospitalcmq.com\/fr\/wp-json\/wp\/v2\/pages\/13764\/revisions"}],"up":[{"embeddable":true,"href":"https:\/\/hospitalcmq.com\/fr\/wp-json\/wp\/v2\/pages\/13768"}],"wp:attachment":[{"href":"https:\/\/hospitalcmq.com\/fr\/wp-json\/wp\/v2\/media?parent=13764"}],"curies":[{"name":"wp","href":"https:\/\/api.w.org\/{rel}","templated":true}]}}