{"id":13763,"date":"2023-10-12T13:01:26","date_gmt":"2023-10-12T19:01:26","guid":{"rendered":"https:\/\/hospitalcmq.com\/?page_id=13763"},"modified":"2024-08-26T11:59:33","modified_gmt":"2024-08-26T17:59:33","slug":"cancer-du-sein","status":"publish","type":"page","link":"https:\/\/hospitalcmq.com\/fr\/maladies-et-conditions\/cancer-du-sein\/","title":{"rendered":"Cancer du sein"},"content":{"rendered":"<div class=\"wpb-content-wrapper\"><p>[vc_row][vc_column][vc_empty_space height=\u00a0\u00bb28px\u00a0\u00bb][vc_column_text el_id=\u00a0\u00bbdefinition\u00a0\u00bb]<\/p>\n<h2 class=\"p1\">Qu&rsquo;est-ce que c&rsquo;est le cancer du sein ?<\/h2>\n<p class=\"p1\">Le cancer du sein est une maladie dans laquelle les cellules du sein se multiplient de mani\u00e8re incontr\u00f4l\u00e9e et produisent une tumeur maligne. Il s&rsquo;agit d&rsquo;abord d&rsquo;une anomalie b\u00e9nigne qui progresse rapidement pour envahir les tissus. Elle finit par se propager \u00e0 d&rsquo;autres parties du corps.<\/p>\n<h3 class=\"p1\">Types de cancer du sein :<\/h3>\n<ul>\n<li class=\"p1\"><b>Carcinome canalaire infiltrant :<\/b> les cellules canc\u00e9reuses se multiplient \u00e0 l&rsquo;ext\u00e9rieur des canaux et envahissent d&rsquo;autres parties du tissu mammaire. Ces cellules canc\u00e9reuses envahissantes peuvent \u00e9galement se propager \u00e0 d&rsquo;autres parties du corps.<\/li>\n<li class=\"p1\"><b>Carcinome lobulaire infiltrant :<\/b> les cellules canc\u00e9reuses se propagent \u00e0 partir des lobules vers le tissu mammaire voisin. Ces cellules peuvent \u00e9galement attaquer d&rsquo;autres parties du corps.<\/li>\n<\/ul>\n<p>[\/vc_column_text][vc_row_inner el_id=\u00a0\u00bbprevention\u00a0\u00bb][vc_column_inner][vc_empty_space][vc_column_text css_animation=\u00a0\u00bbnone\u00a0\u00bb]<\/p>\n<h2 class=\"p1\">Existe-t-il une pr\u00e9vention contre le cancer du sein ?<\/h2>\n<p class=\"p1\">La pr\u00e9vention, pour ce cancer comme pour tout autre, consiste \u00e0 prendre les mesures id\u00e9ales pour r\u00e9duire autant que possible la probabilit\u00e9 d&rsquo;un diagnostic positif. De nombreux facteurs peuvent influencer le risque de cancer du sein. Certains de ces facteurs ne peuvent \u00eatre modifi\u00e9s. Mais vous pouvez les r\u00e9duire en prenant soin de votre sant\u00e9 de la mani\u00e8re suivante :<\/p>\n<ul class=\"ul1\">\n<li class=\"li1\">Maintenez un poids sain<\/li>\n<li class=\"li1\">Faites de l&rsquo;exercice r\u00e9guli\u00e8rement.<\/li>\n<li class=\"li1\">Ne buvez pas d&rsquo;alcool. Si vous en buvez, limitez votre consommation \u00e0 une seule par jour.<\/li>\n<li class=\"li1\">\u00c9vitez l&rsquo;exposition aux produits chimiques qui interf\u00e8rent avec le fonctionnement normal de l&rsquo;organisme.<\/li>\n<li class=\"li1\">Si cela n&rsquo;est pas m\u00e9dicalement n\u00e9cessaire, limitez votre exposition aux radiations.<\/li>\n<li class=\"li1\">Si vous recevez ou si l&rsquo;on vous a prescrit un traitement hormonal substitutif ou des contraceptifs oraux (pilules contraceptives), consultez votre m\u00e9decin pour conna\u00eetre les risques et savoir si ce traitement est le meilleur pour vous.<\/li>\n<li class=\"li1\">Si c\u2019est possible, allaitez vos enfants.<\/li>\n<\/ul>\n<p>[\/vc_column_text][\/vc_column_inner][\/vc_row_inner][vc_row_inner el_id=\u00a0\u00bbsymptoms\u00a0\u00bb][vc_column_inner][vc_empty_space][vc_column_text]<\/p>\n<h2 class=\"p1\">Signes d&rsquo;alerte<\/h2>\n<p class=\"p1\">Les signes d&rsquo;alerte sont diff\u00e9rents pour chaque personne. Au d\u00e9but, il peut n&rsquo;y avoir aucun sympt\u00f4me. Dans d&rsquo;autres cas, la mammographie de routine permet de diagnostiquer la maladie. Les signes \u00e0 surveiller sont les suivants<\/p>\n<ul class=\"ul1\">\n<li class=\"li1\">Une grosseur dans le sein ou l&rsquo;aisselle, g\u00e9n\u00e9ralement sous le bras.<\/li>\n<li class=\"li1\">Une hypertrophie ou un gonflement d&rsquo;une partie du sein.<\/li>\n<li class=\"li1\">Irritation ou rel\u00e2chement de la peau<\/li>\n<li class=\"li1\">Rougeur du mamelon ou de la r\u00e9gion du sein<\/li>\n<li class=\"li1\">Engorgement du mamelon et douleur dans la r\u00e9gion<\/li>\n<li class=\"li1\">\u00c9coulement du mamelon<\/li>\n<li class=\"li1\">Changement notable de la taille du sein<\/li>\n<\/ul>\n<p class=\"p1\">Si vous pr\u00e9sentez un quelconque signe ou sympt\u00f4me d&rsquo;alerte, consultez imm\u00e9diatement votre m\u00e9decin.<\/p>\n<p>[\/vc_column_text][\/vc_column_inner][\/vc_row_inner][vc_empty_space][vc_row_inner el_id=\u00a0\u00bbrisk-factors\u00a0\u00bb][vc_column_inner][vc_column_text]<\/p>\n<h2 class=\"p1\">Comment savoir si je suis \u00e0 risque ?<\/h2>\n<p class=\"p1\">Il a \u00e9t\u00e9 d\u00e9montr\u00e9 que le risque de d\u00e9velopper un cancer du sein est d\u00fb \u00e0 un ensemble de facteurs. Les facteurs qui augmentent la probabilit\u00e9 de d\u00e9velopper cette maladie sont les suivants :<\/p>\n<ul class=\"ul1\">\n<li class=\"li1\">L&rsquo;\u00e2ge : 70 % des cas surviennent entre 40 et 60 ans et 5,2 % avant 36 ans.<\/li>\n<li class=\"li1\">Mutation des g\u00e8nes BRCA 1 et 2, qui provoquent une croissance cellulaire anormale.<\/li>\n<li class=\"li1\">Menstruations pr\u00e9coces et\/ou m\u00e9nopause tardive.<\/li>\n<li class=\"li1\">Absence de grossesse.<\/li>\n<li class=\"li1\">Grossesse tardive.<\/li>\n<li class=\"li1\">Consommation excessive d&rsquo;alcool.<\/li>\n<li class=\"li1\">Mode de vie s\u00e9dentaire d\u00fb \u00e0 un manque d&rsquo;exercice.<\/li>\n<li class=\"li1\">Irradiation d&rsquo;un sein.<\/li>\n<\/ul>\n<p class=\"p1\">On ne peut pas dire que ces facteurs affectent toutes les personnes diagnostiqu\u00e9es. Mais si vous pr\u00e9sentez l&rsquo;un ou plusieurs d&rsquo;entre eux, parlez \u00e0 votre m\u00e9decin des moyens de r\u00e9duire votre risque et renseignez-vous sur les tests de d\u00e9pistage.<\/p>\n<p>[\/vc_column_text][\/vc_column_inner][\/vc_row_inner][vc_empty_space][vc_row_inner el_id=\u00a0\u00bbtreatment\u00a0\u00bb][vc_column_inner][vc_column_text]<\/p>\n<h2 class=\"p1\">Traitement du cancer du sein<\/h2>\n<p class=\"p1\">Chaque cancer en \u00e9tant diff\u00e9rent, chaque traitement doit \u00eatre diff\u00e9rent. Souvent, vous pouvez recevoir plus d&rsquo;un type de traitement. Mais pour recevoir un traitement rapide et efficace, il faut conna\u00eetre le type de cancer et son stade. Une fois ces points d\u00e9termin\u00e9s, le traitement peut alors commencer :<\/p>\n<ul class=\"ul1\">\n<li class=\"li1\"><strong>Chirurgie :<\/strong> op\u00e9ration consistant \u00e0 retirer le tissu infect\u00e9.<\/li>\n<li class=\"li1\"><strong>Chimioth\u00e9rapie :<\/strong> \u00e0 l&rsquo;aide de m\u00e9dicaments sp\u00e9ciaux, les cellules canc\u00e9reuses sont r\u00e9duites ou tu\u00e9es.<\/li>\n<li class=\"li1\"><strong>Hormonoth\u00e9rapie :<\/strong> emp\u00eache les cellules canc\u00e9reuses d&rsquo;obtenir les hormones dont elles ont besoin pour se d\u00e9velopper.<\/li>\n<li class=\"li1\"><strong>Th\u00e9rapie biologique :<\/strong> elle travaille avec le syst\u00e8me immunitaire pour combattre et contr\u00f4ler les effets secondaires que d&rsquo;autres traitements peuvent provoquer.<\/li>\n<li class=\"li1\"><strong>Radioth\u00e9rapie :<\/strong> utilisation de rayons \u00e0 haute \u00e9nergie pour tuer les cellules canc\u00e9reuses.<\/li>\n<\/ul>\n<p>[\/vc_column_text][\/vc_column_inner][\/vc_row_inner][\/vc_column][\/vc_row]<\/p>\n<\/div>","protected":false},"excerpt":{"rendered":"<p>Le cancer du sein est le type de cancer le plus fr\u00e9quent qui touche les femmes dans le monde entier. En 2018, on estime \u00e0 627 000 le nombre de d\u00e9c\u00e8s dus au cancer du sein, soit pr\u00e8s de 15 % de l&rsquo;ensemble des d\u00e9c\u00e8s par cancer chez les femmes. D\u00e9couvrez ici tout ce qu&rsquo;il faut savoir sur cette maladie totalement \u00e9vitable : ce qu&rsquo;elle est, ce qui la provoque et les facteurs de risque.<\/p>\n","protected":false},"author":2,"featured_media":0,"parent":13768,"menu_order":0,"comment_status":"closed","ping_status":"closed","template":"","meta":{"footnotes":""},"class_list":["post-13763","page","type-page","status-publish","hentry"],"acf":[],"yoast_head":"<!-- This site is optimized with the Yoast SEO plugin v27.4 - https:\/\/yoast.com\/product\/yoast-seo-wordpress\/ -->\n<title>Cancer du sein, d\u00e9tection pr\u00e9coce, pr\u00e9vention et sympt\u00f4mes<\/title>\n<meta name=\"description\" content=\"Le cancer du sein est l&#039;un des cancers les plus fr\u00e9quents chez les femmes. Apprenez des informations pr\u00e9cieuses sur le cancer du sein, ses sympt\u00f4mes, sa pr\u00e9vention, son traitement et comment un d\u00e9pistage pr\u00e9coce peut vous sauver la vie.\" \/>\n<meta name=\"robots\" content=\"index, follow, max-snippet:-1, max-image-preview:large, max-video-preview:-1\" \/>\n<link rel=\"canonical\" href=\"https:\/\/hospitalcmq.com\/fr\/maladies-et-conditions\/cancer-du-sein\/\" \/>\n<meta property=\"og:locale\" content=\"fr_FR\" \/>\n<meta property=\"og:type\" content=\"article\" \/>\n<meta property=\"og:title\" content=\"Cancer du sein, d\u00e9tection pr\u00e9coce, pr\u00e9vention et sympt\u00f4mes\" \/>\n<meta property=\"og:description\" content=\"Le cancer du sein est l&#039;un des cancers les plus fr\u00e9quents chez les femmes. Apprenez des informations pr\u00e9cieuses sur le cancer du sein, ses sympt\u00f4mes, sa pr\u00e9vention, son traitement et comment un d\u00e9pistage pr\u00e9coce peut vous sauver la vie.\" \/>\n<meta property=\"og:url\" content=\"https:\/\/hospitalcmq.com\/fr\/maladies-et-conditions\/cancer-du-sein\/\" \/>\n<meta property=\"og:site_name\" content=\"Hospital CMQ\" \/>\n<meta property=\"article:publisher\" content=\"https:\/\/www.facebook.com\/HospitalCMQ\" \/>\n<meta property=\"article:modified_time\" content=\"2024-08-26T17:59:33+00:00\" \/>\n<meta property=\"og:image\" content=\"https:\/\/hospitalcmq.com\/wp-content\/uploads\/2018\/06\/cmq-hospital-logo.png\" \/>\n\t<meta property=\"og:image:width\" content=\"214\" \/>\n\t<meta property=\"og:image:height\" content=\"189\" \/>\n\t<meta property=\"og:image:type\" content=\"image\/png\" \/>\n<meta name=\"twitter:card\" content=\"summary_large_image\" \/>\n<meta name=\"twitter:label1\" content=\"Dur\u00e9e de lecture estim\u00e9e\" \/>\n\t<meta name=\"twitter:data1\" content=\"4 minutes\" \/>\n<script type=\"application\/ld+json\" class=\"yoast-schema-graph\">{\"@context\":\"https:\\\/\\\/schema.org\",\"@graph\":[{\"@type\":\"WebPage\",\"@id\":\"https:\\\/\\\/hospitalcmq.com\\\/fr\\\/maladies-et-conditions\\\/cancer-du-sein\\\/\",\"url\":\"https:\\\/\\\/hospitalcmq.com\\\/fr\\\/maladies-et-conditions\\\/cancer-du-sein\\\/\",\"name\":\"Cancer du sein, d\u00e9tection pr\u00e9coce, pr\u00e9vention et sympt\u00f4mes\",\"isPartOf\":{\"@id\":\"https:\\\/\\\/hospitalcmq.com\\\/fr\\\/#website\"},\"datePublished\":\"2023-10-12T19:01:26+00:00\",\"dateModified\":\"2024-08-26T17:59:33+00:00\",\"description\":\"Le cancer du sein est l'un des cancers les plus fr\u00e9quents chez les femmes. Apprenez des informations pr\u00e9cieuses sur le cancer du sein, ses sympt\u00f4mes, sa pr\u00e9vention, son traitement et comment un d\u00e9pistage pr\u00e9coce peut vous sauver la vie.\",\"breadcrumb\":{\"@id\":\"https:\\\/\\\/hospitalcmq.com\\\/fr\\\/maladies-et-conditions\\\/cancer-du-sein\\\/#breadcrumb\"},\"inLanguage\":\"fr-FR\",\"potentialAction\":[{\"@type\":\"ReadAction\",\"target\":[\"https:\\\/\\\/hospitalcmq.com\\\/fr\\\/maladies-et-conditions\\\/cancer-du-sein\\\/\"]}]},{\"@type\":\"BreadcrumbList\",\"@id\":\"https:\\\/\\\/hospitalcmq.com\\\/fr\\\/maladies-et-conditions\\\/cancer-du-sein\\\/#breadcrumb\",\"itemListElement\":[{\"@type\":\"ListItem\",\"position\":1,\"name\":\"Home\",\"item\":\"https:\\\/\\\/hospitalcmq.com\\\/fr\\\/\"},{\"@type\":\"ListItem\",\"position\":2,\"name\":\"Maladies et conditions\",\"item\":\"https:\\\/\\\/hospitalcmq.com\\\/fr\\\/maladies-et-conditions\\\/\"},{\"@type\":\"ListItem\",\"position\":3,\"name\":\"Cancer du sein\"}]},{\"@type\":\"WebSite\",\"@id\":\"https:\\\/\\\/hospitalcmq.com\\\/fr\\\/#website\",\"url\":\"https:\\\/\\\/hospitalcmq.com\\\/fr\\\/\",\"name\":\"Hospital CMQ\",\"description\":\"Best Hospitals in Puerto Vallarta &amp; Riviera Nayarit\",\"publisher\":{\"@id\":\"https:\\\/\\\/hospitalcmq.com\\\/fr\\\/#organization\"},\"potentialAction\":[{\"@type\":\"SearchAction\",\"target\":{\"@type\":\"EntryPoint\",\"urlTemplate\":\"https:\\\/\\\/hospitalcmq.com\\\/fr\\\/?s={search_term_string}\"},\"query-input\":{\"@type\":\"PropertyValueSpecification\",\"valueRequired\":true,\"valueName\":\"search_term_string\"}}],\"inLanguage\":\"fr-FR\"},{\"@type\":\"Organization\",\"@id\":\"https:\\\/\\\/hospitalcmq.com\\\/fr\\\/#organization\",\"name\":\"Hospital CMQ\",\"url\":\"https:\\\/\\\/hospitalcmq.com\\\/fr\\\/\",\"logo\":{\"@type\":\"ImageObject\",\"inLanguage\":\"fr-FR\",\"@id\":\"https:\\\/\\\/hospitalcmq.com\\\/fr\\\/#\\\/schema\\\/logo\\\/image\\\/\",\"url\":\"https:\\\/\\\/hospitalcmq.com\\\/wp-content\\\/uploads\\\/2018\\\/06\\\/cmq-hospital-logo.png\",\"contentUrl\":\"https:\\\/\\\/hospitalcmq.com\\\/wp-content\\\/uploads\\\/2018\\\/06\\\/cmq-hospital-logo.png\",\"width\":214,\"height\":189,\"caption\":\"Hospital CMQ\"},\"image\":{\"@id\":\"https:\\\/\\\/hospitalcmq.com\\\/fr\\\/#\\\/schema\\\/logo\\\/image\\\/\"},\"sameAs\":[\"https:\\\/\\\/www.facebook.com\\\/HospitalCMQ\"]}]}<\/script>\n<!-- \/ Yoast SEO plugin. -->","yoast_head_json":{"title":"Cancer du sein, d\u00e9tection pr\u00e9coce, pr\u00e9vention et sympt\u00f4mes","description":"Le cancer du sein est l'un des cancers les plus fr\u00e9quents chez les femmes. Apprenez des informations pr\u00e9cieuses sur le cancer du sein, ses sympt\u00f4mes, sa pr\u00e9vention, son traitement et comment un d\u00e9pistage pr\u00e9coce peut vous sauver la vie.","robots":{"index":"index","follow":"follow","max-snippet":"max-snippet:-1","max-image-preview":"max-image-preview:large","max-video-preview":"max-video-preview:-1"},"canonical":"https:\/\/hospitalcmq.com\/fr\/maladies-et-conditions\/cancer-du-sein\/","og_locale":"fr_FR","og_type":"article","og_title":"Cancer du sein, d\u00e9tection pr\u00e9coce, pr\u00e9vention et sympt\u00f4mes","og_description":"Le cancer du sein est l'un des cancers les plus fr\u00e9quents chez les femmes. Apprenez des informations pr\u00e9cieuses sur le cancer du sein, ses sympt\u00f4mes, sa pr\u00e9vention, son traitement et comment un d\u00e9pistage pr\u00e9coce peut vous sauver la vie.","og_url":"https:\/\/hospitalcmq.com\/fr\/maladies-et-conditions\/cancer-du-sein\/","og_site_name":"Hospital CMQ","article_publisher":"https:\/\/www.facebook.com\/HospitalCMQ","article_modified_time":"2024-08-26T17:59:33+00:00","og_image":[{"width":214,"height":189,"url":"https:\/\/hospitalcmq.com\/wp-content\/uploads\/2018\/06\/cmq-hospital-logo.png","type":"image\/png"}],"twitter_card":"summary_large_image","twitter_misc":{"Dur\u00e9e de lecture estim\u00e9e":"4 minutes"},"schema":{"@context":"https:\/\/schema.org","@graph":[{"@type":"WebPage","@id":"https:\/\/hospitalcmq.com\/fr\/maladies-et-conditions\/cancer-du-sein\/","url":"https:\/\/hospitalcmq.com\/fr\/maladies-et-conditions\/cancer-du-sein\/","name":"Cancer du sein, d\u00e9tection pr\u00e9coce, pr\u00e9vention et sympt\u00f4mes","isPartOf":{"@id":"https:\/\/hospitalcmq.com\/fr\/#website"},"datePublished":"2023-10-12T19:01:26+00:00","dateModified":"2024-08-26T17:59:33+00:00","description":"Le cancer du sein est l'un des cancers les plus fr\u00e9quents chez les femmes. Apprenez des informations pr\u00e9cieuses sur le cancer du sein, ses sympt\u00f4mes, sa pr\u00e9vention, son traitement et comment un d\u00e9pistage pr\u00e9coce peut vous sauver la vie.","breadcrumb":{"@id":"https:\/\/hospitalcmq.com\/fr\/maladies-et-conditions\/cancer-du-sein\/#breadcrumb"},"inLanguage":"fr-FR","potentialAction":[{"@type":"ReadAction","target":["https:\/\/hospitalcmq.com\/fr\/maladies-et-conditions\/cancer-du-sein\/"]}]},{"@type":"BreadcrumbList","@id":"https:\/\/hospitalcmq.com\/fr\/maladies-et-conditions\/cancer-du-sein\/#breadcrumb","itemListElement":[{"@type":"ListItem","position":1,"name":"Home","item":"https:\/\/hospitalcmq.com\/fr\/"},{"@type":"ListItem","position":2,"name":"Maladies et conditions","item":"https:\/\/hospitalcmq.com\/fr\/maladies-et-conditions\/"},{"@type":"ListItem","position":3,"name":"Cancer du sein"}]},{"@type":"WebSite","@id":"https:\/\/hospitalcmq.com\/fr\/#website","url":"https:\/\/hospitalcmq.com\/fr\/","name":"Hospital CMQ","description":"Best Hospitals in Puerto Vallarta &amp; Riviera Nayarit","publisher":{"@id":"https:\/\/hospitalcmq.com\/fr\/#organization"},"potentialAction":[{"@type":"SearchAction","target":{"@type":"EntryPoint","urlTemplate":"https:\/\/hospitalcmq.com\/fr\/?s={search_term_string}"},"query-input":{"@type":"PropertyValueSpecification","valueRequired":true,"valueName":"search_term_string"}}],"inLanguage":"fr-FR"},{"@type":"Organization","@id":"https:\/\/hospitalcmq.com\/fr\/#organization","name":"Hospital CMQ","url":"https:\/\/hospitalcmq.com\/fr\/","logo":{"@type":"ImageObject","inLanguage":"fr-FR","@id":"https:\/\/hospitalcmq.com\/fr\/#\/schema\/logo\/image\/","url":"https:\/\/hospitalcmq.com\/wp-content\/uploads\/2018\/06\/cmq-hospital-logo.png","contentUrl":"https:\/\/hospitalcmq.com\/wp-content\/uploads\/2018\/06\/cmq-hospital-logo.png","width":214,"height":189,"caption":"Hospital CMQ"},"image":{"@id":"https:\/\/hospitalcmq.com\/fr\/#\/schema\/logo\/image\/"},"sameAs":["https:\/\/www.facebook.com\/HospitalCMQ"]}]}},"_links":{"self":[{"href":"https:\/\/hospitalcmq.com\/fr\/wp-json\/wp\/v2\/pages\/13763","targetHints":{"allow":["GET"]}}],"collection":[{"href":"https:\/\/hospitalcmq.com\/fr\/wp-json\/wp\/v2\/pages"}],"about":[{"href":"https:\/\/hospitalcmq.com\/fr\/wp-json\/wp\/v2\/types\/page"}],"author":[{"embeddable":true,"href":"https:\/\/hospitalcmq.com\/fr\/wp-json\/wp\/v2\/users\/2"}],"replies":[{"embeddable":true,"href":"https:\/\/hospitalcmq.com\/fr\/wp-json\/wp\/v2\/comments?post=13763"}],"version-history":[{"count":0,"href":"https:\/\/hospitalcmq.com\/fr\/wp-json\/wp\/v2\/pages\/13763\/revisions"}],"up":[{"embeddable":true,"href":"https:\/\/hospitalcmq.com\/fr\/wp-json\/wp\/v2\/pages\/13768"}],"wp:attachment":[{"href":"https:\/\/hospitalcmq.com\/fr\/wp-json\/wp\/v2\/media?parent=13763"}],"curies":[{"name":"wp","href":"https:\/\/api.w.org\/{rel}","templated":true}]}}