{"id":13762,"date":"2023-10-12T11:07:24","date_gmt":"2023-10-12T17:07:24","guid":{"rendered":"https:\/\/hospitalcmq.com\/?page_id=13762"},"modified":"2024-08-26T12:00:01","modified_gmt":"2024-08-26T18:00:01","slug":"asthme","status":"publish","type":"page","link":"https:\/\/hospitalcmq.com\/fr\/maladies-et-conditions\/asthme\/","title":{"rendered":"Asthme : pr\u00e9vention, sympt\u00f4mes et traitement"},"content":{"rendered":"<div class=\"wpb-content-wrapper\"><p>[vc_row][vc_column][vc_column_text el_id=\u00a0\u00bbdefinition\u00a0\u00bb]<\/p>\n<h2>Qu&rsquo;est-ce que c\u2019est l&rsquo;asthme ?<\/h2>\n<p class=\"p1\">L&rsquo;asthme est une maladie inflammatoire chronique qui entra\u00eene une production excessive de mucus par les voies respiratoires, qui deviennent plus \u00e9troites et plus enflamm\u00e9es.<\/p>\n<p class=\"p1\">La maladie provoque une g\u00eane respiratoire, une limitation de l&rsquo;activit\u00e9 physique et peut \u00eatre un facteur limitant s\u00e9rieux qui interf\u00e8re avec les activit\u00e9s quotidiennes. Si elle n&rsquo;est pas trait\u00e9e, elle peut provoquer des crises ou des attaques potentiellement mortelles.<\/p>\n<p>[\/vc_column_text][vc_empty_space height=\u00a0\u00bb28px\u00a0\u00bb][vc_row_inner el_id=\u00a0\u00bbprevention\u00a0\u00bb][vc_column_inner][vc_column_text]<\/p>\n<h2 class=\"p1\">Peut-on pr\u00e9venir la maladie ?<\/h2>\n<p class=\"p1\">Bien que la maladie elle-m\u00eame ne puisse \u00eatre \u00e9vit\u00e9e, il est recommand\u00e9 d&rsquo;identifier et de r\u00e9duire l&rsquo;exposition \u00e0 ses d\u00e9clencheurs par des mesures g\u00e9n\u00e9rales de contr\u00f4le de l&rsquo;environnement, telles que\u00a0:<\/p>\n<ul class=\"ul1\">\n<li class=\"li1\">\u00c9viter le contact avec la fum\u00e9e de cigarette<\/li>\n<li class=\"li1\">Minimiser la pr\u00e9sence d&rsquo;acariens dans la maison<\/li>\n<li class=\"li1\">Se d\u00e9barrasser de tous les animaux \u00e0 fourrure et choisir des animaux hypoallerg\u00e9niques.<\/li>\n<li class=\"li1\">\u00c9liminer les cafards de la maison<\/li>\n<li class=\"li1\">Nettoyez r\u00e9guli\u00e8rement tous les coins de la maison.<\/li>\n<li class=\"li1\">Des insecticides peuvent \u00eatre utilis\u00e9s, mais assurez-vous que l&rsquo;asthmatique n&rsquo;est pas \u00e0 la maison lorsqu&rsquo;ils sont utilis\u00e9s.<\/li>\n<li class=\"li1\">\u00c9viter le contact avec le pollen et les moisissures<\/li>\n<li class=\"li1\">R\u00e9duire l&rsquo;humidit\u00e9 dans la maison<\/li>\n<\/ul>\n<p>[\/vc_column_text][\/vc_column_inner][\/vc_row_inner][vc_empty_space height=\u00a0\u00bb28px\u00a0\u00bb][vc_row_inner el_id=\u00a0\u00bbsymptoms\u00a0\u00bb][vc_column_inner][vc_column_text]<\/p>\n<h2 class=\"p1\">Sympt\u00f4mes de l&rsquo;asthme<\/h2>\n<p class=\"p1\">Cette maladie est diff\u00e9rente dans chaque cas, mais elle se caract\u00e9rise g\u00e9n\u00e9ralement par une inflammation chronique des voies respiratoires. Les deux principales caract\u00e9ristiques de la maladie sont les suivantes :<\/p>\n<p class=\"p1\"><b>Ant\u00e9c\u00e9dents de sympt\u00f4mes respiratoires<\/b><\/p>\n<ul class=\"ul1\">\n<li class=\"li1\">D\u00e9tresse respiratoire<\/li>\n<li class=\"li1\">Difficult\u00e9s \u00e0 dormir en raison d&rsquo;une toux, d&rsquo;une respiration sifflante ou d&rsquo;un essoufflement<\/li>\n<li class=\"li1\">Oppression thoracique<\/li>\n<li class=\"li1\">Douleur thoracique<\/li>\n<\/ul>\n<p class=\"p1\"><b>Limitation variable du d\u00e9bit d&rsquo;air en fin de respiration<\/b><\/p>\n<p class=\"p1\">En outre, les sympt\u00f4mes suivants peuvent indiquer que votre \u00e9tat s&rsquo;aggrave :<\/p>\n<ul class=\"ul1\">\n<li class=\"li1\">Lorsque la fr\u00e9quence des sympt\u00f4mes et\/ou des crises augmente<\/li>\n<li class=\"li1\">Lorsque la respiration devient sensiblement difficile<\/li>\n<\/ul>\n<p>[\/vc_column_text][\/vc_column_inner][\/vc_row_inner][vc_empty_space height=\u00a0\u00bb28px\u00a0\u00bb][vc_row_inner el_id=\u00a0\u00bbcauses\u00a0\u00bb][vc_column_inner][vc_column_text]<\/p>\n<h2 class=\"p1\">Ses principales causes<\/h2>\n<p class=\"p1\">L&rsquo;asthme n&rsquo;est pas d\u00fb \u00e0 une seule cause, mais r\u00e9sulte d&rsquo;une combinaison de facteurs g\u00e9n\u00e9tiques et environnementaux. Les facteurs d\u00e9clenchants les plus courants sont les suivants :<\/p>\n<ul class=\"ul1\">\n<li class=\"li1\">Pr\u00e9disposition g\u00e9n\u00e9tique<\/li>\n<li class=\"li1\">Les particules en suspension dans l&rsquo;air, telles que le pollen, les spores, la poussi\u00e8re g\u00e9n\u00e9r\u00e9e par les termites et les d\u00e9bris organiques d&rsquo;insectes.<\/li>\n<li class=\"li1\">Infections respiratoires ant\u00e9rieures<\/li>\n<li class=\"li1\">Conservateurs contenus dans les boissons et les aliments transform\u00e9s<\/li>\n<li class=\"li1\">L&rsquo;air froid et ses polluants irritants<\/li>\n<\/ul>\n<p>[\/vc_column_text][\/vc_column_inner][\/vc_row_inner][vc_empty_space height=\u00a0\u00bb28px\u00a0\u00bb][vc_row_inner el_id=\u00a0\u00bbtreatment\u00a0\u00bb][vc_column_inner][vc_column_text]<\/p>\n<h2 class=\"p1\">Existe-t-il un traitement pour l&rsquo;asthme ?<\/h2>\n<p class=\"p1\">Les objectifs \u00e0 long terme du traitement sont de contr\u00f4ler les sympt\u00f4mes et de r\u00e9duire le risque d&rsquo;exacerbations. Il consiste principalement en un cycle continu d&rsquo;\u00e9valuation du patient, d&rsquo;ajustements du traitement et d&rsquo;examen de la r\u00e9ponse du patient au traitement. En outre, dans le cadre des soins m\u00e9dicaux, le patient doit apprendre \u00e0 reconna\u00eetre les facteurs d\u00e9clenchants associ\u00e9s \u00e0 sa maladie et prendre des mesures pour les r\u00e9duire ou les \u00e9viter.<\/p>\n<p class=\"p1\">Afin de bien contr\u00f4ler sa maladie et d&rsquo;avoir une bonne qualit\u00e9 de vie, le patient doit : adapter son environnement et son mode de vie. R\u00e9duire autant que possible les facteurs d\u00e9clenchants et les substances susceptibles de provoquer des allergies. Nettoyer r\u00e9guli\u00e8rement son domicile et son lieu de travail.<\/p>\n<p class=\"p1\">Il est important de comprendre que m\u00eame si cette maladie ne peut pas \u00eatre gu\u00e9rie, elle peut \u00eatre contr\u00f4l\u00e9e. Il faut se d\u00e9barrasser du mythe selon lequel l&rsquo;asthme dispara\u00eet \u00e0 la pubert\u00e9 et savoir qu&rsquo;il est n\u00e9cessaire de commencer un traitement pr\u00e9ventif le plus t\u00f4t possible. Si votre enfant pr\u00e9sente l&rsquo;un des sympt\u00f4mes mentionn\u00e9s ci-dessus, prenez rendez-vous avec le Dr Salvador Gonz\u00e1lez, pneumologue p\u00e9diatrique \u00e0 l&rsquo;h\u00f4pital CMQ Premiere.<\/p>\n<p>[\/vc_column_text][\/vc_column_inner][\/vc_row_inner][\/vc_column][\/vc_row]<\/p>\n<\/div>","protected":false},"excerpt":{"rendered":"<p>Selon l&rsquo;Organisation mondiale de la sant\u00e9, 235 millions de personnes dans le monde souffrent d&rsquo;asthme, une maladie inflammatoire chronique qui provoque des probl\u00e8mes respiratoires. Il s&rsquo;agit de la maladie la plus fr\u00e9quente chez les enfants, qui rend la respiration difficile et provoque beaucoup de toux. En savoir plus sur la pr\u00e9vention, les sympt\u00f4mes et les traitements possibles.<\/p>\n","protected":false},"author":2,"featured_media":3939,"parent":13768,"menu_order":0,"comment_status":"closed","ping_status":"closed","template":"","meta":{"footnotes":""},"class_list":["post-13762","page","type-page","status-publish","has-post-thumbnail","hentry"],"acf":[],"yoast_head":"<!-- This site is optimized with the Yoast SEO plugin v27.4 - https:\/\/yoast.com\/product\/yoast-seo-wordpress\/ -->\n<title>Tout sur l&#039;asthme : pr\u00e9vention, causes, sympt\u00f4mes et traitement<\/title>\n<meta name=\"description\" content=\"Maladie chronique qui provoque un exc\u00e8s de mucus et un gonflement des voies respiratoires. Pour en savoir plus sur l&#039;asthme, ses sympt\u00f4mes et son traitement, cliquez ici.\" \/>\n<meta name=\"robots\" content=\"index, follow, max-snippet:-1, max-image-preview:large, max-video-preview:-1\" \/>\n<link rel=\"canonical\" href=\"https:\/\/hospitalcmq.com\/fr\/maladies-et-conditions\/asthme\/\" \/>\n<meta property=\"og:locale\" content=\"fr_FR\" \/>\n<meta property=\"og:type\" content=\"article\" \/>\n<meta property=\"og:title\" content=\"Tout sur l&#039;asthme : pr\u00e9vention, causes, sympt\u00f4mes et traitement\" \/>\n<meta property=\"og:description\" content=\"Maladie chronique qui provoque un exc\u00e8s de mucus et un gonflement des voies respiratoires. Pour en savoir plus sur l&#039;asthme, ses sympt\u00f4mes et son traitement, cliquez ici.\" \/>\n<meta property=\"og:url\" content=\"https:\/\/hospitalcmq.com\/fr\/maladies-et-conditions\/asthme\/\" \/>\n<meta property=\"og:site_name\" content=\"Hospital CMQ\" \/>\n<meta property=\"article:publisher\" content=\"https:\/\/www.facebook.com\/HospitalCMQ\" \/>\n<meta property=\"article:modified_time\" content=\"2024-08-26T18:00:01+00:00\" \/>\n<meta property=\"og:image\" content=\"https:\/\/hospitalcmq.com\/wp-content\/uploads\/2017\/08\/asma.jpg\" \/>\n\t<meta property=\"og:image:width\" content=\"650\" \/>\n\t<meta property=\"og:image:height\" content=\"350\" \/>\n\t<meta property=\"og:image:type\" content=\"image\/jpeg\" \/>\n<meta name=\"twitter:card\" content=\"summary_large_image\" \/>\n<meta name=\"twitter:label1\" content=\"Dur\u00e9e de lecture estim\u00e9e\" \/>\n\t<meta name=\"twitter:data1\" content=\"3 minutes\" \/>\n<script type=\"application\/ld+json\" class=\"yoast-schema-graph\">{\"@context\":\"https:\\\/\\\/schema.org\",\"@graph\":[{\"@type\":\"WebPage\",\"@id\":\"https:\\\/\\\/hospitalcmq.com\\\/fr\\\/maladies-et-conditions\\\/asthme\\\/\",\"url\":\"https:\\\/\\\/hospitalcmq.com\\\/fr\\\/maladies-et-conditions\\\/asthme\\\/\",\"name\":\"Tout sur l'asthme : pr\u00e9vention, causes, sympt\u00f4mes et traitement\",\"isPartOf\":{\"@id\":\"https:\\\/\\\/hospitalcmq.com\\\/fr\\\/#website\"},\"primaryImageOfPage\":{\"@id\":\"https:\\\/\\\/hospitalcmq.com\\\/fr\\\/maladies-et-conditions\\\/asthme\\\/#primaryimage\"},\"image\":{\"@id\":\"https:\\\/\\\/hospitalcmq.com\\\/fr\\\/maladies-et-conditions\\\/asthme\\\/#primaryimage\"},\"thumbnailUrl\":\"https:\\\/\\\/hospitalcmq.com\\\/wp-content\\\/uploads\\\/2017\\\/08\\\/asma.jpg\",\"datePublished\":\"2023-10-12T17:07:24+00:00\",\"dateModified\":\"2024-08-26T18:00:01+00:00\",\"description\":\"Maladie chronique qui provoque un exc\u00e8s de mucus et un gonflement des voies respiratoires. Pour en savoir plus sur l'asthme, ses sympt\u00f4mes et son traitement, cliquez ici.\",\"breadcrumb\":{\"@id\":\"https:\\\/\\\/hospitalcmq.com\\\/fr\\\/maladies-et-conditions\\\/asthme\\\/#breadcrumb\"},\"inLanguage\":\"fr-FR\",\"potentialAction\":[{\"@type\":\"ReadAction\",\"target\":[\"https:\\\/\\\/hospitalcmq.com\\\/fr\\\/maladies-et-conditions\\\/asthme\\\/\"]}]},{\"@type\":\"ImageObject\",\"inLanguage\":\"fr-FR\",\"@id\":\"https:\\\/\\\/hospitalcmq.com\\\/fr\\\/maladies-et-conditions\\\/asthme\\\/#primaryimage\",\"url\":\"https:\\\/\\\/hospitalcmq.com\\\/wp-content\\\/uploads\\\/2017\\\/08\\\/asma.jpg\",\"contentUrl\":\"https:\\\/\\\/hospitalcmq.com\\\/wp-content\\\/uploads\\\/2017\\\/08\\\/asma.jpg\",\"width\":650,\"height\":350,\"caption\":\"Asthma in Puerto Vallarta: Prevention, Symptoms and Treatment\"},{\"@type\":\"BreadcrumbList\",\"@id\":\"https:\\\/\\\/hospitalcmq.com\\\/fr\\\/maladies-et-conditions\\\/asthme\\\/#breadcrumb\",\"itemListElement\":[{\"@type\":\"ListItem\",\"position\":1,\"name\":\"Home\",\"item\":\"https:\\\/\\\/hospitalcmq.com\\\/fr\\\/\"},{\"@type\":\"ListItem\",\"position\":2,\"name\":\"Maladies et conditions\",\"item\":\"https:\\\/\\\/hospitalcmq.com\\\/fr\\\/maladies-et-conditions\\\/\"},{\"@type\":\"ListItem\",\"position\":3,\"name\":\"Asthme : pr\u00e9vention, sympt\u00f4mes et traitement\"}]},{\"@type\":\"WebSite\",\"@id\":\"https:\\\/\\\/hospitalcmq.com\\\/fr\\\/#website\",\"url\":\"https:\\\/\\\/hospitalcmq.com\\\/fr\\\/\",\"name\":\"Hospital CMQ\",\"description\":\"Best Hospitals in Puerto Vallarta &amp; Riviera Nayarit\",\"publisher\":{\"@id\":\"https:\\\/\\\/hospitalcmq.com\\\/fr\\\/#organization\"},\"potentialAction\":[{\"@type\":\"SearchAction\",\"target\":{\"@type\":\"EntryPoint\",\"urlTemplate\":\"https:\\\/\\\/hospitalcmq.com\\\/fr\\\/?s={search_term_string}\"},\"query-input\":{\"@type\":\"PropertyValueSpecification\",\"valueRequired\":true,\"valueName\":\"search_term_string\"}}],\"inLanguage\":\"fr-FR\"},{\"@type\":\"Organization\",\"@id\":\"https:\\\/\\\/hospitalcmq.com\\\/fr\\\/#organization\",\"name\":\"Hospital CMQ\",\"url\":\"https:\\\/\\\/hospitalcmq.com\\\/fr\\\/\",\"logo\":{\"@type\":\"ImageObject\",\"inLanguage\":\"fr-FR\",\"@id\":\"https:\\\/\\\/hospitalcmq.com\\\/fr\\\/#\\\/schema\\\/logo\\\/image\\\/\",\"url\":\"https:\\\/\\\/hospitalcmq.com\\\/wp-content\\\/uploads\\\/2018\\\/06\\\/cmq-hospital-logo.png\",\"contentUrl\":\"https:\\\/\\\/hospitalcmq.com\\\/wp-content\\\/uploads\\\/2018\\\/06\\\/cmq-hospital-logo.png\",\"width\":214,\"height\":189,\"caption\":\"Hospital CMQ\"},\"image\":{\"@id\":\"https:\\\/\\\/hospitalcmq.com\\\/fr\\\/#\\\/schema\\\/logo\\\/image\\\/\"},\"sameAs\":[\"https:\\\/\\\/www.facebook.com\\\/HospitalCMQ\"]}]}<\/script>\n<!-- \/ Yoast SEO plugin. -->","yoast_head_json":{"title":"Tout sur l'asthme : pr\u00e9vention, causes, sympt\u00f4mes et traitement","description":"Maladie chronique qui provoque un exc\u00e8s de mucus et un gonflement des voies respiratoires. Pour en savoir plus sur l'asthme, ses sympt\u00f4mes et son traitement, cliquez ici.","robots":{"index":"index","follow":"follow","max-snippet":"max-snippet:-1","max-image-preview":"max-image-preview:large","max-video-preview":"max-video-preview:-1"},"canonical":"https:\/\/hospitalcmq.com\/fr\/maladies-et-conditions\/asthme\/","og_locale":"fr_FR","og_type":"article","og_title":"Tout sur l'asthme : pr\u00e9vention, causes, sympt\u00f4mes et traitement","og_description":"Maladie chronique qui provoque un exc\u00e8s de mucus et un gonflement des voies respiratoires. Pour en savoir plus sur l'asthme, ses sympt\u00f4mes et son traitement, cliquez ici.","og_url":"https:\/\/hospitalcmq.com\/fr\/maladies-et-conditions\/asthme\/","og_site_name":"Hospital CMQ","article_publisher":"https:\/\/www.facebook.com\/HospitalCMQ","article_modified_time":"2024-08-26T18:00:01+00:00","og_image":[{"width":650,"height":350,"url":"https:\/\/hospitalcmq.com\/wp-content\/uploads\/2017\/08\/asma.jpg","type":"image\/jpeg"}],"twitter_card":"summary_large_image","twitter_misc":{"Dur\u00e9e de lecture estim\u00e9e":"3 minutes"},"schema":{"@context":"https:\/\/schema.org","@graph":[{"@type":"WebPage","@id":"https:\/\/hospitalcmq.com\/fr\/maladies-et-conditions\/asthme\/","url":"https:\/\/hospitalcmq.com\/fr\/maladies-et-conditions\/asthme\/","name":"Tout sur l'asthme : pr\u00e9vention, causes, sympt\u00f4mes et traitement","isPartOf":{"@id":"https:\/\/hospitalcmq.com\/fr\/#website"},"primaryImageOfPage":{"@id":"https:\/\/hospitalcmq.com\/fr\/maladies-et-conditions\/asthme\/#primaryimage"},"image":{"@id":"https:\/\/hospitalcmq.com\/fr\/maladies-et-conditions\/asthme\/#primaryimage"},"thumbnailUrl":"https:\/\/hospitalcmq.com\/wp-content\/uploads\/2017\/08\/asma.jpg","datePublished":"2023-10-12T17:07:24+00:00","dateModified":"2024-08-26T18:00:01+00:00","description":"Maladie chronique qui provoque un exc\u00e8s de mucus et un gonflement des voies respiratoires. Pour en savoir plus sur l'asthme, ses sympt\u00f4mes et son traitement, cliquez ici.","breadcrumb":{"@id":"https:\/\/hospitalcmq.com\/fr\/maladies-et-conditions\/asthme\/#breadcrumb"},"inLanguage":"fr-FR","potentialAction":[{"@type":"ReadAction","target":["https:\/\/hospitalcmq.com\/fr\/maladies-et-conditions\/asthme\/"]}]},{"@type":"ImageObject","inLanguage":"fr-FR","@id":"https:\/\/hospitalcmq.com\/fr\/maladies-et-conditions\/asthme\/#primaryimage","url":"https:\/\/hospitalcmq.com\/wp-content\/uploads\/2017\/08\/asma.jpg","contentUrl":"https:\/\/hospitalcmq.com\/wp-content\/uploads\/2017\/08\/asma.jpg","width":650,"height":350,"caption":"Asthma in Puerto Vallarta: Prevention, Symptoms and Treatment"},{"@type":"BreadcrumbList","@id":"https:\/\/hospitalcmq.com\/fr\/maladies-et-conditions\/asthme\/#breadcrumb","itemListElement":[{"@type":"ListItem","position":1,"name":"Home","item":"https:\/\/hospitalcmq.com\/fr\/"},{"@type":"ListItem","position":2,"name":"Maladies et conditions","item":"https:\/\/hospitalcmq.com\/fr\/maladies-et-conditions\/"},{"@type":"ListItem","position":3,"name":"Asthme : pr\u00e9vention, sympt\u00f4mes et traitement"}]},{"@type":"WebSite","@id":"https:\/\/hospitalcmq.com\/fr\/#website","url":"https:\/\/hospitalcmq.com\/fr\/","name":"Hospital CMQ","description":"Best Hospitals in Puerto Vallarta &amp; Riviera Nayarit","publisher":{"@id":"https:\/\/hospitalcmq.com\/fr\/#organization"},"potentialAction":[{"@type":"SearchAction","target":{"@type":"EntryPoint","urlTemplate":"https:\/\/hospitalcmq.com\/fr\/?s={search_term_string}"},"query-input":{"@type":"PropertyValueSpecification","valueRequired":true,"valueName":"search_term_string"}}],"inLanguage":"fr-FR"},{"@type":"Organization","@id":"https:\/\/hospitalcmq.com\/fr\/#organization","name":"Hospital CMQ","url":"https:\/\/hospitalcmq.com\/fr\/","logo":{"@type":"ImageObject","inLanguage":"fr-FR","@id":"https:\/\/hospitalcmq.com\/fr\/#\/schema\/logo\/image\/","url":"https:\/\/hospitalcmq.com\/wp-content\/uploads\/2018\/06\/cmq-hospital-logo.png","contentUrl":"https:\/\/hospitalcmq.com\/wp-content\/uploads\/2018\/06\/cmq-hospital-logo.png","width":214,"height":189,"caption":"Hospital CMQ"},"image":{"@id":"https:\/\/hospitalcmq.com\/fr\/#\/schema\/logo\/image\/"},"sameAs":["https:\/\/www.facebook.com\/HospitalCMQ"]}]}},"_links":{"self":[{"href":"https:\/\/hospitalcmq.com\/fr\/wp-json\/wp\/v2\/pages\/13762","targetHints":{"allow":["GET"]}}],"collection":[{"href":"https:\/\/hospitalcmq.com\/fr\/wp-json\/wp\/v2\/pages"}],"about":[{"href":"https:\/\/hospitalcmq.com\/fr\/wp-json\/wp\/v2\/types\/page"}],"author":[{"embeddable":true,"href":"https:\/\/hospitalcmq.com\/fr\/wp-json\/wp\/v2\/users\/2"}],"replies":[{"embeddable":true,"href":"https:\/\/hospitalcmq.com\/fr\/wp-json\/wp\/v2\/comments?post=13762"}],"version-history":[{"count":0,"href":"https:\/\/hospitalcmq.com\/fr\/wp-json\/wp\/v2\/pages\/13762\/revisions"}],"up":[{"embeddable":true,"href":"https:\/\/hospitalcmq.com\/fr\/wp-json\/wp\/v2\/pages\/13768"}],"wp:featuredmedia":[{"embeddable":true,"href":"https:\/\/hospitalcmq.com\/fr\/wp-json\/wp\/v2\/media\/3939"}],"wp:attachment":[{"href":"https:\/\/hospitalcmq.com\/fr\/wp-json\/wp\/v2\/media?parent=13762"}],"curies":[{"name":"wp","href":"https:\/\/api.w.org\/{rel}","templated":true}]}}