{"id":13642,"date":"2023-09-04T11:45:23","date_gmt":"2023-09-04T17:45:23","guid":{"rendered":"https:\/\/hospitalcmq.com\/?page_id=13642"},"modified":"2024-07-01T10:37:44","modified_gmt":"2024-07-01T16:37:44","slug":"foot-clinic-par-paty-villanueva","status":"publish","type":"page","link":"https:\/\/hospitalcmq.com\/fr\/services-medicaux\/foot-clinic-par-paty-villanueva\/","title":{"rendered":"Foot Clinic par Paty Villanueva"},"content":{"rendered":"<div class=\"wpb-content-wrapper\"><p>[vc_row][vc_column][vc_column_text el_id=\u00a0\u00bbfoot-care\u00a0\u00bb]<img loading=\"lazy\" decoding=\"async\" class=\"alignright wp-image-3337 size-full\" title=\"Medical Transportation services at Hospital CMQ in Puerto Vallarta\" src=\"https:\/\/hospitalcmq.com\/wp-content\/uploads\/2018\/09\/foot_top.png\" alt=\"Foot Clinic\" width=\"470\" height=\"260\" \/><\/p>\n<p>Pour le soin des pieds il faut plus d&rsquo;attention que le simple fait de garder les ongles courts ou peints, il faut une attention particuli\u00e8re \u00e0 chaque partie du pied.<\/p>\n<p>Chaque jour, une personne fait entre six et dix mille pas. Les pieds sont notre soutien et pour qu&rsquo;ils fonctionnent parfaitement, ils ont besoin de bonnes fondations et d&rsquo;attention.<\/p>\n<p>En fonction de l&rsquo;activit\u00e9 pratiqu\u00e9e, de l&rsquo;\u00e2ge et d&rsquo;autres facteurs, les soins des pieds doivent \u00eatre personnalis\u00e9s. Heureusement, il existe des professionnels experts dans la pr\u00e9vention et le traitement des pieds : les podologues.[\/vc_column_text][vc_empty_space][vc_column_text el_id=\u00a0\u00bbturn-the-care-of-your-feet-over-to-a-professional\u00a0\u00bb]<\/p>\n<h3>Le soin de vos pieds par des professionnels<\/h3>\n<p>Au sein de <a href=\"https:\/\/hospitalcmq.com\/fr\/hopital\/cmq-centre\/\">l&rsquo;h\u00f4pital CMQ Centre<\/a> et de la <a href=\"https:\/\/hospitalcmq.com\/fr\/hopital\/tour-medicale\/\">Tour M\u00e9dicale<\/a> rattach\u00e9e \u00e0 <a href=\"https:\/\/hospitalcmq.com\/fr\/hopital\/cmq-riviera-nayarit\/\">l&rsquo;h\u00f4pital CMQ Riviera Nayarit<\/a>, vous trouverez la clinique du pied, l&rsquo;endroit id\u00e9al pour garder vos pieds en pleine forme. Elle dispose d&rsquo;une \u00e9quipe de sp\u00e9cialistes dirig\u00e9e par la podologue Paty Villanueva, expert en soins des pieds depuis plus de 10 ans \u00e0 Puerto Vallarta et Bucer\u00edas.<\/p>\n<p>\u00c0 la Foot Clinic, le patient b\u00e9n\u00e9ficie d&rsquo;un s\u00e9rieux et d&rsquo;un professionnalisme absolus de la part du personnel. Les services de podologie sont effectu\u00e9s avec du mat\u00e9riel et des instruments parfaitement st\u00e9rilis\u00e9s, avec des dossiers individuels qui sont jet\u00e9s avec chaque patient. Ils analysent \u00e9galement les diff\u00e9rents probl\u00e8mes de pieds, tels que :[\/vc_column_text][vc_row_inner][vc_column_inner width=\u00a0\u00bb1\/2&Prime; css=\u00a0\u00bb.vc_custom_1538147310145{padding-top: 10px !important;padding-bottom: 32px !important;}\u00a0\u00bb][vc_column_text css=\u00a0\u00bb.vc_custom_1693671931200{padding-top: 0px !important;}\u00a0\u00bb]<\/p>\n<ul>\n<li>Les verrues plantaires<\/li>\n<li>Les mycoses de l&rsquo;ongle et de la peau<\/li>\n<li>Ongles incarn\u00e9s<\/li>\n<\/ul>\n<p>[\/vc_column_text][\/vc_column_inner][vc_column_inner width=\u00a0\u00bb1\/2&Prime; css=\u00a0\u00bb.vc_custom_1538147320745{padding-top: 10px !important;padding-bottom: 32px !important;}\u00a0\u00bb][vc_column_text css=\u00a0\u00bb.vc_custom_1693671941472{padding-top: 0px !important;}\u00a0\u00bb]<\/p>\n<ul>\n<li>Les callosit\u00e9s<\/li>\n<li>Douleurs du pied<\/li>\n<li>Fabrication et indication de semelles sur mesure<\/li>\n<\/ul>\n<p>[\/vc_column_text][\/vc_column_inner][\/vc_row_inner][vc_column_text]Des solutions imm\u00e9diates sont propos\u00e9es ou une orientation vers d&rsquo;autres sp\u00e9cialistes au sein de leur vaste r\u00e9pertoire m\u00e9dical.[\/vc_column_text][vc_empty_space][vc_single_image image=\u00a0\u00bb3841&Prime; alignment=\u00a0\u00bbcenter\u00a0\u00bb][vc_empty_space][vc_column_text el_id=\u00a0\u00bbspecial-services-at-foot-clinic-by-paty-villanueva\u00a0\u00bb]<\/p>\n<h3>Services sp\u00e9ciaux de la Foot Clinic :<\/h3>\n<p>[\/vc_column_text][vc_row_inner][vc_column_inner el_class=\u00a0\u00bbblock__allShadow&#8211;image\u00a0\u00bb width=\u00a0\u00bb1\/2&Prime; css=\u00a0\u00bb.vc_custom_1538147073776{padding-top: 10px !important;padding-bottom: 32px !important;}\u00a0\u00bb][vc_empty_space][vc_column_text css=\u00a0\u00bb.vc_custom_1693671984784{padding-top: 0px !important;}\u00a0\u00bb]<strong>Patients diab\u00e9tiques<\/strong><\/p>\n<p>La Foot Clinic dispense des soins primaires aux patients diab\u00e9tiques : \u00e9valuation de leur \u00e9tat, prise du pouls, puis p\u00e9dicure clinique, qui consiste en une \u00e9valuation de la r\u00e9gion du talon \u00e0 celle des orteils afin d&rsquo;\u00e9valuer tout probl\u00e8me ou maladie pouvant \u00eatre pr\u00e9sent dans les deux pieds.<\/p>\n<p>Le personnel qui s&rsquo;occupe de ce type de patients est compos\u00e9 de sp\u00e9cialistes parfaitement form\u00e9s pour offrir un service d\u00e9licat et personnalis\u00e9 \u00e0 chaque patient diab\u00e9tique, mais dans le cas o\u00f9 le patient pr\u00e9sente des probl\u00e8mes de circulation, il est redirig\u00e9 vers un chirurgien vasculaire.[\/vc_column_text][vc_empty_space][\/vc_column_inner][vc_column_inner el_class=\u00a0\u00bbblock__allShadow&#8211;image\u00a0\u00bb width=\u00a0\u00bb1\/2&Prime; css=\u00a0\u00bb.vc_custom_1538147077165{padding-top: 10px !important;padding-bottom: 32px !important;}\u00a0\u00bb][vc_empty_space][vc_column_text css=\u00a0\u00bb.vc_custom_1693672000343{padding-top: 0px !important;}\u00a0\u00bb]<strong>Patients \u00e2g\u00e9s<\/strong><\/p>\n<p>Les interventions podologiques chez les personnes \u00e2g\u00e9es sont g\u00e9n\u00e9ralement ax\u00e9es sur la r\u00e9ponse \u00e0 certains types de probl\u00e8mes ou d&rsquo;affections. \u00c0 ce stade, il est primordial de prendre soin des pieds des personnes \u00e2g\u00e9es.<\/p>\n<p>Chez Foot Clinic, ils re\u00e7oivent une p\u00e9dicure sp\u00e9ciale, avec des m\u00e9thodes plus d\u00e9licates que la normale, afin de ne pas endommager la peau ou les ongles. Le processus d&rsquo;hygi\u00e8ne correct implique n\u00e9cessairement le lavage, le s\u00e9chage et l&rsquo;hydratation des pieds, ainsi que le port de chaussettes et de chaussures sp\u00e9ciales.[\/vc_column_text][vc_empty_space][\/vc_column_inner][\/vc_row_inner][vc_row_inner][vc_column_inner el_class=\u00a0\u00bbblock__allShadow&#8211;image\u00a0\u00bb width=\u00a0\u00bb1\/2&Prime; css=\u00a0\u00bb.vc_custom_1538147080384{padding-top: 10px !important;padding-bottom: 32px !important;}\u00a0\u00bb][vc_empty_space][vc_column_text css=\u00a0\u00bb.vc_custom_1693672011664{padding-top: 0px !important;}\u00a0\u00bb]<strong>Onychomycose<\/strong><\/p>\n<p>Dans certaines situations, le patient confond une l\u00e9sion de l&rsquo;ongle avec une mycose ; \u00e0 son arriv\u00e9e \u00e0 Foot Clinic, le patient est soumis \u00e0 certaines \u00e9valuations qui aideront le personnel et l&rsquo;int\u00e9ress\u00e9 \u00e0 d\u00e9terminer s&rsquo;il souffre ou non d&rsquo;une onychomycose. Gr\u00e2ce \u00e0 son emplacement au sein de l&rsquo;h\u00f4pital CMQ Centro, Foot Clinic b\u00e9n\u00e9ficie du soutien d&rsquo;un laboratoire d&rsquo;analyse, o\u00f9 un \u00e9chantillon de la culture de l&rsquo;ongle est envoy\u00e9 afin de d\u00e9terminer si le r\u00e9sultat est positif et de pouvoir ainsi administrer le traitement indiqu\u00e9.[\/vc_column_text][vc_empty_space][\/vc_column_inner][\/vc_row_inner][vc_empty_space][vc_row_inner][vc_column_inner][vc_column_text el_id=\u00a0\u00bbmake-your-appointment\u00a0\u00bb]<\/p>\n<h3>Prenez rendez-vous !<\/h3>\n<p>[\/vc_column_text][\/vc_column_inner][\/vc_row_inner][vc_row_inner css=\u00a0\u00bb.vc_custom_1528302577113{background-color: #f9f9f9 !important;}\u00a0\u00bb][vc_column_inner width=\u00a0\u00bb1\/2&Prime; css=\u00a0\u00bb.vc_custom_1528302762314{padding-top: 10px !important;padding-bottom: 32px !important;}\u00a0\u00bb][vc_single_image image=\u00a0\u00bb3829&Prime;][vc_empty_space][vc_column_text css=\u00a0\u00bb.vc_custom_1693672060935{padding-top: 0px !important;}\u00a0\u00bb]<a href=\"https:\/\/hospitalcmq.com\/fr\/hopital\/cmq-centre\/\"><strong>CMQ Centre<br \/>\n<\/strong><\/a><br \/>\n<strong><a href=\"https:\/\/www.google.com\/maps\/search\/Hospital+CMQ+centro\/@20.6471534,-105.2551996,13z\/data=!3m1!4b1\" target=\"_blank\" rel=\"noopener noreferrer\">Adresse:<\/a><\/strong><br \/>\nBasilio Badillo 365<br \/>\nColonia Emiliano Zapata<br \/>\nPuerto Vallarta, Jalisco, Mexico[\/vc_column_text][\/vc_column_inner][vc_column_inner width=\u00a0\u00bb1\/2&Prime; css=\u00a0\u00bb.vc_custom_1528302769852{padding-top: 10px !important;padding-bottom: 32px !important;}\u00a0\u00bb][vc_single_image image=\u00a0\u00bb3832&Prime;][vc_empty_space][vc_column_text css=\u00a0\u00bb.vc_custom_1693672182689{padding-top: 0px !important;}\u00a0\u00bb]<a href=\"https:\/\/hospitalcmq.com\/fr\/hopital\/tour-medicale\/\"><strong>Tour M\u00e9dicale Riviera Nayarit<\/strong><\/a><\/p>\n<p><strong><a href=\"https:\/\/www.google.com\/maps\/place\/Hospital+CMQ+Riviera+Nayarit\/@20.7531809,-105.3333918,17z\/data=!3m1!4b1!4m5!3m4!1s0x842140c0b3efca6f:0x7fda592f619fd7ad!8m2!3d20.7531759!4d-105.3312031\" target=\"_blank\" rel=\"noopener noreferrer\">Adresse:<\/a><\/strong><br \/>\nAvenida Heroe de Nacozari 280<br \/>\nBucerias, Bahia de Banderas,<br \/>\nNayarit, Mexico[\/vc_column_text][\/vc_column_inner][\/vc_row_inner][vc_row_inner css=\u00a0\u00bb.vc_custom_1528302577113{background-color: #f9f9f9 !important;}\u00a0\u00bb][vc_column_inner width=\u00a0\u00bb1\/2&Prime; css=\u00a0\u00bb.vc_custom_1528302762314{padding-top: 10px !important;padding-bottom: 32px !important;}\u00a0\u00bb][vc_btn title=\u00a0\u00bbTel: 011 52 (322) 2231919&Prime; style=\u00a0\u00bbflat\u00a0\u00bb shape=\u00a0\u00bbsquare\u00a0\u00bb link=\u00a0\u00bburl:Tel%3A%20011%2052%20(322)%202231919|||\u00a0\u00bb el_class=\u00a0\u00bbbutton-cmq fa-phone\u00a0\u00bb][\/vc_column_inner][vc_column_inner width=\u00a0\u00bb1\/2&Prime; css=\u00a0\u00bb.vc_custom_1528302769852{padding-top: 10px !important;padding-bottom: 32px !important;}\u00a0\u00bb][vc_btn title=\u00a0\u00bbTel: 01 329 298 0717&Prime; style=\u00a0\u00bbflat\u00a0\u00bb shape=\u00a0\u00bbsquare\u00a0\u00bb link=\u00a0\u00bburl:tel%3A013292980717|||\u00a0\u00bb el_class=\u00a0\u00bbbutton-cmq fa-phone\u00a0\u00bb][\/vc_column_inner][\/vc_row_inner][\/vc_column][\/vc_row]<\/p>\n<\/div>","protected":false},"excerpt":{"rendered":"<p>Les soins des pieds dont vous avez toujours r\u00eav\u00e9. Foot Clinic by Paty Villanueva est l\u2019endroit id\u00e9al pour garder vos pieds dans la meilleure forme possible. Que vous soyez diab\u00e9tique ou \u00e2g\u00e9, nous avons des podologues hautement qualifi\u00e9s pour effectuer les proc\u00e9dures que les podologues conventionnels ne peuvent pas faire. Aux h\u00f4pitaux CMQ, vous trouverez les meilleurs soins pour vos pieds \u00e0 Puerto Vallarta et \u00e0 Bucerias.<\/p>\n","protected":false},"author":2,"featured_media":0,"parent":13570,"menu_order":0,"comment_status":"closed","ping_status":"closed","template":"","meta":{"footnotes":""},"class_list":["post-13642","page","type-page","status-publish","hentry"],"acf":[],"yoast_head":"<!-- This site is optimized with the Yoast SEO plugin v27.4 - https:\/\/yoast.com\/product\/yoast-seo-wordpress\/ -->\n<title>Foot clinic par Paty Villanueva ! R\u00e9servez votre place aujourd&#039;hui !<\/title>\n<meta name=\"description\" content=\"Foot Clinic par Paty Villanueva, le bon endroit pour garder vos pieds dans la meilleure forme possible. Des podiatres hautement qualifi\u00e9s au sein des H\u00f4pitaux CMQ.\" \/>\n<meta name=\"robots\" content=\"index, follow, max-snippet:-1, max-image-preview:large, max-video-preview:-1\" \/>\n<link rel=\"canonical\" href=\"https:\/\/hospitalcmq.com\/fr\/services-medicaux\/foot-clinic-par-paty-villanueva\/\" \/>\n<meta property=\"og:locale\" content=\"fr_FR\" \/>\n<meta property=\"og:type\" content=\"article\" \/>\n<meta property=\"og:title\" content=\"Foot clinic par Paty Villanueva ! R\u00e9servez votre place aujourd&#039;hui !\" \/>\n<meta property=\"og:description\" content=\"Foot Clinic par Paty Villanueva, le bon endroit pour garder vos pieds dans la meilleure forme possible. Des podiatres hautement qualifi\u00e9s au sein des H\u00f4pitaux CMQ.\" \/>\n<meta property=\"og:url\" content=\"https:\/\/hospitalcmq.com\/fr\/services-medicaux\/foot-clinic-par-paty-villanueva\/\" \/>\n<meta property=\"og:site_name\" content=\"Hospital CMQ\" \/>\n<meta property=\"article:publisher\" content=\"https:\/\/www.facebook.com\/HospitalCMQ\" \/>\n<meta property=\"article:modified_time\" content=\"2024-07-01T16:37:44+00:00\" \/>\n<meta property=\"og:image\" content=\"https:\/\/hospitalcmq.com\/wp-content\/uploads\/2018\/09\/foot_top.png\" \/>\n<meta name=\"twitter:card\" content=\"summary_large_image\" \/>\n<meta name=\"twitter:label1\" content=\"Dur\u00e9e de lecture estim\u00e9e\" \/>\n\t<meta name=\"twitter:data1\" content=\"5 minutes\" \/>\n<script type=\"application\/ld+json\" class=\"yoast-schema-graph\">{\"@context\":\"https:\\\/\\\/schema.org\",\"@graph\":[{\"@type\":\"WebPage\",\"@id\":\"https:\\\/\\\/hospitalcmq.com\\\/fr\\\/services-medicaux\\\/foot-clinic-par-paty-villanueva\\\/\",\"url\":\"https:\\\/\\\/hospitalcmq.com\\\/fr\\\/services-medicaux\\\/foot-clinic-par-paty-villanueva\\\/\",\"name\":\"Foot clinic par Paty Villanueva ! R\u00e9servez votre place aujourd'hui !\",\"isPartOf\":{\"@id\":\"https:\\\/\\\/hospitalcmq.com\\\/fr\\\/#website\"},\"primaryImageOfPage\":{\"@id\":\"https:\\\/\\\/hospitalcmq.com\\\/fr\\\/services-medicaux\\\/foot-clinic-par-paty-villanueva\\\/#primaryimage\"},\"image\":{\"@id\":\"https:\\\/\\\/hospitalcmq.com\\\/fr\\\/services-medicaux\\\/foot-clinic-par-paty-villanueva\\\/#primaryimage\"},\"thumbnailUrl\":\"https:\\\/\\\/hospitalcmq.com\\\/wp-content\\\/uploads\\\/2018\\\/09\\\/foot_top.png\",\"datePublished\":\"2023-09-04T17:45:23+00:00\",\"dateModified\":\"2024-07-01T16:37:44+00:00\",\"description\":\"Foot Clinic par Paty Villanueva, le bon endroit pour garder vos pieds dans la meilleure forme possible. Des podiatres hautement qualifi\u00e9s au sein des H\u00f4pitaux CMQ.\",\"breadcrumb\":{\"@id\":\"https:\\\/\\\/hospitalcmq.com\\\/fr\\\/services-medicaux\\\/foot-clinic-par-paty-villanueva\\\/#breadcrumb\"},\"inLanguage\":\"fr-FR\",\"potentialAction\":[{\"@type\":\"ReadAction\",\"target\":[\"https:\\\/\\\/hospitalcmq.com\\\/fr\\\/services-medicaux\\\/foot-clinic-par-paty-villanueva\\\/\"]}]},{\"@type\":\"ImageObject\",\"inLanguage\":\"fr-FR\",\"@id\":\"https:\\\/\\\/hospitalcmq.com\\\/fr\\\/services-medicaux\\\/foot-clinic-par-paty-villanueva\\\/#primaryimage\",\"url\":\"https:\\\/\\\/hospitalcmq.com\\\/wp-content\\\/uploads\\\/2018\\\/09\\\/foot_top.png\",\"contentUrl\":\"https:\\\/\\\/hospitalcmq.com\\\/wp-content\\\/uploads\\\/2018\\\/09\\\/foot_top.png\"},{\"@type\":\"BreadcrumbList\",\"@id\":\"https:\\\/\\\/hospitalcmq.com\\\/fr\\\/services-medicaux\\\/foot-clinic-par-paty-villanueva\\\/#breadcrumb\",\"itemListElement\":[{\"@type\":\"ListItem\",\"position\":1,\"name\":\"Home\",\"item\":\"https:\\\/\\\/hospitalcmq.com\\\/fr\\\/\"},{\"@type\":\"ListItem\",\"position\":2,\"name\":\"Services medicaux\",\"item\":\"https:\\\/\\\/hospitalcmq.com\\\/fr\\\/services-medicaux\\\/\"},{\"@type\":\"ListItem\",\"position\":3,\"name\":\"Foot Clinic par Paty Villanueva\"}]},{\"@type\":\"WebSite\",\"@id\":\"https:\\\/\\\/hospitalcmq.com\\\/fr\\\/#website\",\"url\":\"https:\\\/\\\/hospitalcmq.com\\\/fr\\\/\",\"name\":\"Hospital CMQ\",\"description\":\"Best Hospitals in Puerto Vallarta &amp; Riviera Nayarit\",\"publisher\":{\"@id\":\"https:\\\/\\\/hospitalcmq.com\\\/fr\\\/#organization\"},\"potentialAction\":[{\"@type\":\"SearchAction\",\"target\":{\"@type\":\"EntryPoint\",\"urlTemplate\":\"https:\\\/\\\/hospitalcmq.com\\\/fr\\\/?s={search_term_string}\"},\"query-input\":{\"@type\":\"PropertyValueSpecification\",\"valueRequired\":true,\"valueName\":\"search_term_string\"}}],\"inLanguage\":\"fr-FR\"},{\"@type\":\"Organization\",\"@id\":\"https:\\\/\\\/hospitalcmq.com\\\/fr\\\/#organization\",\"name\":\"Hospital CMQ\",\"url\":\"https:\\\/\\\/hospitalcmq.com\\\/fr\\\/\",\"logo\":{\"@type\":\"ImageObject\",\"inLanguage\":\"fr-FR\",\"@id\":\"https:\\\/\\\/hospitalcmq.com\\\/fr\\\/#\\\/schema\\\/logo\\\/image\\\/\",\"url\":\"https:\\\/\\\/hospitalcmq.com\\\/wp-content\\\/uploads\\\/2018\\\/06\\\/cmq-hospital-logo.png\",\"contentUrl\":\"https:\\\/\\\/hospitalcmq.com\\\/wp-content\\\/uploads\\\/2018\\\/06\\\/cmq-hospital-logo.png\",\"width\":214,\"height\":189,\"caption\":\"Hospital CMQ\"},\"image\":{\"@id\":\"https:\\\/\\\/hospitalcmq.com\\\/fr\\\/#\\\/schema\\\/logo\\\/image\\\/\"},\"sameAs\":[\"https:\\\/\\\/www.facebook.com\\\/HospitalCMQ\"]}]}<\/script>\n<!-- \/ Yoast SEO plugin. -->","yoast_head_json":{"title":"Foot clinic par Paty Villanueva ! R\u00e9servez votre place aujourd'hui !","description":"Foot Clinic par Paty Villanueva, le bon endroit pour garder vos pieds dans la meilleure forme possible. Des podiatres hautement qualifi\u00e9s au sein des H\u00f4pitaux CMQ.","robots":{"index":"index","follow":"follow","max-snippet":"max-snippet:-1","max-image-preview":"max-image-preview:large","max-video-preview":"max-video-preview:-1"},"canonical":"https:\/\/hospitalcmq.com\/fr\/services-medicaux\/foot-clinic-par-paty-villanueva\/","og_locale":"fr_FR","og_type":"article","og_title":"Foot clinic par Paty Villanueva ! R\u00e9servez votre place aujourd'hui !","og_description":"Foot Clinic par Paty Villanueva, le bon endroit pour garder vos pieds dans la meilleure forme possible. Des podiatres hautement qualifi\u00e9s au sein des H\u00f4pitaux CMQ.","og_url":"https:\/\/hospitalcmq.com\/fr\/services-medicaux\/foot-clinic-par-paty-villanueva\/","og_site_name":"Hospital CMQ","article_publisher":"https:\/\/www.facebook.com\/HospitalCMQ","article_modified_time":"2024-07-01T16:37:44+00:00","og_image":[{"url":"https:\/\/hospitalcmq.com\/wp-content\/uploads\/2018\/09\/foot_top.png","type":"","width":"","height":""}],"twitter_card":"summary_large_image","twitter_misc":{"Dur\u00e9e de lecture estim\u00e9e":"5 minutes"},"schema":{"@context":"https:\/\/schema.org","@graph":[{"@type":"WebPage","@id":"https:\/\/hospitalcmq.com\/fr\/services-medicaux\/foot-clinic-par-paty-villanueva\/","url":"https:\/\/hospitalcmq.com\/fr\/services-medicaux\/foot-clinic-par-paty-villanueva\/","name":"Foot clinic par Paty Villanueva ! R\u00e9servez votre place aujourd'hui !","isPartOf":{"@id":"https:\/\/hospitalcmq.com\/fr\/#website"},"primaryImageOfPage":{"@id":"https:\/\/hospitalcmq.com\/fr\/services-medicaux\/foot-clinic-par-paty-villanueva\/#primaryimage"},"image":{"@id":"https:\/\/hospitalcmq.com\/fr\/services-medicaux\/foot-clinic-par-paty-villanueva\/#primaryimage"},"thumbnailUrl":"https:\/\/hospitalcmq.com\/wp-content\/uploads\/2018\/09\/foot_top.png","datePublished":"2023-09-04T17:45:23+00:00","dateModified":"2024-07-01T16:37:44+00:00","description":"Foot Clinic par Paty Villanueva, le bon endroit pour garder vos pieds dans la meilleure forme possible. Des podiatres hautement qualifi\u00e9s au sein des H\u00f4pitaux CMQ.","breadcrumb":{"@id":"https:\/\/hospitalcmq.com\/fr\/services-medicaux\/foot-clinic-par-paty-villanueva\/#breadcrumb"},"inLanguage":"fr-FR","potentialAction":[{"@type":"ReadAction","target":["https:\/\/hospitalcmq.com\/fr\/services-medicaux\/foot-clinic-par-paty-villanueva\/"]}]},{"@type":"ImageObject","inLanguage":"fr-FR","@id":"https:\/\/hospitalcmq.com\/fr\/services-medicaux\/foot-clinic-par-paty-villanueva\/#primaryimage","url":"https:\/\/hospitalcmq.com\/wp-content\/uploads\/2018\/09\/foot_top.png","contentUrl":"https:\/\/hospitalcmq.com\/wp-content\/uploads\/2018\/09\/foot_top.png"},{"@type":"BreadcrumbList","@id":"https:\/\/hospitalcmq.com\/fr\/services-medicaux\/foot-clinic-par-paty-villanueva\/#breadcrumb","itemListElement":[{"@type":"ListItem","position":1,"name":"Home","item":"https:\/\/hospitalcmq.com\/fr\/"},{"@type":"ListItem","position":2,"name":"Services medicaux","item":"https:\/\/hospitalcmq.com\/fr\/services-medicaux\/"},{"@type":"ListItem","position":3,"name":"Foot Clinic par Paty Villanueva"}]},{"@type":"WebSite","@id":"https:\/\/hospitalcmq.com\/fr\/#website","url":"https:\/\/hospitalcmq.com\/fr\/","name":"Hospital CMQ","description":"Best Hospitals in Puerto Vallarta &amp; Riviera Nayarit","publisher":{"@id":"https:\/\/hospitalcmq.com\/fr\/#organization"},"potentialAction":[{"@type":"SearchAction","target":{"@type":"EntryPoint","urlTemplate":"https:\/\/hospitalcmq.com\/fr\/?s={search_term_string}"},"query-input":{"@type":"PropertyValueSpecification","valueRequired":true,"valueName":"search_term_string"}}],"inLanguage":"fr-FR"},{"@type":"Organization","@id":"https:\/\/hospitalcmq.com\/fr\/#organization","name":"Hospital CMQ","url":"https:\/\/hospitalcmq.com\/fr\/","logo":{"@type":"ImageObject","inLanguage":"fr-FR","@id":"https:\/\/hospitalcmq.com\/fr\/#\/schema\/logo\/image\/","url":"https:\/\/hospitalcmq.com\/wp-content\/uploads\/2018\/06\/cmq-hospital-logo.png","contentUrl":"https:\/\/hospitalcmq.com\/wp-content\/uploads\/2018\/06\/cmq-hospital-logo.png","width":214,"height":189,"caption":"Hospital CMQ"},"image":{"@id":"https:\/\/hospitalcmq.com\/fr\/#\/schema\/logo\/image\/"},"sameAs":["https:\/\/www.facebook.com\/HospitalCMQ"]}]}},"_links":{"self":[{"href":"https:\/\/hospitalcmq.com\/fr\/wp-json\/wp\/v2\/pages\/13642","targetHints":{"allow":["GET"]}}],"collection":[{"href":"https:\/\/hospitalcmq.com\/fr\/wp-json\/wp\/v2\/pages"}],"about":[{"href":"https:\/\/hospitalcmq.com\/fr\/wp-json\/wp\/v2\/types\/page"}],"author":[{"embeddable":true,"href":"https:\/\/hospitalcmq.com\/fr\/wp-json\/wp\/v2\/users\/2"}],"replies":[{"embeddable":true,"href":"https:\/\/hospitalcmq.com\/fr\/wp-json\/wp\/v2\/comments?post=13642"}],"version-history":[{"count":0,"href":"https:\/\/hospitalcmq.com\/fr\/wp-json\/wp\/v2\/pages\/13642\/revisions"}],"up":[{"embeddable":true,"href":"https:\/\/hospitalcmq.com\/fr\/wp-json\/wp\/v2\/pages\/13570"}],"wp:attachment":[{"href":"https:\/\/hospitalcmq.com\/fr\/wp-json\/wp\/v2\/media?parent=13642"}],"curies":[{"name":"wp","href":"https:\/\/api.w.org\/{rel}","templated":true}]}}