{"id":13641,"date":"2023-09-04T11:25:34","date_gmt":"2023-09-04T17:25:34","guid":{"rendered":"https:\/\/hospitalcmq.com\/?page_id=13641"},"modified":"2023-09-04T11:25:34","modified_gmt":"2023-09-04T17:25:34","slug":"pharmacie-interne-hopitaux-cmq","status":"publish","type":"page","link":"https:\/\/hospitalcmq.com\/fr\/services-medicaux\/pharmacie-interne-hopitaux-cmq\/","title":{"rendered":"Service de Pharmacie Interne des H\u00f4pitaux CMQ"},"content":{"rendered":"<div class=\"wpb-content-wrapper\"><p>[vc_row][vc_column][vc_column_text el_id=\u00a0\u00bbhospital-cmqs-pharmacy\u00a0\u00bb]<img loading=\"lazy\" decoding=\"async\" class=\"alignright wp-image-2111 size-full\" title=\"Pharmacy in Puerto Vallarta and Bucrias at Hospital CMQ \" src=\"https:\/\/hospitalcmq.com\/wp-content\/uploads\/2018\/01\/farmacia.png\" alt=\"Pharmacy in Puerto Vallarta at Hospital CMQ\" width=\"470\" height=\"263\" \/><\/p>\n<h2>Pharmacie \u00e0 Puerto Vallarta : Le service de pharmacie interne de nos h\u00f4pitaux CMQ<\/h2>\n<p>Le service de pharmacie de l&rsquo;h\u00f4pital CMQ \u00e0 Puerto Vallarta, r\u00e9pond aux besoins de nos patients hospitalis\u00e9s depuis plus de 30 ans. Nous nous consacrons \u00e0 la distribution et \u00e0 la fourniture de m\u00e9dicaments essentiels pour une vari\u00e9t\u00e9 de conditions.<\/p>\n<p>La pharmacie interne de l&rsquo;h\u00f4pital CMQ est situ\u00e9e dans nos trois complexes CMQ : <a href=\"https:\/\/hospitalcmq.com\/fr\/hopital\/cmq-centre\/\">Centre<\/a>, <a href=\"https:\/\/hospitalcmq.com\/fr\/hopital\/cmq-premiere\/\">Premiere<\/a> et <a href=\"https:\/\/hospitalcmq.com\/fr\/hopital\/cmq-riviera-nayarit\/\">Riviera Nayarit<\/a>.[\/vc_column_text][vc_empty_space][vc_column_text el_id=\u00a0\u00bbpharmacy-departments-main-goals-and-duties\u00a0\u00bb]<\/p>\n<h2>Fonctions de notre pharmacie interne<\/h2>\n<p>Le service de pharmacie interne instaure des fonctions de dispensation et de distribution efficaces qui garantissent la s\u00e9curit\u00e9, la rapidit\u00e9 d&rsquo;action et le contr\u00f4le de nos patients hospitalis\u00e9s.<\/p>\n<h3>Principaux services et fonctions de notre pharmacie interne pour les patients hospitalis\u00e9s :<\/h3>\n<ul>\n<li>R\u00e9ception et achat des m\u00e9dicaments prescrits<\/li>\n<li>Stockage, contr\u00f4le de qualit\u00e9 et contr\u00f4le de p\u00e9remption des m\u00e9dicaments<\/li>\n<li>Validation des m\u00e9dicaments<\/li>\n<li>Surveillance des r\u00e9actions aux m\u00e9dicaments<\/li>\n<li>Disponibilit\u00e9 et large gamme de m\u00e9dicaments 24 heures sur 24<\/li>\n<\/ul>\n<p>[\/vc_column_text][vc_empty_space][vc_column_text]<strong>La pharmacie interne de l&rsquo;h\u00f4pital CMQ<\/strong> est une source fiable d&rsquo;une vaste gamme de m\u00e9dicaments, de fournitures m\u00e9dicales et orthop\u00e9diques pour nos patients hospitalis\u00e9s. Tous les types de m\u00e9dicaments essentiels sont disponibles. Elle est \u00e9galement en liaison directe avec d&rsquo;autres pharmacies au Mexique et avec des laboratoires pharmaceutiques afin de toujours fournir des produits sp\u00e9cialis\u00e9s de la meilleure qualit\u00e9 en moins de 24 heures.[\/vc_column_text][vc_empty_space][vc_column_text css=\u00a0\u00bb.vc_custom_1693674447135{padding-top: 15px !important;padding-right: 15px !important;padding-bottom: 15px !important;padding-left: 15px !important;background-color: #f2f2f2 !important;}\u00a0\u00bb]<\/p>\n<h3 style=\"text-align: center;\">Nous sommes certifi\u00e9s \u00ab\u00a0SINGREM\u00a0\u00bb pour la reconnaissance de notre service et de notre qualit\u00e9 dans le contr\u00f4le de la date de p\u00e9remption des m\u00e9dicaments.<\/h3>\n<p>[\/vc_column_text][vc_empty_space][vc_column_text el_id=\u00a0\u00bbmeet-our-pharmacy-drugstore-and-prescription-drugs-team\u00a0\u00bb]<\/p>\n<h2>Rencontrez notre \u00e9quipe de gestionnaires<\/h2>\n<p>[\/vc_column_text][vc_column_text]Notre \u00e9quipe de gestionnaires de pharmacie poss\u00e8de la certification SICAD (Sistema Integral de Capacitaci\u00f3n en Dispensaci\u00f3n) la plus avanc\u00e9e, d\u00e9livr\u00e9e par la Comisi\u00f3n Federal para la Protecci\u00f3n contra Riesgos Sanitarios aux distributeurs de m\u00e9dicaments et d&rsquo;autres produits de sant\u00e9 qui ont de bonnes pratiques et des connaissances en mati\u00e8re de dispensation correcte.[\/vc_column_text][vc_empty_space][vc_row_inner][vc_column_inner width=\u00a0\u00bb1\/2&Prime;][vc_column_text]<strong>Mar\u00eda del Rosario Hern\u00e1ndez Aguilar<\/strong>, Coordinatrice de la pharmacie<\/p>\n<p>Certifi\u00e9e par la <a href=\"https:\/\/www.gob.mx\/cofepris\/articulos\/sicad-la-forma-de-cumplir-con-un-objetivo\">Commission F\u00e9d\u00e9rale pour la Protection contre les Risques Sanitaires<\/a> : DLIN235951817[\/vc_column_text][\/vc_column_inner][vc_column_inner width=\u00a0\u00bb1\/2&Prime;][vc_column_text]<strong>Emma Palomares<\/strong>, Coordinatrice de pharmacie<\/p>\n<p>Certifi\u00e9e par la <a href=\"https:\/\/www.gob.mx\/cofepris\/articulos\/sicad-la-forma-de-cumplir-con-un-objetivo\">Commission F\u00e9d\u00e9rale pour la Protection contre les Risques Sanitaires<\/a> : DLIN235951817[\/vc_column_text][\/vc_column_inner][\/vc_row_inner][vc_empty_space][vc_empty_space][vc_column_text el_id=\u00a0\u00bbmost-popular-items-in-our-pharmacy\u00a0\u00bb]<\/p>\n<h2>Produits disponibles pour nos patients hospitalis\u00e9s<\/h2>\n<p>[\/vc_column_text][vc_empty_space][vc_row_inner][vc_column_inner width=\u00a0\u00bb1\/3&Prime;][vc_column_text]<strong>M\u00e9dicaments contr\u00f4l\u00e9s I et II<\/strong><\/p>\n<ul>\n<li>Valium<\/li>\n<li>Farmapram (Xanax) 1mg \/ 2mg (Alprazolam)<\/li>\n<li>Tylex CD<\/li>\n<li>Lectus<\/li>\n<\/ul>\n<p>[\/vc_column_text][\/vc_column_inner][vc_column_inner width=\u00a0\u00bb1\/3&Prime;][vc_column_text]<strong>Antibiotiques<\/strong><\/p>\n<ul>\n<li>Gimalxin (Amoxicilline)<\/li>\n<li>Kenzoflex (Ciprofloxacine)<\/li>\n<li>Ampicilline<\/li>\n<li>P\u00e9nicilline<\/li>\n<li>Clarithromycine<\/li>\n<\/ul>\n<p>[\/vc_column_text][\/vc_column_inner][vc_column_inner width=\u00a0\u00bb1\/3&Prime;][vc_column_text]<strong>Analg\u00e9siques<\/strong><\/p>\n<ul>\n<li>Tramadol<\/li>\n<li>Fentanyl<\/li>\n<li>Hydrocodone (Vicodin)<\/li>\n<li>Oxycodone avec ac\u00e9taminoph\u00e8ne (Percocet)<\/li>\n<li>Oxycodone HCL (OxyContin)<\/li>\n<\/ul>\n<p>[\/vc_column_text][\/vc_column_inner][\/vc_row_inner][vc_empty_space][vc_row_inner][vc_column_inner width=\u00a0\u00bb1\/3&Prime;][vc_column_text]<strong>M\u00e9dicaments courants<\/strong><\/p>\n<ul>\n<li>Celebrex<\/li>\n<li>Esom\u00e9prazole<\/li>\n<li>Pantoprazole<\/li>\n<li>Omeprazole<\/li>\n<li>Advil<\/li>\n<li>Tylenol<\/li>\n<\/ul>\n<p>[\/vc_column_text][\/vc_column_inner][vc_column_inner width=\u00a0\u00bb1\/3&Prime;][vc_column_text]<strong>Anabolisants<\/strong><\/p>\n<ul>\n<li>HGH<\/li>\n<li>Alphastan<\/li>\n<li>Anavar<\/li>\n<li>Wistrol<\/li>\n<\/ul>\n<p>[\/vc_column_text][\/vc_column_inner][vc_column_inner width=\u00a0\u00bb1\/3&Prime;][vc_column_text]<strong>Mat\u00e9riau orthop\u00e9dique<\/strong><\/p>\n<ul>\n<li>Harnais<\/li>\n<li>Collier souple<\/li>\n<li>Genouill\u00e8re<\/li>\n<li>Chevill\u00e8re<\/li>\n<li>B\u00e9quilles<\/li>\n<\/ul>\n<p>[\/vc_column_text][\/vc_column_inner][\/vc_row_inner][vc_empty_space][vc_row_inner][vc_column_inner width=\u00a0\u00bb1\/3&Prime;][vc_column_text]<strong>Fournitures m\u00e9dicales<\/strong><\/p>\n<ul>\n<li>Sondes de Foley<\/li>\n<li>Sonde d&rsquo;alimentation<\/li>\n<li>Cath\u00e9ter central<\/li>\n<li>Concentr\u00e9s d&rsquo;oxyg\u00e8ne<\/li>\n<\/ul>\n<p>[\/vc_column_text][\/vc_column_inner][vc_column_inner width=\u00a0\u00bb1\/3&Prime;][vc_column_text]<strong>Nutrition<\/strong><\/p>\n<ul>\n<li>Ensure<\/li>\n<li>Suppl\u00e9ments<\/li>\n<li style=\"font-weight: 400;\">Nutrition sportive<\/li>\n<\/ul>\n<p>[\/vc_column_text][\/vc_column_inner][vc_column_inner width=\u00a0\u00bb1\/3&Prime;][\/vc_column_inner][\/vc_row_inner][vc_empty_space][vc_empty_space][vc_column_text el_id=\u00a0\u00bbfaq\u00a0\u00bb]<\/p>\n<h2>Questions Fr\u00e9quentes<\/h2>\n<p>[\/vc_column_text][vc_tta_accordion active_section=\u00a0\u00bb1&Prime; el_class=\u00a0\u00bbformat-accordion\u00a0\u00bb][vc_tta_section title=\u00a0\u00bbExiste-t-il des m\u00e9dicaments qui peuvent \u00eatre obtenus sans ordonnance ?\u00a0\u00bb tab_id=\u00a0\u00bb1537977556402-815fdb1a-7f87&Prime;][vc_column_text]Les m\u00e9dicaments qui ne figurent pas sur la liste des antibiotiques et sur la liste des m\u00e9dicaments contr\u00f4l\u00e9s I et II peuvent \u00eatre achet\u00e9s sans ordonnance.[\/vc_column_text][\/vc_tta_section][vc_tta_section title=\u00a0\u00bbPourquoi ne pas abuser des antibiotiques ?\u00a0\u00bb tab_id=\u00a0\u00bb1537977556420-847a4606-095a\u00a0\u00bb][vc_column_text]Les antibiotiques sont les m\u00e9dicaments les plus fr\u00e9quemment utilis\u00e9s pour traiter les infections bact\u00e9riennes ; ils ne traitent aucun type d&rsquo;infection virale et leur utilisation abusive comporte des risques graves.[\/vc_column_text][\/vc_tta_section][vc_tta_section title=\u00a0\u00bbQuel m\u00e9dicament provoque le plus de r\u00e9actions allergiques ?\u00a0\u00bb tab_id=\u00a0\u00bb1537977629847-0bf564a8-1cc5&Prime;][vc_column_text]La p\u00e9nicilline est l&rsquo;antibiotique le plus fr\u00e9quemment \u00e0 l&rsquo;origine d&rsquo;allergies. Selon l&rsquo;AAAAI (American Academy of Allergies Asthma &amp; Immunology), l&rsquo;\u00e9tiquette \u00ab\u00a0allergique \u00e0 la p\u00e9nicilline\u00a0\u00bb est souvent utilis\u00e9e dans l&rsquo;enfance lorsque les infections les plus courantes peuvent contribuer \u00e0 des r\u00e9actions allergiques ou \u00eatre confondues avec elles.<\/p>\n<p>En cas de v\u00e9ritable allergie, plus de 90 % ne souffriraient plus de cette tendance apr\u00e8s une p\u00e9riode de 10 ans. Par cons\u00e9quent, si environ 10 % de la population est consid\u00e9r\u00e9e comme allergique \u00e0 la p\u00e9nicilline, plus de 90 % de ces personnes sont r\u00e9ellement allergiques et peuvent tol\u00e9rer la p\u00e9nicilline.<\/p>\n<p>Consultez votre m\u00e9decin pour exclure toute allergie m\u00e9dicamenteuse avant de prendre de la p\u00e9nicilline.[\/vc_column_text][\/vc_tta_section][vc_tta_section title=\u00a0\u00bbQuoi faire si un m\u00e9dicament provoque une r\u00e9action ?\u00a0\u00bb tab_id=\u00a0\u00bb1537977663915-566bc020-119f\u00a0\u00bb][vc_column_text]Si un m\u00e9dicament provoque une r\u00e9action, il est conseill\u00e9 de consulter un m\u00e9decin dans les 30 minutes qui suivent une r\u00e9action n\u00e9gative. Parfois, les m\u00e9dicaments peuvent provoquer des r\u00e9actions aux patients, m\u00eame s&rsquo;ils n&rsquo;y sont pas allergiques.<\/p>\n<p>Voici quelques-uns des sympt\u00f4mes qui peuvent appara\u00eetre \u00e0 la suite d&rsquo;une r\u00e9action \u00e0 un m\u00e9dicament :<\/p>\n<ul>\n<li>D\u00e9mangeaisons de la gorge<\/li>\n<li>Rougeur de la peau<\/li>\n<li>Gonflement<\/li>\n<li>\u00c9ruption cutan\u00e9e<\/li>\n<\/ul>\n<p>Si vous avez des difficult\u00e9s \u00e0 respirer, vous devez vous rendre imm\u00e9diatement dans un centre m\u00e9dical, car cette r\u00e9action est consid\u00e9r\u00e9e comme une urgence.[\/vc_column_text][\/vc_tta_section][vc_tta_section title=\u00a0\u00bbPourquoi l&rsquo;autom\u00e9dication est-elle d\u00e9conseill\u00e9e ?\u00a0\u00bb tab_id=\u00a0\u00bb1537977686346-e2005afe-6bc0&Prime;][vc_column_text]L&rsquo;autom\u00e9dication est l&rsquo;utilisation de m\u00e9dicaments de sa propre initiative, sans intervention m\u00e9dicale ; il n&rsquo;y a ni diagnostic, ni prescription, ni surveillance. Malheureusement, il s&rsquo;agit d&rsquo;une habitude tr\u00e8s fr\u00e9quente dans notre soci\u00e9t\u00e9 et non sans risque. L&rsquo;autom\u00e9dication peut conduire \u00e0 une grave erreur de dosage et \u00e0 des l\u00e9sions corporelles.<\/p>\n<p>Lorsque l&rsquo;autom\u00e9dication est fr\u00e9quente, les maux peuvent \u00eatre masqu\u00e9s et le patient peut sembler en meilleure sant\u00e9, mais le fait est que le diagnostic n&rsquo;est que d\u00e9guis\u00e9, que le probl\u00e8me n&rsquo;est pas trait\u00e9 et que d&rsquo;autres complications peuvent survenir \u00e0 l&rsquo;avenir.[\/vc_column_text][\/vc_tta_section][vc_tta_section title=\u00a0\u00bbQuel est le meilleur moment de la journ\u00e9e pour prendre des m\u00e9dicaments ?\u00a0\u00bb tab_id=\u00a0\u00bb1537977705619-05ac83f6-f7e7&Prime;][vc_column_text]Pour optimiser les effets du m\u00e9dicament, il est conseill\u00e9 de suivre les instructions donn\u00e9es par le m\u00e9decin prescripteur. Dans la plupart des cas, il existe certaines r\u00e8gles \u00e0 suivre pour obtenir un r\u00e9sultat positif :<\/p>\n<ul>\n<li>Prendre le m\u00e9dicament apr\u00e8s avoir mang\u00e9.<\/li>\n<li>Si plusieurs m\u00e9dicaments doivent \u00eatre pris, il est conseill\u00e9 de ne pas se pr\u00e9cipiter et d&rsquo;en prendre un \u00e0 la fois.<\/li>\n<li>Choisir l&rsquo;eau comme moyen de faire avaler les m\u00e9dicaments.<\/li>\n<\/ul>\n<p>[\/vc_column_text][\/vc_tta_section][vc_tta_section title=\u00a0\u00bbPuis-je me rendre \u00e0 la pharmacie du CMQ pour me faire vacciner ?\u00a0\u00bb tab_id=\u00a0\u00bb1537977728524-e3043fa2-e19c\u00a0\u00bb][vc_column_text]En tant que centre m\u00e9dical priv\u00e9, l&rsquo;h\u00f4pital du CMQ ne peut pas proc\u00e9der \u00e0 des actes de vaccination, mais il peut vous donner des conseils appropri\u00e9s sur les endroits o\u00f9 vous pouvez vous faire vacciner.[\/vc_column_text][\/vc_tta_section][vc_tta_section title=\u00a0\u00bbComment puis-je acheter un m\u00e9dicament contr\u00f4l\u00e9 ?\u00a0\u00bb tab_id=\u00a0\u00bb1537977755787-8d4502f5-e248&Prime;][vc_column_text]Un rendez-vous m\u00e9dical et une \u00e9valuation doivent \u00eatre pris ; si le m\u00e9decin estime qu&rsquo;une prescription pour un m\u00e9dicament contr\u00f4l\u00e9 est n\u00e9cessaire, une ordonnance sera r\u00e9dig\u00e9e.[\/vc_column_text][\/vc_tta_section][\/vc_tta_accordion][\/vc_column][\/vc_row]<\/p>\n<\/div>","protected":false},"excerpt":{"rendered":"<p>Le service de pharmacie des h\u00f4pitaux cmq s\u2019efforce d\u2019atteindre les normes les plus \u00e9lev\u00e9es en mati\u00e8re d\u2019administration, de distribution et de gestion des m\u00e9dicaments et des drogues afin de pr\u00e9server le bien-\u00eatre de nos patients, tant en ambulatoire qu\u2019en hospitalisation. Nous disposons de m\u00e9dicaments 24 heures sur 24 et d\u2019une large s\u00e9lection de m\u00e9dicaments essentiels, allant des m\u00e9dicaments en vente libre aux m\u00e9dicaments sp\u00e9cialis\u00e9s d\u00e9livr\u00e9s sur ordonnance, qui sont vitaux pour de nombreuses maladies et affections.<\/p>\n","protected":false},"author":2,"featured_media":0,"parent":13570,"menu_order":0,"comment_status":"closed","ping_status":"closed","template":"","meta":{"footnotes":""},"class_list":["post-13641","page","type-page","status-publish","hentry"],"acf":[],"yoast_head":"<!-- This site is optimized with the Yoast SEO plugin v27.3 - https:\/\/yoast.com\/product\/yoast-seo-wordpress\/ -->\n<title>Pharmacie interne des H\u00f4pitaux CMQ \u00e0 Puerto Vallarta et bucerias<\/title>\n<meta name=\"description\" content=\"Depuis plus de 30 ans, notre service de pharmacie interne \u00e0 Puerto Vallarta fournit des m\u00e9dicaments aux patients de la r\u00e9gion.\" \/>\n<meta name=\"robots\" content=\"index, follow, max-snippet:-1, max-image-preview:large, max-video-preview:-1\" \/>\n<link rel=\"canonical\" href=\"https:\/\/hospitalcmq.com\/fr\/services-medicaux\/pharmacie-interne-hopitaux-cmq\/\" \/>\n<meta property=\"og:locale\" content=\"fr_FR\" \/>\n<meta property=\"og:type\" content=\"article\" \/>\n<meta property=\"og:title\" content=\"Pharmacie interne des H\u00f4pitaux CMQ \u00e0 Puerto Vallarta et bucerias\" \/>\n<meta property=\"og:description\" content=\"Depuis plus de 30 ans, notre service de pharmacie interne \u00e0 Puerto Vallarta fournit des m\u00e9dicaments aux patients de la r\u00e9gion.\" \/>\n<meta property=\"og:url\" content=\"https:\/\/hospitalcmq.com\/fr\/services-medicaux\/pharmacie-interne-hopitaux-cmq\/\" \/>\n<meta property=\"og:site_name\" content=\"Hospital CMQ\" \/>\n<meta property=\"article:publisher\" content=\"https:\/\/www.facebook.com\/HospitalCMQ\" \/>\n<meta property=\"og:image\" content=\"https:\/\/hospitalcmq.com\/wp-content\/uploads\/2018\/01\/farmacia.png\" \/>\n<meta name=\"twitter:card\" content=\"summary_large_image\" \/>\n<meta name=\"twitter:label1\" content=\"Dur\u00e9e de lecture estim\u00e9e\" \/>\n\t<meta name=\"twitter:data1\" content=\"5 minutes\" \/>\n<script type=\"application\/ld+json\" class=\"yoast-schema-graph\">{\"@context\":\"https:\\\/\\\/schema.org\",\"@graph\":[{\"@type\":\"WebPage\",\"@id\":\"https:\\\/\\\/hospitalcmq.com\\\/fr\\\/services-medicaux\\\/pharmacie-interne-hopitaux-cmq\\\/\",\"url\":\"https:\\\/\\\/hospitalcmq.com\\\/fr\\\/services-medicaux\\\/pharmacie-interne-hopitaux-cmq\\\/\",\"name\":\"Pharmacie interne des H\u00f4pitaux CMQ \u00e0 Puerto Vallarta et bucerias\",\"isPartOf\":{\"@id\":\"https:\\\/\\\/hospitalcmq.com\\\/fr\\\/#website\"},\"primaryImageOfPage\":{\"@id\":\"https:\\\/\\\/hospitalcmq.com\\\/fr\\\/services-medicaux\\\/pharmacie-interne-hopitaux-cmq\\\/#primaryimage\"},\"image\":{\"@id\":\"https:\\\/\\\/hospitalcmq.com\\\/fr\\\/services-medicaux\\\/pharmacie-interne-hopitaux-cmq\\\/#primaryimage\"},\"thumbnailUrl\":\"https:\\\/\\\/hospitalcmq.com\\\/wp-content\\\/uploads\\\/2018\\\/01\\\/farmacia.png\",\"datePublished\":\"2023-09-04T17:25:34+00:00\",\"description\":\"Depuis plus de 30 ans, notre service de pharmacie interne \u00e0 Puerto Vallarta fournit des m\u00e9dicaments aux patients de la r\u00e9gion.\",\"breadcrumb\":{\"@id\":\"https:\\\/\\\/hospitalcmq.com\\\/fr\\\/services-medicaux\\\/pharmacie-interne-hopitaux-cmq\\\/#breadcrumb\"},\"inLanguage\":\"fr-FR\",\"potentialAction\":[{\"@type\":\"ReadAction\",\"target\":[\"https:\\\/\\\/hospitalcmq.com\\\/fr\\\/services-medicaux\\\/pharmacie-interne-hopitaux-cmq\\\/\"]}]},{\"@type\":\"ImageObject\",\"inLanguage\":\"fr-FR\",\"@id\":\"https:\\\/\\\/hospitalcmq.com\\\/fr\\\/services-medicaux\\\/pharmacie-interne-hopitaux-cmq\\\/#primaryimage\",\"url\":\"https:\\\/\\\/hospitalcmq.com\\\/wp-content\\\/uploads\\\/2018\\\/01\\\/farmacia.png\",\"contentUrl\":\"https:\\\/\\\/hospitalcmq.com\\\/wp-content\\\/uploads\\\/2018\\\/01\\\/farmacia.png\"},{\"@type\":\"BreadcrumbList\",\"@id\":\"https:\\\/\\\/hospitalcmq.com\\\/fr\\\/services-medicaux\\\/pharmacie-interne-hopitaux-cmq\\\/#breadcrumb\",\"itemListElement\":[{\"@type\":\"ListItem\",\"position\":1,\"name\":\"Home\",\"item\":\"https:\\\/\\\/hospitalcmq.com\\\/fr\\\/\"},{\"@type\":\"ListItem\",\"position\":2,\"name\":\"Services medicaux\",\"item\":\"https:\\\/\\\/hospitalcmq.com\\\/fr\\\/services-medicaux\\\/\"},{\"@type\":\"ListItem\",\"position\":3,\"name\":\"Service de Pharmacie Interne des H\u00f4pitaux CMQ\"}]},{\"@type\":\"WebSite\",\"@id\":\"https:\\\/\\\/hospitalcmq.com\\\/fr\\\/#website\",\"url\":\"https:\\\/\\\/hospitalcmq.com\\\/fr\\\/\",\"name\":\"Hospital CMQ\",\"description\":\"Best Hospitals in Puerto Vallarta &amp; Riviera Nayarit\",\"publisher\":{\"@id\":\"https:\\\/\\\/hospitalcmq.com\\\/fr\\\/#organization\"},\"potentialAction\":[{\"@type\":\"SearchAction\",\"target\":{\"@type\":\"EntryPoint\",\"urlTemplate\":\"https:\\\/\\\/hospitalcmq.com\\\/fr\\\/?s={search_term_string}\"},\"query-input\":{\"@type\":\"PropertyValueSpecification\",\"valueRequired\":true,\"valueName\":\"search_term_string\"}}],\"inLanguage\":\"fr-FR\"},{\"@type\":\"Organization\",\"@id\":\"https:\\\/\\\/hospitalcmq.com\\\/fr\\\/#organization\",\"name\":\"Hospital CMQ\",\"url\":\"https:\\\/\\\/hospitalcmq.com\\\/fr\\\/\",\"logo\":{\"@type\":\"ImageObject\",\"inLanguage\":\"fr-FR\",\"@id\":\"https:\\\/\\\/hospitalcmq.com\\\/fr\\\/#\\\/schema\\\/logo\\\/image\\\/\",\"url\":\"https:\\\/\\\/hospitalcmq.com\\\/wp-content\\\/uploads\\\/2018\\\/06\\\/cmq-hospital-logo.png\",\"contentUrl\":\"https:\\\/\\\/hospitalcmq.com\\\/wp-content\\\/uploads\\\/2018\\\/06\\\/cmq-hospital-logo.png\",\"width\":214,\"height\":189,\"caption\":\"Hospital CMQ\"},\"image\":{\"@id\":\"https:\\\/\\\/hospitalcmq.com\\\/fr\\\/#\\\/schema\\\/logo\\\/image\\\/\"},\"sameAs\":[\"https:\\\/\\\/www.facebook.com\\\/HospitalCMQ\"]}]}<\/script>\n<!-- \/ Yoast SEO plugin. -->","yoast_head_json":{"title":"Pharmacie interne des H\u00f4pitaux CMQ \u00e0 Puerto Vallarta et bucerias","description":"Depuis plus de 30 ans, notre service de pharmacie interne \u00e0 Puerto Vallarta fournit des m\u00e9dicaments aux patients de la r\u00e9gion.","robots":{"index":"index","follow":"follow","max-snippet":"max-snippet:-1","max-image-preview":"max-image-preview:large","max-video-preview":"max-video-preview:-1"},"canonical":"https:\/\/hospitalcmq.com\/fr\/services-medicaux\/pharmacie-interne-hopitaux-cmq\/","og_locale":"fr_FR","og_type":"article","og_title":"Pharmacie interne des H\u00f4pitaux CMQ \u00e0 Puerto Vallarta et bucerias","og_description":"Depuis plus de 30 ans, notre service de pharmacie interne \u00e0 Puerto Vallarta fournit des m\u00e9dicaments aux patients de la r\u00e9gion.","og_url":"https:\/\/hospitalcmq.com\/fr\/services-medicaux\/pharmacie-interne-hopitaux-cmq\/","og_site_name":"Hospital CMQ","article_publisher":"https:\/\/www.facebook.com\/HospitalCMQ","og_image":[{"url":"https:\/\/hospitalcmq.com\/wp-content\/uploads\/2018\/01\/farmacia.png","type":"","width":"","height":""}],"twitter_card":"summary_large_image","twitter_misc":{"Dur\u00e9e de lecture estim\u00e9e":"5 minutes"},"schema":{"@context":"https:\/\/schema.org","@graph":[{"@type":"WebPage","@id":"https:\/\/hospitalcmq.com\/fr\/services-medicaux\/pharmacie-interne-hopitaux-cmq\/","url":"https:\/\/hospitalcmq.com\/fr\/services-medicaux\/pharmacie-interne-hopitaux-cmq\/","name":"Pharmacie interne des H\u00f4pitaux CMQ \u00e0 Puerto Vallarta et bucerias","isPartOf":{"@id":"https:\/\/hospitalcmq.com\/fr\/#website"},"primaryImageOfPage":{"@id":"https:\/\/hospitalcmq.com\/fr\/services-medicaux\/pharmacie-interne-hopitaux-cmq\/#primaryimage"},"image":{"@id":"https:\/\/hospitalcmq.com\/fr\/services-medicaux\/pharmacie-interne-hopitaux-cmq\/#primaryimage"},"thumbnailUrl":"https:\/\/hospitalcmq.com\/wp-content\/uploads\/2018\/01\/farmacia.png","datePublished":"2023-09-04T17:25:34+00:00","description":"Depuis plus de 30 ans, notre service de pharmacie interne \u00e0 Puerto Vallarta fournit des m\u00e9dicaments aux patients de la r\u00e9gion.","breadcrumb":{"@id":"https:\/\/hospitalcmq.com\/fr\/services-medicaux\/pharmacie-interne-hopitaux-cmq\/#breadcrumb"},"inLanguage":"fr-FR","potentialAction":[{"@type":"ReadAction","target":["https:\/\/hospitalcmq.com\/fr\/services-medicaux\/pharmacie-interne-hopitaux-cmq\/"]}]},{"@type":"ImageObject","inLanguage":"fr-FR","@id":"https:\/\/hospitalcmq.com\/fr\/services-medicaux\/pharmacie-interne-hopitaux-cmq\/#primaryimage","url":"https:\/\/hospitalcmq.com\/wp-content\/uploads\/2018\/01\/farmacia.png","contentUrl":"https:\/\/hospitalcmq.com\/wp-content\/uploads\/2018\/01\/farmacia.png"},{"@type":"BreadcrumbList","@id":"https:\/\/hospitalcmq.com\/fr\/services-medicaux\/pharmacie-interne-hopitaux-cmq\/#breadcrumb","itemListElement":[{"@type":"ListItem","position":1,"name":"Home","item":"https:\/\/hospitalcmq.com\/fr\/"},{"@type":"ListItem","position":2,"name":"Services medicaux","item":"https:\/\/hospitalcmq.com\/fr\/services-medicaux\/"},{"@type":"ListItem","position":3,"name":"Service de Pharmacie Interne des H\u00f4pitaux CMQ"}]},{"@type":"WebSite","@id":"https:\/\/hospitalcmq.com\/fr\/#website","url":"https:\/\/hospitalcmq.com\/fr\/","name":"Hospital CMQ","description":"Best Hospitals in Puerto Vallarta &amp; Riviera Nayarit","publisher":{"@id":"https:\/\/hospitalcmq.com\/fr\/#organization"},"potentialAction":[{"@type":"SearchAction","target":{"@type":"EntryPoint","urlTemplate":"https:\/\/hospitalcmq.com\/fr\/?s={search_term_string}"},"query-input":{"@type":"PropertyValueSpecification","valueRequired":true,"valueName":"search_term_string"}}],"inLanguage":"fr-FR"},{"@type":"Organization","@id":"https:\/\/hospitalcmq.com\/fr\/#organization","name":"Hospital CMQ","url":"https:\/\/hospitalcmq.com\/fr\/","logo":{"@type":"ImageObject","inLanguage":"fr-FR","@id":"https:\/\/hospitalcmq.com\/fr\/#\/schema\/logo\/image\/","url":"https:\/\/hospitalcmq.com\/wp-content\/uploads\/2018\/06\/cmq-hospital-logo.png","contentUrl":"https:\/\/hospitalcmq.com\/wp-content\/uploads\/2018\/06\/cmq-hospital-logo.png","width":214,"height":189,"caption":"Hospital CMQ"},"image":{"@id":"https:\/\/hospitalcmq.com\/fr\/#\/schema\/logo\/image\/"},"sameAs":["https:\/\/www.facebook.com\/HospitalCMQ"]}]}},"_links":{"self":[{"href":"https:\/\/hospitalcmq.com\/fr\/wp-json\/wp\/v2\/pages\/13641","targetHints":{"allow":["GET"]}}],"collection":[{"href":"https:\/\/hospitalcmq.com\/fr\/wp-json\/wp\/v2\/pages"}],"about":[{"href":"https:\/\/hospitalcmq.com\/fr\/wp-json\/wp\/v2\/types\/page"}],"author":[{"embeddable":true,"href":"https:\/\/hospitalcmq.com\/fr\/wp-json\/wp\/v2\/users\/2"}],"replies":[{"embeddable":true,"href":"https:\/\/hospitalcmq.com\/fr\/wp-json\/wp\/v2\/comments?post=13641"}],"version-history":[{"count":0,"href":"https:\/\/hospitalcmq.com\/fr\/wp-json\/wp\/v2\/pages\/13641\/revisions"}],"up":[{"embeddable":true,"href":"https:\/\/hospitalcmq.com\/fr\/wp-json\/wp\/v2\/pages\/13570"}],"wp:attachment":[{"href":"https:\/\/hospitalcmq.com\/fr\/wp-json\/wp\/v2\/media?parent=13641"}],"curies":[{"name":"wp","href":"https:\/\/api.w.org\/{rel}","templated":true}]}}