{"id":13599,"date":"2023-08-25T11:43:07","date_gmt":"2023-08-25T17:43:07","guid":{"rendered":"https:\/\/hospitalcmq.com\/?page_id=13599"},"modified":"2023-09-05T12:55:54","modified_gmt":"2023-09-05T18:55:54","slug":"nutrition","status":"publish","type":"page","link":"https:\/\/hospitalcmq.com\/fr\/services-medicaux\/nutrition\/","title":{"rendered":"Nutrition"},"content":{"rendered":"<div class=\"wpb-content-wrapper\"><p>[vc_row][vc_column][vc_column_text el_id=\u00a0\u00bbour-mission\u00a0\u00bb]<img loading=\"lazy\" decoding=\"async\" class=\"alignright wp-image-3337 size-full\" title=\"Nutrition in Puerto Vallarta\" src=\"https:\/\/hospitalcmq.com\/wp-content\/uploads\/2018\/09\/nutrition.png\" alt=\"Nutrition in Puerto Vallarta\" width=\"470\" height=\"260\" \/><\/p>\n<h2 class=\"p1\">Notre mission<\/h2>\n<p class=\"p1\">Am\u00e9liorez votre sant\u00e9 gr\u00e2ce \u00e0 une bonne alimentation avec l&rsquo;aide du service de nutrition aux h\u00f4pitaux CMQ. Nous disposons d&rsquo;une m\u00e9thode bas\u00e9e sur des protocoles de traitement pour chaque type de maladie comme l&rsquo;ob\u00e9sit\u00e9, le diab\u00e8te, l&rsquo;hypertension, l&rsquo;insuffisance r\u00e9nale, le syndrome m\u00e9tabolique, la dyslipid\u00e9mie, l&rsquo;anorexie, la boulimie, etc.<\/p>\n<p class=\"p1\">Plan de r\u00e9gime personnalis\u00e9 en fonction de votre diagnostic et adapt\u00e9 \u00e0 votre style de vie en vous proposant diff\u00e9rentes options d&rsquo;achat et des suggestions de pr\u00e9paration des aliments.<\/p>\n<p class=\"p1\">R\u00e9habilitation du m\u00e9tabolisme pour la r\u00e9g\u00e9n\u00e9ration cellulaire, la perte de graisse corporelle et l&rsquo;augmentation de la densit\u00e9 musculaire et osseuse.<\/p>\n<p class=\"p1\">Diagnostic de votre \u00e9tat nutritionnel avec des techniques de composition corporelle par anthropom\u00e9trie et bio imp\u00e9dance \u00e9lectrique.<\/p>\n<p class=\"p1\">Plan de r\u00e9gime hebdomadaire personnalis\u00e9, adapt\u00e9 \u00e0 votre style de vie, avec indication de l&rsquo;heure et des portions alimentaires.<\/p>\n<p>[\/vc_column_text][vc_empty_space][vc_column_text el_id=\u00a0\u00bbresults\u00a0\u00bb]<\/p>\n<h3 class=\"p1\">R\u00e9sultats<\/h3>\n<p>[\/vc_column_text][vc_row_inner][vc_column_inner width=\u00a0\u00bb1\/2&Prime;][vc_column_text]<\/p>\n<ul>\n<li class=\"li1\">Am\u00e9lioration de la qualit\u00e9 de vie<\/li>\n<li class=\"li1\">Am\u00e9lioration des variables m\u00e9taboliques (glucose, profil lipidique, acide urique, tests de la fonction h\u00e9patique, cr\u00e9atinine, etc.)<\/li>\n<li class=\"li1\">Corriger et\/ou maintenir les chiffres des variables biochimiques \u00e0 des valeurs ad\u00e9quates.<\/li>\n<\/ul>\n<p>[\/vc_column_text][\/vc_column_inner][vc_column_inner width=\u00a0\u00bb1\/2&Prime;][vc_column_text]<\/p>\n<ul>\n<li class=\"li1\">Atteinte et maintien d&rsquo;un poids corporel sain.<\/li>\n<li class=\"li1\">Int\u00e9gration ad\u00e9quate d&rsquo;un plan di\u00e9t\u00e9tique avec le programme d&rsquo;exercices.<\/li>\n<li class=\"li1\">Am\u00e9lioration des habitudes alimentaires.<\/li>\n<\/ul>\n<p>[\/vc_column_text][\/vc_column_inner][\/vc_row_inner][vc_empty_space][vc_column_text el_id=\u00a0\u00bbservices\u00a0\u00bb]<\/p>\n<h3>Services<\/h3>\n<p>[\/vc_column_text][vc_row_inner][vc_column_inner el_class=\u00a0\u00bbblock__allShadow&#8211;image\u00a0\u00bb width=\u00a0\u00bb1\/2&Prime;][vc_empty_space][vc_column_text]<\/p>\n<p class=\"p1\"><b>Conseils et plan de r\u00e9gime pour le contr\u00f4le du poids<\/b><\/p>\n<p class=\"p3\">De nos jours, le surpoids et l&rsquo;ob\u00e9sit\u00e9 sont un sujet d\u00e9licat, car, \u00e0 cause de cette cause, des milliers de personnes souffrent de maladies qui diminuent \u00e0 la fois leur qualit\u00e9 de vie et leur \u00e9conomie. C&rsquo;est pour cette raison que nous nous pr\u00e9occupons de la sant\u00e9 de chacun de nos patients, en l\u2019aidant \u00e0 am\u00e9liorer leurs habitudes alimentaires et leur activit\u00e9 physique, et donc \u00e0 contr\u00f4ler ces kilos en trop qui, \u00e0 long terme, peuvent nuire \u00e0 leur sant\u00e9.<\/p>\n<p>[\/vc_column_text][vc_empty_space][\/vc_column_inner][vc_column_inner el_class=\u00a0\u00bbblock__allShadow&#8211;image\u00a0\u00bb width=\u00a0\u00bb1\/2&Prime;][vc_empty_space][vc_column_text]<\/p>\n<p class=\"p1\"><b>Conseils et plan de nutrition pour les sportifs<\/b><\/p>\n<p class=\"p1\">Il a \u00e9t\u00e9 prouv\u00e9 que la nutrition est l&rsquo;un des facteurs les plus importants pour la performance des sportifs, aussi bien pour ceux qui pratiquent des activit\u00e9s r\u00e9cr\u00e9atives que pour ceux qui r\u00e9alisent des activit\u00e9s de haut niveau.<\/p>\n<p class=\"p1\">Notre principal objectif en mati\u00e8re de nutrition sportive est de garantir une croissance normale chez les jeunes sportifs et de r\u00e9cup\u00e9rer constamment celle des adultes afin de maintenir et m\u00eame d&rsquo;augmenter la capacit\u00e9 de performance.<\/p>\n<p>[\/vc_column_text][vc_empty_space][\/vc_column_inner][\/vc_row_inner][vc_empty_space][vc_column_text el_id=\u00a0\u00bbwe-adjust-their-diet-in-4-main-stages\u00a0\u00bb]<\/p>\n<h3 class=\"p1\">Nous adaptons leur alimentation en 4 \u00e9tapes principales:<\/h3>\n<p>[\/vc_column_text][vc_row_inner][vc_column_inner width=\u00a0\u00bb1\/2&Prime;][vc_column_text]<\/p>\n<ul>\n<li class=\"li1\">Entra\u00eenement<\/li>\n<li class=\"li1\">Pr\u00e9-comp\u00e9tition<\/li>\n<\/ul>\n<p>[\/vc_column_text][\/vc_column_inner][vc_column_inner width=\u00a0\u00bb1\/2&Prime;][vc_column_text]<\/p>\n<ul>\n<li class=\"li1\">Comp\u00e9tition<\/li>\n<li class=\"li1\">R\u00e9cup\u00e9ration ou post-comp\u00e9tition.<\/li>\n<\/ul>\n<p>[\/vc_column_text][\/vc_column_inner][\/vc_row_inner][vc_empty_space][vc_column_text el_id=\u00a0\u00bbpregnancy-counseling-and-eating-plans\u00a0\u00bb]<\/p>\n<h3 class=\"p1\">Conseils sur la grossesse et plan alimentaire.<\/h3>\n<p class=\"p1\">Des p\u00e9riodes de croissance et de d\u00e9veloppement rapides des organes et tissus du f\u0153tus se produisent \u00e0 des moments pr\u00e9cis de la grossesse. Les nutriments essentiels doivent \u00eatre disponibles dans les quantit\u00e9s requises pendant ces p\u00e9riodes pour une croissance et un d\u00e9veloppement optimaux du f\u0153tus.<\/p>\n<p class=\"p1\">Dans toutes les grossesses, il est tr\u00e8s fr\u00e9quent que les sympt\u00f4mes typiques qui causent tant d&rsquo;inconfort aux femmes \u00e0 chaque \u00e9tape de la grossesse apparaissent, tels que:<\/p>\n<p>[\/vc_column_text][vc_empty_space][vc_row_inner][vc_column_inner width=\u00a0\u00bb1\/2&Prime;][vc_column_text]<\/p>\n<ul>\n<li class=\"li1\">Naus\u00e9es<\/li>\n<li class=\"li1\">Vomissements<\/li>\n<li class=\"li1\">Br\u00fblures d&rsquo;estomac (reflux)<\/li>\n<li class=\"li1\">Refus de nourriture<\/li>\n<\/ul>\n<p>[\/vc_column_text][\/vc_column_inner][vc_column_inner width=\u00a0\u00bb1\/2&Prime;][vc_column_text]<\/p>\n<ul>\n<li class=\"li1\">Allotriophagie (manque de min\u00e9raux).<\/li>\n<li class=\"li1\">\u0153d\u00e8me (gonflement)<\/li>\n<li class=\"li1\">Constipation et h\u00e9morro\u00efdes<\/li>\n<\/ul>\n<p>[\/vc_column_text][\/vc_column_inner][\/vc_row_inner][vc_empty_space][vc_column_text]<\/p>\n<p class=\"p1\">Cependant, il existe un moyen de les r\u00e9duire et d&rsquo;y faire face. Nous avons une alternative pour cette \u00e9tape importante pour chaque femme. L&rsquo;une des plus importantes est de faire attention au r\u00e9gime alimentaire auquel nous sommes habitu\u00e9es, ainsi que de prendre en compte les propri\u00e9t\u00e9s des aliments que nous consommons, en parvenant \u00e0 une grossesse partiellement asymptomatique.<\/p>\n<p class=\"p1\">Nous nous chargeons de vous guider dans cette \u00e9tape, afin d&rsquo;arriver \u00e0 la fin de votre grossesse avec le poids id\u00e9al. Car nous savons que c&rsquo;est tr\u00e8s important pour notre corps et pour se sentir bien physiquement.<\/p>\n<p>[\/vc_column_text][vc_empty_space][vc_column_text el_id=\u00a0\u00bbcounseling-and-eating-plan-for-diseases\u00a0\u00bb]<\/p>\n<h3 class=\"p1\">Conseils sur les maladies et plan alimentaire<\/h3>\n<p class=\"p1\">Pr\u00e9vention, contr\u00f4le et am\u00e9lioration de diff\u00e9rentes maladies par la nutrition et la suppl\u00e9mentation:<\/p>\n<p>[\/vc_column_text][vc_empty_space][vc_row_inner][vc_column_inner width=\u00a0\u00bb1\/2&Prime;][vc_column_text]<\/p>\n<ul>\n<li class=\"li1\">Diab\u00e8te<\/li>\n<li class=\"li1\">Hypertension art\u00e9rielle<\/li>\n<li class=\"li1\">Ob\u00e9sit\u00e9 et chirurgie bariatrique<\/li>\n<li class=\"li1\">Insuffisance r\u00e9nale<\/li>\n<\/ul>\n<p>[\/vc_column_text][\/vc_column_inner][vc_column_inner width=\u00a0\u00bb1\/2&Prime;][vc_column_text]<\/p>\n<ul>\n<li class=\"li1\">Insuffisance h\u00e9patique<\/li>\n<li class=\"li1\">Dyslipid\u00e9mie (Cholest\u00e9rol, Triglyc\u00e9rides)<\/li>\n<li class=\"li1\">Malnutrition<\/li>\n<\/ul>\n<p>[\/vc_column_text][\/vc_column_inner][\/vc_row_inner][vc_empty_space][vc_column_text el_id=\u00a0\u00bbenteral-nutrition\u00a0\u00bb]<\/p>\n<h3 class=\"p1\">Nutrition ent\u00e9rale<\/h3>\n<p class=\"p1\">La nutrition ent\u00e9rale est une technique d&rsquo;alimentation particuli\u00e8re, qui, avec la nutrition parent\u00e9rale, est \u00e9galement appel\u00e9e nutrition artificielle.<\/p>\n<p class=\"p1\">Elle consiste \u00e0 administrer les diff\u00e9rents \u00e9l\u00e9ments nutritionnels par un tube. Celui-ci est plac\u00e9 de telle sorte qu&rsquo;une extr\u00e9mit\u00e9 se trouve \u00e0 l&rsquo;ext\u00e9rieur et l&rsquo;autre dans diff\u00e9rentes sections du tube digestif telles que l&rsquo;estomac, le duod\u00e9num ou le j\u00e9junum, \u00e9liminant ainsi les \u00e9tapes orales et \u0153sophagiennes de la digestion. Ce type de soutien nutritionnel est indiqu\u00e9 lorsqu&rsquo;une alimentation orale volontaire ad\u00e9quate n&rsquo;est pas possible. A condition que la capacit\u00e9 du syst\u00e8me digestif permette l&rsquo;absorption des nutriments. Par cons\u00e9quent, la condition essentielle pour que le patient puisse recevoir ce type d&rsquo;alimentation est que son syst\u00e8me digestif ait une capacit\u00e9 motrice et fonctionnelle minimale. Dans le cadre d&rsquo;un concept plus large, la nutrition ent\u00e9rale comprend \u00e9galement la voie orale si des compl\u00e9ments alimentaires ou des formules d\u00e9finies chimiquement sont utilis\u00e9s.<\/p>\n<p>[\/vc_column_text][vc_empty_space][vc_column_text el_id=\u00a0\u00bbparenteral-nutrition\u00a0\u00bb]<\/p>\n<h3 class=\"p1\">Nutrition parent\u00e9rale<\/h3>\n<p class=\"p1\">La nutrition parent\u00e9rale fournit aux patients les nutriments de base dont ils ont besoin par voie intraveineuse. Les substances administr\u00e9es doivent fournir l&rsquo;\u00e9nergie n\u00e9cessaire et tous les nutriments essentiels (sucres, sels, acides amin\u00e9s, vitamines, min\u00e9raux, etc.), et doivent \u00eatre inoffensives et adapt\u00e9es au m\u00e9tabolisme.<\/p>\n<p class=\"p1\">Ce type de nutrition peut \u00eatre partiel ou total selon qu&rsquo;il accompagne ou non une alimentation ent\u00e9rale. Elle est souvent utilis\u00e9e dans certains cas sp\u00e9cifiques chez les b\u00e9b\u00e9s pr\u00e9matur\u00e9s, les patients ayant subi une op\u00e9ration du tube digestif ou les personnes souffrant du syndrome de l&rsquo;intestin court. Lorsqu&rsquo;une personne est incapable de se nourrir seule, il faut recourir \u00e0 des m\u00e9thodes alternatives pour lui fournir les nutriments dont elle a besoin pour vivre.<\/p>\n<p>[\/vc_column_text][\/vc_column][\/vc_row]<\/p>\n<\/div>","protected":false},"excerpt":{"rendered":"<p>Am\u00e9liorez votre sant\u00e9 gr\u00e2ce \u00e0 une bonne nutrition ! Le service de nutrition des h\u00f4pitaux CMQ vous propose des plans de repas personnalis\u00e9s qui s\u2019adaptent \u00e0 votre mode de vie, avec diff\u00e9rentes options d\u2019achat et des suggestions de pr\u00e9paration des aliments. Parmi les services que nous proposons, citons le contr\u00f4le du poids, les plans alimentaires pour les sportifs, les plans alimentaires pendant la grossesse et les conseils pour diff\u00e9rentes maladies.<\/p>\n","protected":false},"author":2,"featured_media":0,"parent":13570,"menu_order":0,"comment_status":"closed","ping_status":"closed","template":"","meta":{"footnotes":""},"class_list":["post-13599","page","type-page","status-publish","hentry"],"acf":[],"yoast_head":"<!-- This site is optimized with the Yoast SEO plugin v27.3 - https:\/\/yoast.com\/product\/yoast-seo-wordpress\/ -->\n<title>Service de nutrition aux h\u00f4pitaux CMQ de Puerto Vallarta<\/title>\n<meta name=\"description\" content=\"Venez et profitez de notre service de nutrition aux h\u00f4pitaux CMQ et am\u00e9liorez votre sant\u00e9 - prenez rendez-vous d\u00e8s aujourd&#039;hui !\" \/>\n<meta name=\"robots\" content=\"index, follow, max-snippet:-1, max-image-preview:large, max-video-preview:-1\" \/>\n<link rel=\"canonical\" href=\"https:\/\/hospitalcmq.com\/fr\/services-medicaux\/nutrition\/\" \/>\n<meta property=\"og:locale\" content=\"fr_FR\" \/>\n<meta property=\"og:type\" content=\"article\" \/>\n<meta property=\"og:title\" content=\"Service de nutrition aux h\u00f4pitaux CMQ de Puerto Vallarta\" \/>\n<meta property=\"og:description\" content=\"Venez et profitez de notre service de nutrition aux h\u00f4pitaux CMQ et am\u00e9liorez votre sant\u00e9 - prenez rendez-vous d\u00e8s aujourd&#039;hui !\" \/>\n<meta property=\"og:url\" content=\"https:\/\/hospitalcmq.com\/fr\/services-medicaux\/nutrition\/\" \/>\n<meta property=\"og:site_name\" content=\"Hospital CMQ\" \/>\n<meta property=\"article:publisher\" content=\"https:\/\/www.facebook.com\/HospitalCMQ\" \/>\n<meta property=\"article:modified_time\" content=\"2023-09-05T18:55:54+00:00\" \/>\n<meta property=\"og:image\" content=\"https:\/\/hospitalcmq.com\/wp-content\/uploads\/2018\/09\/nutrition.png\" \/>\n<meta name=\"twitter:card\" content=\"summary_large_image\" \/>\n<meta name=\"twitter:label1\" content=\"Dur\u00e9e de lecture estim\u00e9e\" \/>\n\t<meta name=\"twitter:data1\" content=\"5 minutes\" \/>\n<script type=\"application\/ld+json\" class=\"yoast-schema-graph\">{\"@context\":\"https:\\\/\\\/schema.org\",\"@graph\":[{\"@type\":\"WebPage\",\"@id\":\"https:\\\/\\\/hospitalcmq.com\\\/fr\\\/services-medicaux\\\/nutrition\\\/\",\"url\":\"https:\\\/\\\/hospitalcmq.com\\\/fr\\\/services-medicaux\\\/nutrition\\\/\",\"name\":\"Service de nutrition aux h\u00f4pitaux CMQ de Puerto Vallarta\",\"isPartOf\":{\"@id\":\"https:\\\/\\\/hospitalcmq.com\\\/fr\\\/#website\"},\"primaryImageOfPage\":{\"@id\":\"https:\\\/\\\/hospitalcmq.com\\\/fr\\\/services-medicaux\\\/nutrition\\\/#primaryimage\"},\"image\":{\"@id\":\"https:\\\/\\\/hospitalcmq.com\\\/fr\\\/services-medicaux\\\/nutrition\\\/#primaryimage\"},\"thumbnailUrl\":\"https:\\\/\\\/hospitalcmq.com\\\/wp-content\\\/uploads\\\/2018\\\/09\\\/nutrition.png\",\"datePublished\":\"2023-08-25T17:43:07+00:00\",\"dateModified\":\"2023-09-05T18:55:54+00:00\",\"description\":\"Venez et profitez de notre service de nutrition aux h\u00f4pitaux CMQ et am\u00e9liorez votre sant\u00e9 - prenez rendez-vous d\u00e8s aujourd'hui !\",\"breadcrumb\":{\"@id\":\"https:\\\/\\\/hospitalcmq.com\\\/fr\\\/services-medicaux\\\/nutrition\\\/#breadcrumb\"},\"inLanguage\":\"fr-FR\",\"potentialAction\":[{\"@type\":\"ReadAction\",\"target\":[\"https:\\\/\\\/hospitalcmq.com\\\/fr\\\/services-medicaux\\\/nutrition\\\/\"]}]},{\"@type\":\"ImageObject\",\"inLanguage\":\"fr-FR\",\"@id\":\"https:\\\/\\\/hospitalcmq.com\\\/fr\\\/services-medicaux\\\/nutrition\\\/#primaryimage\",\"url\":\"https:\\\/\\\/hospitalcmq.com\\\/wp-content\\\/uploads\\\/2018\\\/09\\\/nutrition.png\",\"contentUrl\":\"https:\\\/\\\/hospitalcmq.com\\\/wp-content\\\/uploads\\\/2018\\\/09\\\/nutrition.png\"},{\"@type\":\"BreadcrumbList\",\"@id\":\"https:\\\/\\\/hospitalcmq.com\\\/fr\\\/services-medicaux\\\/nutrition\\\/#breadcrumb\",\"itemListElement\":[{\"@type\":\"ListItem\",\"position\":1,\"name\":\"Home\",\"item\":\"https:\\\/\\\/hospitalcmq.com\\\/fr\\\/\"},{\"@type\":\"ListItem\",\"position\":2,\"name\":\"Services medicaux\",\"item\":\"https:\\\/\\\/hospitalcmq.com\\\/fr\\\/services-medicaux\\\/\"},{\"@type\":\"ListItem\",\"position\":3,\"name\":\"Nutrition\"}]},{\"@type\":\"WebSite\",\"@id\":\"https:\\\/\\\/hospitalcmq.com\\\/fr\\\/#website\",\"url\":\"https:\\\/\\\/hospitalcmq.com\\\/fr\\\/\",\"name\":\"Hospital CMQ\",\"description\":\"Best Hospitals in Puerto Vallarta &amp; Riviera Nayarit\",\"publisher\":{\"@id\":\"https:\\\/\\\/hospitalcmq.com\\\/fr\\\/#organization\"},\"potentialAction\":[{\"@type\":\"SearchAction\",\"target\":{\"@type\":\"EntryPoint\",\"urlTemplate\":\"https:\\\/\\\/hospitalcmq.com\\\/fr\\\/?s={search_term_string}\"},\"query-input\":{\"@type\":\"PropertyValueSpecification\",\"valueRequired\":true,\"valueName\":\"search_term_string\"}}],\"inLanguage\":\"fr-FR\"},{\"@type\":\"Organization\",\"@id\":\"https:\\\/\\\/hospitalcmq.com\\\/fr\\\/#organization\",\"name\":\"Hospital CMQ\",\"url\":\"https:\\\/\\\/hospitalcmq.com\\\/fr\\\/\",\"logo\":{\"@type\":\"ImageObject\",\"inLanguage\":\"fr-FR\",\"@id\":\"https:\\\/\\\/hospitalcmq.com\\\/fr\\\/#\\\/schema\\\/logo\\\/image\\\/\",\"url\":\"https:\\\/\\\/hospitalcmq.com\\\/wp-content\\\/uploads\\\/2018\\\/06\\\/cmq-hospital-logo.png\",\"contentUrl\":\"https:\\\/\\\/hospitalcmq.com\\\/wp-content\\\/uploads\\\/2018\\\/06\\\/cmq-hospital-logo.png\",\"width\":214,\"height\":189,\"caption\":\"Hospital CMQ\"},\"image\":{\"@id\":\"https:\\\/\\\/hospitalcmq.com\\\/fr\\\/#\\\/schema\\\/logo\\\/image\\\/\"},\"sameAs\":[\"https:\\\/\\\/www.facebook.com\\\/HospitalCMQ\"]}]}<\/script>\n<!-- \/ Yoast SEO plugin. -->","yoast_head_json":{"title":"Service de nutrition aux h\u00f4pitaux CMQ de Puerto Vallarta","description":"Venez et profitez de notre service de nutrition aux h\u00f4pitaux CMQ et am\u00e9liorez votre sant\u00e9 - prenez rendez-vous d\u00e8s aujourd'hui !","robots":{"index":"index","follow":"follow","max-snippet":"max-snippet:-1","max-image-preview":"max-image-preview:large","max-video-preview":"max-video-preview:-1"},"canonical":"https:\/\/hospitalcmq.com\/fr\/services-medicaux\/nutrition\/","og_locale":"fr_FR","og_type":"article","og_title":"Service de nutrition aux h\u00f4pitaux CMQ de Puerto Vallarta","og_description":"Venez et profitez de notre service de nutrition aux h\u00f4pitaux CMQ et am\u00e9liorez votre sant\u00e9 - prenez rendez-vous d\u00e8s aujourd'hui !","og_url":"https:\/\/hospitalcmq.com\/fr\/services-medicaux\/nutrition\/","og_site_name":"Hospital CMQ","article_publisher":"https:\/\/www.facebook.com\/HospitalCMQ","article_modified_time":"2023-09-05T18:55:54+00:00","og_image":[{"url":"https:\/\/hospitalcmq.com\/wp-content\/uploads\/2018\/09\/nutrition.png","type":"","width":"","height":""}],"twitter_card":"summary_large_image","twitter_misc":{"Dur\u00e9e de lecture estim\u00e9e":"5 minutes"},"schema":{"@context":"https:\/\/schema.org","@graph":[{"@type":"WebPage","@id":"https:\/\/hospitalcmq.com\/fr\/services-medicaux\/nutrition\/","url":"https:\/\/hospitalcmq.com\/fr\/services-medicaux\/nutrition\/","name":"Service de nutrition aux h\u00f4pitaux CMQ de Puerto Vallarta","isPartOf":{"@id":"https:\/\/hospitalcmq.com\/fr\/#website"},"primaryImageOfPage":{"@id":"https:\/\/hospitalcmq.com\/fr\/services-medicaux\/nutrition\/#primaryimage"},"image":{"@id":"https:\/\/hospitalcmq.com\/fr\/services-medicaux\/nutrition\/#primaryimage"},"thumbnailUrl":"https:\/\/hospitalcmq.com\/wp-content\/uploads\/2018\/09\/nutrition.png","datePublished":"2023-08-25T17:43:07+00:00","dateModified":"2023-09-05T18:55:54+00:00","description":"Venez et profitez de notre service de nutrition aux h\u00f4pitaux CMQ et am\u00e9liorez votre sant\u00e9 - prenez rendez-vous d\u00e8s aujourd'hui !","breadcrumb":{"@id":"https:\/\/hospitalcmq.com\/fr\/services-medicaux\/nutrition\/#breadcrumb"},"inLanguage":"fr-FR","potentialAction":[{"@type":"ReadAction","target":["https:\/\/hospitalcmq.com\/fr\/services-medicaux\/nutrition\/"]}]},{"@type":"ImageObject","inLanguage":"fr-FR","@id":"https:\/\/hospitalcmq.com\/fr\/services-medicaux\/nutrition\/#primaryimage","url":"https:\/\/hospitalcmq.com\/wp-content\/uploads\/2018\/09\/nutrition.png","contentUrl":"https:\/\/hospitalcmq.com\/wp-content\/uploads\/2018\/09\/nutrition.png"},{"@type":"BreadcrumbList","@id":"https:\/\/hospitalcmq.com\/fr\/services-medicaux\/nutrition\/#breadcrumb","itemListElement":[{"@type":"ListItem","position":1,"name":"Home","item":"https:\/\/hospitalcmq.com\/fr\/"},{"@type":"ListItem","position":2,"name":"Services medicaux","item":"https:\/\/hospitalcmq.com\/fr\/services-medicaux\/"},{"@type":"ListItem","position":3,"name":"Nutrition"}]},{"@type":"WebSite","@id":"https:\/\/hospitalcmq.com\/fr\/#website","url":"https:\/\/hospitalcmq.com\/fr\/","name":"Hospital CMQ","description":"Best Hospitals in Puerto Vallarta &amp; Riviera Nayarit","publisher":{"@id":"https:\/\/hospitalcmq.com\/fr\/#organization"},"potentialAction":[{"@type":"SearchAction","target":{"@type":"EntryPoint","urlTemplate":"https:\/\/hospitalcmq.com\/fr\/?s={search_term_string}"},"query-input":{"@type":"PropertyValueSpecification","valueRequired":true,"valueName":"search_term_string"}}],"inLanguage":"fr-FR"},{"@type":"Organization","@id":"https:\/\/hospitalcmq.com\/fr\/#organization","name":"Hospital CMQ","url":"https:\/\/hospitalcmq.com\/fr\/","logo":{"@type":"ImageObject","inLanguage":"fr-FR","@id":"https:\/\/hospitalcmq.com\/fr\/#\/schema\/logo\/image\/","url":"https:\/\/hospitalcmq.com\/wp-content\/uploads\/2018\/06\/cmq-hospital-logo.png","contentUrl":"https:\/\/hospitalcmq.com\/wp-content\/uploads\/2018\/06\/cmq-hospital-logo.png","width":214,"height":189,"caption":"Hospital CMQ"},"image":{"@id":"https:\/\/hospitalcmq.com\/fr\/#\/schema\/logo\/image\/"},"sameAs":["https:\/\/www.facebook.com\/HospitalCMQ"]}]}},"_links":{"self":[{"href":"https:\/\/hospitalcmq.com\/fr\/wp-json\/wp\/v2\/pages\/13599","targetHints":{"allow":["GET"]}}],"collection":[{"href":"https:\/\/hospitalcmq.com\/fr\/wp-json\/wp\/v2\/pages"}],"about":[{"href":"https:\/\/hospitalcmq.com\/fr\/wp-json\/wp\/v2\/types\/page"}],"author":[{"embeddable":true,"href":"https:\/\/hospitalcmq.com\/fr\/wp-json\/wp\/v2\/users\/2"}],"replies":[{"embeddable":true,"href":"https:\/\/hospitalcmq.com\/fr\/wp-json\/wp\/v2\/comments?post=13599"}],"version-history":[{"count":0,"href":"https:\/\/hospitalcmq.com\/fr\/wp-json\/wp\/v2\/pages\/13599\/revisions"}],"up":[{"embeddable":true,"href":"https:\/\/hospitalcmq.com\/fr\/wp-json\/wp\/v2\/pages\/13570"}],"wp:attachment":[{"href":"https:\/\/hospitalcmq.com\/fr\/wp-json\/wp\/v2\/media?parent=13599"}],"curies":[{"name":"wp","href":"https:\/\/api.w.org\/{rel}","templated":true}]}}