{"id":13570,"date":"2023-08-18T15:41:14","date_gmt":"2023-08-18T21:41:14","guid":{"rendered":"https:\/\/hospitalcmq.com\/?page_id=13570"},"modified":"2024-06-10T10:51:52","modified_gmt":"2024-06-10T16:51:52","slug":"services-medicaux","status":"publish","type":"page","link":"https:\/\/hospitalcmq.com\/fr\/services-medicaux\/","title":{"rendered":"Services medicaux"},"content":{"rendered":"<div class=\"wpb-content-wrapper\"><p>[vc_row][vc_column][vc_single_image image=\u00a0\u00bb4599&Prime; img_size=\u00a0\u00bbfull\u00a0\u00bb alignment=\u00a0\u00bbcenter\u00a0\u00bb][\/vc_column][\/vc_row][vc_row][vc_column][vc_empty_space][vc_column_text]<\/p>\n<div class=\"block_style_similar text-center\">\n<div class=\"blockTitleAction\">\n<h1 class=\"title\">Dans les h\u00f4pitaux cmq, nous disposons d\u2019une large gamme de services m\u00e9dicaux qui vous sont exclusivement destin\u00e9s.<\/h1>\n<div class=\"desc px-0 px-lg-5 pb-0 pb-lg-3\">\n<p class=\"p1\">Aux h\u00f4pitaux CMQ, nous souhaitons que votre s\u00e9jour dans nos installations soit le plus agr\u00e9able possible. C\u2019est pourquoi nous consid\u00e9rons qu\u2019il est important que vous connaissiez les services m\u00e9dicaux et les d\u00e9partements de nos trois h\u00f4pitaux : <a href=\"https:\/\/hospitalcmq.com\/fr\/hopital\/cmq-centre\/\">CMQ Centre<\/a>, <a href=\"https:\/\/hospitalcmq.com\/fr\/hopital\/cmq-premiere\/\">CMQ Premiere<\/a> et <a href=\"https:\/\/hospitalcmq.com\/fr\/hopital\/cmq-riviera-nayarit\/\">CMQ Riviera Nayarit<\/a>.<\/p>\n<\/div>\n<\/div>\n<\/div>\n<p>[\/vc_column_text][vc_empty_space][\/vc_column][\/vc_row]<\/p>\n<\/div>","protected":false},"excerpt":{"rendered":"<p>En Hospitales CMQ queremos que su estancia en nuestras instalaciones sea lo m\u00e1s placentera. Nos importa tu comodidad y tu experiencia. Por tal raz\u00f3n te invitamos a conocer nuestros servicios hospitalarios y departamentos que se encuentran en nuestros hospitales.<\/p>\n","protected":false},"author":1,"featured_media":4599,"parent":0,"menu_order":0,"comment_status":"closed","ping_status":"closed","template":"template-parent-page-menu.php","meta":{"footnotes":""},"class_list":["post-13570","page","type-page","status-publish","has-post-thumbnail","hentry"],"acf":[],"yoast_head":"<!-- This site is optimized with the Yoast SEO plugin v27.5 - https:\/\/yoast.com\/product\/yoast-seo-wordpress\/ -->\n<title>Services m\u00e9dicaux disponibles 24 heures sur 24 et 7 jours sur 7<\/title>\n<meta name=\"description\" content=\"Services m\u00e9dicaux propos\u00e9s dans nos h\u00f4pitaux CMQ de Puerto Vallarta et Bucerias. Nous avons ce qu&#039;il vous faut pour vos soins.\" \/>\n<meta name=\"robots\" content=\"index, follow, max-snippet:-1, max-image-preview:large, max-video-preview:-1\" \/>\n<link rel=\"canonical\" href=\"https:\/\/hospitalcmq.com\/fr\/services-medicaux\/\" \/>\n<meta property=\"og:locale\" content=\"fr_FR\" \/>\n<meta property=\"og:type\" content=\"article\" \/>\n<meta property=\"og:title\" content=\"Services m\u00e9dicaux disponibles 24 heures sur 24 et 7 jours sur 7\" \/>\n<meta property=\"og:description\" content=\"Services m\u00e9dicaux propos\u00e9s dans nos h\u00f4pitaux CMQ de Puerto Vallarta et Bucerias. Nous avons ce qu&#039;il vous faut pour vos soins.\" \/>\n<meta property=\"og:url\" content=\"https:\/\/hospitalcmq.com\/fr\/services-medicaux\/\" \/>\n<meta property=\"og:site_name\" content=\"Hospital CMQ\" \/>\n<meta property=\"article:publisher\" content=\"https:\/\/www.facebook.com\/HospitalCMQ\" \/>\n<meta property=\"article:modified_time\" content=\"2024-06-10T16:51:52+00:00\" \/>\n<meta property=\"og:image\" content=\"https:\/\/hospitalcmq.com\/wp-content\/uploads\/2019\/02\/seguros-medicos.jpg\" \/>\n\t<meta property=\"og:image:width\" content=\"1110\" \/>\n\t<meta property=\"og:image:height\" content=\"300\" \/>\n\t<meta property=\"og:image:type\" content=\"image\/jpeg\" \/>\n<meta name=\"twitter:card\" content=\"summary_large_image\" \/>\n<meta name=\"twitter:label1\" content=\"Dur\u00e9e de lecture estim\u00e9e\" \/>\n\t<meta name=\"twitter:data1\" content=\"1 minute\" \/>\n<script type=\"application\/ld+json\" class=\"yoast-schema-graph\">{\"@context\":\"https:\\\/\\\/schema.org\",\"@graph\":[{\"@type\":\"WebPage\",\"@id\":\"https:\\\/\\\/hospitalcmq.com\\\/fr\\\/services-medicaux\\\/\",\"url\":\"https:\\\/\\\/hospitalcmq.com\\\/fr\\\/services-medicaux\\\/\",\"name\":\"Services m\u00e9dicaux disponibles 24 heures sur 24 et 7 jours sur 7\",\"isPartOf\":{\"@id\":\"https:\\\/\\\/hospitalcmq.com\\\/fr\\\/#website\"},\"primaryImageOfPage\":{\"@id\":\"https:\\\/\\\/hospitalcmq.com\\\/fr\\\/services-medicaux\\\/#primaryimage\"},\"image\":{\"@id\":\"https:\\\/\\\/hospitalcmq.com\\\/fr\\\/services-medicaux\\\/#primaryimage\"},\"thumbnailUrl\":\"https:\\\/\\\/hospitalcmq.com\\\/wp-content\\\/uploads\\\/2019\\\/02\\\/seguros-medicos.jpg\",\"datePublished\":\"2023-08-18T21:41:14+00:00\",\"dateModified\":\"2024-06-10T16:51:52+00:00\",\"description\":\"Services m\u00e9dicaux propos\u00e9s dans nos h\u00f4pitaux CMQ de Puerto Vallarta et Bucerias. Nous avons ce qu'il vous faut pour vos soins.\",\"breadcrumb\":{\"@id\":\"https:\\\/\\\/hospitalcmq.com\\\/fr\\\/services-medicaux\\\/#breadcrumb\"},\"inLanguage\":\"fr-FR\",\"potentialAction\":[{\"@type\":\"ReadAction\",\"target\":[\"https:\\\/\\\/hospitalcmq.com\\\/fr\\\/services-medicaux\\\/\"]}]},{\"@type\":\"ImageObject\",\"inLanguage\":\"fr-FR\",\"@id\":\"https:\\\/\\\/hospitalcmq.com\\\/fr\\\/services-medicaux\\\/#primaryimage\",\"url\":\"https:\\\/\\\/hospitalcmq.com\\\/wp-content\\\/uploads\\\/2019\\\/02\\\/seguros-medicos.jpg\",\"contentUrl\":\"https:\\\/\\\/hospitalcmq.com\\\/wp-content\\\/uploads\\\/2019\\\/02\\\/seguros-medicos.jpg\",\"width\":1110,\"height\":300,\"caption\":\"Health Insurance Hospital CMQ\"},{\"@type\":\"BreadcrumbList\",\"@id\":\"https:\\\/\\\/hospitalcmq.com\\\/fr\\\/services-medicaux\\\/#breadcrumb\",\"itemListElement\":[{\"@type\":\"ListItem\",\"position\":1,\"name\":\"Home\",\"item\":\"https:\\\/\\\/hospitalcmq.com\\\/fr\\\/\"},{\"@type\":\"ListItem\",\"position\":2,\"name\":\"Services medicaux\"}]},{\"@type\":\"WebSite\",\"@id\":\"https:\\\/\\\/hospitalcmq.com\\\/fr\\\/#website\",\"url\":\"https:\\\/\\\/hospitalcmq.com\\\/fr\\\/\",\"name\":\"Hospital CMQ\",\"description\":\"Best Hospitals in Puerto Vallarta &amp; Riviera Nayarit\",\"publisher\":{\"@id\":\"https:\\\/\\\/hospitalcmq.com\\\/fr\\\/#organization\"},\"potentialAction\":[{\"@type\":\"SearchAction\",\"target\":{\"@type\":\"EntryPoint\",\"urlTemplate\":\"https:\\\/\\\/hospitalcmq.com\\\/fr\\\/?s={search_term_string}\"},\"query-input\":{\"@type\":\"PropertyValueSpecification\",\"valueRequired\":true,\"valueName\":\"search_term_string\"}}],\"inLanguage\":\"fr-FR\"},{\"@type\":\"Organization\",\"@id\":\"https:\\\/\\\/hospitalcmq.com\\\/fr\\\/#organization\",\"name\":\"Hospital CMQ\",\"url\":\"https:\\\/\\\/hospitalcmq.com\\\/fr\\\/\",\"logo\":{\"@type\":\"ImageObject\",\"inLanguage\":\"fr-FR\",\"@id\":\"https:\\\/\\\/hospitalcmq.com\\\/fr\\\/#\\\/schema\\\/logo\\\/image\\\/\",\"url\":\"https:\\\/\\\/hospitalcmq.com\\\/wp-content\\\/uploads\\\/2018\\\/06\\\/cmq-hospital-logo.png\",\"contentUrl\":\"https:\\\/\\\/hospitalcmq.com\\\/wp-content\\\/uploads\\\/2018\\\/06\\\/cmq-hospital-logo.png\",\"width\":214,\"height\":189,\"caption\":\"Hospital CMQ\"},\"image\":{\"@id\":\"https:\\\/\\\/hospitalcmq.com\\\/fr\\\/#\\\/schema\\\/logo\\\/image\\\/\"},\"sameAs\":[\"https:\\\/\\\/www.facebook.com\\\/HospitalCMQ\"]}]}<\/script>\n<!-- \/ Yoast SEO plugin. -->","yoast_head_json":{"title":"Services m\u00e9dicaux disponibles 24 heures sur 24 et 7 jours sur 7","description":"Services m\u00e9dicaux propos\u00e9s dans nos h\u00f4pitaux CMQ de Puerto Vallarta et Bucerias. Nous avons ce qu'il vous faut pour vos soins.","robots":{"index":"index","follow":"follow","max-snippet":"max-snippet:-1","max-image-preview":"max-image-preview:large","max-video-preview":"max-video-preview:-1"},"canonical":"https:\/\/hospitalcmq.com\/fr\/services-medicaux\/","og_locale":"fr_FR","og_type":"article","og_title":"Services m\u00e9dicaux disponibles 24 heures sur 24 et 7 jours sur 7","og_description":"Services m\u00e9dicaux propos\u00e9s dans nos h\u00f4pitaux CMQ de Puerto Vallarta et Bucerias. Nous avons ce qu'il vous faut pour vos soins.","og_url":"https:\/\/hospitalcmq.com\/fr\/services-medicaux\/","og_site_name":"Hospital CMQ","article_publisher":"https:\/\/www.facebook.com\/HospitalCMQ","article_modified_time":"2024-06-10T16:51:52+00:00","og_image":[{"width":1110,"height":300,"url":"https:\/\/hospitalcmq.com\/wp-content\/uploads\/2019\/02\/seguros-medicos.jpg","type":"image\/jpeg"}],"twitter_card":"summary_large_image","twitter_misc":{"Dur\u00e9e de lecture estim\u00e9e":"1 minute"},"schema":{"@context":"https:\/\/schema.org","@graph":[{"@type":"WebPage","@id":"https:\/\/hospitalcmq.com\/fr\/services-medicaux\/","url":"https:\/\/hospitalcmq.com\/fr\/services-medicaux\/","name":"Services m\u00e9dicaux disponibles 24 heures sur 24 et 7 jours sur 7","isPartOf":{"@id":"https:\/\/hospitalcmq.com\/fr\/#website"},"primaryImageOfPage":{"@id":"https:\/\/hospitalcmq.com\/fr\/services-medicaux\/#primaryimage"},"image":{"@id":"https:\/\/hospitalcmq.com\/fr\/services-medicaux\/#primaryimage"},"thumbnailUrl":"https:\/\/hospitalcmq.com\/wp-content\/uploads\/2019\/02\/seguros-medicos.jpg","datePublished":"2023-08-18T21:41:14+00:00","dateModified":"2024-06-10T16:51:52+00:00","description":"Services m\u00e9dicaux propos\u00e9s dans nos h\u00f4pitaux CMQ de Puerto Vallarta et Bucerias. Nous avons ce qu'il vous faut pour vos soins.","breadcrumb":{"@id":"https:\/\/hospitalcmq.com\/fr\/services-medicaux\/#breadcrumb"},"inLanguage":"fr-FR","potentialAction":[{"@type":"ReadAction","target":["https:\/\/hospitalcmq.com\/fr\/services-medicaux\/"]}]},{"@type":"ImageObject","inLanguage":"fr-FR","@id":"https:\/\/hospitalcmq.com\/fr\/services-medicaux\/#primaryimage","url":"https:\/\/hospitalcmq.com\/wp-content\/uploads\/2019\/02\/seguros-medicos.jpg","contentUrl":"https:\/\/hospitalcmq.com\/wp-content\/uploads\/2019\/02\/seguros-medicos.jpg","width":1110,"height":300,"caption":"Health Insurance Hospital CMQ"},{"@type":"BreadcrumbList","@id":"https:\/\/hospitalcmq.com\/fr\/services-medicaux\/#breadcrumb","itemListElement":[{"@type":"ListItem","position":1,"name":"Home","item":"https:\/\/hospitalcmq.com\/fr\/"},{"@type":"ListItem","position":2,"name":"Services medicaux"}]},{"@type":"WebSite","@id":"https:\/\/hospitalcmq.com\/fr\/#website","url":"https:\/\/hospitalcmq.com\/fr\/","name":"Hospital CMQ","description":"Best Hospitals in Puerto Vallarta &amp; Riviera Nayarit","publisher":{"@id":"https:\/\/hospitalcmq.com\/fr\/#organization"},"potentialAction":[{"@type":"SearchAction","target":{"@type":"EntryPoint","urlTemplate":"https:\/\/hospitalcmq.com\/fr\/?s={search_term_string}"},"query-input":{"@type":"PropertyValueSpecification","valueRequired":true,"valueName":"search_term_string"}}],"inLanguage":"fr-FR"},{"@type":"Organization","@id":"https:\/\/hospitalcmq.com\/fr\/#organization","name":"Hospital CMQ","url":"https:\/\/hospitalcmq.com\/fr\/","logo":{"@type":"ImageObject","inLanguage":"fr-FR","@id":"https:\/\/hospitalcmq.com\/fr\/#\/schema\/logo\/image\/","url":"https:\/\/hospitalcmq.com\/wp-content\/uploads\/2018\/06\/cmq-hospital-logo.png","contentUrl":"https:\/\/hospitalcmq.com\/wp-content\/uploads\/2018\/06\/cmq-hospital-logo.png","width":214,"height":189,"caption":"Hospital CMQ"},"image":{"@id":"https:\/\/hospitalcmq.com\/fr\/#\/schema\/logo\/image\/"},"sameAs":["https:\/\/www.facebook.com\/HospitalCMQ"]}]}},"_links":{"self":[{"href":"https:\/\/hospitalcmq.com\/fr\/wp-json\/wp\/v2\/pages\/13570","targetHints":{"allow":["GET"]}}],"collection":[{"href":"https:\/\/hospitalcmq.com\/fr\/wp-json\/wp\/v2\/pages"}],"about":[{"href":"https:\/\/hospitalcmq.com\/fr\/wp-json\/wp\/v2\/types\/page"}],"author":[{"embeddable":true,"href":"https:\/\/hospitalcmq.com\/fr\/wp-json\/wp\/v2\/users\/1"}],"replies":[{"embeddable":true,"href":"https:\/\/hospitalcmq.com\/fr\/wp-json\/wp\/v2\/comments?post=13570"}],"version-history":[{"count":0,"href":"https:\/\/hospitalcmq.com\/fr\/wp-json\/wp\/v2\/pages\/13570\/revisions"}],"wp:featuredmedia":[{"embeddable":true,"href":"https:\/\/hospitalcmq.com\/fr\/wp-json\/wp\/v2\/media\/4599"}],"wp:attachment":[{"href":"https:\/\/hospitalcmq.com\/fr\/wp-json\/wp\/v2\/media?parent=13570"}],"curies":[{"name":"wp","href":"https:\/\/api.w.org\/{rel}","templated":true}]}}