{"id":13568,"date":"2023-08-18T15:39:44","date_gmt":"2023-08-18T21:39:44","guid":{"rendered":"https:\/\/hospitalcmq.com\/?page_id=13568"},"modified":"2024-10-08T12:53:42","modified_gmt":"2024-10-08T18:53:42","slug":"medicine-familiale","status":"publish","type":"page","link":"https:\/\/hospitalcmq.com\/fr\/services-medicaux\/medicine-familiale\/","title":{"rendered":"La m\u00e9decine familiale aux h\u00f4pitaux CMQ"},"content":{"rendered":"<div class=\"wpb-content-wrapper\"><p>[vc_row][vc_column][vc_column_text el_id=\u00a0\u00bbhospital-cmq-family-medicine-clinic\u00a0\u00bb]<img loading=\"lazy\" decoding=\"async\" class=\"alignright wp-image-138 size-full\" src=\"https:\/\/hospitalcmq.com\/wp-content\/uploads\/2017\/07\/page1-a.png\" alt=\"Hospital CMQ's Family Medicine Clinic in Puerto Vallarta\" width=\"470\" height=\"263\" \/><\/p>\n<h2 class=\"p1\">Nous sommes toujours \u00e0 vos c\u00f4t\u00e9s !<\/h2>\n<p class=\"p1\">Imaginez avoir un m\u00e9decin qui conna\u00eet tous vos ant\u00e9c\u00e9dents m\u00e9dicaux et ceux de vos proches. Quelqu&rsquo;un qui peut vous aider dans n&rsquo;importe quelle situation de sant\u00e9 qui se pr\u00e9sente, des nouveau-n\u00e9s aux personnes \u00e2g\u00e9es. Dans notre d\u00e9partement de m\u00e9decine familiale des h\u00f4pitaux CMQ, nous sommes toujours \u00e0 vos c\u00f4t\u00e9s avec l&rsquo;\u00e9quipe de professionnels de la sant\u00e9 la plus pr\u00e9par\u00e9e et la plus compl\u00e8te de Puerto Vallarta.<\/p>\n<p class=\"p1\"><b>Planifiez votre consultation avec nos sp\u00e9cialistes en m\u00e9decine familiale<br \/>\n<\/b><b>T. 01 52 (322) 226-6500<\/b><\/p>\n<p class=\"p1\">Dans le monde complexe des soins m\u00e9dicaux, le service de m\u00e9decine familiale des h\u00f4pitaux CMQ se concentre sur le traitement individuel de chaque patient et offre des soins complets de qualit\u00e9. Contrairement \u00e0 d&rsquo;autres m\u00e9decins qui se sp\u00e9cialisent dans des domaines plus directs, la m\u00e9decine familiale offre des services m\u00e9dicaux dans tous les aspects et fonctions du corps humain. La m\u00e9decine familiale ou m\u00e9decine de famille a ses origines en 1969, lorsque la croissance de la m\u00e9decine et la sous-sp\u00e9cialisation ont cr\u00e9\u00e9 un besoin de renforcer le r\u00f4le des m\u00e9decins g\u00e9n\u00e9ralistes.<\/p>\n<p>[\/vc_column_text][vc_empty_space height=\u00a0\u00bb28px\u00a0\u00bb][vc_single_image image=\u00a0\u00bb5315&Prime; alignment=\u00a0\u00bbcenter\u00a0\u00bb][vc_empty_space height=\u00a0\u00bb28px\u00a0\u00bb][vc_column_text el_id=\u00a0\u00bbfamily-medicine-medical-services\u00a0\u00bb]<\/p>\n<h2 class=\"p1\">Les services du d\u00e9partement de m\u00e9decine familiale<\/h2>\n<p>[\/vc_column_text][vc_empty_space height=\u00a0\u00bb16px\u00a0\u00bb][vc_column_text]<\/p>\n<p class=\"p1\">Dans notre d\u00e9partement de m\u00e9decine familiale aux H\u00f4pitaux CMQ, nous offrons des soins de la plus haute qualit\u00e9, totalement abordables et complets aux habitants de Puerto Vallarta et de la Riviera Nayarit. Nos sp\u00e9cialistes en m\u00e9decine familiale disposent d&rsquo;une formation et d&rsquo;une exp\u00e9rience approfondies pour offrir un large \u00e9ventail de services m\u00e9dicaux, tels que:<\/p>\n<p>[\/vc_column_text][vc_empty_space height=\u00a0\u00bb28px\u00a0\u00bb][vc_row_inner][vc_column_inner width=\u00a0\u00bb1\/3&Prime;][vc_column_text]<\/p>\n<ul>\n<li class=\"li1\">M\u00e9decine pr\u00e9ventive<\/li>\n<li class=\"li1\">Bilans de sant\u00e9<\/li>\n<\/ul>\n<p>[\/vc_column_text][\/vc_column_inner][vc_column_inner width=\u00a0\u00bb1\/3&Prime;][vc_column_text]<\/p>\n<ul>\n<li class=\"li1\">Vaccinations<\/li>\n<li class=\"li1\">Bilans de sant\u00e9 de routine<\/li>\n<\/ul>\n<p>[\/vc_column_text][\/vc_column_inner][vc_column_inner width=\u00a0\u00bb1\/3&Prime;][vc_column_text]<\/p>\n<ul>\n<li class=\"li1\">Conseils personnalis\u00e9s<\/li>\n<li class=\"li1\">Gestion des maladies aigu\u00ebs et chroniques<\/li>\n<\/ul>\n<p>[\/vc_column_text][\/vc_column_inner][\/vc_row_inner][vc_empty_space height=\u00a0\u00bb28px\u00a0\u00bb][vc_column_text]<\/p>\n<p class=\"p1\">Qu&rsquo;il s&rsquo;agisse d&rsquo;hypertension, d&rsquo;accidents vasculaires c\u00e9r\u00e9braux ou de maladies cardiaques, de diab\u00e8te, de cancer, d&rsquo;asthme, d&rsquo;ob\u00e9sit\u00e9, d&rsquo;arthrite ou d&rsquo;allergies, nos m\u00e9decins de famille s&rsquo;engagent \u00e0 vous offrir, \u00e0 vous et \u00e0 vos proches, des soins excellents et empreints de compr\u00e9hension.<\/p>\n<p>[\/vc_column_text][\/vc_column][\/vc_row]<\/p>\n<\/div>","protected":false},"excerpt":{"rendered":"<p>Imaginez que vous ayez un m\u00e9decin qui vous connaisse, qui s\u2019occupe de vous et de vos proches, quelqu\u2019un qui puisse vous aider \u00e0 r\u00e9pondre \u00e0 tous vos besoins en mati\u00e8re de sant\u00e9. Dans notre clinique de m\u00e9decine familiale des h\u00f4pitaux cmq, nous sommes toujours \u00e0 vos c\u00f4t\u00e9s. Nous sommes les piliers qui vous aideront \u00e0 atteindre un \u00e9tat de sant\u00e9 et de bien-\u00eatre optimal. Nous nous effor\u00e7ons d\u2019offrir un traitement complet et personnalis\u00e9 \u00e0 chaque patient.<\/p>\n","protected":false},"author":1,"featured_media":0,"parent":13570,"menu_order":0,"comment_status":"closed","ping_status":"closed","template":"","meta":{"footnotes":""},"class_list":["post-13568","page","type-page","status-publish","hentry"],"acf":[],"yoast_head":"<!-- This site is optimized with the Yoast SEO plugin v27.4 - https:\/\/yoast.com\/product\/yoast-seo-wordpress\/ -->\n<title>M\u00e9decine familiale h\u00f4pitaux CMQ<\/title>\n<meta name=\"description\" content=\"Nous sommes toujours \u00e0 vos c\u00f4t\u00e9s ! Notre service de m\u00e9decine familiale s&#039;occupe de toutes les situations de sant\u00e9 \u00e0 Puerto Vallarta.\" \/>\n<meta name=\"robots\" content=\"index, follow, max-snippet:-1, max-image-preview:large, max-video-preview:-1\" \/>\n<link rel=\"canonical\" href=\"https:\/\/hospitalcmq.com\/fr\/services-medicaux\/medicine-familiale\/\" \/>\n<meta property=\"og:locale\" content=\"fr_FR\" \/>\n<meta property=\"og:type\" content=\"article\" \/>\n<meta property=\"og:title\" content=\"M\u00e9decine familiale h\u00f4pitaux CMQ\" \/>\n<meta property=\"og:description\" content=\"Nous sommes toujours \u00e0 vos c\u00f4t\u00e9s ! Notre service de m\u00e9decine familiale s&#039;occupe de toutes les situations de sant\u00e9 \u00e0 Puerto Vallarta.\" \/>\n<meta property=\"og:url\" content=\"https:\/\/hospitalcmq.com\/fr\/services-medicaux\/medicine-familiale\/\" \/>\n<meta property=\"og:site_name\" content=\"Hospital CMQ\" \/>\n<meta property=\"article:publisher\" content=\"https:\/\/www.facebook.com\/HospitalCMQ\" \/>\n<meta property=\"article:modified_time\" content=\"2024-10-08T18:53:42+00:00\" \/>\n<meta property=\"og:image\" content=\"https:\/\/hospitalcmq.com\/wp-content\/uploads\/2017\/07\/page1-a.png\" \/>\n\t<meta property=\"og:image:width\" content=\"470\" \/>\n\t<meta property=\"og:image:height\" content=\"263\" \/>\n\t<meta property=\"og:image:type\" content=\"image\/png\" \/>\n<meta name=\"twitter:card\" content=\"summary_large_image\" \/>\n<meta name=\"twitter:label1\" content=\"Dur\u00e9e de lecture estim\u00e9e\" \/>\n\t<meta name=\"twitter:data1\" content=\"2 minutes\" \/>\n<script type=\"application\/ld+json\" class=\"yoast-schema-graph\">{\"@context\":\"https:\\\/\\\/schema.org\",\"@graph\":[{\"@type\":\"WebPage\",\"@id\":\"https:\\\/\\\/hospitalcmq.com\\\/fr\\\/services-medicaux\\\/medicine-familiale\\\/\",\"url\":\"https:\\\/\\\/hospitalcmq.com\\\/fr\\\/services-medicaux\\\/medicine-familiale\\\/\",\"name\":\"M\u00e9decine familiale h\u00f4pitaux CMQ\",\"isPartOf\":{\"@id\":\"https:\\\/\\\/hospitalcmq.com\\\/fr\\\/#website\"},\"primaryImageOfPage\":{\"@id\":\"https:\\\/\\\/hospitalcmq.com\\\/fr\\\/services-medicaux\\\/medicine-familiale\\\/#primaryimage\"},\"image\":{\"@id\":\"https:\\\/\\\/hospitalcmq.com\\\/fr\\\/services-medicaux\\\/medicine-familiale\\\/#primaryimage\"},\"thumbnailUrl\":\"https:\\\/\\\/hospitalcmq.com\\\/wp-content\\\/uploads\\\/2017\\\/07\\\/page1-a.png\",\"datePublished\":\"2023-08-18T21:39:44+00:00\",\"dateModified\":\"2024-10-08T18:53:42+00:00\",\"description\":\"Nous sommes toujours \u00e0 vos c\u00f4t\u00e9s ! Notre service de m\u00e9decine familiale s'occupe de toutes les situations de sant\u00e9 \u00e0 Puerto Vallarta.\",\"breadcrumb\":{\"@id\":\"https:\\\/\\\/hospitalcmq.com\\\/fr\\\/services-medicaux\\\/medicine-familiale\\\/#breadcrumb\"},\"inLanguage\":\"fr-FR\",\"potentialAction\":[{\"@type\":\"ReadAction\",\"target\":[\"https:\\\/\\\/hospitalcmq.com\\\/fr\\\/services-medicaux\\\/medicine-familiale\\\/\"]}]},{\"@type\":\"ImageObject\",\"inLanguage\":\"fr-FR\",\"@id\":\"https:\\\/\\\/hospitalcmq.com\\\/fr\\\/services-medicaux\\\/medicine-familiale\\\/#primaryimage\",\"url\":\"https:\\\/\\\/hospitalcmq.com\\\/wp-content\\\/uploads\\\/2017\\\/07\\\/page1-a.png\",\"contentUrl\":\"https:\\\/\\\/hospitalcmq.com\\\/wp-content\\\/uploads\\\/2017\\\/07\\\/page1-a.png\"},{\"@type\":\"BreadcrumbList\",\"@id\":\"https:\\\/\\\/hospitalcmq.com\\\/fr\\\/services-medicaux\\\/medicine-familiale\\\/#breadcrumb\",\"itemListElement\":[{\"@type\":\"ListItem\",\"position\":1,\"name\":\"Home\",\"item\":\"https:\\\/\\\/hospitalcmq.com\\\/fr\\\/\"},{\"@type\":\"ListItem\",\"position\":2,\"name\":\"Services medicaux\",\"item\":\"https:\\\/\\\/hospitalcmq.com\\\/fr\\\/services-medicaux\\\/\"},{\"@type\":\"ListItem\",\"position\":3,\"name\":\"La m\u00e9decine familiale aux h\u00f4pitaux CMQ\"}]},{\"@type\":\"WebSite\",\"@id\":\"https:\\\/\\\/hospitalcmq.com\\\/fr\\\/#website\",\"url\":\"https:\\\/\\\/hospitalcmq.com\\\/fr\\\/\",\"name\":\"Hospital CMQ\",\"description\":\"Best Hospitals in Puerto Vallarta &amp; Riviera Nayarit\",\"publisher\":{\"@id\":\"https:\\\/\\\/hospitalcmq.com\\\/fr\\\/#organization\"},\"potentialAction\":[{\"@type\":\"SearchAction\",\"target\":{\"@type\":\"EntryPoint\",\"urlTemplate\":\"https:\\\/\\\/hospitalcmq.com\\\/fr\\\/?s={search_term_string}\"},\"query-input\":{\"@type\":\"PropertyValueSpecification\",\"valueRequired\":true,\"valueName\":\"search_term_string\"}}],\"inLanguage\":\"fr-FR\"},{\"@type\":\"Organization\",\"@id\":\"https:\\\/\\\/hospitalcmq.com\\\/fr\\\/#organization\",\"name\":\"Hospital CMQ\",\"url\":\"https:\\\/\\\/hospitalcmq.com\\\/fr\\\/\",\"logo\":{\"@type\":\"ImageObject\",\"inLanguage\":\"fr-FR\",\"@id\":\"https:\\\/\\\/hospitalcmq.com\\\/fr\\\/#\\\/schema\\\/logo\\\/image\\\/\",\"url\":\"https:\\\/\\\/hospitalcmq.com\\\/wp-content\\\/uploads\\\/2018\\\/06\\\/cmq-hospital-logo.png\",\"contentUrl\":\"https:\\\/\\\/hospitalcmq.com\\\/wp-content\\\/uploads\\\/2018\\\/06\\\/cmq-hospital-logo.png\",\"width\":214,\"height\":189,\"caption\":\"Hospital CMQ\"},\"image\":{\"@id\":\"https:\\\/\\\/hospitalcmq.com\\\/fr\\\/#\\\/schema\\\/logo\\\/image\\\/\"},\"sameAs\":[\"https:\\\/\\\/www.facebook.com\\\/HospitalCMQ\"]}]}<\/script>\n<!-- \/ Yoast SEO plugin. -->","yoast_head_json":{"title":"M\u00e9decine familiale h\u00f4pitaux CMQ","description":"Nous sommes toujours \u00e0 vos c\u00f4t\u00e9s ! Notre service de m\u00e9decine familiale s'occupe de toutes les situations de sant\u00e9 \u00e0 Puerto Vallarta.","robots":{"index":"index","follow":"follow","max-snippet":"max-snippet:-1","max-image-preview":"max-image-preview:large","max-video-preview":"max-video-preview:-1"},"canonical":"https:\/\/hospitalcmq.com\/fr\/services-medicaux\/medicine-familiale\/","og_locale":"fr_FR","og_type":"article","og_title":"M\u00e9decine familiale h\u00f4pitaux CMQ","og_description":"Nous sommes toujours \u00e0 vos c\u00f4t\u00e9s ! Notre service de m\u00e9decine familiale s'occupe de toutes les situations de sant\u00e9 \u00e0 Puerto Vallarta.","og_url":"https:\/\/hospitalcmq.com\/fr\/services-medicaux\/medicine-familiale\/","og_site_name":"Hospital CMQ","article_publisher":"https:\/\/www.facebook.com\/HospitalCMQ","article_modified_time":"2024-10-08T18:53:42+00:00","og_image":[{"width":470,"height":263,"url":"https:\/\/hospitalcmq.com\/wp-content\/uploads\/2017\/07\/page1-a.png","type":"image\/png"}],"twitter_card":"summary_large_image","twitter_misc":{"Dur\u00e9e de lecture estim\u00e9e":"2 minutes"},"schema":{"@context":"https:\/\/schema.org","@graph":[{"@type":"WebPage","@id":"https:\/\/hospitalcmq.com\/fr\/services-medicaux\/medicine-familiale\/","url":"https:\/\/hospitalcmq.com\/fr\/services-medicaux\/medicine-familiale\/","name":"M\u00e9decine familiale h\u00f4pitaux CMQ","isPartOf":{"@id":"https:\/\/hospitalcmq.com\/fr\/#website"},"primaryImageOfPage":{"@id":"https:\/\/hospitalcmq.com\/fr\/services-medicaux\/medicine-familiale\/#primaryimage"},"image":{"@id":"https:\/\/hospitalcmq.com\/fr\/services-medicaux\/medicine-familiale\/#primaryimage"},"thumbnailUrl":"https:\/\/hospitalcmq.com\/wp-content\/uploads\/2017\/07\/page1-a.png","datePublished":"2023-08-18T21:39:44+00:00","dateModified":"2024-10-08T18:53:42+00:00","description":"Nous sommes toujours \u00e0 vos c\u00f4t\u00e9s ! Notre service de m\u00e9decine familiale s'occupe de toutes les situations de sant\u00e9 \u00e0 Puerto Vallarta.","breadcrumb":{"@id":"https:\/\/hospitalcmq.com\/fr\/services-medicaux\/medicine-familiale\/#breadcrumb"},"inLanguage":"fr-FR","potentialAction":[{"@type":"ReadAction","target":["https:\/\/hospitalcmq.com\/fr\/services-medicaux\/medicine-familiale\/"]}]},{"@type":"ImageObject","inLanguage":"fr-FR","@id":"https:\/\/hospitalcmq.com\/fr\/services-medicaux\/medicine-familiale\/#primaryimage","url":"https:\/\/hospitalcmq.com\/wp-content\/uploads\/2017\/07\/page1-a.png","contentUrl":"https:\/\/hospitalcmq.com\/wp-content\/uploads\/2017\/07\/page1-a.png"},{"@type":"BreadcrumbList","@id":"https:\/\/hospitalcmq.com\/fr\/services-medicaux\/medicine-familiale\/#breadcrumb","itemListElement":[{"@type":"ListItem","position":1,"name":"Home","item":"https:\/\/hospitalcmq.com\/fr\/"},{"@type":"ListItem","position":2,"name":"Services medicaux","item":"https:\/\/hospitalcmq.com\/fr\/services-medicaux\/"},{"@type":"ListItem","position":3,"name":"La m\u00e9decine familiale aux h\u00f4pitaux CMQ"}]},{"@type":"WebSite","@id":"https:\/\/hospitalcmq.com\/fr\/#website","url":"https:\/\/hospitalcmq.com\/fr\/","name":"Hospital CMQ","description":"Best Hospitals in Puerto Vallarta &amp; Riviera Nayarit","publisher":{"@id":"https:\/\/hospitalcmq.com\/fr\/#organization"},"potentialAction":[{"@type":"SearchAction","target":{"@type":"EntryPoint","urlTemplate":"https:\/\/hospitalcmq.com\/fr\/?s={search_term_string}"},"query-input":{"@type":"PropertyValueSpecification","valueRequired":true,"valueName":"search_term_string"}}],"inLanguage":"fr-FR"},{"@type":"Organization","@id":"https:\/\/hospitalcmq.com\/fr\/#organization","name":"Hospital CMQ","url":"https:\/\/hospitalcmq.com\/fr\/","logo":{"@type":"ImageObject","inLanguage":"fr-FR","@id":"https:\/\/hospitalcmq.com\/fr\/#\/schema\/logo\/image\/","url":"https:\/\/hospitalcmq.com\/wp-content\/uploads\/2018\/06\/cmq-hospital-logo.png","contentUrl":"https:\/\/hospitalcmq.com\/wp-content\/uploads\/2018\/06\/cmq-hospital-logo.png","width":214,"height":189,"caption":"Hospital CMQ"},"image":{"@id":"https:\/\/hospitalcmq.com\/fr\/#\/schema\/logo\/image\/"},"sameAs":["https:\/\/www.facebook.com\/HospitalCMQ"]}]}},"_links":{"self":[{"href":"https:\/\/hospitalcmq.com\/fr\/wp-json\/wp\/v2\/pages\/13568","targetHints":{"allow":["GET"]}}],"collection":[{"href":"https:\/\/hospitalcmq.com\/fr\/wp-json\/wp\/v2\/pages"}],"about":[{"href":"https:\/\/hospitalcmq.com\/fr\/wp-json\/wp\/v2\/types\/page"}],"author":[{"embeddable":true,"href":"https:\/\/hospitalcmq.com\/fr\/wp-json\/wp\/v2\/users\/1"}],"replies":[{"embeddable":true,"href":"https:\/\/hospitalcmq.com\/fr\/wp-json\/wp\/v2\/comments?post=13568"}],"version-history":[{"count":0,"href":"https:\/\/hospitalcmq.com\/fr\/wp-json\/wp\/v2\/pages\/13568\/revisions"}],"up":[{"embeddable":true,"href":"https:\/\/hospitalcmq.com\/fr\/wp-json\/wp\/v2\/pages\/13570"}],"wp:attachment":[{"href":"https:\/\/hospitalcmq.com\/fr\/wp-json\/wp\/v2\/media?parent=13568"}],"curies":[{"name":"wp","href":"https:\/\/api.w.org\/{rel}","templated":true}]}}