{"id":13534,"date":"2023-08-14T11:22:12","date_gmt":"2023-08-14T17:22:12","guid":{"rendered":"https:\/\/hospitalcmq.com\/?page_id=13534"},"modified":"2025-07-26T10:53:11","modified_gmt":"2025-07-26T16:53:11","slug":"tour-medicale","status":"publish","type":"page","link":"https:\/\/hospitalcmq.com\/fr\/hopital\/tour-medicale\/","title":{"rendered":"Tour M\u00e9dicale"},"content":{"rendered":"<div class=\"wpb-content-wrapper\"><p>[vc_row full_width=\u00a0\u00bbstretch_row_content_no_spaces\u00a0\u00bb el_class=\u00a0\u00bbfull-with-each\u00a0\u00bb css=\u00a0\u00bb.vc_custom_1651252319177{padding-top: 0px !important;padding-right: 0px !important;padding-bottom: 0px !important;padding-left: 0px !important;}\u00a0\u00bb][vc_column css=\u00a0\u00bb.vc_custom_1649455352414{padding-top: 0px !important;padding-right: 0px !important;padding-bottom: 0px !important;padding-left: 0px !important;}\u00a0\u00bb][vc_single_image image=\u00a0\u00bb12906&Prime; img_size=\u00a0\u00bbfull\u00a0\u00bb css=\u00a0\u00bb.vc_custom_1651249907916{padding-top: 0px !important;padding-right: 0px !important;padding-bottom: 0px !important;padding-left: 0px !important;}\u00a0\u00bb][\/vc_column][\/vc_row][vc_column][\/vc_column][vc_row][vc_column][vc_empty_space][vc_column_text]<\/p>\n<div class=\"text-center\">\n<h1 class=\"title\"><strong>Tour m\u00e9dicale<\/strong><\/h1>\n<div class=\"desc p-3 bg-primary text-white\">\n<p>A c\u00f4t\u00e9 \u00e0 l&rsquo;h\u00f4pital CMQ Riviera Nayarit se trouve la tour m\u00e9dicale des sp\u00e9cialit\u00e9s, un b\u00e2timent o\u00f9 plus de 20 m\u00e9decins sp\u00e9cialistes hautement qualifi\u00e9s se consacrent aux soins m\u00e9dicaux.<\/p>\n<\/div>\n<\/div>\n<p>[\/vc_column_text][vc_empty_space][vc_column_text]Compos\u00e9e d&rsquo;installations modernes et de bureaux confortables sur deux \u00e9tages, cette construction fournit des soins et des services m\u00e9dicaux de qualit\u00e9 aux populations de Nuevo Vallarta, des lotissements de Punta de Mita, de La Cruz de Huanacaxtle, de San Pancho et de Sayulita. La Tour M\u00e9dicale offre un large \u00e9ventail d&rsquo;excellentes sp\u00e9cialit\u00e9s pour la pr\u00e9vention, le r\u00e9tablissement et la pr\u00e9servation de votre sant\u00e9.[\/vc_column_text][\/vc_column][\/vc_row][vc_row][vc_column width=\u00a0\u00bb1\/3&Prime; el_class=\u00a0\u00bbtable-responsive\u00a0\u00bb][vc_custom_heading text=\u00a0\u00bbLobby\u00a0\u00bb font_container=\u00a0\u00bbtag:h3|text_align:left\u00a0\u00bb use_theme_fonts=\u00a0\u00bbyes\u00a0\u00bb][vc_column_text css=\u00a0\u00bb\u00a0\u00bb]<\/p>\n<table style=\"width: 49.9085%; height: 280px;\">\n<tbody>\n<tr style=\"height: 24px;\">\n<td style=\"height: 24px;\"><b>Bureau<\/b><\/td>\n<td style=\"height: 24px;\"><b>M\u00e9decin<\/b><\/td>\n<td style=\"height: 24px;\"><b>Sp\u00e9cialit\u00e9<\/b><\/td>\n<\/tr>\n<tr style=\"height: 48px;\">\n<td style=\"height: 48px;\"><b>Locaux 1<\/b><\/td>\n<td style=\"height: 48px;\"><a href=\"https:\/\/hospitalcmq.com\/fr\/medecins\/cardiologues-a-puerto-vallarta\/leonel-molina\/\">Dr. Leonel Molina<\/a><br \/>\n<a href=\"https:\/\/hospitalcmq.com\/fr\/medecins\/angiologues-a-puerto-vallarta\/cintiha-martinez\/\">Dr. Cintiha Mart\u00ednez<\/a><\/td>\n<td style=\"height: 48px;\">Heart &amp; Vascular \u2013 Cardiac and Vein Center<\/td>\n<\/tr>\n<tr style=\"height: 24px;\">\n<td style=\"height: 24px;\"><b>Locaux 2<\/b><\/td>\n<td style=\"height: 24px;\"><a href=\"https:\/\/hospitalcmq.com\/fr\/medecins\/traumatologues-et-orthopedistes-a-puerto-vallarta\/francisco-del-toro-lomeli\/\">Dr. Francisco del Toro<\/a><\/td>\n<td style=\"height: 24px;\">Orthopedic Surgery Center<\/td>\n<\/tr>\n<tr style=\"height: 24px;\">\n<td style=\"height: 24px;\"><b>Locaux 3<\/b><\/td>\n<td style=\"height: 24px;\">Dr. M\u00f3nica Orozco<\/td>\n<td style=\"height: 24px;\">Ophthalmologir et Optique<\/td>\n<\/tr>\n<tr style=\"height: 160px;\">\n<td style=\"height: 160px;\"><b>Locaux 4<\/b><\/td>\n<td style=\"height: 160px;\"><a href=\"https:\/\/hospitalcmq.com\/fr\/medecins\/podologues-a-puerto-vallarta\/paty-villanueva\/\">Pod. Paty Villanueva<\/a><\/p>\n<p><a href=\"https:\/\/hospitalcmq.com\/fr\/medecins\/dermatologues-a-puerto-vallarta\/sandra-castillon\/\">Dr. Sandra Castill\u00f3n<\/a><\/p>\n<p>Dr. Diego Soto<\/td>\n<td style=\"height: 160px;\">Podologie<\/p>\n<p>Dermatologie<\/p>\n<p>Allergologue<\/td>\n<\/tr>\n<\/tbody>\n<\/table>\n<p>[\/vc_column_text][\/vc_column][vc_column width=\u00a0\u00bb1\/3&Prime; el_class=\u00a0\u00bbtable-responsive\u00a0\u00bb][vc_custom_heading text=\u00a0\u00bbPremier \u00e9tage\u00a0\u00bb font_container=\u00a0\u00bbtag:h3|text_align:left\u00a0\u00bb use_theme_fonts=\u00a0\u00bbyes\u00a0\u00bb][vc_column_text css=\u00a0\u00bb\u00a0\u00bb]<\/p>\n<table style=\"width: 65.5247%; height: 406px;\">\n<tbody>\n<tr style=\"height: 48px;\">\n<td style=\"width: 23.2114%; height: 48px;\"><b>Bureau<\/b><\/td>\n<td style=\"width: 39.7456%; height: 48px;\"><b>M\u00e9decin<\/b><\/td>\n<td style=\"width: 35.4531%; height: 48px;\"><b>Sp\u00e9cialit\u00e9<\/b><\/td>\n<\/tr>\n<tr style=\"height: 24px;\">\n<td style=\"width: 23.2114%; height: 24px;\"><b>101<\/b><\/td>\n<td style=\"width: 39.7456%; height: 24px;\"><a href=\"https:\/\/hospitalcmq.com\/fr\/medecins\/specialistes-orl-a-puerto-vallarta\/luciano-aguirre\/\">Dr. Luciano Aguirre<\/a><\/td>\n<td style=\"width: 35.4531%; height: 24px;\">Otorhinolaryngologie<\/td>\n<\/tr>\n<tr style=\"height: 24px;\">\n<td style=\"width: 23.2114%; height: 24px;\"><b>102<\/b><\/td>\n<td style=\"width: 39.7456%; height: 24px;\"><a href=\"https:\/\/hospitalcmq.com\/fr\/medecins\/gynecologues-a-puerto-vallarta\/carmin-rodriguez\/\">Dra. Carm\u00edn Rodr\u00edguez<\/a><\/p>\n<p>Dr. Yazm\u00edn Ch\u00e1vez<\/td>\n<td style=\"width: 35.4531%; height: 24px;\">Gyn\u00e9cologie<\/p>\n<p>Allergologue P\u00e9diatrique<\/td>\n<\/tr>\n<tr style=\"height: 48px;\">\n<td style=\"width: 23.2114%; height: 48px;\"><b>103<\/b><\/td>\n<td style=\"width: 39.7456%; height: 48px;\">Dr. Dar\u00edo Ochoa<\/p>\n<p><a href=\"https:\/\/hospitalcmq.com\/fr\/medecins\/neurologues-a-puerto-vallarta\/jorge-yanez\/\">Dr. Jorge Y\u00e1\u00f1ez<\/a><\/p>\n<p>Dra. Diana Sifuentes<\/td>\n<td style=\"width: 35.4531%; height: 48px;\">Neurologie<\/p>\n<p>Neurochirurgie<\/p>\n<p>Neuropsychologie<\/td>\n<\/tr>\n<tr style=\"height: 48px;\">\n<td style=\"width: 23.2114%; height: 48px;\"><b>104<\/b><\/td>\n<td style=\"width: 39.7456%; height: 48px;\">Dr. Carlos Dur\u00e1n<\/p>\n<p><a href=\"https:\/\/hospitalcmq.com\/fr\/medecins\/urologues-a-puerto-vallarta\/fernando-davila-radilla\/\">Dr. Fernando D\u00e1vila<\/a><\/td>\n<td style=\"width: 35.4531%; height: 48px;\">Chirurgie gastro-intestinale<\/p>\n<p>Urologie<\/td>\n<\/tr>\n<tr style=\"height: 48px;\">\n<td style=\"width: 23.2114%; height: 48px;\"><b>105<\/b><\/td>\n<td style=\"width: 39.7456%; height: 48px;\"><a href=\"https:\/\/hospitalcmq.com\/fr\/medecins\/urologues-a-puerto-vallarta\/raul-meza\/\">Dr. Ra\u00fal Meza D\u00edaz<\/a><br \/>\n<a href=\"https:\/\/hospitalcmq.com\/fr\/medecins\/gynecologues-a-puerto-vallarta\/luis-chacon\/\">Dr. Luis Chac\u00f3n<\/a><\/td>\n<td style=\"width: 35.4531%; height: 48px;\">Urologie<\/p>\n<p>Gyn\u00e9cologie<\/td>\n<\/tr>\n<tr style=\"height: 72px;\">\n<td style=\"width: 23.2114%; height: 72px;\"><b>106<\/b><\/td>\n<td style=\"width: 39.7456%; height: 72px;\"><a href=\"https:\/\/hospitalcmq.com\/fr\/medecins\/gynecologues-a-puerto-vallarta\/francisco-gonzalez-avelar\/\">Dr. Jos\u00e9 Francisco Gonz\u00e1lez Avelar<\/a><br \/>\nDr. Paula Gonz\u00e1lez Cruz<\/td>\n<td style=\"width: 35.4531%; height: 72px;\">Gyn\u00e9cologie<br \/>\nP\u00e9diatrie<\/td>\n<\/tr>\n<tr style=\"height: 22px;\">\n<td style=\"width: 23.2114%; height: 22px;\"><b>107<\/b><\/td>\n<td style=\"width: 39.7456%; height: 22px;\"><a href=\"https:\/\/hospitalcmq.com\/fr\/medecins\/specialistes-orl-a-puerto-vallarta\/javier-diaz\/\">Dr. Javier D\u00edaz<\/a><\/p>\n<p>Dr. Uriel Mu\u00f1oz<\/td>\n<td style=\"width: 35.4531%; height: 22px;\">Otorhinolaryngologie<\/p>\n<p>Chirurgie Plastique<\/td>\n<\/tr>\n<tr style=\"height: 24px;\">\n<td style=\"width: 23.2114%; height: 24px;\"><b>108<\/b><\/td>\n<td style=\"width: 39.7456%; height: 24px;\">Dr. Geraldo Cervantes<\/td>\n<td style=\"width: 35.4531%; height: 24px;\">P\u00e9diatrie<\/td>\n<\/tr>\n<tr style=\"height: 48px;\">\n<td style=\"width: 23.2114%; height: 48px;\"><b>109<\/b><\/td>\n<td style=\"width: 39.7456%; height: 48px;\">Dr. \u00d3scar Cervantes<br \/>\nDra. Tania S\u00e1nchez<br \/>\nDr. Antonio P\u00e9rez<\/td>\n<td style=\"width: 35.4531%; height: 48px;\">Ophtalmologie<\/td>\n<\/tr>\n<\/tbody>\n<\/table>\n<p>[\/vc_column_text][\/vc_column][vc_column width=\u00a0\u00bb1\/3&Prime; el_class=\u00a0\u00bbtable-responsive\u00a0\u00bb][vc_custom_heading text=\u00a0\u00bbDeuxi\u00e8me \u00e9tage\u00a0\u00bb font_container=\u00a0\u00bbtag:h3|text_align:left\u00a0\u00bb use_theme_fonts=\u00a0\u00bbyes\u00a0\u00bb][vc_column_text css=\u00a0\u00bb\u00a0\u00bb]<\/p>\n<table style=\"width: 75.5745%; height: 432px;\">\n<tbody>\n<tr style=\"height: 48px;\">\n<td style=\"height: 48px; width: 17.1504%;\"><b>Bureau<\/b><\/td>\n<td style=\"height: 48px; width: 27.4406%;\"><b>M\u00e9decin<\/b><\/td>\n<td style=\"height: 48px; width: 64.116%;\"><b>Sp\u00e9cialit\u00e9<\/b><\/td>\n<\/tr>\n<tr style=\"height: 48px;\">\n<td style=\"height: 48px; width: 17.1504%;\"><b>201<\/b><\/td>\n<td style=\"height: 48px; width: 27.4406%;\">Dr. Lorena Ursulo<\/td>\n<td style=\"width: 64.116%; height: 48px;\" width=\"196\">Otorhinolaryngologie<\/td>\n<\/tr>\n<tr style=\"height: 24px;\">\n<td style=\"height: 24px; width: 17.1504%;\"><b>202<\/b><\/td>\n<td style=\"height: 24px; width: 27.4406%;\">Dr. Sergio del Hoyo<\/td>\n<td style=\"height: 24px; width: 64.116%;\">Chirurgie g\u00e9n\u00e9ral, laparoscopique et bariatrique, gastro-chirurgie<\/td>\n<\/tr>\n<tr style=\"height: 24px;\">\n<td style=\"height: 24px; width: 17.1504%;\"><b>203<\/b><\/td>\n<td style=\"height: 24px; width: 27.4406%;\">Dr. Adri\u00e1n Malja<\/td>\n<td style=\"width: 64.116%;\" width=\"196\">Chirurgien-dentiste<\/td>\n<\/tr>\n<tr style=\"height: 48px;\">\n<td style=\"height: 48px; width: 17.1504%;\"><strong>204<\/strong><\/td>\n<td style=\"width: 27.4406%;\" width=\"196\"><a href=\"https:\/\/hospitalcmq.com\/fr\/medecins\/traumatologues-et-orthopedistes-a-puerto-vallarta\/max-greig\/\">Dr. Max Greig<\/a><\/td>\n<td style=\"height: 48px; width: 64.116%;\">Traumatologie et orthop\u00e9die<\/td>\n<\/tr>\n<tr style=\"height: 120px;\">\n<td style=\"height: 120px; width: 17.1504%;\"><b>205<\/b><\/td>\n<td style=\"height: 120px; width: 27.4406%;\"><a href=\"https:\/\/hospitalcmq.com\/fr\/medecins\/cardiologues-a-puerto-vallarta\/leslie-swindle\/\">Dr. Leslie Swindle<\/a><\/p>\n<p><a href=\"https:\/\/hospitalcmq.com\/fr\/medecins\/neuro-intensivistes-a-puerto-vallarta\/fernando-herrera\/\">Dr. Fernando Herrera<\/a><\/p>\n<p>Dr. David Hern\u00e1ndez<\/td>\n<td style=\"height: 120px; width: 64.116%;\">Cardiologie<\/p>\n<p>M\u00e9decine interne<\/p>\n<p>M\u00e9decine interne<\/td>\n<\/tr>\n<tr style=\"height: 48px;\">\n<td style=\"height: 48px; width: 17.1504%;\"><b>206<\/b><\/td>\n<td style=\"height: 48px; width: 27.4406%;\"><a href=\"https:\/\/hospitalcmq.com\/fr\/medecins\/traumatologues-et-orthopedistes-a-puerto-vallarta\/gustavo-navarro\/\">Dr. Gustavo Navarro<\/a><\/p>\n<p>Dr. Alberto Robles<\/td>\n<td style=\"height: 48px; width: 64.116%;\">Clinique de la colonne vert\u00e9brale<\/p>\n<p>Angiologie et chirurgie vasculaire<\/td>\n<\/tr>\n<tr style=\"height: 72px;\">\n<td style=\"height: 72px; width: 17.1504%;\"><b>207<\/b><\/td>\n<td style=\"height: 72px; width: 27.4406%;\">Dr. Ricardo Rivera<\/p>\n<p>Dra. Yaritza Medina<\/td>\n<td style=\"width: 64.116%;\" width=\"196\">Chirurgie plastique<\/p>\n<p>Oncologie<\/td>\n<\/tr>\n<\/tbody>\n<\/table>\n<p>[\/vc_column_text][\/vc_column][\/vc_row]<\/p>\n<\/div>","protected":false},"excerpt":{"rendered":"<p>Comprised of modern facilities and comfortable offices on its two floors, this construction brings quality integral medical services to the populations of Nuevo Vallarta, the developments of Punta Mita, La Cruz de Huanacaxtle, San Pancho, and Sayulita. Our Physicians Building offers a wide range of excellent medical specialties for the prevention, recovery, and conservation of your health.<\/p>\n","protected":false},"author":1,"featured_media":4764,"parent":13463,"menu_order":0,"comment_status":"closed","ping_status":"closed","template":"","meta":{"footnotes":""},"class_list":["post-13534","page","type-page","status-publish","has-post-thumbnail","hentry"],"acf":[],"yoast_head":"<!-- This site is optimized with the Yoast SEO plugin v27.4 - https:\/\/yoast.com\/product\/yoast-seo-wordpress\/ -->\n<title>Tour m\u00e9dicale, plus de vingt sp\u00e9cialit\u00e9s maintenant proche de vous<\/title>\n<meta name=\"description\" content=\"La tour m\u00e9dicale de l&#039;h\u00f4pital CMQ compte plus de 20 sp\u00e9cialistes hautement qualifi\u00e9s qui se consacrent \u00e0 la sant\u00e9 de la r\u00e9gion de la Bahie de Banderas.\" \/>\n<meta name=\"robots\" content=\"index, follow, max-snippet:-1, max-image-preview:large, max-video-preview:-1\" \/>\n<link rel=\"canonical\" href=\"https:\/\/hospitalcmq.com\/fr\/hopital\/tour-medicale\/\" \/>\n<meta property=\"og:locale\" content=\"fr_FR\" \/>\n<meta property=\"og:type\" content=\"article\" \/>\n<meta property=\"og:title\" content=\"Tour m\u00e9dicale, plus de vingt sp\u00e9cialit\u00e9s maintenant proche de vous\" \/>\n<meta property=\"og:description\" content=\"La tour m\u00e9dicale de l&#039;h\u00f4pital CMQ compte plus de 20 sp\u00e9cialistes hautement qualifi\u00e9s qui se consacrent \u00e0 la sant\u00e9 de la r\u00e9gion de la Bahie de Banderas.\" \/>\n<meta property=\"og:url\" content=\"https:\/\/hospitalcmq.com\/fr\/hopital\/tour-medicale\/\" \/>\n<meta property=\"og:site_name\" content=\"Hospital CMQ\" \/>\n<meta property=\"article:publisher\" content=\"https:\/\/www.facebook.com\/HospitalCMQ\" \/>\n<meta property=\"article:modified_time\" content=\"2025-07-26T16:53:11+00:00\" \/>\n<meta property=\"og:image\" content=\"https:\/\/hospitalcmq.com\/wp-content\/uploads\/2018\/04\/torre_medica.png\" \/>\n\t<meta property=\"og:image:width\" content=\"1140\" \/>\n\t<meta property=\"og:image:height\" content=\"484\" \/>\n\t<meta property=\"og:image:type\" content=\"image\/png\" \/>\n<meta name=\"twitter:card\" content=\"summary_large_image\" \/>\n<meta name=\"twitter:label1\" content=\"Dur\u00e9e de lecture estim\u00e9e\" \/>\n\t<meta name=\"twitter:data1\" content=\"3 minutes\" \/>\n<script type=\"application\/ld+json\" class=\"yoast-schema-graph\">{\"@context\":\"https:\\\/\\\/schema.org\",\"@graph\":[{\"@type\":\"WebPage\",\"@id\":\"https:\\\/\\\/hospitalcmq.com\\\/fr\\\/hopital\\\/tour-medicale\\\/\",\"url\":\"https:\\\/\\\/hospitalcmq.com\\\/fr\\\/hopital\\\/tour-medicale\\\/\",\"name\":\"Tour m\u00e9dicale, plus de vingt sp\u00e9cialit\u00e9s maintenant proche de vous\",\"isPartOf\":{\"@id\":\"https:\\\/\\\/hospitalcmq.com\\\/fr\\\/#website\"},\"primaryImageOfPage\":{\"@id\":\"https:\\\/\\\/hospitalcmq.com\\\/fr\\\/hopital\\\/tour-medicale\\\/#primaryimage\"},\"image\":{\"@id\":\"https:\\\/\\\/hospitalcmq.com\\\/fr\\\/hopital\\\/tour-medicale\\\/#primaryimage\"},\"thumbnailUrl\":\"https:\\\/\\\/hospitalcmq.com\\\/wp-content\\\/uploads\\\/2018\\\/04\\\/torre_medica.png\",\"datePublished\":\"2023-08-14T17:22:12+00:00\",\"dateModified\":\"2025-07-26T16:53:11+00:00\",\"description\":\"La tour m\u00e9dicale de l'h\u00f4pital CMQ compte plus de 20 sp\u00e9cialistes hautement qualifi\u00e9s qui se consacrent \u00e0 la sant\u00e9 de la r\u00e9gion de la Bahie de Banderas.\",\"breadcrumb\":{\"@id\":\"https:\\\/\\\/hospitalcmq.com\\\/fr\\\/hopital\\\/tour-medicale\\\/#breadcrumb\"},\"inLanguage\":\"fr-FR\",\"potentialAction\":[{\"@type\":\"ReadAction\",\"target\":[\"https:\\\/\\\/hospitalcmq.com\\\/fr\\\/hopital\\\/tour-medicale\\\/\"]}]},{\"@type\":\"ImageObject\",\"inLanguage\":\"fr-FR\",\"@id\":\"https:\\\/\\\/hospitalcmq.com\\\/fr\\\/hopital\\\/tour-medicale\\\/#primaryimage\",\"url\":\"https:\\\/\\\/hospitalcmq.com\\\/wp-content\\\/uploads\\\/2018\\\/04\\\/torre_medica.png\",\"contentUrl\":\"https:\\\/\\\/hospitalcmq.com\\\/wp-content\\\/uploads\\\/2018\\\/04\\\/torre_medica.png\",\"width\":1140,\"height\":484,\"caption\":\"Physicians Building\"},{\"@type\":\"BreadcrumbList\",\"@id\":\"https:\\\/\\\/hospitalcmq.com\\\/fr\\\/hopital\\\/tour-medicale\\\/#breadcrumb\",\"itemListElement\":[{\"@type\":\"ListItem\",\"position\":1,\"name\":\"Home\",\"item\":\"https:\\\/\\\/hospitalcmq.com\\\/fr\\\/\"},{\"@type\":\"ListItem\",\"position\":2,\"name\":\"Hopital\",\"item\":\"https:\\\/\\\/hospitalcmq.com\\\/fr\\\/hopital\\\/\"},{\"@type\":\"ListItem\",\"position\":3,\"name\":\"Tour M\u00e9dicale\"}]},{\"@type\":\"WebSite\",\"@id\":\"https:\\\/\\\/hospitalcmq.com\\\/fr\\\/#website\",\"url\":\"https:\\\/\\\/hospitalcmq.com\\\/fr\\\/\",\"name\":\"Hospital CMQ\",\"description\":\"Best Hospitals in Puerto Vallarta &amp; Riviera Nayarit\",\"publisher\":{\"@id\":\"https:\\\/\\\/hospitalcmq.com\\\/fr\\\/#organization\"},\"potentialAction\":[{\"@type\":\"SearchAction\",\"target\":{\"@type\":\"EntryPoint\",\"urlTemplate\":\"https:\\\/\\\/hospitalcmq.com\\\/fr\\\/?s={search_term_string}\"},\"query-input\":{\"@type\":\"PropertyValueSpecification\",\"valueRequired\":true,\"valueName\":\"search_term_string\"}}],\"inLanguage\":\"fr-FR\"},{\"@type\":\"Organization\",\"@id\":\"https:\\\/\\\/hospitalcmq.com\\\/fr\\\/#organization\",\"name\":\"Hospital CMQ\",\"url\":\"https:\\\/\\\/hospitalcmq.com\\\/fr\\\/\",\"logo\":{\"@type\":\"ImageObject\",\"inLanguage\":\"fr-FR\",\"@id\":\"https:\\\/\\\/hospitalcmq.com\\\/fr\\\/#\\\/schema\\\/logo\\\/image\\\/\",\"url\":\"https:\\\/\\\/hospitalcmq.com\\\/wp-content\\\/uploads\\\/2018\\\/06\\\/cmq-hospital-logo.png\",\"contentUrl\":\"https:\\\/\\\/hospitalcmq.com\\\/wp-content\\\/uploads\\\/2018\\\/06\\\/cmq-hospital-logo.png\",\"width\":214,\"height\":189,\"caption\":\"Hospital CMQ\"},\"image\":{\"@id\":\"https:\\\/\\\/hospitalcmq.com\\\/fr\\\/#\\\/schema\\\/logo\\\/image\\\/\"},\"sameAs\":[\"https:\\\/\\\/www.facebook.com\\\/HospitalCMQ\"]}]}<\/script>\n<!-- \/ Yoast SEO plugin. -->","yoast_head_json":{"title":"Tour m\u00e9dicale, plus de vingt sp\u00e9cialit\u00e9s maintenant proche de vous","description":"La tour m\u00e9dicale de l'h\u00f4pital CMQ compte plus de 20 sp\u00e9cialistes hautement qualifi\u00e9s qui se consacrent \u00e0 la sant\u00e9 de la r\u00e9gion de la Bahie de Banderas.","robots":{"index":"index","follow":"follow","max-snippet":"max-snippet:-1","max-image-preview":"max-image-preview:large","max-video-preview":"max-video-preview:-1"},"canonical":"https:\/\/hospitalcmq.com\/fr\/hopital\/tour-medicale\/","og_locale":"fr_FR","og_type":"article","og_title":"Tour m\u00e9dicale, plus de vingt sp\u00e9cialit\u00e9s maintenant proche de vous","og_description":"La tour m\u00e9dicale de l'h\u00f4pital CMQ compte plus de 20 sp\u00e9cialistes hautement qualifi\u00e9s qui se consacrent \u00e0 la sant\u00e9 de la r\u00e9gion de la Bahie de Banderas.","og_url":"https:\/\/hospitalcmq.com\/fr\/hopital\/tour-medicale\/","og_site_name":"Hospital CMQ","article_publisher":"https:\/\/www.facebook.com\/HospitalCMQ","article_modified_time":"2025-07-26T16:53:11+00:00","og_image":[{"width":1140,"height":484,"url":"https:\/\/hospitalcmq.com\/wp-content\/uploads\/2018\/04\/torre_medica.png","type":"image\/png"}],"twitter_card":"summary_large_image","twitter_misc":{"Dur\u00e9e de lecture estim\u00e9e":"3 minutes"},"schema":{"@context":"https:\/\/schema.org","@graph":[{"@type":"WebPage","@id":"https:\/\/hospitalcmq.com\/fr\/hopital\/tour-medicale\/","url":"https:\/\/hospitalcmq.com\/fr\/hopital\/tour-medicale\/","name":"Tour m\u00e9dicale, plus de vingt sp\u00e9cialit\u00e9s maintenant proche de vous","isPartOf":{"@id":"https:\/\/hospitalcmq.com\/fr\/#website"},"primaryImageOfPage":{"@id":"https:\/\/hospitalcmq.com\/fr\/hopital\/tour-medicale\/#primaryimage"},"image":{"@id":"https:\/\/hospitalcmq.com\/fr\/hopital\/tour-medicale\/#primaryimage"},"thumbnailUrl":"https:\/\/hospitalcmq.com\/wp-content\/uploads\/2018\/04\/torre_medica.png","datePublished":"2023-08-14T17:22:12+00:00","dateModified":"2025-07-26T16:53:11+00:00","description":"La tour m\u00e9dicale de l'h\u00f4pital CMQ compte plus de 20 sp\u00e9cialistes hautement qualifi\u00e9s qui se consacrent \u00e0 la sant\u00e9 de la r\u00e9gion de la Bahie de Banderas.","breadcrumb":{"@id":"https:\/\/hospitalcmq.com\/fr\/hopital\/tour-medicale\/#breadcrumb"},"inLanguage":"fr-FR","potentialAction":[{"@type":"ReadAction","target":["https:\/\/hospitalcmq.com\/fr\/hopital\/tour-medicale\/"]}]},{"@type":"ImageObject","inLanguage":"fr-FR","@id":"https:\/\/hospitalcmq.com\/fr\/hopital\/tour-medicale\/#primaryimage","url":"https:\/\/hospitalcmq.com\/wp-content\/uploads\/2018\/04\/torre_medica.png","contentUrl":"https:\/\/hospitalcmq.com\/wp-content\/uploads\/2018\/04\/torre_medica.png","width":1140,"height":484,"caption":"Physicians Building"},{"@type":"BreadcrumbList","@id":"https:\/\/hospitalcmq.com\/fr\/hopital\/tour-medicale\/#breadcrumb","itemListElement":[{"@type":"ListItem","position":1,"name":"Home","item":"https:\/\/hospitalcmq.com\/fr\/"},{"@type":"ListItem","position":2,"name":"Hopital","item":"https:\/\/hospitalcmq.com\/fr\/hopital\/"},{"@type":"ListItem","position":3,"name":"Tour M\u00e9dicale"}]},{"@type":"WebSite","@id":"https:\/\/hospitalcmq.com\/fr\/#website","url":"https:\/\/hospitalcmq.com\/fr\/","name":"Hospital CMQ","description":"Best Hospitals in Puerto Vallarta &amp; Riviera Nayarit","publisher":{"@id":"https:\/\/hospitalcmq.com\/fr\/#organization"},"potentialAction":[{"@type":"SearchAction","target":{"@type":"EntryPoint","urlTemplate":"https:\/\/hospitalcmq.com\/fr\/?s={search_term_string}"},"query-input":{"@type":"PropertyValueSpecification","valueRequired":true,"valueName":"search_term_string"}}],"inLanguage":"fr-FR"},{"@type":"Organization","@id":"https:\/\/hospitalcmq.com\/fr\/#organization","name":"Hospital CMQ","url":"https:\/\/hospitalcmq.com\/fr\/","logo":{"@type":"ImageObject","inLanguage":"fr-FR","@id":"https:\/\/hospitalcmq.com\/fr\/#\/schema\/logo\/image\/","url":"https:\/\/hospitalcmq.com\/wp-content\/uploads\/2018\/06\/cmq-hospital-logo.png","contentUrl":"https:\/\/hospitalcmq.com\/wp-content\/uploads\/2018\/06\/cmq-hospital-logo.png","width":214,"height":189,"caption":"Hospital CMQ"},"image":{"@id":"https:\/\/hospitalcmq.com\/fr\/#\/schema\/logo\/image\/"},"sameAs":["https:\/\/www.facebook.com\/HospitalCMQ"]}]}},"_links":{"self":[{"href":"https:\/\/hospitalcmq.com\/fr\/wp-json\/wp\/v2\/pages\/13534","targetHints":{"allow":["GET"]}}],"collection":[{"href":"https:\/\/hospitalcmq.com\/fr\/wp-json\/wp\/v2\/pages"}],"about":[{"href":"https:\/\/hospitalcmq.com\/fr\/wp-json\/wp\/v2\/types\/page"}],"author":[{"embeddable":true,"href":"https:\/\/hospitalcmq.com\/fr\/wp-json\/wp\/v2\/users\/1"}],"replies":[{"embeddable":true,"href":"https:\/\/hospitalcmq.com\/fr\/wp-json\/wp\/v2\/comments?post=13534"}],"version-history":[{"count":0,"href":"https:\/\/hospitalcmq.com\/fr\/wp-json\/wp\/v2\/pages\/13534\/revisions"}],"up":[{"embeddable":true,"href":"https:\/\/hospitalcmq.com\/fr\/wp-json\/wp\/v2\/pages\/13463"}],"wp:featuredmedia":[{"embeddable":true,"href":"https:\/\/hospitalcmq.com\/fr\/wp-json\/wp\/v2\/media\/4764"}],"wp:attachment":[{"href":"https:\/\/hospitalcmq.com\/fr\/wp-json\/wp\/v2\/media?parent=13534"}],"curies":[{"name":"wp","href":"https:\/\/api.w.org\/{rel}","templated":true}]}}