{"id":13484,"date":"2023-07-31T15:27:41","date_gmt":"2023-07-31T21:27:41","guid":{"rendered":"https:\/\/hospitalcmq.com\/?page_id=13484"},"modified":"2024-07-01T12:21:20","modified_gmt":"2024-07-01T18:21:20","slug":"cmq-centre","status":"publish","type":"page","link":"https:\/\/hospitalcmq.com\/fr\/visite-virtuelle\/cmq-centre\/","title":{"rendered":"H\u00f4pital CMQ Centre Visite Virtuelle"},"content":{"rendered":"<div class=\"wpb-content-wrapper\"><p>[vc_row][vc_column][vc_raw_html]JTNDZGl2JTIwaWQlM0QlMjJzY2VuZUxpc3QlMjIlMjBjbGFzcyUzRCUyMmVuYWJsZWQlMjIlM0UlMEElMjAlMjAlM0N1bCUyMGNsYXNzJTNEJTIyc2NlbmVzJTIyJTNFJTBBJTIwJTIwJTIwJTIwJTIwJTIwJTNDYSUyMGhyZWYlM0QlMjIlMkZmciUyRnZpc2l0ZS12aXJ0dWVsbGUlMkZjbXEtY2VudHJlJTJGJTIyJTIwY2xhc3MlM0QlMjJzY2VuZSUyMiUzRSUwQSUyMCUyMCUyMCUyMCUyMCUyMCUyMCUyMCUzQ2xpJTIwY2xhc3MlM0QlMjJ0ZXh0JTIyJTNFQ01RJTIwQ2VudHJlJTNDJTJGbGklM0UlMEElMjAlMjAlMjAlMjAlMjAlMjAlM0MlMkZhJTNFJTBBJTIwJTIwJTIwJTIwJTIwJTIwJTIwJTIwJTIwJTNDYSUyMGhyZWYlM0QlMjIlMjMlMjIlMjBjbGFzcyUzRCUyMnNjZW5lJTIwY2hpbGQtdmlldyUyMiUyMGRhdGEtaWQlM0QlMjIwLWxvYmJ5LWhvc3BpdGFsLWNtcS1jaXR5LWNlbnRlciUyMiUzRSUwQSUyMCUyMCUyMCUyMCUyMCUyMCUyMCUyMCUyMCUyMCUyMCUzQ2xpJTIwY2xhc3MlM0QlMjJ0ZXh0JTIyJTNFTG9iYnklMjBIJUMzJUI0cGl0YWwlMjBDTVElMjBDZW50cmUlM0MlMkZsaSUzRSUwQSUyMCUyMCUyMCUyMCUyMCUyMCUyMCUyMCUyMCUzQyUyRmElM0UlMEElMjAlMjAlMjAlMjAlMjAlMjAlMjAlMjAlMjAlM0NhJTIwaHJlZiUzRCUyMiUyMyUyMiUyMGNsYXNzJTNEJTIyc2NlbmUlMjBjaGlsZC12aWV3JTIyJTIwZGF0YS1pZCUzRCUyMjEtcXVpcmZhbm8tLWNpdHktY2VudHJvJTIyJTNFJTBBJTIwJTIwJTIwJTIwJTIwJTIwJTIwJTIwJTIwJTIwJTIwJTNDbGklMjBjbGFzcyUzRCUyMnRleHQlMjIlM0VTYWxsZSUyMGQlRTIlODAlOTlvcCVDMyVBOXJhdGlvbnMlMjAlN0MlMjBDTVElMjBDZW50cm8lM0MlMkZsaSUzRSUwQSUyMCUyMCUyMCUyMCUyMCUyMCUyMCUyMCUyMCUzQyUyRmElM0UlMEElMjAlMjAlMjAlMjAlMjAlMjAlM0NhJTIwaHJlZiUzRCUyMiUyRmZyJTJGdmlzaXRlLXZpcnR1ZWxsZSUyRmNtcS1wcmVtaWVyZSUyRiUyMiUyMGNsYXNzJTNEJTIyc2NlbmUlMjIlM0UlMEElMjAlMjAlMjAlMjAlMjAlMjAlMjAlMjAlM0NsaSUyMGNsYXNzJTNEJTIydGV4dCUyMiUzRUNNUSUyMFByZW1pZXJlJTNDJTJGbGklM0UlMEElMjAlMjAlMjAlMjAlMjAlMjAlM0MlMkZhJTNFJTBBJTIwJTIwJTIwJTIwJTIwJTIwJTNDYSUyMGhyZWYlM0QlMjIlMkZmciUyRnZpc2l0ZS12aXJ0dWVsbGUlMkZjbXEtcml2aWVyYS1uYXlhcml0JTJGJTIyJTIwY2xhc3MlM0QlMjJzY2VuZSUyMiUzRSUwQSUyMCUyMCUyMCUyMCUyMCUyMCUyMCUyMCUzQ2xpJTIwY2xhc3MlM0QlMjJ0ZXh0JTIyJTNFQ01RJTIwUml2aWVyYSUyME5heWFyaXQlM0MlMkZsaSUzRSUwQSUyMCUyMCUyMCUyMCUyMCUyMCUzQyUyRmElM0UlMEElMjAlMjAlM0MlMkZ1bCUzRSUwQSUzQyUyRmRpdiUzRQ==[\/vc_raw_html][vc_raw_js]JTNDc2NyaXB0JTNFJTBBdmFyJTIwQVBQX05BTUUlMjAlM0QlMjAlMjdwcm9qZWN0LTIlMjclM0IlMEF2YXIlMjBBUFBfREFUQSUyMCUzRCUyMCU3QiUyMnNjZW5lcyUyMiUzQSU1QiU3QiUyMmlkJTIyJTNBJTIyMC1sb2JieS1ob3NwaXRhbC1jbXEtY2l0eS1jZW50ZXIlMjIlMkMlMjJuYW1lJTIyJTNBJTIyTG9iYnklMjBIJUMzJUI0cGl0YWwlMjBDTVElMjBDZW50cmUlMjIlMkMlMjJsZXZlbHMlMjIlM0ElNUIlN0IlMjJ0aWxlU2l6ZSUyMiUzQTI1NiUyQyUyMnNpemUlMjIlM0EyNTYlMkMlMjJmYWxsYmFja09ubHklMjIlM0F0cnVlJTdEJTJDJTdCJTIydGlsZVNpemUlMjIlM0E1MTIlMkMlMjJzaXplJTIyJTNBNTEyJTdEJTJDJTdCJTIydGlsZVNpemUlMjIlM0E1MTIlMkMlMjJzaXplJTIyJTNBMTAyNCU3RCUyQyU3QiUyMnRpbGVTaXplJTIyJTNBNTEyJTJDJTIyc2l6ZSUyMiUzQTIwNDglN0QlNUQlMkMlMjJmYWNlU2l6ZSUyMiUzQTEzNDQlMkMlMjJpbml0aWFsVmlld1BhcmFtZXRlcnMlMjIlM0ElN0IlMjJwaXRjaCUyMiUzQTAlMkMlMjJ5YXclMjIlM0EwJTJDJTIyZm92JTIyJTNBMS41NzA3OTYzMjY3OTQ4OTY2JTdEJTJDJTIybGlua0hvdHNwb3RzJTIyJTNBJTVCJTdCJTIyeWF3JTIyJTNBMi4xNDE3Mzc5ODA5MzIyODQ3JTJDJTIycGl0Y2glMjIlM0EwLjA4MTM2OTc1MzkxMDcyNDU0JTJDJTIycm90YXRpb24lMjIlM0EwLjc4NTM5ODE2MzM5NzQ0ODMlMkMlMjJ0YXJnZXQlMjIlM0ElMjIxLXF1aXJmYW5vLS1jaXR5LWNlbnRybyUyMiU3RCU1RCUyQyUyMmluZm9Ib3RzcG90cyUyMiUzQSU1QiU3QiUyMnlhdyUyMiUzQS0wLjI2OTU5MDg2MjQ3NDQwMDM0JTJDJTIycGl0Y2glMjIlM0EtMC4wMDgyMTAzMjU3MTAzOTkxNDclMkMlMjJ0aXRsZSUyMiUzQSUyMkNhZiVDMyVBOXQlQzMlQTlyaWFzJTIwQ01RJTIyJTJDJTIydGV4dCUyMiUzQSUyMk5vdXMlMjBzb21tZXMlMjBmaWVycyUyMGQlMjclQzMlQUF0cmUlMjB1biUyMGNvbmNlc3Npb25uYWlyZSUyMFN0YXJidWNrcyUyMGNlcnRpZmklQzMlQTkuJTIyJTdEJTJDJTdCJTIyeWF3JTIyJTNBMC42MDIwNTUxODkxMzk2OTQxJTJDJTIycGl0Y2glMjIlM0EtMC4wMDI4MzkxNzIzNjIyNzUzNzczJTJDJTIydGl0bGUlMjIlM0ElMjJDbGluaXF1ZSUyMHNhbnMlMjByZW5kZXotdm91cyUyMCVDMyVBMCUyMGwlRTIlODAlOTloJUMzJUI0cGl0YWwlMjBDTVElMjBDZW50cmUlMjIlMkMlMjJ0ZXh0JTIyJTNBJTIyJTIyJTdEJTVEJTdEJTJDJTdCJTIyaWQlMjIlM0ElMjIxLXF1aXJmYW5vLS1jaXR5LWNlbnRybyUyMiUyQyUyMm5hbWUlMjIlM0ElMjJTYWxsZSUyMGQlRTIlODAlOTlvcCVDMyVBOXJhdGlvbnMlMjAlN0MlMjBDTVElMjBDZW50cmUlMjIlMkMlMjJsZXZlbHMlMjIlM0ElNUIlN0IlMjJ0aWxlU2l6ZSUyMiUzQTI1NiUyQyUyMnNpemUlMjIlM0EyNTYlMkMlMjJmYWxsYmFja09ubHklMjIlM0F0cnVlJTdEJTJDJTdCJTIydGlsZVNpemUlMjIlM0E1MTIlMkMlMjJzaXplJTIyJTNBNTEyJTdEJTJDJTdCJTIydGlsZVNpemUlMjIlM0E1MTIlMkMlMjJzaXplJTIyJTNBMTAyNCU3RCUyQyU3QiUyMnRpbGVTaXplJTIyJTNBNTEyJTJDJTIyc2l6ZSUyMiUzQTIwNDglN0QlNUQlMkMlMjJmYWNlU2l6ZSUyMiUzQTEzNDQlMkMlMjJpbml0aWFsVmlld1BhcmFtZXRlcnMlMjIlM0ElN0IlMjJwaXRjaCUyMiUzQTAlMkMlMjJ5YXclMjIlM0EwJTJDJTIyZm92JTIyJTNBMS41NzA3OTYzMjY3OTQ4OTY2JTdEJTJDJTIybGlua0hvdHNwb3RzJTIyJTNBJTVCJTdCJTIyeWF3JTIyJTNBLTIuOTE0NTY3MDc5MjU5MjE3OCUyQyUyMnBpdGNoJTIyJTNBMC4xNDUxODkxMjI5Njc1MTM3NCUyQyUyMnJvdGF0aW9uJTIyJTNBMCUyQyUyMnRhcmdldCUyMiUzQSUyMjAtbG9iYnktaG9zcGl0YWwtY21xLWNpdHktY2VudGVyJTIyJTdEJTVEJTJDJTIyaW5mb0hvdHNwb3RzJTIyJTNBJTVCJTVEJTdEJTVEJTJDJTIybmFtZSUyMiUzQSUyMlByb2plY3QlMjBUaXRsZSUyMiUyQyUyMnNldHRpbmdzJTIyJTNBJTdCJTIybW91c2VWaWV3TW9kZSUyMiUzQSUyMmRyYWclMjIlMkMlMjJhdXRvcm90YXRlRW5hYmxlZCUyMiUzQXRydWUlMkMlMjJmdWxsc2NyZWVuQnV0dG9uJTIyJTNBZmFsc2UlMkMlMjJ2aWV3Q29udHJvbEJ1dHRvbnMlMjIlM0FmYWxzZSU3RCU3RCUzQiUwQSUzQyUyRnNjcmlwdCUzRQ==[\/vc_raw_js][\/vc_column][\/vc_row]<\/p>\n<\/div>","protected":false},"excerpt":{"rendered":"<p>Visitez les installations de l&rsquo;h\u00f4pital CMQ Centro gr\u00e2ce \u00e0 cette visite virtuelle. CMQ Centro est le premier h\u00f4pital de luxe en mati\u00e8re de soins m\u00e9dicaux priv\u00e9s. Il est situ\u00e9 au c\u0153ur de Puerto Vallarta et offre les plus hauts standards de qualit\u00e9, d&rsquo;innovation et de services m\u00e9dicaux depuis 1982.<\/p>\n","protected":false},"author":1,"featured_media":12495,"parent":13480,"menu_order":0,"comment_status":"closed","ping_status":"closed","template":"template-view-360.php","meta":{"footnotes":""},"class_list":["post-13484","page","type-page","status-publish","has-post-thumbnail","hentry"],"acf":[],"yoast_head":"<!-- This site is optimized with the Yoast SEO plugin v27.3 - https:\/\/yoast.com\/product\/yoast-seo-wordpress\/ -->\n<title>Visite Virtuelle : H\u00f4pital CMQ Centre \u00e0 Puerto Vallarta<\/title>\n<meta name=\"description\" content=\"Visitez les installations de l&#039;h\u00f4pital CMQ Centro gr\u00e2ce \u00e0 cette visite virtuelle. Il est situ\u00e9 au c\u0153ur de Puerto Vallarta et offre les plus hauts standards de qualit\u00e9.\" \/>\n<meta name=\"robots\" content=\"index, follow, max-snippet:-1, max-image-preview:large, max-video-preview:-1\" \/>\n<link rel=\"canonical\" href=\"https:\/\/hospitalcmq.com\/fr\/visite-virtuelle\/cmq-centre\/\" \/>\n<meta property=\"og:locale\" content=\"fr_FR\" \/>\n<meta property=\"og:type\" content=\"article\" \/>\n<meta property=\"og:title\" content=\"Visite Virtuelle : H\u00f4pital CMQ Centre \u00e0 Puerto Vallarta\" \/>\n<meta property=\"og:description\" content=\"Visitez les installations de l&#039;h\u00f4pital CMQ Centro gr\u00e2ce \u00e0 cette visite virtuelle. Il est situ\u00e9 au c\u0153ur de Puerto Vallarta et offre les plus hauts standards de qualit\u00e9.\" \/>\n<meta property=\"og:url\" content=\"https:\/\/hospitalcmq.com\/fr\/visite-virtuelle\/cmq-centre\/\" \/>\n<meta property=\"og:site_name\" content=\"Hospital CMQ\" \/>\n<meta property=\"article:publisher\" content=\"https:\/\/www.facebook.com\/HospitalCMQ\" \/>\n<meta property=\"article:modified_time\" content=\"2024-07-01T18:21:20+00:00\" \/>\n<meta property=\"og:image\" content=\"https:\/\/hospitalcmq.com\/wp-content\/uploads\/2018\/08\/City-Center-Mapa-Mexico.jpg\" \/>\n\t<meta property=\"og:image:width\" content=\"330\" \/>\n\t<meta property=\"og:image:height\" content=\"200\" \/>\n\t<meta property=\"og:image:type\" content=\"image\/jpeg\" \/>\n<meta name=\"twitter:card\" content=\"summary_large_image\" \/>\n<meta name=\"twitter:label1\" content=\"Dur\u00e9e de lecture estim\u00e9e\" \/>\n\t<meta name=\"twitter:data1\" content=\"1 minute\" \/>\n<script type=\"application\/ld+json\" class=\"yoast-schema-graph\">{\"@context\":\"https:\\\/\\\/schema.org\",\"@graph\":[{\"@type\":\"WebPage\",\"@id\":\"https:\\\/\\\/hospitalcmq.com\\\/fr\\\/visite-virtuelle\\\/cmq-centre\\\/\",\"url\":\"https:\\\/\\\/hospitalcmq.com\\\/fr\\\/visite-virtuelle\\\/cmq-centre\\\/\",\"name\":\"Visite Virtuelle : H\u00f4pital CMQ Centre \u00e0 Puerto Vallarta\",\"isPartOf\":{\"@id\":\"https:\\\/\\\/hospitalcmq.com\\\/fr\\\/#website\"},\"primaryImageOfPage\":{\"@id\":\"https:\\\/\\\/hospitalcmq.com\\\/fr\\\/visite-virtuelle\\\/cmq-centre\\\/#primaryimage\"},\"image\":{\"@id\":\"https:\\\/\\\/hospitalcmq.com\\\/fr\\\/visite-virtuelle\\\/cmq-centre\\\/#primaryimage\"},\"thumbnailUrl\":\"https:\\\/\\\/hospitalcmq.com\\\/wp-content\\\/uploads\\\/2018\\\/08\\\/City-Center-Mapa-Mexico.jpg\",\"datePublished\":\"2023-07-31T21:27:41+00:00\",\"dateModified\":\"2024-07-01T18:21:20+00:00\",\"description\":\"Visitez les installations de l'h\u00f4pital CMQ Centro gr\u00e2ce \u00e0 cette visite virtuelle. Il est situ\u00e9 au c\u0153ur de Puerto Vallarta et offre les plus hauts standards de qualit\u00e9.\",\"breadcrumb\":{\"@id\":\"https:\\\/\\\/hospitalcmq.com\\\/fr\\\/visite-virtuelle\\\/cmq-centre\\\/#breadcrumb\"},\"inLanguage\":\"fr-FR\",\"potentialAction\":[{\"@type\":\"ReadAction\",\"target\":[\"https:\\\/\\\/hospitalcmq.com\\\/fr\\\/visite-virtuelle\\\/cmq-centre\\\/\"]}]},{\"@type\":\"ImageObject\",\"inLanguage\":\"fr-FR\",\"@id\":\"https:\\\/\\\/hospitalcmq.com\\\/fr\\\/visite-virtuelle\\\/cmq-centre\\\/#primaryimage\",\"url\":\"https:\\\/\\\/hospitalcmq.com\\\/wp-content\\\/uploads\\\/2018\\\/08\\\/City-Center-Mapa-Mexico.jpg\",\"contentUrl\":\"https:\\\/\\\/hospitalcmq.com\\\/wp-content\\\/uploads\\\/2018\\\/08\\\/City-Center-Mapa-Mexico.jpg\",\"width\":330,\"height\":200},{\"@type\":\"BreadcrumbList\",\"@id\":\"https:\\\/\\\/hospitalcmq.com\\\/fr\\\/visite-virtuelle\\\/cmq-centre\\\/#breadcrumb\",\"itemListElement\":[{\"@type\":\"ListItem\",\"position\":1,\"name\":\"Home\",\"item\":\"https:\\\/\\\/hospitalcmq.com\\\/fr\\\/\"},{\"@type\":\"ListItem\",\"position\":2,\"name\":\"Visite virtuelle\",\"item\":\"https:\\\/\\\/hospitalcmq.com\\\/fr\\\/visite-virtuelle\\\/\"},{\"@type\":\"ListItem\",\"position\":3,\"name\":\"H\u00f4pital CMQ Centre Visite Virtuelle\"}]},{\"@type\":\"WebSite\",\"@id\":\"https:\\\/\\\/hospitalcmq.com\\\/fr\\\/#website\",\"url\":\"https:\\\/\\\/hospitalcmq.com\\\/fr\\\/\",\"name\":\"Hospital CMQ\",\"description\":\"Best Hospitals in Puerto Vallarta &amp; Riviera Nayarit\",\"publisher\":{\"@id\":\"https:\\\/\\\/hospitalcmq.com\\\/fr\\\/#organization\"},\"potentialAction\":[{\"@type\":\"SearchAction\",\"target\":{\"@type\":\"EntryPoint\",\"urlTemplate\":\"https:\\\/\\\/hospitalcmq.com\\\/fr\\\/?s={search_term_string}\"},\"query-input\":{\"@type\":\"PropertyValueSpecification\",\"valueRequired\":true,\"valueName\":\"search_term_string\"}}],\"inLanguage\":\"fr-FR\"},{\"@type\":\"Organization\",\"@id\":\"https:\\\/\\\/hospitalcmq.com\\\/fr\\\/#organization\",\"name\":\"Hospital CMQ\",\"url\":\"https:\\\/\\\/hospitalcmq.com\\\/fr\\\/\",\"logo\":{\"@type\":\"ImageObject\",\"inLanguage\":\"fr-FR\",\"@id\":\"https:\\\/\\\/hospitalcmq.com\\\/fr\\\/#\\\/schema\\\/logo\\\/image\\\/\",\"url\":\"https:\\\/\\\/hospitalcmq.com\\\/wp-content\\\/uploads\\\/2018\\\/06\\\/cmq-hospital-logo.png\",\"contentUrl\":\"https:\\\/\\\/hospitalcmq.com\\\/wp-content\\\/uploads\\\/2018\\\/06\\\/cmq-hospital-logo.png\",\"width\":214,\"height\":189,\"caption\":\"Hospital CMQ\"},\"image\":{\"@id\":\"https:\\\/\\\/hospitalcmq.com\\\/fr\\\/#\\\/schema\\\/logo\\\/image\\\/\"},\"sameAs\":[\"https:\\\/\\\/www.facebook.com\\\/HospitalCMQ\"]}]}<\/script>\n<!-- \/ Yoast SEO plugin. -->","yoast_head_json":{"title":"Visite Virtuelle : H\u00f4pital CMQ Centre \u00e0 Puerto Vallarta","description":"Visitez les installations de l'h\u00f4pital CMQ Centro gr\u00e2ce \u00e0 cette visite virtuelle. Il est situ\u00e9 au c\u0153ur de Puerto Vallarta et offre les plus hauts standards de qualit\u00e9.","robots":{"index":"index","follow":"follow","max-snippet":"max-snippet:-1","max-image-preview":"max-image-preview:large","max-video-preview":"max-video-preview:-1"},"canonical":"https:\/\/hospitalcmq.com\/fr\/visite-virtuelle\/cmq-centre\/","og_locale":"fr_FR","og_type":"article","og_title":"Visite Virtuelle : H\u00f4pital CMQ Centre \u00e0 Puerto Vallarta","og_description":"Visitez les installations de l'h\u00f4pital CMQ Centro gr\u00e2ce \u00e0 cette visite virtuelle. Il est situ\u00e9 au c\u0153ur de Puerto Vallarta et offre les plus hauts standards de qualit\u00e9.","og_url":"https:\/\/hospitalcmq.com\/fr\/visite-virtuelle\/cmq-centre\/","og_site_name":"Hospital CMQ","article_publisher":"https:\/\/www.facebook.com\/HospitalCMQ","article_modified_time":"2024-07-01T18:21:20+00:00","og_image":[{"width":330,"height":200,"url":"https:\/\/hospitalcmq.com\/wp-content\/uploads\/2018\/08\/City-Center-Mapa-Mexico.jpg","type":"image\/jpeg"}],"twitter_card":"summary_large_image","twitter_misc":{"Dur\u00e9e de lecture estim\u00e9e":"1 minute"},"schema":{"@context":"https:\/\/schema.org","@graph":[{"@type":"WebPage","@id":"https:\/\/hospitalcmq.com\/fr\/visite-virtuelle\/cmq-centre\/","url":"https:\/\/hospitalcmq.com\/fr\/visite-virtuelle\/cmq-centre\/","name":"Visite Virtuelle : H\u00f4pital CMQ Centre \u00e0 Puerto Vallarta","isPartOf":{"@id":"https:\/\/hospitalcmq.com\/fr\/#website"},"primaryImageOfPage":{"@id":"https:\/\/hospitalcmq.com\/fr\/visite-virtuelle\/cmq-centre\/#primaryimage"},"image":{"@id":"https:\/\/hospitalcmq.com\/fr\/visite-virtuelle\/cmq-centre\/#primaryimage"},"thumbnailUrl":"https:\/\/hospitalcmq.com\/wp-content\/uploads\/2018\/08\/City-Center-Mapa-Mexico.jpg","datePublished":"2023-07-31T21:27:41+00:00","dateModified":"2024-07-01T18:21:20+00:00","description":"Visitez les installations de l'h\u00f4pital CMQ Centro gr\u00e2ce \u00e0 cette visite virtuelle. Il est situ\u00e9 au c\u0153ur de Puerto Vallarta et offre les plus hauts standards de qualit\u00e9.","breadcrumb":{"@id":"https:\/\/hospitalcmq.com\/fr\/visite-virtuelle\/cmq-centre\/#breadcrumb"},"inLanguage":"fr-FR","potentialAction":[{"@type":"ReadAction","target":["https:\/\/hospitalcmq.com\/fr\/visite-virtuelle\/cmq-centre\/"]}]},{"@type":"ImageObject","inLanguage":"fr-FR","@id":"https:\/\/hospitalcmq.com\/fr\/visite-virtuelle\/cmq-centre\/#primaryimage","url":"https:\/\/hospitalcmq.com\/wp-content\/uploads\/2018\/08\/City-Center-Mapa-Mexico.jpg","contentUrl":"https:\/\/hospitalcmq.com\/wp-content\/uploads\/2018\/08\/City-Center-Mapa-Mexico.jpg","width":330,"height":200},{"@type":"BreadcrumbList","@id":"https:\/\/hospitalcmq.com\/fr\/visite-virtuelle\/cmq-centre\/#breadcrumb","itemListElement":[{"@type":"ListItem","position":1,"name":"Home","item":"https:\/\/hospitalcmq.com\/fr\/"},{"@type":"ListItem","position":2,"name":"Visite virtuelle","item":"https:\/\/hospitalcmq.com\/fr\/visite-virtuelle\/"},{"@type":"ListItem","position":3,"name":"H\u00f4pital CMQ Centre Visite Virtuelle"}]},{"@type":"WebSite","@id":"https:\/\/hospitalcmq.com\/fr\/#website","url":"https:\/\/hospitalcmq.com\/fr\/","name":"Hospital CMQ","description":"Best Hospitals in Puerto Vallarta &amp; Riviera Nayarit","publisher":{"@id":"https:\/\/hospitalcmq.com\/fr\/#organization"},"potentialAction":[{"@type":"SearchAction","target":{"@type":"EntryPoint","urlTemplate":"https:\/\/hospitalcmq.com\/fr\/?s={search_term_string}"},"query-input":{"@type":"PropertyValueSpecification","valueRequired":true,"valueName":"search_term_string"}}],"inLanguage":"fr-FR"},{"@type":"Organization","@id":"https:\/\/hospitalcmq.com\/fr\/#organization","name":"Hospital CMQ","url":"https:\/\/hospitalcmq.com\/fr\/","logo":{"@type":"ImageObject","inLanguage":"fr-FR","@id":"https:\/\/hospitalcmq.com\/fr\/#\/schema\/logo\/image\/","url":"https:\/\/hospitalcmq.com\/wp-content\/uploads\/2018\/06\/cmq-hospital-logo.png","contentUrl":"https:\/\/hospitalcmq.com\/wp-content\/uploads\/2018\/06\/cmq-hospital-logo.png","width":214,"height":189,"caption":"Hospital CMQ"},"image":{"@id":"https:\/\/hospitalcmq.com\/fr\/#\/schema\/logo\/image\/"},"sameAs":["https:\/\/www.facebook.com\/HospitalCMQ"]}]}},"_links":{"self":[{"href":"https:\/\/hospitalcmq.com\/fr\/wp-json\/wp\/v2\/pages\/13484","targetHints":{"allow":["GET"]}}],"collection":[{"href":"https:\/\/hospitalcmq.com\/fr\/wp-json\/wp\/v2\/pages"}],"about":[{"href":"https:\/\/hospitalcmq.com\/fr\/wp-json\/wp\/v2\/types\/page"}],"author":[{"embeddable":true,"href":"https:\/\/hospitalcmq.com\/fr\/wp-json\/wp\/v2\/users\/1"}],"replies":[{"embeddable":true,"href":"https:\/\/hospitalcmq.com\/fr\/wp-json\/wp\/v2\/comments?post=13484"}],"version-history":[{"count":0,"href":"https:\/\/hospitalcmq.com\/fr\/wp-json\/wp\/v2\/pages\/13484\/revisions"}],"up":[{"embeddable":true,"href":"https:\/\/hospitalcmq.com\/fr\/wp-json\/wp\/v2\/pages\/13480"}],"wp:featuredmedia":[{"embeddable":true,"href":"https:\/\/hospitalcmq.com\/fr\/wp-json\/wp\/v2\/media\/12495"}],"wp:attachment":[{"href":"https:\/\/hospitalcmq.com\/fr\/wp-json\/wp\/v2\/media?parent=13484"}],"curies":[{"name":"wp","href":"https:\/\/api.w.org\/{rel}","templated":true}]}}