{"id":13482,"date":"2023-07-31T15:22:17","date_gmt":"2023-07-31T21:22:17","guid":{"rendered":"https:\/\/hospitalcmq.com\/?page_id=13482"},"modified":"2024-07-01T12:24:49","modified_gmt":"2024-07-01T18:24:49","slug":"cmq-premiere","status":"publish","type":"page","link":"https:\/\/hospitalcmq.com\/fr\/visite-virtuelle\/cmq-premiere\/","title":{"rendered":"H\u00f4pital CMQ Premiere Visite Virtuelle"},"content":{"rendered":"<div class=\"wpb-content-wrapper\"><p>[vc_row][vc_column][vc_raw_html]JTNDZGl2JTIwaWQlM0QlMjJzY2VuZUxpc3QlMjIlMjBjbGFzcyUzRCUyMmVuYWJsZWQlMjIlM0UlMEElMjAlMjAlM0N1bCUyMGNsYXNzJTNEJTIyc2NlbmVzJTIyJTNFJTBBJTIwJTIwJTIwJTIwJTIwJTIwJTNDYSUyMGhyZWYlM0QlMjIlMkZmciUyRnZpc2l0ZS12aXJ0dWVsbGUlMkZjbXEtY2VudHJlJTJGJTIyJTIwY2xhc3MlM0QlMjJzY2VuZSUyMiUzRSUwQSUyMCUyMCUyMCUyMCUyMCUyMCUyMCUyMCUzQ2xpJTIwY2xhc3MlM0QlMjJ0ZXh0JTIyJTNFQ01RJTIwQ2VudHJlJTNDJTJGbGklM0UlMEElMjAlMjAlMjAlMjAlMjAlMjAlM0MlMkZhJTNFJTBBJTIwJTIwJTIwJTIwJTIwJTIwJTNDYSUyMGhyZWYlM0QlMjIlMkZmciUyRnZpc2l0ZS12aXJ0dWVsbGUlMkZjbXEtcHJlbWllcmUlMkYlMjIlMjBjbGFzcyUzRCUyMnNjZW5lJTIyJTNFJTBBJTIwJTIwJTIwJTIwJTIwJTIwJTIwJTIwJTNDbGklMjBjbGFzcyUzRCUyMnRleHQlMjIlM0UlMjYlMjM5NjU2JTIwQ01RJTIwUHJlbWllcmUlM0MlMkZsaSUzRSUwQSUyMCUyMCUyMCUyMCUyMCUyMCUzQyUyRmElM0UlMEElMjAlMjAlMjAlMjAlMjAlMjAlMjAlMjAlMjAlM0NhJTIwaHJlZiUzRCUyMmphdmFzY3JpcHQlM0F2b2lkJTI4MCUyOSUyMiUyMGNsYXNzJTNEJTIyc2NlbmUlMjBjaGlsZC12aWV3JTIyJTIwZGF0YS1pZCUzRCUyMjAtbG9iYnktaG9zcGl0YWwtY21xLXByZW1pZXJlJTIyJTNFJTBBJTIwJTIwJTIwJTIwJTIwJTIwJTIwJTIwJTIwJTIwJTIwJTNDbGklMjBjbGFzcyUzRCUyMnRleHQlMjIlM0VMb2JieSUyMEglQzMlQjRwaXRhbCUyMENNUSUyMFByZW1pZXJlJTNDJTJGbGklM0UlMEElMjAlMjAlMjAlMjAlMjAlMjAlMjAlMjAlMjAlM0MlMkZhJTNFJTBBJTIwJTIwJTIwJTIwJTBBJTIwJTIwJTIwJTIwJTIwJTIwJTIwJTIwJTIwJTNDYSUyMGhyZWYlM0QlMjJqYXZhc2NyaXB0JTNBdm9pZCUyODAlMjklMjIlMjBjbGFzcyUzRCUyMnNjZW5lJTIwY2hpbGQtdmlldyUyMiUyMGRhdGEtaWQlM0QlMjIxLXF1aXJmYW5vLS1jbXEtcHJlbWllcmUlMjIlM0UlMEElMjAlMjAlMjAlMjAlMjAlMjAlMjAlMjAlMjAlMjAlMjAlM0NsaSUyMGNsYXNzJTNEJTIydGV4dCUyMiUzRVNhbGxlJTIwZCVFMiU4MCU5OW9wJUMzJUE5cmF0aW9ucyUyMCU3QyUyMENNUSUyMFByZW1pZXJlJTNDJTJGbGklM0UlMEElMjAlMjAlMjAlMjAlMjAlMjAlMjAlMjAlMjAlM0MlMkZhJTNFJTBBJTIwJTIwJTIwJTIwJTIwJTIwJTNDYSUyMGhyZWYlM0QlMjIlMkZmciUyRnZpc2l0ZS12aXJ0dWVsbGUlMkZjbXEtcml2aWVyYS1uYXlhcml0JTJGJTIyJTIwY2xhc3MlM0QlMjJzY2VuZSUyMiUzRSUwQSUyMCUyMCUyMCUyMCUyMCUyMCUyMCUyMCUzQ2xpJTIwY2xhc3MlM0QlMjJ0ZXh0JTIyJTNFQ01RJTIwUml2aWVyYSUyME5heWFyaXQlM0MlMkZsaSUzRSUwQSUyMCUyMCUyMCUyMCUyMCUyMCUzQyUyRmElM0UlMEElMjAlMjAlM0MlMkZ1bCUzRSUwQSUzQyUyRmRpdiUzRQ==[\/vc_raw_html][vc_raw_js]JTNDc2NyaXB0JTNFJTBBdmFyJTIwQVBQX05BTUUlMjAlM0QlMjAlMjdwcm9qZWN0LTMlMjclM0IlMEF2YXIlMjBBUFBfREFUQSUzRCU3QnNjZW5lcyUzQSU1QiU3QmlkJTNBJTIyMC1sb2JieS1ob3NwaXRhbC1jbXEtcHJlbWllcmUlMjIlMkNuYW1lJTNBJTIyTG9iYnklMjBIJUMzJUI0cGl0YWwlMjBDTVElMjBQcmVtaWVyZSUyMiUyQ2xldmVscyUzQSU1QiU3QnRpbGVTaXplJTNBMjU2JTJDc2l6ZSUzQTI1NiUyQ2ZhbGxiYWNrT25seSUzQSUyMTAlN0QlMkMlN0J0aWxlU2l6ZSUzQTUxMiUyQ3NpemUlM0E1MTIlN0QlMkMlN0J0aWxlU2l6ZSUzQTUxMiUyQ3NpemUlM0ExMDI0JTdEJTJDJTdCdGlsZVNpemUlM0E1MTIlMkNzaXplJTNBMjA0OCU3RCU1RCUyQ2ZhY2VTaXplJTNBMTM0NCUyQ2luaXRpYWxWaWV3UGFyYW1ldGVycyUzQSU3QnBpdGNoJTNBMCUyQ3lhdyUzQTAlMkNmb3YlM0ExLjU3MDc5NjMyNjc5NDg5NjYlN0QlMkNsaW5rSG90c3BvdHMlM0ElNUIlN0J5YXclM0EtMi45MDA0NTQzOTg4MjA2MjElMkNwaXRjaCUzQS4wNjQ5NTYxNDMzNDQzMTgyJTJDcm90YXRpb24lM0E1LjQ5Nzc4NzE0Mzc4MjEzOCUyQ3RhcmdldCUzQSUyMjEtcXVpcmZhbm8tLWNtcS1wcmVtaWVyZSUyMiU3RCU1RCUyQ2luZm9Ib3RzcG90cyUzQSU1QiU3QnlhdyUzQS0xLjM0ODgyNzAzMTk4NjQyOTUlMkNwaXRjaCUzQS0uMTEyMDQ0MjIwMDE3OTU1JTJDdGl0bGUlM0ElMjJDYWYlQzMlQTl0JUMzJUE5cmlhcyUyMENNUSUyMiUyQ3RleHQlM0ElMjJOb3VzJTIwc29tbWVzJTIwZmllcnMlMjBkJTI3JUMzJUFBdHJlJTIwdW4lMjBjb25jZXNzaW9ubmFpcmUlMjBTdGFyYnVja3MlMjBjZXJ0aWZpJUMzJUE5LiUyMiU3RCU1RCU3RCUyQyU3QmlkJTNBJTIyMS1xdWlyZmFuby0tY21xLXByZW1pZXJlJTIyJTJDbmFtZSUzQSUyMlNhbGxlJTIwZCVFMiU4MCU5OW9wJUMzJUE5cmF0aW9ucyUyMCU3QyUyMENNUSUyMFByZW1pZXJlJTIyJTJDbGV2ZWxzJTNBJTVCJTdCdGlsZVNpemUlM0EyNTYlMkNzaXplJTNBMjU2JTJDZmFsbGJhY2tPbmx5JTNBJTIxMCU3RCUyQyU3QnRpbGVTaXplJTNBNTEyJTJDc2l6ZSUzQTUxMiU3RCUyQyU3QnRpbGVTaXplJTNBNTEyJTJDc2l6ZSUzQTEwMjQlN0QlMkMlN0J0aWxlU2l6ZSUzQTUxMiUyQ3NpemUlM0EyMDQ4JTdEJTVEJTJDZmFjZVNpemUlM0ExMzQ0JTJDaW5pdGlhbFZpZXdQYXJhbWV0ZXJzJTNBJTdCcGl0Y2glM0EwJTJDeWF3JTNBMCUyQ2ZvdiUzQTEuNTcwNzk2MzI2Nzk0ODk2NiU3RCUyQ2xpbmtIb3RzcG90cyUzQSU1QiU3QnlhdyUzQTIuMDE0NTYwNzUzMTI3ODA5NCUyQ3BpdGNoJTNBLjE1NTI2NTcwNTEzMTk2NzAyJTJDcm90YXRpb24lM0EwJTJDdGFyZ2V0JTNBJTIyMC1sb2JieS1ob3NwaXRhbC1jbXEtcHJlbWllcmUlMjIlN0QlNUQlMkNpbmZvSG90c3BvdHMlM0ElNUIlNUQlN0QlNUQlMkNuYW1lJTNBJTIyUHJvamVjdCUyMFRpdGxlJTIyJTJDc2V0dGluZ3MlM0ElN0Jtb3VzZVZpZXdNb2RlJTNBJTIyZHJhZyUyMiUyQ2F1dG9yb3RhdGVFbmFibGVkJTNBJTIxMCUyQ2Z1bGxzY3JlZW5CdXR0b24lM0ElMjExJTJDdmlld0NvbnRyb2xCdXR0b25zJTNBJTIxMSU3RCU3RCUzQiUwQSUzQyUyRnNjcmlwdCUzRQ==[\/vc_raw_js][\/vc_column][\/vc_row]<\/p>\n<\/div>","protected":false},"excerpt":{"rendered":"<p>Faites cette visite virtuelle et explorez l&rsquo;int\u00e9rieur de notre h\u00f4pital CMQ Premiere \u00e0 Puerto Vallarta. Promenez-vous dans nos salles d&rsquo;op\u00e9ration, \u00e0 l&rsquo;\u00e9tage de l&rsquo;h\u00f4pital, \u00e0 la caf\u00e9t\u00e9ria et bien plus encore. D\u00e9couvrez ici pourquoi le CMQ Premiere est consid\u00e9r\u00e9 comme l&rsquo;h\u00f4pital le plus complet de la baie de Banderas.<\/p>\n","protected":false},"author":1,"featured_media":12496,"parent":13480,"menu_order":0,"comment_status":"closed","ping_status":"closed","template":"template-view-360.php","meta":{"footnotes":""},"class_list":["post-13482","page","type-page","status-publish","has-post-thumbnail","hentry"],"acf":[],"yoast_head":"<!-- This site is optimized with the Yoast SEO plugin v27.3 - https:\/\/yoast.com\/product\/yoast-seo-wordpress\/ -->\n<title>Explorez l&#039;int\u00e9rieur de H\u00f4pital CMQ Premiere Visite Virtuelle<\/title>\n<meta name=\"description\" content=\"Faites cette visite virtuelle et explorez l&#039;int\u00e9rieur de notre h\u00f4pital CMQ Premiere \u00e0 Puerto Vallarta. D\u00e9couvrez ici pourquoi le CMQ Premiere est consid\u00e9r\u00e9 comme l&#039;h\u00f4pital le plus complet de la baie de Banderas.\" \/>\n<meta name=\"robots\" content=\"index, follow, max-snippet:-1, max-image-preview:large, max-video-preview:-1\" \/>\n<link rel=\"canonical\" href=\"https:\/\/hospitalcmq.com\/fr\/visite-virtuelle\/cmq-premiere\/\" \/>\n<meta property=\"og:locale\" content=\"fr_FR\" \/>\n<meta property=\"og:type\" content=\"article\" \/>\n<meta property=\"og:title\" content=\"Explorez l&#039;int\u00e9rieur de H\u00f4pital CMQ Premiere Visite Virtuelle\" \/>\n<meta property=\"og:description\" content=\"Faites cette visite virtuelle et explorez l&#039;int\u00e9rieur de notre h\u00f4pital CMQ Premiere \u00e0 Puerto Vallarta. D\u00e9couvrez ici pourquoi le CMQ Premiere est consid\u00e9r\u00e9 comme l&#039;h\u00f4pital le plus complet de la baie de Banderas.\" \/>\n<meta property=\"og:url\" content=\"https:\/\/hospitalcmq.com\/fr\/visite-virtuelle\/cmq-premiere\/\" \/>\n<meta property=\"og:site_name\" content=\"Hospital CMQ\" \/>\n<meta property=\"article:publisher\" content=\"https:\/\/www.facebook.com\/HospitalCMQ\" \/>\n<meta property=\"article:modified_time\" content=\"2024-07-01T18:24:49+00:00\" \/>\n<meta property=\"og:image\" content=\"https:\/\/hospitalcmq.com\/wp-content\/uploads\/2018\/08\/Premiere-Mapa-Mexico.jpg\" \/>\n\t<meta property=\"og:image:width\" content=\"330\" \/>\n\t<meta property=\"og:image:height\" content=\"200\" \/>\n\t<meta property=\"og:image:type\" content=\"image\/jpeg\" \/>\n<meta name=\"twitter:card\" content=\"summary_large_image\" \/>\n<meta name=\"twitter:label1\" content=\"Dur\u00e9e de lecture estim\u00e9e\" \/>\n\t<meta name=\"twitter:data1\" content=\"1 minute\" \/>\n<script type=\"application\/ld+json\" class=\"yoast-schema-graph\">{\"@context\":\"https:\\\/\\\/schema.org\",\"@graph\":[{\"@type\":\"WebPage\",\"@id\":\"https:\\\/\\\/hospitalcmq.com\\\/fr\\\/visite-virtuelle\\\/cmq-premiere\\\/\",\"url\":\"https:\\\/\\\/hospitalcmq.com\\\/fr\\\/visite-virtuelle\\\/cmq-premiere\\\/\",\"name\":\"Explorez l'int\u00e9rieur de H\u00f4pital CMQ Premiere Visite Virtuelle\",\"isPartOf\":{\"@id\":\"https:\\\/\\\/hospitalcmq.com\\\/fr\\\/#website\"},\"primaryImageOfPage\":{\"@id\":\"https:\\\/\\\/hospitalcmq.com\\\/fr\\\/visite-virtuelle\\\/cmq-premiere\\\/#primaryimage\"},\"image\":{\"@id\":\"https:\\\/\\\/hospitalcmq.com\\\/fr\\\/visite-virtuelle\\\/cmq-premiere\\\/#primaryimage\"},\"thumbnailUrl\":\"https:\\\/\\\/hospitalcmq.com\\\/wp-content\\\/uploads\\\/2018\\\/08\\\/Premiere-Mapa-Mexico.jpg\",\"datePublished\":\"2023-07-31T21:22:17+00:00\",\"dateModified\":\"2024-07-01T18:24:49+00:00\",\"description\":\"Faites cette visite virtuelle et explorez l'int\u00e9rieur de notre h\u00f4pital CMQ Premiere \u00e0 Puerto Vallarta. D\u00e9couvrez ici pourquoi le CMQ Premiere est consid\u00e9r\u00e9 comme l'h\u00f4pital le plus complet de la baie de Banderas.\",\"breadcrumb\":{\"@id\":\"https:\\\/\\\/hospitalcmq.com\\\/fr\\\/visite-virtuelle\\\/cmq-premiere\\\/#breadcrumb\"},\"inLanguage\":\"fr-FR\",\"potentialAction\":[{\"@type\":\"ReadAction\",\"target\":[\"https:\\\/\\\/hospitalcmq.com\\\/fr\\\/visite-virtuelle\\\/cmq-premiere\\\/\"]}]},{\"@type\":\"ImageObject\",\"inLanguage\":\"fr-FR\",\"@id\":\"https:\\\/\\\/hospitalcmq.com\\\/fr\\\/visite-virtuelle\\\/cmq-premiere\\\/#primaryimage\",\"url\":\"https:\\\/\\\/hospitalcmq.com\\\/wp-content\\\/uploads\\\/2018\\\/08\\\/Premiere-Mapa-Mexico.jpg\",\"contentUrl\":\"https:\\\/\\\/hospitalcmq.com\\\/wp-content\\\/uploads\\\/2018\\\/08\\\/Premiere-Mapa-Mexico.jpg\",\"width\":330,\"height\":200},{\"@type\":\"BreadcrumbList\",\"@id\":\"https:\\\/\\\/hospitalcmq.com\\\/fr\\\/visite-virtuelle\\\/cmq-premiere\\\/#breadcrumb\",\"itemListElement\":[{\"@type\":\"ListItem\",\"position\":1,\"name\":\"Home\",\"item\":\"https:\\\/\\\/hospitalcmq.com\\\/fr\\\/\"},{\"@type\":\"ListItem\",\"position\":2,\"name\":\"Visite virtuelle\",\"item\":\"https:\\\/\\\/hospitalcmq.com\\\/fr\\\/visite-virtuelle\\\/\"},{\"@type\":\"ListItem\",\"position\":3,\"name\":\"H\u00f4pital CMQ Premiere Visite Virtuelle\"}]},{\"@type\":\"WebSite\",\"@id\":\"https:\\\/\\\/hospitalcmq.com\\\/fr\\\/#website\",\"url\":\"https:\\\/\\\/hospitalcmq.com\\\/fr\\\/\",\"name\":\"Hospital CMQ\",\"description\":\"Best Hospitals in Puerto Vallarta &amp; Riviera Nayarit\",\"publisher\":{\"@id\":\"https:\\\/\\\/hospitalcmq.com\\\/fr\\\/#organization\"},\"potentialAction\":[{\"@type\":\"SearchAction\",\"target\":{\"@type\":\"EntryPoint\",\"urlTemplate\":\"https:\\\/\\\/hospitalcmq.com\\\/fr\\\/?s={search_term_string}\"},\"query-input\":{\"@type\":\"PropertyValueSpecification\",\"valueRequired\":true,\"valueName\":\"search_term_string\"}}],\"inLanguage\":\"fr-FR\"},{\"@type\":\"Organization\",\"@id\":\"https:\\\/\\\/hospitalcmq.com\\\/fr\\\/#organization\",\"name\":\"Hospital CMQ\",\"url\":\"https:\\\/\\\/hospitalcmq.com\\\/fr\\\/\",\"logo\":{\"@type\":\"ImageObject\",\"inLanguage\":\"fr-FR\",\"@id\":\"https:\\\/\\\/hospitalcmq.com\\\/fr\\\/#\\\/schema\\\/logo\\\/image\\\/\",\"url\":\"https:\\\/\\\/hospitalcmq.com\\\/wp-content\\\/uploads\\\/2018\\\/06\\\/cmq-hospital-logo.png\",\"contentUrl\":\"https:\\\/\\\/hospitalcmq.com\\\/wp-content\\\/uploads\\\/2018\\\/06\\\/cmq-hospital-logo.png\",\"width\":214,\"height\":189,\"caption\":\"Hospital CMQ\"},\"image\":{\"@id\":\"https:\\\/\\\/hospitalcmq.com\\\/fr\\\/#\\\/schema\\\/logo\\\/image\\\/\"},\"sameAs\":[\"https:\\\/\\\/www.facebook.com\\\/HospitalCMQ\"]}]}<\/script>\n<!-- \/ Yoast SEO plugin. -->","yoast_head_json":{"title":"Explorez l'int\u00e9rieur de H\u00f4pital CMQ Premiere Visite Virtuelle","description":"Faites cette visite virtuelle et explorez l'int\u00e9rieur de notre h\u00f4pital CMQ Premiere \u00e0 Puerto Vallarta. D\u00e9couvrez ici pourquoi le CMQ Premiere est consid\u00e9r\u00e9 comme l'h\u00f4pital le plus complet de la baie de Banderas.","robots":{"index":"index","follow":"follow","max-snippet":"max-snippet:-1","max-image-preview":"max-image-preview:large","max-video-preview":"max-video-preview:-1"},"canonical":"https:\/\/hospitalcmq.com\/fr\/visite-virtuelle\/cmq-premiere\/","og_locale":"fr_FR","og_type":"article","og_title":"Explorez l'int\u00e9rieur de H\u00f4pital CMQ Premiere Visite Virtuelle","og_description":"Faites cette visite virtuelle et explorez l'int\u00e9rieur de notre h\u00f4pital CMQ Premiere \u00e0 Puerto Vallarta. D\u00e9couvrez ici pourquoi le CMQ Premiere est consid\u00e9r\u00e9 comme l'h\u00f4pital le plus complet de la baie de Banderas.","og_url":"https:\/\/hospitalcmq.com\/fr\/visite-virtuelle\/cmq-premiere\/","og_site_name":"Hospital CMQ","article_publisher":"https:\/\/www.facebook.com\/HospitalCMQ","article_modified_time":"2024-07-01T18:24:49+00:00","og_image":[{"width":330,"height":200,"url":"https:\/\/hospitalcmq.com\/wp-content\/uploads\/2018\/08\/Premiere-Mapa-Mexico.jpg","type":"image\/jpeg"}],"twitter_card":"summary_large_image","twitter_misc":{"Dur\u00e9e de lecture estim\u00e9e":"1 minute"},"schema":{"@context":"https:\/\/schema.org","@graph":[{"@type":"WebPage","@id":"https:\/\/hospitalcmq.com\/fr\/visite-virtuelle\/cmq-premiere\/","url":"https:\/\/hospitalcmq.com\/fr\/visite-virtuelle\/cmq-premiere\/","name":"Explorez l'int\u00e9rieur de H\u00f4pital CMQ Premiere Visite Virtuelle","isPartOf":{"@id":"https:\/\/hospitalcmq.com\/fr\/#website"},"primaryImageOfPage":{"@id":"https:\/\/hospitalcmq.com\/fr\/visite-virtuelle\/cmq-premiere\/#primaryimage"},"image":{"@id":"https:\/\/hospitalcmq.com\/fr\/visite-virtuelle\/cmq-premiere\/#primaryimage"},"thumbnailUrl":"https:\/\/hospitalcmq.com\/wp-content\/uploads\/2018\/08\/Premiere-Mapa-Mexico.jpg","datePublished":"2023-07-31T21:22:17+00:00","dateModified":"2024-07-01T18:24:49+00:00","description":"Faites cette visite virtuelle et explorez l'int\u00e9rieur de notre h\u00f4pital CMQ Premiere \u00e0 Puerto Vallarta. D\u00e9couvrez ici pourquoi le CMQ Premiere est consid\u00e9r\u00e9 comme l'h\u00f4pital le plus complet de la baie de Banderas.","breadcrumb":{"@id":"https:\/\/hospitalcmq.com\/fr\/visite-virtuelle\/cmq-premiere\/#breadcrumb"},"inLanguage":"fr-FR","potentialAction":[{"@type":"ReadAction","target":["https:\/\/hospitalcmq.com\/fr\/visite-virtuelle\/cmq-premiere\/"]}]},{"@type":"ImageObject","inLanguage":"fr-FR","@id":"https:\/\/hospitalcmq.com\/fr\/visite-virtuelle\/cmq-premiere\/#primaryimage","url":"https:\/\/hospitalcmq.com\/wp-content\/uploads\/2018\/08\/Premiere-Mapa-Mexico.jpg","contentUrl":"https:\/\/hospitalcmq.com\/wp-content\/uploads\/2018\/08\/Premiere-Mapa-Mexico.jpg","width":330,"height":200},{"@type":"BreadcrumbList","@id":"https:\/\/hospitalcmq.com\/fr\/visite-virtuelle\/cmq-premiere\/#breadcrumb","itemListElement":[{"@type":"ListItem","position":1,"name":"Home","item":"https:\/\/hospitalcmq.com\/fr\/"},{"@type":"ListItem","position":2,"name":"Visite virtuelle","item":"https:\/\/hospitalcmq.com\/fr\/visite-virtuelle\/"},{"@type":"ListItem","position":3,"name":"H\u00f4pital CMQ Premiere Visite Virtuelle"}]},{"@type":"WebSite","@id":"https:\/\/hospitalcmq.com\/fr\/#website","url":"https:\/\/hospitalcmq.com\/fr\/","name":"Hospital CMQ","description":"Best Hospitals in Puerto Vallarta &amp; Riviera Nayarit","publisher":{"@id":"https:\/\/hospitalcmq.com\/fr\/#organization"},"potentialAction":[{"@type":"SearchAction","target":{"@type":"EntryPoint","urlTemplate":"https:\/\/hospitalcmq.com\/fr\/?s={search_term_string}"},"query-input":{"@type":"PropertyValueSpecification","valueRequired":true,"valueName":"search_term_string"}}],"inLanguage":"fr-FR"},{"@type":"Organization","@id":"https:\/\/hospitalcmq.com\/fr\/#organization","name":"Hospital CMQ","url":"https:\/\/hospitalcmq.com\/fr\/","logo":{"@type":"ImageObject","inLanguage":"fr-FR","@id":"https:\/\/hospitalcmq.com\/fr\/#\/schema\/logo\/image\/","url":"https:\/\/hospitalcmq.com\/wp-content\/uploads\/2018\/06\/cmq-hospital-logo.png","contentUrl":"https:\/\/hospitalcmq.com\/wp-content\/uploads\/2018\/06\/cmq-hospital-logo.png","width":214,"height":189,"caption":"Hospital CMQ"},"image":{"@id":"https:\/\/hospitalcmq.com\/fr\/#\/schema\/logo\/image\/"},"sameAs":["https:\/\/www.facebook.com\/HospitalCMQ"]}]}},"_links":{"self":[{"href":"https:\/\/hospitalcmq.com\/fr\/wp-json\/wp\/v2\/pages\/13482","targetHints":{"allow":["GET"]}}],"collection":[{"href":"https:\/\/hospitalcmq.com\/fr\/wp-json\/wp\/v2\/pages"}],"about":[{"href":"https:\/\/hospitalcmq.com\/fr\/wp-json\/wp\/v2\/types\/page"}],"author":[{"embeddable":true,"href":"https:\/\/hospitalcmq.com\/fr\/wp-json\/wp\/v2\/users\/1"}],"replies":[{"embeddable":true,"href":"https:\/\/hospitalcmq.com\/fr\/wp-json\/wp\/v2\/comments?post=13482"}],"version-history":[{"count":0,"href":"https:\/\/hospitalcmq.com\/fr\/wp-json\/wp\/v2\/pages\/13482\/revisions"}],"up":[{"embeddable":true,"href":"https:\/\/hospitalcmq.com\/fr\/wp-json\/wp\/v2\/pages\/13480"}],"wp:featuredmedia":[{"embeddable":true,"href":"https:\/\/hospitalcmq.com\/fr\/wp-json\/wp\/v2\/media\/12496"}],"wp:attachment":[{"href":"https:\/\/hospitalcmq.com\/fr\/wp-json\/wp\/v2\/media?parent=13482"}],"curies":[{"name":"wp","href":"https:\/\/api.w.org\/{rel}","templated":true}]}}