{"id":13480,"date":"2023-07-31T15:10:14","date_gmt":"2023-07-31T21:10:14","guid":{"rendered":"https:\/\/hospitalcmq.com\/?page_id=13480"},"modified":"2024-07-01T12:18:36","modified_gmt":"2024-07-01T18:18:36","slug":"visite-virtuelle","status":"publish","type":"page","link":"https:\/\/hospitalcmq.com\/fr\/visite-virtuelle\/","title":{"rendered":"Visite virtuelle"},"content":{"rendered":"<div class=\"wpb-content-wrapper\"><p>[vc_row][vc_column][vc_single_image image=\u00a0\u00bb4965&Prime; img_size=\u00a0\u00bbfull\u00a0\u00bb alignment=\u00a0\u00bbcenter\u00a0\u00bb][\/vc_column][\/vc_row][vc_row][vc_column][vc_empty_space][vc_column_text css=\u00a0\u00bb\u00a0\u00bb]<\/p>\n<div class=\"block_style_similar text-center\">\n<div class=\"blockTitleAction\">\n<h1 class=\"title\">Visite Virtuelle Des H\u00f4pitaux CMQ<\/h1>\n<div class=\"desc px-0 px-lg-5 pb-0 pb-lg-3\">\n<p><span style=\"font-weight: 400;\">Faites cette visite virtuelle et d\u00e9couvrez l&rsquo;int\u00e9rieur de nos trois h\u00f4pitaux : <a href=\"https:\/\/hospitalcmq.com\/fr\/hopital\/cmq-centre\/\">CMQ Centre<\/a>, <a href=\"https:\/\/hospitalcmq.com\/fr\/hopital\/cmq-premiere\/\">CMQ Premi\u00e8re<\/a> et <a href=\"https:\/\/hospitalcmq.com\/fr\/hopital\/cmq-riviera-nayarit\/\">CMQ Riviera Nayarit<\/a>. Visitez nos installations modernes, nos salles d&rsquo;op\u00e9ration spacieuses, nos chambres confortables et nos zones de soins m\u00e9dicaux disponibles \u00e0 Puerto Vallarta et Riviera Nayarit et d\u00e9couvrez pourquoi nous sommes l&rsquo;h\u00f4pital de choix pour les habitants de la r\u00e9gion et les visiteurs internationaux.<\/span><\/p>\n<\/div>\n<\/div>\n<\/div>\n<p>[\/vc_column_text][vc_empty_space][\/vc_column][\/vc_row]<\/p>\n<\/div>","protected":false},"excerpt":{"rendered":"<p>Faites cette visite virtuelle et d\u00e9couvrez l&rsquo;int\u00e9rieur de nos trois h\u00f4pitaux : CMQ Centre, CMQ Premi\u00e8re et CMQ Riviera Nayarit. Visitez nos installations modernes, nos salles d&rsquo;op\u00e9ration spacieuses, nos chambres confortables et nos zones de soins m\u00e9dicaux disponibles \u00e0 Puerto Vallarta et Riviera Nayarit et d\u00e9couvrez pourquoi nous sommes l&rsquo;h\u00f4pital de choix pour les habitants de la r\u00e9gion et les visiteurs internationaux.<\/p>\n","protected":false},"author":1,"featured_media":4965,"parent":0,"menu_order":0,"comment_status":"closed","ping_status":"closed","template":"template-parent-page-menu.php","meta":{"footnotes":""},"class_list":["post-13480","page","type-page","status-publish","has-post-thumbnail","hentry"],"acf":[],"yoast_head":"<!-- This site is optimized with the Yoast SEO plugin v27.3 - https:\/\/yoast.com\/product\/yoast-seo-wordpress\/ -->\n<title>Visite Virtuelle des H\u00f4pitaux CMQ \u00e0 Puerto Vallarta<\/title>\n<meta name=\"description\" content=\"Faites cette visite virtuelle et d\u00e9couvrez l&#039;int\u00e9rieur de nos trois h\u00f4pitaux : CMQ Centre, CMQ Premi\u00e8re et CMQ Riviera Nayarit.\" \/>\n<meta name=\"robots\" content=\"index, follow, max-snippet:-1, max-image-preview:large, max-video-preview:-1\" \/>\n<link rel=\"canonical\" href=\"https:\/\/hospitalcmq.com\/fr\/visite-virtuelle\/\" \/>\n<meta property=\"og:locale\" content=\"fr_FR\" \/>\n<meta property=\"og:type\" content=\"article\" \/>\n<meta property=\"og:title\" content=\"Visite Virtuelle des H\u00f4pitaux CMQ \u00e0 Puerto Vallarta\" \/>\n<meta property=\"og:description\" content=\"Faites cette visite virtuelle et d\u00e9couvrez l&#039;int\u00e9rieur de nos trois h\u00f4pitaux : CMQ Centre, CMQ Premi\u00e8re et CMQ Riviera Nayarit.\" \/>\n<meta property=\"og:url\" content=\"https:\/\/hospitalcmq.com\/fr\/visite-virtuelle\/\" \/>\n<meta property=\"og:site_name\" content=\"Hospital CMQ\" \/>\n<meta property=\"article:publisher\" content=\"https:\/\/www.facebook.com\/HospitalCMQ\" \/>\n<meta property=\"article:modified_time\" content=\"2024-07-01T18:18:36+00:00\" \/>\n<meta property=\"og:image\" content=\"https:\/\/hospitalcmq.com\/wp-content\/uploads\/2019\/03\/360-views-hospital-cmq.jpg\" \/>\n\t<meta property=\"og:image:width\" content=\"1110\" \/>\n\t<meta property=\"og:image:height\" content=\"300\" \/>\n\t<meta property=\"og:image:type\" content=\"image\/jpeg\" \/>\n<meta name=\"twitter:card\" content=\"summary_large_image\" \/>\n<meta name=\"twitter:label1\" content=\"Dur\u00e9e de lecture estim\u00e9e\" \/>\n\t<meta name=\"twitter:data1\" content=\"1 minute\" \/>\n<script type=\"application\/ld+json\" class=\"yoast-schema-graph\">{\"@context\":\"https:\\\/\\\/schema.org\",\"@graph\":[{\"@type\":\"WebPage\",\"@id\":\"https:\\\/\\\/hospitalcmq.com\\\/fr\\\/visite-virtuelle\\\/\",\"url\":\"https:\\\/\\\/hospitalcmq.com\\\/fr\\\/visite-virtuelle\\\/\",\"name\":\"Visite Virtuelle des H\u00f4pitaux CMQ \u00e0 Puerto Vallarta\",\"isPartOf\":{\"@id\":\"https:\\\/\\\/hospitalcmq.com\\\/fr\\\/#website\"},\"primaryImageOfPage\":{\"@id\":\"https:\\\/\\\/hospitalcmq.com\\\/fr\\\/visite-virtuelle\\\/#primaryimage\"},\"image\":{\"@id\":\"https:\\\/\\\/hospitalcmq.com\\\/fr\\\/visite-virtuelle\\\/#primaryimage\"},\"thumbnailUrl\":\"https:\\\/\\\/hospitalcmq.com\\\/wp-content\\\/uploads\\\/2019\\\/03\\\/360-views-hospital-cmq.jpg\",\"datePublished\":\"2023-07-31T21:10:14+00:00\",\"dateModified\":\"2024-07-01T18:18:36+00:00\",\"description\":\"Faites cette visite virtuelle et d\u00e9couvrez l'int\u00e9rieur de nos trois h\u00f4pitaux : CMQ Centre, CMQ Premi\u00e8re et CMQ Riviera Nayarit.\",\"breadcrumb\":{\"@id\":\"https:\\\/\\\/hospitalcmq.com\\\/fr\\\/visite-virtuelle\\\/#breadcrumb\"},\"inLanguage\":\"fr-FR\",\"potentialAction\":[{\"@type\":\"ReadAction\",\"target\":[\"https:\\\/\\\/hospitalcmq.com\\\/fr\\\/visite-virtuelle\\\/\"]}]},{\"@type\":\"ImageObject\",\"inLanguage\":\"fr-FR\",\"@id\":\"https:\\\/\\\/hospitalcmq.com\\\/fr\\\/visite-virtuelle\\\/#primaryimage\",\"url\":\"https:\\\/\\\/hospitalcmq.com\\\/wp-content\\\/uploads\\\/2019\\\/03\\\/360-views-hospital-cmq.jpg\",\"contentUrl\":\"https:\\\/\\\/hospitalcmq.com\\\/wp-content\\\/uploads\\\/2019\\\/03\\\/360-views-hospital-cmq.jpg\",\"width\":1110,\"height\":300,\"caption\":\"sad\"},{\"@type\":\"BreadcrumbList\",\"@id\":\"https:\\\/\\\/hospitalcmq.com\\\/fr\\\/visite-virtuelle\\\/#breadcrumb\",\"itemListElement\":[{\"@type\":\"ListItem\",\"position\":1,\"name\":\"Home\",\"item\":\"https:\\\/\\\/hospitalcmq.com\\\/fr\\\/\"},{\"@type\":\"ListItem\",\"position\":2,\"name\":\"Visite virtuelle\"}]},{\"@type\":\"WebSite\",\"@id\":\"https:\\\/\\\/hospitalcmq.com\\\/fr\\\/#website\",\"url\":\"https:\\\/\\\/hospitalcmq.com\\\/fr\\\/\",\"name\":\"Hospital CMQ\",\"description\":\"Best Hospitals in Puerto Vallarta &amp; Riviera Nayarit\",\"publisher\":{\"@id\":\"https:\\\/\\\/hospitalcmq.com\\\/fr\\\/#organization\"},\"potentialAction\":[{\"@type\":\"SearchAction\",\"target\":{\"@type\":\"EntryPoint\",\"urlTemplate\":\"https:\\\/\\\/hospitalcmq.com\\\/fr\\\/?s={search_term_string}\"},\"query-input\":{\"@type\":\"PropertyValueSpecification\",\"valueRequired\":true,\"valueName\":\"search_term_string\"}}],\"inLanguage\":\"fr-FR\"},{\"@type\":\"Organization\",\"@id\":\"https:\\\/\\\/hospitalcmq.com\\\/fr\\\/#organization\",\"name\":\"Hospital CMQ\",\"url\":\"https:\\\/\\\/hospitalcmq.com\\\/fr\\\/\",\"logo\":{\"@type\":\"ImageObject\",\"inLanguage\":\"fr-FR\",\"@id\":\"https:\\\/\\\/hospitalcmq.com\\\/fr\\\/#\\\/schema\\\/logo\\\/image\\\/\",\"url\":\"https:\\\/\\\/hospitalcmq.com\\\/wp-content\\\/uploads\\\/2018\\\/06\\\/cmq-hospital-logo.png\",\"contentUrl\":\"https:\\\/\\\/hospitalcmq.com\\\/wp-content\\\/uploads\\\/2018\\\/06\\\/cmq-hospital-logo.png\",\"width\":214,\"height\":189,\"caption\":\"Hospital CMQ\"},\"image\":{\"@id\":\"https:\\\/\\\/hospitalcmq.com\\\/fr\\\/#\\\/schema\\\/logo\\\/image\\\/\"},\"sameAs\":[\"https:\\\/\\\/www.facebook.com\\\/HospitalCMQ\"]}]}<\/script>\n<!-- \/ Yoast SEO plugin. -->","yoast_head_json":{"title":"Visite Virtuelle des H\u00f4pitaux CMQ \u00e0 Puerto Vallarta","description":"Faites cette visite virtuelle et d\u00e9couvrez l'int\u00e9rieur de nos trois h\u00f4pitaux : CMQ Centre, CMQ Premi\u00e8re et CMQ Riviera Nayarit.","robots":{"index":"index","follow":"follow","max-snippet":"max-snippet:-1","max-image-preview":"max-image-preview:large","max-video-preview":"max-video-preview:-1"},"canonical":"https:\/\/hospitalcmq.com\/fr\/visite-virtuelle\/","og_locale":"fr_FR","og_type":"article","og_title":"Visite Virtuelle des H\u00f4pitaux CMQ \u00e0 Puerto Vallarta","og_description":"Faites cette visite virtuelle et d\u00e9couvrez l'int\u00e9rieur de nos trois h\u00f4pitaux : CMQ Centre, CMQ Premi\u00e8re et CMQ Riviera Nayarit.","og_url":"https:\/\/hospitalcmq.com\/fr\/visite-virtuelle\/","og_site_name":"Hospital CMQ","article_publisher":"https:\/\/www.facebook.com\/HospitalCMQ","article_modified_time":"2024-07-01T18:18:36+00:00","og_image":[{"width":1110,"height":300,"url":"https:\/\/hospitalcmq.com\/wp-content\/uploads\/2019\/03\/360-views-hospital-cmq.jpg","type":"image\/jpeg"}],"twitter_card":"summary_large_image","twitter_misc":{"Dur\u00e9e de lecture estim\u00e9e":"1 minute"},"schema":{"@context":"https:\/\/schema.org","@graph":[{"@type":"WebPage","@id":"https:\/\/hospitalcmq.com\/fr\/visite-virtuelle\/","url":"https:\/\/hospitalcmq.com\/fr\/visite-virtuelle\/","name":"Visite Virtuelle des H\u00f4pitaux CMQ \u00e0 Puerto Vallarta","isPartOf":{"@id":"https:\/\/hospitalcmq.com\/fr\/#website"},"primaryImageOfPage":{"@id":"https:\/\/hospitalcmq.com\/fr\/visite-virtuelle\/#primaryimage"},"image":{"@id":"https:\/\/hospitalcmq.com\/fr\/visite-virtuelle\/#primaryimage"},"thumbnailUrl":"https:\/\/hospitalcmq.com\/wp-content\/uploads\/2019\/03\/360-views-hospital-cmq.jpg","datePublished":"2023-07-31T21:10:14+00:00","dateModified":"2024-07-01T18:18:36+00:00","description":"Faites cette visite virtuelle et d\u00e9couvrez l'int\u00e9rieur de nos trois h\u00f4pitaux : CMQ Centre, CMQ Premi\u00e8re et CMQ Riviera Nayarit.","breadcrumb":{"@id":"https:\/\/hospitalcmq.com\/fr\/visite-virtuelle\/#breadcrumb"},"inLanguage":"fr-FR","potentialAction":[{"@type":"ReadAction","target":["https:\/\/hospitalcmq.com\/fr\/visite-virtuelle\/"]}]},{"@type":"ImageObject","inLanguage":"fr-FR","@id":"https:\/\/hospitalcmq.com\/fr\/visite-virtuelle\/#primaryimage","url":"https:\/\/hospitalcmq.com\/wp-content\/uploads\/2019\/03\/360-views-hospital-cmq.jpg","contentUrl":"https:\/\/hospitalcmq.com\/wp-content\/uploads\/2019\/03\/360-views-hospital-cmq.jpg","width":1110,"height":300,"caption":"sad"},{"@type":"BreadcrumbList","@id":"https:\/\/hospitalcmq.com\/fr\/visite-virtuelle\/#breadcrumb","itemListElement":[{"@type":"ListItem","position":1,"name":"Home","item":"https:\/\/hospitalcmq.com\/fr\/"},{"@type":"ListItem","position":2,"name":"Visite virtuelle"}]},{"@type":"WebSite","@id":"https:\/\/hospitalcmq.com\/fr\/#website","url":"https:\/\/hospitalcmq.com\/fr\/","name":"Hospital CMQ","description":"Best Hospitals in Puerto Vallarta &amp; Riviera Nayarit","publisher":{"@id":"https:\/\/hospitalcmq.com\/fr\/#organization"},"potentialAction":[{"@type":"SearchAction","target":{"@type":"EntryPoint","urlTemplate":"https:\/\/hospitalcmq.com\/fr\/?s={search_term_string}"},"query-input":{"@type":"PropertyValueSpecification","valueRequired":true,"valueName":"search_term_string"}}],"inLanguage":"fr-FR"},{"@type":"Organization","@id":"https:\/\/hospitalcmq.com\/fr\/#organization","name":"Hospital CMQ","url":"https:\/\/hospitalcmq.com\/fr\/","logo":{"@type":"ImageObject","inLanguage":"fr-FR","@id":"https:\/\/hospitalcmq.com\/fr\/#\/schema\/logo\/image\/","url":"https:\/\/hospitalcmq.com\/wp-content\/uploads\/2018\/06\/cmq-hospital-logo.png","contentUrl":"https:\/\/hospitalcmq.com\/wp-content\/uploads\/2018\/06\/cmq-hospital-logo.png","width":214,"height":189,"caption":"Hospital CMQ"},"image":{"@id":"https:\/\/hospitalcmq.com\/fr\/#\/schema\/logo\/image\/"},"sameAs":["https:\/\/www.facebook.com\/HospitalCMQ"]}]}},"_links":{"self":[{"href":"https:\/\/hospitalcmq.com\/fr\/wp-json\/wp\/v2\/pages\/13480","targetHints":{"allow":["GET"]}}],"collection":[{"href":"https:\/\/hospitalcmq.com\/fr\/wp-json\/wp\/v2\/pages"}],"about":[{"href":"https:\/\/hospitalcmq.com\/fr\/wp-json\/wp\/v2\/types\/page"}],"author":[{"embeddable":true,"href":"https:\/\/hospitalcmq.com\/fr\/wp-json\/wp\/v2\/users\/1"}],"replies":[{"embeddable":true,"href":"https:\/\/hospitalcmq.com\/fr\/wp-json\/wp\/v2\/comments?post=13480"}],"version-history":[{"count":0,"href":"https:\/\/hospitalcmq.com\/fr\/wp-json\/wp\/v2\/pages\/13480\/revisions"}],"wp:featuredmedia":[{"embeddable":true,"href":"https:\/\/hospitalcmq.com\/fr\/wp-json\/wp\/v2\/media\/4965"}],"wp:attachment":[{"href":"https:\/\/hospitalcmq.com\/fr\/wp-json\/wp\/v2\/media?parent=13480"}],"curies":[{"name":"wp","href":"https:\/\/api.w.org\/{rel}","templated":true}]}}