{"id":13477,"date":"2023-07-31T12:01:29","date_gmt":"2023-07-31T18:01:29","guid":{"rendered":"https:\/\/hospitalcmq.com\/?page_id=13477"},"modified":"2024-07-01T12:24:00","modified_gmt":"2024-07-01T18:24:00","slug":"cmq-riviera-nayarit","status":"publish","type":"page","link":"https:\/\/hospitalcmq.com\/fr\/visite-virtuelle\/cmq-riviera-nayarit\/","title":{"rendered":"H\u00f4pital CMQ Riviera Nayarit Visite Virtuelle"},"content":{"rendered":"<div class=\"wpb-content-wrapper\"><p>[vc_row][vc_column][vc_raw_html]JTNDZGl2JTIwaWQlM0QlMjJzY2VuZUxpc3QlMjIlMjBjbGFzcyUzRCUyMmVuYWJsZWQlMjIlM0UlMEElMjAlMjAlM0N1bCUyMGNsYXNzJTNEJTIyc2NlbmVzJTIyJTNFJTBBJTIwJTIwJTIwJTIwJTIwJTIwJTNDYSUyMGhyZWYlM0QlMjIlMkZmciUyRnZpc2l0ZS12aXJ0dWVsbGUlMkZjbXEtY2VudHJlJTJGJTIyJTIwY2xhc3MlM0QlMjJzY2VuZSUyMiUzRSUwQSUyMCUyMCUyMCUyMCUyMCUyMCUyMCUyMCUzQ2xpJTIwY2xhc3MlM0QlMjJ0ZXh0JTIyJTNFQ01RJTIwQ2VudHJlJTNDJTJGbGklM0UlMEElMjAlMjAlMjAlMjAlMjAlMjAlM0MlMkZhJTNFJTBBJTIwJTIwJTIwJTIwJTIwJTIwJTNDYSUyMGhyZWYlM0QlMjIlMkZmciUyRnZpc2l0ZS12aXJ0dWVsbGUlMkZjbXEtcHJlbWllcmUlMkYlMjIlMjBjbGFzcyUzRCUyMnNjZW5lJTIyJTNFJTBBJTIwJTIwJTIwJTIwJTIwJTIwJTIwJTIwJTNDbGklMjBjbGFzcyUzRCUyMnRleHQlMjIlM0VDTVElMjBQcmVtaWVyZSUzQyUyRmxpJTNFJTBBJTIwJTIwJTIwJTIwJTIwJTIwJTNDJTJGYSUzRSUwQSUyMCUyMCUyMCUyMCUyMCUyMCUzQ2ElMjBocmVmJTNEJTIyJTJGZnIlMkZ2aXNpdGUtdmlydHVlbGxlJTJGY21xLXJpdmllcmEtbmF5YXJpdCUyRiUyMiUyMGNsYXNzJTNEJTIyc2NlbmUlMjIlM0UlMEElMjAlMjAlMjAlMjAlMjAlMjAlMjAlMjAlM0NsaSUyMGNsYXNzJTNEJTIydGV4dCUyMiUzRSUyNiUyMzk2NTYlMjBDTVElMjBSaXZpZXJhJTIwTmF5YXJpdCUzQyUyRmxpJTNFJTBBJTIwJTIwJTIwJTIwJTIwJTIwJTNDJTJGYSUzRSUwQSUyMCUyMCUyMCUyMCUyMCUyMCUyMCUyMCUyMCUzQ2ElMjBocmVmJTNEJTIyJTIzJTIyJTIwY2xhc3MlM0QlMjJzY2VuZSUyMGNoaWxkLXZpZXclMjIlMjBkYXRhLWlkJTNEJTIyMC1sb2JieS1ob3NwaXRhbC1jbXEtcml2aWVyYS1uYXlhcml0JTIyJTNFJTBBJTIwJTIwJTIwJTIwJTIwJTIwJTIwJTIwJTIwJTIwJTIwJTNDbGklMjBjbGFzcyUzRCUyMnRleHQlMjIlM0VMb2JieSUyMEglQzMlQjRwaXRhbCUyMENNUSUyMFJpdmllcmElMjBOYXlhcml0JTNDJTJGbGklM0UlMEElMjAlMjAlMjAlMjAlMjAlMjAlMjAlMjAlMjAlM0MlMkZhJTNFJTBBJTIwJTIwJTIwJTIwJTIwJTIwJTIwJTIwJTIwJTNDYSUyMGhyZWYlM0QlMjIlMjMlMjIlMjBjbGFzcyUzRCUyMnNjZW5lJTIwY2hpbGQtdmlldyUyMiUyMGRhdGEtaWQlM0QlMjIxLXF1aXJmYW5vLTMtLXJpdmllcmEtbmF5YXJpdCUyMiUzRSUwQSUyMCUyMCUyMCUyMCUyMCUyMCUyMCUyMCUyMCUyMCUyMCUzQ2xpJTIwY2xhc3MlM0QlMjJ0ZXh0JTIyJTNFQ3lyb3BoYW5lJTIwMyUyMCU3QyUyMFJpdmllcmElMjBOYXlhcml0JTNDJTJGbGklM0UlMEElMjAlMjAlMjAlMjAlMjAlMjAlMjAlMjAlMjAlM0MlMkZhJTNFJTBBJTIwJTIwJTNDJTJGdWwlM0UlMEElM0MlMkZkaXYlM0U=[\/vc_raw_html][vc_raw_js]JTNDc2NyaXB0JTNFJTBBdmFyJTIwQVBQX05BTUUlMjAlM0QlMjAlMjdwcm9qZWN0LTElMjclM0IlMEF2YXIlMjBBUFBfREFUQSUyMCUzRCUyMCU3QiUyMnNjZW5lcyUyMiUzQSU1QiU3QiUyMmlkJTIyJTNBJTIyMC1sb2JieS1ob3NwaXRhbC1jbXEtcml2aWVyYS1uYXlhcml0JTIyJTJDJTIybmFtZSUyMiUzQSUyMkxvYmJ5JTIwSCVDMyVCNHBpdGFsJTIwQ01RJTIwUml2aWVyYSUyME5heWFyaXQlMjIlMkMlMjJsZXZlbHMlMjIlM0ElNUIlN0IlMjJ0aWxlU2l6ZSUyMiUzQTI1NiUyQyUyMnNpemUlMjIlM0EyNTYlMkMlMjJmYWxsYmFja09ubHklMjIlM0F0cnVlJTdEJTJDJTdCJTIydGlsZVNpemUlMjIlM0E1MTIlMkMlMjJzaXplJTIyJTNBNTEyJTdEJTJDJTdCJTIydGlsZVNpemUlMjIlM0E1MTIlMkMlMjJzaXplJTIyJTNBMTAyNCU3RCUyQyU3QiUyMnRpbGVTaXplJTIyJTNBNTEyJTJDJTIyc2l6ZSUyMiUzQTIwNDglN0QlNUQlMkMlMjJmYWNlU2l6ZSUyMiUzQTEzNDQlMkMlMjJpbml0aWFsVmlld1BhcmFtZXRlcnMlMjIlM0ElN0IlMjJwaXRjaCUyMiUzQTAlMkMlMjJ5YXclMjIlM0EwJTJDJTIyZm92JTIyJTNBMS41NzA3OTYzMjY3OTQ4OTY2JTdEJTJDJTIybGlua0hvdHNwb3RzJTIyJTNBJTVCJTdCJTIyeWF3JTIyJTNBLTEuNzI5NDc3MDI2ODkzNjA4NCUyQyUyMnBpdGNoJTIyJTNBLTAuMDQ2NDQwNjQ4NTkxNzE5NDglMkMlMjJyb3RhdGlvbiUyMiUzQTAuNzg1Mzk4MTYzMzk3NDQ4MyUyQyUyMnRhcmdldCUyMiUzQSUyMjEtcXVpcmZhbm8tMy0tcml2aWVyYS1uYXlhcml0JTIyJTdEJTVEJTJDJTIyaW5mb0hvdHNwb3RzJTIyJTNBJTVCJTdCJTIyeWF3JTIyJTNBLTAuNjk3MDQyNDUwMDM4NTk4MSUyQyUyMnBpdGNoJTIyJTNBLTAuMDI2MzEwNTQ3MTcxMTYwNDM3JTJDJTIydGl0bGUlMjIlM0ElMjJDYWYlQzMlQTl0JUMzJUE5cmlhcyUyMENNUSUyMiUyQyUyMnRleHQlMjIlM0ElMjJOb3VzJTIwc29tbWVzJTIwZmllcnMlMjBkJTI3JUMzJUFBdHJlJTIwJTIwJTIwJTIwJTIwJTIwJTIwJTIwJTIwJTIwJTIwJTIwJTIwJTIwJTIwJTIwJTIwJTIwJTIwJTIwJTIwJTIwJTIwJTIwJTIwJTIwJTIwJTIwJTIwJTIwJTIwJTIwJTIwJTIwJTIwJTIwJTIwJTIwJTIwJTIwJTIwJTIwJTIwJTIwJTIwJTIwJTIwJTIwJTIwJTIwJTIwJTIwJTIwJTIwJTIwJTIwJTIwJTIwJTIwJTIwJTIwJTIwJTIwJTIwJTIwJTIwJTIwJTIwJTIwJTIwJTIwJTIwJTIwJTIwJTIwJTIwJTIwJTIwJTIwdW4lMjBjb25jZXNzaW9ubmFpcmUlMjBTdGFyYnVja3MlMjBjZXJ0aWZpJUMzJUE5LiUyMiU3RCU1RCU3RCUyQyU3QiUyMmlkJTIyJTNBJTIyMS1xdWlyZmFuby0zLS1yaXZpZXJhLW5heWFyaXQlMjIlMkMlMjJuYW1lJTIyJTNBJTIyU2FsbGUlMjBkJTI3b3AlQzMlQTlyYXRpb25zJTIwJTdDJTIwUml2aWVyYSUyME5heWFyaXQlMjIlMkMlMjJsZXZlbHMlMjIlM0ElNUIlN0IlMjJ0aWxlU2l6ZSUyMiUzQTI1NiUyQyUyMnNpemUlMjIlM0EyNTYlMkMlMjJmYWxsYmFja09ubHklMjIlM0F0cnVlJTdEJTJDJTdCJTIydGlsZVNpemUlMjIlM0E1MTIlMkMlMjJzaXplJTIyJTNBNTEyJTdEJTJDJTdCJTIydGlsZVNpemUlMjIlM0E1MTIlMkMlMjJzaXplJTIyJTNBMTAyNCU3RCUyQyU3QiUyMnRpbGVTaXplJTIyJTNBNTEyJTJDJTIyc2l6ZSUyMiUzQTIwNDglN0QlNUQlMkMlMjJmYWNlU2l6ZSUyMiUzQTEzNDQlMkMlMjJpbml0aWFsVmlld1BhcmFtZXRlcnMlMjIlM0ElN0IlMjJwaXRjaCUyMiUzQTAlMkMlMjJ5YXclMjIlM0EwJTJDJTIyZm92JTIyJTNBMS41NzA3OTYzMjY3OTQ4OTY2JTdEJTJDJTIybGlua0hvdHNwb3RzJTIyJTNBJTVCJTdCJTIyeWF3JTIyJTNBLTEuODg0ODE2Njk1MjEwMjk5JTJDJTIycGl0Y2glMjIlM0EwLjA0MzM5MzQwODkyNjU4ODYwNiUyQyUyMnJvdGF0aW9uJTIyJTNBMCUyQyUyMnRhcmdldCUyMiUzQSUyMjAtbG9iYnktaG9zcGl0YWwtY21xLXJpdmllcmEtbmF5YXJpdCUyMiU3RCU1RCUyQyUyMmluZm9Ib3RzcG90cyUyMiUzQSU1QiU3QiUyMnlhdyUyMiUzQTAuNDA1NDEwMTIzNDI1MDM4OSUyQyUyMnBpdGNoJTIyJTNBMC4wNzUyNzUyNzYwMzc1MTU5NCUyQyUyMnRpdGxlJTIyJTNBJTIyU2FsbGUlMjBkJTI3b3AlQzMlQTlyYXRpb25zJTIyJTJDJTIydGV4dCUyMiUzQSUyMkRlcyUyMHNhbGxlcyUyMGQlMjdvcCVDMyVBOXJhdGlvbiUyMHNwYWNpZXVzZXMlMjAlQzMlQTlxdWlwJUMzJUE5ZXMlMjBkZSUyMHRlY2hub2xvZ2llcyUyMGRlJTIwcG9pbnRlLiUyMiU3RCU1RCU3RCU1RCUyQyUyMm5hbWUlMjIlM0ElMjJQcm9qZWN0JTIwVGl0bGUlMjIlMkMlMjJzZXR0aW5ncyUyMiUzQSU3QiUyMm1vdXNlVmlld01vZGUlMjIlM0ElMjJkcmFnJTIyJTJDJTIyYXV0b3JvdGF0ZUVuYWJsZWQlMjIlM0F0cnVlJTJDJTIyZnVsbHNjcmVlbkJ1dHRvbiUyMiUzQWZhbHNlJTJDJTIydmlld0NvbnRyb2xCdXR0b25zJTIyJTNBZmFsc2UlN0QlN0QlM0IlMEElM0MlMkZzY3JpcHQlM0U=[\/vc_raw_js][\/vc_column][\/vc_row]<\/p>\n<\/div>","protected":false},"excerpt":{"rendered":"<p>D\u00e9couvrez notre nouvel h\u00f4pital CMQ Riviera Nayarit gr\u00e2ce \u00e0 cette visite virtuelle interactive qui vous emm\u00e8nera \u00e0 l&rsquo;int\u00e9rieur de nos installations de pointe consacr\u00e9es aux patients \u00e0 Bucer\u00edas Nayarit. L&rsquo;h\u00f4pital CMQ Riviera Nayarit est le premier h\u00f4pital priv\u00e9 dans le nord de la baie de Banderas, d\u00e9couvrez-le ici !<\/p>\n","protected":false},"author":1,"featured_media":12497,"parent":13480,"menu_order":0,"comment_status":"closed","ping_status":"closed","template":"template-view-360.php","meta":{"footnotes":""},"class_list":["post-13477","page","type-page","status-publish","has-post-thumbnail","hentry"],"acf":[],"yoast_head":"<!-- This site is optimized with the Yoast SEO plugin v27.3 - https:\/\/yoast.com\/product\/yoast-seo-wordpress\/ -->\n<title>D\u00e9couvrez H\u00f4pital CMQ Riviera Nayarit Visite Virtuelle<\/title>\n<meta name=\"description\" content=\"D\u00e9couvrez notre nouvel h\u00f4pital CMQ Riviera Nayarit gr\u00e2ce \u00e0 cette visite virtuelle interactive qui vous emm\u00e8nera \u00e0 l&#039;int\u00e9rieur de nos installations de pointe consacr\u00e9es aux patients \u00e0 Bucer\u00edas Nayarit.\" \/>\n<meta name=\"robots\" content=\"index, follow, max-snippet:-1, max-image-preview:large, max-video-preview:-1\" \/>\n<link rel=\"canonical\" href=\"https:\/\/hospitalcmq.com\/fr\/visite-virtuelle\/cmq-riviera-nayarit\/\" \/>\n<meta property=\"og:locale\" content=\"fr_FR\" \/>\n<meta property=\"og:type\" content=\"article\" \/>\n<meta property=\"og:title\" content=\"D\u00e9couvrez H\u00f4pital CMQ Riviera Nayarit Visite Virtuelle\" \/>\n<meta property=\"og:description\" content=\"D\u00e9couvrez notre nouvel h\u00f4pital CMQ Riviera Nayarit gr\u00e2ce \u00e0 cette visite virtuelle interactive qui vous emm\u00e8nera \u00e0 l&#039;int\u00e9rieur de nos installations de pointe consacr\u00e9es aux patients \u00e0 Bucer\u00edas Nayarit.\" \/>\n<meta property=\"og:url\" content=\"https:\/\/hospitalcmq.com\/fr\/visite-virtuelle\/cmq-riviera-nayarit\/\" \/>\n<meta property=\"og:site_name\" content=\"Hospital CMQ\" \/>\n<meta property=\"article:publisher\" content=\"https:\/\/www.facebook.com\/HospitalCMQ\" \/>\n<meta property=\"article:modified_time\" content=\"2024-07-01T18:24:00+00:00\" \/>\n<meta property=\"og:image\" content=\"https:\/\/hospitalcmq.com\/wp-content\/uploads\/2018\/08\/Riviera-Mapa-Mexico.jpg\" \/>\n\t<meta property=\"og:image:width\" content=\"330\" \/>\n\t<meta property=\"og:image:height\" content=\"200\" \/>\n\t<meta property=\"og:image:type\" content=\"image\/jpeg\" \/>\n<meta name=\"twitter:card\" content=\"summary_large_image\" \/>\n<meta name=\"twitter:label1\" content=\"Dur\u00e9e de lecture estim\u00e9e\" \/>\n\t<meta name=\"twitter:data1\" content=\"1 minute\" \/>\n<script type=\"application\/ld+json\" class=\"yoast-schema-graph\">{\"@context\":\"https:\\\/\\\/schema.org\",\"@graph\":[{\"@type\":\"WebPage\",\"@id\":\"https:\\\/\\\/hospitalcmq.com\\\/fr\\\/visite-virtuelle\\\/cmq-riviera-nayarit\\\/\",\"url\":\"https:\\\/\\\/hospitalcmq.com\\\/fr\\\/visite-virtuelle\\\/cmq-riviera-nayarit\\\/\",\"name\":\"D\u00e9couvrez H\u00f4pital CMQ Riviera Nayarit Visite Virtuelle\",\"isPartOf\":{\"@id\":\"https:\\\/\\\/hospitalcmq.com\\\/fr\\\/#website\"},\"primaryImageOfPage\":{\"@id\":\"https:\\\/\\\/hospitalcmq.com\\\/fr\\\/visite-virtuelle\\\/cmq-riviera-nayarit\\\/#primaryimage\"},\"image\":{\"@id\":\"https:\\\/\\\/hospitalcmq.com\\\/fr\\\/visite-virtuelle\\\/cmq-riviera-nayarit\\\/#primaryimage\"},\"thumbnailUrl\":\"https:\\\/\\\/hospitalcmq.com\\\/wp-content\\\/uploads\\\/2018\\\/08\\\/Riviera-Mapa-Mexico.jpg\",\"datePublished\":\"2023-07-31T18:01:29+00:00\",\"dateModified\":\"2024-07-01T18:24:00+00:00\",\"description\":\"D\u00e9couvrez notre nouvel h\u00f4pital CMQ Riviera Nayarit gr\u00e2ce \u00e0 cette visite virtuelle interactive qui vous emm\u00e8nera \u00e0 l'int\u00e9rieur de nos installations de pointe consacr\u00e9es aux patients \u00e0 Bucer\u00edas Nayarit.\",\"breadcrumb\":{\"@id\":\"https:\\\/\\\/hospitalcmq.com\\\/fr\\\/visite-virtuelle\\\/cmq-riviera-nayarit\\\/#breadcrumb\"},\"inLanguage\":\"fr-FR\",\"potentialAction\":[{\"@type\":\"ReadAction\",\"target\":[\"https:\\\/\\\/hospitalcmq.com\\\/fr\\\/visite-virtuelle\\\/cmq-riviera-nayarit\\\/\"]}]},{\"@type\":\"ImageObject\",\"inLanguage\":\"fr-FR\",\"@id\":\"https:\\\/\\\/hospitalcmq.com\\\/fr\\\/visite-virtuelle\\\/cmq-riviera-nayarit\\\/#primaryimage\",\"url\":\"https:\\\/\\\/hospitalcmq.com\\\/wp-content\\\/uploads\\\/2018\\\/08\\\/Riviera-Mapa-Mexico.jpg\",\"contentUrl\":\"https:\\\/\\\/hospitalcmq.com\\\/wp-content\\\/uploads\\\/2018\\\/08\\\/Riviera-Mapa-Mexico.jpg\",\"width\":330,\"height\":200},{\"@type\":\"BreadcrumbList\",\"@id\":\"https:\\\/\\\/hospitalcmq.com\\\/fr\\\/visite-virtuelle\\\/cmq-riviera-nayarit\\\/#breadcrumb\",\"itemListElement\":[{\"@type\":\"ListItem\",\"position\":1,\"name\":\"Home\",\"item\":\"https:\\\/\\\/hospitalcmq.com\\\/fr\\\/\"},{\"@type\":\"ListItem\",\"position\":2,\"name\":\"Visite virtuelle\",\"item\":\"https:\\\/\\\/hospitalcmq.com\\\/fr\\\/visite-virtuelle\\\/\"},{\"@type\":\"ListItem\",\"position\":3,\"name\":\"H\u00f4pital CMQ Riviera Nayarit Visite Virtuelle\"}]},{\"@type\":\"WebSite\",\"@id\":\"https:\\\/\\\/hospitalcmq.com\\\/fr\\\/#website\",\"url\":\"https:\\\/\\\/hospitalcmq.com\\\/fr\\\/\",\"name\":\"Hospital CMQ\",\"description\":\"Best Hospitals in Puerto Vallarta &amp; Riviera Nayarit\",\"publisher\":{\"@id\":\"https:\\\/\\\/hospitalcmq.com\\\/fr\\\/#organization\"},\"potentialAction\":[{\"@type\":\"SearchAction\",\"target\":{\"@type\":\"EntryPoint\",\"urlTemplate\":\"https:\\\/\\\/hospitalcmq.com\\\/fr\\\/?s={search_term_string}\"},\"query-input\":{\"@type\":\"PropertyValueSpecification\",\"valueRequired\":true,\"valueName\":\"search_term_string\"}}],\"inLanguage\":\"fr-FR\"},{\"@type\":\"Organization\",\"@id\":\"https:\\\/\\\/hospitalcmq.com\\\/fr\\\/#organization\",\"name\":\"Hospital CMQ\",\"url\":\"https:\\\/\\\/hospitalcmq.com\\\/fr\\\/\",\"logo\":{\"@type\":\"ImageObject\",\"inLanguage\":\"fr-FR\",\"@id\":\"https:\\\/\\\/hospitalcmq.com\\\/fr\\\/#\\\/schema\\\/logo\\\/image\\\/\",\"url\":\"https:\\\/\\\/hospitalcmq.com\\\/wp-content\\\/uploads\\\/2018\\\/06\\\/cmq-hospital-logo.png\",\"contentUrl\":\"https:\\\/\\\/hospitalcmq.com\\\/wp-content\\\/uploads\\\/2018\\\/06\\\/cmq-hospital-logo.png\",\"width\":214,\"height\":189,\"caption\":\"Hospital CMQ\"},\"image\":{\"@id\":\"https:\\\/\\\/hospitalcmq.com\\\/fr\\\/#\\\/schema\\\/logo\\\/image\\\/\"},\"sameAs\":[\"https:\\\/\\\/www.facebook.com\\\/HospitalCMQ\"]}]}<\/script>\n<!-- \/ Yoast SEO plugin. -->","yoast_head_json":{"title":"D\u00e9couvrez H\u00f4pital CMQ Riviera Nayarit Visite Virtuelle","description":"D\u00e9couvrez notre nouvel h\u00f4pital CMQ Riviera Nayarit gr\u00e2ce \u00e0 cette visite virtuelle interactive qui vous emm\u00e8nera \u00e0 l'int\u00e9rieur de nos installations de pointe consacr\u00e9es aux patients \u00e0 Bucer\u00edas Nayarit.","robots":{"index":"index","follow":"follow","max-snippet":"max-snippet:-1","max-image-preview":"max-image-preview:large","max-video-preview":"max-video-preview:-1"},"canonical":"https:\/\/hospitalcmq.com\/fr\/visite-virtuelle\/cmq-riviera-nayarit\/","og_locale":"fr_FR","og_type":"article","og_title":"D\u00e9couvrez H\u00f4pital CMQ Riviera Nayarit Visite Virtuelle","og_description":"D\u00e9couvrez notre nouvel h\u00f4pital CMQ Riviera Nayarit gr\u00e2ce \u00e0 cette visite virtuelle interactive qui vous emm\u00e8nera \u00e0 l'int\u00e9rieur de nos installations de pointe consacr\u00e9es aux patients \u00e0 Bucer\u00edas Nayarit.","og_url":"https:\/\/hospitalcmq.com\/fr\/visite-virtuelle\/cmq-riviera-nayarit\/","og_site_name":"Hospital CMQ","article_publisher":"https:\/\/www.facebook.com\/HospitalCMQ","article_modified_time":"2024-07-01T18:24:00+00:00","og_image":[{"width":330,"height":200,"url":"https:\/\/hospitalcmq.com\/wp-content\/uploads\/2018\/08\/Riviera-Mapa-Mexico.jpg","type":"image\/jpeg"}],"twitter_card":"summary_large_image","twitter_misc":{"Dur\u00e9e de lecture estim\u00e9e":"1 minute"},"schema":{"@context":"https:\/\/schema.org","@graph":[{"@type":"WebPage","@id":"https:\/\/hospitalcmq.com\/fr\/visite-virtuelle\/cmq-riviera-nayarit\/","url":"https:\/\/hospitalcmq.com\/fr\/visite-virtuelle\/cmq-riviera-nayarit\/","name":"D\u00e9couvrez H\u00f4pital CMQ Riviera Nayarit Visite Virtuelle","isPartOf":{"@id":"https:\/\/hospitalcmq.com\/fr\/#website"},"primaryImageOfPage":{"@id":"https:\/\/hospitalcmq.com\/fr\/visite-virtuelle\/cmq-riviera-nayarit\/#primaryimage"},"image":{"@id":"https:\/\/hospitalcmq.com\/fr\/visite-virtuelle\/cmq-riviera-nayarit\/#primaryimage"},"thumbnailUrl":"https:\/\/hospitalcmq.com\/wp-content\/uploads\/2018\/08\/Riviera-Mapa-Mexico.jpg","datePublished":"2023-07-31T18:01:29+00:00","dateModified":"2024-07-01T18:24:00+00:00","description":"D\u00e9couvrez notre nouvel h\u00f4pital CMQ Riviera Nayarit gr\u00e2ce \u00e0 cette visite virtuelle interactive qui vous emm\u00e8nera \u00e0 l'int\u00e9rieur de nos installations de pointe consacr\u00e9es aux patients \u00e0 Bucer\u00edas Nayarit.","breadcrumb":{"@id":"https:\/\/hospitalcmq.com\/fr\/visite-virtuelle\/cmq-riviera-nayarit\/#breadcrumb"},"inLanguage":"fr-FR","potentialAction":[{"@type":"ReadAction","target":["https:\/\/hospitalcmq.com\/fr\/visite-virtuelle\/cmq-riviera-nayarit\/"]}]},{"@type":"ImageObject","inLanguage":"fr-FR","@id":"https:\/\/hospitalcmq.com\/fr\/visite-virtuelle\/cmq-riviera-nayarit\/#primaryimage","url":"https:\/\/hospitalcmq.com\/wp-content\/uploads\/2018\/08\/Riviera-Mapa-Mexico.jpg","contentUrl":"https:\/\/hospitalcmq.com\/wp-content\/uploads\/2018\/08\/Riviera-Mapa-Mexico.jpg","width":330,"height":200},{"@type":"BreadcrumbList","@id":"https:\/\/hospitalcmq.com\/fr\/visite-virtuelle\/cmq-riviera-nayarit\/#breadcrumb","itemListElement":[{"@type":"ListItem","position":1,"name":"Home","item":"https:\/\/hospitalcmq.com\/fr\/"},{"@type":"ListItem","position":2,"name":"Visite virtuelle","item":"https:\/\/hospitalcmq.com\/fr\/visite-virtuelle\/"},{"@type":"ListItem","position":3,"name":"H\u00f4pital CMQ Riviera Nayarit Visite Virtuelle"}]},{"@type":"WebSite","@id":"https:\/\/hospitalcmq.com\/fr\/#website","url":"https:\/\/hospitalcmq.com\/fr\/","name":"Hospital CMQ","description":"Best Hospitals in Puerto Vallarta &amp; Riviera Nayarit","publisher":{"@id":"https:\/\/hospitalcmq.com\/fr\/#organization"},"potentialAction":[{"@type":"SearchAction","target":{"@type":"EntryPoint","urlTemplate":"https:\/\/hospitalcmq.com\/fr\/?s={search_term_string}"},"query-input":{"@type":"PropertyValueSpecification","valueRequired":true,"valueName":"search_term_string"}}],"inLanguage":"fr-FR"},{"@type":"Organization","@id":"https:\/\/hospitalcmq.com\/fr\/#organization","name":"Hospital CMQ","url":"https:\/\/hospitalcmq.com\/fr\/","logo":{"@type":"ImageObject","inLanguage":"fr-FR","@id":"https:\/\/hospitalcmq.com\/fr\/#\/schema\/logo\/image\/","url":"https:\/\/hospitalcmq.com\/wp-content\/uploads\/2018\/06\/cmq-hospital-logo.png","contentUrl":"https:\/\/hospitalcmq.com\/wp-content\/uploads\/2018\/06\/cmq-hospital-logo.png","width":214,"height":189,"caption":"Hospital CMQ"},"image":{"@id":"https:\/\/hospitalcmq.com\/fr\/#\/schema\/logo\/image\/"},"sameAs":["https:\/\/www.facebook.com\/HospitalCMQ"]}]}},"_links":{"self":[{"href":"https:\/\/hospitalcmq.com\/fr\/wp-json\/wp\/v2\/pages\/13477","targetHints":{"allow":["GET"]}}],"collection":[{"href":"https:\/\/hospitalcmq.com\/fr\/wp-json\/wp\/v2\/pages"}],"about":[{"href":"https:\/\/hospitalcmq.com\/fr\/wp-json\/wp\/v2\/types\/page"}],"author":[{"embeddable":true,"href":"https:\/\/hospitalcmq.com\/fr\/wp-json\/wp\/v2\/users\/1"}],"replies":[{"embeddable":true,"href":"https:\/\/hospitalcmq.com\/fr\/wp-json\/wp\/v2\/comments?post=13477"}],"version-history":[{"count":0,"href":"https:\/\/hospitalcmq.com\/fr\/wp-json\/wp\/v2\/pages\/13477\/revisions"}],"up":[{"embeddable":true,"href":"https:\/\/hospitalcmq.com\/fr\/wp-json\/wp\/v2\/pages\/13480"}],"wp:featuredmedia":[{"embeddable":true,"href":"https:\/\/hospitalcmq.com\/fr\/wp-json\/wp\/v2\/media\/12497"}],"wp:attachment":[{"href":"https:\/\/hospitalcmq.com\/fr\/wp-json\/wp\/v2\/media?parent=13477"}],"curies":[{"name":"wp","href":"https:\/\/api.w.org\/{rel}","templated":true}]}}