{"id":8735,"date":"2020-09-25T09:48:07","date_gmt":"2020-09-25T14:48:07","guid":{"rendered":"https:\/\/hospitalcmq.com\/?page_id=8735"},"modified":"2023-03-15T11:42:40","modified_gmt":"2023-03-15T17:42:40","slug":"doctores","status":"publish","type":"page","link":"https:\/\/hospitalcmq.com\/es\/doctores\/","title":{"rendered":"Doctores en Puerto Vallarta"},"content":{"rendered":"<div class=\"wpb-content-wrapper\"><p>[vc_row][vc_column][vc_column_text]<\/p>\n<h1>Doctores en Puerto Vallarta<\/h1>\n<h2>\u00bfBuscas a los mejores especialistas en Puerto Vallarta y Riviera Nayarit?<\/h2>\n<h3><strong>Encu\u00e9ntralos aqu\u00ed<\/strong><\/h3>\n<p><span style=\"font-weight: 400;\"><br \/>\nNuestros m\u00e9dicos est\u00e1n listos para brindarte consultas y visitas a domicilio. <\/span><span style=\"font-weight: 400;\">De igual manera, nuestros especialistas est\u00e1n disponibles para brindar atenci\u00f3n de emergencia 24\/7 en nuestros tres hospitales ubicados en la regi\u00f3n de Bah\u00eda de Banderas.<\/span><\/p>\n<p>En <a href=\"https:\/\/hospitalcmq.com\/es\/\">Hospitales CMQ<\/a> contamos con m\u00e1s de 20 especialidades disponibles para ti, como: Ginecolog\u00eda, Oftalmolog\u00eda, Dermatolog\u00eda, Otorrinolaringolog\u00eda y Pediatr\u00eda y Ginecolog\u00eda y Obstetricia. Tambi\u00e9n contamos con los mejores especialistas en Neurolog\u00eda, Cardiolog\u00eda, Traumatolog\u00eda y Ortopedia, Podolog\u00eda, Cirug\u00eda Pl\u00e1stica y Angiolog\u00eda. Adem\u00e1s, tenemos m\u00e9dicos especialistas en Cirug\u00eda Bari\u00e1trica, Nutrici\u00f3n y Control de peso, Urolog\u00eda, Odontolog\u00eda y m\u00e1s.<\/p>\n<p><span style=\"font-weight: 400;\"><strong>Utiliza la barra de b\u00fasqueda para encontrar un doctor en Puerto Vallarta.<\/strong><\/span><br \/>\n<span style=\"font-weight: 400;\">Puedes buscar por nombre del doctor o especialidad.<\/span>[\/vc_column_text][\/vc_column][\/vc_row]<\/p>\n<\/div>","protected":false},"excerpt":{"rendered":"<p>En Hospital CMQ, contamos con m\u00e1s de 30 especialistas disponibles, en especialidades como: Atenci\u00f3n Primaria, Medicina Familiar, Pediatr\u00eda, Medicina Interna, Obstetricia y Ginecolog\u00eda, Cardiolog\u00eda, Traumatolog\u00eda y Ortopedia, Cirug\u00eda Bari\u00e1trica y Control de Peso, Oftalmolog\u00eda, Urolog\u00eda , Neurolog\u00eda y muchos m\u00e1s.<\/p>\n","protected":false},"author":1,"featured_media":0,"parent":0,"menu_order":0,"comment_status":"closed","ping_status":"closed","template":"layout-doctors-directory.php","meta":{"footnotes":""},"class_list":["post-8735","page","type-page","status-publish","hentry"],"acf":[],"yoast_head":"<!-- This site is optimized with the Yoast SEO plugin v27.4 - https:\/\/yoast.com\/product\/yoast-seo-wordpress\/ -->\n<title>Doctores en Puerto Vallarta, \u00a1Encuentra tu doctor aqu\u00ed!<\/title>\n<meta name=\"description\" content=\"En Hospitales CMQ contamos con los mejores doctores en Puerto Vallarta. M\u00e1s de 20 especialidades disponibles para ti. \u00a1Agenda tu cita hoy!\" \/>\n<meta name=\"robots\" content=\"index, follow, max-snippet:-1, max-image-preview:large, max-video-preview:-1\" \/>\n<link rel=\"canonical\" href=\"https:\/\/hospitalcmq.com\/es\/doctores\/\" \/>\n<meta property=\"og:locale\" content=\"es_ES\" \/>\n<meta property=\"og:type\" content=\"article\" \/>\n<meta property=\"og:title\" content=\"Doctores en Puerto Vallarta, \u00a1Encuentra tu doctor aqu\u00ed!\" \/>\n<meta property=\"og:description\" content=\"En Hospitales CMQ contamos con los mejores doctores en Puerto Vallarta. M\u00e1s de 20 especialidades disponibles para ti. \u00a1Agenda tu cita hoy!\" \/>\n<meta property=\"og:url\" content=\"https:\/\/hospitalcmq.com\/es\/doctores\/\" \/>\n<meta property=\"og:site_name\" content=\"Hospital CMQ\" \/>\n<meta property=\"article:publisher\" content=\"https:\/\/www.facebook.com\/HospitalCMQ\" \/>\n<meta property=\"article:modified_time\" content=\"2023-03-15T17:42:40+00:00\" \/>\n<meta property=\"og:image\" content=\"https:\/\/hospitalcmq.com\/wp-content\/uploads\/2018\/06\/cmq-hospital-logo.png\" \/>\n\t<meta property=\"og:image:width\" content=\"214\" \/>\n\t<meta property=\"og:image:height\" content=\"189\" \/>\n\t<meta property=\"og:image:type\" content=\"image\/png\" \/>\n<meta name=\"twitter:card\" content=\"summary_large_image\" \/>\n<meta name=\"twitter:label1\" content=\"Tiempo de lectura\" \/>\n\t<meta name=\"twitter:data1\" content=\"1 minuto\" \/>\n<script type=\"application\/ld+json\" class=\"yoast-schema-graph\">{\"@context\":\"https:\\\/\\\/schema.org\",\"@graph\":[{\"@type\":\"WebPage\",\"@id\":\"https:\\\/\\\/hospitalcmq.com\\\/es\\\/doctores\\\/\",\"url\":\"https:\\\/\\\/hospitalcmq.com\\\/es\\\/doctores\\\/\",\"name\":\"Doctores en Puerto Vallarta, \u00a1Encuentra tu doctor aqu\u00ed!\",\"isPartOf\":{\"@id\":\"https:\\\/\\\/hospitalcmq.com\\\/es\\\/#website\"},\"datePublished\":\"2020-09-25T14:48:07+00:00\",\"dateModified\":\"2023-03-15T17:42:40+00:00\",\"description\":\"En Hospitales CMQ contamos con los mejores doctores en Puerto Vallarta. M\u00e1s de 20 especialidades disponibles para ti. \u00a1Agenda tu cita hoy!\",\"breadcrumb\":{\"@id\":\"https:\\\/\\\/hospitalcmq.com\\\/es\\\/doctores\\\/#breadcrumb\"},\"inLanguage\":\"es\",\"potentialAction\":[{\"@type\":\"ReadAction\",\"target\":[\"https:\\\/\\\/hospitalcmq.com\\\/es\\\/doctores\\\/\"]}]},{\"@type\":\"BreadcrumbList\",\"@id\":\"https:\\\/\\\/hospitalcmq.com\\\/es\\\/doctores\\\/#breadcrumb\",\"itemListElement\":[{\"@type\":\"ListItem\",\"position\":1,\"name\":\"Home\",\"item\":\"https:\\\/\\\/hospitalcmq.com\\\/es\\\/\"},{\"@type\":\"ListItem\",\"position\":2,\"name\":\"Doctores en Puerto Vallarta\"}]},{\"@type\":\"WebSite\",\"@id\":\"https:\\\/\\\/hospitalcmq.com\\\/es\\\/#website\",\"url\":\"https:\\\/\\\/hospitalcmq.com\\\/es\\\/\",\"name\":\"Hospital CMQ\",\"description\":\"Best Hospitals in Puerto Vallarta &amp; Riviera Nayarit\",\"publisher\":{\"@id\":\"https:\\\/\\\/hospitalcmq.com\\\/es\\\/#organization\"},\"potentialAction\":[{\"@type\":\"SearchAction\",\"target\":{\"@type\":\"EntryPoint\",\"urlTemplate\":\"https:\\\/\\\/hospitalcmq.com\\\/es\\\/?s={search_term_string}\"},\"query-input\":{\"@type\":\"PropertyValueSpecification\",\"valueRequired\":true,\"valueName\":\"search_term_string\"}}],\"inLanguage\":\"es\"},{\"@type\":\"Organization\",\"@id\":\"https:\\\/\\\/hospitalcmq.com\\\/es\\\/#organization\",\"name\":\"Hospital CMQ\",\"url\":\"https:\\\/\\\/hospitalcmq.com\\\/es\\\/\",\"logo\":{\"@type\":\"ImageObject\",\"inLanguage\":\"es\",\"@id\":\"https:\\\/\\\/hospitalcmq.com\\\/es\\\/#\\\/schema\\\/logo\\\/image\\\/\",\"url\":\"https:\\\/\\\/hospitalcmq.com\\\/wp-content\\\/uploads\\\/2018\\\/06\\\/cmq-hospital-logo.png\",\"contentUrl\":\"https:\\\/\\\/hospitalcmq.com\\\/wp-content\\\/uploads\\\/2018\\\/06\\\/cmq-hospital-logo.png\",\"width\":214,\"height\":189,\"caption\":\"Hospital CMQ\"},\"image\":{\"@id\":\"https:\\\/\\\/hospitalcmq.com\\\/es\\\/#\\\/schema\\\/logo\\\/image\\\/\"},\"sameAs\":[\"https:\\\/\\\/www.facebook.com\\\/HospitalCMQ\"]}]}<\/script>\n<!-- \/ Yoast SEO plugin. -->","yoast_head_json":{"title":"Doctores en Puerto Vallarta, \u00a1Encuentra tu doctor aqu\u00ed!","description":"En Hospitales CMQ contamos con los mejores doctores en Puerto Vallarta. M\u00e1s de 20 especialidades disponibles para ti. \u00a1Agenda tu cita hoy!","robots":{"index":"index","follow":"follow","max-snippet":"max-snippet:-1","max-image-preview":"max-image-preview:large","max-video-preview":"max-video-preview:-1"},"canonical":"https:\/\/hospitalcmq.com\/es\/doctores\/","og_locale":"es_ES","og_type":"article","og_title":"Doctores en Puerto Vallarta, \u00a1Encuentra tu doctor aqu\u00ed!","og_description":"En Hospitales CMQ contamos con los mejores doctores en Puerto Vallarta. M\u00e1s de 20 especialidades disponibles para ti. \u00a1Agenda tu cita hoy!","og_url":"https:\/\/hospitalcmq.com\/es\/doctores\/","og_site_name":"Hospital CMQ","article_publisher":"https:\/\/www.facebook.com\/HospitalCMQ","article_modified_time":"2023-03-15T17:42:40+00:00","og_image":[{"width":214,"height":189,"url":"https:\/\/hospitalcmq.com\/wp-content\/uploads\/2018\/06\/cmq-hospital-logo.png","type":"image\/png"}],"twitter_card":"summary_large_image","twitter_misc":{"Tiempo de lectura":"1 minuto"},"schema":{"@context":"https:\/\/schema.org","@graph":[{"@type":"WebPage","@id":"https:\/\/hospitalcmq.com\/es\/doctores\/","url":"https:\/\/hospitalcmq.com\/es\/doctores\/","name":"Doctores en Puerto Vallarta, \u00a1Encuentra tu doctor aqu\u00ed!","isPartOf":{"@id":"https:\/\/hospitalcmq.com\/es\/#website"},"datePublished":"2020-09-25T14:48:07+00:00","dateModified":"2023-03-15T17:42:40+00:00","description":"En Hospitales CMQ contamos con los mejores doctores en Puerto Vallarta. M\u00e1s de 20 especialidades disponibles para ti. \u00a1Agenda tu cita hoy!","breadcrumb":{"@id":"https:\/\/hospitalcmq.com\/es\/doctores\/#breadcrumb"},"inLanguage":"es","potentialAction":[{"@type":"ReadAction","target":["https:\/\/hospitalcmq.com\/es\/doctores\/"]}]},{"@type":"BreadcrumbList","@id":"https:\/\/hospitalcmq.com\/es\/doctores\/#breadcrumb","itemListElement":[{"@type":"ListItem","position":1,"name":"Home","item":"https:\/\/hospitalcmq.com\/es\/"},{"@type":"ListItem","position":2,"name":"Doctores en Puerto Vallarta"}]},{"@type":"WebSite","@id":"https:\/\/hospitalcmq.com\/es\/#website","url":"https:\/\/hospitalcmq.com\/es\/","name":"Hospital CMQ","description":"Best Hospitals in Puerto Vallarta &amp; Riviera Nayarit","publisher":{"@id":"https:\/\/hospitalcmq.com\/es\/#organization"},"potentialAction":[{"@type":"SearchAction","target":{"@type":"EntryPoint","urlTemplate":"https:\/\/hospitalcmq.com\/es\/?s={search_term_string}"},"query-input":{"@type":"PropertyValueSpecification","valueRequired":true,"valueName":"search_term_string"}}],"inLanguage":"es"},{"@type":"Organization","@id":"https:\/\/hospitalcmq.com\/es\/#organization","name":"Hospital CMQ","url":"https:\/\/hospitalcmq.com\/es\/","logo":{"@type":"ImageObject","inLanguage":"es","@id":"https:\/\/hospitalcmq.com\/es\/#\/schema\/logo\/image\/","url":"https:\/\/hospitalcmq.com\/wp-content\/uploads\/2018\/06\/cmq-hospital-logo.png","contentUrl":"https:\/\/hospitalcmq.com\/wp-content\/uploads\/2018\/06\/cmq-hospital-logo.png","width":214,"height":189,"caption":"Hospital CMQ"},"image":{"@id":"https:\/\/hospitalcmq.com\/es\/#\/schema\/logo\/image\/"},"sameAs":["https:\/\/www.facebook.com\/HospitalCMQ"]}]}},"_links":{"self":[{"href":"https:\/\/hospitalcmq.com\/es\/wp-json\/wp\/v2\/pages\/8735","targetHints":{"allow":["GET"]}}],"collection":[{"href":"https:\/\/hospitalcmq.com\/es\/wp-json\/wp\/v2\/pages"}],"about":[{"href":"https:\/\/hospitalcmq.com\/es\/wp-json\/wp\/v2\/types\/page"}],"author":[{"embeddable":true,"href":"https:\/\/hospitalcmq.com\/es\/wp-json\/wp\/v2\/users\/1"}],"replies":[{"embeddable":true,"href":"https:\/\/hospitalcmq.com\/es\/wp-json\/wp\/v2\/comments?post=8735"}],"version-history":[{"count":0,"href":"https:\/\/hospitalcmq.com\/es\/wp-json\/wp\/v2\/pages\/8735\/revisions"}],"wp:attachment":[{"href":"https:\/\/hospitalcmq.com\/es\/wp-json\/wp\/v2\/media?parent=8735"}],"curies":[{"name":"wp","href":"https:\/\/api.w.org\/{rel}","templated":true}]}}