{"id":6808,"date":"2019-09-30T12:18:43","date_gmt":"2019-09-30T17:18:43","guid":{"rendered":"https:\/\/hospitalcmq.com\/?page_id=6808"},"modified":"2024-07-01T13:09:54","modified_gmt":"2024-07-01T19:09:54","slug":"seguros-de-viaje","status":"publish","type":"page","link":"https:\/\/hospitalcmq.com\/es\/seguro-de-salud\/seguros-de-viaje\/","title":{"rendered":"Seguros de Viaje"},"content":{"rendered":"<div class=\"wpb-content-wrapper\"><p>[vc_row][vc_column][vc_column_text]<span style=\"font-weight: 400;\">Contar con un seguro de viaje puede ayudarle a cubrir gastos m\u00e9dicos o p\u00e9rdidas financieras que pudieran incurrir mientras se encuentra de viaje. A menudo es la mejor protecci\u00f3n para quienes se trasladan a nivel nacional o extranjero.<\/span>[\/vc_column_text][vc_empty_space][vc_column_text el_id=\u00bbtypes-of-insurance\u00bb css=\u00bb.vc_custom_1569863614386{background-color: #ffffff !important;}\u00bb]<\/p>\n<h2>\u00bfQu\u00e9 cubren los seguros de viaje?<\/h2>\n<p>[\/vc_column_text][vc_empty_space height=\u00bb18px\u00bb][vc_column_text]<strong>Existen cinco categor\u00edas primordiales dentro del seguro de viaje:<\/strong><\/p>\n<ul>\n<li style=\"font-weight: 400;\"><span style=\"font-weight: 400;\">Seguro de Cancelaci\u00f3n de Viajes<\/span><\/li>\n<li style=\"font-weight: 400;\"><span style=\"font-weight: 400;\">Seguro M\u00e9dico de Viajes<\/span><\/li>\n<li style=\"font-weight: 400;\"><span style=\"font-weight: 400;\">Seguro M\u00e9dico Mayor<\/span><\/li>\n<li style=\"font-weight: 400;\"><span style=\"font-weight: 400;\">Evacuaci\u00f3n M\u00e9dica de Emergencia<\/span><\/li>\n<li style=\"font-weight: 400;\"><span style=\"font-weight: 400;\">Seguro de Accidentes<\/span><\/li>\n<\/ul>\n<p>[\/vc_column_text][vc_empty_space][vc_column_text el_id=\u00bbtrip-insurance\u00bb]<\/p>\n<h3>Seguro de cancelaci\u00f3n de viaje<\/h3>\n<p><span style=\"font-weight: 400;\">Como su nombre lo indica, este seguro lo cubre en caso de que usted o sus acompa\u00f1antes necesiten cancelar, interrumpir o retrasar su viaje. Las pol\u00edticas de cada compa\u00f1\u00eda pueden llegar a diferir en t\u00e9rminos de cu\u00e1les son las razones aceptables para hacer uso de el, pero es com\u00fan que cubra por las siguientes razones:<\/span><\/p>\n<ul>\n<li style=\"font-weight: 400;\"><span style=\"font-weight: 400;\">Conflictos b\u00e9licos repentinos dentro del pa\u00eds donde viaja.<\/span><\/li>\n<li style=\"font-weight: 400;\"><span style=\"font-weight: 400;\">Retraso en el procesamiento de su visa o pasaporte.\u00a0<\/span><\/li>\n<li style=\"font-weight: 400;\"><span style=\"font-weight: 400;\">Enfermedad o lesiones graves.\u00a0<\/span><\/li>\n<li style=\"font-weight: 400;\"><span style=\"font-weight: 400;\">Problemas relacionados con el clima (tormentas, huracanes, nevadas, etc.)<\/span><\/li>\n<\/ul>\n<p><span style=\"font-weight: 400;\">Al igual, existen situaciones extremas que pueden incluir una cobertura adicional:<\/span><\/p>\n<ul>\n<li style=\"font-weight: 400;\"><span style=\"font-weight: 400;\">Acto de terrorismo.\u00a0<\/span><\/li>\n<li style=\"font-weight: 400;\"><span style=\"font-weight: 400;\">Si su portador de viajes, l\u00ednea de crucero o l\u00ednea a\u00e9rea cierra y cancela servicios.<\/span><\/li>\n<li style=\"font-weight: 400;\"><span style=\"font-weight: 400;\">Un accidente en camino al aeropuerto.<\/span><\/li>\n<\/ul>\n<p>[\/vc_column_text][vc_column_text]<b><i>Recomendaci\u00f3n: <\/i><\/b><i><span style=\"font-weight: 400;\">es importante que el seguro no se adquiera del mismo portador donde usted compra su viaje. De esta forma, si este mismo llegara a cancelar sus servicios y a cerrar negocio, usted a\u00fan se mantendr\u00e1 protegido si algo sale mal durante su viaje. <\/span><\/i>[\/vc_column_text][vc_empty_space][vc_column_text el_id=\u00bbtravel-medical-insurance\u00bb]<\/p>\n<h3>Seguro M\u00e9dico de Viajes y Seguro M\u00e9dico Mayor<\/h3>\n<p><span style=\"font-weight: 400;\">Ambos tipos de seguro le ofrecen protecci\u00f3n m\u00e9dica si se llega a enfermar o se lesiona mientras viaja. La \u00fanica diferencia entre estos es la duraci\u00f3n de la cobertura:<\/span><\/p>\n<ul>\n<li style=\"font-weight: 400;\"><span style=\"font-weight: 400;\">El <\/span><i><span style=\"font-weight: 400;\">seguro m\u00e9dico de viaje<\/span><\/i><span style=\"font-weight: 400;\"> s\u00f3lo ofrece cobertura m\u00e9dica a corto plazo. La duraci\u00f3n puede variar entre cinco d\u00edas y extenderse hasta un a\u00f1o.<\/span><\/li>\n<li style=\"font-weight: 400;\"><span style=\"font-weight: 400;\">El <\/span><i><span style=\"font-weight: 400;\">seguro m\u00e9dico mayor<\/span><\/i><span style=\"font-weight: 400;\"> es ideal si planea realizar viajes m\u00e1s largos. De seis meses a un a\u00f1o o m\u00e1s.\u00a0<\/span><\/li>\n<\/ul>\n<p><span style=\"font-weight: 400;\">Sin embargo, ambos le ayudan a cubrir gastos m\u00e9dicos, localizar doctores pr\u00f3ximos a su estancia, hospitales, centros de atenci\u00f3n y servicios de idiomas extranjeros.\u00a0<\/span><\/p>\n<p><b><i>Tip: <\/i><\/b><i><span style=\"font-weight: 400;\">Ya sea que compre un seguro m\u00e9dico por separado o ya cuente con uno, es ideal que se informe si necesitar\u00e1 la aprobaci\u00f3n previa de su compa\u00f1\u00eda de seguros para cualquier tipo de atenci\u00f3n m\u00e9dica.\u00a0<\/span><\/i>[\/vc_column_text][vc_empty_space][vc_column_text]<\/p>\n<h3>Seguro de Evacuaci\u00f3n M\u00e9dica de Emergencia<\/h3>\n<p><span style=\"font-weight: 400;\">Este tipo de seguro otorga cobertura para evacuaciones m\u00e9dicas necesarias y la transportaci\u00f3n a instalaciones m\u00e9dicas para poder ser atendido. Si no cuenta con este seguro, los gastos de su bolsillo pueden alcanzar f\u00e1cilmente los $10,000 d\u00f3lares. Se recomienda adquirir este seguro si viaja a un \u00e1rea remota con dif\u00edcil acceso m\u00e9dico y hospitalario.\u00a0<\/span>[\/vc_column_text][vc_empty_space][vc_column_text el_id=\u00bbemergency-medical-evacuation-insurance\u00bb]<\/p>\n<h3>Seguro de Accidentes<\/h3>\n<p><span style=\"font-weight: 400;\">Aquel que tiene por objeto cubrir riesgos ante lesiones provocadas a causa de violencia s\u00fabita, externa, no intencionada y que produzca incapacidad temporal, permanente o la muerte.\u00a0<\/span>[\/vc_column_text][vc_empty_space][vc_column_text el_id=\u00bbtrip-cancellation-insurance\u00bb]<\/p>\n<h3>\u00bfRealmente necesita cobertura de Seguro de Viaje?<\/h3>\n<p><span style=\"font-weight: 400;\">Antes de que se decida a comprar un seguro de viaje o elegir alg\u00fan tipo de seguro, hay varias preguntas que debe hacerse:<\/span><\/p>\n<ul>\n<li style=\"font-weight: 400;\"><span style=\"font-weight: 400;\">\u00bfViajar\u00e1 al extranjero?<\/span><\/li>\n<li style=\"font-weight: 400;\"><span style=\"font-weight: 400;\">\u00bfEst\u00e1 planeando participar en deportes extremos?<\/span><\/li>\n<li style=\"font-weight: 400;\"><span style=\"font-weight: 400;\">\u00bfPuede pagar el costo del viaje de regreso a casa si surge una emergencia y necesite regresar antes de tiempo?<\/span><\/li>\n<li style=\"font-weight: 400;\"><span style=\"font-weight: 400;\">Si usted o alguien que viaja con usted se enferma o se accidenta, \u00bfpodr\u00e1 pagar la atenci\u00f3n m\u00e9dica que requiera?<\/span><\/li>\n<\/ul>\n<p><span style=\"font-weight: 400;\">Si no se encuentra preparado, estos problemas potenciales pueden convertir sus vacaciones de ensue\u00f1o en una pesadilla.\u00a0<\/span><\/p>\n<p><b><i>Tip: <\/i><\/b><i><span style=\"font-weight: 400;\">Familiaricese con las pol\u00edticas y acuerdos existentes con compa\u00f1\u00edas de tarjetas de cr\u00e9dito. En algunos casos, estas compa\u00f1\u00edas ya cubren problemas, como la p\u00e9rdida de equipaje o la responsabilidad del alquiler de autom\u00f3viles.\u00a0<\/span><\/i>[\/vc_column_text][vc_empty_space][vc_column_text el_id=\u00bbdo-you-really-need-travel-insurance-coverage\u00bb]<span style=\"font-weight: 400;\">En conclusi\u00f3n la elecci\u00f3n de seguro ser\u00e1 la determinante del tipo de cobertura que tendr\u00e1 cuando m\u00e1s lo necesite. Cuando cuenta con el seguro adecuado para cubrir su viaje, puede asegurarse de que sus vacaciones sean todo lo que hab\u00eda planeado y m\u00e1s.\u00a0<\/span>[\/vc_column_text][vc_empty_space][\/vc_column][\/vc_row]<\/p>\n<\/div>","protected":false},"excerpt":{"rendered":"<p>Contar con un seguro de viaje puede ayudarle a cubrir gastos m\u00e9dicos o p\u00e9rdidas financieras que pudieran incurrir mientras se encuentra de viaje. A menudo es la mejor protecci\u00f3n para quienes se trasladan a nivel nacional o extranjero. Conoce aqu\u00ed la m\u00e1s valiosa informaci\u00f3n sobre los seguros de viaje: qu\u00e9 incluye, c\u00f3mo utilizarlo y qu\u00e9 tan beneficioso es contar con uno.<\/p>\n","protected":false},"author":2,"featured_media":0,"parent":4161,"menu_order":0,"comment_status":"closed","ping_status":"closed","template":"","meta":{"footnotes":""},"class_list":["post-6808","page","type-page","status-publish","hentry"],"acf":[],"yoast_head":"<!-- This site is optimized with the Yoast SEO plugin v27.3 - https:\/\/yoast.com\/product\/yoast-seo-wordpress\/ -->\n<title>\u00bfRealmente necesitas un Seguro de Viaje? Ent\u00e9rate Aqu\u00ed<\/title>\n<meta name=\"description\" content=\"Elegir un seguro de viaje es una tarea complicada. Existen diversos tipos y coberturas para contratar. Aqu\u00ed te decimos cu\u00e1l es mejor, categor\u00edas y ventajas.\" \/>\n<meta name=\"robots\" content=\"index, follow, max-snippet:-1, max-image-preview:large, max-video-preview:-1\" \/>\n<link rel=\"canonical\" href=\"https:\/\/hospitalcmq.com\/es\/seguro-de-salud\/seguros-de-viaje\/\" \/>\n<meta property=\"og:locale\" content=\"es_ES\" \/>\n<meta property=\"og:type\" content=\"article\" \/>\n<meta property=\"og:title\" content=\"\u00bfRealmente necesitas un Seguro de Viaje? Ent\u00e9rate Aqu\u00ed\" \/>\n<meta property=\"og:description\" content=\"Elegir un seguro de viaje es una tarea complicada. Existen diversos tipos y coberturas para contratar. Aqu\u00ed te decimos cu\u00e1l es mejor, categor\u00edas y ventajas.\" \/>\n<meta property=\"og:url\" content=\"https:\/\/hospitalcmq.com\/es\/seguro-de-salud\/seguros-de-viaje\/\" \/>\n<meta property=\"og:site_name\" content=\"Hospital CMQ\" \/>\n<meta property=\"article:publisher\" content=\"https:\/\/www.facebook.com\/HospitalCMQ\" \/>\n<meta property=\"article:modified_time\" content=\"2024-07-01T19:09:54+00:00\" \/>\n<meta property=\"og:image\" content=\"https:\/\/hospitalcmq.com\/wp-content\/uploads\/2018\/06\/cmq-hospital-logo.png\" \/>\n\t<meta property=\"og:image:width\" content=\"214\" \/>\n\t<meta property=\"og:image:height\" content=\"189\" \/>\n\t<meta property=\"og:image:type\" content=\"image\/png\" \/>\n<meta name=\"twitter:card\" content=\"summary_large_image\" \/>\n<meta name=\"twitter:label1\" content=\"Tiempo de lectura\" \/>\n\t<meta name=\"twitter:data1\" content=\"4 minutos\" \/>\n<script type=\"application\/ld+json\" class=\"yoast-schema-graph\">{\"@context\":\"https:\\\/\\\/schema.org\",\"@graph\":[{\"@type\":\"WebPage\",\"@id\":\"https:\\\/\\\/hospitalcmq.com\\\/es\\\/seguro-de-salud\\\/seguros-de-viaje\\\/\",\"url\":\"https:\\\/\\\/hospitalcmq.com\\\/es\\\/seguro-de-salud\\\/seguros-de-viaje\\\/\",\"name\":\"\u00bfRealmente necesitas un Seguro de Viaje? Ent\u00e9rate Aqu\u00ed\",\"isPartOf\":{\"@id\":\"https:\\\/\\\/hospitalcmq.com\\\/es\\\/#website\"},\"datePublished\":\"2019-09-30T17:18:43+00:00\",\"dateModified\":\"2024-07-01T19:09:54+00:00\",\"description\":\"Elegir un seguro de viaje es una tarea complicada. Existen diversos tipos y coberturas para contratar. Aqu\u00ed te decimos cu\u00e1l es mejor, categor\u00edas y ventajas.\",\"breadcrumb\":{\"@id\":\"https:\\\/\\\/hospitalcmq.com\\\/es\\\/seguro-de-salud\\\/seguros-de-viaje\\\/#breadcrumb\"},\"inLanguage\":\"es\",\"potentialAction\":[{\"@type\":\"ReadAction\",\"target\":[\"https:\\\/\\\/hospitalcmq.com\\\/es\\\/seguro-de-salud\\\/seguros-de-viaje\\\/\"]}]},{\"@type\":\"BreadcrumbList\",\"@id\":\"https:\\\/\\\/hospitalcmq.com\\\/es\\\/seguro-de-salud\\\/seguros-de-viaje\\\/#breadcrumb\",\"itemListElement\":[{\"@type\":\"ListItem\",\"position\":1,\"name\":\"Home\",\"item\":\"https:\\\/\\\/hospitalcmq.com\\\/es\\\/\"},{\"@type\":\"ListItem\",\"position\":2,\"name\":\"Seguro de Salud\",\"item\":\"https:\\\/\\\/hospitalcmq.com\\\/es\\\/seguro-de-salud\\\/\"},{\"@type\":\"ListItem\",\"position\":3,\"name\":\"Seguros de Viaje\"}]},{\"@type\":\"WebSite\",\"@id\":\"https:\\\/\\\/hospitalcmq.com\\\/es\\\/#website\",\"url\":\"https:\\\/\\\/hospitalcmq.com\\\/es\\\/\",\"name\":\"Hospital CMQ\",\"description\":\"Best Hospitals in Puerto Vallarta &amp; Riviera Nayarit\",\"publisher\":{\"@id\":\"https:\\\/\\\/hospitalcmq.com\\\/es\\\/#organization\"},\"potentialAction\":[{\"@type\":\"SearchAction\",\"target\":{\"@type\":\"EntryPoint\",\"urlTemplate\":\"https:\\\/\\\/hospitalcmq.com\\\/es\\\/?s={search_term_string}\"},\"query-input\":{\"@type\":\"PropertyValueSpecification\",\"valueRequired\":true,\"valueName\":\"search_term_string\"}}],\"inLanguage\":\"es\"},{\"@type\":\"Organization\",\"@id\":\"https:\\\/\\\/hospitalcmq.com\\\/es\\\/#organization\",\"name\":\"Hospital CMQ\",\"url\":\"https:\\\/\\\/hospitalcmq.com\\\/es\\\/\",\"logo\":{\"@type\":\"ImageObject\",\"inLanguage\":\"es\",\"@id\":\"https:\\\/\\\/hospitalcmq.com\\\/es\\\/#\\\/schema\\\/logo\\\/image\\\/\",\"url\":\"https:\\\/\\\/hospitalcmq.com\\\/wp-content\\\/uploads\\\/2018\\\/06\\\/cmq-hospital-logo.png\",\"contentUrl\":\"https:\\\/\\\/hospitalcmq.com\\\/wp-content\\\/uploads\\\/2018\\\/06\\\/cmq-hospital-logo.png\",\"width\":214,\"height\":189,\"caption\":\"Hospital CMQ\"},\"image\":{\"@id\":\"https:\\\/\\\/hospitalcmq.com\\\/es\\\/#\\\/schema\\\/logo\\\/image\\\/\"},\"sameAs\":[\"https:\\\/\\\/www.facebook.com\\\/HospitalCMQ\"]}]}<\/script>\n<!-- \/ Yoast SEO plugin. -->","yoast_head_json":{"title":"\u00bfRealmente necesitas un Seguro de Viaje? Ent\u00e9rate Aqu\u00ed","description":"Elegir un seguro de viaje es una tarea complicada. Existen diversos tipos y coberturas para contratar. Aqu\u00ed te decimos cu\u00e1l es mejor, categor\u00edas y ventajas.","robots":{"index":"index","follow":"follow","max-snippet":"max-snippet:-1","max-image-preview":"max-image-preview:large","max-video-preview":"max-video-preview:-1"},"canonical":"https:\/\/hospitalcmq.com\/es\/seguro-de-salud\/seguros-de-viaje\/","og_locale":"es_ES","og_type":"article","og_title":"\u00bfRealmente necesitas un Seguro de Viaje? Ent\u00e9rate Aqu\u00ed","og_description":"Elegir un seguro de viaje es una tarea complicada. Existen diversos tipos y coberturas para contratar. Aqu\u00ed te decimos cu\u00e1l es mejor, categor\u00edas y ventajas.","og_url":"https:\/\/hospitalcmq.com\/es\/seguro-de-salud\/seguros-de-viaje\/","og_site_name":"Hospital CMQ","article_publisher":"https:\/\/www.facebook.com\/HospitalCMQ","article_modified_time":"2024-07-01T19:09:54+00:00","og_image":[{"width":214,"height":189,"url":"https:\/\/hospitalcmq.com\/wp-content\/uploads\/2018\/06\/cmq-hospital-logo.png","type":"image\/png"}],"twitter_card":"summary_large_image","twitter_misc":{"Tiempo de lectura":"4 minutos"},"schema":{"@context":"https:\/\/schema.org","@graph":[{"@type":"WebPage","@id":"https:\/\/hospitalcmq.com\/es\/seguro-de-salud\/seguros-de-viaje\/","url":"https:\/\/hospitalcmq.com\/es\/seguro-de-salud\/seguros-de-viaje\/","name":"\u00bfRealmente necesitas un Seguro de Viaje? Ent\u00e9rate Aqu\u00ed","isPartOf":{"@id":"https:\/\/hospitalcmq.com\/es\/#website"},"datePublished":"2019-09-30T17:18:43+00:00","dateModified":"2024-07-01T19:09:54+00:00","description":"Elegir un seguro de viaje es una tarea complicada. Existen diversos tipos y coberturas para contratar. Aqu\u00ed te decimos cu\u00e1l es mejor, categor\u00edas y ventajas.","breadcrumb":{"@id":"https:\/\/hospitalcmq.com\/es\/seguro-de-salud\/seguros-de-viaje\/#breadcrumb"},"inLanguage":"es","potentialAction":[{"@type":"ReadAction","target":["https:\/\/hospitalcmq.com\/es\/seguro-de-salud\/seguros-de-viaje\/"]}]},{"@type":"BreadcrumbList","@id":"https:\/\/hospitalcmq.com\/es\/seguro-de-salud\/seguros-de-viaje\/#breadcrumb","itemListElement":[{"@type":"ListItem","position":1,"name":"Home","item":"https:\/\/hospitalcmq.com\/es\/"},{"@type":"ListItem","position":2,"name":"Seguro de Salud","item":"https:\/\/hospitalcmq.com\/es\/seguro-de-salud\/"},{"@type":"ListItem","position":3,"name":"Seguros de Viaje"}]},{"@type":"WebSite","@id":"https:\/\/hospitalcmq.com\/es\/#website","url":"https:\/\/hospitalcmq.com\/es\/","name":"Hospital CMQ","description":"Best Hospitals in Puerto Vallarta &amp; Riviera Nayarit","publisher":{"@id":"https:\/\/hospitalcmq.com\/es\/#organization"},"potentialAction":[{"@type":"SearchAction","target":{"@type":"EntryPoint","urlTemplate":"https:\/\/hospitalcmq.com\/es\/?s={search_term_string}"},"query-input":{"@type":"PropertyValueSpecification","valueRequired":true,"valueName":"search_term_string"}}],"inLanguage":"es"},{"@type":"Organization","@id":"https:\/\/hospitalcmq.com\/es\/#organization","name":"Hospital CMQ","url":"https:\/\/hospitalcmq.com\/es\/","logo":{"@type":"ImageObject","inLanguage":"es","@id":"https:\/\/hospitalcmq.com\/es\/#\/schema\/logo\/image\/","url":"https:\/\/hospitalcmq.com\/wp-content\/uploads\/2018\/06\/cmq-hospital-logo.png","contentUrl":"https:\/\/hospitalcmq.com\/wp-content\/uploads\/2018\/06\/cmq-hospital-logo.png","width":214,"height":189,"caption":"Hospital CMQ"},"image":{"@id":"https:\/\/hospitalcmq.com\/es\/#\/schema\/logo\/image\/"},"sameAs":["https:\/\/www.facebook.com\/HospitalCMQ"]}]}},"_links":{"self":[{"href":"https:\/\/hospitalcmq.com\/es\/wp-json\/wp\/v2\/pages\/6808","targetHints":{"allow":["GET"]}}],"collection":[{"href":"https:\/\/hospitalcmq.com\/es\/wp-json\/wp\/v2\/pages"}],"about":[{"href":"https:\/\/hospitalcmq.com\/es\/wp-json\/wp\/v2\/types\/page"}],"author":[{"embeddable":true,"href":"https:\/\/hospitalcmq.com\/es\/wp-json\/wp\/v2\/users\/2"}],"replies":[{"embeddable":true,"href":"https:\/\/hospitalcmq.com\/es\/wp-json\/wp\/v2\/comments?post=6808"}],"version-history":[{"count":0,"href":"https:\/\/hospitalcmq.com\/es\/wp-json\/wp\/v2\/pages\/6808\/revisions"}],"up":[{"embeddable":true,"href":"https:\/\/hospitalcmq.com\/es\/wp-json\/wp\/v2\/pages\/4161"}],"wp:attachment":[{"href":"https:\/\/hospitalcmq.com\/es\/wp-json\/wp\/v2\/media?parent=6808"}],"curies":[{"name":"wp","href":"https:\/\/api.w.org\/{rel}","templated":true}]}}