{"id":6792,"date":"2019-09-24T10:59:02","date_gmt":"2019-09-24T15:59:02","guid":{"rendered":"https:\/\/hospitalcmq.com\/?page_id=6792"},"modified":"2023-11-01T10:24:14","modified_gmt":"2023-11-01T16:24:14","slug":"neumonia","status":"publish","type":"page","link":"https:\/\/hospitalcmq.com\/es\/enfermedades-y-condiciones\/neumonia\/","title":{"rendered":"Neumon\u00eda, prevenci\u00f3n y detecci\u00f3n temprana"},"content":{"rendered":"<div class=\"wpb-content-wrapper\"><p>[vc_row][vc_column][vc_column_text el_id=\u00bbdefinition\u00bb]<\/p>\n<h2>Definici\u00f3n<\/h2>\n<p><span style=\"font-weight: 400;\">La neumon\u00eda consiste en una inflamaci\u00f3n del tejido pulmonar. Es un tipo de infecci\u00f3n respiratoria aguda que afecta a uno o a los dos pulmones. Es provocada por m\u00faltiples microorganismos como g\u00e9rmenes, bacterias, virus u hongos. Tambi\u00e9n se puede desarrollar al inhalar l\u00edquidos o qu\u00edmicos. Puede variar en gravedad, pero es potencialmente mortal en beb\u00e9s y ni\u00f1os peque\u00f1os, adultos mayores de 65 a\u00f1os y personas con un sistema inmunitario debilitado.<\/span><\/p>\n<p><span style=\"font-weight: 400;\">Las causas m\u00e1s comunes de una neumon\u00eda viral son el virus de la influenza y el virus respiratorio sincitial. Una causa com\u00fan de la neumon\u00eda bacteriana es el neumococo.\u00a0<\/span>[\/vc_column_text][vc_empty_space height=\u00bb28px\u00bb][vc_row_inner el_id=\u00bbprevention\u00bb][vc_column_inner][vc_column_text]<\/p>\n<h2>\u00bfSe puede prevenir la neumon\u00eda?<\/h2>\n<p><span style=\"font-weight: 400;\">Existen medidas para evitar la aparici\u00f3n de una neumon\u00eda, ya que con frecuencia se puede prevenir y por lo general se puede tratar:<\/span><\/p>\n<ul>\n<li><b>Vacunaci\u00f3n: <span style=\"font-weight: 400;\">Existen vacunas para prevenir algunos tipos de neumon\u00eda como:<\/span><\/b><\/li>\n<li style=\"list-style-type: none;\">\n<ul>\n<li style=\"list-style-type: none;\">\n<ul>\n<li style=\"font-weight: 400;\"><span style=\"font-weight: 400;\">Vacuna contra la influenza e influenza tipo B<\/span><\/li>\n<li style=\"font-weight: 400;\"><span style=\"font-weight: 400;\">Contra el sarampi\u00f3n<\/span><\/li>\n<li style=\"font-weight: 400;\"><span style=\"font-weight: 400;\">Contra la tosferina<\/span><\/li>\n<li style=\"font-weight: 400;\"><span style=\"font-weight: 400;\">Antineumoc\u00f3cica<\/span><\/li>\n<li style=\"font-weight: 400;\"><span style=\"font-weight: 400;\">Vacuna contra la varicela<\/span><\/li>\n<\/ul>\n<\/li>\n<\/ul>\n<\/li>\n<\/ul>\n<ul>\n<li><b>Buena higiene: <span style=\"font-weight: 400;\">Evita esta y m\u00e1s infecciones respiratorias manteniendo una correcta higiene de manos y limpiando las superficies con las que tienes contacto frecuente. Si est\u00e1s enfermo, mantente alejado de las personas para evitar contagio. De igual manera, puedes cubrirte la boca y nariz con pa\u00f1uelos.<\/span><\/b><\/li>\n<\/ul>\n<ul>\n<li>No fumar: <span style=\"font-weight: 400;\">Limita tu contacto con el humo del cigarro. El tabaquismo da\u00f1a las defensas que protegen a los pulmones de infecciones respiratorias. <\/span><\/li>\n<li><b>Reforzar el sistema inmunitario: <\/b><span style=\"font-weight: 400;\">Lleva una dieta saludable, ejerc\u00edtate regularmente y duerme lo suficiente.<\/span><\/li>\n<\/ul>\n<p>[\/vc_column_text][\/vc_column_inner][\/vc_row_inner][vc_empty_space height=\u00bb28px\u00bb][vc_row_inner el_id=\u00bbsymptoms\u00bb][vc_column_inner][vc_column_text]<\/p>\n<h2>Signos y s\u00edntomas de una neumon\u00eda<\/h2>\n<p><span style=\"font-weight: 400;\">Los s\u00edntomas de la neumon\u00eda son diversos y dependen del tipo y del agente pat\u00f3geno responsable, la edad y el estado de salud en general. Los s\u00edntomas suelen ser similares a los de un resfriado o gripe, pero duran m\u00e1s tiempo e incluyen los siguientes:<\/span><\/p>\n<ul>\n<li style=\"font-weight: 400;\"><span style=\"font-weight: 400;\">Dolor en el pecho al respirar o toser<\/span><\/li>\n<li style=\"font-weight: 400;\"><span style=\"font-weight: 400;\">Tos con flemas<\/span><\/li>\n<li style=\"font-weight: 400;\"><span style=\"font-weight: 400;\">Fatiga<\/span><\/li>\n<li style=\"font-weight: 400;\"><span style=\"font-weight: 400;\">Fiebre y escalofr\u00edos<\/span><\/li>\n<li style=\"font-weight: 400;\"><span style=\"font-weight: 400;\">Temperatura corporal baja<\/span><\/li>\n<li style=\"font-weight: 400;\"><span style=\"font-weight: 400;\">N\u00e1useas, v\u00f3mito o diarrea<\/span><\/li>\n<li style=\"font-weight: 400;\"><span style=\"font-weight: 400;\">Dificultad para respirar<\/span><\/li>\n<\/ul>\n<p><span style=\"font-weight: 400;\">\u00a0<\/span><span style=\"font-weight: 400;\">Algunos tipos de neumon\u00eda son:<\/span><\/p>\n<ul>\n<li style=\"font-weight: 400;\"><b>Neumon\u00eda bacteriana: <\/b><span style=\"font-weight: 400;\">Aparece con m\u00e1s frecuencia en el invierno. Los primeros s\u00edntomas suelen ser escalofr\u00edos, seguidos de fiebre y tos. La fiebre puede superar los 40 grados de temperatura. Dificultad respiratoria, respiraci\u00f3n r\u00e1pida y dolor al inspirar. <\/span><\/li>\n<li style=\"font-weight: 400;\"><b>Neumon\u00eda viral:<\/b> Tiene un curso de s\u00edntomas m\u00e1s lento que la neumon\u00eda bacteriana. Pueden pasar varios d\u00edas para poder presentar un signo. Los s\u00edntomas principales son la cefalea y el dolor articular. No se presentan escalofr\u00edos, pero la tos es persistente y dolorosa.<\/li>\n<\/ul>\n<p>[\/vc_column_text][\/vc_column_inner][\/vc_row_inner][vc_empty_space][vc_row_inner el_id=\u00bbrisk-factors\u00bb][vc_column_inner][vc_column_text]<\/p>\n<h2>\u00bfEstoy en riesgo de padecer neumon\u00eda?<\/h2>\n<p><span style=\"font-weight: 400;\">Puesto que es una enfermedad que se presenta con m\u00e1s frecuencia en ni\u00f1os menores de cinco a\u00f1os y en adultos mayores a 65 a\u00f1os, los factores de riesgo se encuentran divididos:<\/span><\/p>\n<p><b>Para adultos mayores:<\/b><\/p>\n<ul>\n<li style=\"font-weight: 400;\"><span style=\"font-weight: 400;\">Tabaquismo<\/span><\/li>\n<li style=\"font-weight: 400;\"><span style=\"font-weight: 400;\">Enfermedades cr\u00f3nicas<\/span><\/li>\n<li style=\"font-weight: 400;\"><span style=\"font-weight: 400;\">Exceso de peso<\/span><\/li>\n<li style=\"font-weight: 400;\"><span style=\"font-weight: 400;\">Alcoholismo<\/span><\/li>\n<li style=\"font-weight: 400;\"><span style=\"font-weight: 400;\">Demencia<\/span><\/li>\n<li style=\"font-weight: 400;\"><span style=\"font-weight: 400;\">Cirug\u00eda y hospitalizaci\u00f3n reciente<\/span><\/li>\n<\/ul>\n<p><b>En ni\u00f1os menores de cinco a\u00f1os:<\/b><\/p>\n<ul>\n<li style=\"font-weight: 400;\"><span style=\"font-weight: 400;\">Desnutrici\u00f3n<\/span><\/li>\n<li style=\"font-weight: 400;\"><span style=\"font-weight: 400;\">Infecci\u00f3n viral<\/span><\/li>\n<li style=\"font-weight: 400;\"><span style=\"font-weight: 400;\">Ausencia de vacunas<\/span><\/li>\n<li style=\"font-weight: 400;\"><span style=\"font-weight: 400;\">Bajo nivel de inmunidad<\/span><\/li>\n<\/ul>\n<p>[\/vc_column_text][\/vc_column_inner][\/vc_row_inner][vc_empty_space][vc_row_inner el_id=\u00bbtreatment\u00bb][vc_column_inner][vc_column_text]<\/p>\n<h2>Tratamiento<\/h2>\n<p><span style=\"font-weight: 400;\">La neumon\u00eda causada por bacterias puede tratarse con antibi\u00f3ticos. La mayor\u00eda de los casos requieren antibi\u00f3ticos administrados por v\u00eda oral, los cuales se recetan en centros de salud. La hospitalizaci\u00f3n s\u00f3lo es recomendada en casos de gravedad.<\/span><\/p>\n<p><span style=\"font-weight: 400;\">La comorbilidad, en medicina, se describe como el efecto que tiene una enfermedad o enfermedades en un paciente cuya enfermedad inicial y\/o primaria es totalmente distinta. Consiste en la presencia de m\u00e1s de un diagn\u00f3stico simult\u00e1neamente. Esto no implica necesariamente la presencia de m\u00faltiples enfermedades, sino que en realidad refleja la incapacidad del momento para asignar diagn\u00f3stico \u00fanico para todos los s\u00edntomas que se presentan.<\/span>[\/vc_column_text][\/vc_column_inner][\/vc_row_inner][\/vc_column][\/vc_row]<\/p>\n<\/div>","protected":false},"excerpt":{"rendered":"<p>La neumon\u00eda es una inflamaci\u00f3n del tejido pulmonar causada por m\u00faltiples microorganismos, virus, bacterias y hongos. Afecta principalmente a ni\u00f1os y personas de la tercera edad. Una causa com\u00fan de la neumon\u00eda es el virus de la influenza H1N1. En este contenido te ofrecemos las medidas correctas que debes tomar para prevenir la neumon\u00eda y, si la tienes, qu\u00e9 puedes hacer para tratarla.<\/p>\n","protected":false},"author":2,"featured_media":14168,"parent":3938,"menu_order":0,"comment_status":"closed","ping_status":"closed","template":"","meta":{"footnotes":""},"class_list":["post-6792","page","type-page","status-publish","has-post-thumbnail","hentry"],"acf":[],"yoast_head":"<!-- This site is optimized with the Yoast SEO plugin v27.4 - https:\/\/yoast.com\/product\/yoast-seo-wordpress\/ -->\n<title>Neumon\u00eda: \u00bfc\u00f3mo detectar y prevenir esta enfermedad?<\/title>\n<meta name=\"description\" content=\"Cualquiera puede padecer neumon\u00eda, pero los ni\u00f1os y adultos mayores quienes est\u00e1n en mayor peligro. Descubre aqu\u00ed las medidas recomendadas por especialistas para evitar que ocurra esta enfermedad.\" \/>\n<meta name=\"robots\" content=\"index, follow, max-snippet:-1, max-image-preview:large, max-video-preview:-1\" \/>\n<link rel=\"canonical\" href=\"https:\/\/hospitalcmq.com\/es\/enfermedades-y-condiciones\/neumonia\/\" \/>\n<meta property=\"og:locale\" content=\"es_ES\" \/>\n<meta property=\"og:type\" content=\"article\" \/>\n<meta property=\"og:title\" content=\"Neumon\u00eda: \u00bfc\u00f3mo detectar y prevenir esta enfermedad?\" \/>\n<meta property=\"og:description\" content=\"Cualquiera puede padecer neumon\u00eda, pero los ni\u00f1os y adultos mayores quienes est\u00e1n en mayor peligro. Descubre aqu\u00ed las medidas recomendadas por especialistas para evitar que ocurra esta enfermedad.\" \/>\n<meta property=\"og:url\" content=\"https:\/\/hospitalcmq.com\/es\/enfermedades-y-condiciones\/neumonia\/\" \/>\n<meta property=\"og:site_name\" content=\"Hospital CMQ\" \/>\n<meta property=\"article:publisher\" content=\"https:\/\/www.facebook.com\/HospitalCMQ\" \/>\n<meta property=\"article:modified_time\" content=\"2023-11-01T16:24:14+00:00\" \/>\n<meta property=\"og:image\" content=\"https:\/\/hospitalcmq.com\/wp-content\/uploads\/2018\/06\/cmq-hospital-logo.png\" \/>\n\t<meta property=\"og:image:width\" content=\"214\" \/>\n\t<meta property=\"og:image:height\" content=\"189\" \/>\n\t<meta property=\"og:image:type\" content=\"image\/png\" \/>\n<meta name=\"twitter:card\" content=\"summary_large_image\" \/>\n<meta name=\"twitter:label1\" content=\"Tiempo de lectura\" \/>\n\t<meta name=\"twitter:data1\" content=\"3 minutos\" \/>\n<script type=\"application\/ld+json\" class=\"yoast-schema-graph\">{\"@context\":\"https:\\\/\\\/schema.org\",\"@graph\":[{\"@type\":\"WebPage\",\"@id\":\"https:\\\/\\\/hospitalcmq.com\\\/es\\\/enfermedades-y-condiciones\\\/neumonia\\\/\",\"url\":\"https:\\\/\\\/hospitalcmq.com\\\/es\\\/enfermedades-y-condiciones\\\/neumonia\\\/\",\"name\":\"Neumon\u00eda: \u00bfc\u00f3mo detectar y prevenir esta enfermedad?\",\"isPartOf\":{\"@id\":\"https:\\\/\\\/hospitalcmq.com\\\/es\\\/#website\"},\"primaryImageOfPage\":{\"@id\":\"https:\\\/\\\/hospitalcmq.com\\\/es\\\/enfermedades-y-condiciones\\\/neumonia\\\/#primaryimage\"},\"image\":{\"@id\":\"https:\\\/\\\/hospitalcmq.com\\\/es\\\/enfermedades-y-condiciones\\\/neumonia\\\/#primaryimage\"},\"thumbnailUrl\":\"https:\\\/\\\/hospitalcmq.com\\\/wp-content\\\/uploads\\\/2024\\\/06\\\/Neumonia.png\",\"datePublished\":\"2019-09-24T15:59:02+00:00\",\"dateModified\":\"2023-11-01T16:24:14+00:00\",\"description\":\"Cualquiera puede padecer neumon\u00eda, pero los ni\u00f1os y adultos mayores quienes est\u00e1n en mayor peligro. Descubre aqu\u00ed las medidas recomendadas por especialistas para evitar que ocurra esta enfermedad.\",\"breadcrumb\":{\"@id\":\"https:\\\/\\\/hospitalcmq.com\\\/es\\\/enfermedades-y-condiciones\\\/neumonia\\\/#breadcrumb\"},\"inLanguage\":\"es\",\"potentialAction\":[{\"@type\":\"ReadAction\",\"target\":[\"https:\\\/\\\/hospitalcmq.com\\\/es\\\/enfermedades-y-condiciones\\\/neumonia\\\/\"]}]},{\"@type\":\"ImageObject\",\"inLanguage\":\"es\",\"@id\":\"https:\\\/\\\/hospitalcmq.com\\\/es\\\/enfermedades-y-condiciones\\\/neumonia\\\/#primaryimage\",\"url\":\"https:\\\/\\\/hospitalcmq.com\\\/wp-content\\\/uploads\\\/2024\\\/06\\\/Neumonia.png\",\"contentUrl\":\"https:\\\/\\\/hospitalcmq.com\\\/wp-content\\\/uploads\\\/2024\\\/06\\\/Neumonia.png\",\"width\":303,\"height\":352},{\"@type\":\"BreadcrumbList\",\"@id\":\"https:\\\/\\\/hospitalcmq.com\\\/es\\\/enfermedades-y-condiciones\\\/neumonia\\\/#breadcrumb\",\"itemListElement\":[{\"@type\":\"ListItem\",\"position\":1,\"name\":\"Home\",\"item\":\"https:\\\/\\\/hospitalcmq.com\\\/es\\\/\"},{\"@type\":\"ListItem\",\"position\":2,\"name\":\"Enfermedades y Condiciones\",\"item\":\"https:\\\/\\\/hospitalcmq.com\\\/es\\\/enfermedades-y-condiciones\\\/\"},{\"@type\":\"ListItem\",\"position\":3,\"name\":\"Neumon\u00eda, prevenci\u00f3n y detecci\u00f3n temprana\"}]},{\"@type\":\"WebSite\",\"@id\":\"https:\\\/\\\/hospitalcmq.com\\\/es\\\/#website\",\"url\":\"https:\\\/\\\/hospitalcmq.com\\\/es\\\/\",\"name\":\"Hospital CMQ\",\"description\":\"Best Hospitals in Puerto Vallarta &amp; Riviera Nayarit\",\"publisher\":{\"@id\":\"https:\\\/\\\/hospitalcmq.com\\\/es\\\/#organization\"},\"potentialAction\":[{\"@type\":\"SearchAction\",\"target\":{\"@type\":\"EntryPoint\",\"urlTemplate\":\"https:\\\/\\\/hospitalcmq.com\\\/es\\\/?s={search_term_string}\"},\"query-input\":{\"@type\":\"PropertyValueSpecification\",\"valueRequired\":true,\"valueName\":\"search_term_string\"}}],\"inLanguage\":\"es\"},{\"@type\":\"Organization\",\"@id\":\"https:\\\/\\\/hospitalcmq.com\\\/es\\\/#organization\",\"name\":\"Hospital CMQ\",\"url\":\"https:\\\/\\\/hospitalcmq.com\\\/es\\\/\",\"logo\":{\"@type\":\"ImageObject\",\"inLanguage\":\"es\",\"@id\":\"https:\\\/\\\/hospitalcmq.com\\\/es\\\/#\\\/schema\\\/logo\\\/image\\\/\",\"url\":\"https:\\\/\\\/hospitalcmq.com\\\/wp-content\\\/uploads\\\/2018\\\/06\\\/cmq-hospital-logo.png\",\"contentUrl\":\"https:\\\/\\\/hospitalcmq.com\\\/wp-content\\\/uploads\\\/2018\\\/06\\\/cmq-hospital-logo.png\",\"width\":214,\"height\":189,\"caption\":\"Hospital CMQ\"},\"image\":{\"@id\":\"https:\\\/\\\/hospitalcmq.com\\\/es\\\/#\\\/schema\\\/logo\\\/image\\\/\"},\"sameAs\":[\"https:\\\/\\\/www.facebook.com\\\/HospitalCMQ\"]}]}<\/script>\n<!-- \/ Yoast SEO plugin. -->","yoast_head_json":{"title":"Neumon\u00eda: \u00bfc\u00f3mo detectar y prevenir esta enfermedad?","description":"Cualquiera puede padecer neumon\u00eda, pero los ni\u00f1os y adultos mayores quienes est\u00e1n en mayor peligro. Descubre aqu\u00ed las medidas recomendadas por especialistas para evitar que ocurra esta enfermedad.","robots":{"index":"index","follow":"follow","max-snippet":"max-snippet:-1","max-image-preview":"max-image-preview:large","max-video-preview":"max-video-preview:-1"},"canonical":"https:\/\/hospitalcmq.com\/es\/enfermedades-y-condiciones\/neumonia\/","og_locale":"es_ES","og_type":"article","og_title":"Neumon\u00eda: \u00bfc\u00f3mo detectar y prevenir esta enfermedad?","og_description":"Cualquiera puede padecer neumon\u00eda, pero los ni\u00f1os y adultos mayores quienes est\u00e1n en mayor peligro. Descubre aqu\u00ed las medidas recomendadas por especialistas para evitar que ocurra esta enfermedad.","og_url":"https:\/\/hospitalcmq.com\/es\/enfermedades-y-condiciones\/neumonia\/","og_site_name":"Hospital CMQ","article_publisher":"https:\/\/www.facebook.com\/HospitalCMQ","article_modified_time":"2023-11-01T16:24:14+00:00","og_image":[{"width":214,"height":189,"url":"https:\/\/hospitalcmq.com\/wp-content\/uploads\/2018\/06\/cmq-hospital-logo.png","type":"image\/png"}],"twitter_card":"summary_large_image","twitter_misc":{"Tiempo de lectura":"3 minutos"},"schema":{"@context":"https:\/\/schema.org","@graph":[{"@type":"WebPage","@id":"https:\/\/hospitalcmq.com\/es\/enfermedades-y-condiciones\/neumonia\/","url":"https:\/\/hospitalcmq.com\/es\/enfermedades-y-condiciones\/neumonia\/","name":"Neumon\u00eda: \u00bfc\u00f3mo detectar y prevenir esta enfermedad?","isPartOf":{"@id":"https:\/\/hospitalcmq.com\/es\/#website"},"primaryImageOfPage":{"@id":"https:\/\/hospitalcmq.com\/es\/enfermedades-y-condiciones\/neumonia\/#primaryimage"},"image":{"@id":"https:\/\/hospitalcmq.com\/es\/enfermedades-y-condiciones\/neumonia\/#primaryimage"},"thumbnailUrl":"https:\/\/hospitalcmq.com\/wp-content\/uploads\/2024\/06\/Neumonia.png","datePublished":"2019-09-24T15:59:02+00:00","dateModified":"2023-11-01T16:24:14+00:00","description":"Cualquiera puede padecer neumon\u00eda, pero los ni\u00f1os y adultos mayores quienes est\u00e1n en mayor peligro. Descubre aqu\u00ed las medidas recomendadas por especialistas para evitar que ocurra esta enfermedad.","breadcrumb":{"@id":"https:\/\/hospitalcmq.com\/es\/enfermedades-y-condiciones\/neumonia\/#breadcrumb"},"inLanguage":"es","potentialAction":[{"@type":"ReadAction","target":["https:\/\/hospitalcmq.com\/es\/enfermedades-y-condiciones\/neumonia\/"]}]},{"@type":"ImageObject","inLanguage":"es","@id":"https:\/\/hospitalcmq.com\/es\/enfermedades-y-condiciones\/neumonia\/#primaryimage","url":"https:\/\/hospitalcmq.com\/wp-content\/uploads\/2024\/06\/Neumonia.png","contentUrl":"https:\/\/hospitalcmq.com\/wp-content\/uploads\/2024\/06\/Neumonia.png","width":303,"height":352},{"@type":"BreadcrumbList","@id":"https:\/\/hospitalcmq.com\/es\/enfermedades-y-condiciones\/neumonia\/#breadcrumb","itemListElement":[{"@type":"ListItem","position":1,"name":"Home","item":"https:\/\/hospitalcmq.com\/es\/"},{"@type":"ListItem","position":2,"name":"Enfermedades y Condiciones","item":"https:\/\/hospitalcmq.com\/es\/enfermedades-y-condiciones\/"},{"@type":"ListItem","position":3,"name":"Neumon\u00eda, prevenci\u00f3n y detecci\u00f3n temprana"}]},{"@type":"WebSite","@id":"https:\/\/hospitalcmq.com\/es\/#website","url":"https:\/\/hospitalcmq.com\/es\/","name":"Hospital CMQ","description":"Best Hospitals in Puerto Vallarta &amp; Riviera Nayarit","publisher":{"@id":"https:\/\/hospitalcmq.com\/es\/#organization"},"potentialAction":[{"@type":"SearchAction","target":{"@type":"EntryPoint","urlTemplate":"https:\/\/hospitalcmq.com\/es\/?s={search_term_string}"},"query-input":{"@type":"PropertyValueSpecification","valueRequired":true,"valueName":"search_term_string"}}],"inLanguage":"es"},{"@type":"Organization","@id":"https:\/\/hospitalcmq.com\/es\/#organization","name":"Hospital CMQ","url":"https:\/\/hospitalcmq.com\/es\/","logo":{"@type":"ImageObject","inLanguage":"es","@id":"https:\/\/hospitalcmq.com\/es\/#\/schema\/logo\/image\/","url":"https:\/\/hospitalcmq.com\/wp-content\/uploads\/2018\/06\/cmq-hospital-logo.png","contentUrl":"https:\/\/hospitalcmq.com\/wp-content\/uploads\/2018\/06\/cmq-hospital-logo.png","width":214,"height":189,"caption":"Hospital CMQ"},"image":{"@id":"https:\/\/hospitalcmq.com\/es\/#\/schema\/logo\/image\/"},"sameAs":["https:\/\/www.facebook.com\/HospitalCMQ"]}]}},"_links":{"self":[{"href":"https:\/\/hospitalcmq.com\/es\/wp-json\/wp\/v2\/pages\/6792","targetHints":{"allow":["GET"]}}],"collection":[{"href":"https:\/\/hospitalcmq.com\/es\/wp-json\/wp\/v2\/pages"}],"about":[{"href":"https:\/\/hospitalcmq.com\/es\/wp-json\/wp\/v2\/types\/page"}],"author":[{"embeddable":true,"href":"https:\/\/hospitalcmq.com\/es\/wp-json\/wp\/v2\/users\/2"}],"replies":[{"embeddable":true,"href":"https:\/\/hospitalcmq.com\/es\/wp-json\/wp\/v2\/comments?post=6792"}],"version-history":[{"count":0,"href":"https:\/\/hospitalcmq.com\/es\/wp-json\/wp\/v2\/pages\/6792\/revisions"}],"up":[{"embeddable":true,"href":"https:\/\/hospitalcmq.com\/es\/wp-json\/wp\/v2\/pages\/3938"}],"wp:featuredmedia":[{"embeddable":true,"href":"https:\/\/hospitalcmq.com\/es\/wp-json\/wp\/v2\/media\/14168"}],"wp:attachment":[{"href":"https:\/\/hospitalcmq.com\/es\/wp-json\/wp\/v2\/media?parent=6792"}],"curies":[{"name":"wp","href":"https:\/\/api.w.org\/{rel}","templated":true}]}}