{"id":6788,"date":"2019-09-23T12:45:19","date_gmt":"2019-09-23T17:45:19","guid":{"rendered":"https:\/\/hospitalcmq.com\/?page_id=6788"},"modified":"2023-11-01T10:22:27","modified_gmt":"2023-11-01T16:22:27","slug":"virus-del-papiloma-humano-como-detectarlo","status":"publish","type":"page","link":"https:\/\/hospitalcmq.com\/es\/enfermedades-y-condiciones\/virus-del-papiloma-humano-como-detectarlo\/","title":{"rendered":"Virus del Papiloma Humano: \u00bfc\u00f3mo detectarlo?"},"content":{"rendered":"<div class=\"wpb-content-wrapper\"><p>[vc_row][vc_column][vc_empty_space height=\u00bb28px\u00bb][vc_column_text el_id=\u00bbdefinition\u00bb]<\/p>\n<h2><span style=\"font-weight: 400;\"><img loading=\"lazy\" decoding=\"async\" class=\" wp-image-1306 alignright\" src=\"https:\/\/hospitalcmq.com\/wp-content\/uploads\/2017\/08\/human-papilloma-virus-infectio.png\" alt=\"\" width=\"383\" height=\"212\" \/>\u00bfQu\u00e9 es el VPH?<br \/>\n<\/span><\/h2>\n<p><span style=\"font-weight: 400;\">El virus del papiloma humano o VPH, es una de las enfermedades de transmisi\u00f3n sexual ETS m\u00e1s comunes en el mundo. La infecci\u00f3n por VPH de tipo oncog\u00e9nico, es el factor que m\u00e1s contribuye al desarrollo de c\u00e1ncer de cuello uterino\u2014el c\u00e1ncer m\u00e1s frecuente en mujeres y en pa\u00edses en v\u00edas de desarrollo, es la segunda causa m\u00e1s usual de muerte por c\u00e1ncer.<\/span>[\/vc_column_text][vc_row_inner el_id=\u00bbprevention\u00bb][vc_column_inner][vc_empty_space height=\u00bb28px\u00bb][vc_column_text]<\/p>\n<h2><span style=\"font-weight: 400;\">Prevenci\u00f3n del Virus del Papiloma Humano<\/span><\/h2>\n<p><span style=\"font-weight: 400;\">El mecanismo de transmisi\u00f3n del VPH a diferencia de otras ETS se transmite mediante la fricci\u00f3n con \u00e1reas infectadas y no por secreciones como el semen o la sangre. Una prueba Pap, tambi\u00e9n conocida como Papanicolaou, es un examen utilizado para detectar c\u00e9lulas cancerosas en el c\u00e9rvix. Para las mujeres de m\u00e1s de 30 a\u00f1os, el papanicolaou es utilizado para localizar si se presenta el virus del papiloma humano. Sin embargo, gu\u00edas de pr\u00e1ctica cl\u00ednica, sugieren que el primer examen de Pap debe ser dentro de los tres a\u00f1os posteriores a la primera relaci\u00f3n sexual. Se recomienda que las mujeres de entre 21 y 65 a\u00f1os repitan la prueba cada dos o tres a\u00f1os.<\/span><\/p>\n<p><span style=\"font-weight: 400;\">Algunos m\u00e9todos de prevenci\u00f3n son:<\/span><\/p>\n<ul>\n<li style=\"font-weight: 400;\"><span style=\"font-weight: 400;\">Vacuna contra el VPH. Se recomienda aplicar la vacuna antes de comenzar la vida sexual para ser m\u00e1s efectiva, actualmente se ha establecido la edad de 11-12 a\u00f1os.<\/span><\/li>\n<li style=\"font-weight: 400;\"><span style=\"font-weight: 400;\">Protecci\u00f3n durante las relaciones sexuales. Uso de un cond\u00f3n, aunque no garantiza una protecci\u00f3n del 100%, el \u00fanico m\u00e9todo seguro es la abstinencia sexual.<\/span><\/li>\n<li style=\"font-weight: 400;\"><span style=\"font-weight: 400;\">Reducir el n\u00famero de parejas sexuales para disminuir el riesgo de contagio.<\/span><\/li>\n<\/ul>\n<p>[\/vc_column_text][vc_empty_space height=\u00bb28px\u00bb][\/vc_column_inner][\/vc_row_inner][vc_row_inner el_id=\u00bbsymptoms\u00bb][vc_column_inner][vc_column_text]<\/p>\n<h2>Signos y s\u00edntomas de VPH<\/h2>\n<p style=\"text-align: center;\"><i><span style=\"font-weight: 400;\">\u00bfSab\u00edas que cerca de la mitad de las personas sexualmente activas ser\u00e1n infectadas por el virus?<\/span><\/i><\/p>\n<p><span style=\"font-weight: 400;\">El virus del papiloma humano en s\u00ed no causa ning\u00fan s\u00edntoma, sin embargo, estos se hacen presentes cuando la infecci\u00f3n ya ha causado graves problemas. En la mayor\u00eda de los casos, el sistema inmunitario es capaz de derrotar una infecci\u00f3n de VPH en un tiempo de dos a\u00f1os. Las infecciones que no sean eliminadas, necesitar\u00e1n tratamiento m\u00e9dico.<\/span><\/p>\n<p><span style=\"font-weight: 400;\">Algunos signos que causa el VPH son:<\/span><\/p>\n<ul>\n<li><b>Verrugas genitales: <span style=\"font-weight: 400;\">aparecen en zonas genitales como un peque\u00f1o granito o grupos de dos o m\u00e1s granitos.<\/span><\/b><\/li>\n<li><b>C\u00e1ncer de cuello uterino: <\/b>no presenta s\u00edntomas hasta en sus etapas m\u00e1s avanzadas; es importante acudir constantemente a chequeos m\u00e9dicos una vez comenzada la vida sexualmente activa.<\/li>\n<\/ul>\n<p>[\/vc_column_text][vc_empty_space height=\u00bb28px\u00bb][\/vc_column_inner][\/vc_row_inner][vc_row_inner el_id=\u00bbriskfactors\u00bb][vc_column_inner][vc_column_text]<\/p>\n<h2>Factores de Riesgo<\/h2>\n<ul>\n<li><b>Cantidad de parejas sexuales. <\/b><span style=\"font-weight: 400;\">Entre mayor sea la cantidad de parejas sexuales, es m\u00e1s probable contraer VPH. Al igual, mantener relaciones sexuales con una pareja que anteriormente tuvo muchas parejas sexuales aumenta el riesgo.<\/span><\/li>\n<li><b>Edad. <\/b><span style=\"font-weight: 400;\">Las verrugas genitales se presentan mayormente en adolescentes y adultos j\u00f3venes.<\/span><\/li>\n<li><b>Sistema inmune d\u00e9bil. <\/b><span style=\"font-weight: 400;\">Personas con sistemas inmunitarios debilitados presentan mayor riesgo de desarrollar infecciones por VPH. El sistema inmune puede debilitarse por VIH\/SIDA o personas inmunocomprometidas, aquellas que recibieron trasplantes de \u00f3rganos, en especial del ri\u00f1\u00f3n.<\/span><\/li>\n<li><b><\/b><b>Contacto con la infecci\u00f3n. <\/b><span style=\"font-weight: 400;\">Tocar las verrugas de otra persona o no utilizar protecci\u00f3n al entrar en contacto con superficies expuestas al VPH puede aumentar el riesgo.<\/span><\/li>\n<\/ul>\n<p>[\/vc_column_text][vc_empty_space height=\u00bb28px\u00bb][\/vc_column_inner][\/vc_row_inner][vc_row_inner el_id=\u00bbcauses\u00bb][vc_column_inner][vc_column_text]<\/p>\n<h2>\u00bfCu\u00e1les son las causas del VPH?<\/h2>\n<p><span style=\"font-weight: 400;\">El agente causal de esta infecci\u00f3n es el virus del papiloma humano, perteneciente a la familia de los papillomaviridae, de los cuales hasta ahora se han reconocido m\u00e1s de 100 tipos. Alrededor de 40 de estos tipos de virus, infectan la piel y el \u00e1rea genital (vulva, vagina, cuello uterino, recto, ano, pene y escroto), as\u00ed como boca y garganta.<\/span><\/p>\n<p><span style=\"font-weight: 400;\">Como se mencion\u00f3 con anterioridad, la mayor parte de las infecciones genitales por VPH son inofensivas y desaparecen solas. Sin embargo, existen algunos tipos que producen ciertas anomal\u00edas:<\/span><\/p>\n<ul>\n<li style=\"font-weight: 400;\"><span style=\"font-weight: 400;\">Los tipos 6 y 11 de VPH causan la mayor\u00eda de verrugas genitales; son de bajo riesgo, ya que no provoca c\u00e1ncer ni otros problemas graves de salud.<\/span><\/li>\n<li style=\"font-weight: 400;\"><span style=\"font-weight: 400;\">Al menos una docena de tipos de VPH provocan c\u00e1ncer, en particular los tipos 16 y 18. A estos se les denomina VPH de alto riesgo.<\/span><\/li>\n<\/ul>\n<p>[\/vc_column_text][vc_empty_space height=\u00bb28px\u00bb][\/vc_column_inner][\/vc_row_inner][vc_row_inner][vc_column_inner][vc_column_text]<\/p>\n<h2>\u00bfExisten complicaciones por VPH?<\/h2>\n<p><span style=\"font-weight: 400;\">Una infecci\u00f3n por el virus del papiloma humano es causante del c\u00e1ncer de cuello uterino, el segundo c\u00e1ncer m\u00e1s com\u00fan en mujeres de M\u00e9xico, seguido del c\u00e1ncer de seno. Sin embargo, tener una infecci\u00f3n por VPH no significa que se tenga c\u00e1ncer de cuello uterino o que se vaya a padecer m\u00e1s adelante, de hecho, la mayor\u00eda de los tipos de infecciones por VPH no causan c\u00e1ncer. Las mujeres pueden protegerse del c\u00e1ncer de cuello uterino realizando pruebas de Papanicolaou con regularidad y recibiendo <\/span><\/p>\n<h2>Preparaci\u00f3n para una consulta con el especialista en VPH<\/h2>\n<p><span style=\"font-weight: 400;\">Puedes asistir al ginec\u00f3logo para una evaluaci\u00f3n preventiva, para esto no hay preparativos especiales antes de la consulta. Sin embargo, si has programado un examen de citolog\u00eda cervical para la misma consulta, es importante que cumplas con las siguientes especificaciones:<\/span><\/p>\n<ul>\n<li style=\"font-weight: 400;\"><span style=\"font-weight: 400;\">Adecuada higiene personal<\/span><\/li>\n<li style=\"font-weight: 400;\"><span style=\"font-weight: 400;\">No tener sexo 48 horas antes de la consulta<\/span><\/li>\n<li style=\"font-weight: 400;\"><span style=\"font-weight: 400;\">No usar tampones, espumas vaginales, duchas vaginales o medicamentos vaginales los d\u00edas anteriores<\/span><\/li>\n<li style=\"font-weight: 400;\"><span style=\"font-weight: 400;\">No estar en per\u00edodo menstrual<\/span><\/li>\n<\/ul>\n<h3>Ex\u00e1menes y estudios de diagn\u00f3stico<\/h3>\n<p><span style=\"font-weight: 400;\">El diagn\u00f3stico se realiza a trav\u00e9s de pruebas biomoleculares, como la determinaci\u00f3n del ADN del VPH, la inspecci\u00f3n visual con soluci\u00f3n de \u00e1cido ac\u00e9tico y con citolog\u00eda cervical\u2014prueba de papanicolaou\u2014, el tipo de detecci\u00f3n m\u00e1s utilizado en el pa\u00eds.<\/span><\/p>\n<h3>Tratamiento m\u00e9dico para el Virus del Papiloma Humano<\/h3>\n<p><span style=\"font-weight: 400;\">La infecci\u00f3n por VPH no tiene cura ni tratamiento definitivo para erradicarlo. Sin embargo, la mayor\u00eda de las veces el cuerpo se encarga de combatir el virus por s\u00ed mismo. Al igual, existen tratamientos disponibles para los problemas de salud que acompa\u00f1an al VPH, como las verrugas genitales, los cambios cervicales y el c\u00e1ncer cervical. En ocasiones, el virus puede permanecer en tu cuerpo incluso despu\u00e9s de haber recibido tratamiento. Esto significa que a\u00fan puedes transmitir el VPH a tus parejas sexuales.<\/span><\/p>\n<p><span style=\"font-weight: 400;\">Consejos para mantenerte saludable y evitar el contagio del virus del VPH:<\/span><\/p>\n<ul>\n<li style=\"font-weight: 400;\"><span style=\"font-weight: 400;\">Evita el contacto sexual con una persona infectada<\/span><\/li>\n<li style=\"font-weight: 400;\"><span style=\"font-weight: 400;\">Vac\u00fanate contra el VPH<\/span><\/li>\n<li style=\"font-weight: 400;\"><span style=\"font-weight: 400;\">Usa condones cada vez que tengas sexo vaginal, anal u oral<\/span><\/li>\n<\/ul>\n<h3>Vida con VPH<\/h3>\n<p><span style=\"font-weight: 400;\">La infecci\u00f3n Del virus del papiloma humano VPH, es una infecci\u00f3n asintom\u00e1tica, por lo que es complicado tomar medidas. No obstante, debes tener un correcto control m\u00e9dico si presentas verrugas genitales, esto con el fin de recibir un tratamiento espec\u00edfico y oportuno.<\/span>[\/vc_column_text][\/vc_column_inner][\/vc_row_inner][\/vc_column][\/vc_row]<\/p>\n<\/div>","protected":false},"excerpt":{"rendered":"<p>El virus del papiloma humano, abreviado como VPH, es una de las infecciones de transmisi\u00f3n sexual m\u00e1s comunes en el mundo. Pero, \u00bfsab\u00edas que la mayor\u00eda de las mujeres y hombres que son actualmente sexualmente activos llegar\u00e1n a infectarse? Descubre aqu\u00ed c\u00f3mo prevenir el VPH y c\u00f3mo detenerlo antes de que se convierta en la enfermedad mortal que es el c\u00e1ncer de cuello uterino.<\/p>\n","protected":false},"author":2,"featured_media":0,"parent":3938,"menu_order":0,"comment_status":"closed","ping_status":"closed","template":"","meta":{"footnotes":""},"class_list":["post-6788","page","type-page","status-publish","hentry"],"acf":[],"yoast_head":"<!-- This site is optimized with the Yoast SEO plugin v27.3 - https:\/\/yoast.com\/product\/yoast-seo-wordpress\/ -->\n<title>VPH: Virus del Papiloma Humano, \u00bfc\u00f3mo detectarlo?<\/title>\n<meta name=\"description\" content=\"El virus del papiloma humano es una infecci\u00f3n com\u00fan en adultos j\u00f3venes. Conoce aqu\u00ed sus factores de riesgo, s\u00edntomas, causas y c\u00f3mo prevenirlo.\" \/>\n<meta name=\"robots\" content=\"index, follow, max-snippet:-1, max-image-preview:large, max-video-preview:-1\" \/>\n<link rel=\"canonical\" href=\"https:\/\/hospitalcmq.com\/es\/enfermedades-y-condiciones\/virus-del-papiloma-humano-como-detectarlo\/\" \/>\n<meta property=\"og:locale\" content=\"es_ES\" \/>\n<meta property=\"og:type\" content=\"article\" \/>\n<meta property=\"og:title\" content=\"VPH: Virus del Papiloma Humano, \u00bfc\u00f3mo detectarlo?\" \/>\n<meta property=\"og:description\" content=\"El virus del papiloma humano es una infecci\u00f3n com\u00fan en adultos j\u00f3venes. Conoce aqu\u00ed sus factores de riesgo, s\u00edntomas, causas y c\u00f3mo prevenirlo.\" \/>\n<meta property=\"og:url\" content=\"https:\/\/hospitalcmq.com\/es\/enfermedades-y-condiciones\/virus-del-papiloma-humano-como-detectarlo\/\" \/>\n<meta property=\"og:site_name\" content=\"Hospital CMQ\" \/>\n<meta property=\"article:publisher\" content=\"https:\/\/www.facebook.com\/HospitalCMQ\" \/>\n<meta property=\"article:modified_time\" content=\"2023-11-01T16:22:27+00:00\" \/>\n<meta property=\"og:image\" content=\"https:\/\/hospitalcmq.com\/wp-content\/uploads\/2017\/08\/human-papilloma-virus-infectio.png\" \/>\n<meta name=\"twitter:card\" content=\"summary_large_image\" \/>\n<meta name=\"twitter:label1\" content=\"Tiempo de lectura\" \/>\n\t<meta name=\"twitter:data1\" content=\"5 minutos\" \/>\n<script type=\"application\/ld+json\" class=\"yoast-schema-graph\">{\"@context\":\"https:\\\/\\\/schema.org\",\"@graph\":[{\"@type\":\"WebPage\",\"@id\":\"https:\\\/\\\/hospitalcmq.com\\\/es\\\/enfermedades-y-condiciones\\\/virus-del-papiloma-humano-como-detectarlo\\\/\",\"url\":\"https:\\\/\\\/hospitalcmq.com\\\/es\\\/enfermedades-y-condiciones\\\/virus-del-papiloma-humano-como-detectarlo\\\/\",\"name\":\"VPH: Virus del Papiloma Humano, \u00bfc\u00f3mo detectarlo?\",\"isPartOf\":{\"@id\":\"https:\\\/\\\/hospitalcmq.com\\\/es\\\/#website\"},\"primaryImageOfPage\":{\"@id\":\"https:\\\/\\\/hospitalcmq.com\\\/es\\\/enfermedades-y-condiciones\\\/virus-del-papiloma-humano-como-detectarlo\\\/#primaryimage\"},\"image\":{\"@id\":\"https:\\\/\\\/hospitalcmq.com\\\/es\\\/enfermedades-y-condiciones\\\/virus-del-papiloma-humano-como-detectarlo\\\/#primaryimage\"},\"thumbnailUrl\":\"https:\\\/\\\/hospitalcmq.com\\\/wp-content\\\/uploads\\\/2017\\\/08\\\/human-papilloma-virus-infectio.png\",\"datePublished\":\"2019-09-23T17:45:19+00:00\",\"dateModified\":\"2023-11-01T16:22:27+00:00\",\"description\":\"El virus del papiloma humano es una infecci\u00f3n com\u00fan en adultos j\u00f3venes. Conoce aqu\u00ed sus factores de riesgo, s\u00edntomas, causas y c\u00f3mo prevenirlo.\",\"breadcrumb\":{\"@id\":\"https:\\\/\\\/hospitalcmq.com\\\/es\\\/enfermedades-y-condiciones\\\/virus-del-papiloma-humano-como-detectarlo\\\/#breadcrumb\"},\"inLanguage\":\"es\",\"potentialAction\":[{\"@type\":\"ReadAction\",\"target\":[\"https:\\\/\\\/hospitalcmq.com\\\/es\\\/enfermedades-y-condiciones\\\/virus-del-papiloma-humano-como-detectarlo\\\/\"]}]},{\"@type\":\"ImageObject\",\"inLanguage\":\"es\",\"@id\":\"https:\\\/\\\/hospitalcmq.com\\\/es\\\/enfermedades-y-condiciones\\\/virus-del-papiloma-humano-como-detectarlo\\\/#primaryimage\",\"url\":\"https:\\\/\\\/hospitalcmq.com\\\/wp-content\\\/uploads\\\/2017\\\/08\\\/human-papilloma-virus-infectio.png\",\"contentUrl\":\"https:\\\/\\\/hospitalcmq.com\\\/wp-content\\\/uploads\\\/2017\\\/08\\\/human-papilloma-virus-infectio.png\"},{\"@type\":\"BreadcrumbList\",\"@id\":\"https:\\\/\\\/hospitalcmq.com\\\/es\\\/enfermedades-y-condiciones\\\/virus-del-papiloma-humano-como-detectarlo\\\/#breadcrumb\",\"itemListElement\":[{\"@type\":\"ListItem\",\"position\":1,\"name\":\"Home\",\"item\":\"https:\\\/\\\/hospitalcmq.com\\\/es\\\/\"},{\"@type\":\"ListItem\",\"position\":2,\"name\":\"Enfermedades y Condiciones\",\"item\":\"https:\\\/\\\/hospitalcmq.com\\\/es\\\/enfermedades-y-condiciones\\\/\"},{\"@type\":\"ListItem\",\"position\":3,\"name\":\"Virus del Papiloma Humano: \u00bfc\u00f3mo detectarlo?\"}]},{\"@type\":\"WebSite\",\"@id\":\"https:\\\/\\\/hospitalcmq.com\\\/es\\\/#website\",\"url\":\"https:\\\/\\\/hospitalcmq.com\\\/es\\\/\",\"name\":\"Hospital CMQ\",\"description\":\"Best Hospitals in Puerto Vallarta &amp; Riviera Nayarit\",\"publisher\":{\"@id\":\"https:\\\/\\\/hospitalcmq.com\\\/es\\\/#organization\"},\"potentialAction\":[{\"@type\":\"SearchAction\",\"target\":{\"@type\":\"EntryPoint\",\"urlTemplate\":\"https:\\\/\\\/hospitalcmq.com\\\/es\\\/?s={search_term_string}\"},\"query-input\":{\"@type\":\"PropertyValueSpecification\",\"valueRequired\":true,\"valueName\":\"search_term_string\"}}],\"inLanguage\":\"es\"},{\"@type\":\"Organization\",\"@id\":\"https:\\\/\\\/hospitalcmq.com\\\/es\\\/#organization\",\"name\":\"Hospital CMQ\",\"url\":\"https:\\\/\\\/hospitalcmq.com\\\/es\\\/\",\"logo\":{\"@type\":\"ImageObject\",\"inLanguage\":\"es\",\"@id\":\"https:\\\/\\\/hospitalcmq.com\\\/es\\\/#\\\/schema\\\/logo\\\/image\\\/\",\"url\":\"https:\\\/\\\/hospitalcmq.com\\\/wp-content\\\/uploads\\\/2018\\\/06\\\/cmq-hospital-logo.png\",\"contentUrl\":\"https:\\\/\\\/hospitalcmq.com\\\/wp-content\\\/uploads\\\/2018\\\/06\\\/cmq-hospital-logo.png\",\"width\":214,\"height\":189,\"caption\":\"Hospital CMQ\"},\"image\":{\"@id\":\"https:\\\/\\\/hospitalcmq.com\\\/es\\\/#\\\/schema\\\/logo\\\/image\\\/\"},\"sameAs\":[\"https:\\\/\\\/www.facebook.com\\\/HospitalCMQ\"]}]}<\/script>\n<!-- \/ Yoast SEO plugin. -->","yoast_head_json":{"title":"VPH: Virus del Papiloma Humano, \u00bfc\u00f3mo detectarlo?","description":"El virus del papiloma humano es una infecci\u00f3n com\u00fan en adultos j\u00f3venes. Conoce aqu\u00ed sus factores de riesgo, s\u00edntomas, causas y c\u00f3mo prevenirlo.","robots":{"index":"index","follow":"follow","max-snippet":"max-snippet:-1","max-image-preview":"max-image-preview:large","max-video-preview":"max-video-preview:-1"},"canonical":"https:\/\/hospitalcmq.com\/es\/enfermedades-y-condiciones\/virus-del-papiloma-humano-como-detectarlo\/","og_locale":"es_ES","og_type":"article","og_title":"VPH: Virus del Papiloma Humano, \u00bfc\u00f3mo detectarlo?","og_description":"El virus del papiloma humano es una infecci\u00f3n com\u00fan en adultos j\u00f3venes. Conoce aqu\u00ed sus factores de riesgo, s\u00edntomas, causas y c\u00f3mo prevenirlo.","og_url":"https:\/\/hospitalcmq.com\/es\/enfermedades-y-condiciones\/virus-del-papiloma-humano-como-detectarlo\/","og_site_name":"Hospital CMQ","article_publisher":"https:\/\/www.facebook.com\/HospitalCMQ","article_modified_time":"2023-11-01T16:22:27+00:00","og_image":[{"url":"https:\/\/hospitalcmq.com\/wp-content\/uploads\/2017\/08\/human-papilloma-virus-infectio.png","type":"","width":"","height":""}],"twitter_card":"summary_large_image","twitter_misc":{"Tiempo de lectura":"5 minutos"},"schema":{"@context":"https:\/\/schema.org","@graph":[{"@type":"WebPage","@id":"https:\/\/hospitalcmq.com\/es\/enfermedades-y-condiciones\/virus-del-papiloma-humano-como-detectarlo\/","url":"https:\/\/hospitalcmq.com\/es\/enfermedades-y-condiciones\/virus-del-papiloma-humano-como-detectarlo\/","name":"VPH: Virus del Papiloma Humano, \u00bfc\u00f3mo detectarlo?","isPartOf":{"@id":"https:\/\/hospitalcmq.com\/es\/#website"},"primaryImageOfPage":{"@id":"https:\/\/hospitalcmq.com\/es\/enfermedades-y-condiciones\/virus-del-papiloma-humano-como-detectarlo\/#primaryimage"},"image":{"@id":"https:\/\/hospitalcmq.com\/es\/enfermedades-y-condiciones\/virus-del-papiloma-humano-como-detectarlo\/#primaryimage"},"thumbnailUrl":"https:\/\/hospitalcmq.com\/wp-content\/uploads\/2017\/08\/human-papilloma-virus-infectio.png","datePublished":"2019-09-23T17:45:19+00:00","dateModified":"2023-11-01T16:22:27+00:00","description":"El virus del papiloma humano es una infecci\u00f3n com\u00fan en adultos j\u00f3venes. Conoce aqu\u00ed sus factores de riesgo, s\u00edntomas, causas y c\u00f3mo prevenirlo.","breadcrumb":{"@id":"https:\/\/hospitalcmq.com\/es\/enfermedades-y-condiciones\/virus-del-papiloma-humano-como-detectarlo\/#breadcrumb"},"inLanguage":"es","potentialAction":[{"@type":"ReadAction","target":["https:\/\/hospitalcmq.com\/es\/enfermedades-y-condiciones\/virus-del-papiloma-humano-como-detectarlo\/"]}]},{"@type":"ImageObject","inLanguage":"es","@id":"https:\/\/hospitalcmq.com\/es\/enfermedades-y-condiciones\/virus-del-papiloma-humano-como-detectarlo\/#primaryimage","url":"https:\/\/hospitalcmq.com\/wp-content\/uploads\/2017\/08\/human-papilloma-virus-infectio.png","contentUrl":"https:\/\/hospitalcmq.com\/wp-content\/uploads\/2017\/08\/human-papilloma-virus-infectio.png"},{"@type":"BreadcrumbList","@id":"https:\/\/hospitalcmq.com\/es\/enfermedades-y-condiciones\/virus-del-papiloma-humano-como-detectarlo\/#breadcrumb","itemListElement":[{"@type":"ListItem","position":1,"name":"Home","item":"https:\/\/hospitalcmq.com\/es\/"},{"@type":"ListItem","position":2,"name":"Enfermedades y Condiciones","item":"https:\/\/hospitalcmq.com\/es\/enfermedades-y-condiciones\/"},{"@type":"ListItem","position":3,"name":"Virus del Papiloma Humano: \u00bfc\u00f3mo detectarlo?"}]},{"@type":"WebSite","@id":"https:\/\/hospitalcmq.com\/es\/#website","url":"https:\/\/hospitalcmq.com\/es\/","name":"Hospital CMQ","description":"Best Hospitals in Puerto Vallarta &amp; Riviera Nayarit","publisher":{"@id":"https:\/\/hospitalcmq.com\/es\/#organization"},"potentialAction":[{"@type":"SearchAction","target":{"@type":"EntryPoint","urlTemplate":"https:\/\/hospitalcmq.com\/es\/?s={search_term_string}"},"query-input":{"@type":"PropertyValueSpecification","valueRequired":true,"valueName":"search_term_string"}}],"inLanguage":"es"},{"@type":"Organization","@id":"https:\/\/hospitalcmq.com\/es\/#organization","name":"Hospital CMQ","url":"https:\/\/hospitalcmq.com\/es\/","logo":{"@type":"ImageObject","inLanguage":"es","@id":"https:\/\/hospitalcmq.com\/es\/#\/schema\/logo\/image\/","url":"https:\/\/hospitalcmq.com\/wp-content\/uploads\/2018\/06\/cmq-hospital-logo.png","contentUrl":"https:\/\/hospitalcmq.com\/wp-content\/uploads\/2018\/06\/cmq-hospital-logo.png","width":214,"height":189,"caption":"Hospital CMQ"},"image":{"@id":"https:\/\/hospitalcmq.com\/es\/#\/schema\/logo\/image\/"},"sameAs":["https:\/\/www.facebook.com\/HospitalCMQ"]}]}},"_links":{"self":[{"href":"https:\/\/hospitalcmq.com\/es\/wp-json\/wp\/v2\/pages\/6788","targetHints":{"allow":["GET"]}}],"collection":[{"href":"https:\/\/hospitalcmq.com\/es\/wp-json\/wp\/v2\/pages"}],"about":[{"href":"https:\/\/hospitalcmq.com\/es\/wp-json\/wp\/v2\/types\/page"}],"author":[{"embeddable":true,"href":"https:\/\/hospitalcmq.com\/es\/wp-json\/wp\/v2\/users\/2"}],"replies":[{"embeddable":true,"href":"https:\/\/hospitalcmq.com\/es\/wp-json\/wp\/v2\/comments?post=6788"}],"version-history":[{"count":0,"href":"https:\/\/hospitalcmq.com\/es\/wp-json\/wp\/v2\/pages\/6788\/revisions"}],"up":[{"embeddable":true,"href":"https:\/\/hospitalcmq.com\/es\/wp-json\/wp\/v2\/pages\/3938"}],"wp:attachment":[{"href":"https:\/\/hospitalcmq.com\/es\/wp-json\/wp\/v2\/media?parent=6788"}],"curies":[{"name":"wp","href":"https:\/\/api.w.org\/{rel}","templated":true}]}}