{"id":6784,"date":"2019-09-23T12:32:46","date_gmt":"2019-09-23T17:32:46","guid":{"rendered":"https:\/\/hospitalcmq.com\/?page_id=6784"},"modified":"2023-11-01T10:23:26","modified_gmt":"2023-11-01T16:23:26","slug":"ataque-cardiaco","status":"publish","type":"page","link":"https:\/\/hospitalcmq.com\/es\/enfermedades-y-condiciones\/ataque-cardiaco\/","title":{"rendered":"\u00bfQu\u00e9 es un ataque card\u00edaco y c\u00f3mo prevenirlo?"},"content":{"rendered":"<div class=\"wpb-content-wrapper\"><p>[vc_row][vc_column][vc_column_text el_id=\u00bbdefinition\u00bb]<\/p>\n<h2>\u00bfQu\u00e9 provoca un ataque card\u00edaco?<\/h2>\n<p><span style=\"font-weight: 400;\">Un infarto al coraz\u00f3n o ataque card\u00edaco, es provocado por uno o m\u00e1s co\u00e1gulos que bloquean una de las arterias coronarias. Las cuales llevan sangre y ox\u00edgeno al coraz\u00f3n. Si el flujo sangu\u00edneo se bloquea y no se restablece r\u00e1pidamente, el coraz\u00f3n sufre por falta de ox\u00edgeno y las c\u00e9lulas card\u00edacas comienzan a morir. Los ataques card\u00edacos se presentan como resultado de la enfermedad coronaria. Conocida como enfermedad de las arterias coronarias.\u00a0<\/span>[\/vc_column_text][vc_empty_space height=\u00bb28px\u00bb][vc_row_inner el_id=\u00bbprevention\u00bb][vc_column_inner][vc_column_text]<\/p>\n<h2>\u00bfC\u00f3mo se puede prevenir un infarto?<\/h2>\n<p><span style=\"font-weight: 400;\">Un estilo de vida que sea saludable para el coraz\u00f3n puede ayudar a prevenir un ataque card\u00edaco. Los cambios positivos incluyen consumir una alimentaci\u00f3n balanceada y saludable para el coraz\u00f3n, realizar actividad f\u00edsica, dejar de fumar, controlar el estr\u00e9s y mantener un peso saludable. Al igual, reducir los factores de riesgo de una enfermedad coronaria puede ayudarte a prevenir una falla en el coraz\u00f3n. A\u00fan, si tienes una enfermedad coronaria, puedes adoptar ciertos pasos para reducir el riesgo de un ataque card\u00edaco. <\/span>[\/vc_column_text][\/vc_column_inner][\/vc_row_inner][vc_empty_space height=\u00bb28px\u00bb][vc_row_inner el_id=\u00bbsymptoms\u00bb][vc_column_inner][vc_column_text]<\/p>\n<h2>\u00bfC\u00f3mo distinguir un ataque card\u00edaco?<\/h2>\n<p><span style=\"font-weight: 400;\">Los signos y s\u00edntomas que indican un ataque card\u00edaco, no son iguales en todas las personas. Muchos ataques comienzan lentamente, con dolor o molestias leves. Algunas veces no se presentan s\u00edntomas. Sin embargo, el s\u00edntoma m\u00e1s frecuente es dolor o molestia en el pecho. Otros signos y s\u00edntomas de un ataque card\u00edaco consiste en:<\/span><\/p>\n<ul>\n<li style=\"font-weight: 400;\"><span style=\"font-weight: 400;\">Molestias en la parte superior del cuerpo. En un brazo o en ambos, en la espalda, cuello, mand\u00edbula o la parte superior del est\u00f3mago.\u00a0<\/span><\/li>\n<li style=\"font-weight: 400;\"><span style=\"font-weight: 400;\">Dificultad para respirar, puede presentarse al mismo tiempo que el dolor en el pecho o antes.\u00a0<\/span><\/li>\n<li style=\"font-weight: 400;\"><span style=\"font-weight: 400;\">N\u00e1useas, v\u00f3mito, aturdimiento leve o mareo s\u00fabito y sudor fr\u00edo.<\/span><\/li>\n<li style=\"font-weight: 400;\"><span style=\"font-weight: 400;\">Cansancio, falta de energ\u00eda y falta para dormir.<\/span><\/li>\n<\/ul>\n<p><span style=\"font-weight: 400;\">No todas las personas que tienen un ataque card\u00edaco presentan los s\u00edntomas t\u00edpicos. Si presentas alguna molestia de las antes mencionadas acude inmediatamente a tu m\u00e9dico.<\/span>[\/vc_column_text][\/vc_column_inner][\/vc_row_inner][vc_empty_space][vc_row_inner el_id=\u00bbrisk-factors\u00bb][vc_column_inner][vc_column_text]<\/p>\n<h2>Factores de riesgo<\/h2>\n<p><span style=\"font-weight: 400;\">Existen ciertos factores que te vuelven m\u00e1s probable a sufrir de una enfermedad coronaria y en su caso, tener un ataque card\u00edaco. Puedes controlar muchos de estos factores de riesgo:<\/span><\/p>\n<ul>\n<li style=\"font-weight: 400;\"><span style=\"font-weight: 400;\">Fumar<\/span><\/li>\n<li style=\"font-weight: 400;\"><span style=\"font-weight: 400;\">Presi\u00f3n arterial alta<\/span><\/li>\n<li style=\"font-weight: 400;\"><span style=\"font-weight: 400;\">Colesterol alta<\/span><\/li>\n<li style=\"font-weight: 400;\"><span style=\"font-weight: 400;\">Sobrepeso y obesidad<\/span><\/li>\n<li style=\"font-weight: 400;\"><span style=\"font-weight: 400;\">Alimentaci\u00f3n poco saludable<\/span><\/li>\n<li style=\"font-weight: 400;\"><span style=\"font-weight: 400;\">Falta de actividad f\u00edsica<\/span><\/li>\n<li style=\"font-weight: 400;\"><span style=\"font-weight: 400;\">Az\u00facar alto en la sangre por resistencia a la insulina o a diabetes<\/span><\/li>\n<\/ul>\n<p><span style=\"font-weight: 400;\">Por el contrario, existen factores de riesgo del ataque card\u00edaco que no se pueden controlar. Como la edad; en hombres el riesgo de sufrir enfermedades del coraz\u00f3n aumenta despu\u00e9s de los 45 a\u00f1os. En el caso de las mujeres aumenta despu\u00e9s de los 55 a\u00f1os o posterior a la menopausia. Otro factor que no se puede controlar, son los antecedentes familiares. Si un familiar de primera l\u00ednea fue diagnosticado antes de los 55 a\u00f1os, se presenta un riesgo m\u00e1s alto.\u00a0<\/span>[\/vc_column_text][\/vc_column_inner][\/vc_row_inner][vc_empty_space][vc_row_inner el_id=\u00bbtreatment\u00bb][vc_column_inner][vc_column_text]<\/p>\n<h2>Tratamiento<\/h2>\n<p><span style=\"font-weight: 400;\">Un tratamiento a tiempo es clave para evitar da\u00f1os a profundidad que en un futuro pueden ser complicaciones de gravedad en el coraz\u00f3n. Actuar r\u00e1pidamente y llamar a urgencias tan pronto se presenten los s\u00edntomas, puede salvar tu vida. Nuestro personal m\u00e9dico de Hospitales CMQ puede diagnosticar y comenzar el tratamiento incluso antes de llegar al hospital.<\/span>[\/vc_column_text][\/vc_column_inner][\/vc_row_inner][\/vc_column][\/vc_row]<\/p>\n<\/div>","protected":false},"excerpt":{"rendered":"<p>Un paro card\u00edaco, tambi\u00e9n conocido como ataque al coraz\u00f3n, se produce cuando un co\u00e1gulo de sangre bloquea una o varias de las arterias coronarias que transporta sangre y ox\u00edgeno al coraz\u00f3n. Pero, \u00bfqui\u00e9n est\u00e1 en riesgo de sufrir uno?, \u00bfSer\u00e1 posible prevenir un ataque al coraz\u00f3n?, \u00bfQu\u00e9 hacer si tengo un paro card\u00edaco? Ent\u00e9rate de todo lo que hay que saber sobre un ataque al coraz\u00f3n, su prevenci\u00f3n, los s\u00edntomas de uno, factores de riesgo y el tratamiento.<\/p>\n","protected":false},"author":2,"featured_media":14173,"parent":3938,"menu_order":0,"comment_status":"closed","ping_status":"closed","template":"","meta":{"footnotes":""},"class_list":["post-6784","page","type-page","status-publish","has-post-thumbnail","hentry"],"acf":[],"yoast_head":"<!-- This site is optimized with the Yoast SEO plugin v27.4 - https:\/\/yoast.com\/product\/yoast-seo-wordpress\/ -->\n<title>\u00bfC\u00f3mo prevenir un ataque card\u00edaco o infarto?<\/title>\n<meta name=\"description\" content=\"\u00bfEstoy en riesgo de sufrir un ataque al coraz\u00f3n? \u00bfQu\u00e9 puedo hacer si tengo un ataque al coraz\u00f3n? Descubre aqu\u00ed todo lo que hay que saber sobre un ataque card\u00edaco.\" \/>\n<meta name=\"robots\" content=\"index, follow, max-snippet:-1, max-image-preview:large, max-video-preview:-1\" \/>\n<link rel=\"canonical\" href=\"https:\/\/hospitalcmq.com\/es\/enfermedades-y-condiciones\/ataque-cardiaco\/\" \/>\n<meta property=\"og:locale\" content=\"es_ES\" \/>\n<meta property=\"og:type\" content=\"article\" \/>\n<meta property=\"og:title\" content=\"\u00bfC\u00f3mo prevenir un ataque card\u00edaco o infarto?\" \/>\n<meta property=\"og:description\" content=\"\u00bfEstoy en riesgo de sufrir un ataque al coraz\u00f3n? \u00bfQu\u00e9 puedo hacer si tengo un ataque al coraz\u00f3n? Descubre aqu\u00ed todo lo que hay que saber sobre un ataque card\u00edaco.\" \/>\n<meta property=\"og:url\" content=\"https:\/\/hospitalcmq.com\/es\/enfermedades-y-condiciones\/ataque-cardiaco\/\" \/>\n<meta property=\"og:site_name\" content=\"Hospital CMQ\" \/>\n<meta property=\"article:publisher\" content=\"https:\/\/www.facebook.com\/HospitalCMQ\" \/>\n<meta property=\"article:modified_time\" content=\"2023-11-01T16:23:26+00:00\" \/>\n<meta property=\"og:image\" content=\"https:\/\/hospitalcmq.com\/wp-content\/uploads\/2018\/06\/cmq-hospital-logo.png\" \/>\n\t<meta property=\"og:image:width\" content=\"214\" \/>\n\t<meta property=\"og:image:height\" content=\"189\" \/>\n\t<meta property=\"og:image:type\" content=\"image\/png\" \/>\n<meta name=\"twitter:card\" content=\"summary_large_image\" \/>\n<meta name=\"twitter:label1\" content=\"Tiempo de lectura\" \/>\n\t<meta name=\"twitter:data1\" content=\"3 minutos\" \/>\n<script type=\"application\/ld+json\" class=\"yoast-schema-graph\">{\"@context\":\"https:\\\/\\\/schema.org\",\"@graph\":[{\"@type\":\"WebPage\",\"@id\":\"https:\\\/\\\/hospitalcmq.com\\\/es\\\/enfermedades-y-condiciones\\\/ataque-cardiaco\\\/\",\"url\":\"https:\\\/\\\/hospitalcmq.com\\\/es\\\/enfermedades-y-condiciones\\\/ataque-cardiaco\\\/\",\"name\":\"\u00bfC\u00f3mo prevenir un ataque card\u00edaco o infarto?\",\"isPartOf\":{\"@id\":\"https:\\\/\\\/hospitalcmq.com\\\/es\\\/#website\"},\"primaryImageOfPage\":{\"@id\":\"https:\\\/\\\/hospitalcmq.com\\\/es\\\/enfermedades-y-condiciones\\\/ataque-cardiaco\\\/#primaryimage\"},\"image\":{\"@id\":\"https:\\\/\\\/hospitalcmq.com\\\/es\\\/enfermedades-y-condiciones\\\/ataque-cardiaco\\\/#primaryimage\"},\"thumbnailUrl\":\"https:\\\/\\\/hospitalcmq.com\\\/wp-content\\\/uploads\\\/2024\\\/06\\\/heart-attack.jpg\",\"datePublished\":\"2019-09-23T17:32:46+00:00\",\"dateModified\":\"2023-11-01T16:23:26+00:00\",\"description\":\"\u00bfEstoy en riesgo de sufrir un ataque al coraz\u00f3n? \u00bfQu\u00e9 puedo hacer si tengo un ataque al coraz\u00f3n? Descubre aqu\u00ed todo lo que hay que saber sobre un ataque card\u00edaco.\",\"breadcrumb\":{\"@id\":\"https:\\\/\\\/hospitalcmq.com\\\/es\\\/enfermedades-y-condiciones\\\/ataque-cardiaco\\\/#breadcrumb\"},\"inLanguage\":\"es\",\"potentialAction\":[{\"@type\":\"ReadAction\",\"target\":[\"https:\\\/\\\/hospitalcmq.com\\\/es\\\/enfermedades-y-condiciones\\\/ataque-cardiaco\\\/\"]}]},{\"@type\":\"ImageObject\",\"inLanguage\":\"es\",\"@id\":\"https:\\\/\\\/hospitalcmq.com\\\/es\\\/enfermedades-y-condiciones\\\/ataque-cardiaco\\\/#primaryimage\",\"url\":\"https:\\\/\\\/hospitalcmq.com\\\/wp-content\\\/uploads\\\/2024\\\/06\\\/heart-attack.jpg\",\"contentUrl\":\"https:\\\/\\\/hospitalcmq.com\\\/wp-content\\\/uploads\\\/2024\\\/06\\\/heart-attack.jpg\",\"width\":1280,\"height\":853},{\"@type\":\"BreadcrumbList\",\"@id\":\"https:\\\/\\\/hospitalcmq.com\\\/es\\\/enfermedades-y-condiciones\\\/ataque-cardiaco\\\/#breadcrumb\",\"itemListElement\":[{\"@type\":\"ListItem\",\"position\":1,\"name\":\"Home\",\"item\":\"https:\\\/\\\/hospitalcmq.com\\\/es\\\/\"},{\"@type\":\"ListItem\",\"position\":2,\"name\":\"Enfermedades y Condiciones\",\"item\":\"https:\\\/\\\/hospitalcmq.com\\\/es\\\/enfermedades-y-condiciones\\\/\"},{\"@type\":\"ListItem\",\"position\":3,\"name\":\"\u00bfQu\u00e9 es un ataque card\u00edaco y c\u00f3mo prevenirlo?\"}]},{\"@type\":\"WebSite\",\"@id\":\"https:\\\/\\\/hospitalcmq.com\\\/es\\\/#website\",\"url\":\"https:\\\/\\\/hospitalcmq.com\\\/es\\\/\",\"name\":\"Hospital CMQ\",\"description\":\"Best Hospitals in Puerto Vallarta &amp; Riviera Nayarit\",\"publisher\":{\"@id\":\"https:\\\/\\\/hospitalcmq.com\\\/es\\\/#organization\"},\"potentialAction\":[{\"@type\":\"SearchAction\",\"target\":{\"@type\":\"EntryPoint\",\"urlTemplate\":\"https:\\\/\\\/hospitalcmq.com\\\/es\\\/?s={search_term_string}\"},\"query-input\":{\"@type\":\"PropertyValueSpecification\",\"valueRequired\":true,\"valueName\":\"search_term_string\"}}],\"inLanguage\":\"es\"},{\"@type\":\"Organization\",\"@id\":\"https:\\\/\\\/hospitalcmq.com\\\/es\\\/#organization\",\"name\":\"Hospital CMQ\",\"url\":\"https:\\\/\\\/hospitalcmq.com\\\/es\\\/\",\"logo\":{\"@type\":\"ImageObject\",\"inLanguage\":\"es\",\"@id\":\"https:\\\/\\\/hospitalcmq.com\\\/es\\\/#\\\/schema\\\/logo\\\/image\\\/\",\"url\":\"https:\\\/\\\/hospitalcmq.com\\\/wp-content\\\/uploads\\\/2018\\\/06\\\/cmq-hospital-logo.png\",\"contentUrl\":\"https:\\\/\\\/hospitalcmq.com\\\/wp-content\\\/uploads\\\/2018\\\/06\\\/cmq-hospital-logo.png\",\"width\":214,\"height\":189,\"caption\":\"Hospital CMQ\"},\"image\":{\"@id\":\"https:\\\/\\\/hospitalcmq.com\\\/es\\\/#\\\/schema\\\/logo\\\/image\\\/\"},\"sameAs\":[\"https:\\\/\\\/www.facebook.com\\\/HospitalCMQ\"]}]}<\/script>\n<!-- \/ Yoast SEO plugin. -->","yoast_head_json":{"title":"\u00bfC\u00f3mo prevenir un ataque card\u00edaco o infarto?","description":"\u00bfEstoy en riesgo de sufrir un ataque al coraz\u00f3n? \u00bfQu\u00e9 puedo hacer si tengo un ataque al coraz\u00f3n? Descubre aqu\u00ed todo lo que hay que saber sobre un ataque card\u00edaco.","robots":{"index":"index","follow":"follow","max-snippet":"max-snippet:-1","max-image-preview":"max-image-preview:large","max-video-preview":"max-video-preview:-1"},"canonical":"https:\/\/hospitalcmq.com\/es\/enfermedades-y-condiciones\/ataque-cardiaco\/","og_locale":"es_ES","og_type":"article","og_title":"\u00bfC\u00f3mo prevenir un ataque card\u00edaco o infarto?","og_description":"\u00bfEstoy en riesgo de sufrir un ataque al coraz\u00f3n? \u00bfQu\u00e9 puedo hacer si tengo un ataque al coraz\u00f3n? Descubre aqu\u00ed todo lo que hay que saber sobre un ataque card\u00edaco.","og_url":"https:\/\/hospitalcmq.com\/es\/enfermedades-y-condiciones\/ataque-cardiaco\/","og_site_name":"Hospital CMQ","article_publisher":"https:\/\/www.facebook.com\/HospitalCMQ","article_modified_time":"2023-11-01T16:23:26+00:00","og_image":[{"width":214,"height":189,"url":"https:\/\/hospitalcmq.com\/wp-content\/uploads\/2018\/06\/cmq-hospital-logo.png","type":"image\/png"}],"twitter_card":"summary_large_image","twitter_misc":{"Tiempo de lectura":"3 minutos"},"schema":{"@context":"https:\/\/schema.org","@graph":[{"@type":"WebPage","@id":"https:\/\/hospitalcmq.com\/es\/enfermedades-y-condiciones\/ataque-cardiaco\/","url":"https:\/\/hospitalcmq.com\/es\/enfermedades-y-condiciones\/ataque-cardiaco\/","name":"\u00bfC\u00f3mo prevenir un ataque card\u00edaco o infarto?","isPartOf":{"@id":"https:\/\/hospitalcmq.com\/es\/#website"},"primaryImageOfPage":{"@id":"https:\/\/hospitalcmq.com\/es\/enfermedades-y-condiciones\/ataque-cardiaco\/#primaryimage"},"image":{"@id":"https:\/\/hospitalcmq.com\/es\/enfermedades-y-condiciones\/ataque-cardiaco\/#primaryimage"},"thumbnailUrl":"https:\/\/hospitalcmq.com\/wp-content\/uploads\/2024\/06\/heart-attack.jpg","datePublished":"2019-09-23T17:32:46+00:00","dateModified":"2023-11-01T16:23:26+00:00","description":"\u00bfEstoy en riesgo de sufrir un ataque al coraz\u00f3n? \u00bfQu\u00e9 puedo hacer si tengo un ataque al coraz\u00f3n? Descubre aqu\u00ed todo lo que hay que saber sobre un ataque card\u00edaco.","breadcrumb":{"@id":"https:\/\/hospitalcmq.com\/es\/enfermedades-y-condiciones\/ataque-cardiaco\/#breadcrumb"},"inLanguage":"es","potentialAction":[{"@type":"ReadAction","target":["https:\/\/hospitalcmq.com\/es\/enfermedades-y-condiciones\/ataque-cardiaco\/"]}]},{"@type":"ImageObject","inLanguage":"es","@id":"https:\/\/hospitalcmq.com\/es\/enfermedades-y-condiciones\/ataque-cardiaco\/#primaryimage","url":"https:\/\/hospitalcmq.com\/wp-content\/uploads\/2024\/06\/heart-attack.jpg","contentUrl":"https:\/\/hospitalcmq.com\/wp-content\/uploads\/2024\/06\/heart-attack.jpg","width":1280,"height":853},{"@type":"BreadcrumbList","@id":"https:\/\/hospitalcmq.com\/es\/enfermedades-y-condiciones\/ataque-cardiaco\/#breadcrumb","itemListElement":[{"@type":"ListItem","position":1,"name":"Home","item":"https:\/\/hospitalcmq.com\/es\/"},{"@type":"ListItem","position":2,"name":"Enfermedades y Condiciones","item":"https:\/\/hospitalcmq.com\/es\/enfermedades-y-condiciones\/"},{"@type":"ListItem","position":3,"name":"\u00bfQu\u00e9 es un ataque card\u00edaco y c\u00f3mo prevenirlo?"}]},{"@type":"WebSite","@id":"https:\/\/hospitalcmq.com\/es\/#website","url":"https:\/\/hospitalcmq.com\/es\/","name":"Hospital CMQ","description":"Best Hospitals in Puerto Vallarta &amp; Riviera Nayarit","publisher":{"@id":"https:\/\/hospitalcmq.com\/es\/#organization"},"potentialAction":[{"@type":"SearchAction","target":{"@type":"EntryPoint","urlTemplate":"https:\/\/hospitalcmq.com\/es\/?s={search_term_string}"},"query-input":{"@type":"PropertyValueSpecification","valueRequired":true,"valueName":"search_term_string"}}],"inLanguage":"es"},{"@type":"Organization","@id":"https:\/\/hospitalcmq.com\/es\/#organization","name":"Hospital CMQ","url":"https:\/\/hospitalcmq.com\/es\/","logo":{"@type":"ImageObject","inLanguage":"es","@id":"https:\/\/hospitalcmq.com\/es\/#\/schema\/logo\/image\/","url":"https:\/\/hospitalcmq.com\/wp-content\/uploads\/2018\/06\/cmq-hospital-logo.png","contentUrl":"https:\/\/hospitalcmq.com\/wp-content\/uploads\/2018\/06\/cmq-hospital-logo.png","width":214,"height":189,"caption":"Hospital CMQ"},"image":{"@id":"https:\/\/hospitalcmq.com\/es\/#\/schema\/logo\/image\/"},"sameAs":["https:\/\/www.facebook.com\/HospitalCMQ"]}]}},"_links":{"self":[{"href":"https:\/\/hospitalcmq.com\/es\/wp-json\/wp\/v2\/pages\/6784","targetHints":{"allow":["GET"]}}],"collection":[{"href":"https:\/\/hospitalcmq.com\/es\/wp-json\/wp\/v2\/pages"}],"about":[{"href":"https:\/\/hospitalcmq.com\/es\/wp-json\/wp\/v2\/types\/page"}],"author":[{"embeddable":true,"href":"https:\/\/hospitalcmq.com\/es\/wp-json\/wp\/v2\/users\/2"}],"replies":[{"embeddable":true,"href":"https:\/\/hospitalcmq.com\/es\/wp-json\/wp\/v2\/comments?post=6784"}],"version-history":[{"count":0,"href":"https:\/\/hospitalcmq.com\/es\/wp-json\/wp\/v2\/pages\/6784\/revisions"}],"up":[{"embeddable":true,"href":"https:\/\/hospitalcmq.com\/es\/wp-json\/wp\/v2\/pages\/3938"}],"wp:featuredmedia":[{"embeddable":true,"href":"https:\/\/hospitalcmq.com\/es\/wp-json\/wp\/v2\/media\/14173"}],"wp:attachment":[{"href":"https:\/\/hospitalcmq.com\/es\/wp-json\/wp\/v2\/media?parent=6784"}],"curies":[{"name":"wp","href":"https:\/\/api.w.org\/{rel}","templated":true}]}}