{"id":6779,"date":"2019-09-23T12:09:15","date_gmt":"2019-09-23T17:09:15","guid":{"rendered":"https:\/\/hospitalcmq.com\/?page_id=6779"},"modified":"2023-11-01T10:21:14","modified_gmt":"2023-11-01T16:21:14","slug":"como-prevenir-y-tratar-la-gonorrea","status":"publish","type":"page","link":"https:\/\/hospitalcmq.com\/es\/enfermedades-y-condiciones\/como-prevenir-y-tratar-la-gonorrea\/","title":{"rendered":"\u00bfC\u00f3mo prevenir y tratar la gonorrea?"},"content":{"rendered":"<div class=\"wpb-content-wrapper\"><p>[vc_row][vc_column][vc_column_text el_id=\u00bbdefinition\u00bb]<img loading=\"lazy\" decoding=\"async\" class=\"size-full wp-image-1304 alignright\" src=\"https:\/\/hospitalcmq.com\/wp-content\/uploads\/2017\/08\/gonorrhea.png\" alt=\"gonorrhea\" width=\"470\" height=\"260\" \/><\/p>\n<h2>\u00bfQu\u00e9 es la gonorrea?<\/h2>\n<p><span style=\"font-weight: 400;\">La gonorrea es una enfermedad de transmisi\u00f3n sexual (ETS) que puede infectar tanto a hombres como a mujeres, puede causar infecciones en los genitales, recto y garganta; es una infecci\u00f3n muy com\u00fan especialmente en personas j\u00f3venes de 15 a 24 a\u00f1os de edad. Se puede contraer gonorrea al mantener relaciones sexuales sin protecci\u00f3n, ya sea: anales, vaginales u orales con una persona que tenga esta enfermedad. Una mujer embarazada con gonorrea puede transmitir esta condici\u00f3n a su beb\u00e9 durante el parto.<\/span>[\/vc_column_text][vc_empty_space height=\u00bb28px\u00bb][vc_row_inner el_id=\u00bbsymptoms\u00bb][vc_column_inner][vc_column_text]<\/p>\n<h2>S\u00edntomas de la gonorrea<\/h2>\n<p><span style=\"font-weight: 400;\">Es probable que una persona infectada de gonorrea no presente ning\u00fan s\u00edntoma, sin embargo los s\u00edntomas que se pueden llegar a manifestar son los siguientes:<\/span><\/p>\n<ul>\n<li style=\"font-weight: 400;\"><span style=\"font-weight: 400;\">Sensaci\u00f3n de ardor al orinar<\/span><\/li>\n<li style=\"font-weight: 400;\"><span style=\"font-weight: 400;\">Secreci\u00f3n de color blanco, amarillo o verde en el pene<\/span><\/li>\n<li style=\"font-weight: 400;\"><span style=\"font-weight: 400;\">En hombres: dolor e inflamaci\u00f3n en los test\u00edculos\u00a0<\/span><\/li>\n<li style=\"font-weight: 400;\"><span style=\"font-weight: 400;\">En el caso de las mujeres: sangrado vaginal entre per\u00edodos menstruales<\/span><\/li>\n<\/ul>\n<p>[\/vc_column_text][vc_empty_space height=\u00bb28px\u00bb][\/vc_column_inner][\/vc_row_inner][vc_row_inner el_id=\u00bbprevention\u00bb][vc_column_inner][vc_column_text]<\/p>\n<h2>\u00bfC\u00f3mo prevenirla?<\/h2>\n<p><span style=\"font-weight: 400;\">La gonorrea se puede evitar si se toman ciertas medidas de prevenci\u00f3n, como lo pueden ser:<\/span><\/p>\n<ul>\n<li style=\"font-weight: 400;\"><span style=\"font-weight: 400;\">Abstenerse de contraer relaciones sexuales<\/span><\/li>\n<li style=\"font-weight: 400;\"><span style=\"font-weight: 400;\">\u00a0Practicar la\u00a0 monogamia con una pareja quien se haya realizado pruebas con resultados negativos para las ETS <\/span><\/li>\n<\/ul>\n<p>[\/vc_column_text][vc_empty_space height=\u00bb28px\u00bb][\/vc_column_inner][\/vc_row_inner][vc_row_inner el_id=\u00bbcauses\u00bb][vc_column_inner][vc_column_text]<\/p>\n<h2>Causas de la gonorrea<\/h2>\n<p><span style=\"font-weight: 400;\">La gonorrea es causada por la bacteria <\/span><i><span style=\"font-weight: 400;\">Gonorrhoeae<\/span><\/i><span style=\"font-weight: 400;\">. Las bacterias de la gonorrea se transmiten con m\u00e1s frecuencia de una persona a otra durante el contacto sexual, incluyendo el sexo oral, anal o vaginal. Algunos de los factores de riesgo son:<\/span><\/p>\n<ul>\n<li style=\"font-weight: 400;\"><span style=\"font-weight: 400;\">Edad joven<\/span><\/li>\n<li style=\"font-weight: 400;\"><span style=\"font-weight: 400;\">Nueva pareja sexual<\/span><\/li>\n<li style=\"font-weight: 400;\"><span style=\"font-weight: 400;\">M\u00faltiples parejas sexuales\u00a0 \u00a0 \u00a0 \u00a0 \u00a0 <\/span><\/li>\n<\/ul>\n<p>[\/vc_column_text][vc_empty_space height=\u00bb28px\u00bb][\/vc_column_inner][\/vc_row_inner][vc_row_inner el_id=\u00bbtreatment\u00bb][vc_column_inner][vc_column_text]<\/p>\n<h2>Tratamiento contra la gonorrea<\/h2>\n<p><span style=\"font-weight: 400;\">Se pueden utilizar muchos antibi\u00f3ticos diferentes para el tratamiento de esta infecci\u00f3n.\u00a0<\/span><\/p>\n<ul>\n<li style=\"font-weight: 400;\"><span style=\"font-weight: 400;\">Recibir una dosis de antibi\u00f3ticos orales o tomar dosis peque\u00f1a durante 7 d\u00edas<\/span><\/li>\n<li style=\"font-weight: 400;\"><span style=\"font-weight: 400;\">En ciertos casos se administra un antibi\u00f3tico en inyecci\u00f3n y posteriormente se recetan pastillas<\/span><\/li>\n<\/ul>\n<p><span style=\"font-weight: 400;\">Existen casos de gravedad en los que se requiere hospitalizaci\u00f3n. Se debe tener en cuenta que aproximadamente la mitad de las mujeres con gonorrea, tambi\u00e9n est\u00e1n infectadas con clamidia. No es de alarmarse, puesto que la clamidia se trata al mismo tiempo que la infecci\u00f3n de gonorrea.\u00a0<\/span><\/p>\n<p><span style=\"font-weight: 400;\">Si se cuenta con una pareja sexual, ambos deben examinarse para tratar de evitar la transmisi\u00f3n de la infecci\u00f3n de forma rec\u00edproca. Se deben usar condones hasta que ambos hayan terminado de tomar el antibi\u00f3tico. Al igual se deben ubicar y examinar todos los contactos sexuales de la persona con gonorrea, esto con el fin de evitar la propagaci\u00f3n de la enfermedad. En cualquier caso es recomendable no auto medicarse hasta ser atendido por un m\u00e9dico especialista. Si despu\u00e9s del tratamiento los s\u00edntomas persisten, se procede a realizar una consulta de control 7 d\u00edas despu\u00e9s.<\/span>[\/vc_column_text][\/vc_column_inner][\/vc_row_inner][\/vc_column][\/vc_row]<\/p>\n<\/div>","protected":false},"excerpt":{"rendered":"<p>Enfermedad de transmisi\u00f3n sexual que puede afectar tanto a hombres como a mujeres. La gonorrea es muy com\u00fan, especialmente en j\u00f3venes de 15 a 24 a\u00f1os de edad. Sin embargo, es probable que una persona infectada no presente ning\u00fan s\u00edntoma. De no ser tratada de inmediato y de manera correcta, es una enfermedad dolorosa. \u00bfPero sab\u00edas que la gonorrea se puede evitar por completo? Descubre aqu\u00ed c\u00f3mo.<\/p>\n","protected":false},"author":2,"featured_media":1304,"parent":3938,"menu_order":0,"comment_status":"closed","ping_status":"closed","template":"","meta":{"footnotes":""},"class_list":["post-6779","page","type-page","status-publish","has-post-thumbnail","hentry"],"acf":[],"yoast_head":"<!-- This site is optimized with the Yoast SEO plugin v27.3 - https:\/\/yoast.com\/product\/yoast-seo-wordpress\/ -->\n<title>Gonorrea, \u00bfc\u00f3mo prevenir y tratar esta enfermedad?<\/title>\n<meta name=\"description\" content=\"Gonorrea, enfermedad de transmisi\u00f3n sexual que afecta tanto a hombres como a mujeres, especialmente en edades de 15 a 24 a\u00f1os. \u00bfSab\u00edas que la gonorrea puede prevenirse totalmente? Descubre aqu\u00ed c\u00f3mo.\" \/>\n<meta name=\"robots\" content=\"index, follow, max-snippet:-1, max-image-preview:large, max-video-preview:-1\" \/>\n<link rel=\"canonical\" href=\"https:\/\/hospitalcmq.com\/es\/enfermedades-y-condiciones\/como-prevenir-y-tratar-la-gonorrea\/\" \/>\n<meta property=\"og:locale\" content=\"es_ES\" \/>\n<meta property=\"og:type\" content=\"article\" \/>\n<meta property=\"og:title\" content=\"Gonorrea, \u00bfc\u00f3mo prevenir y tratar esta enfermedad?\" \/>\n<meta property=\"og:description\" content=\"Gonorrea, enfermedad de transmisi\u00f3n sexual que afecta tanto a hombres como a mujeres, especialmente en edades de 15 a 24 a\u00f1os. \u00bfSab\u00edas que la gonorrea puede prevenirse totalmente? Descubre aqu\u00ed c\u00f3mo.\" \/>\n<meta property=\"og:url\" content=\"https:\/\/hospitalcmq.com\/es\/enfermedades-y-condiciones\/como-prevenir-y-tratar-la-gonorrea\/\" \/>\n<meta property=\"og:site_name\" content=\"Hospital CMQ\" \/>\n<meta property=\"article:publisher\" content=\"https:\/\/www.facebook.com\/HospitalCMQ\" \/>\n<meta property=\"article:modified_time\" content=\"2023-11-01T16:21:14+00:00\" \/>\n<meta property=\"og:image\" content=\"https:\/\/hospitalcmq.com\/wp-content\/uploads\/2017\/08\/gonorrhea.png\" \/>\n<meta name=\"twitter:card\" content=\"summary_large_image\" \/>\n<meta name=\"twitter:label1\" content=\"Tiempo de lectura\" \/>\n\t<meta name=\"twitter:data1\" content=\"3 minutos\" \/>\n<script type=\"application\/ld+json\" class=\"yoast-schema-graph\">{\"@context\":\"https:\\\/\\\/schema.org\",\"@graph\":[{\"@type\":\"WebPage\",\"@id\":\"https:\\\/\\\/hospitalcmq.com\\\/es\\\/enfermedades-y-condiciones\\\/como-prevenir-y-tratar-la-gonorrea\\\/\",\"url\":\"https:\\\/\\\/hospitalcmq.com\\\/es\\\/enfermedades-y-condiciones\\\/como-prevenir-y-tratar-la-gonorrea\\\/\",\"name\":\"Gonorrea, \u00bfc\u00f3mo prevenir y tratar esta enfermedad?\",\"isPartOf\":{\"@id\":\"https:\\\/\\\/hospitalcmq.com\\\/es\\\/#website\"},\"primaryImageOfPage\":{\"@id\":\"https:\\\/\\\/hospitalcmq.com\\\/es\\\/enfermedades-y-condiciones\\\/como-prevenir-y-tratar-la-gonorrea\\\/#primaryimage\"},\"image\":{\"@id\":\"https:\\\/\\\/hospitalcmq.com\\\/es\\\/enfermedades-y-condiciones\\\/como-prevenir-y-tratar-la-gonorrea\\\/#primaryimage\"},\"thumbnailUrl\":\"https:\\\/\\\/hospitalcmq.com\\\/wp-content\\\/uploads\\\/2017\\\/08\\\/gonorrhea.png\",\"datePublished\":\"2019-09-23T17:09:15+00:00\",\"dateModified\":\"2023-11-01T16:21:14+00:00\",\"description\":\"Gonorrea, enfermedad de transmisi\u00f3n sexual que afecta tanto a hombres como a mujeres, especialmente en edades de 15 a 24 a\u00f1os. \u00bfSab\u00edas que la gonorrea puede prevenirse totalmente? Descubre aqu\u00ed c\u00f3mo.\",\"breadcrumb\":{\"@id\":\"https:\\\/\\\/hospitalcmq.com\\\/es\\\/enfermedades-y-condiciones\\\/como-prevenir-y-tratar-la-gonorrea\\\/#breadcrumb\"},\"inLanguage\":\"es\",\"potentialAction\":[{\"@type\":\"ReadAction\",\"target\":[\"https:\\\/\\\/hospitalcmq.com\\\/es\\\/enfermedades-y-condiciones\\\/como-prevenir-y-tratar-la-gonorrea\\\/\"]}]},{\"@type\":\"ImageObject\",\"inLanguage\":\"es\",\"@id\":\"https:\\\/\\\/hospitalcmq.com\\\/es\\\/enfermedades-y-condiciones\\\/como-prevenir-y-tratar-la-gonorrea\\\/#primaryimage\",\"url\":\"https:\\\/\\\/hospitalcmq.com\\\/wp-content\\\/uploads\\\/2017\\\/08\\\/gonorrhea.png\",\"contentUrl\":\"https:\\\/\\\/hospitalcmq.com\\\/wp-content\\\/uploads\\\/2017\\\/08\\\/gonorrhea.png\",\"width\":470,\"height\":260,\"caption\":\"gonorrhea\"},{\"@type\":\"BreadcrumbList\",\"@id\":\"https:\\\/\\\/hospitalcmq.com\\\/es\\\/enfermedades-y-condiciones\\\/como-prevenir-y-tratar-la-gonorrea\\\/#breadcrumb\",\"itemListElement\":[{\"@type\":\"ListItem\",\"position\":1,\"name\":\"Home\",\"item\":\"https:\\\/\\\/hospitalcmq.com\\\/es\\\/\"},{\"@type\":\"ListItem\",\"position\":2,\"name\":\"Enfermedades y Condiciones\",\"item\":\"https:\\\/\\\/hospitalcmq.com\\\/es\\\/enfermedades-y-condiciones\\\/\"},{\"@type\":\"ListItem\",\"position\":3,\"name\":\"\u00bfC\u00f3mo prevenir y tratar la gonorrea?\"}]},{\"@type\":\"WebSite\",\"@id\":\"https:\\\/\\\/hospitalcmq.com\\\/es\\\/#website\",\"url\":\"https:\\\/\\\/hospitalcmq.com\\\/es\\\/\",\"name\":\"Hospital CMQ\",\"description\":\"Best Hospitals in Puerto Vallarta &amp; Riviera Nayarit\",\"publisher\":{\"@id\":\"https:\\\/\\\/hospitalcmq.com\\\/es\\\/#organization\"},\"potentialAction\":[{\"@type\":\"SearchAction\",\"target\":{\"@type\":\"EntryPoint\",\"urlTemplate\":\"https:\\\/\\\/hospitalcmq.com\\\/es\\\/?s={search_term_string}\"},\"query-input\":{\"@type\":\"PropertyValueSpecification\",\"valueRequired\":true,\"valueName\":\"search_term_string\"}}],\"inLanguage\":\"es\"},{\"@type\":\"Organization\",\"@id\":\"https:\\\/\\\/hospitalcmq.com\\\/es\\\/#organization\",\"name\":\"Hospital CMQ\",\"url\":\"https:\\\/\\\/hospitalcmq.com\\\/es\\\/\",\"logo\":{\"@type\":\"ImageObject\",\"inLanguage\":\"es\",\"@id\":\"https:\\\/\\\/hospitalcmq.com\\\/es\\\/#\\\/schema\\\/logo\\\/image\\\/\",\"url\":\"https:\\\/\\\/hospitalcmq.com\\\/wp-content\\\/uploads\\\/2018\\\/06\\\/cmq-hospital-logo.png\",\"contentUrl\":\"https:\\\/\\\/hospitalcmq.com\\\/wp-content\\\/uploads\\\/2018\\\/06\\\/cmq-hospital-logo.png\",\"width\":214,\"height\":189,\"caption\":\"Hospital CMQ\"},\"image\":{\"@id\":\"https:\\\/\\\/hospitalcmq.com\\\/es\\\/#\\\/schema\\\/logo\\\/image\\\/\"},\"sameAs\":[\"https:\\\/\\\/www.facebook.com\\\/HospitalCMQ\"]}]}<\/script>\n<!-- \/ Yoast SEO plugin. -->","yoast_head_json":{"title":"Gonorrea, \u00bfc\u00f3mo prevenir y tratar esta enfermedad?","description":"Gonorrea, enfermedad de transmisi\u00f3n sexual que afecta tanto a hombres como a mujeres, especialmente en edades de 15 a 24 a\u00f1os. \u00bfSab\u00edas que la gonorrea puede prevenirse totalmente? Descubre aqu\u00ed c\u00f3mo.","robots":{"index":"index","follow":"follow","max-snippet":"max-snippet:-1","max-image-preview":"max-image-preview:large","max-video-preview":"max-video-preview:-1"},"canonical":"https:\/\/hospitalcmq.com\/es\/enfermedades-y-condiciones\/como-prevenir-y-tratar-la-gonorrea\/","og_locale":"es_ES","og_type":"article","og_title":"Gonorrea, \u00bfc\u00f3mo prevenir y tratar esta enfermedad?","og_description":"Gonorrea, enfermedad de transmisi\u00f3n sexual que afecta tanto a hombres como a mujeres, especialmente en edades de 15 a 24 a\u00f1os. \u00bfSab\u00edas que la gonorrea puede prevenirse totalmente? Descubre aqu\u00ed c\u00f3mo.","og_url":"https:\/\/hospitalcmq.com\/es\/enfermedades-y-condiciones\/como-prevenir-y-tratar-la-gonorrea\/","og_site_name":"Hospital CMQ","article_publisher":"https:\/\/www.facebook.com\/HospitalCMQ","article_modified_time":"2023-11-01T16:21:14+00:00","og_image":[{"url":"https:\/\/hospitalcmq.com\/wp-content\/uploads\/2017\/08\/gonorrhea.png","type":"","width":"","height":""}],"twitter_card":"summary_large_image","twitter_misc":{"Tiempo de lectura":"3 minutos"},"schema":{"@context":"https:\/\/schema.org","@graph":[{"@type":"WebPage","@id":"https:\/\/hospitalcmq.com\/es\/enfermedades-y-condiciones\/como-prevenir-y-tratar-la-gonorrea\/","url":"https:\/\/hospitalcmq.com\/es\/enfermedades-y-condiciones\/como-prevenir-y-tratar-la-gonorrea\/","name":"Gonorrea, \u00bfc\u00f3mo prevenir y tratar esta enfermedad?","isPartOf":{"@id":"https:\/\/hospitalcmq.com\/es\/#website"},"primaryImageOfPage":{"@id":"https:\/\/hospitalcmq.com\/es\/enfermedades-y-condiciones\/como-prevenir-y-tratar-la-gonorrea\/#primaryimage"},"image":{"@id":"https:\/\/hospitalcmq.com\/es\/enfermedades-y-condiciones\/como-prevenir-y-tratar-la-gonorrea\/#primaryimage"},"thumbnailUrl":"https:\/\/hospitalcmq.com\/wp-content\/uploads\/2017\/08\/gonorrhea.png","datePublished":"2019-09-23T17:09:15+00:00","dateModified":"2023-11-01T16:21:14+00:00","description":"Gonorrea, enfermedad de transmisi\u00f3n sexual que afecta tanto a hombres como a mujeres, especialmente en edades de 15 a 24 a\u00f1os. \u00bfSab\u00edas que la gonorrea puede prevenirse totalmente? Descubre aqu\u00ed c\u00f3mo.","breadcrumb":{"@id":"https:\/\/hospitalcmq.com\/es\/enfermedades-y-condiciones\/como-prevenir-y-tratar-la-gonorrea\/#breadcrumb"},"inLanguage":"es","potentialAction":[{"@type":"ReadAction","target":["https:\/\/hospitalcmq.com\/es\/enfermedades-y-condiciones\/como-prevenir-y-tratar-la-gonorrea\/"]}]},{"@type":"ImageObject","inLanguage":"es","@id":"https:\/\/hospitalcmq.com\/es\/enfermedades-y-condiciones\/como-prevenir-y-tratar-la-gonorrea\/#primaryimage","url":"https:\/\/hospitalcmq.com\/wp-content\/uploads\/2017\/08\/gonorrhea.png","contentUrl":"https:\/\/hospitalcmq.com\/wp-content\/uploads\/2017\/08\/gonorrhea.png","width":470,"height":260,"caption":"gonorrhea"},{"@type":"BreadcrumbList","@id":"https:\/\/hospitalcmq.com\/es\/enfermedades-y-condiciones\/como-prevenir-y-tratar-la-gonorrea\/#breadcrumb","itemListElement":[{"@type":"ListItem","position":1,"name":"Home","item":"https:\/\/hospitalcmq.com\/es\/"},{"@type":"ListItem","position":2,"name":"Enfermedades y Condiciones","item":"https:\/\/hospitalcmq.com\/es\/enfermedades-y-condiciones\/"},{"@type":"ListItem","position":3,"name":"\u00bfC\u00f3mo prevenir y tratar la gonorrea?"}]},{"@type":"WebSite","@id":"https:\/\/hospitalcmq.com\/es\/#website","url":"https:\/\/hospitalcmq.com\/es\/","name":"Hospital CMQ","description":"Best Hospitals in Puerto Vallarta &amp; Riviera Nayarit","publisher":{"@id":"https:\/\/hospitalcmq.com\/es\/#organization"},"potentialAction":[{"@type":"SearchAction","target":{"@type":"EntryPoint","urlTemplate":"https:\/\/hospitalcmq.com\/es\/?s={search_term_string}"},"query-input":{"@type":"PropertyValueSpecification","valueRequired":true,"valueName":"search_term_string"}}],"inLanguage":"es"},{"@type":"Organization","@id":"https:\/\/hospitalcmq.com\/es\/#organization","name":"Hospital CMQ","url":"https:\/\/hospitalcmq.com\/es\/","logo":{"@type":"ImageObject","inLanguage":"es","@id":"https:\/\/hospitalcmq.com\/es\/#\/schema\/logo\/image\/","url":"https:\/\/hospitalcmq.com\/wp-content\/uploads\/2018\/06\/cmq-hospital-logo.png","contentUrl":"https:\/\/hospitalcmq.com\/wp-content\/uploads\/2018\/06\/cmq-hospital-logo.png","width":214,"height":189,"caption":"Hospital CMQ"},"image":{"@id":"https:\/\/hospitalcmq.com\/es\/#\/schema\/logo\/image\/"},"sameAs":["https:\/\/www.facebook.com\/HospitalCMQ"]}]}},"_links":{"self":[{"href":"https:\/\/hospitalcmq.com\/es\/wp-json\/wp\/v2\/pages\/6779","targetHints":{"allow":["GET"]}}],"collection":[{"href":"https:\/\/hospitalcmq.com\/es\/wp-json\/wp\/v2\/pages"}],"about":[{"href":"https:\/\/hospitalcmq.com\/es\/wp-json\/wp\/v2\/types\/page"}],"author":[{"embeddable":true,"href":"https:\/\/hospitalcmq.com\/es\/wp-json\/wp\/v2\/users\/2"}],"replies":[{"embeddable":true,"href":"https:\/\/hospitalcmq.com\/es\/wp-json\/wp\/v2\/comments?post=6779"}],"version-history":[{"count":0,"href":"https:\/\/hospitalcmq.com\/es\/wp-json\/wp\/v2\/pages\/6779\/revisions"}],"up":[{"embeddable":true,"href":"https:\/\/hospitalcmq.com\/es\/wp-json\/wp\/v2\/pages\/3938"}],"wp:featuredmedia":[{"embeddable":true,"href":"https:\/\/hospitalcmq.com\/es\/wp-json\/wp\/v2\/media\/1304"}],"wp:attachment":[{"href":"https:\/\/hospitalcmq.com\/es\/wp-json\/wp\/v2\/media?parent=6779"}],"curies":[{"name":"wp","href":"https:\/\/api.w.org\/{rel}","templated":true}]}}