{"id":6773,"date":"2019-09-23T11:53:54","date_gmt":"2019-09-23T16:53:54","guid":{"rendered":"https:\/\/hospitalcmq.com\/?page_id=6773"},"modified":"2023-11-01T10:15:22","modified_gmt":"2023-11-01T16:15:22","slug":"epilepsia","status":"publish","type":"page","link":"https:\/\/hospitalcmq.com\/es\/enfermedades-y-condiciones\/epilepsia\/","title":{"rendered":"Epilepsia: sus causas y qu\u00e9 hacer en caso de convulsiones"},"content":{"rendered":"<div class=\"wpb-content-wrapper\"><p>[vc_row][vc_column][vc_empty_space height=\u00bb16px\u00bb][vc_column_text el_id=\u00bbdefinition\u00bb]<\/p>\n<h2><span style=\"font-weight: 400;\"><img loading=\"lazy\" decoding=\"async\" class=\"alignright wp-image-1303 size-full\" title=\"Epilepsy, its causes and treatment\" src=\"https:\/\/hospitalcmq.com\/wp-content\/uploads\/2017\/08\/epilepsy.png\" alt=\"Epilepsy, learn about its causes and treatment\" width=\"470\" height=\"260\" \/>Definici\u00f3n de epilepsia<br \/>\n<\/span><\/h2>\n<p><span style=\"font-weight: 400;\">Este trastorno cerebral cr\u00f3nico afecta a personas de todo el mundo. Se caracteriza por convulsiones de episodios breves con movimientos involuntarios que afectan ciertas partes del cuerpo, <\/span><i><span style=\"font-weight: 400;\">convulsiones parciales<\/span><\/i><span style=\"font-weight: 400;\">, o en su totalidad, <\/span><i><span style=\"font-weight: 400;\">convulsiones generalizadas<\/span><\/i><span style=\"font-weight: 400;\">, que en ciertos casos son acompa\u00f1adas de p\u00e9rdida del conocimiento y control de esf\u00ednteres.\u00a0<\/span>[\/vc_column_text][vc_row_inner el_id=\u00bbsymptoms\u00bb][vc_column_inner][vc_empty_space][vc_column_text]<\/p>\n<h2>\u00bfC\u00f3mo distinguir un ataque de epilepsia?<\/h2>\n<p><span style=\"font-weight: 400;\">Las caracter\u00edsticas de los ataques son variables y dependen de la zona del cerebro en la que empieza el trastorno, as\u00ed como de su propagaci\u00f3n. Pueden producirse s\u00edntomas transitorios, como ausencias o p\u00e9rdidas de conocimiento, y trastornos del movimiento, de los sentidos (en particular la visi\u00f3n, la audici\u00f3n y el gusto), del humor o de otras funciones cognitivas.<\/span><\/p>\n<p><span style=\"font-weight: 400;\">En la mayor\u00eda de los casos, una persona con epilepsia tiende a tener el mismo tipo de convulsi\u00f3n cada vez, por lo que los s\u00edntomas ser\u00e1n similares de episodio a episodio. Los m\u00e9dicos generalmente clasifican las convulsiones como focales o generalizadas, basadas en c\u00f3mo comienza la actividad anormal del cerebro.<\/span>[\/vc_column_text][vc_empty_space][\/vc_column_inner][\/vc_row_inner][vc_row_inner el_id=\u00bbriskfactors\u00bb][vc_column_inner][vc_column_text]<\/p>\n<h2>Factores de riesgo<\/h2>\n<p><span style=\"font-weight: 400;\">Ciertos factores pueden aumentar su riesgo de epilepsia.<\/span><\/p>\n<ul>\n<li style=\"font-weight: 400;\"><span style=\"font-weight: 400;\">Edad: el inicio de la epilepsia es m\u00e1s com\u00fan durante la primera infancia y despu\u00e9s de los 60 a\u00f1os, pero la afecci\u00f3n puede ocurrir en cualquier edad<\/span><\/li>\n<li style=\"font-weight: 400;\"><span style=\"font-weight: 400;\">Historial familiar<\/span><\/li>\n<li style=\"font-weight: 400;\"><span style=\"font-weight: 400;\">Heridas en la cabeza<\/span><\/li>\n<li style=\"font-weight: 400;\"><span style=\"font-weight: 400;\">Accidente cerebrovascular y otras enfermedades vasculares\u00a0<\/span><\/li>\n<li style=\"font-weight: 400;\"><span style=\"font-weight: 400;\">La demencia puede aumentar el riesgo de epilepsia en los adultos mayores<\/span><\/li>\n<li style=\"font-weight: 400;\"><span style=\"font-weight: 400;\">Infecciones cerebrales como la meningitis, que causa inflamaci\u00f3n en el cerebro o la m\u00e9dula espinal, pueden aumentar su riesgo<\/span><\/li>\n<li style=\"font-weight: 400;\"><span style=\"font-weight: 400;\">Convulsiones en la infancia<\/span><\/li>\n<\/ul>\n<p>[\/vc_column_text][vc_empty_space height=\u00bb28px\u00bb][\/vc_column_inner][\/vc_row_inner][vc_row_inner el_id=\u00bbcauses\u00bb][vc_column_inner][vc_column_text]<\/p>\n<h2>\u00bfQu\u00e9 causa la epilepsia?<\/h2>\n<p><span style=\"font-weight: 400;\">El tipo m\u00e1s frecuente de epilepsia, que afecta a 6 de cada 10 personas, es la <\/span><i><span style=\"font-weight: 400;\">epilepsia idiop\u00e1tica<\/span><\/i><span style=\"font-weight: 400;\">, es decir, la que no tiene una causa identificable. La epilepsia con causas conocidas se denomina epilepsia secundaria o sintom\u00e1tica. Dichas causas pueden consistir en:<\/span><\/p>\n<ul>\n<li style=\"font-weight: 400;\"><span style=\"font-weight: 400;\">Anomal\u00edas cong\u00e9nitas y lesiones perinatales\u00a0\u00a0<\/span><\/li>\n<li style=\"font-weight: 400;\"><span style=\"font-weight: 400;\">Tumores y otras lesiones ocupantes de espacio\u00a0<\/span><\/li>\n<li style=\"font-weight: 400;\"><span style=\"font-weight: 400;\">Trastornos degenerativos: la enfermedad de Alzheimer y otros trastornos degenerativos tambi\u00e9n son causa de convulsiones\u00a0<\/span><\/li>\n<li style=\"font-weight: 400;\"><span style=\"font-weight: 400;\">Enfermedades infecciosas: deben considerarse en todos los grupos de edad como causas potencialmente reversibles de las convulsiones<\/span><\/li>\n<\/ul>\n<p>[\/vc_column_text][vc_empty_space height=\u00bb28px\u00bb][\/vc_column_inner][\/vc_row_inner][vc_row_inner el_id=\u00bbtreatment\u00bb][vc_column_inner][vc_column_text]<\/p>\n<h2>Tratamiento contra la epilepsia<\/h2>\n<p><span style=\"font-weight: 400;\">En la mayor\u00eda de los pacientes con convulsiones de un solo tipo, se puede lograr un control satisfactorio con f\u00e1rmacos anticonvulsivos. El tratamiento con dos o m\u00e1s f\u00e1rmacos puede reducir a\u00fan m\u00e1s la frecuencia o gravedad de las convulsiones, pero usualmente s\u00f3lo a costa de una mayor toxicidad.<\/span><\/p>\n<p><span style=\"font-weight: 400;\">La electroencefalograf\u00eda (<\/span><i><span style=\"font-weight: 400;\">EEG<\/span><\/i><span style=\"font-weight: 400;\">) puede apoyar el diagn\u00f3stico cl\u00ednico de la epilepsia, proporcionando una gu\u00eda para el pron\u00f3stico y ayudar a clasificar el trastorno convulsivo. La clasificaci\u00f3n del trastorno es importante para determinar el f\u00e1rmaco anticonvulsivo m\u00e1s apropiado con el que comenzar el tratamiento. En pacientes con epilepsia, el tratamiento con f\u00e1rmacos se prescribe con el objetivo de prevenir nuevos ataques y generalmente se contin\u00faa hasta que no haya ataques durante al menos 2 a\u00f1os.<\/span>[\/vc_column_text][\/vc_column_inner][\/vc_row_inner][\/vc_column][\/vc_row]<\/p>\n<\/div>","protected":false},"excerpt":{"rendered":"<p>Este trastorno cerebral cr\u00f3nico afecta a personas de todas las edades, g\u00e9nero y estado socioecon\u00f3mico. Es el cuarto trastorno neurol\u00f3gico m\u00e1s com\u00fan en el mundo y se caracteriza por convulsiones con movimientos involuntarios que pueden afectar parcial o totalmente al cuerpo. Descubre en este contenido el tipo de epilepsia que afecta a 6 de cada 10 personas, sus factores de riesgo y el tratamiento.<\/p>\n","protected":false},"author":2,"featured_media":0,"parent":3938,"menu_order":0,"comment_status":"closed","ping_status":"closed","template":"","meta":{"footnotes":""},"class_list":["post-6773","page","type-page","status-publish","hentry"],"acf":[],"yoast_head":"<!-- This site is optimized with the Yoast SEO plugin v27.3 - https:\/\/yoast.com\/product\/yoast-seo-wordpress\/ -->\n<title>Epilepsia, \u00bfqu\u00e9 causa esta enfermedad?<\/title>\n<meta name=\"description\" content=\"La epilepsia es el cuarto trastorno cerebral m\u00e1s com\u00fan en el mundo. Conoce aqu\u00ed los s\u00edntomas, factores de riesgo, tratamiento y qu\u00e9 hacer en caso de una convulsi\u00f3n.\" \/>\n<meta name=\"robots\" content=\"index, follow, max-snippet:-1, max-image-preview:large, max-video-preview:-1\" \/>\n<link rel=\"canonical\" href=\"https:\/\/hospitalcmq.com\/es\/enfermedades-y-condiciones\/epilepsia\/\" \/>\n<meta property=\"og:locale\" content=\"es_ES\" \/>\n<meta property=\"og:type\" content=\"article\" \/>\n<meta property=\"og:title\" content=\"Epilepsia, \u00bfqu\u00e9 causa esta enfermedad?\" \/>\n<meta property=\"og:description\" content=\"La epilepsia es el cuarto trastorno cerebral m\u00e1s com\u00fan en el mundo. Conoce aqu\u00ed los s\u00edntomas, factores de riesgo, tratamiento y qu\u00e9 hacer en caso de una convulsi\u00f3n.\" \/>\n<meta property=\"og:url\" content=\"https:\/\/hospitalcmq.com\/es\/enfermedades-y-condiciones\/epilepsia\/\" \/>\n<meta property=\"og:site_name\" content=\"Hospital CMQ\" \/>\n<meta property=\"article:publisher\" content=\"https:\/\/www.facebook.com\/HospitalCMQ\" \/>\n<meta property=\"article:modified_time\" content=\"2023-11-01T16:15:22+00:00\" \/>\n<meta property=\"og:image\" content=\"https:\/\/hospitalcmq.com\/wp-content\/uploads\/2017\/08\/epilepsy.png\" \/>\n<meta name=\"twitter:card\" content=\"summary_large_image\" \/>\n<meta name=\"twitter:label1\" content=\"Tiempo de lectura\" \/>\n\t<meta name=\"twitter:data1\" content=\"3 minutos\" \/>\n<script type=\"application\/ld+json\" class=\"yoast-schema-graph\">{\"@context\":\"https:\\\/\\\/schema.org\",\"@graph\":[{\"@type\":\"WebPage\",\"@id\":\"https:\\\/\\\/hospitalcmq.com\\\/es\\\/enfermedades-y-condiciones\\\/epilepsia\\\/\",\"url\":\"https:\\\/\\\/hospitalcmq.com\\\/es\\\/enfermedades-y-condiciones\\\/epilepsia\\\/\",\"name\":\"Epilepsia, \u00bfqu\u00e9 causa esta enfermedad?\",\"isPartOf\":{\"@id\":\"https:\\\/\\\/hospitalcmq.com\\\/es\\\/#website\"},\"primaryImageOfPage\":{\"@id\":\"https:\\\/\\\/hospitalcmq.com\\\/es\\\/enfermedades-y-condiciones\\\/epilepsia\\\/#primaryimage\"},\"image\":{\"@id\":\"https:\\\/\\\/hospitalcmq.com\\\/es\\\/enfermedades-y-condiciones\\\/epilepsia\\\/#primaryimage\"},\"thumbnailUrl\":\"https:\\\/\\\/hospitalcmq.com\\\/wp-content\\\/uploads\\\/2017\\\/08\\\/epilepsy.png\",\"datePublished\":\"2019-09-23T16:53:54+00:00\",\"dateModified\":\"2023-11-01T16:15:22+00:00\",\"description\":\"La epilepsia es el cuarto trastorno cerebral m\u00e1s com\u00fan en el mundo. Conoce aqu\u00ed los s\u00edntomas, factores de riesgo, tratamiento y qu\u00e9 hacer en caso de una convulsi\u00f3n.\",\"breadcrumb\":{\"@id\":\"https:\\\/\\\/hospitalcmq.com\\\/es\\\/enfermedades-y-condiciones\\\/epilepsia\\\/#breadcrumb\"},\"inLanguage\":\"es\",\"potentialAction\":[{\"@type\":\"ReadAction\",\"target\":[\"https:\\\/\\\/hospitalcmq.com\\\/es\\\/enfermedades-y-condiciones\\\/epilepsia\\\/\"]}]},{\"@type\":\"ImageObject\",\"inLanguage\":\"es\",\"@id\":\"https:\\\/\\\/hospitalcmq.com\\\/es\\\/enfermedades-y-condiciones\\\/epilepsia\\\/#primaryimage\",\"url\":\"https:\\\/\\\/hospitalcmq.com\\\/wp-content\\\/uploads\\\/2017\\\/08\\\/epilepsy.png\",\"contentUrl\":\"https:\\\/\\\/hospitalcmq.com\\\/wp-content\\\/uploads\\\/2017\\\/08\\\/epilepsy.png\"},{\"@type\":\"BreadcrumbList\",\"@id\":\"https:\\\/\\\/hospitalcmq.com\\\/es\\\/enfermedades-y-condiciones\\\/epilepsia\\\/#breadcrumb\",\"itemListElement\":[{\"@type\":\"ListItem\",\"position\":1,\"name\":\"Home\",\"item\":\"https:\\\/\\\/hospitalcmq.com\\\/es\\\/\"},{\"@type\":\"ListItem\",\"position\":2,\"name\":\"Enfermedades y Condiciones\",\"item\":\"https:\\\/\\\/hospitalcmq.com\\\/es\\\/enfermedades-y-condiciones\\\/\"},{\"@type\":\"ListItem\",\"position\":3,\"name\":\"Epilepsia: sus causas y qu\u00e9 hacer en caso de convulsiones\"}]},{\"@type\":\"WebSite\",\"@id\":\"https:\\\/\\\/hospitalcmq.com\\\/es\\\/#website\",\"url\":\"https:\\\/\\\/hospitalcmq.com\\\/es\\\/\",\"name\":\"Hospital CMQ\",\"description\":\"Best Hospitals in Puerto Vallarta &amp; Riviera Nayarit\",\"publisher\":{\"@id\":\"https:\\\/\\\/hospitalcmq.com\\\/es\\\/#organization\"},\"potentialAction\":[{\"@type\":\"SearchAction\",\"target\":{\"@type\":\"EntryPoint\",\"urlTemplate\":\"https:\\\/\\\/hospitalcmq.com\\\/es\\\/?s={search_term_string}\"},\"query-input\":{\"@type\":\"PropertyValueSpecification\",\"valueRequired\":true,\"valueName\":\"search_term_string\"}}],\"inLanguage\":\"es\"},{\"@type\":\"Organization\",\"@id\":\"https:\\\/\\\/hospitalcmq.com\\\/es\\\/#organization\",\"name\":\"Hospital CMQ\",\"url\":\"https:\\\/\\\/hospitalcmq.com\\\/es\\\/\",\"logo\":{\"@type\":\"ImageObject\",\"inLanguage\":\"es\",\"@id\":\"https:\\\/\\\/hospitalcmq.com\\\/es\\\/#\\\/schema\\\/logo\\\/image\\\/\",\"url\":\"https:\\\/\\\/hospitalcmq.com\\\/wp-content\\\/uploads\\\/2018\\\/06\\\/cmq-hospital-logo.png\",\"contentUrl\":\"https:\\\/\\\/hospitalcmq.com\\\/wp-content\\\/uploads\\\/2018\\\/06\\\/cmq-hospital-logo.png\",\"width\":214,\"height\":189,\"caption\":\"Hospital CMQ\"},\"image\":{\"@id\":\"https:\\\/\\\/hospitalcmq.com\\\/es\\\/#\\\/schema\\\/logo\\\/image\\\/\"},\"sameAs\":[\"https:\\\/\\\/www.facebook.com\\\/HospitalCMQ\"]}]}<\/script>\n<!-- \/ Yoast SEO plugin. -->","yoast_head_json":{"title":"Epilepsia, \u00bfqu\u00e9 causa esta enfermedad?","description":"La epilepsia es el cuarto trastorno cerebral m\u00e1s com\u00fan en el mundo. Conoce aqu\u00ed los s\u00edntomas, factores de riesgo, tratamiento y qu\u00e9 hacer en caso de una convulsi\u00f3n.","robots":{"index":"index","follow":"follow","max-snippet":"max-snippet:-1","max-image-preview":"max-image-preview:large","max-video-preview":"max-video-preview:-1"},"canonical":"https:\/\/hospitalcmq.com\/es\/enfermedades-y-condiciones\/epilepsia\/","og_locale":"es_ES","og_type":"article","og_title":"Epilepsia, \u00bfqu\u00e9 causa esta enfermedad?","og_description":"La epilepsia es el cuarto trastorno cerebral m\u00e1s com\u00fan en el mundo. Conoce aqu\u00ed los s\u00edntomas, factores de riesgo, tratamiento y qu\u00e9 hacer en caso de una convulsi\u00f3n.","og_url":"https:\/\/hospitalcmq.com\/es\/enfermedades-y-condiciones\/epilepsia\/","og_site_name":"Hospital CMQ","article_publisher":"https:\/\/www.facebook.com\/HospitalCMQ","article_modified_time":"2023-11-01T16:15:22+00:00","og_image":[{"url":"https:\/\/hospitalcmq.com\/wp-content\/uploads\/2017\/08\/epilepsy.png","type":"","width":"","height":""}],"twitter_card":"summary_large_image","twitter_misc":{"Tiempo de lectura":"3 minutos"},"schema":{"@context":"https:\/\/schema.org","@graph":[{"@type":"WebPage","@id":"https:\/\/hospitalcmq.com\/es\/enfermedades-y-condiciones\/epilepsia\/","url":"https:\/\/hospitalcmq.com\/es\/enfermedades-y-condiciones\/epilepsia\/","name":"Epilepsia, \u00bfqu\u00e9 causa esta enfermedad?","isPartOf":{"@id":"https:\/\/hospitalcmq.com\/es\/#website"},"primaryImageOfPage":{"@id":"https:\/\/hospitalcmq.com\/es\/enfermedades-y-condiciones\/epilepsia\/#primaryimage"},"image":{"@id":"https:\/\/hospitalcmq.com\/es\/enfermedades-y-condiciones\/epilepsia\/#primaryimage"},"thumbnailUrl":"https:\/\/hospitalcmq.com\/wp-content\/uploads\/2017\/08\/epilepsy.png","datePublished":"2019-09-23T16:53:54+00:00","dateModified":"2023-11-01T16:15:22+00:00","description":"La epilepsia es el cuarto trastorno cerebral m\u00e1s com\u00fan en el mundo. Conoce aqu\u00ed los s\u00edntomas, factores de riesgo, tratamiento y qu\u00e9 hacer en caso de una convulsi\u00f3n.","breadcrumb":{"@id":"https:\/\/hospitalcmq.com\/es\/enfermedades-y-condiciones\/epilepsia\/#breadcrumb"},"inLanguage":"es","potentialAction":[{"@type":"ReadAction","target":["https:\/\/hospitalcmq.com\/es\/enfermedades-y-condiciones\/epilepsia\/"]}]},{"@type":"ImageObject","inLanguage":"es","@id":"https:\/\/hospitalcmq.com\/es\/enfermedades-y-condiciones\/epilepsia\/#primaryimage","url":"https:\/\/hospitalcmq.com\/wp-content\/uploads\/2017\/08\/epilepsy.png","contentUrl":"https:\/\/hospitalcmq.com\/wp-content\/uploads\/2017\/08\/epilepsy.png"},{"@type":"BreadcrumbList","@id":"https:\/\/hospitalcmq.com\/es\/enfermedades-y-condiciones\/epilepsia\/#breadcrumb","itemListElement":[{"@type":"ListItem","position":1,"name":"Home","item":"https:\/\/hospitalcmq.com\/es\/"},{"@type":"ListItem","position":2,"name":"Enfermedades y Condiciones","item":"https:\/\/hospitalcmq.com\/es\/enfermedades-y-condiciones\/"},{"@type":"ListItem","position":3,"name":"Epilepsia: sus causas y qu\u00e9 hacer en caso de convulsiones"}]},{"@type":"WebSite","@id":"https:\/\/hospitalcmq.com\/es\/#website","url":"https:\/\/hospitalcmq.com\/es\/","name":"Hospital CMQ","description":"Best Hospitals in Puerto Vallarta &amp; Riviera Nayarit","publisher":{"@id":"https:\/\/hospitalcmq.com\/es\/#organization"},"potentialAction":[{"@type":"SearchAction","target":{"@type":"EntryPoint","urlTemplate":"https:\/\/hospitalcmq.com\/es\/?s={search_term_string}"},"query-input":{"@type":"PropertyValueSpecification","valueRequired":true,"valueName":"search_term_string"}}],"inLanguage":"es"},{"@type":"Organization","@id":"https:\/\/hospitalcmq.com\/es\/#organization","name":"Hospital CMQ","url":"https:\/\/hospitalcmq.com\/es\/","logo":{"@type":"ImageObject","inLanguage":"es","@id":"https:\/\/hospitalcmq.com\/es\/#\/schema\/logo\/image\/","url":"https:\/\/hospitalcmq.com\/wp-content\/uploads\/2018\/06\/cmq-hospital-logo.png","contentUrl":"https:\/\/hospitalcmq.com\/wp-content\/uploads\/2018\/06\/cmq-hospital-logo.png","width":214,"height":189,"caption":"Hospital CMQ"},"image":{"@id":"https:\/\/hospitalcmq.com\/es\/#\/schema\/logo\/image\/"},"sameAs":["https:\/\/www.facebook.com\/HospitalCMQ"]}]}},"_links":{"self":[{"href":"https:\/\/hospitalcmq.com\/es\/wp-json\/wp\/v2\/pages\/6773","targetHints":{"allow":["GET"]}}],"collection":[{"href":"https:\/\/hospitalcmq.com\/es\/wp-json\/wp\/v2\/pages"}],"about":[{"href":"https:\/\/hospitalcmq.com\/es\/wp-json\/wp\/v2\/types\/page"}],"author":[{"embeddable":true,"href":"https:\/\/hospitalcmq.com\/es\/wp-json\/wp\/v2\/users\/2"}],"replies":[{"embeddable":true,"href":"https:\/\/hospitalcmq.com\/es\/wp-json\/wp\/v2\/comments?post=6773"}],"version-history":[{"count":0,"href":"https:\/\/hospitalcmq.com\/es\/wp-json\/wp\/v2\/pages\/6773\/revisions"}],"up":[{"embeddable":true,"href":"https:\/\/hospitalcmq.com\/es\/wp-json\/wp\/v2\/pages\/3938"}],"wp:attachment":[{"href":"https:\/\/hospitalcmq.com\/es\/wp-json\/wp\/v2\/media?parent=6773"}],"curies":[{"name":"wp","href":"https:\/\/api.w.org\/{rel}","templated":true}]}}