{"id":6767,"date":"2019-09-23T11:39:27","date_gmt":"2019-09-23T16:39:27","guid":{"rendered":"https:\/\/hospitalcmq.com\/?page_id=6767"},"modified":"2024-07-01T10:24:01","modified_gmt":"2024-07-01T16:24:01","slug":"diarrea","status":"publish","type":"page","link":"https:\/\/hospitalcmq.com\/es\/enfermedades-y-condiciones\/diarrea\/","title":{"rendered":"Diarrea: tipos, tratamiento y prevenci\u00f3n"},"content":{"rendered":"<div class=\"wpb-content-wrapper\"><p>[vc_row][vc_column][vc_column_text el_id=\u00bbdefinition\u00bb]<\/p>\n<h2>Definici\u00f3n<\/h2>\n<p><span style=\"font-weight: 400;\">Todos conocemos, y hemos experimentado, las inconveniencias que trae consigo la diarrea. Enfermedad que nos hace permanecer en el ba\u00f1o por m\u00e1s tiempo del que desear\u00edamos. Es desagradable, y en ocasiones, puede tornarse peligrosa. Esta afecci\u00f3n se caracteriza por evacuaciones de heces blandas y l\u00edquidas generalmente en un n\u00famero mayor de tres veces en un d\u00eda, se acompa\u00f1a con dolor abdominal y c\u00f3licos.<\/span><\/p>\n<p><span style=\"font-weight: 400;\">Normalmente, desaparece por s\u00ed sola en pocos d\u00edas. Sin embargo, si dura m\u00e1s de dos semanas, se considera persistente o cr\u00f3nica y puede indicar un problema de salud grave que requiere atenci\u00f3n m\u00e9dica.<\/span>[\/vc_column_text][vc_empty_space height=\u00bb28px\u00bb][vc_row_inner el_id=\u00bbprevention\u00bb][vc_column_inner][vc_column_text]<\/p>\n<h2>Tipos de Diarrea<\/h2>\n<ul>\n<li><b>Aguda: <span style=\"font-weight: 400;\">Dura generalmente de 1 a 2 d\u00edas y desaparece por s\u00ed sola<\/span><\/b><\/li>\n<li><strong>Persistente<\/strong>: <span style=\"font-weight: 400;\">Dura entre 2 y 4 semanas<\/span><\/li>\n<li><strong>Cr\u00f3nica:<\/strong> <span style=\"font-weight: 400;\">M\u00e1s de 4 semanas con s\u00edntomas continuos<\/span><\/li>\n<\/ul>\n<p><span style=\"font-weight: 400;\">La diarrea aguda es el tipo m\u00e1s com\u00fan. Estudios estiman que en Estados Unidos, hay aproximadamente 179 millones de casos al a\u00f1o.\u00a0<\/span><\/p>\n<p style=\"text-align: center;\"><i><span style=\"font-weight: 400;\">\u00bfSab\u00edas que la diarrea es la manera que el cuerpo tiene de deshacerse de g\u00e9rmenes y bacterias? <\/span><\/i><\/p>\n<p>[\/vc_column_text][\/vc_column_inner][\/vc_row_inner][vc_empty_space height=\u00bb28px\u00bb][vc_row_inner el_id=\u00bbsymptoms\u00bb][vc_column_inner][vc_column_text]<\/p>\n<h2>Causas y S\u00edntomas de la Diarrea<\/h2>\n<p><span style=\"font-weight: 400;\">La diarrea puede ser causada por numerosos factores como bacterias, virus, medicamentos, alimentos, y ciertos problemas digestivo. Algunas de las causas m\u00e1s comunes son:<\/span><\/p>\n<ul>\n<li style=\"font-weight: 400;\"><span style=\"font-weight: 400;\">Infecciones virales, como el rotavirus<\/span><\/li>\n<li style=\"font-weight: 400;\"><span style=\"font-weight: 400;\">Infecciones por par\u00e1sitos y bacterias que entran al cuerpo mediante alimentos y bebidas contaminadas<\/span><\/li>\n<\/ul>\n<p><span style=\"font-weight: 400;\">Como se es sabido, el principal s\u00edntoma de la diarrea son las concurridas evacuaciones intestinales de heces sueltas. No obstante, tambi\u00e9n se pueden presentar uno o m\u00e1s de los siguientes signos:<\/span><\/p>\n<ul>\n<li style=\"font-weight: 400;\"><span style=\"font-weight: 400;\">Dolor o calambres en el abdomen<\/span><\/li>\n<li style=\"font-weight: 400;\"><span style=\"font-weight: 400;\">Necesidad urgente de ir al ba\u00f1o y no defecar<\/span><\/li>\n<li style=\"font-weight: 400;\"><span style=\"font-weight: 400;\">N\u00e1useas<\/span><\/li>\n<li style=\"font-weight: 400;\"><span style=\"font-weight: 400;\">P\u00e9rdida de control de las evacuaciones<\/span><\/li>\n<\/ul>\n<p><span style=\"font-weight: 400;\">Si la diarrea es causada por infecciones, se pueden experimentar los siguientes s\u00edntomas:<\/span><\/p>\n<ul>\n<li style=\"font-weight: 400;\"><span style=\"font-weight: 400;\">Sangre en las heces<\/span><\/li>\n<li style=\"font-weight: 400;\"><span style=\"font-weight: 400;\">V\u00f3mitos<\/span><\/li>\n<li style=\"font-weight: 400;\"><span style=\"font-weight: 400;\">Fiebre y escalofr\u00edos<\/span><\/li>\n<li style=\"font-weight: 400;\"><span style=\"font-weight: 400;\">Fatiga y mareos<\/span><\/li>\n<\/ul>\n<p><span style=\"font-weight: 400;\">Asiste inmediatamente al m\u00e9dico si tu diarrea dura m\u00e1s de cuatro semanas, presentas sangre en las heces, extremo dolor abdominal, fiebre, o p\u00e9rdida de peso.\u00a0<\/span>[\/vc_column_text][\/vc_column_inner][\/vc_row_inner][vc_empty_space][vc_row_inner el_id=\u00bbcauses\u00bb][vc_column_inner][vc_column_text]<\/p>\n<h2>Diarrea Infantil<\/h2>\n<p><span style=\"font-weight: 400;\">La diarrea en los ni\u00f1os a menudo trae consigo fiebre, calambres estomacales, n\u00e1useas, v\u00f3mitos, y deshidrataci\u00f3n. Una de las razones m\u00e1s comunes por las que los ni\u00f1os se enferman es debido a infecciones por virus, como el rotavirus, bacterias como la salmonela y par\u00e1sitos como la giardia.\u00a0<\/span>[\/vc_column_text][vc_empty_space][\/vc_column_inner][\/vc_row_inner][vc_row_inner][vc_column_inner][vc_column_text]<\/p>\n<h2>\u00bfC\u00f3mo prevenir la diarrea infantil?<\/h2>\n<p><span style=\"font-weight: 400;\">Una forma eficaz de prevenir la diarrea en ni\u00f1os es vacunarlos contra el rotavirus, la causa principal de diarrea severa en beb\u00e9s y ni\u00f1os peque\u00f1os. El Centro para el Control y la Prevenci\u00f3n de Enfermedades CDC recomienda que los beb\u00e9s reciban su primera dosis a los 2 meses de edad; la segunda dosis debe administrarse a los 4 meses, y si es necesario, administrar una tercera dosis a los 6 meses.\u00a0<\/span>[\/vc_column_text][vc_empty_space][\/vc_column_inner][\/vc_row_inner][vc_row_inner el_id=\u00bbpregnancy\u00bb][vc_column_inner][vc_column_text]<\/p>\n<h2>Diarrea en el Embarazo<\/h2>\n<p><span style=\"font-weight: 400;\">Problemas digestivos como estre\u00f1imiento y diarrea, ocurren frecuentemente durante el embarazo, y si no se tiene un cuidado especial pueden desencadenar ciertas complicaciones. Algunas causas de diarrea en el embarazo incluyen:<\/span><\/p>\n<ul>\n<li><b><span style=\"font-weight: 400;\">Cambios extremos en la dieta.<\/span><\/b><\/li>\n<li><span style=\"font-weight: 400;\">Sensibilidad a la comida.<\/span><\/li>\n<li><span style=\"font-weight: 400;\">Vitaminas Prenatales.<\/span><\/li>\n<li><span style=\"font-weight: 400;\">Cambios Hormonales.<\/span><\/li>\n<\/ul>\n<p><span style=\"font-weight: 400;\">La diarrea es m\u00e1s com\u00fan en el tercer trimestre, ya que mientras est\u00e9 m\u00e1s cerca la fecha de parto, el cuerpo se est\u00e1 preparando, lo que puede ocasionar diarrea frecuente.<\/span>[\/vc_column_text][\/vc_column_inner][\/vc_row_inner][vc_empty_space][vc_row_inner el_id=\u00bbtreatment\u00bb][vc_column_inner][vc_column_text]<\/p>\n<h2>Tratamiento<\/h2>\n<p><span style=\"font-weight: 400;\">En ocasiones, la diarrea puede indicar un problema de salud m\u00e1s grave que requiere de inmediata atenci\u00f3n m\u00e9dica. Sin embargo, en la mayor\u00eda de los casos, un brote de diarrea generalmente desaparece espont\u00e1neamente en pocos d\u00edas sin causar ning\u00fan problema de salud.\u00a0<\/span><\/p>\n<p><span style=\"font-weight: 400;\">Debido a que la diarrea puede transmitirse a veces por contacto personal, o por manos contaminadas, el lavado de manos es esencial. Lavarse las manos despu\u00e9s de ir al ba\u00f1o y antes de comer, ayuda a bloquear posibles pat\u00f3genos que causan diarrea. <\/span>[\/vc_column_text][\/vc_column_inner][\/vc_row_inner][\/vc_column][\/vc_row]<\/p>\n<\/div>","protected":false},"excerpt":{"rendered":"<p>Diarrea se define como aquel movimiento intestinal que produce heces sueltas o l\u00edquidas. Es una infecci\u00f3n del tracto digestivo que puede ser causada por bacterias, virus o par\u00e1sitos. Esta enfermedad es la segunda causa principal de muerte en ni\u00f1os menores de cinco a\u00f1os. Conoce aqu\u00ed las acciones que pueden ayudarte a prevenir la diarrea y c\u00f3mo vencerla.<\/p>\n","protected":false},"author":2,"featured_media":0,"parent":3938,"menu_order":0,"comment_status":"closed","ping_status":"closed","template":"","meta":{"footnotes":""},"class_list":["post-6767","page","type-page","status-publish","hentry"],"acf":[],"yoast_head":"<!-- This site is optimized with the Yoast SEO plugin v27.4 - https:\/\/yoast.com\/product\/yoast-seo-wordpress\/ -->\n<title>Enfermedad de la Diarrea: Tipos, Tratamiento y Prevenci\u00f3n<\/title>\n<meta name=\"description\" content=\"Todos conocemos las inconveniencias que trae consigo la diarrea, pero, \u00bfconoces c\u00f3mo evitarla para no volver a padecerla? Inf\u00f3rmate aqu\u00ed sobre los tipos, el tratamiento y la correcta prevenci\u00f3n contra la diarrea.\" \/>\n<meta name=\"robots\" content=\"index, follow, max-snippet:-1, max-image-preview:large, max-video-preview:-1\" \/>\n<link rel=\"canonical\" href=\"https:\/\/hospitalcmq.com\/es\/enfermedades-y-condiciones\/diarrea\/\" \/>\n<meta property=\"og:locale\" content=\"es_ES\" \/>\n<meta property=\"og:type\" content=\"article\" \/>\n<meta property=\"og:title\" content=\"Enfermedad de la Diarrea: Tipos, Tratamiento y Prevenci\u00f3n\" \/>\n<meta property=\"og:description\" content=\"Todos conocemos las inconveniencias que trae consigo la diarrea, pero, \u00bfconoces c\u00f3mo evitarla para no volver a padecerla? Inf\u00f3rmate aqu\u00ed sobre los tipos, el tratamiento y la correcta prevenci\u00f3n contra la diarrea.\" \/>\n<meta property=\"og:url\" content=\"https:\/\/hospitalcmq.com\/es\/enfermedades-y-condiciones\/diarrea\/\" \/>\n<meta property=\"og:site_name\" content=\"Hospital CMQ\" \/>\n<meta property=\"article:publisher\" content=\"https:\/\/www.facebook.com\/HospitalCMQ\" \/>\n<meta property=\"article:modified_time\" content=\"2024-07-01T16:24:01+00:00\" \/>\n<meta property=\"og:image\" content=\"https:\/\/hospitalcmq.com\/wp-content\/uploads\/2018\/06\/cmq-hospital-logo.png\" \/>\n\t<meta property=\"og:image:width\" content=\"214\" \/>\n\t<meta property=\"og:image:height\" content=\"189\" \/>\n\t<meta property=\"og:image:type\" content=\"image\/png\" \/>\n<meta name=\"twitter:card\" content=\"summary_large_image\" \/>\n<meta name=\"twitter:label1\" content=\"Tiempo de lectura\" \/>\n\t<meta name=\"twitter:data1\" content=\"3 minutos\" \/>\n<script type=\"application\/ld+json\" class=\"yoast-schema-graph\">{\"@context\":\"https:\\\/\\\/schema.org\",\"@graph\":[{\"@type\":\"WebPage\",\"@id\":\"https:\\\/\\\/hospitalcmq.com\\\/es\\\/enfermedades-y-condiciones\\\/diarrea\\\/\",\"url\":\"https:\\\/\\\/hospitalcmq.com\\\/es\\\/enfermedades-y-condiciones\\\/diarrea\\\/\",\"name\":\"Enfermedad de la Diarrea: Tipos, Tratamiento y Prevenci\u00f3n\",\"isPartOf\":{\"@id\":\"https:\\\/\\\/hospitalcmq.com\\\/es\\\/#website\"},\"datePublished\":\"2019-09-23T16:39:27+00:00\",\"dateModified\":\"2024-07-01T16:24:01+00:00\",\"description\":\"Todos conocemos las inconveniencias que trae consigo la diarrea, pero, \u00bfconoces c\u00f3mo evitarla para no volver a padecerla? Inf\u00f3rmate aqu\u00ed sobre los tipos, el tratamiento y la correcta prevenci\u00f3n contra la diarrea.\",\"breadcrumb\":{\"@id\":\"https:\\\/\\\/hospitalcmq.com\\\/es\\\/enfermedades-y-condiciones\\\/diarrea\\\/#breadcrumb\"},\"inLanguage\":\"es\",\"potentialAction\":[{\"@type\":\"ReadAction\",\"target\":[\"https:\\\/\\\/hospitalcmq.com\\\/es\\\/enfermedades-y-condiciones\\\/diarrea\\\/\"]}]},{\"@type\":\"BreadcrumbList\",\"@id\":\"https:\\\/\\\/hospitalcmq.com\\\/es\\\/enfermedades-y-condiciones\\\/diarrea\\\/#breadcrumb\",\"itemListElement\":[{\"@type\":\"ListItem\",\"position\":1,\"name\":\"Home\",\"item\":\"https:\\\/\\\/hospitalcmq.com\\\/es\\\/\"},{\"@type\":\"ListItem\",\"position\":2,\"name\":\"Enfermedades y Condiciones\",\"item\":\"https:\\\/\\\/hospitalcmq.com\\\/es\\\/enfermedades-y-condiciones\\\/\"},{\"@type\":\"ListItem\",\"position\":3,\"name\":\"Diarrea: tipos, tratamiento y prevenci\u00f3n\"}]},{\"@type\":\"WebSite\",\"@id\":\"https:\\\/\\\/hospitalcmq.com\\\/es\\\/#website\",\"url\":\"https:\\\/\\\/hospitalcmq.com\\\/es\\\/\",\"name\":\"Hospital CMQ\",\"description\":\"Best Hospitals in Puerto Vallarta &amp; Riviera Nayarit\",\"publisher\":{\"@id\":\"https:\\\/\\\/hospitalcmq.com\\\/es\\\/#organization\"},\"potentialAction\":[{\"@type\":\"SearchAction\",\"target\":{\"@type\":\"EntryPoint\",\"urlTemplate\":\"https:\\\/\\\/hospitalcmq.com\\\/es\\\/?s={search_term_string}\"},\"query-input\":{\"@type\":\"PropertyValueSpecification\",\"valueRequired\":true,\"valueName\":\"search_term_string\"}}],\"inLanguage\":\"es\"},{\"@type\":\"Organization\",\"@id\":\"https:\\\/\\\/hospitalcmq.com\\\/es\\\/#organization\",\"name\":\"Hospital CMQ\",\"url\":\"https:\\\/\\\/hospitalcmq.com\\\/es\\\/\",\"logo\":{\"@type\":\"ImageObject\",\"inLanguage\":\"es\",\"@id\":\"https:\\\/\\\/hospitalcmq.com\\\/es\\\/#\\\/schema\\\/logo\\\/image\\\/\",\"url\":\"https:\\\/\\\/hospitalcmq.com\\\/wp-content\\\/uploads\\\/2018\\\/06\\\/cmq-hospital-logo.png\",\"contentUrl\":\"https:\\\/\\\/hospitalcmq.com\\\/wp-content\\\/uploads\\\/2018\\\/06\\\/cmq-hospital-logo.png\",\"width\":214,\"height\":189,\"caption\":\"Hospital CMQ\"},\"image\":{\"@id\":\"https:\\\/\\\/hospitalcmq.com\\\/es\\\/#\\\/schema\\\/logo\\\/image\\\/\"},\"sameAs\":[\"https:\\\/\\\/www.facebook.com\\\/HospitalCMQ\"]}]}<\/script>\n<!-- \/ Yoast SEO plugin. -->","yoast_head_json":{"title":"Enfermedad de la Diarrea: Tipos, Tratamiento y Prevenci\u00f3n","description":"Todos conocemos las inconveniencias que trae consigo la diarrea, pero, \u00bfconoces c\u00f3mo evitarla para no volver a padecerla? Inf\u00f3rmate aqu\u00ed sobre los tipos, el tratamiento y la correcta prevenci\u00f3n contra la diarrea.","robots":{"index":"index","follow":"follow","max-snippet":"max-snippet:-1","max-image-preview":"max-image-preview:large","max-video-preview":"max-video-preview:-1"},"canonical":"https:\/\/hospitalcmq.com\/es\/enfermedades-y-condiciones\/diarrea\/","og_locale":"es_ES","og_type":"article","og_title":"Enfermedad de la Diarrea: Tipos, Tratamiento y Prevenci\u00f3n","og_description":"Todos conocemos las inconveniencias que trae consigo la diarrea, pero, \u00bfconoces c\u00f3mo evitarla para no volver a padecerla? Inf\u00f3rmate aqu\u00ed sobre los tipos, el tratamiento y la correcta prevenci\u00f3n contra la diarrea.","og_url":"https:\/\/hospitalcmq.com\/es\/enfermedades-y-condiciones\/diarrea\/","og_site_name":"Hospital CMQ","article_publisher":"https:\/\/www.facebook.com\/HospitalCMQ","article_modified_time":"2024-07-01T16:24:01+00:00","og_image":[{"width":214,"height":189,"url":"https:\/\/hospitalcmq.com\/wp-content\/uploads\/2018\/06\/cmq-hospital-logo.png","type":"image\/png"}],"twitter_card":"summary_large_image","twitter_misc":{"Tiempo de lectura":"3 minutos"},"schema":{"@context":"https:\/\/schema.org","@graph":[{"@type":"WebPage","@id":"https:\/\/hospitalcmq.com\/es\/enfermedades-y-condiciones\/diarrea\/","url":"https:\/\/hospitalcmq.com\/es\/enfermedades-y-condiciones\/diarrea\/","name":"Enfermedad de la Diarrea: Tipos, Tratamiento y Prevenci\u00f3n","isPartOf":{"@id":"https:\/\/hospitalcmq.com\/es\/#website"},"datePublished":"2019-09-23T16:39:27+00:00","dateModified":"2024-07-01T16:24:01+00:00","description":"Todos conocemos las inconveniencias que trae consigo la diarrea, pero, \u00bfconoces c\u00f3mo evitarla para no volver a padecerla? Inf\u00f3rmate aqu\u00ed sobre los tipos, el tratamiento y la correcta prevenci\u00f3n contra la diarrea.","breadcrumb":{"@id":"https:\/\/hospitalcmq.com\/es\/enfermedades-y-condiciones\/diarrea\/#breadcrumb"},"inLanguage":"es","potentialAction":[{"@type":"ReadAction","target":["https:\/\/hospitalcmq.com\/es\/enfermedades-y-condiciones\/diarrea\/"]}]},{"@type":"BreadcrumbList","@id":"https:\/\/hospitalcmq.com\/es\/enfermedades-y-condiciones\/diarrea\/#breadcrumb","itemListElement":[{"@type":"ListItem","position":1,"name":"Home","item":"https:\/\/hospitalcmq.com\/es\/"},{"@type":"ListItem","position":2,"name":"Enfermedades y Condiciones","item":"https:\/\/hospitalcmq.com\/es\/enfermedades-y-condiciones\/"},{"@type":"ListItem","position":3,"name":"Diarrea: tipos, tratamiento y prevenci\u00f3n"}]},{"@type":"WebSite","@id":"https:\/\/hospitalcmq.com\/es\/#website","url":"https:\/\/hospitalcmq.com\/es\/","name":"Hospital CMQ","description":"Best Hospitals in Puerto Vallarta &amp; Riviera Nayarit","publisher":{"@id":"https:\/\/hospitalcmq.com\/es\/#organization"},"potentialAction":[{"@type":"SearchAction","target":{"@type":"EntryPoint","urlTemplate":"https:\/\/hospitalcmq.com\/es\/?s={search_term_string}"},"query-input":{"@type":"PropertyValueSpecification","valueRequired":true,"valueName":"search_term_string"}}],"inLanguage":"es"},{"@type":"Organization","@id":"https:\/\/hospitalcmq.com\/es\/#organization","name":"Hospital CMQ","url":"https:\/\/hospitalcmq.com\/es\/","logo":{"@type":"ImageObject","inLanguage":"es","@id":"https:\/\/hospitalcmq.com\/es\/#\/schema\/logo\/image\/","url":"https:\/\/hospitalcmq.com\/wp-content\/uploads\/2018\/06\/cmq-hospital-logo.png","contentUrl":"https:\/\/hospitalcmq.com\/wp-content\/uploads\/2018\/06\/cmq-hospital-logo.png","width":214,"height":189,"caption":"Hospital CMQ"},"image":{"@id":"https:\/\/hospitalcmq.com\/es\/#\/schema\/logo\/image\/"},"sameAs":["https:\/\/www.facebook.com\/HospitalCMQ"]}]}},"_links":{"self":[{"href":"https:\/\/hospitalcmq.com\/es\/wp-json\/wp\/v2\/pages\/6767","targetHints":{"allow":["GET"]}}],"collection":[{"href":"https:\/\/hospitalcmq.com\/es\/wp-json\/wp\/v2\/pages"}],"about":[{"href":"https:\/\/hospitalcmq.com\/es\/wp-json\/wp\/v2\/types\/page"}],"author":[{"embeddable":true,"href":"https:\/\/hospitalcmq.com\/es\/wp-json\/wp\/v2\/users\/2"}],"replies":[{"embeddable":true,"href":"https:\/\/hospitalcmq.com\/es\/wp-json\/wp\/v2\/comments?post=6767"}],"version-history":[{"count":0,"href":"https:\/\/hospitalcmq.com\/es\/wp-json\/wp\/v2\/pages\/6767\/revisions"}],"up":[{"embeddable":true,"href":"https:\/\/hospitalcmq.com\/es\/wp-json\/wp\/v2\/pages\/3938"}],"wp:attachment":[{"href":"https:\/\/hospitalcmq.com\/es\/wp-json\/wp\/v2\/media?parent=6767"}],"curies":[{"name":"wp","href":"https:\/\/api.w.org\/{rel}","templated":true}]}}