{"id":6759,"date":"2019-09-23T10:59:14","date_gmt":"2019-09-23T15:59:14","guid":{"rendered":"https:\/\/hospitalcmq.com\/?page_id=6759"},"modified":"2024-07-01T10:22:07","modified_gmt":"2024-07-01T16:22:07","slug":"diabetes","status":"publish","type":"page","link":"https:\/\/hospitalcmq.com\/es\/enfermedades-y-condiciones\/diabetes\/","title":{"rendered":"Diabetes Mellitus: tipos, s\u00edntomas y prevenci\u00f3n"},"content":{"rendered":"<div class=\"wpb-content-wrapper\"><p>[vc_row][vc_column][vc_column_text el_id=\u00bbdefinition\u00bb]<\/p>\n<div id=\"attachment_360\" style=\"width: 480px\" class=\"wp-caption alignright\"><img loading=\"lazy\" decoding=\"async\" aria-describedby=\"caption-attachment-360\" class=\"wp-image-1300 size-full\" src=\"https:\/\/hospitalcmq.com\/wp-content\/uploads\/2017\/08\/diabetes.jpg\" alt=\"Diabetes Mellitus is a common illness in Mexico\" width=\"470\" height=\"260\" \/><p id=\"caption-attachment-360\" class=\"wp-caption-text\">Una de las enfermedades m\u00e1s comunes en Puerto Vallarta: la diabetes mellitus<\/p><\/div>\n<h2>Diabetes Mellitus, \u00bfqu\u00e9 es?<\/h2>\n<p><span style=\"font-weight: 400;\">La <strong>diabetes mellitus (DM)<\/strong> es una enfermedad cr\u00f3nica que aparece cuando el p\u00e1ncreas no produce insulina suficiente o cuando el organismo no utiliza eficazmente la insulina que produce. La insulina es una hormona producida por el p\u00e1ncreas para controlar el az\u00facar en la sangre. El papel de la insulina es transportar la glucosa del torrente sangu\u00edneo hasta los tejidos o m\u00fasculos donde se almacena y se utiliza como fuente de energ\u00eda. <\/span><\/p>\n<p><span style=\"font-weight: 400;\">Las personas con diabetes presentan niveles altos de az\u00facar debido a que su cuerpo no trabaja de manera correcta para quemar y\/o almacenar dicha az\u00facar como energ\u00eda.<\/span><\/p>\n<p><b>Tipos de diabetes m\u00e1s comunes<\/b><\/p>\n<ul>\n<li style=\"font-weight: 400;\"><b>Prediabetes:<\/b><span style=\"font-weight: 400;\"> niveles de az\u00facar en sangre son m\u00e1s altos de lo normal, pero no lo suficiente para que la enfermedad se clasifique como diabetes.<\/span><\/li>\n<li style=\"font-weight: 400;\"><b>Diabetes tipo 1:<\/b><span style=\"font-weight: 400;\"> se caracteriza por una producci\u00f3n deficiente de insulina y requiere la administraci\u00f3n diaria de \u00e9sta hormona. Puede aparecer a cualquier edad, generalmente durante la infancia o adolescencia.<\/span><\/li>\n<li style=\"font-weight: 400;\"><b>Diabetes tipo 2:<\/b><span style=\"font-weight: 400;\"> se debe a una utilizaci\u00f3n ineficaz de la insulina. Este tipo de diabetes representa la mayor\u00eda de los casos mundiales y se debe en gran medida a un peso corporal excesivo y a inactividad f\u00edsica. Com\u00fan en personas de m\u00e1s de 40 a\u00f1os.<\/span><\/li>\n<li style=\"font-weight: 400;\"><b>Diabetes gestacional:<\/b><span style=\"font-weight: 400;\"> se caracteriza por el aumento de az\u00facar o glucosa en la sangre durante el embarazo. Las mujeres con diabetes gestacional corren mayor riesgo de de sufrir complicaciones durante el embarazo y parto. Adem\u00e1s de correr mayor riesgo de padecer diabetes de tipo 2 en el futuro.<\/span><\/li>\n<\/ul>\n<p><span style=\"font-weight: 400;\">Sin embargo, independientemente del tipo de diabetes que tengas, demasiada az\u00facar en la sangre puede generar graves problemas de salud.<\/span>[\/vc_column_text][vc_empty_space height=\u00bb28px\u00bb][vc_row_inner el_id=\u00bbprevention\u00bb][vc_column_inner][vc_column_text]<\/p>\n<h2>\u00bfSe puede prevenir la diabetes?<\/h2>\n<p><span style=\"font-weight: 400;\">Para prevenir la diabetes tipo 2, o en su caso retrasar su aparici\u00f3n, se ha demostrado que medidas simples relacionadas con el estilo de vida son eficaces:<\/span><\/p>\n<ul>\n<li style=\"font-weight: 400;\"><span style=\"font-weight: 400;\">Mantener un peso corporal saludable<\/span><\/li>\n<li style=\"font-weight: 400;\"><span style=\"font-weight: 400;\">Realizar actividad f\u00edsica al menos 30 minutos\u00a0<\/span><\/li>\n<li style=\"font-weight: 400;\"><span style=\"font-weight: 400;\">Llevar una dieta saludable, evitando az\u00facar y grasas saturadas<\/span><\/li>\n<li style=\"font-weight: 400;\"><span style=\"font-weight: 400;\">Evitar el consumo de tabaco, puesto que aumenta el riesgo de sufrir diabetes y enfermedades cardiovasculares<\/span><\/li>\n<\/ul>\n<p>[\/vc_column_text][\/vc_column_inner][\/vc_row_inner][vc_empty_space height=\u00bb28px\u00bb][vc_row_inner el_id=\u00bbsymptoms\u00bb][vc_column_inner][vc_column_text]<\/p>\n<h2>Signos y s\u00edntomas<\/h2>\n<p><span style=\"font-weight: 400;\">Los s\u00edntomas de la diabetes var\u00edan dependiendo de la cantidad de az\u00facar. Algunas personas, en especial aquellas con prediabetes o diabetes tipo 2, no experimentan s\u00edntomas desde el inicio. En la diabetes tipo 1, los s\u00edntomas aparecen r\u00e1pidamente y son m\u00e1s graves. Algunos de estos consisten en una excreci\u00f3n excesiva de orina (<\/span><i><span style=\"font-weight: 400;\">poliuria<\/span><\/i><span style=\"font-weight: 400;\">), sed (<\/span><i><span style=\"font-weight: 400;\">polidipsia<\/span><\/i><span style=\"font-weight: 400;\">), hambre constante (<\/span><i><span style=\"font-weight: 400;\">polifagia<\/span><\/i><span style=\"font-weight: 400;\">), p\u00e9rdida de peso, trastornos visuales y cansancio, entre otros.\u00a0<\/span><\/p>\n<p><span style=\"font-weight: 400;\">Como mencionamos, estos s\u00edntomas pueden aparecer de forma s\u00fabita. En consecuencia, la enfermedad se diagnostica cuando ya tiene varios a\u00f1os de evoluci\u00f3n y han aparecido graves complicaciones.<\/span>[\/vc_column_text][\/vc_column_inner][\/vc_row_inner][vc_empty_space height=\u00bb28px\u00bb][vc_row_inner el_id=\u00bbdiet\u00bb][vc_column_inner][vc_column_text]<\/p>\n<h2>Dieta para diab\u00e9ticos, \u00bfqu\u00e9 comer y no comer?<\/h2>\n<p>[\/vc_column_text][vc_empty_space height=\u00bb28px\u00bb][\/vc_column_inner][\/vc_row_inner][vc_row_inner][vc_column_inner width=\u00bb1\/2&#8243;][vc_column_text]<\/p>\n<h3>Alimentos permitidos<\/h3>\n<p><strong>\u25cf <\/strong><b>Productos l\u00e1cteos<\/b><\/p>\n<p><span style=\"font-weight: 400;\">El consumo de productos l\u00e1cteos bajos en grasa est\u00e1 asociado con un menor riesgo de padecer diabetes, independientemente del IMC en hombres y mujeres.<\/span><\/p>\n<p><strong>\u25cf <b>Frutos secos<\/b><\/strong><\/p>\n<p><span style=\"font-weight: 400;\">El incremento del consumo de nueces est\u00e1 inversamente asociado con el riesgo de padecer DM2 (consumo mayor o igual a 5 unidades por semana vs no consumo).<\/span><\/p>\n<p><strong>\u25cf <b>Caf\u00e9 y t\u00e9 verde<\/b><\/strong><\/p>\n<p><span style=\"font-weight: 400;\">El consumo a largo plazo de caf\u00e9 y t\u00e9 verde se asocia con un descenso en el riesgo de Diabetes Mellitus tipo 2.<\/span>[\/vc_column_text][\/vc_column_inner][vc_column_inner width=\u00bb1\/2&#8243;][vc_column_text]<\/p>\n<h3>Alimentos prohibidos<\/h3>\n<p><b><strong>\u25cf <\/strong>Bebidas azucaradas<\/b><\/p>\n<p><span style=\"font-weight: 400;\">El consumo de una o m\u00e1s bebidas azucaradas por d\u00eda se asocia con un mayor riesgo de sobrepeso y de DM2.<\/span><\/p>\n<p><strong>\u25cf Tabaco<\/strong><\/p>\n<p><span style=\"font-weight: 400;\">La asociaci\u00f3n entre el tabaco y el riesgo de diabetes indica que fumar menos de 20 cigarrillos por d\u00eda incrementa un 30% el riesgo de padecerla y fumar m\u00e1s de 20 cigarrillos diarios lo incrementa un 65%.<\/span><\/p>\n<p><strong>\u25cf <b>F\u00e1rmacos<\/b><\/strong><\/p>\n<p><span style=\"font-weight: 400;\">Algunos f\u00e1rmacos implicados en el desarrollo de diabetes son:\u00a0<\/span><\/p>\n<p><span style=\"font-weight: 400;\">Olanzapina y clozapina (antipsic\u00f3ticos).<\/span><\/p>\n<p><span style=\"font-weight: 400;\">Diur\u00e9ticos\u00a0 y betabloqueantes (antihipertensivos). Glucocorticoides, anticonceptivos orales, tacrolimus, ciclosporina, \u00e1cido nicot\u00ednico, antirretrovirales, entre otros.<\/span>[\/vc_column_text][\/vc_column_inner][\/vc_row_inner][vc_empty_space height=\u00bb28px\u00bb][vc_row_inner el_id=\u00bbtreatment\u00bb][vc_column_inner][vc_column_text]<\/p>\n<h2>El tratamiento ideal<\/h2>\n<p><span style=\"font-weight: 400;\">El tratamiento de la diabetes consiste en una dieta saludable y actividad f\u00edsica, junto con la reducci\u00f3n de la glucemia y de otros factores de riesgo conocidos que da\u00f1an los vasos sangu\u00edneos. Entre las intervenciones que son factibles y econ\u00f3micas en los pa\u00edses en desarrollo se encuentran:<\/span><\/p>\n<ul>\n<li style=\"font-weight: 400;\"><span style=\"font-weight: 400;\">El control de la glucemia: los pacientes con diabetes tipo 1 necesitan insulina; los pacientes con diabetes tipo 2 pueden tratarse con medicamentos orales, aunque tambi\u00e9n pueden necesitar insulina<\/span><\/li>\n<\/ul>\n<ul>\n<li style=\"font-weight: 400;\"><span style=\"font-weight: 400;\">Control de la tensi\u00f3n arterial<\/span><\/li>\n<li style=\"font-weight: 400;\"><span style=\"font-weight: 400;\">Cuidados podol\u00f3gicos<\/span><\/li>\n<\/ul>\n<p><span style=\"font-weight: 400;\">Otras intervenciones son:<\/span><\/p>\n<ul>\n<li style=\"font-weight: 400;\"><span style=\"font-weight: 400;\">Las pruebas de detecci\u00f3n de retinopat\u00eda (causa de ceguera)<\/span><\/li>\n<li style=\"font-weight: 400;\"><span style=\"font-weight: 400;\">El control de l\u00edpidos de la sangre (regulaci\u00f3n de la concentraci\u00f3n de colesterol)<\/span><\/li>\n<li style=\"font-weight: 400;\"><span style=\"font-weight: 400;\">La detecci\u00f3n de signos tempranos de nefropat\u00eda relacionada con la diabetes<\/span><\/li>\n<\/ul>\n<p>[\/vc_column_text][\/vc_column_inner][\/vc_row_inner][vc_empty_space height=\u00bb28px\u00bb][vc_row_inner][vc_column_inner][vc_column_text]<\/p>\n<h2>C\u00f3mo vivir mejor con diabetes<\/h2>\n<p><span style=\"font-weight: 400;\">El manejo cuidadoso de la diabetes reduce el riesgo de desarrollar complicaciones que pueden poner en riesgo la vida del paciente. Considera las siguientes recomendaciones:<\/span><\/p>\n<ul>\n<li style=\"font-weight: 400;\"><span style=\"font-weight: 400;\">Comprometerse a manejar o controlar la diabetes<\/span><\/li>\n<li style=\"font-weight: 400;\"><span style=\"font-weight: 400;\">Agendar una revisi\u00f3n m\u00e9dica anual y ex\u00e1menes regulares de la vista\u00a0<\/span><\/li>\n<li style=\"font-weight: 400;\"><span style=\"font-weight: 400;\">Portar una identificaci\u00f3n con\u00a0<\/span><\/li>\n<li style=\"font-weight: 400;\"><span style=\"font-weight: 400;\">Procurar llevar un esquema de vacunaci\u00f3n actualizado<\/span><\/li>\n<li style=\"font-weight: 400;\"><span style=\"font-weight: 400;\">Cuidar la dentadura<\/span><\/li>\n<li style=\"font-weight: 400;\"><span style=\"font-weight: 400;\">Poner atenci\u00f3n a los pies<\/span><\/li>\n<li style=\"font-weight: 400;\"><span style=\"font-weight: 400;\">Mantener niveles de presi\u00f3n arterial y colesterol controlados<\/span><\/li>\n<\/ul>\n<p>[\/vc_column_text][\/vc_column_inner][\/vc_row_inner][\/vc_column][\/vc_row]<\/p>\n<\/div>","protected":false},"excerpt":{"rendered":"<p>La diabetes mellitus es una enfermedad metab\u00f3lica cr\u00f3nica que ocurre cuando el p\u00e1ncreas no produce suficiente insulina o cuando el cuerpo no la utiliza de manera efectiva; lo que significa que al comer, el cuerpo no utiliza la energ\u00eda de los alimentos. Esta enfermedad puede ser heredada o adquirida. En este contenido podr\u00e1s conocer los diferentes tipos de diabetes, sus s\u00edntomas y un ejemplo de dieta para prevenir la diabetes.<\/p>\n","protected":false},"author":2,"featured_media":0,"parent":3938,"menu_order":0,"comment_status":"closed","ping_status":"closed","template":"","meta":{"footnotes":""},"class_list":["post-6759","page","type-page","status-publish","hentry"],"acf":[],"yoast_head":"<!-- This site is optimized with the Yoast SEO plugin v27.4 - https:\/\/yoast.com\/product\/yoast-seo-wordpress\/ -->\n<title>\u00bfQu\u00e9 es Diabetes Mellitus? Nuestros M\u00e9dicos te Explican<\/title>\n<meta name=\"description\" content=\"Diabetes Mellitus es la principal causa de muerte en M\u00e9xico. Esta enfermedad metab\u00f3lica afecta el uso del az\u00facar en la sangre. Conoce aqu\u00ed sus tipos y la dieta ideal para prevenirla.\" \/>\n<meta name=\"robots\" content=\"index, follow, max-snippet:-1, max-image-preview:large, max-video-preview:-1\" \/>\n<link rel=\"canonical\" href=\"https:\/\/hospitalcmq.com\/es\/enfermedades-y-condiciones\/diabetes\/\" \/>\n<meta property=\"og:locale\" content=\"es_ES\" \/>\n<meta property=\"og:type\" content=\"article\" \/>\n<meta property=\"og:title\" content=\"\u00bfQu\u00e9 es Diabetes Mellitus? Nuestros M\u00e9dicos te Explican\" \/>\n<meta property=\"og:description\" content=\"Diabetes Mellitus es la principal causa de muerte en M\u00e9xico. Esta enfermedad metab\u00f3lica afecta el uso del az\u00facar en la sangre. Conoce aqu\u00ed sus tipos y la dieta ideal para prevenirla.\" \/>\n<meta property=\"og:url\" content=\"https:\/\/hospitalcmq.com\/es\/enfermedades-y-condiciones\/diabetes\/\" \/>\n<meta property=\"og:site_name\" content=\"Hospital CMQ\" \/>\n<meta property=\"article:publisher\" content=\"https:\/\/www.facebook.com\/HospitalCMQ\" \/>\n<meta property=\"article:modified_time\" content=\"2024-07-01T16:22:07+00:00\" \/>\n<meta property=\"og:image\" content=\"https:\/\/hospitalcmq.com\/wp-content\/uploads\/2017\/08\/diabetes.jpg\" \/>\n<meta name=\"twitter:card\" content=\"summary_large_image\" \/>\n<meta name=\"twitter:label1\" content=\"Tiempo de lectura\" \/>\n\t<meta name=\"twitter:data1\" content=\"5 minutos\" \/>\n<script type=\"application\/ld+json\" class=\"yoast-schema-graph\">{\"@context\":\"https:\\\/\\\/schema.org\",\"@graph\":[{\"@type\":\"WebPage\",\"@id\":\"https:\\\/\\\/hospitalcmq.com\\\/es\\\/enfermedades-y-condiciones\\\/diabetes\\\/\",\"url\":\"https:\\\/\\\/hospitalcmq.com\\\/es\\\/enfermedades-y-condiciones\\\/diabetes\\\/\",\"name\":\"\u00bfQu\u00e9 es Diabetes Mellitus? Nuestros M\u00e9dicos te Explican\",\"isPartOf\":{\"@id\":\"https:\\\/\\\/hospitalcmq.com\\\/es\\\/#website\"},\"primaryImageOfPage\":{\"@id\":\"https:\\\/\\\/hospitalcmq.com\\\/es\\\/enfermedades-y-condiciones\\\/diabetes\\\/#primaryimage\"},\"image\":{\"@id\":\"https:\\\/\\\/hospitalcmq.com\\\/es\\\/enfermedades-y-condiciones\\\/diabetes\\\/#primaryimage\"},\"thumbnailUrl\":\"https:\\\/\\\/hospitalcmq.com\\\/wp-content\\\/uploads\\\/2017\\\/08\\\/diabetes.jpg\",\"datePublished\":\"2019-09-23T15:59:14+00:00\",\"dateModified\":\"2024-07-01T16:22:07+00:00\",\"description\":\"Diabetes Mellitus es la principal causa de muerte en M\u00e9xico. Esta enfermedad metab\u00f3lica afecta el uso del az\u00facar en la sangre. Conoce aqu\u00ed sus tipos y la dieta ideal para prevenirla.\",\"breadcrumb\":{\"@id\":\"https:\\\/\\\/hospitalcmq.com\\\/es\\\/enfermedades-y-condiciones\\\/diabetes\\\/#breadcrumb\"},\"inLanguage\":\"es\",\"potentialAction\":[{\"@type\":\"ReadAction\",\"target\":[\"https:\\\/\\\/hospitalcmq.com\\\/es\\\/enfermedades-y-condiciones\\\/diabetes\\\/\"]}]},{\"@type\":\"ImageObject\",\"inLanguage\":\"es\",\"@id\":\"https:\\\/\\\/hospitalcmq.com\\\/es\\\/enfermedades-y-condiciones\\\/diabetes\\\/#primaryimage\",\"url\":\"https:\\\/\\\/hospitalcmq.com\\\/wp-content\\\/uploads\\\/2017\\\/08\\\/diabetes.jpg\",\"contentUrl\":\"https:\\\/\\\/hospitalcmq.com\\\/wp-content\\\/uploads\\\/2017\\\/08\\\/diabetes.jpg\"},{\"@type\":\"BreadcrumbList\",\"@id\":\"https:\\\/\\\/hospitalcmq.com\\\/es\\\/enfermedades-y-condiciones\\\/diabetes\\\/#breadcrumb\",\"itemListElement\":[{\"@type\":\"ListItem\",\"position\":1,\"name\":\"Home\",\"item\":\"https:\\\/\\\/hospitalcmq.com\\\/es\\\/\"},{\"@type\":\"ListItem\",\"position\":2,\"name\":\"Enfermedades y Condiciones\",\"item\":\"https:\\\/\\\/hospitalcmq.com\\\/es\\\/enfermedades-y-condiciones\\\/\"},{\"@type\":\"ListItem\",\"position\":3,\"name\":\"Diabetes Mellitus: tipos, s\u00edntomas y prevenci\u00f3n\"}]},{\"@type\":\"WebSite\",\"@id\":\"https:\\\/\\\/hospitalcmq.com\\\/es\\\/#website\",\"url\":\"https:\\\/\\\/hospitalcmq.com\\\/es\\\/\",\"name\":\"Hospital CMQ\",\"description\":\"Best Hospitals in Puerto Vallarta &amp; Riviera Nayarit\",\"publisher\":{\"@id\":\"https:\\\/\\\/hospitalcmq.com\\\/es\\\/#organization\"},\"potentialAction\":[{\"@type\":\"SearchAction\",\"target\":{\"@type\":\"EntryPoint\",\"urlTemplate\":\"https:\\\/\\\/hospitalcmq.com\\\/es\\\/?s={search_term_string}\"},\"query-input\":{\"@type\":\"PropertyValueSpecification\",\"valueRequired\":true,\"valueName\":\"search_term_string\"}}],\"inLanguage\":\"es\"},{\"@type\":\"Organization\",\"@id\":\"https:\\\/\\\/hospitalcmq.com\\\/es\\\/#organization\",\"name\":\"Hospital CMQ\",\"url\":\"https:\\\/\\\/hospitalcmq.com\\\/es\\\/\",\"logo\":{\"@type\":\"ImageObject\",\"inLanguage\":\"es\",\"@id\":\"https:\\\/\\\/hospitalcmq.com\\\/es\\\/#\\\/schema\\\/logo\\\/image\\\/\",\"url\":\"https:\\\/\\\/hospitalcmq.com\\\/wp-content\\\/uploads\\\/2018\\\/06\\\/cmq-hospital-logo.png\",\"contentUrl\":\"https:\\\/\\\/hospitalcmq.com\\\/wp-content\\\/uploads\\\/2018\\\/06\\\/cmq-hospital-logo.png\",\"width\":214,\"height\":189,\"caption\":\"Hospital CMQ\"},\"image\":{\"@id\":\"https:\\\/\\\/hospitalcmq.com\\\/es\\\/#\\\/schema\\\/logo\\\/image\\\/\"},\"sameAs\":[\"https:\\\/\\\/www.facebook.com\\\/HospitalCMQ\"]}]}<\/script>\n<!-- \/ Yoast SEO plugin. -->","yoast_head_json":{"title":"\u00bfQu\u00e9 es Diabetes Mellitus? Nuestros M\u00e9dicos te Explican","description":"Diabetes Mellitus es la principal causa de muerte en M\u00e9xico. Esta enfermedad metab\u00f3lica afecta el uso del az\u00facar en la sangre. Conoce aqu\u00ed sus tipos y la dieta ideal para prevenirla.","robots":{"index":"index","follow":"follow","max-snippet":"max-snippet:-1","max-image-preview":"max-image-preview:large","max-video-preview":"max-video-preview:-1"},"canonical":"https:\/\/hospitalcmq.com\/es\/enfermedades-y-condiciones\/diabetes\/","og_locale":"es_ES","og_type":"article","og_title":"\u00bfQu\u00e9 es Diabetes Mellitus? Nuestros M\u00e9dicos te Explican","og_description":"Diabetes Mellitus es la principal causa de muerte en M\u00e9xico. Esta enfermedad metab\u00f3lica afecta el uso del az\u00facar en la sangre. Conoce aqu\u00ed sus tipos y la dieta ideal para prevenirla.","og_url":"https:\/\/hospitalcmq.com\/es\/enfermedades-y-condiciones\/diabetes\/","og_site_name":"Hospital CMQ","article_publisher":"https:\/\/www.facebook.com\/HospitalCMQ","article_modified_time":"2024-07-01T16:22:07+00:00","og_image":[{"url":"https:\/\/hospitalcmq.com\/wp-content\/uploads\/2017\/08\/diabetes.jpg","type":"","width":"","height":""}],"twitter_card":"summary_large_image","twitter_misc":{"Tiempo de lectura":"5 minutos"},"schema":{"@context":"https:\/\/schema.org","@graph":[{"@type":"WebPage","@id":"https:\/\/hospitalcmq.com\/es\/enfermedades-y-condiciones\/diabetes\/","url":"https:\/\/hospitalcmq.com\/es\/enfermedades-y-condiciones\/diabetes\/","name":"\u00bfQu\u00e9 es Diabetes Mellitus? Nuestros M\u00e9dicos te Explican","isPartOf":{"@id":"https:\/\/hospitalcmq.com\/es\/#website"},"primaryImageOfPage":{"@id":"https:\/\/hospitalcmq.com\/es\/enfermedades-y-condiciones\/diabetes\/#primaryimage"},"image":{"@id":"https:\/\/hospitalcmq.com\/es\/enfermedades-y-condiciones\/diabetes\/#primaryimage"},"thumbnailUrl":"https:\/\/hospitalcmq.com\/wp-content\/uploads\/2017\/08\/diabetes.jpg","datePublished":"2019-09-23T15:59:14+00:00","dateModified":"2024-07-01T16:22:07+00:00","description":"Diabetes Mellitus es la principal causa de muerte en M\u00e9xico. Esta enfermedad metab\u00f3lica afecta el uso del az\u00facar en la sangre. Conoce aqu\u00ed sus tipos y la dieta ideal para prevenirla.","breadcrumb":{"@id":"https:\/\/hospitalcmq.com\/es\/enfermedades-y-condiciones\/diabetes\/#breadcrumb"},"inLanguage":"es","potentialAction":[{"@type":"ReadAction","target":["https:\/\/hospitalcmq.com\/es\/enfermedades-y-condiciones\/diabetes\/"]}]},{"@type":"ImageObject","inLanguage":"es","@id":"https:\/\/hospitalcmq.com\/es\/enfermedades-y-condiciones\/diabetes\/#primaryimage","url":"https:\/\/hospitalcmq.com\/wp-content\/uploads\/2017\/08\/diabetes.jpg","contentUrl":"https:\/\/hospitalcmq.com\/wp-content\/uploads\/2017\/08\/diabetes.jpg"},{"@type":"BreadcrumbList","@id":"https:\/\/hospitalcmq.com\/es\/enfermedades-y-condiciones\/diabetes\/#breadcrumb","itemListElement":[{"@type":"ListItem","position":1,"name":"Home","item":"https:\/\/hospitalcmq.com\/es\/"},{"@type":"ListItem","position":2,"name":"Enfermedades y Condiciones","item":"https:\/\/hospitalcmq.com\/es\/enfermedades-y-condiciones\/"},{"@type":"ListItem","position":3,"name":"Diabetes Mellitus: tipos, s\u00edntomas y prevenci\u00f3n"}]},{"@type":"WebSite","@id":"https:\/\/hospitalcmq.com\/es\/#website","url":"https:\/\/hospitalcmq.com\/es\/","name":"Hospital CMQ","description":"Best Hospitals in Puerto Vallarta &amp; Riviera Nayarit","publisher":{"@id":"https:\/\/hospitalcmq.com\/es\/#organization"},"potentialAction":[{"@type":"SearchAction","target":{"@type":"EntryPoint","urlTemplate":"https:\/\/hospitalcmq.com\/es\/?s={search_term_string}"},"query-input":{"@type":"PropertyValueSpecification","valueRequired":true,"valueName":"search_term_string"}}],"inLanguage":"es"},{"@type":"Organization","@id":"https:\/\/hospitalcmq.com\/es\/#organization","name":"Hospital CMQ","url":"https:\/\/hospitalcmq.com\/es\/","logo":{"@type":"ImageObject","inLanguage":"es","@id":"https:\/\/hospitalcmq.com\/es\/#\/schema\/logo\/image\/","url":"https:\/\/hospitalcmq.com\/wp-content\/uploads\/2018\/06\/cmq-hospital-logo.png","contentUrl":"https:\/\/hospitalcmq.com\/wp-content\/uploads\/2018\/06\/cmq-hospital-logo.png","width":214,"height":189,"caption":"Hospital CMQ"},"image":{"@id":"https:\/\/hospitalcmq.com\/es\/#\/schema\/logo\/image\/"},"sameAs":["https:\/\/www.facebook.com\/HospitalCMQ"]}]}},"_links":{"self":[{"href":"https:\/\/hospitalcmq.com\/es\/wp-json\/wp\/v2\/pages\/6759","targetHints":{"allow":["GET"]}}],"collection":[{"href":"https:\/\/hospitalcmq.com\/es\/wp-json\/wp\/v2\/pages"}],"about":[{"href":"https:\/\/hospitalcmq.com\/es\/wp-json\/wp\/v2\/types\/page"}],"author":[{"embeddable":true,"href":"https:\/\/hospitalcmq.com\/es\/wp-json\/wp\/v2\/users\/2"}],"replies":[{"embeddable":true,"href":"https:\/\/hospitalcmq.com\/es\/wp-json\/wp\/v2\/comments?post=6759"}],"version-history":[{"count":0,"href":"https:\/\/hospitalcmq.com\/es\/wp-json\/wp\/v2\/pages\/6759\/revisions"}],"up":[{"embeddable":true,"href":"https:\/\/hospitalcmq.com\/es\/wp-json\/wp\/v2\/pages\/3938"}],"wp:attachment":[{"href":"https:\/\/hospitalcmq.com\/es\/wp-json\/wp\/v2\/media?parent=6759"}],"curies":[{"name":"wp","href":"https:\/\/api.w.org\/{rel}","templated":true}]}}