{"id":6753,"date":"2019-09-23T10:46:12","date_gmt":"2019-09-23T15:46:12","guid":{"rendered":"https:\/\/hospitalcmq.com\/?page_id=6753"},"modified":"2023-11-01T10:09:14","modified_gmt":"2023-11-01T16:09:14","slug":"depresion","status":"publish","type":"page","link":"https:\/\/hospitalcmq.com\/es\/enfermedades-y-condiciones\/depresion\/","title":{"rendered":"Depresi\u00f3n: la enfermedad silenciosa, s\u00edntomas y causas"},"content":{"rendered":"<div class=\"wpb-content-wrapper\"><p>[vc_row][vc_column][vc_column_text el_id=\u00bbdefinition\u00bb]<\/p>\n<div id=\"attachment_348\" style=\"width: 480px\" class=\"wp-caption alignright\"><img loading=\"lazy\" decoding=\"async\" aria-describedby=\"caption-attachment-348\" class=\"wp-image-1299 size-full\" src=\"https:\/\/hospitalcmq.com\/wp-content\/uploads\/2017\/08\/depresion.jpg\" alt=\"Depression is a common mental condition\" width=\"470\" height=\"260\" \/><p id=\"caption-attachment-348\" class=\"wp-caption-text\">Everything Depression, a common mental disorder<\/p><\/div>\n<h2>\u00bfQu\u00e9 es la depresi\u00f3n?<\/h2>\n<p><span style=\"font-weight: 400;\">El trastorno depresivo mayor (TDM), mejor conocido como <strong>depresi\u00f3n<\/strong>, es una patolog\u00eda del estado de \u00e1nimo que causa un sentimiento de tristeza constante y una p\u00e9rdida de inter\u00e9s para realizar diferentes actividades. Su impacto en la poblaci\u00f3n es cada vez mayor, atrayendo la atenci\u00f3n de autoridades y de la poblaci\u00f3n en general, ya que sus s\u00edntomas pueden causar una variedad de problemas f\u00edsicos y emocionales que impiden la realizaci\u00f3n de actividades cotidianas.<\/span><\/p>\n<p><span style=\"font-weight: 400;\">La depresi\u00f3n no cuenta con un tratamiento sencillo de la noche a la ma\u00f1ana, su tratamiento es a largo plazo y requiere de la ayuda de diversos especialistas. El <strong>TDM<\/strong> no es una debilidad, pero es considerada una discapacidad.\u00a0<\/span><\/p>\n<p><strong>\u00a0<\/strong>[\/vc_column_text][vc_row_inner el_id=\u00bbprevention\u00bb][vc_column_inner][vc_column_text]<\/p>\n<h2>\u00bfSe puede prevenir la depresi\u00f3n?<\/h2>\n<p><span style=\"font-weight: 400;\">Actualmente no hay una gu\u00eda efectiva para prevenir los trastornos y enfermedades mentales. No obstante, hay una gran variedad de programas y pol\u00edticas preventivas para tratar de reducir los factores de riesgo, fortalecer los factores de protecci\u00f3n, disminuir los s\u00edntomas psiqui\u00e1tricos y la discapacidad.<\/span>[\/vc_column_text][\/vc_column_inner][\/vc_row_inner][vc_empty_space height=\u00bb28px\u00bb][vc_row_inner el_id=\u00bbsymptoms\u00bb][vc_column_inner][vc_column_text]<\/p>\n<h2>\u00bfCu\u00e1les son los s\u00edntomas?<\/h2>\n<p><span style=\"font-weight: 400;\">A pesar de haber s\u00edntomas y signos que caracterizan este trastorno; por lo general, las personas que lo padecen pueden llegar a tener varios episodios de depresi\u00f3n a lo largo de sus vidas. Durante estos episodios, los s\u00edntomas consisten en:<\/span><\/p>\n<ul>\n<li style=\"font-weight: 400;\"><span style=\"font-weight: 400;\">Sentimientos de tristeza o desesperanza<\/span><\/li>\n<li style=\"font-weight: 400;\"><span style=\"font-weight: 400;\">Enojo, irritabilidad o frustraci\u00f3n<\/span><\/li>\n<li style=\"font-weight: 400;\"><span style=\"font-weight: 400;\">P\u00e9rdida de inter\u00e9s en actividades habituales<\/span><\/li>\n<li style=\"font-weight: 400;\"><span style=\"font-weight: 400;\">Insomnio o dormir demasiado<\/span><\/li>\n<li style=\"font-weight: 400;\"><span style=\"font-weight: 400;\">Fatiga<\/span><\/li>\n<li style=\"font-weight: 400;\"><span style=\"font-weight: 400;\">Falta de apetito y adelgazamiento o exceso de comida y aumento de peso<\/span><\/li>\n<li style=\"font-weight: 400;\"><span style=\"font-weight: 400;\">Dificultad para pensar<\/span><\/li>\n<li style=\"font-weight: 400;\"><span style=\"font-weight: 400;\">Pensamientos suicidas<\/span><\/li>\n<\/ul>\n<p><span style=\"font-weight: 400;\">Estos episodios pueden ser leves, en los cuales los s\u00edntomas son controlados y se presenta \u00fanicamente angustia y tristeza ante peque\u00f1as situaciones de estr\u00e9s. Sin embargo, como se explic\u00f3 antes, existen episodios que sobrepasan la reacci\u00f3n con el acto en s\u00ed, y se tornan graves e incluso llegan al suicidio si no se encuantra atenci\u00f3n especializada prudente.<\/span>[\/vc_column_text][\/vc_column_inner][\/vc_row_inner][vc_empty_space height=\u00bb28px\u00bb][vc_row_inner el_id=\u00bbtreatment\u00bb][vc_column_inner][vc_column_text]<\/p>\n<h2>Tratamiento para la depresi\u00f3n<\/h2>\n<p><span style=\"font-weight: 400;\">La depresi\u00f3n es una enfermedad psiqui\u00e1trica que se puede presentar\u00a0 de diversas maneras. Lo ideal para esta condici\u00f3n es entender todas las adversidades que trae consigo, ser pacientes con uno mismo y aceptar ayuda. Para que el tratamiento en pacientes depresivos sea efectivo se requiere un concepto global en el que se incluyen diferentes planteamientos de psicoterapias; como la terapia de comportamiento cognitivo, las terapias de psicolog\u00eda profunda y la conversacional, que pueden seleccionarse y\/o combinarse seg\u00fan las necesidades de los pacientes en individual.<\/span><\/p>\n<p><span style=\"font-weight: 400;\">Generalmente, la depresi\u00f3n no es un trastorno que puedas tratar por ti mismo. Se requiere de un equipo m\u00e9dico, medicamentos controlados, medicina alterna y cuidados personales como:<\/span><\/p>\n<ul>\n<li><b>Inf\u00f3rmate. <span style=\"font-weight: 400;\">Aprender sobre la afecci\u00f3n que padecer te brinda las herramientas necesarias para entender lo que est\u00e1s atravesando.<\/span><\/b><\/li>\n<li><strong>Cumple con tu tratamiento.<\/strong> <span style=\"font-weight: 400;\">No dejes de lado tus consultas o sesiones de ayuda. Ten paciencia<\/span><\/li>\n<li><strong>Evita el alcohol y drogas recreativas.<\/strong> <span style=\"font-weight: 400;\">Consumir alcohol y drogas pueden suponer un alivio instant\u00e1neo. Pero, a la larga son estos los que empeoran los s\u00edntomas de la depresi\u00f3n.<\/span><\/li>\n<li><strong>Presta atenci\u00f3n a se\u00f1ales de alerta.<\/strong> <span style=\"font-weight: 400;\">Trabaja junto con tu m\u00e9dico o terapeuta para identificar lo que desencadena tus s\u00edntomas.<\/span><\/li>\n<li><strong>Cu\u00eddate.<\/strong> <span style=\"font-weight: 400;\">Come de manera saludable, duerme lo suficiente y realiza ejercicio.<\/span><\/li>\n<\/ul>\n<p>[\/vc_column_text][\/vc_column_inner][\/vc_row_inner][\/vc_column][\/vc_row]<\/p>\n<\/div>","protected":false},"excerpt":{"rendered":"<p>La depresi\u00f3n es una condici\u00f3n psiqui\u00e1trica y f\u00edsica que tiene un gran impacto en la poblaci\u00f3n actual, llamando la atenci\u00f3n de las autoridades del sector salud. Se le conoce como Trastorno Depresivo Mayor y no existen s\u00edntomas o signos espec\u00edficos que puedan caracterizar este trastorno. Entonces, \u00bfc\u00f3mo identificarlo? Conoce la respuesta aqu\u00ed.<\/p>\n","protected":false},"author":2,"featured_media":0,"parent":3938,"menu_order":0,"comment_status":"closed","ping_status":"closed","template":"","meta":{"footnotes":""},"class_list":["post-6753","page","type-page","status-publish","hentry"],"acf":[],"yoast_head":"<!-- This site is optimized with the Yoast SEO plugin v27.3 - https:\/\/yoast.com\/product\/yoast-seo-wordpress\/ -->\n<title>Depresi\u00f3n, una enfermedad silenciosa<\/title>\n<meta name=\"description\" content=\"La depresi\u00f3n es una enfermedad mental m\u00e1s com\u00fan de lo que se cree. Afecta a m\u00e1s de 19 millones de personas en el mundo y sus s\u00edntomas son distintos siempre. Descubre aqu\u00ed por qu\u00e9.\" \/>\n<meta name=\"robots\" content=\"index, follow, max-snippet:-1, max-image-preview:large, max-video-preview:-1\" \/>\n<link rel=\"canonical\" href=\"https:\/\/hospitalcmq.com\/es\/enfermedades-y-condiciones\/depresion\/\" \/>\n<meta property=\"og:locale\" content=\"es_ES\" \/>\n<meta property=\"og:type\" content=\"article\" \/>\n<meta property=\"og:title\" content=\"Depresi\u00f3n, una enfermedad silenciosa\" \/>\n<meta property=\"og:description\" content=\"La depresi\u00f3n es una enfermedad mental m\u00e1s com\u00fan de lo que se cree. Afecta a m\u00e1s de 19 millones de personas en el mundo y sus s\u00edntomas son distintos siempre. Descubre aqu\u00ed por qu\u00e9.\" \/>\n<meta property=\"og:url\" content=\"https:\/\/hospitalcmq.com\/es\/enfermedades-y-condiciones\/depresion\/\" \/>\n<meta property=\"og:site_name\" content=\"Hospital CMQ\" \/>\n<meta property=\"article:publisher\" content=\"https:\/\/www.facebook.com\/HospitalCMQ\" \/>\n<meta property=\"article:modified_time\" content=\"2023-11-01T16:09:14+00:00\" \/>\n<meta property=\"og:image\" content=\"https:\/\/hospitalcmq.com\/wp-content\/uploads\/2017\/08\/depresion.jpg\" \/>\n<meta name=\"twitter:card\" content=\"summary_large_image\" \/>\n<meta name=\"twitter:label1\" content=\"Tiempo de lectura\" \/>\n\t<meta name=\"twitter:data1\" content=\"3 minutos\" \/>\n<script type=\"application\/ld+json\" class=\"yoast-schema-graph\">{\"@context\":\"https:\\\/\\\/schema.org\",\"@graph\":[{\"@type\":\"WebPage\",\"@id\":\"https:\\\/\\\/hospitalcmq.com\\\/es\\\/enfermedades-y-condiciones\\\/depresion\\\/\",\"url\":\"https:\\\/\\\/hospitalcmq.com\\\/es\\\/enfermedades-y-condiciones\\\/depresion\\\/\",\"name\":\"Depresi\u00f3n, una enfermedad silenciosa\",\"isPartOf\":{\"@id\":\"https:\\\/\\\/hospitalcmq.com\\\/es\\\/#website\"},\"primaryImageOfPage\":{\"@id\":\"https:\\\/\\\/hospitalcmq.com\\\/es\\\/enfermedades-y-condiciones\\\/depresion\\\/#primaryimage\"},\"image\":{\"@id\":\"https:\\\/\\\/hospitalcmq.com\\\/es\\\/enfermedades-y-condiciones\\\/depresion\\\/#primaryimage\"},\"thumbnailUrl\":\"https:\\\/\\\/hospitalcmq.com\\\/wp-content\\\/uploads\\\/2017\\\/08\\\/depresion.jpg\",\"datePublished\":\"2019-09-23T15:46:12+00:00\",\"dateModified\":\"2023-11-01T16:09:14+00:00\",\"description\":\"La depresi\u00f3n es una enfermedad mental m\u00e1s com\u00fan de lo que se cree. Afecta a m\u00e1s de 19 millones de personas en el mundo y sus s\u00edntomas son distintos siempre. Descubre aqu\u00ed por qu\u00e9.\",\"breadcrumb\":{\"@id\":\"https:\\\/\\\/hospitalcmq.com\\\/es\\\/enfermedades-y-condiciones\\\/depresion\\\/#breadcrumb\"},\"inLanguage\":\"es\",\"potentialAction\":[{\"@type\":\"ReadAction\",\"target\":[\"https:\\\/\\\/hospitalcmq.com\\\/es\\\/enfermedades-y-condiciones\\\/depresion\\\/\"]}]},{\"@type\":\"ImageObject\",\"inLanguage\":\"es\",\"@id\":\"https:\\\/\\\/hospitalcmq.com\\\/es\\\/enfermedades-y-condiciones\\\/depresion\\\/#primaryimage\",\"url\":\"https:\\\/\\\/hospitalcmq.com\\\/wp-content\\\/uploads\\\/2017\\\/08\\\/depresion.jpg\",\"contentUrl\":\"https:\\\/\\\/hospitalcmq.com\\\/wp-content\\\/uploads\\\/2017\\\/08\\\/depresion.jpg\"},{\"@type\":\"BreadcrumbList\",\"@id\":\"https:\\\/\\\/hospitalcmq.com\\\/es\\\/enfermedades-y-condiciones\\\/depresion\\\/#breadcrumb\",\"itemListElement\":[{\"@type\":\"ListItem\",\"position\":1,\"name\":\"Home\",\"item\":\"https:\\\/\\\/hospitalcmq.com\\\/es\\\/\"},{\"@type\":\"ListItem\",\"position\":2,\"name\":\"Enfermedades y Condiciones\",\"item\":\"https:\\\/\\\/hospitalcmq.com\\\/es\\\/enfermedades-y-condiciones\\\/\"},{\"@type\":\"ListItem\",\"position\":3,\"name\":\"Depresi\u00f3n: la enfermedad silenciosa, s\u00edntomas y causas\"}]},{\"@type\":\"WebSite\",\"@id\":\"https:\\\/\\\/hospitalcmq.com\\\/es\\\/#website\",\"url\":\"https:\\\/\\\/hospitalcmq.com\\\/es\\\/\",\"name\":\"Hospital CMQ\",\"description\":\"Best Hospitals in Puerto Vallarta &amp; Riviera Nayarit\",\"publisher\":{\"@id\":\"https:\\\/\\\/hospitalcmq.com\\\/es\\\/#organization\"},\"potentialAction\":[{\"@type\":\"SearchAction\",\"target\":{\"@type\":\"EntryPoint\",\"urlTemplate\":\"https:\\\/\\\/hospitalcmq.com\\\/es\\\/?s={search_term_string}\"},\"query-input\":{\"@type\":\"PropertyValueSpecification\",\"valueRequired\":true,\"valueName\":\"search_term_string\"}}],\"inLanguage\":\"es\"},{\"@type\":\"Organization\",\"@id\":\"https:\\\/\\\/hospitalcmq.com\\\/es\\\/#organization\",\"name\":\"Hospital CMQ\",\"url\":\"https:\\\/\\\/hospitalcmq.com\\\/es\\\/\",\"logo\":{\"@type\":\"ImageObject\",\"inLanguage\":\"es\",\"@id\":\"https:\\\/\\\/hospitalcmq.com\\\/es\\\/#\\\/schema\\\/logo\\\/image\\\/\",\"url\":\"https:\\\/\\\/hospitalcmq.com\\\/wp-content\\\/uploads\\\/2018\\\/06\\\/cmq-hospital-logo.png\",\"contentUrl\":\"https:\\\/\\\/hospitalcmq.com\\\/wp-content\\\/uploads\\\/2018\\\/06\\\/cmq-hospital-logo.png\",\"width\":214,\"height\":189,\"caption\":\"Hospital CMQ\"},\"image\":{\"@id\":\"https:\\\/\\\/hospitalcmq.com\\\/es\\\/#\\\/schema\\\/logo\\\/image\\\/\"},\"sameAs\":[\"https:\\\/\\\/www.facebook.com\\\/HospitalCMQ\"]}]}<\/script>\n<!-- \/ Yoast SEO plugin. -->","yoast_head_json":{"title":"Depresi\u00f3n, una enfermedad silenciosa","description":"La depresi\u00f3n es una enfermedad mental m\u00e1s com\u00fan de lo que se cree. Afecta a m\u00e1s de 19 millones de personas en el mundo y sus s\u00edntomas son distintos siempre. Descubre aqu\u00ed por qu\u00e9.","robots":{"index":"index","follow":"follow","max-snippet":"max-snippet:-1","max-image-preview":"max-image-preview:large","max-video-preview":"max-video-preview:-1"},"canonical":"https:\/\/hospitalcmq.com\/es\/enfermedades-y-condiciones\/depresion\/","og_locale":"es_ES","og_type":"article","og_title":"Depresi\u00f3n, una enfermedad silenciosa","og_description":"La depresi\u00f3n es una enfermedad mental m\u00e1s com\u00fan de lo que se cree. Afecta a m\u00e1s de 19 millones de personas en el mundo y sus s\u00edntomas son distintos siempre. Descubre aqu\u00ed por qu\u00e9.","og_url":"https:\/\/hospitalcmq.com\/es\/enfermedades-y-condiciones\/depresion\/","og_site_name":"Hospital CMQ","article_publisher":"https:\/\/www.facebook.com\/HospitalCMQ","article_modified_time":"2023-11-01T16:09:14+00:00","og_image":[{"url":"https:\/\/hospitalcmq.com\/wp-content\/uploads\/2017\/08\/depresion.jpg","type":"","width":"","height":""}],"twitter_card":"summary_large_image","twitter_misc":{"Tiempo de lectura":"3 minutos"},"schema":{"@context":"https:\/\/schema.org","@graph":[{"@type":"WebPage","@id":"https:\/\/hospitalcmq.com\/es\/enfermedades-y-condiciones\/depresion\/","url":"https:\/\/hospitalcmq.com\/es\/enfermedades-y-condiciones\/depresion\/","name":"Depresi\u00f3n, una enfermedad silenciosa","isPartOf":{"@id":"https:\/\/hospitalcmq.com\/es\/#website"},"primaryImageOfPage":{"@id":"https:\/\/hospitalcmq.com\/es\/enfermedades-y-condiciones\/depresion\/#primaryimage"},"image":{"@id":"https:\/\/hospitalcmq.com\/es\/enfermedades-y-condiciones\/depresion\/#primaryimage"},"thumbnailUrl":"https:\/\/hospitalcmq.com\/wp-content\/uploads\/2017\/08\/depresion.jpg","datePublished":"2019-09-23T15:46:12+00:00","dateModified":"2023-11-01T16:09:14+00:00","description":"La depresi\u00f3n es una enfermedad mental m\u00e1s com\u00fan de lo que se cree. Afecta a m\u00e1s de 19 millones de personas en el mundo y sus s\u00edntomas son distintos siempre. Descubre aqu\u00ed por qu\u00e9.","breadcrumb":{"@id":"https:\/\/hospitalcmq.com\/es\/enfermedades-y-condiciones\/depresion\/#breadcrumb"},"inLanguage":"es","potentialAction":[{"@type":"ReadAction","target":["https:\/\/hospitalcmq.com\/es\/enfermedades-y-condiciones\/depresion\/"]}]},{"@type":"ImageObject","inLanguage":"es","@id":"https:\/\/hospitalcmq.com\/es\/enfermedades-y-condiciones\/depresion\/#primaryimage","url":"https:\/\/hospitalcmq.com\/wp-content\/uploads\/2017\/08\/depresion.jpg","contentUrl":"https:\/\/hospitalcmq.com\/wp-content\/uploads\/2017\/08\/depresion.jpg"},{"@type":"BreadcrumbList","@id":"https:\/\/hospitalcmq.com\/es\/enfermedades-y-condiciones\/depresion\/#breadcrumb","itemListElement":[{"@type":"ListItem","position":1,"name":"Home","item":"https:\/\/hospitalcmq.com\/es\/"},{"@type":"ListItem","position":2,"name":"Enfermedades y Condiciones","item":"https:\/\/hospitalcmq.com\/es\/enfermedades-y-condiciones\/"},{"@type":"ListItem","position":3,"name":"Depresi\u00f3n: la enfermedad silenciosa, s\u00edntomas y causas"}]},{"@type":"WebSite","@id":"https:\/\/hospitalcmq.com\/es\/#website","url":"https:\/\/hospitalcmq.com\/es\/","name":"Hospital CMQ","description":"Best Hospitals in Puerto Vallarta &amp; Riviera Nayarit","publisher":{"@id":"https:\/\/hospitalcmq.com\/es\/#organization"},"potentialAction":[{"@type":"SearchAction","target":{"@type":"EntryPoint","urlTemplate":"https:\/\/hospitalcmq.com\/es\/?s={search_term_string}"},"query-input":{"@type":"PropertyValueSpecification","valueRequired":true,"valueName":"search_term_string"}}],"inLanguage":"es"},{"@type":"Organization","@id":"https:\/\/hospitalcmq.com\/es\/#organization","name":"Hospital CMQ","url":"https:\/\/hospitalcmq.com\/es\/","logo":{"@type":"ImageObject","inLanguage":"es","@id":"https:\/\/hospitalcmq.com\/es\/#\/schema\/logo\/image\/","url":"https:\/\/hospitalcmq.com\/wp-content\/uploads\/2018\/06\/cmq-hospital-logo.png","contentUrl":"https:\/\/hospitalcmq.com\/wp-content\/uploads\/2018\/06\/cmq-hospital-logo.png","width":214,"height":189,"caption":"Hospital CMQ"},"image":{"@id":"https:\/\/hospitalcmq.com\/es\/#\/schema\/logo\/image\/"},"sameAs":["https:\/\/www.facebook.com\/HospitalCMQ"]}]}},"_links":{"self":[{"href":"https:\/\/hospitalcmq.com\/es\/wp-json\/wp\/v2\/pages\/6753","targetHints":{"allow":["GET"]}}],"collection":[{"href":"https:\/\/hospitalcmq.com\/es\/wp-json\/wp\/v2\/pages"}],"about":[{"href":"https:\/\/hospitalcmq.com\/es\/wp-json\/wp\/v2\/types\/page"}],"author":[{"embeddable":true,"href":"https:\/\/hospitalcmq.com\/es\/wp-json\/wp\/v2\/users\/2"}],"replies":[{"embeddable":true,"href":"https:\/\/hospitalcmq.com\/es\/wp-json\/wp\/v2\/comments?post=6753"}],"version-history":[{"count":0,"href":"https:\/\/hospitalcmq.com\/es\/wp-json\/wp\/v2\/pages\/6753\/revisions"}],"up":[{"embeddable":true,"href":"https:\/\/hospitalcmq.com\/es\/wp-json\/wp\/v2\/pages\/3938"}],"wp:attachment":[{"href":"https:\/\/hospitalcmq.com\/es\/wp-json\/wp\/v2\/media?parent=6753"}],"curies":[{"name":"wp","href":"https:\/\/api.w.org\/{rel}","templated":true}]}}