{"id":6749,"date":"2019-09-23T10:33:51","date_gmt":"2019-09-23T15:33:51","guid":{"rendered":"https:\/\/hospitalcmq.com\/enfermedades-y-condiciones\/cancer-como-se-produce-y-cual-es-el-tratamiento-correcto\/"},"modified":"2023-10-18T12:46:25","modified_gmt":"2023-10-18T18:46:25","slug":"cancer","status":"publish","type":"page","link":"https:\/\/hospitalcmq.com\/es\/enfermedades-y-condiciones\/cancer\/","title":{"rendered":"C\u00e1ncer: \u00bfc\u00f3mo se produce y cu\u00e1l es el tratamiento correcto?"},"content":{"rendered":"<div class=\"wpb-content-wrapper\"><p>[vc_row][vc_column][vc_column_text el_id=\u00bbdefinition\u00bb]<\/p>\n<h2>\u00bfC\u00f3mo se origina el C\u00e1ncer?<\/h2>\n<p><span style=\"font-weight: 400;\">El t\u00e9rmino <\/span><i><span style=\"font-weight: 400;\">c\u00e1ncer<\/span><\/i><span style=\"font-weight: 400;\">, es el nombre dado a las enfermedades en donde hay existencia de c\u00e9lulas anormales que se multiplican sin control y llegan a invadir tejidos cercanos y hasta en cierto punto, esparcirse hacia otras partes del cuerpo mediante el torrente sangu\u00edneo y el sistema linf\u00e1tico. <\/span>[\/vc_column_text][vc_empty_space height=\u00bb28px\u00bb][vc_row_inner el_id=\u00bbprevention\u00bb][vc_column_inner][vc_column_text]<\/p>\n<h2>Detecci\u00f3n oportuna del c\u00e1ncer<\/h2>\n<p><span style=\"font-weight: 400;\">El c\u00e1ncer no es s\u00f3lo una enfermedad, sino m\u00faltiples enfermedades. Muchos factores en nuestros genes, nuestro estilo de vida y el entorno que nos rodea, puede aumentar o disminuir el riesgo de presentar c\u00e1ncer. Estudios han demostrado que al menos un tercio de todos los casos de c\u00e1ncer pueden prevenirse con:<\/span><\/p>\n<ul>\n<li style=\"font-weight: 400;\"><span style=\"font-weight: 400;\">Cambios en la alimentaci\u00f3n y estilo de vida<\/span><\/li>\n<li style=\"font-weight: 400;\"><span style=\"font-weight: 400;\">Identificaci\u00f3n temprana de afecciones precancerosas, que en un futuro pueden evolucionar a c\u00e1ncer<\/span><\/li>\n<li style=\"font-weight: 400;\"><span style=\"font-weight: 400;\">Quimioprevenci\u00f3n, medicamentos que combaten una afecci\u00f3n precancerosa o evitar que el c\u00e1ncer aparezca<\/span><\/li>\n<li style=\"font-weight: 400;\"><span style=\"font-weight: 400;\">Cirug\u00eda para disminuir los riesgos<\/span><\/li>\n<\/ul>\n<p>[\/vc_column_text][\/vc_column_inner][\/vc_row_inner][vc_empty_space height=\u00bb28px\u00bb][vc_row_inner el_id=\u00bbsymptoms\u00bb][vc_column_inner][vc_column_text]<\/p>\n<h2>Signos y s\u00edntomas<\/h2>\n<p><span style=\"font-weight: 400;\">Los signos y s\u00edntomas dependen de la localizaci\u00f3n del c\u00e1ncer, el tama\u00f1o y el grado en que perjudica los \u00f3rganos o tejidos. Si se propaga, entonces \u00e9stos pueden aparecer en diferentes partes del cuerpo. No obstante, en ocasiones el c\u00e1ncer surge en lugares donde no causa ning\u00fan s\u00edntoma hasta que aumenta su tama\u00f1o y es demasiado tarde. Conoce tu cuerpo y sus reacciones. Esto puede ser el primer paso que te llevar\u00e1 a un diagn\u00f3stico oportuno. Mantente atento de los cambios que pasan en tu cuerpo y notifica a tu m\u00e9dico si considera que pueden ser malignos:<\/span><\/p>\n<ul>\n<li style=\"font-weight: 400;\"><b>P\u00e9rdida de peso inexplicable<\/b><span style=\"font-weight: 400;\">. Una disminuci\u00f3n inexplicable de peso puede ser un primer signo. Esto ocurre con m\u00e1s frecuencia en los casos de c\u00e1ncer de p\u00e1ncreas, est\u00f3mago, es\u00f3fago o pulm\u00f3n.<\/span><\/li>\n<li style=\"font-weight: 400;\"><b>Fiebre.<\/b><span style=\"font-weight: 400;\"> Padecer fiebre es muy com\u00fan cuando el c\u00e1ncer se ha propagado. Este s\u00edntoma es frecuente en casos de leucemia o linfoma.\u00a0<\/span><\/li>\n<li style=\"font-weight: 400;\"><b>Cansancio<\/b><span style=\"font-weight: 400;\">. Agotamiento extremo que no mejora aunque se descanse plenamente. Es un signo importante a medida que el c\u00e1ncer progresa.<\/span><\/li>\n<li style=\"font-weight: 400;\"><b>Dolor<\/b><span style=\"font-weight: 400;\">. En algunos tipos de c\u00e1ncer, este es el s\u00edntoma inicial, como por ejemplo, para el c\u00e1ncer de huesos o c\u00e1ncer testicular.\u00a0<\/span><\/li>\n<\/ul>\n<p><b>Cambios en la piel<\/b><span style=\"font-weight: 400;\">. Oscurecimiento, coloraci\u00f3n amarillenta de la piel y de los ojos, enrojecimiento, picaz\u00f3n o crecimiento excesivo de vello, son algunos signos que presenta el c\u00e1ncer de piel, junto con otros c\u00e1nceres.<\/span>[\/vc_column_text][\/vc_column_inner][\/vc_row_inner][vc_empty_space][vc_row_inner el_id=\u00bbrisk-factors\u00bb][vc_column_inner][vc_column_text]<\/p>\n<h2>Factores de riesgo<\/h2>\n<p><span style=\"font-weight: 400;\">No es posible conocer con exactitud por qu\u00e9 una persona padece c\u00e1ncer y otra no. Sin embargo, investigaciones han indicado que ciertos factores de riesgo pueden aumentar la probabilidad de una persona para ser diagnosticada de manera positiva.\u00a0<\/span><\/p>\n<ul>\n<li style=\"font-weight: 400;\"><span style=\"font-weight: 400;\">Alcohol<\/span><\/li>\n<li style=\"font-weight: 400;\"><span style=\"font-weight: 400;\">Dieta<\/span><\/li>\n<li style=\"font-weight: 400;\"><span style=\"font-weight: 400;\">Edad<\/span><\/li>\n<li style=\"font-weight: 400;\"><span style=\"font-weight: 400;\">G\u00e9rmenes infecciosos<\/span><\/li>\n<li style=\"font-weight: 400;\"><span style=\"font-weight: 400;\">Hormonas<\/span><\/li>\n<li style=\"font-weight: 400;\"><span style=\"font-weight: 400;\">Inflamaci\u00f3n cr\u00f3nica<\/span><\/li>\n<li style=\"font-weight: 400;\"><span style=\"font-weight: 400;\">Inmunosupresi\u00f3n<\/span><\/li>\n<li style=\"font-weight: 400;\"><span style=\"font-weight: 400;\">Luz solar<\/span><\/li>\n<li style=\"font-weight: 400;\"><span style=\"font-weight: 400;\">Obesidad<\/span><\/li>\n<li style=\"font-weight: 400;\"><span style=\"font-weight: 400;\">Radiaci\u00f3n<\/span><\/li>\n<li style=\"font-weight: 400;\"><span style=\"font-weight: 400;\">Tabaco<\/span><\/li>\n<\/ul>\n<p>[\/vc_column_text][\/vc_column_inner][\/vc_row_inner][vc_empty_space][vc_row_inner el_id=\u00bbtreatment\u00bb][vc_column_inner][vc_column_text]<\/p>\n<h2>\u00bfExiste un tratamiento correcto contra el c\u00e1ncer?<\/h2>\n<p><span style=\"font-weight: 400;\">Existen diversos tipos de tratamiento, ya que depende del tipo de c\u00e1ncer que se presente y de lo avanzado que se encuentre. Se puede recibir un s\u00f3lo tipo de tratamiento. No obstante, la mayor\u00eda de personas afectadas reciben una combinaci\u00f3n de tratamientos. Los principales tipos de tratamiento contra el c\u00e1ncer son:<\/span><\/p>\n<ul>\n<li style=\"font-weight: 400;\"><span style=\"font-weight: 400;\">Cirug\u00eda<\/span><\/li>\n<li style=\"font-weight: 400;\"><span style=\"font-weight: 400;\">Radioterapia<\/span><\/li>\n<li style=\"font-weight: 400;\"><span style=\"font-weight: 400;\">Quimioterapia<\/span><\/li>\n<li style=\"font-weight: 400;\"><span style=\"font-weight: 400;\">Inmunoterapia<\/span><\/li>\n<li style=\"font-weight: 400;\"><span style=\"font-weight: 400;\">Terapia hormonal<\/span><\/li>\n<li style=\"font-weight: 400;\"><span style=\"font-weight: 400;\">Trasplante de c\u00e9lulas madre<\/span><\/li>\n<li style=\"font-weight: 400;\"><span style=\"font-weight: 400;\">Medicina de precisi\u00f3n y terapia dirigida<\/span><\/li>\n<\/ul>\n<p>&nbsp;<\/p>\n<p><span style=\"font-weight: 400;\">Es normal sentir preocupaci\u00f3n y confusi\u00f3n. Habla con tu doctor e inf\u00f3rmate sobre tus opciones. <\/span>[\/vc_column_text][\/vc_column_inner][\/vc_row_inner][\/vc_column][\/vc_row]<\/p>\n<\/div>","protected":false},"excerpt":{"rendered":"<p>C\u00e1ncer es el nombre otorgado a la condici\u00f3n en la cual c\u00e9lulas anormales se multiplican sin control y se instalan en tejidos del cuerpo. Es la segunda causa de muerte en el mundo y se caracteriza por no ser una \u00fanica enfermedad, sino m\u00faltiples afecciones. Descubre aqu\u00ed valiosa informaci\u00f3n sobre esta condici\u00f3n, los s\u00edntomas, factores de riesgo y opciones de tratamiento.<\/p>\n","protected":false},"author":1,"featured_media":0,"parent":3938,"menu_order":0,"comment_status":"closed","ping_status":"closed","template":"","meta":{"footnotes":""},"class_list":["post-6749","page","type-page","status-publish","hentry"],"acf":[],"yoast_head":"<!-- This site is optimized with the Yoast SEO plugin v27.3 - https:\/\/yoast.com\/product\/yoast-seo-wordpress\/ -->\n<title>\u00bfTengo c\u00e1ncer? Los signos y s\u00edntomas que debes conocer<\/title>\n<meta name=\"description\" content=\"El c\u00e1ncer es la segunda causa de muerte en el mundo y se caracteriza por no ser una \u00fanica enfermedad, sino m\u00faltiples afecciones. Conoce aqu\u00ed los s\u00edntomas, factores de riesgo y opciones de tratamiento.\" \/>\n<meta name=\"robots\" content=\"index, follow, max-snippet:-1, max-image-preview:large, max-video-preview:-1\" \/>\n<link rel=\"canonical\" href=\"https:\/\/hospitalcmq.com\/es\/enfermedades-y-condiciones\/cancer\/\" \/>\n<meta property=\"og:locale\" content=\"es_ES\" \/>\n<meta property=\"og:type\" content=\"article\" \/>\n<meta property=\"og:title\" content=\"\u00bfTengo c\u00e1ncer? Los signos y s\u00edntomas que debes conocer\" \/>\n<meta property=\"og:description\" content=\"El c\u00e1ncer es la segunda causa de muerte en el mundo y se caracteriza por no ser una \u00fanica enfermedad, sino m\u00faltiples afecciones. Conoce aqu\u00ed los s\u00edntomas, factores de riesgo y opciones de tratamiento.\" \/>\n<meta property=\"og:url\" content=\"https:\/\/hospitalcmq.com\/es\/enfermedades-y-condiciones\/cancer\/\" \/>\n<meta property=\"og:site_name\" content=\"Hospital CMQ\" \/>\n<meta property=\"article:publisher\" content=\"https:\/\/www.facebook.com\/HospitalCMQ\" \/>\n<meta property=\"article:modified_time\" content=\"2023-10-18T18:46:25+00:00\" \/>\n<meta property=\"og:image\" content=\"https:\/\/hospitalcmq.com\/wp-content\/uploads\/2018\/06\/cmq-hospital-logo.png\" \/>\n\t<meta property=\"og:image:width\" content=\"214\" \/>\n\t<meta property=\"og:image:height\" content=\"189\" \/>\n\t<meta property=\"og:image:type\" content=\"image\/png\" \/>\n<meta name=\"twitter:card\" content=\"summary_large_image\" \/>\n<meta name=\"twitter:label1\" content=\"Tiempo de lectura\" \/>\n\t<meta name=\"twitter:data1\" content=\"3 minutos\" \/>\n<script type=\"application\/ld+json\" class=\"yoast-schema-graph\">{\"@context\":\"https:\\\/\\\/schema.org\",\"@graph\":[{\"@type\":\"WebPage\",\"@id\":\"https:\\\/\\\/hospitalcmq.com\\\/es\\\/enfermedades-y-condiciones\\\/cancer\\\/\",\"url\":\"https:\\\/\\\/hospitalcmq.com\\\/es\\\/enfermedades-y-condiciones\\\/cancer\\\/\",\"name\":\"\u00bfTengo c\u00e1ncer? Los signos y s\u00edntomas que debes conocer\",\"isPartOf\":{\"@id\":\"https:\\\/\\\/hospitalcmq.com\\\/es\\\/#website\"},\"datePublished\":\"2019-09-23T15:33:51+00:00\",\"dateModified\":\"2023-10-18T18:46:25+00:00\",\"description\":\"El c\u00e1ncer es la segunda causa de muerte en el mundo y se caracteriza por no ser una \u00fanica enfermedad, sino m\u00faltiples afecciones. Conoce aqu\u00ed los s\u00edntomas, factores de riesgo y opciones de tratamiento.\",\"breadcrumb\":{\"@id\":\"https:\\\/\\\/hospitalcmq.com\\\/es\\\/enfermedades-y-condiciones\\\/cancer\\\/#breadcrumb\"},\"inLanguage\":\"es\",\"potentialAction\":[{\"@type\":\"ReadAction\",\"target\":[\"https:\\\/\\\/hospitalcmq.com\\\/es\\\/enfermedades-y-condiciones\\\/cancer\\\/\"]}]},{\"@type\":\"BreadcrumbList\",\"@id\":\"https:\\\/\\\/hospitalcmq.com\\\/es\\\/enfermedades-y-condiciones\\\/cancer\\\/#breadcrumb\",\"itemListElement\":[{\"@type\":\"ListItem\",\"position\":1,\"name\":\"Home\",\"item\":\"https:\\\/\\\/hospitalcmq.com\\\/es\\\/\"},{\"@type\":\"ListItem\",\"position\":2,\"name\":\"Enfermedades y Condiciones\",\"item\":\"https:\\\/\\\/hospitalcmq.com\\\/es\\\/enfermedades-y-condiciones\\\/\"},{\"@type\":\"ListItem\",\"position\":3,\"name\":\"C\u00e1ncer: \u00bfc\u00f3mo se produce y cu\u00e1l es el tratamiento correcto?\"}]},{\"@type\":\"WebSite\",\"@id\":\"https:\\\/\\\/hospitalcmq.com\\\/es\\\/#website\",\"url\":\"https:\\\/\\\/hospitalcmq.com\\\/es\\\/\",\"name\":\"Hospital CMQ\",\"description\":\"Best Hospitals in Puerto Vallarta &amp; Riviera Nayarit\",\"publisher\":{\"@id\":\"https:\\\/\\\/hospitalcmq.com\\\/es\\\/#organization\"},\"potentialAction\":[{\"@type\":\"SearchAction\",\"target\":{\"@type\":\"EntryPoint\",\"urlTemplate\":\"https:\\\/\\\/hospitalcmq.com\\\/es\\\/?s={search_term_string}\"},\"query-input\":{\"@type\":\"PropertyValueSpecification\",\"valueRequired\":true,\"valueName\":\"search_term_string\"}}],\"inLanguage\":\"es\"},{\"@type\":\"Organization\",\"@id\":\"https:\\\/\\\/hospitalcmq.com\\\/es\\\/#organization\",\"name\":\"Hospital CMQ\",\"url\":\"https:\\\/\\\/hospitalcmq.com\\\/es\\\/\",\"logo\":{\"@type\":\"ImageObject\",\"inLanguage\":\"es\",\"@id\":\"https:\\\/\\\/hospitalcmq.com\\\/es\\\/#\\\/schema\\\/logo\\\/image\\\/\",\"url\":\"https:\\\/\\\/hospitalcmq.com\\\/wp-content\\\/uploads\\\/2018\\\/06\\\/cmq-hospital-logo.png\",\"contentUrl\":\"https:\\\/\\\/hospitalcmq.com\\\/wp-content\\\/uploads\\\/2018\\\/06\\\/cmq-hospital-logo.png\",\"width\":214,\"height\":189,\"caption\":\"Hospital CMQ\"},\"image\":{\"@id\":\"https:\\\/\\\/hospitalcmq.com\\\/es\\\/#\\\/schema\\\/logo\\\/image\\\/\"},\"sameAs\":[\"https:\\\/\\\/www.facebook.com\\\/HospitalCMQ\"]}]}<\/script>\n<!-- \/ Yoast SEO plugin. -->","yoast_head_json":{"title":"\u00bfTengo c\u00e1ncer? Los signos y s\u00edntomas que debes conocer","description":"El c\u00e1ncer es la segunda causa de muerte en el mundo y se caracteriza por no ser una \u00fanica enfermedad, sino m\u00faltiples afecciones. Conoce aqu\u00ed los s\u00edntomas, factores de riesgo y opciones de tratamiento.","robots":{"index":"index","follow":"follow","max-snippet":"max-snippet:-1","max-image-preview":"max-image-preview:large","max-video-preview":"max-video-preview:-1"},"canonical":"https:\/\/hospitalcmq.com\/es\/enfermedades-y-condiciones\/cancer\/","og_locale":"es_ES","og_type":"article","og_title":"\u00bfTengo c\u00e1ncer? Los signos y s\u00edntomas que debes conocer","og_description":"El c\u00e1ncer es la segunda causa de muerte en el mundo y se caracteriza por no ser una \u00fanica enfermedad, sino m\u00faltiples afecciones. Conoce aqu\u00ed los s\u00edntomas, factores de riesgo y opciones de tratamiento.","og_url":"https:\/\/hospitalcmq.com\/es\/enfermedades-y-condiciones\/cancer\/","og_site_name":"Hospital CMQ","article_publisher":"https:\/\/www.facebook.com\/HospitalCMQ","article_modified_time":"2023-10-18T18:46:25+00:00","og_image":[{"width":214,"height":189,"url":"https:\/\/hospitalcmq.com\/wp-content\/uploads\/2018\/06\/cmq-hospital-logo.png","type":"image\/png"}],"twitter_card":"summary_large_image","twitter_misc":{"Tiempo de lectura":"3 minutos"},"schema":{"@context":"https:\/\/schema.org","@graph":[{"@type":"WebPage","@id":"https:\/\/hospitalcmq.com\/es\/enfermedades-y-condiciones\/cancer\/","url":"https:\/\/hospitalcmq.com\/es\/enfermedades-y-condiciones\/cancer\/","name":"\u00bfTengo c\u00e1ncer? Los signos y s\u00edntomas que debes conocer","isPartOf":{"@id":"https:\/\/hospitalcmq.com\/es\/#website"},"datePublished":"2019-09-23T15:33:51+00:00","dateModified":"2023-10-18T18:46:25+00:00","description":"El c\u00e1ncer es la segunda causa de muerte en el mundo y se caracteriza por no ser una \u00fanica enfermedad, sino m\u00faltiples afecciones. Conoce aqu\u00ed los s\u00edntomas, factores de riesgo y opciones de tratamiento.","breadcrumb":{"@id":"https:\/\/hospitalcmq.com\/es\/enfermedades-y-condiciones\/cancer\/#breadcrumb"},"inLanguage":"es","potentialAction":[{"@type":"ReadAction","target":["https:\/\/hospitalcmq.com\/es\/enfermedades-y-condiciones\/cancer\/"]}]},{"@type":"BreadcrumbList","@id":"https:\/\/hospitalcmq.com\/es\/enfermedades-y-condiciones\/cancer\/#breadcrumb","itemListElement":[{"@type":"ListItem","position":1,"name":"Home","item":"https:\/\/hospitalcmq.com\/es\/"},{"@type":"ListItem","position":2,"name":"Enfermedades y Condiciones","item":"https:\/\/hospitalcmq.com\/es\/enfermedades-y-condiciones\/"},{"@type":"ListItem","position":3,"name":"C\u00e1ncer: \u00bfc\u00f3mo se produce y cu\u00e1l es el tratamiento correcto?"}]},{"@type":"WebSite","@id":"https:\/\/hospitalcmq.com\/es\/#website","url":"https:\/\/hospitalcmq.com\/es\/","name":"Hospital CMQ","description":"Best Hospitals in Puerto Vallarta &amp; Riviera Nayarit","publisher":{"@id":"https:\/\/hospitalcmq.com\/es\/#organization"},"potentialAction":[{"@type":"SearchAction","target":{"@type":"EntryPoint","urlTemplate":"https:\/\/hospitalcmq.com\/es\/?s={search_term_string}"},"query-input":{"@type":"PropertyValueSpecification","valueRequired":true,"valueName":"search_term_string"}}],"inLanguage":"es"},{"@type":"Organization","@id":"https:\/\/hospitalcmq.com\/es\/#organization","name":"Hospital CMQ","url":"https:\/\/hospitalcmq.com\/es\/","logo":{"@type":"ImageObject","inLanguage":"es","@id":"https:\/\/hospitalcmq.com\/es\/#\/schema\/logo\/image\/","url":"https:\/\/hospitalcmq.com\/wp-content\/uploads\/2018\/06\/cmq-hospital-logo.png","contentUrl":"https:\/\/hospitalcmq.com\/wp-content\/uploads\/2018\/06\/cmq-hospital-logo.png","width":214,"height":189,"caption":"Hospital CMQ"},"image":{"@id":"https:\/\/hospitalcmq.com\/es\/#\/schema\/logo\/image\/"},"sameAs":["https:\/\/www.facebook.com\/HospitalCMQ"]}]}},"_links":{"self":[{"href":"https:\/\/hospitalcmq.com\/es\/wp-json\/wp\/v2\/pages\/6749","targetHints":{"allow":["GET"]}}],"collection":[{"href":"https:\/\/hospitalcmq.com\/es\/wp-json\/wp\/v2\/pages"}],"about":[{"href":"https:\/\/hospitalcmq.com\/es\/wp-json\/wp\/v2\/types\/page"}],"author":[{"embeddable":true,"href":"https:\/\/hospitalcmq.com\/es\/wp-json\/wp\/v2\/users\/1"}],"replies":[{"embeddable":true,"href":"https:\/\/hospitalcmq.com\/es\/wp-json\/wp\/v2\/comments?post=6749"}],"version-history":[{"count":0,"href":"https:\/\/hospitalcmq.com\/es\/wp-json\/wp\/v2\/pages\/6749\/revisions"}],"up":[{"embeddable":true,"href":"https:\/\/hospitalcmq.com\/es\/wp-json\/wp\/v2\/pages\/3938"}],"wp:attachment":[{"href":"https:\/\/hospitalcmq.com\/es\/wp-json\/wp\/v2\/media?parent=6749"}],"curies":[{"name":"wp","href":"https:\/\/api.w.org\/{rel}","templated":true}]}}