{"id":6742,"date":"2019-09-23T10:00:24","date_gmt":"2019-09-23T15:00:24","guid":{"rendered":"https:\/\/hospitalcmq.com\/enfermedades-y-condiciones\/cancer-de-mama\/"},"modified":"2023-11-01T10:08:21","modified_gmt":"2023-11-01T16:08:21","slug":"cancer-de-mama","status":"publish","type":"page","link":"https:\/\/hospitalcmq.com\/es\/enfermedades-y-condiciones\/cancer-de-mama\/","title":{"rendered":"C\u00e1ncer de mama"},"content":{"rendered":"<div class=\"wpb-content-wrapper\"><p>[vc_row][vc_column][vc_empty_space height=\u00bb28px\u00bb][vc_column_text el_id=\u00bbdefinition\u00bb]<\/p>\n<h2>\u00bfQu\u00e9 es el c\u00e1ncer de mama?<\/h2>\n<p><span style=\"font-weight: 400;\"><em>El c\u00e1ncer de mama<\/em> es una enfermedad en la cual las c\u00e9lulas que habitan en la mama se multiplican sin control y producen un tumor maligno. Comienza como una leve anomal\u00eda y evoluciona con rapidez invadiendo tejidos. Finalmente, se propaga a otras partes del cuerpo.<\/span><\/p>\n<h3>Tipos de c\u00e1ncer de mama:<\/h3>\n<ul>\n<li><b>Carcinoma ductal infiltrante:<\/b><span style=\"font-weight: 400;\"> las c\u00e9lulas cancerosas se multiplican fuera de los conductos e invaden otras partes del tejido mamario. Estas c\u00e9lulas cancerosas invasoras tambi\u00e9n pueden esparcirse a otras partes del cuerpo.<\/span><\/li>\n<li><b>Carcinoma lobulillar infiltrante:<\/b> las c\u00e9lulas cancerosas se dispersan de los lobulillos a los tejidos mamarios cercanos. Estas c\u00e9lulas tambi\u00e9n pueden atacar otras partes del cuerpo.<\/li>\n<\/ul>\n<p>[\/vc_column_text][vc_row_inner el_id=\u00bbprevention\u00bb][vc_column_inner][vc_empty_space][vc_column_text css_animation=\u00bbnone\u00bb]<\/p>\n<h2>\u00bfExiste prevenci\u00f3n contra el c\u00e1ncer de mama?<\/h2>\n<p><span style=\"font-weight: 400;\">La prevenci\u00f3n, de este c\u00e1ncer como cualquier otro, consiste en las medidas ideales para reducir lo m\u00e1s posible la probabilidad de un diagn\u00f3stico positivo. Existen muchos factores que pueden influir en el riesgo de padecer c\u00e1ncer de mama. Algunos de estos factores no se pueden cambiar. Pero puedes disminuirlos al cuidar tu salud de la siguiente manera:<\/span><\/p>\n<ul>\n<li style=\"font-weight: 400;\"><span style=\"font-weight: 400;\">Mant\u00e9n un peso saludable<\/span><\/li>\n<li style=\"font-weight: 400;\"><span style=\"font-weight: 400;\">Haz ejercicio con regularidad<\/span><\/li>\n<li style=\"font-weight: 400;\"><span style=\"font-weight: 400;\">No tomes alcohol. Si lo haces, limita las bebidas alcoh\u00f3licas a no m\u00e1s de una por d\u00eda<\/span><\/li>\n<li style=\"font-weight: 400;\"><span style=\"font-weight: 400;\">Evita la exposici\u00f3n a sustancias qu\u00edmicas que interfieren con el funcionamiento normal del organismo<\/span><\/li>\n<li style=\"font-weight: 400;\"><span style=\"font-weight: 400;\">Si no son m\u00e9dicamente necesarias, limita tu exposici\u00f3n a la radiaci\u00f3n<\/span><\/li>\n<li style=\"font-weight: 400;\"><span style=\"font-weight: 400;\">Si est\u00e1s recibiendo, o te han prescrito, terapia de reemplazo hormonal o anticonceptivos orales (p\u00edldoras anticonceptivas), consulta a tu m\u00e9dico acerca de los riesgos y averig\u00fca si es lo mejor para ti<\/span><\/li>\n<li style=\"font-weight: 400;\"><span style=\"font-weight: 400;\">Si es posible, amamanta a tus hijos<\/span><\/li>\n<\/ul>\n<p>[\/vc_column_text][\/vc_column_inner][\/vc_row_inner][vc_row_inner el_id=\u00bbsymptoms\u00bb][vc_column_inner][vc_empty_space][vc_column_text]<\/p>\n<h2>Signos de advertencia<\/h2>\n<p><span style=\"font-weight: 400;\">Los s\u00edntomas de advertencia son distintos en cada persona. Al principio, es posible que no se presente ning\u00fan s\u00edntoma. Otras veces, se puede diagnosticar por medio de una mamograf\u00eda rutinaria. Pero las se\u00f1ales a las que debes estar alerta son:<\/span><\/p>\n<ul>\n<li style=\"font-weight: 400;\"><span style=\"font-weight: 400;\">Un bulto en la mama o axila, usualmente debajo del brazo<\/span><\/li>\n<li style=\"font-weight: 400;\"><span style=\"font-weight: 400;\">Aumento o hinchaz\u00f3n de una parte de la mama<\/span><\/li>\n<li style=\"font-weight: 400;\"><span style=\"font-weight: 400;\">Irritaci\u00f3n o hundimiento de la piel<\/span><\/li>\n<li style=\"font-weight: 400;\"><span style=\"font-weight: 400;\">Enrojecimiento en la zona del pez\u00f3n o la mama<\/span><\/li>\n<li style=\"font-weight: 400;\"><span style=\"font-weight: 400;\">Hundimiento del pez\u00f3n y dolor en la zona<\/span><\/li>\n<li style=\"font-weight: 400;\"><span style=\"font-weight: 400;\">Secreci\u00f3n del pez\u00f3n<\/span><\/li>\n<li style=\"font-weight: 400;\"><span style=\"font-weight: 400;\">Cambio notorio del tama\u00f1o de la mama<\/span><\/li>\n<\/ul>\n<p><span style=\"font-weight: 400;\">Si presentas alg\u00fan signo o s\u00edntoma de advertencia, asiste inmediatamente al m\u00e9dico.<\/span>[\/vc_column_text][\/vc_column_inner][\/vc_row_inner][vc_empty_space][vc_row_inner el_id=\u00bbrisk-factors\u00bb][vc_column_inner][vc_column_text]<\/p>\n<h2>\u00bfC\u00f3mo saber si estoy en riesgo?<\/h2>\n<p><span style=\"font-weight: 400;\">Se ha demostrado que el riesgo de adquirir c\u00e1ncer de mama se debe a una mezcla de factores. Aquellos que aumentan la probabilidad de desarrollar esta enfermedad son:<\/span><\/p>\n<ul>\n<li style=\"font-weight: 400;\"><span style=\"font-weight: 400;\">Edad, el 70 por ciento de los casos se verifica entre los 40 y los 60 a\u00f1os y el 5,2 por ciento, antes de los 36 a\u00f1os.<\/span><\/li>\n<li style=\"font-weight: 400;\"><span style=\"font-weight: 400;\">Mutaci\u00f3n de genes BRCA 1 y 2; provocan crecimiento celular anormal.<\/span><\/li>\n<li style=\"font-weight: 400;\"><span style=\"font-weight: 400;\">Menstruaci\u00f3n temprana y\/o menopausia tard\u00eda.<\/span><\/li>\n<li style=\"font-weight: 400;\"><span style=\"font-weight: 400;\">Ausencia de embarazos.<\/span><\/li>\n<li style=\"font-weight: 400;\"><span style=\"font-weight: 400;\">Embarazo tard\u00edo.<\/span><\/li>\n<li style=\"font-weight: 400;\"><span style=\"font-weight: 400;\">Consumo excesivo de alcohol.<\/span><\/li>\n<li style=\"font-weight: 400;\"><span style=\"font-weight: 400;\">Vida sedentaria por falta de ejercicio.<\/span><\/li>\n<li style=\"font-weight: 400;\"><span style=\"font-weight: 400;\">Haber recibido radiaci\u00f3n en un pecho.<\/span><\/li>\n<\/ul>\n<p><span style=\"font-weight: 400;\">No se puede afirmar que estos factores afectan a todas las personas diagnosticadas. Pero si cuentas con uno o m\u00e1s de uno, habla con tu m\u00e9dico sobre las maneras en que puedes disminuir el riesgo e informate acerca de las pruebas de detecci\u00f3n.<\/span>[\/vc_column_text][\/vc_column_inner][\/vc_row_inner][vc_empty_space][vc_row_inner el_id=\u00bbtreatment\u00bb][vc_column_inner][vc_column_text]<\/p>\n<h2>Tratamiento contra el c\u00e1ncer de mama<\/h2>\n<p><span style=\"font-weight: 400;\">Cada c\u00e1ncer es distinto, por ende, cada tratamiento lo debe ser tambi\u00e9n. A menudo se puede recibir m\u00e1s de un tipo. Pero para recibir un tratamiento oportuno y eficiente se debe conocer el tipo de c\u00e1ncer y su estadio. Una vez determinados estos puntos, se procede al tratamiento:<\/span><\/p>\n<ul>\n<li style=\"font-weight: 400;\"><b>Cirug\u00eda:<\/b><span style=\"font-weight: 400;\"> operaci\u00f3n donde se remueve el tejido infectado<\/span><\/li>\n<li style=\"font-weight: 400;\"><b>Quimioterapia:<\/b><span style=\"font-weight: 400;\"> con ayuda de medicamentos especiales, se reducen o matan las c\u00e9lulas cancerosas<\/span><\/li>\n<li style=\"font-weight: 400;\"><b>Terapia hormonal:<\/b><span style=\"font-weight: 400;\"> impide que las c\u00e9lulas del c\u00e1ncer obtengan las hormonas que necesitan para crecer<\/span><\/li>\n<li style=\"font-weight: 400;\"><b>Terapia biol\u00f3gica:<\/b><span style=\"font-weight: 400;\"> trabaja con el sistema inmunitario para combatir y controlar los efectos secundarios que llegan a causar otros tratamientos<\/span><\/li>\n<li style=\"font-weight: 400;\"><b>Radioterapia:<\/b><span style=\"font-weight: 400;\"> utilizaci\u00f3n de rayos de alta energ\u00eda para matar las c\u00e9lulas cancerosas<\/span><\/li>\n<\/ul>\n<p>[\/vc_column_text][\/vc_column_inner][\/vc_row_inner][\/vc_column][\/vc_row]<\/p>\n<\/div>","protected":false},"excerpt":{"rendered":"<p>El c\u00e1ncer de mama es el tipo de c\u00e1ncer m\u00e1s frecuente que afecta a mujeres en todo el mundo. En el a\u00f1o 2018, la cantidad estimada de muertes por c\u00e1ncer de seno aument\u00f3 a 627,000 mujeres, lo que equivale a un 15% de las defunciones femeninas de ese a\u00f1o. Conoce aqu\u00ed qu\u00e9 es c\u00e1ncer de mama, qu\u00e9 lo ocasiona y cu\u00e1les son los factores de riesgo de esta enfermedad totalmente prevenible.<\/p>\n","protected":false},"author":1,"featured_media":6816,"parent":3938,"menu_order":0,"comment_status":"closed","ping_status":"closed","template":"","meta":{"footnotes":""},"class_list":["post-6742","page","type-page","status-publish","has-post-thumbnail","hentry"],"acf":[],"yoast_head":"<!-- This site is optimized with the Yoast SEO plugin v27.3 - https:\/\/yoast.com\/product\/yoast-seo-wordpress\/ -->\n<title>C\u00e1ncer de Mama, detecci\u00f3n temprana, prevenci\u00f3n y s\u00edntomas<\/title>\n<meta name=\"description\" content=\"El c\u00e1ncer de mama es uno de los c\u00e1nceres m\u00e1s comunes en las mujeres. Conoce aqu\u00ed valiosa informaci\u00f3n sobre \u00e9l, s\u00edntomas, prevenci\u00f3n, tratamiento y c\u00f3mo una detecci\u00f3n temprana puede salvar tu vida.\" \/>\n<meta name=\"robots\" content=\"index, follow, max-snippet:-1, max-image-preview:large, max-video-preview:-1\" \/>\n<link rel=\"canonical\" href=\"https:\/\/hospitalcmq.com\/es\/enfermedades-y-condiciones\/cancer-de-mama\/\" \/>\n<meta property=\"og:locale\" content=\"es_ES\" \/>\n<meta property=\"og:type\" content=\"article\" \/>\n<meta property=\"og:title\" content=\"C\u00e1ncer de Mama, detecci\u00f3n temprana, prevenci\u00f3n y s\u00edntomas\" \/>\n<meta property=\"og:description\" content=\"El c\u00e1ncer de mama es uno de los c\u00e1nceres m\u00e1s comunes en las mujeres. Conoce aqu\u00ed valiosa informaci\u00f3n sobre \u00e9l, s\u00edntomas, prevenci\u00f3n, tratamiento y c\u00f3mo una detecci\u00f3n temprana puede salvar tu vida.\" \/>\n<meta property=\"og:url\" content=\"https:\/\/hospitalcmq.com\/es\/enfermedades-y-condiciones\/cancer-de-mama\/\" \/>\n<meta property=\"og:site_name\" content=\"Hospital CMQ\" \/>\n<meta property=\"article:publisher\" content=\"https:\/\/www.facebook.com\/HospitalCMQ\" \/>\n<meta property=\"article:modified_time\" content=\"2023-11-01T16:08:21+00:00\" \/>\n<meta property=\"og:image\" content=\"https:\/\/hospitalcmq.com\/wp-content\/uploads\/2019\/10\/Cover-OR192.jpg\" \/>\n\t<meta property=\"og:image:width\" content=\"2070\" \/>\n\t<meta property=\"og:image:height\" content=\"800\" \/>\n\t<meta property=\"og:image:type\" content=\"image\/jpeg\" \/>\n<meta name=\"twitter:card\" content=\"summary_large_image\" \/>\n<meta name=\"twitter:label1\" content=\"Tiempo de lectura\" \/>\n\t<meta name=\"twitter:data1\" content=\"3 minutos\" \/>\n<script type=\"application\/ld+json\" class=\"yoast-schema-graph\">{\"@context\":\"https:\\\/\\\/schema.org\",\"@graph\":[{\"@type\":\"WebPage\",\"@id\":\"https:\\\/\\\/hospitalcmq.com\\\/es\\\/enfermedades-y-condiciones\\\/cancer-de-mama\\\/\",\"url\":\"https:\\\/\\\/hospitalcmq.com\\\/es\\\/enfermedades-y-condiciones\\\/cancer-de-mama\\\/\",\"name\":\"C\u00e1ncer de Mama, detecci\u00f3n temprana, prevenci\u00f3n y s\u00edntomas\",\"isPartOf\":{\"@id\":\"https:\\\/\\\/hospitalcmq.com\\\/es\\\/#website\"},\"primaryImageOfPage\":{\"@id\":\"https:\\\/\\\/hospitalcmq.com\\\/es\\\/enfermedades-y-condiciones\\\/cancer-de-mama\\\/#primaryimage\"},\"image\":{\"@id\":\"https:\\\/\\\/hospitalcmq.com\\\/es\\\/enfermedades-y-condiciones\\\/cancer-de-mama\\\/#primaryimage\"},\"thumbnailUrl\":\"https:\\\/\\\/hospitalcmq.com\\\/wp-content\\\/uploads\\\/2019\\\/10\\\/Cover-OR192.jpg\",\"datePublished\":\"2019-09-23T15:00:24+00:00\",\"dateModified\":\"2023-11-01T16:08:21+00:00\",\"description\":\"El c\u00e1ncer de mama es uno de los c\u00e1nceres m\u00e1s comunes en las mujeres. Conoce aqu\u00ed valiosa informaci\u00f3n sobre \u00e9l, s\u00edntomas, prevenci\u00f3n, tratamiento y c\u00f3mo una detecci\u00f3n temprana puede salvar tu vida.\",\"breadcrumb\":{\"@id\":\"https:\\\/\\\/hospitalcmq.com\\\/es\\\/enfermedades-y-condiciones\\\/cancer-de-mama\\\/#breadcrumb\"},\"inLanguage\":\"es\",\"potentialAction\":[{\"@type\":\"ReadAction\",\"target\":[\"https:\\\/\\\/hospitalcmq.com\\\/es\\\/enfermedades-y-condiciones\\\/cancer-de-mama\\\/\"]}]},{\"@type\":\"ImageObject\",\"inLanguage\":\"es\",\"@id\":\"https:\\\/\\\/hospitalcmq.com\\\/es\\\/enfermedades-y-condiciones\\\/cancer-de-mama\\\/#primaryimage\",\"url\":\"https:\\\/\\\/hospitalcmq.com\\\/wp-content\\\/uploads\\\/2019\\\/10\\\/Cover-OR192.jpg\",\"contentUrl\":\"https:\\\/\\\/hospitalcmq.com\\\/wp-content\\\/uploads\\\/2019\\\/10\\\/Cover-OR192.jpg\",\"width\":2070,\"height\":800,\"caption\":\"Breast Cancer Awareness Month\"},{\"@type\":\"BreadcrumbList\",\"@id\":\"https:\\\/\\\/hospitalcmq.com\\\/es\\\/enfermedades-y-condiciones\\\/cancer-de-mama\\\/#breadcrumb\",\"itemListElement\":[{\"@type\":\"ListItem\",\"position\":1,\"name\":\"Home\",\"item\":\"https:\\\/\\\/hospitalcmq.com\\\/es\\\/\"},{\"@type\":\"ListItem\",\"position\":2,\"name\":\"Enfermedades y Condiciones\",\"item\":\"https:\\\/\\\/hospitalcmq.com\\\/es\\\/enfermedades-y-condiciones\\\/\"},{\"@type\":\"ListItem\",\"position\":3,\"name\":\"C\u00e1ncer de mama\"}]},{\"@type\":\"WebSite\",\"@id\":\"https:\\\/\\\/hospitalcmq.com\\\/es\\\/#website\",\"url\":\"https:\\\/\\\/hospitalcmq.com\\\/es\\\/\",\"name\":\"Hospital CMQ\",\"description\":\"Best Hospitals in Puerto Vallarta &amp; Riviera Nayarit\",\"publisher\":{\"@id\":\"https:\\\/\\\/hospitalcmq.com\\\/es\\\/#organization\"},\"potentialAction\":[{\"@type\":\"SearchAction\",\"target\":{\"@type\":\"EntryPoint\",\"urlTemplate\":\"https:\\\/\\\/hospitalcmq.com\\\/es\\\/?s={search_term_string}\"},\"query-input\":{\"@type\":\"PropertyValueSpecification\",\"valueRequired\":true,\"valueName\":\"search_term_string\"}}],\"inLanguage\":\"es\"},{\"@type\":\"Organization\",\"@id\":\"https:\\\/\\\/hospitalcmq.com\\\/es\\\/#organization\",\"name\":\"Hospital CMQ\",\"url\":\"https:\\\/\\\/hospitalcmq.com\\\/es\\\/\",\"logo\":{\"@type\":\"ImageObject\",\"inLanguage\":\"es\",\"@id\":\"https:\\\/\\\/hospitalcmq.com\\\/es\\\/#\\\/schema\\\/logo\\\/image\\\/\",\"url\":\"https:\\\/\\\/hospitalcmq.com\\\/wp-content\\\/uploads\\\/2018\\\/06\\\/cmq-hospital-logo.png\",\"contentUrl\":\"https:\\\/\\\/hospitalcmq.com\\\/wp-content\\\/uploads\\\/2018\\\/06\\\/cmq-hospital-logo.png\",\"width\":214,\"height\":189,\"caption\":\"Hospital CMQ\"},\"image\":{\"@id\":\"https:\\\/\\\/hospitalcmq.com\\\/es\\\/#\\\/schema\\\/logo\\\/image\\\/\"},\"sameAs\":[\"https:\\\/\\\/www.facebook.com\\\/HospitalCMQ\"]}]}<\/script>\n<!-- \/ Yoast SEO plugin. -->","yoast_head_json":{"title":"C\u00e1ncer de Mama, detecci\u00f3n temprana, prevenci\u00f3n y s\u00edntomas","description":"El c\u00e1ncer de mama es uno de los c\u00e1nceres m\u00e1s comunes en las mujeres. Conoce aqu\u00ed valiosa informaci\u00f3n sobre \u00e9l, s\u00edntomas, prevenci\u00f3n, tratamiento y c\u00f3mo una detecci\u00f3n temprana puede salvar tu vida.","robots":{"index":"index","follow":"follow","max-snippet":"max-snippet:-1","max-image-preview":"max-image-preview:large","max-video-preview":"max-video-preview:-1"},"canonical":"https:\/\/hospitalcmq.com\/es\/enfermedades-y-condiciones\/cancer-de-mama\/","og_locale":"es_ES","og_type":"article","og_title":"C\u00e1ncer de Mama, detecci\u00f3n temprana, prevenci\u00f3n y s\u00edntomas","og_description":"El c\u00e1ncer de mama es uno de los c\u00e1nceres m\u00e1s comunes en las mujeres. Conoce aqu\u00ed valiosa informaci\u00f3n sobre \u00e9l, s\u00edntomas, prevenci\u00f3n, tratamiento y c\u00f3mo una detecci\u00f3n temprana puede salvar tu vida.","og_url":"https:\/\/hospitalcmq.com\/es\/enfermedades-y-condiciones\/cancer-de-mama\/","og_site_name":"Hospital CMQ","article_publisher":"https:\/\/www.facebook.com\/HospitalCMQ","article_modified_time":"2023-11-01T16:08:21+00:00","og_image":[{"width":2070,"height":800,"url":"https:\/\/hospitalcmq.com\/wp-content\/uploads\/2019\/10\/Cover-OR192.jpg","type":"image\/jpeg"}],"twitter_card":"summary_large_image","twitter_misc":{"Tiempo de lectura":"3 minutos"},"schema":{"@context":"https:\/\/schema.org","@graph":[{"@type":"WebPage","@id":"https:\/\/hospitalcmq.com\/es\/enfermedades-y-condiciones\/cancer-de-mama\/","url":"https:\/\/hospitalcmq.com\/es\/enfermedades-y-condiciones\/cancer-de-mama\/","name":"C\u00e1ncer de Mama, detecci\u00f3n temprana, prevenci\u00f3n y s\u00edntomas","isPartOf":{"@id":"https:\/\/hospitalcmq.com\/es\/#website"},"primaryImageOfPage":{"@id":"https:\/\/hospitalcmq.com\/es\/enfermedades-y-condiciones\/cancer-de-mama\/#primaryimage"},"image":{"@id":"https:\/\/hospitalcmq.com\/es\/enfermedades-y-condiciones\/cancer-de-mama\/#primaryimage"},"thumbnailUrl":"https:\/\/hospitalcmq.com\/wp-content\/uploads\/2019\/10\/Cover-OR192.jpg","datePublished":"2019-09-23T15:00:24+00:00","dateModified":"2023-11-01T16:08:21+00:00","description":"El c\u00e1ncer de mama es uno de los c\u00e1nceres m\u00e1s comunes en las mujeres. Conoce aqu\u00ed valiosa informaci\u00f3n sobre \u00e9l, s\u00edntomas, prevenci\u00f3n, tratamiento y c\u00f3mo una detecci\u00f3n temprana puede salvar tu vida.","breadcrumb":{"@id":"https:\/\/hospitalcmq.com\/es\/enfermedades-y-condiciones\/cancer-de-mama\/#breadcrumb"},"inLanguage":"es","potentialAction":[{"@type":"ReadAction","target":["https:\/\/hospitalcmq.com\/es\/enfermedades-y-condiciones\/cancer-de-mama\/"]}]},{"@type":"ImageObject","inLanguage":"es","@id":"https:\/\/hospitalcmq.com\/es\/enfermedades-y-condiciones\/cancer-de-mama\/#primaryimage","url":"https:\/\/hospitalcmq.com\/wp-content\/uploads\/2019\/10\/Cover-OR192.jpg","contentUrl":"https:\/\/hospitalcmq.com\/wp-content\/uploads\/2019\/10\/Cover-OR192.jpg","width":2070,"height":800,"caption":"Breast Cancer Awareness Month"},{"@type":"BreadcrumbList","@id":"https:\/\/hospitalcmq.com\/es\/enfermedades-y-condiciones\/cancer-de-mama\/#breadcrumb","itemListElement":[{"@type":"ListItem","position":1,"name":"Home","item":"https:\/\/hospitalcmq.com\/es\/"},{"@type":"ListItem","position":2,"name":"Enfermedades y Condiciones","item":"https:\/\/hospitalcmq.com\/es\/enfermedades-y-condiciones\/"},{"@type":"ListItem","position":3,"name":"C\u00e1ncer de mama"}]},{"@type":"WebSite","@id":"https:\/\/hospitalcmq.com\/es\/#website","url":"https:\/\/hospitalcmq.com\/es\/","name":"Hospital CMQ","description":"Best Hospitals in Puerto Vallarta &amp; Riviera Nayarit","publisher":{"@id":"https:\/\/hospitalcmq.com\/es\/#organization"},"potentialAction":[{"@type":"SearchAction","target":{"@type":"EntryPoint","urlTemplate":"https:\/\/hospitalcmq.com\/es\/?s={search_term_string}"},"query-input":{"@type":"PropertyValueSpecification","valueRequired":true,"valueName":"search_term_string"}}],"inLanguage":"es"},{"@type":"Organization","@id":"https:\/\/hospitalcmq.com\/es\/#organization","name":"Hospital CMQ","url":"https:\/\/hospitalcmq.com\/es\/","logo":{"@type":"ImageObject","inLanguage":"es","@id":"https:\/\/hospitalcmq.com\/es\/#\/schema\/logo\/image\/","url":"https:\/\/hospitalcmq.com\/wp-content\/uploads\/2018\/06\/cmq-hospital-logo.png","contentUrl":"https:\/\/hospitalcmq.com\/wp-content\/uploads\/2018\/06\/cmq-hospital-logo.png","width":214,"height":189,"caption":"Hospital CMQ"},"image":{"@id":"https:\/\/hospitalcmq.com\/es\/#\/schema\/logo\/image\/"},"sameAs":["https:\/\/www.facebook.com\/HospitalCMQ"]}]}},"_links":{"self":[{"href":"https:\/\/hospitalcmq.com\/es\/wp-json\/wp\/v2\/pages\/6742","targetHints":{"allow":["GET"]}}],"collection":[{"href":"https:\/\/hospitalcmq.com\/es\/wp-json\/wp\/v2\/pages"}],"about":[{"href":"https:\/\/hospitalcmq.com\/es\/wp-json\/wp\/v2\/types\/page"}],"author":[{"embeddable":true,"href":"https:\/\/hospitalcmq.com\/es\/wp-json\/wp\/v2\/users\/1"}],"replies":[{"embeddable":true,"href":"https:\/\/hospitalcmq.com\/es\/wp-json\/wp\/v2\/comments?post=6742"}],"version-history":[{"count":0,"href":"https:\/\/hospitalcmq.com\/es\/wp-json\/wp\/v2\/pages\/6742\/revisions"}],"up":[{"embeddable":true,"href":"https:\/\/hospitalcmq.com\/es\/wp-json\/wp\/v2\/pages\/3938"}],"wp:featuredmedia":[{"embeddable":true,"href":"https:\/\/hospitalcmq.com\/es\/wp-json\/wp\/v2\/media\/6816"}],"wp:attachment":[{"href":"https:\/\/hospitalcmq.com\/es\/wp-json\/wp\/v2\/media?parent=6742"}],"curies":[{"name":"wp","href":"https:\/\/api.w.org\/{rel}","templated":true}]}}