{"id":6727,"date":"2019-09-20T10:27:42","date_gmt":"2019-09-20T15:27:42","guid":{"rendered":"https:\/\/hospitalcmq.com\/?page_id=6727"},"modified":"2023-07-21T16:43:40","modified_gmt":"2023-07-21T22:43:40","slug":"foot-clinic-por-paty-villanueva","status":"publish","type":"page","link":"https:\/\/hospitalcmq.com\/es\/servicios-medicos\/foot-clinic-por-paty-villanueva\/","title":{"rendered":"Foot Clinic por Paty Villanueva"},"content":{"rendered":"<div class=\"wpb-content-wrapper\"><p>[vc_row][vc_column][vc_column_text el_id=\u00bbfoot-care\u00bb]<img loading=\"lazy\" decoding=\"async\" class=\"alignright wp-image-3337 size-full\" title=\"Medical Transportation services at Hospital CMQ in Puerto Vallarta\" src=\"https:\/\/hospitalcmq.com\/wp-content\/uploads\/2018\/09\/foot_top.png\" alt=\"Foot Clinic\" width=\"470\" height=\"260\" \/><\/p>\n<p><span style=\"font-weight: 400;\">El cuidado de los pies requiere m\u00e1s atenci\u00f3n que s\u00f3lo mantener las u\u00f1as cortas o pintadas, requiere de una asistencia especial a todas y cada una de sus partes.<\/span><\/p>\n<p><span style=\"font-weight: 400;\">Diariamente una persona da entre seis mil y diez mil pasos. Son nuestro soporte y para que funcionen a la perfecci\u00f3n necesitan de buenos cimientos y atenci\u00f3n.\u00a0<\/span><\/p>\n<p><span style=\"font-weight: 400;\">Dependiendo de la actividad que se realice, la edad, y dem\u00e1s factores, se debe personalizar el cuidado de los pies. Afortunadamente, existen profesionales expertos en la prevenci\u00f3n y tratamiento de los pies: los pod\u00f3logos.<\/span>[\/vc_column_text][vc_empty_space][vc_column_text el_id=\u00bbturn-the-care-of-your-feet-over-to-a-professional\u00bb]<\/p>\n<h3>El cuidado de tus pies con profesionales<\/h3>\n<p><span style=\"font-weight: 400;\">Dentro del <a href=\"https:\/\/hospitalcmq.com\/es\/hospital\/cmq-centro\/\">Hospital CMQ Centro<\/a> y nuestra <a href=\"https:\/\/hospitalcmq.com\/es\/hospital\/torre-medica\/\">Torre M\u00e9dica<\/a> anexa a <a href=\"https:\/\/hospitalcmq.com\/es\/hospital\/cmq-riviera-nayarit\/\">Hospital CMQ Riviera Nayarit<\/a> se encuentra <\/span><i><span style=\"font-weight: 400;\">Foot Clinic<\/span><\/i><span style=\"font-weight: 400;\">, el lugar indicado para mantener tus pies de la mejor forma. Cuenta con un equipo de especialistas liderados por la pod\u00f3loga Paty Villanueva, experta en el cuidado de los pies por m\u00e1s de 10 a\u00f1os en <a href=\"https:\/\/hospitalcmq.com\/es\/vacaciones\/puerto-vallarta-la-guirnalda-de-jalisco\/\">Puerto Vallarta<\/a> y <a href=\"https:\/\/hospitalcmq.com\/es\/vacaciones\/bucerias-lugar-de-los-buceadores\/\">Bucer\u00edas.<\/a><\/span><\/p>\n<p><span style=\"font-weight: 400;\">En Foot Clinic el paciente recibe completa seriedad y profesionalismo por parte del personal. Los servicios podol\u00f3gicos son realizados con equipo e instrumental perfectamente esterilizados, con limas individuales que se desechan con cada paciente. As\u00ed mismo, se encargan de analizar los diferentes problemas de los pies, tales como: <\/span>[\/vc_column_text][vc_row_inner][vc_column_inner width=\u00bb1\/2&#8243; css=\u00bb.vc_custom_1538147310145{padding-top: 10px !important;padding-bottom: 32px !important;}\u00bb][vc_column_text css=\u00bb.vc_custom_1568992986022{padding-top: 0px !important;}\u00bb]<\/p>\n<ul>\n<li style=\"font-weight: 400;\"><span style=\"font-weight: 400;\">Verrugas plantares<\/span><\/li>\n<li style=\"font-weight: 400;\"><span style=\"font-weight: 400;\">Hongos en las u\u00f1as y en la piel<\/span><\/li>\n<li style=\"font-weight: 400;\"><span style=\"font-weight: 400;\">U\u00f1as encarnadas<\/span><\/li>\n<\/ul>\n<p>[\/vc_column_text][\/vc_column_inner][vc_column_inner width=\u00bb1\/2&#8243; css=\u00bb.vc_custom_1538147320745{padding-top: 10px !important;padding-bottom: 32px !important;}\u00bb][vc_column_text css=\u00bb.vc_custom_1568992992243{padding-top: 0px !important;}\u00bb]<\/p>\n<ul>\n<li style=\"font-weight: 400;\"><span style=\"font-weight: 400;\">Callosidades<\/span><\/li>\n<li style=\"font-weight: 400;\"><span style=\"font-weight: 400;\">Dolor en pies<\/span><\/li>\n<li style=\"font-weight: 400;\"><span style=\"font-weight: 400;\">Fabricaci\u00f3n e indicaci\u00f3n de plantillas personalizadas<\/span><\/li>\n<\/ul>\n<p>[\/vc_column_text][\/vc_column_inner][\/vc_row_inner][vc_column_text]<span style=\"font-weight: 400;\">Se proporcionan soluciones inmediatas o en su defecto ser referidos con otros especialistas que se encuentran dentro de su extenso directorio m\u00e9dico. <\/span>[\/vc_column_text][vc_empty_space][vc_single_image image=\u00bb3842&#8243; alignment=\u00bbcenter\u00bb][vc_empty_space][vc_column_text el_id=\u00bbspecial-services-at-foot-clinic-by-paty-villanueva\u00bb]<\/p>\n<h3><strong>Servicios especiales en Foot Clinic:<\/strong><\/h3>\n<p>[\/vc_column_text][vc_row_inner][vc_column_inner el_class=\u00bbblock__allShadow&#8211;image\u00bb width=\u00bb1\/2&#8243; css=\u00bb.vc_custom_1538147073776{padding-top: 10px !important;padding-bottom: 32px !important;}\u00bb][vc_column_text css=\u00bb.vc_custom_1568993038404{padding-top: 0px !important;}\u00bb]<b>Pacientes diab\u00e9ticos<br \/>\n<\/b><span style=\"font-weight: 400;\">Foot Clinic realiza cuidados primarios para pacientes con diabetes: valoraci\u00f3n del estado, tomar su pulso y posteriormente se efect\u00faa un pedicure cl\u00ednico; que consiste en una evaluaci\u00f3n desde la regi\u00f3n talar (tal\u00f3n) hasta la regi\u00f3n de los dedos y as\u00ed poder estimar cualquier problema o enfermedad que se presente en ambos pies.\u00a0<\/span><\/p>\n<p><span style=\"font-weight: 400;\">El personal que trata con este tipo de pacientes son especialistas totalmente capacitados para brindar un servicio delicado y personalizado a cada paciente diab\u00e9tico, pero en caso de que el paciente acuda con problemas de circulaci\u00f3n es redirigido con un cirujano vascular.<\/span>[\/vc_column_text][\/vc_column_inner][vc_column_inner el_class=\u00bbblock__allShadow&#8211;image\u00bb width=\u00bb1\/2&#8243; css=\u00bb.vc_custom_1538147077165{padding-top: 10px !important;padding-bottom: 32px !important;}\u00bb][vc_column_text css=\u00bb.vc_custom_1568993059921{padding-top: 0px !important;}\u00bb]<b>Pacientes de la tercera edad<br \/>\n<\/b><span style=\"font-weight: 400;\">Las intervenciones de podolog\u00eda en la tercera edad suelen estar enfocadas a dar respuesta a ciertos tipos de problemas o dolencias. En esta etapa es de suma importancia tener un exhaustivo cuidado de los pies en la gente mayor.\u00a0<\/span><\/p>\n<p><span style=\"font-weight: 400;\">En Foot Clinic se les realiza un pedicure especial con m\u00e9todos m\u00e1s delicados de lo normal para no da\u00f1ar la piel o las u\u00f1as. El correcto proceso de higiene que se otorga implica necesariamente el lavado, secado, hidrataci\u00f3n de los pies, as\u00ed como medias y un calzado especial.<\/span>[\/vc_column_text][\/vc_column_inner][\/vc_row_inner][vc_row_inner][vc_column_inner el_class=\u00bbblock__allShadow&#8211;image\u00bb width=\u00bb1\/2&#8243; css=\u00bb.vc_custom_1538147080384{padding-top: 10px !important;padding-bottom: 32px !important;}\u00bb][vc_column_text css=\u00bb.vc_custom_1568993087674{padding-top: 0px !important;}\u00bb]<b>Onicomicosis<br \/>\n<\/b><span style=\"font-weight: 400;\">En ciertas situaciones, el paciente confunde una lesi\u00f3n en las u\u00f1as con hongos; al llegar a Foot Clinic el paciente es sometido a ciertas valoraciones que ayudar\u00e1n tanto al staff como a la persona interesada a conocer si padece onicomicosis o no. Gracias a su ubicaci\u00f3n dentro del Hospital CMQ Centro, cuentan con el apoyo de un Laboratorio de An\u00e1lisis, donde se env\u00eda una muestra de cultivo de la u\u00f1a para poder conocer si el resultado es positivo y as\u00ed poder dar el tratamiento indicado<\/span>.[\/vc_column_text][\/vc_column_inner][\/vc_row_inner][vc_empty_space][vc_row_inner][vc_column_inner][vc_column_text el_id=\u00bbmake-your-appointment\u00bb]<\/p>\n<h3>\u00a1Haz tu cita!<\/h3>\n<p>[\/vc_column_text][\/vc_column_inner][\/vc_row_inner][vc_row_inner css=\u00bb.vc_custom_1528302577113{background-color: #f9f9f9 !important;}\u00bb][vc_column_inner width=\u00bb1\/2&#8243; css=\u00bb.vc_custom_1528302762314{padding-top: 10px !important;padding-bottom: 32px !important;}\u00bb][vc_single_image image=\u00bb3830&#8243;][vc_empty_space][vc_column_text css=\u00bb.vc_custom_1568993176529{padding-top: 0px !important;}\u00bb]<a href=\"https:\/\/hospitalcmq.com\/es\/hospital\/cmq-centro\/\"><strong>Hospital CMQ Centro<br \/>\n<\/strong><\/a><br \/>\n<strong><a href=\"https:\/\/www.google.com\/maps\/search\/Hospital+CMQ+centro\/@20.6471534,-105.2551996,13z\/data=!3m1!4b1\" target=\"_blank\" rel=\"noopener noreferrer\">Direcci\u00f3n:<\/a><\/strong><br \/>\nBasilio Badillo 365<br \/>\nColonia Emiliano Zapata<br \/>\nPuerto Vallarta, Jalisco, Mexico[\/vc_column_text][\/vc_column_inner][vc_column_inner width=\u00bb1\/2&#8243; css=\u00bb.vc_custom_1528302769852{padding-top: 10px !important;padding-bottom: 32px !important;}\u00bb][vc_single_image image=\u00bb3833&#8243;][vc_empty_space][vc_column_text css=\u00bb.vc_custom_1568993203381{padding-top: 0px !important;}\u00bb]<a href=\"https:\/\/hospitalcmq.com\/es\/hospital\/torre-medica\/\"><strong>Physician Building Hospital CMQ Riviera Nayarit<\/strong><\/a><\/p>\n<p><strong><a href=\"https:\/\/www.google.com\/maps\/place\/Hospital+CMQ+Riviera+Nayarit\/@20.7531809,-105.3333918,17z\/data=!3m1!4b1!4m5!3m4!1s0x842140c0b3efca6f:0x7fda592f619fd7ad!8m2!3d20.7531759!4d-105.3312031\" target=\"_blank\" rel=\"noopener noreferrer\">Direcci\u00f3n:<\/a><\/strong><br \/>\nAvenida Heroe de Nacozari 280<br \/>\nBucerias, Bahia de Banderas,<br \/>\nNayarit, Mexico[\/vc_column_text][\/vc_column_inner][\/vc_row_inner][vc_row_inner css=\u00bb.vc_custom_1528302577113{background-color: #f9f9f9 !important;}\u00bb][vc_column_inner width=\u00bb1\/2&#8243; css=\u00bb.vc_custom_1528302762314{padding-top: 10px !important;padding-bottom: 32px !important;}\u00bb][vc_btn title=\u00bbTel: 011 52 (322) 2231919&#8243; style=\u00bbflat\u00bb shape=\u00bbsquare\u00bb link=\u00bburl:Tel%3A%20011%2052%20(322)%202231919|||\u00bb el_class=\u00bbbutton-cmq fa-phone\u00bb][\/vc_column_inner][vc_column_inner width=\u00bb1\/2&#8243; css=\u00bb.vc_custom_1528302769852{padding-top: 10px !important;padding-bottom: 32px !important;}\u00bb][vc_btn title=\u00bbTel: 01 329 298 0717&#8243; style=\u00bbflat\u00bb shape=\u00bbsquare\u00bb link=\u00bburl:tel%3A013292980717|||\u00bb el_class=\u00bbbutton-cmq fa-phone\u00bb][\/vc_column_inner][\/vc_row_inner][\/vc_column][\/vc_row]<\/p>\n<\/div>","protected":false},"excerpt":{"rendered":"<p>El cuidado para tus pies que siempre has buscado. Foot Clinic por Paty Villanueva es el lugar adecuado para mantener tus pies en la mejor forma posible. Si eres diab\u00e9tico o una persona mayor, contamos con pod\u00f3logos altamente capacitados para realizar los procedimientos que pedicuristas convencionales no. En Hospital CMQ Centro y CMQ Riviera Nayarit puedes encontrar el mejor cuidado para tus pies en Puerto Vallarta y Bucer\u00edas.<\/p>\n","protected":false},"author":2,"featured_media":0,"parent":4148,"menu_order":0,"comment_status":"closed","ping_status":"closed","template":"","meta":{"footnotes":""},"class_list":["post-6727","page","type-page","status-publish","hentry"],"acf":[],"yoast_head":"<!-- This site is optimized with the Yoast SEO plugin v27.3 - https:\/\/yoast.com\/product\/yoast-seo-wordpress\/ -->\n<title>Foot clinic por Paty Villanueva en Hospitales CMQ<\/title>\n<meta name=\"description\" content=\"Foot Clinic por Paty Villanueva, el lugar adecuado para mantener tus pies en la mejor forma posible. Pod\u00f3logos altamente capacitados dentro de Hospital CMQ.\" \/>\n<meta name=\"robots\" content=\"index, follow, max-snippet:-1, max-image-preview:large, max-video-preview:-1\" \/>\n<link rel=\"canonical\" href=\"https:\/\/hospitalcmq.com\/es\/servicios-medicos\/foot-clinic-por-paty-villanueva\/\" \/>\n<meta property=\"og:locale\" content=\"es_ES\" \/>\n<meta property=\"og:type\" content=\"article\" \/>\n<meta property=\"og:title\" content=\"Foot clinic por Paty Villanueva en Hospitales CMQ\" \/>\n<meta property=\"og:description\" content=\"Foot Clinic por Paty Villanueva, el lugar adecuado para mantener tus pies en la mejor forma posible. Pod\u00f3logos altamente capacitados dentro de Hospital CMQ.\" \/>\n<meta property=\"og:url\" content=\"https:\/\/hospitalcmq.com\/es\/servicios-medicos\/foot-clinic-por-paty-villanueva\/\" \/>\n<meta property=\"og:site_name\" content=\"Hospital CMQ\" \/>\n<meta property=\"article:publisher\" content=\"https:\/\/www.facebook.com\/HospitalCMQ\" \/>\n<meta property=\"article:modified_time\" content=\"2023-07-21T22:43:40+00:00\" \/>\n<meta property=\"og:image\" content=\"https:\/\/hospitalcmq.com\/wp-content\/uploads\/2018\/09\/foot_top.png\" \/>\n<meta name=\"twitter:card\" content=\"summary_large_image\" \/>\n<meta name=\"twitter:label1\" content=\"Tiempo de lectura\" \/>\n\t<meta name=\"twitter:data1\" content=\"4 minutos\" \/>\n<script type=\"application\/ld+json\" class=\"yoast-schema-graph\">{\"@context\":\"https:\\\/\\\/schema.org\",\"@graph\":[{\"@type\":\"WebPage\",\"@id\":\"https:\\\/\\\/hospitalcmq.com\\\/es\\\/servicios-medicos\\\/foot-clinic-por-paty-villanueva\\\/\",\"url\":\"https:\\\/\\\/hospitalcmq.com\\\/es\\\/servicios-medicos\\\/foot-clinic-por-paty-villanueva\\\/\",\"name\":\"Foot clinic por Paty Villanueva en Hospitales CMQ\",\"isPartOf\":{\"@id\":\"https:\\\/\\\/hospitalcmq.com\\\/es\\\/#website\"},\"primaryImageOfPage\":{\"@id\":\"https:\\\/\\\/hospitalcmq.com\\\/es\\\/servicios-medicos\\\/foot-clinic-por-paty-villanueva\\\/#primaryimage\"},\"image\":{\"@id\":\"https:\\\/\\\/hospitalcmq.com\\\/es\\\/servicios-medicos\\\/foot-clinic-por-paty-villanueva\\\/#primaryimage\"},\"thumbnailUrl\":\"https:\\\/\\\/hospitalcmq.com\\\/wp-content\\\/uploads\\\/2018\\\/09\\\/foot_top.png\",\"datePublished\":\"2019-09-20T15:27:42+00:00\",\"dateModified\":\"2023-07-21T22:43:40+00:00\",\"description\":\"Foot Clinic por Paty Villanueva, el lugar adecuado para mantener tus pies en la mejor forma posible. Pod\u00f3logos altamente capacitados dentro de Hospital CMQ.\",\"breadcrumb\":{\"@id\":\"https:\\\/\\\/hospitalcmq.com\\\/es\\\/servicios-medicos\\\/foot-clinic-por-paty-villanueva\\\/#breadcrumb\"},\"inLanguage\":\"es\",\"potentialAction\":[{\"@type\":\"ReadAction\",\"target\":[\"https:\\\/\\\/hospitalcmq.com\\\/es\\\/servicios-medicos\\\/foot-clinic-por-paty-villanueva\\\/\"]}]},{\"@type\":\"ImageObject\",\"inLanguage\":\"es\",\"@id\":\"https:\\\/\\\/hospitalcmq.com\\\/es\\\/servicios-medicos\\\/foot-clinic-por-paty-villanueva\\\/#primaryimage\",\"url\":\"https:\\\/\\\/hospitalcmq.com\\\/wp-content\\\/uploads\\\/2018\\\/09\\\/foot_top.png\",\"contentUrl\":\"https:\\\/\\\/hospitalcmq.com\\\/wp-content\\\/uploads\\\/2018\\\/09\\\/foot_top.png\"},{\"@type\":\"BreadcrumbList\",\"@id\":\"https:\\\/\\\/hospitalcmq.com\\\/es\\\/servicios-medicos\\\/foot-clinic-por-paty-villanueva\\\/#breadcrumb\",\"itemListElement\":[{\"@type\":\"ListItem\",\"position\":1,\"name\":\"Home\",\"item\":\"https:\\\/\\\/hospitalcmq.com\\\/es\\\/\"},{\"@type\":\"ListItem\",\"position\":2,\"name\":\"Servicios M\u00e9dicos\",\"item\":\"https:\\\/\\\/hospitalcmq.com\\\/es\\\/servicios-medicos\\\/\"},{\"@type\":\"ListItem\",\"position\":3,\"name\":\"Foot Clinic por Paty Villanueva\"}]},{\"@type\":\"WebSite\",\"@id\":\"https:\\\/\\\/hospitalcmq.com\\\/es\\\/#website\",\"url\":\"https:\\\/\\\/hospitalcmq.com\\\/es\\\/\",\"name\":\"Hospital CMQ\",\"description\":\"Best Hospitals in Puerto Vallarta &amp; Riviera Nayarit\",\"publisher\":{\"@id\":\"https:\\\/\\\/hospitalcmq.com\\\/es\\\/#organization\"},\"potentialAction\":[{\"@type\":\"SearchAction\",\"target\":{\"@type\":\"EntryPoint\",\"urlTemplate\":\"https:\\\/\\\/hospitalcmq.com\\\/es\\\/?s={search_term_string}\"},\"query-input\":{\"@type\":\"PropertyValueSpecification\",\"valueRequired\":true,\"valueName\":\"search_term_string\"}}],\"inLanguage\":\"es\"},{\"@type\":\"Organization\",\"@id\":\"https:\\\/\\\/hospitalcmq.com\\\/es\\\/#organization\",\"name\":\"Hospital CMQ\",\"url\":\"https:\\\/\\\/hospitalcmq.com\\\/es\\\/\",\"logo\":{\"@type\":\"ImageObject\",\"inLanguage\":\"es\",\"@id\":\"https:\\\/\\\/hospitalcmq.com\\\/es\\\/#\\\/schema\\\/logo\\\/image\\\/\",\"url\":\"https:\\\/\\\/hospitalcmq.com\\\/wp-content\\\/uploads\\\/2018\\\/06\\\/cmq-hospital-logo.png\",\"contentUrl\":\"https:\\\/\\\/hospitalcmq.com\\\/wp-content\\\/uploads\\\/2018\\\/06\\\/cmq-hospital-logo.png\",\"width\":214,\"height\":189,\"caption\":\"Hospital CMQ\"},\"image\":{\"@id\":\"https:\\\/\\\/hospitalcmq.com\\\/es\\\/#\\\/schema\\\/logo\\\/image\\\/\"},\"sameAs\":[\"https:\\\/\\\/www.facebook.com\\\/HospitalCMQ\"]}]}<\/script>\n<!-- \/ Yoast SEO plugin. -->","yoast_head_json":{"title":"Foot clinic por Paty Villanueva en Hospitales CMQ","description":"Foot Clinic por Paty Villanueva, el lugar adecuado para mantener tus pies en la mejor forma posible. Pod\u00f3logos altamente capacitados dentro de Hospital CMQ.","robots":{"index":"index","follow":"follow","max-snippet":"max-snippet:-1","max-image-preview":"max-image-preview:large","max-video-preview":"max-video-preview:-1"},"canonical":"https:\/\/hospitalcmq.com\/es\/servicios-medicos\/foot-clinic-por-paty-villanueva\/","og_locale":"es_ES","og_type":"article","og_title":"Foot clinic por Paty Villanueva en Hospitales CMQ","og_description":"Foot Clinic por Paty Villanueva, el lugar adecuado para mantener tus pies en la mejor forma posible. Pod\u00f3logos altamente capacitados dentro de Hospital CMQ.","og_url":"https:\/\/hospitalcmq.com\/es\/servicios-medicos\/foot-clinic-por-paty-villanueva\/","og_site_name":"Hospital CMQ","article_publisher":"https:\/\/www.facebook.com\/HospitalCMQ","article_modified_time":"2023-07-21T22:43:40+00:00","og_image":[{"url":"https:\/\/hospitalcmq.com\/wp-content\/uploads\/2018\/09\/foot_top.png","type":"","width":"","height":""}],"twitter_card":"summary_large_image","twitter_misc":{"Tiempo de lectura":"4 minutos"},"schema":{"@context":"https:\/\/schema.org","@graph":[{"@type":"WebPage","@id":"https:\/\/hospitalcmq.com\/es\/servicios-medicos\/foot-clinic-por-paty-villanueva\/","url":"https:\/\/hospitalcmq.com\/es\/servicios-medicos\/foot-clinic-por-paty-villanueva\/","name":"Foot clinic por Paty Villanueva en Hospitales CMQ","isPartOf":{"@id":"https:\/\/hospitalcmq.com\/es\/#website"},"primaryImageOfPage":{"@id":"https:\/\/hospitalcmq.com\/es\/servicios-medicos\/foot-clinic-por-paty-villanueva\/#primaryimage"},"image":{"@id":"https:\/\/hospitalcmq.com\/es\/servicios-medicos\/foot-clinic-por-paty-villanueva\/#primaryimage"},"thumbnailUrl":"https:\/\/hospitalcmq.com\/wp-content\/uploads\/2018\/09\/foot_top.png","datePublished":"2019-09-20T15:27:42+00:00","dateModified":"2023-07-21T22:43:40+00:00","description":"Foot Clinic por Paty Villanueva, el lugar adecuado para mantener tus pies en la mejor forma posible. Pod\u00f3logos altamente capacitados dentro de Hospital CMQ.","breadcrumb":{"@id":"https:\/\/hospitalcmq.com\/es\/servicios-medicos\/foot-clinic-por-paty-villanueva\/#breadcrumb"},"inLanguage":"es","potentialAction":[{"@type":"ReadAction","target":["https:\/\/hospitalcmq.com\/es\/servicios-medicos\/foot-clinic-por-paty-villanueva\/"]}]},{"@type":"ImageObject","inLanguage":"es","@id":"https:\/\/hospitalcmq.com\/es\/servicios-medicos\/foot-clinic-por-paty-villanueva\/#primaryimage","url":"https:\/\/hospitalcmq.com\/wp-content\/uploads\/2018\/09\/foot_top.png","contentUrl":"https:\/\/hospitalcmq.com\/wp-content\/uploads\/2018\/09\/foot_top.png"},{"@type":"BreadcrumbList","@id":"https:\/\/hospitalcmq.com\/es\/servicios-medicos\/foot-clinic-por-paty-villanueva\/#breadcrumb","itemListElement":[{"@type":"ListItem","position":1,"name":"Home","item":"https:\/\/hospitalcmq.com\/es\/"},{"@type":"ListItem","position":2,"name":"Servicios M\u00e9dicos","item":"https:\/\/hospitalcmq.com\/es\/servicios-medicos\/"},{"@type":"ListItem","position":3,"name":"Foot Clinic por Paty Villanueva"}]},{"@type":"WebSite","@id":"https:\/\/hospitalcmq.com\/es\/#website","url":"https:\/\/hospitalcmq.com\/es\/","name":"Hospital CMQ","description":"Best Hospitals in Puerto Vallarta &amp; Riviera Nayarit","publisher":{"@id":"https:\/\/hospitalcmq.com\/es\/#organization"},"potentialAction":[{"@type":"SearchAction","target":{"@type":"EntryPoint","urlTemplate":"https:\/\/hospitalcmq.com\/es\/?s={search_term_string}"},"query-input":{"@type":"PropertyValueSpecification","valueRequired":true,"valueName":"search_term_string"}}],"inLanguage":"es"},{"@type":"Organization","@id":"https:\/\/hospitalcmq.com\/es\/#organization","name":"Hospital CMQ","url":"https:\/\/hospitalcmq.com\/es\/","logo":{"@type":"ImageObject","inLanguage":"es","@id":"https:\/\/hospitalcmq.com\/es\/#\/schema\/logo\/image\/","url":"https:\/\/hospitalcmq.com\/wp-content\/uploads\/2018\/06\/cmq-hospital-logo.png","contentUrl":"https:\/\/hospitalcmq.com\/wp-content\/uploads\/2018\/06\/cmq-hospital-logo.png","width":214,"height":189,"caption":"Hospital CMQ"},"image":{"@id":"https:\/\/hospitalcmq.com\/es\/#\/schema\/logo\/image\/"},"sameAs":["https:\/\/www.facebook.com\/HospitalCMQ"]}]}},"_links":{"self":[{"href":"https:\/\/hospitalcmq.com\/es\/wp-json\/wp\/v2\/pages\/6727","targetHints":{"allow":["GET"]}}],"collection":[{"href":"https:\/\/hospitalcmq.com\/es\/wp-json\/wp\/v2\/pages"}],"about":[{"href":"https:\/\/hospitalcmq.com\/es\/wp-json\/wp\/v2\/types\/page"}],"author":[{"embeddable":true,"href":"https:\/\/hospitalcmq.com\/es\/wp-json\/wp\/v2\/users\/2"}],"replies":[{"embeddable":true,"href":"https:\/\/hospitalcmq.com\/es\/wp-json\/wp\/v2\/comments?post=6727"}],"version-history":[{"count":0,"href":"https:\/\/hospitalcmq.com\/es\/wp-json\/wp\/v2\/pages\/6727\/revisions"}],"up":[{"embeddable":true,"href":"https:\/\/hospitalcmq.com\/es\/wp-json\/wp\/v2\/pages\/4148"}],"wp:attachment":[{"href":"https:\/\/hospitalcmq.com\/es\/wp-json\/wp\/v2\/media?parent=6727"}],"curies":[{"name":"wp","href":"https:\/\/api.w.org\/{rel}","templated":true}]}}