{"id":6708,"date":"2019-09-19T12:25:19","date_gmt":"2019-09-19T17:25:19","guid":{"rendered":"https:\/\/hospitalcmq.com\/?page_id=6708"},"modified":"2023-07-21T16:29:52","modified_gmt":"2023-07-21T22:29:52","slug":"nutricion","status":"publish","type":"page","link":"https:\/\/hospitalcmq.com\/es\/servicios-medicos\/nutricion\/","title":{"rendered":"Nutrici\u00f3n"},"content":{"rendered":"<div class=\"wpb-content-wrapper\"><p>[vc_row][vc_column][vc_column_text el_id=\u00bbour-mission\u00bb]<img loading=\"lazy\" decoding=\"async\" class=\"alignright wp-image-3337 size-full\" title=\"Nutrition in Puerto Vallarta\" src=\"https:\/\/hospitalcmq.com\/wp-content\/uploads\/2018\/09\/nutrition.png\" alt=\"Nutrition in Puerto Vallarta\" width=\"470\" height=\"260\" \/><\/p>\n<h2>Nuestra misi\u00f3n<span style=\"font-weight: 400;\">\u00a0<\/span><\/h2>\n<p><span style=\"font-weight: 400;\">Mejorar su salud por medio de la buena alimentaci\u00f3n. Contamos con un m\u00e9todo\u00a0basado en\u00a0protocolos de tratamiento para cada tipo de enfermedad como obesidad, diabetes, hipertensi\u00f3n, insuficiencia renal, s\u00edndrome metab\u00f3lico, dislipidemias, anorexia, bulimia, etc.<\/span><\/p>\n<p><span style=\"font-weight: 400;\">Plan de alimentaci\u00f3n personalizado\u00a0al diagn\u00f3stico que se ajusta a su estilo de vida proporcion\u00e1ndole diferentes opciones de compra y sugerencias de preparaci\u00f3n de alimentos.<\/span><\/p>\n<p><span style=\"font-weight: 400;\">Rehabilitaci\u00f3n del metabolismo\u00a0para la regeneraci\u00f3n celular, p\u00e9rdida de grasa corporal e incremento de m\u00fasculo y densidad \u00f3sea.<\/span><\/p>\n<p><span style=\"font-weight: 400;\">Diagn\u00f3stico de su estado nutricional\u00a0con t\u00e9cnicas de composici\u00f3n corporal v\u00eda antropometr\u00eda y bioimpedancia el\u00e9ctrica.\u00a0<\/span><\/p>\n<p><span style=\"font-weight: 400;\">Plan de alimentaci\u00f3n personalizado\u00a0semanal\u00a0que se ajuste a su estilo de vida con tiempo y porciones de alimentos.<\/span>[\/vc_column_text][vc_empty_space][vc_column_text el_id=\u00bbresults\u00bb]<\/p>\n<h3>Resultados<\/h3>\n<p>[\/vc_column_text][vc_row_inner][vc_column_inner width=\u00bb1\/2&#8243;][vc_column_text]<\/p>\n<ul>\n<li><span style=\"font-weight: 400;\">Mejor calidad de vida.<\/span><\/li>\n<li><span style=\"font-weight: 400;\">Mejores variables metab\u00f3licas (glucosa, perfil de l\u00edpidos, \u00e1cido \u00farico, pruebas de funcionamiento hep\u00e1tico, creatinina, etc.).<\/span><\/li>\n<li><span style=\"font-weight: 400;\">Corregir y\/o mantener cifras de variables bioqu\u00edmicas en valores adecuados.<\/span><\/li>\n<\/ul>\n<p>[\/vc_column_text][\/vc_column_inner][vc_column_inner width=\u00bb1\/2&#8243;][vc_column_text]<\/p>\n<ul>\n<li><span style=\"font-weight: 400;\">Lograr y mantener un peso corporal saludable.<\/span><\/li>\n<li><span style=\"font-weight: 400;\">\u00a0Integrar adecuadamente un plan alimentaci\u00f3n al programa de ejercicio.<\/span><\/li>\n<li><span style=\"font-weight: 400;\">Mejores h\u00e1bitos de alimentaci\u00f3n.<\/span><\/li>\n<\/ul>\n<p>[\/vc_column_text][\/vc_column_inner][\/vc_row_inner][vc_empty_space][vc_column_text el_id=\u00bbservices\u00bb]<\/p>\n<h3>Servicios<\/h3>\n<p>[\/vc_column_text][vc_row_inner][vc_column_inner el_class=\u00bbblock__allShadow&#8211;image\u00bb width=\u00bb1\/2&#8243;][vc_column_text]<strong>Asesor\u00eda y plan de alimentaci\u00f3n para el control de peso<\/strong><\/p>\n<p><span style=\"font-weight: 400;\">En la actualidad, el sobrepeso y la obesidad son un tema delicado, ya que, debido a esta causa, miles de personas sufren enfermedades que disminuyen tanto su calidad de vida, como su econom\u00eda. Por ello, nos preocupamos por la salud de cada uno de nuestros pacientes ayud\u00e1ndolos a su buen vivir, es decir, mejorar sus h\u00e1bitos alimenticios y su actividad f\u00edsica, y por ende controlar esos kilitos de m\u00e1s que a la larga pueden ser perjudiciales para la salud<\/span>[\/vc_column_text][\/vc_column_inner][vc_column_inner el_class=\u00bbblock__allShadow&#8211;image\u00bb width=\u00bb1\/2&#8243;][vc_column_text]<b>Asesor\u00eda y plan de alimentaci\u00f3n para deportistas<\/b><\/p>\n<p><span style=\"font-weight: 400;\">Est\u00e1 comprobado que la nutrici\u00f3n es uno de los factores m\u00e1s importantes en el rendimiento de los deportistas, tanto como para aquellas personas que realizan actividades recreativas como para aquellas que desempe\u00f1an actividades de alto rendimiento.<\/span><span style=\"font-weight: 400;\"><br \/>\n<\/span><span style=\"font-weight: 400;\"><br \/>\n<\/span><span style=\"font-weight: 400;\">Nuestro principal objetivo en la alimentaci\u00f3n del deportista es garantizar el crecimiento normal en el deportista joven y recuperar constantemente el del adulto para mantener e incluso incrementar la capacidad de rendimiento.<\/span>[\/vc_column_text][\/vc_column_inner][\/vc_row_inner][vc_empty_space][vc_column_text el_id=\u00bbwe-adjust-their-diet-in-4-main-stages\u00bb]<\/p>\n<h3>Adecuamos su alimentaci\u00f3n en las 4 etapas principales:<\/h3>\n<p>[\/vc_column_text][vc_row_inner][vc_column_inner width=\u00bb1\/2&#8243;][vc_column_text]<\/p>\n<ul>\n<li style=\"font-weight: 400;\"><span style=\"font-weight: 400;\">Entrenamiento<\/span><\/li>\n<li style=\"font-weight: 400;\"><span style=\"font-weight: 400;\">Pre-competencia<\/span><\/li>\n<\/ul>\n<p>[\/vc_column_text][\/vc_column_inner][vc_column_inner width=\u00bb1\/2&#8243;][vc_column_text]<\/p>\n<ul>\n<li style=\"font-weight: 400;\"><span style=\"font-weight: 400;\">Competencia<\/span><\/li>\n<li style=\"font-weight: 400;\"><span style=\"font-weight: 400;\">Recuperaci\u00f3n o post competencia.<\/span><\/li>\n<\/ul>\n<p>[\/vc_column_text][\/vc_column_inner][\/vc_row_inner][vc_empty_space][vc_column_text el_id=\u00bbpregnancy-counseling-and-eating-plans\u00bb]<\/p>\n<h3>Asesor\u00eda y plan de alimentaci\u00f3n para el embarazo.<\/h3>\n<p><span style=\"font-weight: 400;\">Los per\u00edodos de r\u00e1pido crecimiento y desarrollo de los \u00f3rganos y tejidos fetales se presentan en momentos espec\u00edficos durante el embarazo. Es necesario que los nutrientes esenciales est\u00e9n disponibles en las cantidades requeridas durante esos momentos para el crecimiento y desarrollo fetal \u00f3ptimo.<\/span><span style=\"font-weight: 400;\"><br \/>\n<\/span><span style=\"font-weight: 400;\"><br \/>\n<\/span><span style=\"font-weight: 400;\">En todo embarazo es muy com\u00fan que aparezcan los t\u00edpicos s\u00edntomas que tantas molestias causan a las mujeres en cada una de las etapas, como lo son:<\/span>[\/vc_column_text][vc_empty_space][vc_row_inner][vc_column_inner width=\u00bb1\/2&#8243;][vc_column_text]<\/p>\n<ul>\n<li style=\"font-weight: 400;\"><span style=\"font-weight: 400;\">N\u00e1useas.<\/span><\/li>\n<li style=\"font-weight: 400;\"><span style=\"font-weight: 400;\">V\u00f3mitos.<\/span><\/li>\n<li style=\"font-weight: 400;\"><span style=\"font-weight: 400;\">Pirosis (reflujo).<\/span><\/li>\n<li style=\"font-weight: 400;\"><span style=\"font-weight: 400;\">Rechazo a los alimentos.<\/span><\/li>\n<\/ul>\n<p>[\/vc_column_text][\/vc_column_inner][vc_column_inner width=\u00bb1\/2&#8243;][vc_column_text]<\/p>\n<ul>\n<li style=\"font-weight: 400;\"><span style=\"font-weight: 400;\">Pica (falta de minerales).<\/span><\/li>\n<li style=\"font-weight: 400;\"><span style=\"font-weight: 400;\">Edema (hinchaz\u00f3n).<\/span><\/li>\n<li style=\"font-weight: 400;\"><span style=\"font-weight: 400;\">Estre\u00f1imiento y hemorroides.<\/span><\/li>\n<\/ul>\n<p>[\/vc_column_text][\/vc_column_inner][\/vc_row_inner][vc_empty_space][vc_column_text]<span style=\"font-weight: 400;\">Sin embargo, existe una manera de disminuirlos y sobrellevarlos. Tenemos una alternativa para esta etapa tan importante para toda mujer. Una de las m\u00e1s importantes es poner atenci\u00f3n en el r\u00e9gimen alimenticio al que estamos acostumbrados(as), as\u00ed como tomar en cuenta las propiedades de los alimentos que ingerimos, logrando un embarazo parcialmente asintom\u00e1tico.<\/span><span style=\"font-weight: 400;\"><br \/>\n<\/span><span style=\"font-weight: 400;\"><br \/>\n<\/span><span style=\"font-weight: 400;\">Nos encargamos de guiarle en esa etapa, para llegar al fin del embarazo con el peso ideal. Porque sabemos que es muy importante para nuestro cuerpo y para sentirnos bien f\u00edsicamente.<\/span>[\/vc_column_text][vc_empty_space][vc_column_text el_id=\u00bbcounseling-and-eating-plan-for-diseases\u00bb]<\/p>\n<h3>Asesor\u00eda y plan de alimentaci\u00f3n en enfermedades<\/h3>\n<p><span style=\"font-weight: 400;\">Prevenci\u00f3n, control y mejora de diferentes enfermedades a trav\u00e9s de la alimentaci\u00f3n y suplementaci\u00f3n:<\/span>[\/vc_column_text][vc_empty_space][vc_row_inner][vc_column_inner width=\u00bb1\/2&#8243;][vc_column_text]<\/p>\n<ul>\n<li style=\"font-weight: 400;\"><span style=\"font-weight: 400;\">Diabetes<\/span><\/li>\n<li style=\"font-weight: 400;\"><span style=\"font-weight: 400;\">Hipertensi\u00f3n<\/span><\/li>\n<li style=\"font-weight: 400;\"><span style=\"font-weight: 400;\">Obesidad y Cirug\u00eda Bari\u00e1trica<\/span><\/li>\n<li style=\"font-weight: 400;\"><span style=\"font-weight: 400;\">Insuficiencia Renal<\/span><\/li>\n<\/ul>\n<p>[\/vc_column_text][\/vc_column_inner][vc_column_inner width=\u00bb1\/2&#8243;][vc_column_text]<\/p>\n<ul>\n<li style=\"font-weight: 400;\"><span style=\"font-weight: 400;\">Insuficiencia Hep\u00e1tica<\/span><\/li>\n<li style=\"font-weight: 400;\"><span style=\"font-weight: 400;\">Dislipidemias (Colesterol, Triglic\u00e9ridos)\u00a0<\/span><\/li>\n<li style=\"font-weight: 400;\"><span style=\"font-weight: 400;\">Desnutrici\u00f3n<\/span><\/li>\n<\/ul>\n<p>[\/vc_column_text][\/vc_column_inner][\/vc_row_inner][vc_empty_space][vc_column_text el_id=\u00bbenteral-nutrition\u00bb]<\/p>\n<h3>Nutrici\u00f3n Enteral<\/h3>\n<p><span style=\"font-weight: 400;\">La\u00a0nutrici\u00f3n enteral\u00a0es una t\u00e9cnica especial de alimentaci\u00f3n, que junto con la\u00a0nutrici\u00f3n parenteral tambi\u00e9n se denomina\u00a0nutrici\u00f3n artificial.\u00a0<\/span><\/p>\n<p><span style=\"font-weight: 400;\">Consiste en administrar los diferentes elementos nutritivos a trav\u00e9s de una sonda. Colocada de tal forma que un extremo queda en el exterior y el otro en distintos tramos del tubo digestivo como el est\u00f3mago, duodeno o yeyuno; suprimiendo las etapas bucal y esof\u00e1gica de la digesti\u00f3n. Este tipo de soporte nutricional est\u00e1 indicado cuando no es posible una adecuada alimentaci\u00f3n oral voluntaria. Siempre que la capacidad del aparato digestivo permita absorber los\u00a0nutrientes. Por tanto, el requisito imprescindible para que el paciente reciba dicha alimentaci\u00f3n, es que \u00e9ste tenga un\u00a0aparato digestivo con una m\u00ednima capacidad motora\u00a0y funcional. Dentro de un concepto m\u00e1s amplio, la nutrici\u00f3n enteral tambi\u00e9n incluye la v\u00eda oral si se emplean suplementos alimenticios o f\u00f3rmulas qu\u00edmicamente definidas<\/span>[\/vc_column_text][vc_empty_space][vc_column_text el_id=\u00bbparenteral-nutrition\u00bb]<\/p>\n<h3>Nutrici\u00f3n Parenteral<\/h3>\n<p><span style=\"font-weight: 400;\">La nutrici\u00f3n parenteral aporta al paciente por v\u00edas intravenosas los nutrientes b\u00e1sicos que necesita. Las sustancias administradas deben proporcionar la energ\u00eda requerida y la totalidad de los nutrientes esenciales (az\u00facares, sales, amino\u00e1cidos, vitaminas, minerales, etc), y deben ser inocuas y aptas para su metabolismo.\u00a0<\/span><\/p>\n<p><span style=\"font-weight: 400;\">Este tipo de nutrici\u00f3n puede ser parcial o total seg\u00fan acompa\u00f1e o no a la alimentaci\u00f3n enteral. Se suele usar en algunos casos espec\u00edficos con beb\u00e9s prematuros, pacientes operados del tracto digestivo o personas con el\u00a0 s\u00edndrome de intestino corto. Cuando una persona es incapaz de alimentarse por s\u00ed sola debe recurrir a m\u00e9todos alternativos que le permita recibir los nutrientes necesarios para poder vivir.<\/span>[\/vc_column_text][\/vc_column][\/vc_row]<\/p>\n<\/div>","protected":false},"excerpt":{"rendered":"<p>\u00a1Mejora tu salud a trav\u00e9s de una buena alimentaci\u00f3n! Nuestro departamento de Nutrici\u00f3n en Hospitales CMQ te ofrece planes de alimentaci\u00f3n personalizados que se adaptan a tu estilo de vida con diferentes opciones de compra y sugerencias de preparaci\u00f3n de alimentos. Algunos servicios que ofrecemos son control de peso, planes de alimentaci\u00f3n para deportistas, planes de alimentaci\u00f3n durante el embarazo y asesoramiento para distintas enfermedades.<\/p>\n","protected":false},"author":2,"featured_media":0,"parent":4148,"menu_order":0,"comment_status":"closed","ping_status":"closed","template":"","meta":{"footnotes":""},"class_list":["post-6708","page","type-page","status-publish","hentry"],"acf":[],"yoast_head":"<!-- This site is optimized with the Yoast SEO plugin v27.4 - https:\/\/yoast.com\/product\/yoast-seo-wordpress\/ -->\n<title>Departamento de Nutrici\u00f3n en Hospitales CMQ de Puerto Vallarta<\/title>\n<meta name=\"description\" content=\"Acude a nuestro departamento de nutrici\u00f3n y mejora tu estado de salud con una buena alimentaci\u00f3n. \u00a1Agenda tu cita hoy!\" \/>\n<meta name=\"robots\" content=\"index, follow, max-snippet:-1, max-image-preview:large, max-video-preview:-1\" \/>\n<link rel=\"canonical\" href=\"https:\/\/hospitalcmq.com\/es\/servicios-medicos\/nutricion\/\" \/>\n<meta property=\"og:locale\" content=\"es_ES\" \/>\n<meta property=\"og:type\" content=\"article\" \/>\n<meta property=\"og:title\" content=\"Departamento de Nutrici\u00f3n en Hospitales CMQ de Puerto Vallarta\" \/>\n<meta property=\"og:description\" content=\"Acude a nuestro departamento de nutrici\u00f3n y mejora tu estado de salud con una buena alimentaci\u00f3n. \u00a1Agenda tu cita hoy!\" \/>\n<meta property=\"og:url\" content=\"https:\/\/hospitalcmq.com\/es\/servicios-medicos\/nutricion\/\" \/>\n<meta property=\"og:site_name\" content=\"Hospital CMQ\" \/>\n<meta property=\"article:publisher\" content=\"https:\/\/www.facebook.com\/HospitalCMQ\" \/>\n<meta property=\"article:modified_time\" content=\"2023-07-21T22:29:52+00:00\" \/>\n<meta property=\"og:image\" content=\"https:\/\/hospitalcmq.com\/wp-content\/uploads\/2018\/09\/nutrition.png\" \/>\n<meta name=\"twitter:card\" content=\"summary_large_image\" \/>\n<meta name=\"twitter:label1\" content=\"Tiempo de lectura\" \/>\n\t<meta name=\"twitter:data1\" content=\"5 minutos\" \/>\n<script type=\"application\/ld+json\" class=\"yoast-schema-graph\">{\"@context\":\"https:\\\/\\\/schema.org\",\"@graph\":[{\"@type\":\"WebPage\",\"@id\":\"https:\\\/\\\/hospitalcmq.com\\\/es\\\/servicios-medicos\\\/nutricion\\\/\",\"url\":\"https:\\\/\\\/hospitalcmq.com\\\/es\\\/servicios-medicos\\\/nutricion\\\/\",\"name\":\"Departamento de Nutrici\u00f3n en Hospitales CMQ de Puerto Vallarta\",\"isPartOf\":{\"@id\":\"https:\\\/\\\/hospitalcmq.com\\\/es\\\/#website\"},\"primaryImageOfPage\":{\"@id\":\"https:\\\/\\\/hospitalcmq.com\\\/es\\\/servicios-medicos\\\/nutricion\\\/#primaryimage\"},\"image\":{\"@id\":\"https:\\\/\\\/hospitalcmq.com\\\/es\\\/servicios-medicos\\\/nutricion\\\/#primaryimage\"},\"thumbnailUrl\":\"https:\\\/\\\/hospitalcmq.com\\\/wp-content\\\/uploads\\\/2018\\\/09\\\/nutrition.png\",\"datePublished\":\"2019-09-19T17:25:19+00:00\",\"dateModified\":\"2023-07-21T22:29:52+00:00\",\"description\":\"Acude a nuestro departamento de nutrici\u00f3n y mejora tu estado de salud con una buena alimentaci\u00f3n. \u00a1Agenda tu cita hoy!\",\"breadcrumb\":{\"@id\":\"https:\\\/\\\/hospitalcmq.com\\\/es\\\/servicios-medicos\\\/nutricion\\\/#breadcrumb\"},\"inLanguage\":\"es\",\"potentialAction\":[{\"@type\":\"ReadAction\",\"target\":[\"https:\\\/\\\/hospitalcmq.com\\\/es\\\/servicios-medicos\\\/nutricion\\\/\"]}]},{\"@type\":\"ImageObject\",\"inLanguage\":\"es\",\"@id\":\"https:\\\/\\\/hospitalcmq.com\\\/es\\\/servicios-medicos\\\/nutricion\\\/#primaryimage\",\"url\":\"https:\\\/\\\/hospitalcmq.com\\\/wp-content\\\/uploads\\\/2018\\\/09\\\/nutrition.png\",\"contentUrl\":\"https:\\\/\\\/hospitalcmq.com\\\/wp-content\\\/uploads\\\/2018\\\/09\\\/nutrition.png\"},{\"@type\":\"BreadcrumbList\",\"@id\":\"https:\\\/\\\/hospitalcmq.com\\\/es\\\/servicios-medicos\\\/nutricion\\\/#breadcrumb\",\"itemListElement\":[{\"@type\":\"ListItem\",\"position\":1,\"name\":\"Home\",\"item\":\"https:\\\/\\\/hospitalcmq.com\\\/es\\\/\"},{\"@type\":\"ListItem\",\"position\":2,\"name\":\"Servicios M\u00e9dicos\",\"item\":\"https:\\\/\\\/hospitalcmq.com\\\/es\\\/servicios-medicos\\\/\"},{\"@type\":\"ListItem\",\"position\":3,\"name\":\"Nutrici\u00f3n\"}]},{\"@type\":\"WebSite\",\"@id\":\"https:\\\/\\\/hospitalcmq.com\\\/es\\\/#website\",\"url\":\"https:\\\/\\\/hospitalcmq.com\\\/es\\\/\",\"name\":\"Hospital CMQ\",\"description\":\"Best Hospitals in Puerto Vallarta &amp; Riviera Nayarit\",\"publisher\":{\"@id\":\"https:\\\/\\\/hospitalcmq.com\\\/es\\\/#organization\"},\"potentialAction\":[{\"@type\":\"SearchAction\",\"target\":{\"@type\":\"EntryPoint\",\"urlTemplate\":\"https:\\\/\\\/hospitalcmq.com\\\/es\\\/?s={search_term_string}\"},\"query-input\":{\"@type\":\"PropertyValueSpecification\",\"valueRequired\":true,\"valueName\":\"search_term_string\"}}],\"inLanguage\":\"es\"},{\"@type\":\"Organization\",\"@id\":\"https:\\\/\\\/hospitalcmq.com\\\/es\\\/#organization\",\"name\":\"Hospital CMQ\",\"url\":\"https:\\\/\\\/hospitalcmq.com\\\/es\\\/\",\"logo\":{\"@type\":\"ImageObject\",\"inLanguage\":\"es\",\"@id\":\"https:\\\/\\\/hospitalcmq.com\\\/es\\\/#\\\/schema\\\/logo\\\/image\\\/\",\"url\":\"https:\\\/\\\/hospitalcmq.com\\\/wp-content\\\/uploads\\\/2018\\\/06\\\/cmq-hospital-logo.png\",\"contentUrl\":\"https:\\\/\\\/hospitalcmq.com\\\/wp-content\\\/uploads\\\/2018\\\/06\\\/cmq-hospital-logo.png\",\"width\":214,\"height\":189,\"caption\":\"Hospital CMQ\"},\"image\":{\"@id\":\"https:\\\/\\\/hospitalcmq.com\\\/es\\\/#\\\/schema\\\/logo\\\/image\\\/\"},\"sameAs\":[\"https:\\\/\\\/www.facebook.com\\\/HospitalCMQ\"]}]}<\/script>\n<!-- \/ Yoast SEO plugin. -->","yoast_head_json":{"title":"Departamento de Nutrici\u00f3n en Hospitales CMQ de Puerto Vallarta","description":"Acude a nuestro departamento de nutrici\u00f3n y mejora tu estado de salud con una buena alimentaci\u00f3n. \u00a1Agenda tu cita hoy!","robots":{"index":"index","follow":"follow","max-snippet":"max-snippet:-1","max-image-preview":"max-image-preview:large","max-video-preview":"max-video-preview:-1"},"canonical":"https:\/\/hospitalcmq.com\/es\/servicios-medicos\/nutricion\/","og_locale":"es_ES","og_type":"article","og_title":"Departamento de Nutrici\u00f3n en Hospitales CMQ de Puerto Vallarta","og_description":"Acude a nuestro departamento de nutrici\u00f3n y mejora tu estado de salud con una buena alimentaci\u00f3n. \u00a1Agenda tu cita hoy!","og_url":"https:\/\/hospitalcmq.com\/es\/servicios-medicos\/nutricion\/","og_site_name":"Hospital CMQ","article_publisher":"https:\/\/www.facebook.com\/HospitalCMQ","article_modified_time":"2023-07-21T22:29:52+00:00","og_image":[{"url":"https:\/\/hospitalcmq.com\/wp-content\/uploads\/2018\/09\/nutrition.png","type":"","width":"","height":""}],"twitter_card":"summary_large_image","twitter_misc":{"Tiempo de lectura":"5 minutos"},"schema":{"@context":"https:\/\/schema.org","@graph":[{"@type":"WebPage","@id":"https:\/\/hospitalcmq.com\/es\/servicios-medicos\/nutricion\/","url":"https:\/\/hospitalcmq.com\/es\/servicios-medicos\/nutricion\/","name":"Departamento de Nutrici\u00f3n en Hospitales CMQ de Puerto Vallarta","isPartOf":{"@id":"https:\/\/hospitalcmq.com\/es\/#website"},"primaryImageOfPage":{"@id":"https:\/\/hospitalcmq.com\/es\/servicios-medicos\/nutricion\/#primaryimage"},"image":{"@id":"https:\/\/hospitalcmq.com\/es\/servicios-medicos\/nutricion\/#primaryimage"},"thumbnailUrl":"https:\/\/hospitalcmq.com\/wp-content\/uploads\/2018\/09\/nutrition.png","datePublished":"2019-09-19T17:25:19+00:00","dateModified":"2023-07-21T22:29:52+00:00","description":"Acude a nuestro departamento de nutrici\u00f3n y mejora tu estado de salud con una buena alimentaci\u00f3n. \u00a1Agenda tu cita hoy!","breadcrumb":{"@id":"https:\/\/hospitalcmq.com\/es\/servicios-medicos\/nutricion\/#breadcrumb"},"inLanguage":"es","potentialAction":[{"@type":"ReadAction","target":["https:\/\/hospitalcmq.com\/es\/servicios-medicos\/nutricion\/"]}]},{"@type":"ImageObject","inLanguage":"es","@id":"https:\/\/hospitalcmq.com\/es\/servicios-medicos\/nutricion\/#primaryimage","url":"https:\/\/hospitalcmq.com\/wp-content\/uploads\/2018\/09\/nutrition.png","contentUrl":"https:\/\/hospitalcmq.com\/wp-content\/uploads\/2018\/09\/nutrition.png"},{"@type":"BreadcrumbList","@id":"https:\/\/hospitalcmq.com\/es\/servicios-medicos\/nutricion\/#breadcrumb","itemListElement":[{"@type":"ListItem","position":1,"name":"Home","item":"https:\/\/hospitalcmq.com\/es\/"},{"@type":"ListItem","position":2,"name":"Servicios M\u00e9dicos","item":"https:\/\/hospitalcmq.com\/es\/servicios-medicos\/"},{"@type":"ListItem","position":3,"name":"Nutrici\u00f3n"}]},{"@type":"WebSite","@id":"https:\/\/hospitalcmq.com\/es\/#website","url":"https:\/\/hospitalcmq.com\/es\/","name":"Hospital CMQ","description":"Best Hospitals in Puerto Vallarta &amp; Riviera Nayarit","publisher":{"@id":"https:\/\/hospitalcmq.com\/es\/#organization"},"potentialAction":[{"@type":"SearchAction","target":{"@type":"EntryPoint","urlTemplate":"https:\/\/hospitalcmq.com\/es\/?s={search_term_string}"},"query-input":{"@type":"PropertyValueSpecification","valueRequired":true,"valueName":"search_term_string"}}],"inLanguage":"es"},{"@type":"Organization","@id":"https:\/\/hospitalcmq.com\/es\/#organization","name":"Hospital CMQ","url":"https:\/\/hospitalcmq.com\/es\/","logo":{"@type":"ImageObject","inLanguage":"es","@id":"https:\/\/hospitalcmq.com\/es\/#\/schema\/logo\/image\/","url":"https:\/\/hospitalcmq.com\/wp-content\/uploads\/2018\/06\/cmq-hospital-logo.png","contentUrl":"https:\/\/hospitalcmq.com\/wp-content\/uploads\/2018\/06\/cmq-hospital-logo.png","width":214,"height":189,"caption":"Hospital CMQ"},"image":{"@id":"https:\/\/hospitalcmq.com\/es\/#\/schema\/logo\/image\/"},"sameAs":["https:\/\/www.facebook.com\/HospitalCMQ"]}]}},"_links":{"self":[{"href":"https:\/\/hospitalcmq.com\/es\/wp-json\/wp\/v2\/pages\/6708","targetHints":{"allow":["GET"]}}],"collection":[{"href":"https:\/\/hospitalcmq.com\/es\/wp-json\/wp\/v2\/pages"}],"about":[{"href":"https:\/\/hospitalcmq.com\/es\/wp-json\/wp\/v2\/types\/page"}],"author":[{"embeddable":true,"href":"https:\/\/hospitalcmq.com\/es\/wp-json\/wp\/v2\/users\/2"}],"replies":[{"embeddable":true,"href":"https:\/\/hospitalcmq.com\/es\/wp-json\/wp\/v2\/comments?post=6708"}],"version-history":[{"count":0,"href":"https:\/\/hospitalcmq.com\/es\/wp-json\/wp\/v2\/pages\/6708\/revisions"}],"up":[{"embeddable":true,"href":"https:\/\/hospitalcmq.com\/es\/wp-json\/wp\/v2\/pages\/4148"}],"wp:attachment":[{"href":"https:\/\/hospitalcmq.com\/es\/wp-json\/wp\/v2\/media?parent=6708"}],"curies":[{"name":"wp","href":"https:\/\/api.w.org\/{rel}","templated":true}]}}