{"id":6695,"date":"2019-09-19T11:28:19","date_gmt":"2019-09-19T16:28:19","guid":{"rendered":"https:\/\/hospitalcmq.com\/?page_id=6695"},"modified":"2023-07-21T16:21:39","modified_gmt":"2023-07-21T22:21:39","slug":"medicina-familiar","status":"publish","type":"page","link":"https:\/\/hospitalcmq.com\/es\/servicios-medicos\/medicina-familiar\/","title":{"rendered":"Medicina Familiar en Hospitales CMQ"},"content":{"rendered":"<div class=\"wpb-content-wrapper\"><p>[vc_row][vc_column][vc_column_text el_id=\u00bbhospital-cmq-family-medicine-clinic\u00bb]<img loading=\"lazy\" decoding=\"async\" class=\"alignright wp-image-138 size-full\" src=\"https:\/\/hospitalcmq.com\/wp-content\/uploads\/2017\/07\/page1-a.png\" alt=\"Hospital CMQ's Family Medicine Clinic in Puerto Vallarta\" width=\"470\" height=\"263\" \/><\/p>\n<h2>\u00a1Estamos siempre a tu lado!<\/h2>\n<p><span style=\"font-weight: 400;\">Imagina tener un m\u00e9dico que conozca completamente tu historia cl\u00ednica y la de tus seres queridos. Alguien que pueda ayudarte con cualquier situaci\u00f3n de salud que se presente, desde reci\u00e9n nacidos hasta personas de la tercera edad. En nuestro departamento de Medicina Familiar en Hospitales CMQ siempre estamos a tu lado con el equipo de profesionales de la salud m\u00e1s preparado y completo de Puerto Vallarta.<\/span><\/p>\n<p><b>Agenda tu consulta con nuestros especialistas en medicina familiar<br \/>\n<\/b><b>T. 01 52 (322) 226-6500<\/b><\/p>\n<p><span style=\"font-weight: 400;\">En el complejo mundo de la atenci\u00f3n m\u00e9dica, el departamento de <strong>Medicina Familiar en Hospitales CMQ<\/strong> se centra en el tratamiento de cada paciente de manera individual y brinda atenci\u00f3n integral de calidad. A diferencia de otros m\u00e9dicos que se especializan en \u00e1reas m\u00e1s directas, en la medicina familiar se brinda servicios m\u00e9dicos en todos los aspectos y funciones del cuerpo humano. La medicina familiar o medicina de familia tuvo sus or\u00edgenes en 1969, cuando el crecimiento de la medicina y la subespecializaci\u00f3n gener\u00f3 la necesidad de reforzar el papel m\u00e9dicos generales.<\/span>[\/vc_column_text][vc_empty_space height=\u00bb28px\u00bb][vc_single_image image=\u00bb1290&#8243; alignment=\u00bbcenter\u00bb][vc_empty_space height=\u00bb28px\u00bb][vc_column_text el_id=\u00bbfamily-medicine-medical-services\u00bb]<\/p>\n<h2>Servicios en el departamento de medicina familiar<\/h2>\n<p>[\/vc_column_text][vc_empty_space height=\u00bb16px\u00bb][vc_column_text]<span style=\"font-weight: 400;\">En nuestro departamento de medicina familiar de <strong>Hospitales CMQ<\/strong> brindamos atenci\u00f3n de la m\u00e1s alta calidad, totalmente asequible e integral a los habitantes de <a href=\"https:\/\/hospitalcmq.com\/es\/vacaciones\/puerto-vallarta-la-guirnalda-de-jalisco\/\">Puerto Vallarta<\/a> y <a href=\"https:\/\/hospitalcmq.com\/es\/vacaciones\/riviera-nayarit-tesoro-del-pacifico-de-mexicano\/\">Riviera Nayarit.<\/a> Nuestros <a href=\"https:\/\/hospitalcmq.com\/es\/doctor\/\">m\u00e9dicos especialistas<\/a> en medicina de familia cuentan con una amplia capacitaci\u00f3n y experiencia para ofrecer una amplia gama de servicios m\u00e9dicos, tales como:<\/span>[\/vc_column_text][vc_empty_space height=\u00bb28px\u00bb][vc_row_inner][vc_column_inner width=\u00bb1\/3&#8243;][vc_column_text]<\/p>\n<ul>\n<li style=\"font-weight: 400;\"><span style=\"font-weight: 400;\">Medicina Preventiva<\/span><\/li>\n<li style=\"font-weight: 400;\"><span style=\"font-weight: 400;\">Evaluaciones de salud<\/span><\/li>\n<\/ul>\n<p>[\/vc_column_text][\/vc_column_inner][vc_column_inner width=\u00bb1\/3&#8243;][vc_column_text]<\/p>\n<ul>\n<li style=\"font-weight: 400;\"><span style=\"font-weight: 400;\">Inmunizaciones<\/span><\/li>\n<li style=\"font-weight: 400;\"><span style=\"font-weight: 400;\">Chequeos de rutina<\/span><\/li>\n<\/ul>\n<p>[\/vc_column_text][\/vc_column_inner][vc_column_inner width=\u00bb1\/3&#8243;][vc_column_text]<\/p>\n<ul>\n<li style=\"font-weight: 400;\"><span style=\"font-weight: 400;\">Asesoramiento personalizado<\/span><\/li>\n<li style=\"font-weight: 400;\"><span style=\"font-weight: 400;\">Manejo de enfermedades cr\u00f3nicas y agudas<\/span><\/li>\n<\/ul>\n<p>[\/vc_column_text][\/vc_column_inner][\/vc_row_inner][vc_empty_space height=\u00bb28px\u00bb][vc_column_text]<span style=\"font-weight: 400;\">Desde la hipertensi\u00f3n, accidentes cerebrovasculares y enfermedades card\u00edacas, hasta la diabetes, c\u00e1ncer, asma, obesidad, artritis y alergias, nuestros m\u00e9dicos especialistas en medicina familiar se comprometen en brindar una atenci\u00f3n excelente y compasiva para ti y tus seres queridos.<\/span>[\/vc_column_text][\/vc_column][\/vc_row]<\/p>\n<\/div>","protected":false},"excerpt":{"rendered":"<p>Imagina tener a un m\u00e9dico que te conozca, cuide de ti y de tus seres queridos, alguien que pueda ayudarte con cualquier necesidad de salud que puedas presentar. En nuestra cl\u00ednica de Medicina Familiar de Hospitales CMQ, siempre estamos a tu lado. Somos los pilares que te ayudar\u00e1n a lograr un \u00f3ptimo estado de salud y bienestar. Nos centramos en brindar tratamiento integral y personalizado para cada paciente.<\/p>\n","protected":false},"author":2,"featured_media":0,"parent":4148,"menu_order":0,"comment_status":"closed","ping_status":"closed","template":"","meta":{"footnotes":""},"class_list":["post-6695","page","type-page","status-publish","hentry"],"acf":[],"yoast_head":"<!-- This site is optimized with the Yoast SEO plugin v27.3 - https:\/\/yoast.com\/product\/yoast-seo-wordpress\/ -->\n<title>Consultorios de Medicina Familiar en Hospitales CMQ<\/title>\n<meta name=\"description\" content=\"\u00a1Estamos siempre a tu lado! Nuestro consultorio de Medicina Familiar atiende cualquier situaci\u00f3n de salud en Puerto Vallarta.\" \/>\n<meta name=\"robots\" content=\"index, follow, max-snippet:-1, max-image-preview:large, max-video-preview:-1\" \/>\n<link rel=\"canonical\" href=\"https:\/\/hospitalcmq.com\/es\/servicios-medicos\/medicina-familiar\/\" \/>\n<meta property=\"og:locale\" content=\"es_ES\" \/>\n<meta property=\"og:type\" content=\"article\" \/>\n<meta property=\"og:title\" content=\"Consultorios de Medicina Familiar en Hospitales CMQ\" \/>\n<meta property=\"og:description\" content=\"\u00a1Estamos siempre a tu lado! Nuestro consultorio de Medicina Familiar atiende cualquier situaci\u00f3n de salud en Puerto Vallarta.\" \/>\n<meta property=\"og:url\" content=\"https:\/\/hospitalcmq.com\/es\/servicios-medicos\/medicina-familiar\/\" \/>\n<meta property=\"og:site_name\" content=\"Hospital CMQ\" \/>\n<meta property=\"article:publisher\" content=\"https:\/\/www.facebook.com\/HospitalCMQ\" \/>\n<meta property=\"article:modified_time\" content=\"2023-07-21T22:21:39+00:00\" \/>\n<meta property=\"og:image\" content=\"https:\/\/hospitalcmq.com\/wp-content\/uploads\/2017\/07\/page1-a.png\" \/>\n<meta name=\"twitter:card\" content=\"summary_large_image\" \/>\n<meta name=\"twitter:label1\" content=\"Tiempo de lectura\" \/>\n\t<meta name=\"twitter:data1\" content=\"2 minutos\" \/>\n<script type=\"application\/ld+json\" class=\"yoast-schema-graph\">{\"@context\":\"https:\\\/\\\/schema.org\",\"@graph\":[{\"@type\":\"WebPage\",\"@id\":\"https:\\\/\\\/hospitalcmq.com\\\/es\\\/servicios-medicos\\\/medicina-familiar\\\/\",\"url\":\"https:\\\/\\\/hospitalcmq.com\\\/es\\\/servicios-medicos\\\/medicina-familiar\\\/\",\"name\":\"Consultorios de Medicina Familiar en Hospitales CMQ\",\"isPartOf\":{\"@id\":\"https:\\\/\\\/hospitalcmq.com\\\/es\\\/#website\"},\"primaryImageOfPage\":{\"@id\":\"https:\\\/\\\/hospitalcmq.com\\\/es\\\/servicios-medicos\\\/medicina-familiar\\\/#primaryimage\"},\"image\":{\"@id\":\"https:\\\/\\\/hospitalcmq.com\\\/es\\\/servicios-medicos\\\/medicina-familiar\\\/#primaryimage\"},\"thumbnailUrl\":\"https:\\\/\\\/hospitalcmq.com\\\/wp-content\\\/uploads\\\/2017\\\/07\\\/page1-a.png\",\"datePublished\":\"2019-09-19T16:28:19+00:00\",\"dateModified\":\"2023-07-21T22:21:39+00:00\",\"description\":\"\u00a1Estamos siempre a tu lado! Nuestro consultorio de Medicina Familiar atiende cualquier situaci\u00f3n de salud en Puerto Vallarta.\",\"breadcrumb\":{\"@id\":\"https:\\\/\\\/hospitalcmq.com\\\/es\\\/servicios-medicos\\\/medicina-familiar\\\/#breadcrumb\"},\"inLanguage\":\"es\",\"potentialAction\":[{\"@type\":\"ReadAction\",\"target\":[\"https:\\\/\\\/hospitalcmq.com\\\/es\\\/servicios-medicos\\\/medicina-familiar\\\/\"]}]},{\"@type\":\"ImageObject\",\"inLanguage\":\"es\",\"@id\":\"https:\\\/\\\/hospitalcmq.com\\\/es\\\/servicios-medicos\\\/medicina-familiar\\\/#primaryimage\",\"url\":\"https:\\\/\\\/hospitalcmq.com\\\/wp-content\\\/uploads\\\/2017\\\/07\\\/page1-a.png\",\"contentUrl\":\"https:\\\/\\\/hospitalcmq.com\\\/wp-content\\\/uploads\\\/2017\\\/07\\\/page1-a.png\"},{\"@type\":\"BreadcrumbList\",\"@id\":\"https:\\\/\\\/hospitalcmq.com\\\/es\\\/servicios-medicos\\\/medicina-familiar\\\/#breadcrumb\",\"itemListElement\":[{\"@type\":\"ListItem\",\"position\":1,\"name\":\"Home\",\"item\":\"https:\\\/\\\/hospitalcmq.com\\\/es\\\/\"},{\"@type\":\"ListItem\",\"position\":2,\"name\":\"Servicios M\u00e9dicos\",\"item\":\"https:\\\/\\\/hospitalcmq.com\\\/es\\\/servicios-medicos\\\/\"},{\"@type\":\"ListItem\",\"position\":3,\"name\":\"Medicina Familiar en Hospitales CMQ\"}]},{\"@type\":\"WebSite\",\"@id\":\"https:\\\/\\\/hospitalcmq.com\\\/es\\\/#website\",\"url\":\"https:\\\/\\\/hospitalcmq.com\\\/es\\\/\",\"name\":\"Hospital CMQ\",\"description\":\"Best Hospitals in Puerto Vallarta &amp; Riviera Nayarit\",\"publisher\":{\"@id\":\"https:\\\/\\\/hospitalcmq.com\\\/es\\\/#organization\"},\"potentialAction\":[{\"@type\":\"SearchAction\",\"target\":{\"@type\":\"EntryPoint\",\"urlTemplate\":\"https:\\\/\\\/hospitalcmq.com\\\/es\\\/?s={search_term_string}\"},\"query-input\":{\"@type\":\"PropertyValueSpecification\",\"valueRequired\":true,\"valueName\":\"search_term_string\"}}],\"inLanguage\":\"es\"},{\"@type\":\"Organization\",\"@id\":\"https:\\\/\\\/hospitalcmq.com\\\/es\\\/#organization\",\"name\":\"Hospital CMQ\",\"url\":\"https:\\\/\\\/hospitalcmq.com\\\/es\\\/\",\"logo\":{\"@type\":\"ImageObject\",\"inLanguage\":\"es\",\"@id\":\"https:\\\/\\\/hospitalcmq.com\\\/es\\\/#\\\/schema\\\/logo\\\/image\\\/\",\"url\":\"https:\\\/\\\/hospitalcmq.com\\\/wp-content\\\/uploads\\\/2018\\\/06\\\/cmq-hospital-logo.png\",\"contentUrl\":\"https:\\\/\\\/hospitalcmq.com\\\/wp-content\\\/uploads\\\/2018\\\/06\\\/cmq-hospital-logo.png\",\"width\":214,\"height\":189,\"caption\":\"Hospital CMQ\"},\"image\":{\"@id\":\"https:\\\/\\\/hospitalcmq.com\\\/es\\\/#\\\/schema\\\/logo\\\/image\\\/\"},\"sameAs\":[\"https:\\\/\\\/www.facebook.com\\\/HospitalCMQ\"]}]}<\/script>\n<!-- \/ Yoast SEO plugin. -->","yoast_head_json":{"title":"Consultorios de Medicina Familiar en Hospitales CMQ","description":"\u00a1Estamos siempre a tu lado! Nuestro consultorio de Medicina Familiar atiende cualquier situaci\u00f3n de salud en Puerto Vallarta.","robots":{"index":"index","follow":"follow","max-snippet":"max-snippet:-1","max-image-preview":"max-image-preview:large","max-video-preview":"max-video-preview:-1"},"canonical":"https:\/\/hospitalcmq.com\/es\/servicios-medicos\/medicina-familiar\/","og_locale":"es_ES","og_type":"article","og_title":"Consultorios de Medicina Familiar en Hospitales CMQ","og_description":"\u00a1Estamos siempre a tu lado! Nuestro consultorio de Medicina Familiar atiende cualquier situaci\u00f3n de salud en Puerto Vallarta.","og_url":"https:\/\/hospitalcmq.com\/es\/servicios-medicos\/medicina-familiar\/","og_site_name":"Hospital CMQ","article_publisher":"https:\/\/www.facebook.com\/HospitalCMQ","article_modified_time":"2023-07-21T22:21:39+00:00","og_image":[{"url":"https:\/\/hospitalcmq.com\/wp-content\/uploads\/2017\/07\/page1-a.png","type":"","width":"","height":""}],"twitter_card":"summary_large_image","twitter_misc":{"Tiempo de lectura":"2 minutos"},"schema":{"@context":"https:\/\/schema.org","@graph":[{"@type":"WebPage","@id":"https:\/\/hospitalcmq.com\/es\/servicios-medicos\/medicina-familiar\/","url":"https:\/\/hospitalcmq.com\/es\/servicios-medicos\/medicina-familiar\/","name":"Consultorios de Medicina Familiar en Hospitales CMQ","isPartOf":{"@id":"https:\/\/hospitalcmq.com\/es\/#website"},"primaryImageOfPage":{"@id":"https:\/\/hospitalcmq.com\/es\/servicios-medicos\/medicina-familiar\/#primaryimage"},"image":{"@id":"https:\/\/hospitalcmq.com\/es\/servicios-medicos\/medicina-familiar\/#primaryimage"},"thumbnailUrl":"https:\/\/hospitalcmq.com\/wp-content\/uploads\/2017\/07\/page1-a.png","datePublished":"2019-09-19T16:28:19+00:00","dateModified":"2023-07-21T22:21:39+00:00","description":"\u00a1Estamos siempre a tu lado! Nuestro consultorio de Medicina Familiar atiende cualquier situaci\u00f3n de salud en Puerto Vallarta.","breadcrumb":{"@id":"https:\/\/hospitalcmq.com\/es\/servicios-medicos\/medicina-familiar\/#breadcrumb"},"inLanguage":"es","potentialAction":[{"@type":"ReadAction","target":["https:\/\/hospitalcmq.com\/es\/servicios-medicos\/medicina-familiar\/"]}]},{"@type":"ImageObject","inLanguage":"es","@id":"https:\/\/hospitalcmq.com\/es\/servicios-medicos\/medicina-familiar\/#primaryimage","url":"https:\/\/hospitalcmq.com\/wp-content\/uploads\/2017\/07\/page1-a.png","contentUrl":"https:\/\/hospitalcmq.com\/wp-content\/uploads\/2017\/07\/page1-a.png"},{"@type":"BreadcrumbList","@id":"https:\/\/hospitalcmq.com\/es\/servicios-medicos\/medicina-familiar\/#breadcrumb","itemListElement":[{"@type":"ListItem","position":1,"name":"Home","item":"https:\/\/hospitalcmq.com\/es\/"},{"@type":"ListItem","position":2,"name":"Servicios M\u00e9dicos","item":"https:\/\/hospitalcmq.com\/es\/servicios-medicos\/"},{"@type":"ListItem","position":3,"name":"Medicina Familiar en Hospitales CMQ"}]},{"@type":"WebSite","@id":"https:\/\/hospitalcmq.com\/es\/#website","url":"https:\/\/hospitalcmq.com\/es\/","name":"Hospital CMQ","description":"Best Hospitals in Puerto Vallarta &amp; Riviera Nayarit","publisher":{"@id":"https:\/\/hospitalcmq.com\/es\/#organization"},"potentialAction":[{"@type":"SearchAction","target":{"@type":"EntryPoint","urlTemplate":"https:\/\/hospitalcmq.com\/es\/?s={search_term_string}"},"query-input":{"@type":"PropertyValueSpecification","valueRequired":true,"valueName":"search_term_string"}}],"inLanguage":"es"},{"@type":"Organization","@id":"https:\/\/hospitalcmq.com\/es\/#organization","name":"Hospital CMQ","url":"https:\/\/hospitalcmq.com\/es\/","logo":{"@type":"ImageObject","inLanguage":"es","@id":"https:\/\/hospitalcmq.com\/es\/#\/schema\/logo\/image\/","url":"https:\/\/hospitalcmq.com\/wp-content\/uploads\/2018\/06\/cmq-hospital-logo.png","contentUrl":"https:\/\/hospitalcmq.com\/wp-content\/uploads\/2018\/06\/cmq-hospital-logo.png","width":214,"height":189,"caption":"Hospital CMQ"},"image":{"@id":"https:\/\/hospitalcmq.com\/es\/#\/schema\/logo\/image\/"},"sameAs":["https:\/\/www.facebook.com\/HospitalCMQ"]}]}},"_links":{"self":[{"href":"https:\/\/hospitalcmq.com\/es\/wp-json\/wp\/v2\/pages\/6695","targetHints":{"allow":["GET"]}}],"collection":[{"href":"https:\/\/hospitalcmq.com\/es\/wp-json\/wp\/v2\/pages"}],"about":[{"href":"https:\/\/hospitalcmq.com\/es\/wp-json\/wp\/v2\/types\/page"}],"author":[{"embeddable":true,"href":"https:\/\/hospitalcmq.com\/es\/wp-json\/wp\/v2\/users\/2"}],"replies":[{"embeddable":true,"href":"https:\/\/hospitalcmq.com\/es\/wp-json\/wp\/v2\/comments?post=6695"}],"version-history":[{"count":0,"href":"https:\/\/hospitalcmq.com\/es\/wp-json\/wp\/v2\/pages\/6695\/revisions"}],"up":[{"embeddable":true,"href":"https:\/\/hospitalcmq.com\/es\/wp-json\/wp\/v2\/pages\/4148"}],"wp:attachment":[{"href":"https:\/\/hospitalcmq.com\/es\/wp-json\/wp\/v2\/media?parent=6695"}],"curies":[{"name":"wp","href":"https:\/\/api.w.org\/{rel}","templated":true}]}}