{"id":6388,"date":"2019-07-04T10:24:57","date_gmt":"2019-07-04T15:24:57","guid":{"rendered":"https:\/\/hospitalcmq.com\/?page_id=6388"},"modified":"2023-02-27T16:53:58","modified_gmt":"2023-02-27T22:53:58","slug":"turismo-medico-en-mexico","status":"publish","type":"page","link":"https:\/\/hospitalcmq.com\/es\/turismo-medico\/turismo-medico-en-mexico\/","title":{"rendered":"Turismo M\u00e9dico en M\u00e9xico"},"content":{"rendered":"<div class=\"wpb-content-wrapper\"><p>[vc_row][vc_column][vc_column_text]<span style=\"font-weight: 400;\">Nuestro pa\u00eds tiene la incomparable ventaja competitiva de tener como vecinos a los principales emisores de turismo m\u00e9dico del mundo: Estados Unidos y Canad\u00e1. Gracias a esto, se han logrado grandes avances en el cuidado de la salud. Ya no simplemente somos reconocidos por ofrecer servicios odontol\u00f3gicos o cirug\u00edas cosm\u00e9ticas en las ciudades fronterizas. Nos hemos convertido en un centro global de atenci\u00f3n m\u00e9dica de calidad.<\/span><\/p>\n<p><span style=\"font-weight: 400;\">De acuerdo a cifras de Patients Beyond Borders, M\u00e9xico atrae de 200,000 a m\u00e1s de un mill\u00f3n de pacientes extranjeros al a\u00f1o. Muchos de los cuales principalmente son de los estados de California, Arizona y Texas. Sin embargo, pacientes de Canad\u00e1 y el Reino Unido se sienten altamente atra\u00eddos por nuestra regi\u00f3n debido a los inexistentes tiempos de espera en comparativa con sus servicios de salud p\u00fablicos sobrecargados.<\/span>[\/vc_column_text][vc_empty_space][vc_column_text]<\/p>\n<h2><b>Somos el segundo destino de Turismo M\u00e9dico en el mundo. <\/b><\/h2>\n<p><span style=\"font-weight: 400;\">Cuestiones como la demanda internacional por servicios de calidad, m\u00e9dicos certificados, privilegiada ubicaci\u00f3n geogr\u00e1fica, avanzada tecnolog\u00eda, enfoques cient\u00edficos de vanguardia, conectividad e infraestructura hospitalaria nos han posicionado destacadamente dentro de las primeras elecciones referentes a Turismo M\u00e9dico.\u00a0<\/span><\/p>\n<p><span style=\"font-weight: 400;\">Datos de la Subsecretar\u00eda de Planeaci\u00f3n y Pol\u00edtica Tur\u00edstica menciona que las entidades m\u00e1s relevantes de turistas m\u00e9dicos son: Baja California, Sonora, Chihuahua, Nuevo Le\u00f3n, Tamaulipas, Jalisco, Quintana Roo, Yucat\u00e1n, Ciudad de M\u00e9xico, San Luis Potos\u00ed, Puebla y Baja California.\u00a0<\/span><\/p>\n<p><span style=\"font-weight: 400;\">En este sentido, de acuerdo con la Secretar\u00eda de Salud, los precios competitivos de los servicios m\u00e9dicos en nuestro pa\u00eds permiten ahorros entre 35% y 38% en varios tratamientos y procedimientos quir\u00fargicos. Por ejemplo, una rinoplastia es 56% m\u00e1s barata que en Estados Unidos. Mientras que un reemplazo de v\u00e1lvula cardiaca llega a ser hasta 89% m\u00e1s econ\u00f3mica.\u00a0<\/span><\/p>\n<p><span style=\"font-weight: 400;\">Adem\u00e1s de los atractivos precios que pagan los consumidores del Turismo M\u00e9dico, la abundancia de especialistas representa una gran fortaleza que tiene el pa\u00eds sobre sus competidores. La proporci\u00f3n de m\u00e9dicos especialistas entre m\u00e9dicos generales en M\u00e9xico es de 63.4 por ciento, cifra superior al promedio de 57.7 por ciento de los pa\u00edses de la Organizaci\u00f3n para la Cooperaci\u00f3n y Desarrollo Econ\u00f3mico (OCDE).\u00a0<\/span>[\/vc_column_text][vc_empty_space][vc_row_inner el_class=\u00bbblock&#8211;padding&#8211;gray\u00bb][vc_column_inner][vc_single_image image=\u00bb2243&#8243; img_size=\u00bbfull\u00bb alignment=\u00bbcenter\u00bb][vc_empty_space][vc_column_text]<span style=\"font-weight: 400;\">Algunas de las especialidades de turismo m\u00e9dico en que M\u00e9xico destaca son: cardiocirug\u00eda, cirug\u00eda pl\u00e1stica, oftalmolog\u00eda, oncolog\u00eda, odontolog\u00eda, gastrocirug\u00eda, traumatolog\u00eda, cirug\u00eda bari\u00e1trica, entre otros.\u00a0<\/span><\/p>\n<p><span style=\"font-weight: 400;\">Pero el impacto del turismo m\u00e9dico va mucho m\u00e1s all\u00e1 del sector salud. Abarca y se entrelaza con grandes industrias como la hoteler\u00eda, restauranter\u00eda, operadores tur\u00edsticos, entre otras. Es una sub industria que al fortalecerse, en realidad, fortalece la econom\u00eda entera de todo el pa\u00eds.\u00a0<\/span>[\/vc_column_text][\/vc_column_inner][\/vc_row_inner][vc_empty_space][vc_column_text el_class=\u00bbsources\u00bb]<\/p>\n<p style=\"text-align: right;\"><strong>Fuentes:<\/strong><br \/>\n<span style=\"font-weight: 400;\">ProM\u00c9XICO Investment and Commerce<\/span><br \/>\n<span style=\"font-weight: 400;\">Ministry of Economy<\/span><br \/>\n<span style=\"font-weight: 400;\">Deloitte<\/span><br \/>\n<span style=\"font-weight: 400;\">Patient Beyond Borders<\/span><\/p>\n<p>[\/vc_column_text][\/vc_column][\/vc_row]<\/p>\n<\/div>","protected":false},"excerpt":{"rendered":"<p>Somos el segundo destino de turismo m\u00e9dico en el mundo y ya no solamente por ofrecer servicios odontol\u00f3gicos o cirug\u00edas cosm\u00e9ticas. Nos hemos convertido en un pa\u00eds de atenci\u00f3n m\u00e9dica de calidad. Nuestras especialidades en turismo m\u00e9dico var\u00edan desde cirug\u00eda cardiaca, gastrocirug\u00eda, ortopedia, oncolog\u00eda, cirug\u00eda bari\u00e1trica, entre otros. Pero el impacto del turismo m\u00e9dico va mucho m\u00e1s all\u00e1 del sector salud, conoce por qu\u00e9 aqu\u00ed.<\/p>\n","protected":false},"author":2,"featured_media":0,"parent":4175,"menu_order":0,"comment_status":"closed","ping_status":"closed","template":"","meta":{"footnotes":""},"class_list":["post-6388","page","type-page","status-publish","hentry"],"acf":[],"yoast_head":"<!-- This site is optimized with the Yoast SEO plugin v27.4 - https:\/\/yoast.com\/product\/yoast-seo-wordpress\/ -->\n<title>Turismo M\u00e9dico en M\u00e9xico - Hospital CMQ<\/title>\n<meta name=\"description\" content=\"M\u00e9dicos certificados, tecnolog\u00eda avanzada y ubicaciones privilegiadas hacen de M\u00e9xico un centro global para el turismo m\u00e9dico y atenci\u00f3n m\u00e9dica de calidad al paciente.\" \/>\n<meta name=\"robots\" content=\"index, follow, max-snippet:-1, max-image-preview:large, max-video-preview:-1\" \/>\n<link rel=\"canonical\" href=\"https:\/\/hospitalcmq.com\/es\/turismo-medico\/turismo-medico-en-mexico\/\" \/>\n<meta property=\"og:locale\" content=\"es_ES\" \/>\n<meta property=\"og:type\" content=\"article\" \/>\n<meta property=\"og:title\" content=\"Turismo M\u00e9dico en M\u00e9xico - Hospital CMQ\" \/>\n<meta property=\"og:description\" content=\"M\u00e9dicos certificados, tecnolog\u00eda avanzada y ubicaciones privilegiadas hacen de M\u00e9xico un centro global para el turismo m\u00e9dico y atenci\u00f3n m\u00e9dica de calidad al paciente.\" \/>\n<meta property=\"og:url\" content=\"https:\/\/hospitalcmq.com\/es\/turismo-medico\/turismo-medico-en-mexico\/\" \/>\n<meta property=\"og:site_name\" content=\"Hospital CMQ\" \/>\n<meta property=\"article:publisher\" content=\"https:\/\/www.facebook.com\/HospitalCMQ\" \/>\n<meta property=\"article:modified_time\" content=\"2023-02-27T22:53:58+00:00\" \/>\n<meta property=\"og:image\" content=\"https:\/\/hospitalcmq.com\/wp-content\/uploads\/2018\/06\/cmq-hospital-logo.png\" \/>\n\t<meta property=\"og:image:width\" content=\"214\" \/>\n\t<meta property=\"og:image:height\" content=\"189\" \/>\n\t<meta property=\"og:image:type\" content=\"image\/png\" \/>\n<meta name=\"twitter:card\" content=\"summary_large_image\" \/>\n<meta name=\"twitter:label1\" content=\"Tiempo de lectura\" \/>\n\t<meta name=\"twitter:data1\" content=\"3 minutos\" \/>\n<script type=\"application\/ld+json\" class=\"yoast-schema-graph\">{\"@context\":\"https:\\\/\\\/schema.org\",\"@graph\":[{\"@type\":\"WebPage\",\"@id\":\"https:\\\/\\\/hospitalcmq.com\\\/es\\\/turismo-medico\\\/turismo-medico-en-mexico\\\/\",\"url\":\"https:\\\/\\\/hospitalcmq.com\\\/es\\\/turismo-medico\\\/turismo-medico-en-mexico\\\/\",\"name\":\"Turismo M\u00e9dico en M\u00e9xico - Hospital CMQ\",\"isPartOf\":{\"@id\":\"https:\\\/\\\/hospitalcmq.com\\\/es\\\/#website\"},\"datePublished\":\"2019-07-04T15:24:57+00:00\",\"dateModified\":\"2023-02-27T22:53:58+00:00\",\"description\":\"M\u00e9dicos certificados, tecnolog\u00eda avanzada y ubicaciones privilegiadas hacen de M\u00e9xico un centro global para el turismo m\u00e9dico y atenci\u00f3n m\u00e9dica de calidad al paciente.\",\"breadcrumb\":{\"@id\":\"https:\\\/\\\/hospitalcmq.com\\\/es\\\/turismo-medico\\\/turismo-medico-en-mexico\\\/#breadcrumb\"},\"inLanguage\":\"es\",\"potentialAction\":[{\"@type\":\"ReadAction\",\"target\":[\"https:\\\/\\\/hospitalcmq.com\\\/es\\\/turismo-medico\\\/turismo-medico-en-mexico\\\/\"]}]},{\"@type\":\"BreadcrumbList\",\"@id\":\"https:\\\/\\\/hospitalcmq.com\\\/es\\\/turismo-medico\\\/turismo-medico-en-mexico\\\/#breadcrumb\",\"itemListElement\":[{\"@type\":\"ListItem\",\"position\":1,\"name\":\"Home\",\"item\":\"https:\\\/\\\/hospitalcmq.com\\\/es\\\/\"},{\"@type\":\"ListItem\",\"position\":2,\"name\":\"Turismo M\u00e9dico\",\"item\":\"https:\\\/\\\/hospitalcmq.com\\\/es\\\/turismo-medico\\\/\"},{\"@type\":\"ListItem\",\"position\":3,\"name\":\"Turismo M\u00e9dico en M\u00e9xico\"}]},{\"@type\":\"WebSite\",\"@id\":\"https:\\\/\\\/hospitalcmq.com\\\/es\\\/#website\",\"url\":\"https:\\\/\\\/hospitalcmq.com\\\/es\\\/\",\"name\":\"Hospital CMQ\",\"description\":\"Best Hospitals in Puerto Vallarta &amp; Riviera Nayarit\",\"publisher\":{\"@id\":\"https:\\\/\\\/hospitalcmq.com\\\/es\\\/#organization\"},\"potentialAction\":[{\"@type\":\"SearchAction\",\"target\":{\"@type\":\"EntryPoint\",\"urlTemplate\":\"https:\\\/\\\/hospitalcmq.com\\\/es\\\/?s={search_term_string}\"},\"query-input\":{\"@type\":\"PropertyValueSpecification\",\"valueRequired\":true,\"valueName\":\"search_term_string\"}}],\"inLanguage\":\"es\"},{\"@type\":\"Organization\",\"@id\":\"https:\\\/\\\/hospitalcmq.com\\\/es\\\/#organization\",\"name\":\"Hospital CMQ\",\"url\":\"https:\\\/\\\/hospitalcmq.com\\\/es\\\/\",\"logo\":{\"@type\":\"ImageObject\",\"inLanguage\":\"es\",\"@id\":\"https:\\\/\\\/hospitalcmq.com\\\/es\\\/#\\\/schema\\\/logo\\\/image\\\/\",\"url\":\"https:\\\/\\\/hospitalcmq.com\\\/wp-content\\\/uploads\\\/2018\\\/06\\\/cmq-hospital-logo.png\",\"contentUrl\":\"https:\\\/\\\/hospitalcmq.com\\\/wp-content\\\/uploads\\\/2018\\\/06\\\/cmq-hospital-logo.png\",\"width\":214,\"height\":189,\"caption\":\"Hospital CMQ\"},\"image\":{\"@id\":\"https:\\\/\\\/hospitalcmq.com\\\/es\\\/#\\\/schema\\\/logo\\\/image\\\/\"},\"sameAs\":[\"https:\\\/\\\/www.facebook.com\\\/HospitalCMQ\"]}]}<\/script>\n<!-- \/ Yoast SEO plugin. -->","yoast_head_json":{"title":"Turismo M\u00e9dico en M\u00e9xico - Hospital CMQ","description":"M\u00e9dicos certificados, tecnolog\u00eda avanzada y ubicaciones privilegiadas hacen de M\u00e9xico un centro global para el turismo m\u00e9dico y atenci\u00f3n m\u00e9dica de calidad al paciente.","robots":{"index":"index","follow":"follow","max-snippet":"max-snippet:-1","max-image-preview":"max-image-preview:large","max-video-preview":"max-video-preview:-1"},"canonical":"https:\/\/hospitalcmq.com\/es\/turismo-medico\/turismo-medico-en-mexico\/","og_locale":"es_ES","og_type":"article","og_title":"Turismo M\u00e9dico en M\u00e9xico - Hospital CMQ","og_description":"M\u00e9dicos certificados, tecnolog\u00eda avanzada y ubicaciones privilegiadas hacen de M\u00e9xico un centro global para el turismo m\u00e9dico y atenci\u00f3n m\u00e9dica de calidad al paciente.","og_url":"https:\/\/hospitalcmq.com\/es\/turismo-medico\/turismo-medico-en-mexico\/","og_site_name":"Hospital CMQ","article_publisher":"https:\/\/www.facebook.com\/HospitalCMQ","article_modified_time":"2023-02-27T22:53:58+00:00","og_image":[{"width":214,"height":189,"url":"https:\/\/hospitalcmq.com\/wp-content\/uploads\/2018\/06\/cmq-hospital-logo.png","type":"image\/png"}],"twitter_card":"summary_large_image","twitter_misc":{"Tiempo de lectura":"3 minutos"},"schema":{"@context":"https:\/\/schema.org","@graph":[{"@type":"WebPage","@id":"https:\/\/hospitalcmq.com\/es\/turismo-medico\/turismo-medico-en-mexico\/","url":"https:\/\/hospitalcmq.com\/es\/turismo-medico\/turismo-medico-en-mexico\/","name":"Turismo M\u00e9dico en M\u00e9xico - Hospital CMQ","isPartOf":{"@id":"https:\/\/hospitalcmq.com\/es\/#website"},"datePublished":"2019-07-04T15:24:57+00:00","dateModified":"2023-02-27T22:53:58+00:00","description":"M\u00e9dicos certificados, tecnolog\u00eda avanzada y ubicaciones privilegiadas hacen de M\u00e9xico un centro global para el turismo m\u00e9dico y atenci\u00f3n m\u00e9dica de calidad al paciente.","breadcrumb":{"@id":"https:\/\/hospitalcmq.com\/es\/turismo-medico\/turismo-medico-en-mexico\/#breadcrumb"},"inLanguage":"es","potentialAction":[{"@type":"ReadAction","target":["https:\/\/hospitalcmq.com\/es\/turismo-medico\/turismo-medico-en-mexico\/"]}]},{"@type":"BreadcrumbList","@id":"https:\/\/hospitalcmq.com\/es\/turismo-medico\/turismo-medico-en-mexico\/#breadcrumb","itemListElement":[{"@type":"ListItem","position":1,"name":"Home","item":"https:\/\/hospitalcmq.com\/es\/"},{"@type":"ListItem","position":2,"name":"Turismo M\u00e9dico","item":"https:\/\/hospitalcmq.com\/es\/turismo-medico\/"},{"@type":"ListItem","position":3,"name":"Turismo M\u00e9dico en M\u00e9xico"}]},{"@type":"WebSite","@id":"https:\/\/hospitalcmq.com\/es\/#website","url":"https:\/\/hospitalcmq.com\/es\/","name":"Hospital CMQ","description":"Best Hospitals in Puerto Vallarta &amp; Riviera Nayarit","publisher":{"@id":"https:\/\/hospitalcmq.com\/es\/#organization"},"potentialAction":[{"@type":"SearchAction","target":{"@type":"EntryPoint","urlTemplate":"https:\/\/hospitalcmq.com\/es\/?s={search_term_string}"},"query-input":{"@type":"PropertyValueSpecification","valueRequired":true,"valueName":"search_term_string"}}],"inLanguage":"es"},{"@type":"Organization","@id":"https:\/\/hospitalcmq.com\/es\/#organization","name":"Hospital CMQ","url":"https:\/\/hospitalcmq.com\/es\/","logo":{"@type":"ImageObject","inLanguage":"es","@id":"https:\/\/hospitalcmq.com\/es\/#\/schema\/logo\/image\/","url":"https:\/\/hospitalcmq.com\/wp-content\/uploads\/2018\/06\/cmq-hospital-logo.png","contentUrl":"https:\/\/hospitalcmq.com\/wp-content\/uploads\/2018\/06\/cmq-hospital-logo.png","width":214,"height":189,"caption":"Hospital CMQ"},"image":{"@id":"https:\/\/hospitalcmq.com\/es\/#\/schema\/logo\/image\/"},"sameAs":["https:\/\/www.facebook.com\/HospitalCMQ"]}]}},"_links":{"self":[{"href":"https:\/\/hospitalcmq.com\/es\/wp-json\/wp\/v2\/pages\/6388","targetHints":{"allow":["GET"]}}],"collection":[{"href":"https:\/\/hospitalcmq.com\/es\/wp-json\/wp\/v2\/pages"}],"about":[{"href":"https:\/\/hospitalcmq.com\/es\/wp-json\/wp\/v2\/types\/page"}],"author":[{"embeddable":true,"href":"https:\/\/hospitalcmq.com\/es\/wp-json\/wp\/v2\/users\/2"}],"replies":[{"embeddable":true,"href":"https:\/\/hospitalcmq.com\/es\/wp-json\/wp\/v2\/comments?post=6388"}],"version-history":[{"count":0,"href":"https:\/\/hospitalcmq.com\/es\/wp-json\/wp\/v2\/pages\/6388\/revisions"}],"up":[{"embeddable":true,"href":"https:\/\/hospitalcmq.com\/es\/wp-json\/wp\/v2\/pages\/4175"}],"wp:attachment":[{"href":"https:\/\/hospitalcmq.com\/es\/wp-json\/wp\/v2\/media?parent=6388"}],"curies":[{"name":"wp","href":"https:\/\/api.w.org\/{rel}","templated":true}]}}