{"id":6385,"date":"2019-07-04T10:13:53","date_gmt":"2019-07-04T15:13:53","guid":{"rendered":"https:\/\/hospitalcmq.com\/?page_id=6385"},"modified":"2024-05-03T17:58:44","modified_gmt":"2024-05-03T23:58:44","slug":"estadisticas-de-turismo-medico","status":"publish","type":"page","link":"https:\/\/hospitalcmq.com\/es\/turismo-medico\/estadisticas-de-turismo-medico\/","title":{"rendered":"Estad\u00edsticas de Turismo M\u00e9dico"},"content":{"rendered":"<div class=\"wpb-content-wrapper\"><p>[vc_row][vc_column][vc_column_text]El porcentaje de Turismo M\u00e9dico a nivel global es indudablemente significativo. Seg\u00fan la <a href=\"https:\/\/www.medicaltourismassociation.com\/\">Medical Tourism Association<\/a>, cerca de 14 millones de personas de todo el mundo viajan anualmente en busca de atenci\u00f3n m\u00e9dica, generando un valor econ\u00f3mico estimado entre 50 y 70 mil millones de d\u00f3lares. De acuerdo a un estudio del 2023, el pa\u00eds que lidera el mercado de Turismo M\u00e9dico es Tailandia con aproximadamente 1.8 millones de visitantes cada a\u00f1o. Asimismo, el mismo estudio posiciona a M\u00e9xico en un segundo lugar, con 1.2 millones de pacientes extranjeros al a\u00f1o.<\/p>\n<p>Estas cifras sit\u00faan a M\u00e9xico por encima de Estados Unidos, que ocupa el cuarto puesto con 500 mil personas que viajan para recibir atenci\u00f3n m\u00e9dica. Posteriormente, le siguen pa\u00edses como Singapur, Tailandia, Brasil, Turqu\u00eda, Corea del Sur, Malasia y Taiw\u00e1n reciben conjuntamente alrededor de 1.38 millones de turistas, seg\u00fan estad\u00edsticas de <a href=\"https:\/\/www.patientsbeyondborders.com\/\">Patients Beyond Borders<\/a>.[\/vc_column_text][vc_empty_space][vc_column_text]<\/p>\n<h2><img loading=\"lazy\" decoding=\"async\" class=\"wp-image-2248 size-full alignright\" src=\"https:\/\/hospitalcmq.com\/wp-content\/uploads\/2018\/02\/medical_statistics_470x260.png\" alt=\"medical statistics\" width=\"470\" height=\"260\" \/>\u00bfPor qu\u00e9 las personas optan por viajar al extranjero para recibir tratamiento m\u00e9dico?<\/h2>\n<p>A simple vista, podr\u00eda parecer que todos los viajeros de salud buscan atenci\u00f3n m\u00e9dica r\u00e1pida y m\u00e1s econ\u00f3mica fuera de sus pa\u00edses. Sin embargo, seg\u00fan un informe de McKinsey &amp; Company, la realidad es diferente. El 40% de estas personas buscan atenci\u00f3n m\u00e9dica de excelencia y personalizada. Mientras tanto, el 32% declara que busca una atenci\u00f3n m\u00e9dica con un trato m\u00e1s humano. Un 15% valora la disponibilidad de atenci\u00f3n m\u00e9dica inmediata, sin largas esperas, y el 13% restante prioriza los costos m\u00e1s bajos.<\/p>\n<p>Dada su cercan\u00eda, los ciudadanos estadounidenses suelen preferir viajar a M\u00e9xico, Costa Rica o Brasil para recibir servicios m\u00e9dicos en \u00e1reas como cardiolog\u00eda, ortopedia, cirug\u00eda est\u00e9tica y cirug\u00eda bari\u00e1trica. Por otro lado, el sudeste asi\u00e1tico y Tailandia son destinos populares para casos de cirug\u00eda pl\u00e1stica, fertilidad y procedimientos de reasignaci\u00f3n de sexo.[\/vc_column_text][vc_empty_space][vc_row_inner el_class=\u00bbblock&#8211;padding&#8211;gray\u00bb][vc_column_inner][vc_single_image image=\u00bb2252&#8243; img_size=\u00bbfull\u00bb][vc_empty_space][vc_column_text]<\/p>\n<h2>Potencial Ahorro en Costo<\/h2>\n<p>Los turistas de salud pueden ahorrarse entre el 25% y el 75% por procedimiento. No obstante, dependiendo del tipo de servicio m\u00e9dico requerido, estos ahorros pueden incluso alcanzar hasta el 90%. Esta variabilidad est\u00e1 determinada por el pa\u00eds y el tipo espec\u00edfico de procedimiento realizado. Algunos datos estad\u00edsticos relevantes proporcionados por Patients Beyond Borders son:<\/p>\n<ul>\n<li style=\"font-weight: 400;\">En Panam\u00e1, los servicios m\u00e9dicos pueden costar entre un 40% y un 70% menos que en Estados Unidos o Canad\u00e1.<\/li>\n<li style=\"font-weight: 400;\">M\u00e9xico se destaca como el destino preferido para los norteamericanos, ofreciendo ahorros del 25% al 35% en servicios m\u00e9dicos.<\/li>\n<li style=\"font-weight: 400;\">La India proporciona servicios de atenci\u00f3n m\u00e9dica a aproximadamente el 20% del costo en comparaci\u00f3n con Estados Unidos, mientras que en Tailandia el ahorro es de alrededor del 30%.<\/li>\n<li style=\"font-weight: 400;\">Singapur cuenta con 13 hospitales acreditados por la Joint Commission International, con precios que son un 35% menores que los de Norteam\u00e9rica.<\/li>\n<\/ul>\n<p>En los \u00faltimos a\u00f1os, el Turismo M\u00e9dico ha ganado popularidad en pa\u00edses industrializados. Asimismo, el n\u00famero de pacientes que viajan por elecci\u00f3n propia a pa\u00edses extranjeros para tratamientos y procedimientos m\u00e9dicos ha aumentado anualmente.[\/vc_column_text][\/vc_column_inner][\/vc_row_inner][\/vc_column][\/vc_row]<\/p>\n<\/div>","protected":false},"excerpt":{"rendered":"<p>En los \u00faltimos a\u00f1os, el turismo de salud ha ganado tal grado de popularidad que anualmente genera un valor entre 50 y 70 billones de d\u00f3lares. Pero sabes por qu\u00e9 la gente viaja al extranjero a recibir tratamiento m\u00e9dico, o cu\u00e1les son los principales pa\u00edses que los turistas de salud eligen como destino. Dentro de este art\u00edculo podr\u00e1s encontrar datos reales y comprobados del comportamiento internacional del turismo m\u00e9dico.<\/p>\n","protected":false},"author":2,"featured_media":0,"parent":4175,"menu_order":0,"comment_status":"closed","ping_status":"closed","template":"","meta":{"footnotes":""},"class_list":["post-6385","page","type-page","status-publish","hentry"],"acf":[],"yoast_head":"<!-- This site is optimized with the Yoast SEO plugin v27.3 - https:\/\/yoast.com\/product\/yoast-seo-wordpress\/ -->\n<title>\u00bfQu\u00e9 es Turismo M\u00e9dico? Conoce m\u00e1s sobre este movimiento<\/title>\n<meta name=\"description\" content=\"Hospitales CMQ en Puerto Vallarta y Riviera Nayarit son los principales destinos en M\u00e9xico para el turismo m\u00e9dico. \u00a1Agenda tu cita hoy!\" \/>\n<meta name=\"robots\" content=\"index, follow, max-snippet:-1, max-image-preview:large, max-video-preview:-1\" \/>\n<link rel=\"canonical\" href=\"https:\/\/hospitalcmq.com\/es\/turismo-medico\/estadisticas-de-turismo-medico\/\" \/>\n<meta property=\"og:locale\" content=\"es_ES\" \/>\n<meta property=\"og:type\" content=\"article\" \/>\n<meta property=\"og:title\" content=\"\u00bfQu\u00e9 es Turismo M\u00e9dico? Conoce m\u00e1s sobre este movimiento\" \/>\n<meta property=\"og:description\" content=\"Hospitales CMQ en Puerto Vallarta y Riviera Nayarit son los principales destinos en M\u00e9xico para el turismo m\u00e9dico. \u00a1Agenda tu cita hoy!\" \/>\n<meta property=\"og:url\" content=\"https:\/\/hospitalcmq.com\/es\/turismo-medico\/estadisticas-de-turismo-medico\/\" \/>\n<meta property=\"og:site_name\" content=\"Hospital CMQ\" \/>\n<meta property=\"article:publisher\" content=\"https:\/\/www.facebook.com\/HospitalCMQ\" \/>\n<meta property=\"article:modified_time\" content=\"2024-05-03T23:58:44+00:00\" \/>\n<meta property=\"og:image\" content=\"https:\/\/hospitalcmq.com\/wp-content\/uploads\/2018\/02\/medical_statistics_470x260.png\" \/>\n<meta name=\"twitter:card\" content=\"summary_large_image\" \/>\n<meta name=\"twitter:label1\" content=\"Tiempo de lectura\" \/>\n\t<meta name=\"twitter:data1\" content=\"3 minutos\" \/>\n<script type=\"application\/ld+json\" class=\"yoast-schema-graph\">{\"@context\":\"https:\\\/\\\/schema.org\",\"@graph\":[{\"@type\":\"WebPage\",\"@id\":\"https:\\\/\\\/hospitalcmq.com\\\/es\\\/turismo-medico\\\/estadisticas-de-turismo-medico\\\/\",\"url\":\"https:\\\/\\\/hospitalcmq.com\\\/es\\\/turismo-medico\\\/estadisticas-de-turismo-medico\\\/\",\"name\":\"\u00bfQu\u00e9 es Turismo M\u00e9dico? Conoce m\u00e1s sobre este movimiento\",\"isPartOf\":{\"@id\":\"https:\\\/\\\/hospitalcmq.com\\\/es\\\/#website\"},\"primaryImageOfPage\":{\"@id\":\"https:\\\/\\\/hospitalcmq.com\\\/es\\\/turismo-medico\\\/estadisticas-de-turismo-medico\\\/#primaryimage\"},\"image\":{\"@id\":\"https:\\\/\\\/hospitalcmq.com\\\/es\\\/turismo-medico\\\/estadisticas-de-turismo-medico\\\/#primaryimage\"},\"thumbnailUrl\":\"https:\\\/\\\/hospitalcmq.com\\\/wp-content\\\/uploads\\\/2018\\\/02\\\/medical_statistics_470x260.png\",\"datePublished\":\"2019-07-04T15:13:53+00:00\",\"dateModified\":\"2024-05-03T23:58:44+00:00\",\"description\":\"Hospitales CMQ en Puerto Vallarta y Riviera Nayarit son los principales destinos en M\u00e9xico para el turismo m\u00e9dico. \u00a1Agenda tu cita hoy!\",\"breadcrumb\":{\"@id\":\"https:\\\/\\\/hospitalcmq.com\\\/es\\\/turismo-medico\\\/estadisticas-de-turismo-medico\\\/#breadcrumb\"},\"inLanguage\":\"es\",\"potentialAction\":[{\"@type\":\"ReadAction\",\"target\":[\"https:\\\/\\\/hospitalcmq.com\\\/es\\\/turismo-medico\\\/estadisticas-de-turismo-medico\\\/\"]}]},{\"@type\":\"ImageObject\",\"inLanguage\":\"es\",\"@id\":\"https:\\\/\\\/hospitalcmq.com\\\/es\\\/turismo-medico\\\/estadisticas-de-turismo-medico\\\/#primaryimage\",\"url\":\"https:\\\/\\\/hospitalcmq.com\\\/wp-content\\\/uploads\\\/2018\\\/02\\\/medical_statistics_470x260.png\",\"contentUrl\":\"https:\\\/\\\/hospitalcmq.com\\\/wp-content\\\/uploads\\\/2018\\\/02\\\/medical_statistics_470x260.png\"},{\"@type\":\"BreadcrumbList\",\"@id\":\"https:\\\/\\\/hospitalcmq.com\\\/es\\\/turismo-medico\\\/estadisticas-de-turismo-medico\\\/#breadcrumb\",\"itemListElement\":[{\"@type\":\"ListItem\",\"position\":1,\"name\":\"Home\",\"item\":\"https:\\\/\\\/hospitalcmq.com\\\/es\\\/\"},{\"@type\":\"ListItem\",\"position\":2,\"name\":\"Turismo M\u00e9dico\",\"item\":\"https:\\\/\\\/hospitalcmq.com\\\/es\\\/turismo-medico\\\/\"},{\"@type\":\"ListItem\",\"position\":3,\"name\":\"Estad\u00edsticas de Turismo M\u00e9dico\"}]},{\"@type\":\"WebSite\",\"@id\":\"https:\\\/\\\/hospitalcmq.com\\\/es\\\/#website\",\"url\":\"https:\\\/\\\/hospitalcmq.com\\\/es\\\/\",\"name\":\"Hospital CMQ\",\"description\":\"Best Hospitals in Puerto Vallarta &amp; Riviera Nayarit\",\"publisher\":{\"@id\":\"https:\\\/\\\/hospitalcmq.com\\\/es\\\/#organization\"},\"potentialAction\":[{\"@type\":\"SearchAction\",\"target\":{\"@type\":\"EntryPoint\",\"urlTemplate\":\"https:\\\/\\\/hospitalcmq.com\\\/es\\\/?s={search_term_string}\"},\"query-input\":{\"@type\":\"PropertyValueSpecification\",\"valueRequired\":true,\"valueName\":\"search_term_string\"}}],\"inLanguage\":\"es\"},{\"@type\":\"Organization\",\"@id\":\"https:\\\/\\\/hospitalcmq.com\\\/es\\\/#organization\",\"name\":\"Hospital CMQ\",\"url\":\"https:\\\/\\\/hospitalcmq.com\\\/es\\\/\",\"logo\":{\"@type\":\"ImageObject\",\"inLanguage\":\"es\",\"@id\":\"https:\\\/\\\/hospitalcmq.com\\\/es\\\/#\\\/schema\\\/logo\\\/image\\\/\",\"url\":\"https:\\\/\\\/hospitalcmq.com\\\/wp-content\\\/uploads\\\/2018\\\/06\\\/cmq-hospital-logo.png\",\"contentUrl\":\"https:\\\/\\\/hospitalcmq.com\\\/wp-content\\\/uploads\\\/2018\\\/06\\\/cmq-hospital-logo.png\",\"width\":214,\"height\":189,\"caption\":\"Hospital CMQ\"},\"image\":{\"@id\":\"https:\\\/\\\/hospitalcmq.com\\\/es\\\/#\\\/schema\\\/logo\\\/image\\\/\"},\"sameAs\":[\"https:\\\/\\\/www.facebook.com\\\/HospitalCMQ\"]}]}<\/script>\n<!-- \/ Yoast SEO plugin. -->","yoast_head_json":{"title":"\u00bfQu\u00e9 es Turismo M\u00e9dico? Conoce m\u00e1s sobre este movimiento","description":"Hospitales CMQ en Puerto Vallarta y Riviera Nayarit son los principales destinos en M\u00e9xico para el turismo m\u00e9dico. \u00a1Agenda tu cita hoy!","robots":{"index":"index","follow":"follow","max-snippet":"max-snippet:-1","max-image-preview":"max-image-preview:large","max-video-preview":"max-video-preview:-1"},"canonical":"https:\/\/hospitalcmq.com\/es\/turismo-medico\/estadisticas-de-turismo-medico\/","og_locale":"es_ES","og_type":"article","og_title":"\u00bfQu\u00e9 es Turismo M\u00e9dico? Conoce m\u00e1s sobre este movimiento","og_description":"Hospitales CMQ en Puerto Vallarta y Riviera Nayarit son los principales destinos en M\u00e9xico para el turismo m\u00e9dico. \u00a1Agenda tu cita hoy!","og_url":"https:\/\/hospitalcmq.com\/es\/turismo-medico\/estadisticas-de-turismo-medico\/","og_site_name":"Hospital CMQ","article_publisher":"https:\/\/www.facebook.com\/HospitalCMQ","article_modified_time":"2024-05-03T23:58:44+00:00","og_image":[{"url":"https:\/\/hospitalcmq.com\/wp-content\/uploads\/2018\/02\/medical_statistics_470x260.png","type":"","width":"","height":""}],"twitter_card":"summary_large_image","twitter_misc":{"Tiempo de lectura":"3 minutos"},"schema":{"@context":"https:\/\/schema.org","@graph":[{"@type":"WebPage","@id":"https:\/\/hospitalcmq.com\/es\/turismo-medico\/estadisticas-de-turismo-medico\/","url":"https:\/\/hospitalcmq.com\/es\/turismo-medico\/estadisticas-de-turismo-medico\/","name":"\u00bfQu\u00e9 es Turismo M\u00e9dico? Conoce m\u00e1s sobre este movimiento","isPartOf":{"@id":"https:\/\/hospitalcmq.com\/es\/#website"},"primaryImageOfPage":{"@id":"https:\/\/hospitalcmq.com\/es\/turismo-medico\/estadisticas-de-turismo-medico\/#primaryimage"},"image":{"@id":"https:\/\/hospitalcmq.com\/es\/turismo-medico\/estadisticas-de-turismo-medico\/#primaryimage"},"thumbnailUrl":"https:\/\/hospitalcmq.com\/wp-content\/uploads\/2018\/02\/medical_statistics_470x260.png","datePublished":"2019-07-04T15:13:53+00:00","dateModified":"2024-05-03T23:58:44+00:00","description":"Hospitales CMQ en Puerto Vallarta y Riviera Nayarit son los principales destinos en M\u00e9xico para el turismo m\u00e9dico. \u00a1Agenda tu cita hoy!","breadcrumb":{"@id":"https:\/\/hospitalcmq.com\/es\/turismo-medico\/estadisticas-de-turismo-medico\/#breadcrumb"},"inLanguage":"es","potentialAction":[{"@type":"ReadAction","target":["https:\/\/hospitalcmq.com\/es\/turismo-medico\/estadisticas-de-turismo-medico\/"]}]},{"@type":"ImageObject","inLanguage":"es","@id":"https:\/\/hospitalcmq.com\/es\/turismo-medico\/estadisticas-de-turismo-medico\/#primaryimage","url":"https:\/\/hospitalcmq.com\/wp-content\/uploads\/2018\/02\/medical_statistics_470x260.png","contentUrl":"https:\/\/hospitalcmq.com\/wp-content\/uploads\/2018\/02\/medical_statistics_470x260.png"},{"@type":"BreadcrumbList","@id":"https:\/\/hospitalcmq.com\/es\/turismo-medico\/estadisticas-de-turismo-medico\/#breadcrumb","itemListElement":[{"@type":"ListItem","position":1,"name":"Home","item":"https:\/\/hospitalcmq.com\/es\/"},{"@type":"ListItem","position":2,"name":"Turismo M\u00e9dico","item":"https:\/\/hospitalcmq.com\/es\/turismo-medico\/"},{"@type":"ListItem","position":3,"name":"Estad\u00edsticas de Turismo M\u00e9dico"}]},{"@type":"WebSite","@id":"https:\/\/hospitalcmq.com\/es\/#website","url":"https:\/\/hospitalcmq.com\/es\/","name":"Hospital CMQ","description":"Best Hospitals in Puerto Vallarta &amp; Riviera Nayarit","publisher":{"@id":"https:\/\/hospitalcmq.com\/es\/#organization"},"potentialAction":[{"@type":"SearchAction","target":{"@type":"EntryPoint","urlTemplate":"https:\/\/hospitalcmq.com\/es\/?s={search_term_string}"},"query-input":{"@type":"PropertyValueSpecification","valueRequired":true,"valueName":"search_term_string"}}],"inLanguage":"es"},{"@type":"Organization","@id":"https:\/\/hospitalcmq.com\/es\/#organization","name":"Hospital CMQ","url":"https:\/\/hospitalcmq.com\/es\/","logo":{"@type":"ImageObject","inLanguage":"es","@id":"https:\/\/hospitalcmq.com\/es\/#\/schema\/logo\/image\/","url":"https:\/\/hospitalcmq.com\/wp-content\/uploads\/2018\/06\/cmq-hospital-logo.png","contentUrl":"https:\/\/hospitalcmq.com\/wp-content\/uploads\/2018\/06\/cmq-hospital-logo.png","width":214,"height":189,"caption":"Hospital CMQ"},"image":{"@id":"https:\/\/hospitalcmq.com\/es\/#\/schema\/logo\/image\/"},"sameAs":["https:\/\/www.facebook.com\/HospitalCMQ"]}]}},"_links":{"self":[{"href":"https:\/\/hospitalcmq.com\/es\/wp-json\/wp\/v2\/pages\/6385","targetHints":{"allow":["GET"]}}],"collection":[{"href":"https:\/\/hospitalcmq.com\/es\/wp-json\/wp\/v2\/pages"}],"about":[{"href":"https:\/\/hospitalcmq.com\/es\/wp-json\/wp\/v2\/types\/page"}],"author":[{"embeddable":true,"href":"https:\/\/hospitalcmq.com\/es\/wp-json\/wp\/v2\/users\/2"}],"replies":[{"embeddable":true,"href":"https:\/\/hospitalcmq.com\/es\/wp-json\/wp\/v2\/comments?post=6385"}],"version-history":[{"count":0,"href":"https:\/\/hospitalcmq.com\/es\/wp-json\/wp\/v2\/pages\/6385\/revisions"}],"up":[{"embeddable":true,"href":"https:\/\/hospitalcmq.com\/es\/wp-json\/wp\/v2\/pages\/4175"}],"wp:attachment":[{"href":"https:\/\/hospitalcmq.com\/es\/wp-json\/wp\/v2\/media?parent=6385"}],"curies":[{"name":"wp","href":"https:\/\/api.w.org\/{rel}","templated":true}]}}