{"id":6318,"date":"2019-06-28T13:20:34","date_gmt":"2019-06-28T18:20:34","guid":{"rendered":"https:\/\/hospitalcmq.com\/?page_id=6318"},"modified":"2023-02-27T16:55:49","modified_gmt":"2023-02-27T22:55:49","slug":"cirugia-asequible-en-mexico","status":"publish","type":"page","link":"https:\/\/hospitalcmq.com\/es\/turismo-medico\/cirugia-asequible-en-mexico\/","title":{"rendered":"Cirug\u00eda Asequible en M\u00e9xico"},"content":{"rendered":"<div class=\"wpb-content-wrapper\"><p>[vc_row][vc_column][vc_column_text]<span style=\"font-weight: 400;\">Desde principios de la d\u00e9cada actual, se ha detonado un movimiento global de pacientes que buscan obtener servicios de salud en lugares fuera de su pa\u00eds de residencia: Turismo M\u00e9dico.\u00a0<\/span><\/p>\n<p><span style=\"font-weight: 400;\">Entre los principales proveedores de servicios de salud destacan M\u00e9xico, India, Costa Rica, Tailandia, entre otros. Estos emisores de salud son los preferidos por su constante competencia en una mejora indudable de calidad m\u00e9dica y hospitalaria, accesibilidad en costos e inexistentes tiempos de espera.<\/span><\/p>\n<p><span style=\"font-weight: 400;\">Comparativos aproximados de Costos entre los destinos mencionados (USD)<\/span><\/p>\n<table class=\"table table-responsive-md table-striped table-bordered\">\n<tbody>\n<tr>\n<td><b>Procedimiento M\u00e9dico<\/b><\/td>\n<td><b>USA<\/b><\/td>\n<td><b>M\u00e9xico<\/b><\/td>\n<td><b>Costa Rica<\/b><\/td>\n<td><b>India<\/b><\/td>\n<td><b>Tailandia<\/b><\/td>\n<\/tr>\n<tr>\n<td><span style=\"font-weight: 400;\">Bypass Cardiaco<\/span><\/td>\n<td><span style=\"font-weight: 400;\">$123,000<\/span><\/td>\n<td><span style=\"font-weight: 400;\">$27,000<\/span><\/td>\n<td><span style=\"font-weight: 400;\">$27,000<\/span><\/td>\n<td><span style=\"font-weight: 400;\">$7,900<\/span><\/td>\n<td><span style=\"font-weight: 400;\">$15,000<\/span><\/td>\n<\/tr>\n<tr>\n<td><span style=\"font-weight: 400;\">Angioplastia<\/span><\/td>\n<td><span style=\"font-weight: 400;\">$28,200<\/span><\/td>\n<td><span style=\"font-weight: 400;\">$11,500<\/span><\/td>\n<td><span style=\"font-weight: 400;\">$13,800<\/span><\/td>\n<td><span style=\"font-weight: 400;\">$12,000<\/span><\/td>\n<td><span style=\"font-weight: 400;\">$10,000<\/span><\/td>\n<\/tr>\n<tr>\n<td><span style=\"font-weight: 400;\">Reemplazo de V\u00e1lvula Cardiaca<\/span><\/td>\n<td><span style=\"font-weight: 400;\">$170,000<\/span><\/td>\n<td><span style=\"font-weight: 400;\">$28,200<\/span><\/td>\n<td><span style=\"font-weight: 400;\">$30,000<\/span><\/td>\n<td><span style=\"font-weight: 400;\">$9,500<\/span><\/td>\n<td><span style=\"font-weight: 400;\">$17,200<\/span><\/td>\n<\/tr>\n<tr>\n<td><span style=\"font-weight: 400;\">Reemplazo de Cadera<\/span><\/td>\n<td><span style=\"font-weight: 400;\">$40,000<\/span><\/td>\n<td><span style=\"font-weight: 400;\">$12,500<\/span><\/td>\n<td><span style=\"font-weight: 400;\">$13,600<\/span><\/td>\n<td><span style=\"font-weight: 400;\">$7,200<\/span><\/td>\n<td><span style=\"font-weight: 400;\">$17,000<\/span><\/td>\n<\/tr>\n<tr>\n<td><span style=\"font-weight: 400;\">Resuperficializaci\u00f3n de Cadera<\/span><\/td>\n<td><span style=\"font-weight: 400;\">$28,000<\/span><\/td>\n<td><span style=\"font-weight: 400;\">$12,500<\/span><\/td>\n<td><span style=\"font-weight: 400;\">$13,200<\/span><\/td>\n<td><span style=\"font-weight: 400;\">$9,700<\/span><\/td>\n<td><span style=\"font-weight: 400;\">$13,500<\/span><\/td>\n<\/tr>\n<tr>\n<td><span style=\"font-weight: 400;\">Reemplazo de Rodilla<\/span><\/td>\n<td><span style=\"font-weight: 400;\">$35,000<\/span><\/td>\n<td><span style=\"font-weight: 400;\">$10,500<\/span><\/td>\n<td><span style=\"font-weight: 400;\">$12,500<\/span><\/td>\n<td><span style=\"font-weight: 400;\">$9,000<\/span><\/td>\n<td><span style=\"font-weight: 400;\">$14,500<\/span><\/td>\n<\/tr>\n<tr>\n<td><span style=\"font-weight: 400;\">Fusi\u00f3n Vertebral<\/span><\/td>\n<td><span style=\"font-weight: 400;\">$110,000<\/span><\/td>\n<td><span style=\"font-weight: 400;\">$22,500<\/span><\/td>\n<td><span style=\"font-weight: 400;\">$17,000<\/span><\/td>\n<td><span style=\"font-weight: 400;\">$10,300<\/span><\/td>\n<td><span style=\"font-weight: 400;\">$16,000<\/span><\/td>\n<\/tr>\n<tr>\n<td><span style=\"font-weight: 400;\">Histerectom\u00eda<\/span><\/td>\n<td><span style=\"font-weight: 400;\">$15,400<\/span><\/td>\n<td><span style=\"font-weight: 400;\">$4,500<\/span><\/td>\n<td><span style=\"font-weight: 400;\">$6,900<\/span><\/td>\n<td><span style=\"font-weight: 400;\">$3,200<\/span><\/td>\n<td><span style=\"font-weight: 400;\">$3,650<\/span><\/td>\n<\/tr>\n<tr>\n<td><span style=\"font-weight: 400;\">Implante Dental (por diente)<\/span><\/td>\n<td><span style=\"font-weight: 400;\">$2,500<\/span><\/td>\n<td><span style=\"font-weight: 400;\">$900<\/span><\/td>\n<td><span style=\"font-weight: 400;\">$800<\/span><\/td>\n<td><span style=\"font-weight: 400;\">$900<\/span><\/td>\n<td><span style=\"font-weight: 400;\">$1,720<\/span><\/td>\n<\/tr>\n<tr>\n<td><span style=\"font-weight: 400;\">Implante de Busto<\/span><\/td>\n<td><span style=\"font-weight: 400;\">$6,400<\/span><\/td>\n<td><span style=\"font-weight: 400;\">$3,800<\/span><\/td>\n<td><span style=\"font-weight: 400;\">$3,500<\/span><\/td>\n<td><span style=\"font-weight: 400;\">$3,000<\/span><\/td>\n<td><span style=\"font-weight: 400;\">$3,500<\/span><\/td>\n<\/tr>\n<tr>\n<td><span style=\"font-weight: 400;\">Rinoplastia<\/span><\/td>\n<td><span style=\"font-weight: 400;\">$12,000<\/span><\/td>\n<td><span style=\"font-weight: 400;\">$2,800<\/span><\/td>\n<td><span style=\"font-weight: 400;\">$3,900<\/span><\/td>\n<td><span style=\"font-weight: 400;\">$2,500<\/span><\/td>\n<td><span style=\"font-weight: 400;\">$4,300<\/span><\/td>\n<\/tr>\n<tr>\n<td><span style=\"font-weight: 400;\">Levantamiento Facial<\/span><\/td>\n<td><span style=\"font-weight: 400;\">$11,000<\/span><\/td>\n<td><span style=\"font-weight: 400;\">$4,250<\/span><\/td>\n<td><span style=\"font-weight: 400;\">$5,000<\/span><\/td>\n<td><span style=\"font-weight: 400;\">$5,000<\/span><\/td>\n<td><span style=\"font-weight: 400;\">$2,400<\/span><\/td>\n<\/tr>\n<tr>\n<td><span style=\"font-weight: 400;\">Banda G\u00e1strica<\/span><\/td>\n<td><span style=\"font-weight: 400;\">$24,000<\/span><\/td>\n<td><span style=\"font-weight: 400;\">$9,500<\/span><\/td>\n<td><span style=\"font-weight: 400;\">$10,500<\/span><\/td>\n<td><span style=\"font-weight: 400;\">$9,300<\/span><\/td>\n<td><span style=\"font-weight: 400;\">$13,000<\/span><\/td>\n<\/tr>\n<tr>\n<td><span style=\"font-weight: 400;\">Manga G\u00e1strica<\/span><\/td>\n<td><span style=\"font-weight: 400;\">$28,700<\/span><\/td>\n<td><span style=\"font-weight: 400;\">$11,500<\/span><\/td>\n<td><span style=\"font-weight: 400;\">$10,000<\/span><\/td>\n<td><span style=\"font-weight: 400;\">$10,000<\/span><\/td>\n<td><span style=\"font-weight: 400;\">$11,000<\/span><\/td>\n<\/tr>\n<tr>\n<td><span style=\"font-weight: 400;\">Bypass G\u00e1strico<\/span><\/td>\n<td><span style=\"font-weight: 400;\">$30,000<\/span><\/td>\n<td><span style=\"font-weight: 400;\">$13,800<\/span><\/td>\n<td><span style=\"font-weight: 400;\">$15,000<\/span><\/td>\n<td><span style=\"font-weight: 400;\">$12,000<\/span><\/td>\n<td><span style=\"font-weight: 400;\">$12,000<\/span><\/td>\n<\/tr>\n<tr>\n<td><span style=\"font-weight: 400;\">Liposucci\u00f3n <\/span><\/td>\n<td><span style=\"font-weight: 400;\">$5,500<\/span><\/td>\n<td><span style=\"font-weight: 400;\">$3,000<\/span><\/td>\n<td><span style=\"font-weight: 400;\">$2,800<\/span><\/td>\n<td><span style=\"font-weight: 400;\">$2,800<\/span><\/td>\n<td><span style=\"font-weight: 400;\">$2,500<\/span><\/td>\n<\/tr>\n<tr>\n<td><span style=\"font-weight: 400;\">Abdominoplastia<\/span><\/td>\n<td><span style=\"font-weight: 400;\">$8,800<\/span><\/td>\n<td><span style=\"font-weight: 400;\">$4,500<\/span><\/td>\n<td><span style=\"font-weight: 400;\">$5,000<\/span><\/td>\n<td><span style=\"font-weight: 400;\">$5,300<\/span><\/td>\n<td><span style=\"font-weight: 400;\">$3,500<\/span><\/td>\n<\/tr>\n<tr>\n<td><span style=\"font-weight: 400;\">Cirug\u00eda de P\u00e1rpados<\/span><\/td>\n<td><span style=\"font-weight: 400;\">$5,500<\/span><\/td>\n<td><span style=\"font-weight: 400;\">$2,950<\/span><\/td>\n<td><span style=\"font-weight: 400;\">$2,200<\/span><\/td>\n<td><span style=\"font-weight: 400;\">&#8211;<\/span><\/td>\n<td><span style=\"font-weight: 400;\">$540<\/span><\/td>\n<\/tr>\n<tr>\n<td><span style=\"font-weight: 400;\">Cirug\u00eda ocular Lasik<\/span><\/td>\n<td><span style=\"font-weight: 400;\">$4,000<\/span><\/td>\n<td><span style=\"font-weight: 400;\">$1,900<\/span><\/td>\n<td><span style=\"font-weight: 400;\">$2,400<\/span><\/td>\n<td><span style=\"font-weight: 400;\">$1,000<\/span><\/td>\n<td><span style=\"font-weight: 400;\">$2,310<\/span><\/td>\n<\/tr>\n<tr>\n<td><span style=\"font-weight: 400;\">Cirug\u00eda de Cataratas (por ojo)<\/span><\/td>\n<td><span style=\"font-weight: 400;\">$3,500<\/span><\/td>\n<td><span style=\"font-weight: 400;\">$2,100<\/span><\/td>\n<td><span style=\"font-weight: 400;\">$1,700<\/span><\/td>\n<td><span style=\"font-weight: 400;\">$1,500<\/span><\/td>\n<td><span style=\"font-weight: 400;\">$1,800<\/span><\/td>\n<\/tr>\n<\/tbody>\n<\/table>\n<p><i><span style=\"font-weight: 400;\">Fuente: Health Tourism; Medical Tourism Association<\/span><\/i><\/p>\n<p>&nbsp;<\/p>\n<h2><b>Comparativo de Ahorros en procedimientos M\u00e9dicos y en Horas de Viaje<\/b><\/h2>\n<table class=\"table table-responsive table-striped table-bordered\">\n<tbody>\n<tr>\n<td><span style=\"font-weight: 400;\">Pa\u00eds<\/span><\/td>\n<td><span style=\"font-weight: 400;\">Rango de Ahorros en Procedimientos M\u00e9dicos<\/span><\/td>\n<td><span style=\"font-weight: 400;\">Horas de Viaje M\u00ednimo desde EUA<\/span><\/td>\n<td><span style=\"font-weight: 400;\">Horas de Viaje M\u00e1ximo desde EUA<\/span><\/td>\n<td><span style=\"font-weight: 400;\">Horas de Viaje M\u00ednimo desde Canad\u00e1<\/span><\/td>\n<td><span style=\"font-weight: 400;\">Horas de Viaje M\u00e1ximo desde Canad\u00e1<\/span><\/td>\n<\/tr>\n<tr>\n<td><b>M\u00e9xico<\/b><\/td>\n<td><span style=\"font-weight: 400;\">36% &#8211; 89%<\/span><\/td>\n<td><span style=\"font-weight: 400;\">02:40<\/span><\/td>\n<td><span style=\"font-weight: 400;\">05:20<\/span><\/td>\n<td><span style=\"font-weight: 400;\">05:10<\/span><\/td>\n<td><span style=\"font-weight: 400;\">08:10<\/span><\/td>\n<\/tr>\n<tr>\n<td><b>Costa Rica<\/b><\/td>\n<td><span style=\"font-weight: 400;\">44% &#8211; 89%<\/span><\/td>\n<td><span style=\"font-weight: 400;\">04:00<\/span><\/td>\n<td><span style=\"font-weight: 400;\">06:45<\/span><\/td>\n<td><span style=\"font-weight: 400;\">07:34<\/span><\/td>\n<td><span style=\"font-weight: 400;\">13:23<\/span><\/td>\n<\/tr>\n<tr>\n<td><b>India<\/b><\/td>\n<td><span style=\"font-weight: 400;\">50% &#8211; 97%<\/span><\/td>\n<td><span style=\"font-weight: 400;\">14:10<\/span><\/td>\n<td><span style=\"font-weight: 400;\">19:40<\/span><\/td>\n<td><span style=\"font-weight: 400;\">14:26<\/span><\/td>\n<td><span style=\"font-weight: 400;\">21:32<\/span><\/td>\n<\/tr>\n<tr>\n<td><b>Tailandia<\/b><\/td>\n<td><span style=\"font-weight: 400;\">30% &#8211; 93%<\/span><\/td>\n<td><span style=\"font-weight: 400;\">19:40<\/span><\/td>\n<td><span style=\"font-weight: 400;\">21:40<\/span><\/td>\n<td><span style=\"font-weight: 400;\">16:35<\/span><\/td>\n<td><span style=\"font-weight: 400;\">23:13<\/span><\/td>\n<\/tr>\n<\/tbody>\n<\/table>\n<p><i><span style=\"font-weight: 400;\">Fuente: ProM\u00e9xico<\/span><\/i><\/p>\n<p><span style=\"font-weight: 400;\">Considerando el ahorro en costos, el tiempo de traslado, la afinidad cultural, infraestructura hospitalaria de vanguardia y la calidad del capital humano calificado. M\u00e9xico es la opci\u00f3n perfecta para pacientes extranjeros.\u00a0<\/span>[\/vc_column_text][\/vc_column][\/vc_row]<\/p>\n<\/div>","protected":false},"excerpt":{"rendered":"<p>Junto con la detonaci\u00f3n del movimiento global de turismo m\u00e9dico, los pacientes que buscan obtener servicios y calidad hospitalaria fuera de su lugar de residencia tienen a M\u00e9xico en la mira. \u00bfPor qu\u00e9? En nuestro pa\u00eds contamos con una indudable calidad m\u00e9dica y hospitalaria, accesibilidad en costos e inexistentes tiempos de espera. Conoce aqu\u00ed una exacta comparativa de precios entre los principales pa\u00edses de turismo m\u00e9dico.<\/p>\n","protected":false},"author":2,"featured_media":0,"parent":4175,"menu_order":0,"comment_status":"closed","ping_status":"closed","template":"","meta":{"footnotes":""},"class_list":["post-6318","page","type-page","status-publish","hentry"],"acf":[],"yoast_head":"<!-- This site is optimized with the Yoast SEO plugin v27.4 - https:\/\/yoast.com\/product\/yoast-seo-wordpress\/ -->\n<title>Cirug\u00eda Asequible en M\u00e9xico - Hospital CMQ<\/title>\n<meta name=\"description\" content=\"M\u00e9xico es un destino preferido por el extranjero para procedimientos m\u00e9dicos asequibles en cardiolog\u00eda, p\u00e9rdida de peso y cirug\u00eda pl\u00e1stica, ortopedia y muchos m\u00e1s.\" \/>\n<meta name=\"robots\" content=\"index, follow, max-snippet:-1, max-image-preview:large, max-video-preview:-1\" \/>\n<link rel=\"canonical\" href=\"https:\/\/hospitalcmq.com\/es\/turismo-medico\/cirugia-asequible-en-mexico\/\" \/>\n<meta property=\"og:locale\" content=\"es_ES\" \/>\n<meta property=\"og:type\" content=\"article\" \/>\n<meta property=\"og:title\" content=\"Cirug\u00eda Asequible en M\u00e9xico - Hospital CMQ\" \/>\n<meta property=\"og:description\" content=\"M\u00e9xico es un destino preferido por el extranjero para procedimientos m\u00e9dicos asequibles en cardiolog\u00eda, p\u00e9rdida de peso y cirug\u00eda pl\u00e1stica, ortopedia y muchos m\u00e1s.\" \/>\n<meta property=\"og:url\" content=\"https:\/\/hospitalcmq.com\/es\/turismo-medico\/cirugia-asequible-en-mexico\/\" \/>\n<meta property=\"og:site_name\" content=\"Hospital CMQ\" \/>\n<meta property=\"article:publisher\" content=\"https:\/\/www.facebook.com\/HospitalCMQ\" \/>\n<meta property=\"article:modified_time\" content=\"2023-02-27T22:55:49+00:00\" \/>\n<meta property=\"og:image\" content=\"https:\/\/hospitalcmq.com\/wp-content\/uploads\/2018\/06\/cmq-hospital-logo.png\" \/>\n\t<meta property=\"og:image:width\" content=\"214\" \/>\n\t<meta property=\"og:image:height\" content=\"189\" \/>\n\t<meta property=\"og:image:type\" content=\"image\/png\" \/>\n<meta name=\"twitter:card\" content=\"summary_large_image\" \/>\n<meta name=\"twitter:label1\" content=\"Tiempo de lectura\" \/>\n\t<meta name=\"twitter:data1\" content=\"2 minutos\" \/>\n<script type=\"application\/ld+json\" class=\"yoast-schema-graph\">{\"@context\":\"https:\\\/\\\/schema.org\",\"@graph\":[{\"@type\":\"WebPage\",\"@id\":\"https:\\\/\\\/hospitalcmq.com\\\/es\\\/turismo-medico\\\/cirugia-asequible-en-mexico\\\/\",\"url\":\"https:\\\/\\\/hospitalcmq.com\\\/es\\\/turismo-medico\\\/cirugia-asequible-en-mexico\\\/\",\"name\":\"Cirug\u00eda Asequible en M\u00e9xico - Hospital CMQ\",\"isPartOf\":{\"@id\":\"https:\\\/\\\/hospitalcmq.com\\\/es\\\/#website\"},\"datePublished\":\"2019-06-28T18:20:34+00:00\",\"dateModified\":\"2023-02-27T22:55:49+00:00\",\"description\":\"M\u00e9xico es un destino preferido por el extranjero para procedimientos m\u00e9dicos asequibles en cardiolog\u00eda, p\u00e9rdida de peso y cirug\u00eda pl\u00e1stica, ortopedia y muchos m\u00e1s.\",\"breadcrumb\":{\"@id\":\"https:\\\/\\\/hospitalcmq.com\\\/es\\\/turismo-medico\\\/cirugia-asequible-en-mexico\\\/#breadcrumb\"},\"inLanguage\":\"es\",\"potentialAction\":[{\"@type\":\"ReadAction\",\"target\":[\"https:\\\/\\\/hospitalcmq.com\\\/es\\\/turismo-medico\\\/cirugia-asequible-en-mexico\\\/\"]}]},{\"@type\":\"BreadcrumbList\",\"@id\":\"https:\\\/\\\/hospitalcmq.com\\\/es\\\/turismo-medico\\\/cirugia-asequible-en-mexico\\\/#breadcrumb\",\"itemListElement\":[{\"@type\":\"ListItem\",\"position\":1,\"name\":\"Home\",\"item\":\"https:\\\/\\\/hospitalcmq.com\\\/es\\\/\"},{\"@type\":\"ListItem\",\"position\":2,\"name\":\"Turismo M\u00e9dico\",\"item\":\"https:\\\/\\\/hospitalcmq.com\\\/es\\\/turismo-medico\\\/\"},{\"@type\":\"ListItem\",\"position\":3,\"name\":\"Cirug\u00eda Asequible en M\u00e9xico\"}]},{\"@type\":\"WebSite\",\"@id\":\"https:\\\/\\\/hospitalcmq.com\\\/es\\\/#website\",\"url\":\"https:\\\/\\\/hospitalcmq.com\\\/es\\\/\",\"name\":\"Hospital CMQ\",\"description\":\"Best Hospitals in Puerto Vallarta &amp; Riviera Nayarit\",\"publisher\":{\"@id\":\"https:\\\/\\\/hospitalcmq.com\\\/es\\\/#organization\"},\"potentialAction\":[{\"@type\":\"SearchAction\",\"target\":{\"@type\":\"EntryPoint\",\"urlTemplate\":\"https:\\\/\\\/hospitalcmq.com\\\/es\\\/?s={search_term_string}\"},\"query-input\":{\"@type\":\"PropertyValueSpecification\",\"valueRequired\":true,\"valueName\":\"search_term_string\"}}],\"inLanguage\":\"es\"},{\"@type\":\"Organization\",\"@id\":\"https:\\\/\\\/hospitalcmq.com\\\/es\\\/#organization\",\"name\":\"Hospital CMQ\",\"url\":\"https:\\\/\\\/hospitalcmq.com\\\/es\\\/\",\"logo\":{\"@type\":\"ImageObject\",\"inLanguage\":\"es\",\"@id\":\"https:\\\/\\\/hospitalcmq.com\\\/es\\\/#\\\/schema\\\/logo\\\/image\\\/\",\"url\":\"https:\\\/\\\/hospitalcmq.com\\\/wp-content\\\/uploads\\\/2018\\\/06\\\/cmq-hospital-logo.png\",\"contentUrl\":\"https:\\\/\\\/hospitalcmq.com\\\/wp-content\\\/uploads\\\/2018\\\/06\\\/cmq-hospital-logo.png\",\"width\":214,\"height\":189,\"caption\":\"Hospital CMQ\"},\"image\":{\"@id\":\"https:\\\/\\\/hospitalcmq.com\\\/es\\\/#\\\/schema\\\/logo\\\/image\\\/\"},\"sameAs\":[\"https:\\\/\\\/www.facebook.com\\\/HospitalCMQ\"]}]}<\/script>\n<!-- \/ Yoast SEO plugin. -->","yoast_head_json":{"title":"Cirug\u00eda Asequible en M\u00e9xico - Hospital CMQ","description":"M\u00e9xico es un destino preferido por el extranjero para procedimientos m\u00e9dicos asequibles en cardiolog\u00eda, p\u00e9rdida de peso y cirug\u00eda pl\u00e1stica, ortopedia y muchos m\u00e1s.","robots":{"index":"index","follow":"follow","max-snippet":"max-snippet:-1","max-image-preview":"max-image-preview:large","max-video-preview":"max-video-preview:-1"},"canonical":"https:\/\/hospitalcmq.com\/es\/turismo-medico\/cirugia-asequible-en-mexico\/","og_locale":"es_ES","og_type":"article","og_title":"Cirug\u00eda Asequible en M\u00e9xico - Hospital CMQ","og_description":"M\u00e9xico es un destino preferido por el extranjero para procedimientos m\u00e9dicos asequibles en cardiolog\u00eda, p\u00e9rdida de peso y cirug\u00eda pl\u00e1stica, ortopedia y muchos m\u00e1s.","og_url":"https:\/\/hospitalcmq.com\/es\/turismo-medico\/cirugia-asequible-en-mexico\/","og_site_name":"Hospital CMQ","article_publisher":"https:\/\/www.facebook.com\/HospitalCMQ","article_modified_time":"2023-02-27T22:55:49+00:00","og_image":[{"width":214,"height":189,"url":"https:\/\/hospitalcmq.com\/wp-content\/uploads\/2018\/06\/cmq-hospital-logo.png","type":"image\/png"}],"twitter_card":"summary_large_image","twitter_misc":{"Tiempo de lectura":"2 minutos"},"schema":{"@context":"https:\/\/schema.org","@graph":[{"@type":"WebPage","@id":"https:\/\/hospitalcmq.com\/es\/turismo-medico\/cirugia-asequible-en-mexico\/","url":"https:\/\/hospitalcmq.com\/es\/turismo-medico\/cirugia-asequible-en-mexico\/","name":"Cirug\u00eda Asequible en M\u00e9xico - Hospital CMQ","isPartOf":{"@id":"https:\/\/hospitalcmq.com\/es\/#website"},"datePublished":"2019-06-28T18:20:34+00:00","dateModified":"2023-02-27T22:55:49+00:00","description":"M\u00e9xico es un destino preferido por el extranjero para procedimientos m\u00e9dicos asequibles en cardiolog\u00eda, p\u00e9rdida de peso y cirug\u00eda pl\u00e1stica, ortopedia y muchos m\u00e1s.","breadcrumb":{"@id":"https:\/\/hospitalcmq.com\/es\/turismo-medico\/cirugia-asequible-en-mexico\/#breadcrumb"},"inLanguage":"es","potentialAction":[{"@type":"ReadAction","target":["https:\/\/hospitalcmq.com\/es\/turismo-medico\/cirugia-asequible-en-mexico\/"]}]},{"@type":"BreadcrumbList","@id":"https:\/\/hospitalcmq.com\/es\/turismo-medico\/cirugia-asequible-en-mexico\/#breadcrumb","itemListElement":[{"@type":"ListItem","position":1,"name":"Home","item":"https:\/\/hospitalcmq.com\/es\/"},{"@type":"ListItem","position":2,"name":"Turismo M\u00e9dico","item":"https:\/\/hospitalcmq.com\/es\/turismo-medico\/"},{"@type":"ListItem","position":3,"name":"Cirug\u00eda Asequible en M\u00e9xico"}]},{"@type":"WebSite","@id":"https:\/\/hospitalcmq.com\/es\/#website","url":"https:\/\/hospitalcmq.com\/es\/","name":"Hospital CMQ","description":"Best Hospitals in Puerto Vallarta &amp; Riviera Nayarit","publisher":{"@id":"https:\/\/hospitalcmq.com\/es\/#organization"},"potentialAction":[{"@type":"SearchAction","target":{"@type":"EntryPoint","urlTemplate":"https:\/\/hospitalcmq.com\/es\/?s={search_term_string}"},"query-input":{"@type":"PropertyValueSpecification","valueRequired":true,"valueName":"search_term_string"}}],"inLanguage":"es"},{"@type":"Organization","@id":"https:\/\/hospitalcmq.com\/es\/#organization","name":"Hospital CMQ","url":"https:\/\/hospitalcmq.com\/es\/","logo":{"@type":"ImageObject","inLanguage":"es","@id":"https:\/\/hospitalcmq.com\/es\/#\/schema\/logo\/image\/","url":"https:\/\/hospitalcmq.com\/wp-content\/uploads\/2018\/06\/cmq-hospital-logo.png","contentUrl":"https:\/\/hospitalcmq.com\/wp-content\/uploads\/2018\/06\/cmq-hospital-logo.png","width":214,"height":189,"caption":"Hospital CMQ"},"image":{"@id":"https:\/\/hospitalcmq.com\/es\/#\/schema\/logo\/image\/"},"sameAs":["https:\/\/www.facebook.com\/HospitalCMQ"]}]}},"_links":{"self":[{"href":"https:\/\/hospitalcmq.com\/es\/wp-json\/wp\/v2\/pages\/6318","targetHints":{"allow":["GET"]}}],"collection":[{"href":"https:\/\/hospitalcmq.com\/es\/wp-json\/wp\/v2\/pages"}],"about":[{"href":"https:\/\/hospitalcmq.com\/es\/wp-json\/wp\/v2\/types\/page"}],"author":[{"embeddable":true,"href":"https:\/\/hospitalcmq.com\/es\/wp-json\/wp\/v2\/users\/2"}],"replies":[{"embeddable":true,"href":"https:\/\/hospitalcmq.com\/es\/wp-json\/wp\/v2\/comments?post=6318"}],"version-history":[{"count":0,"href":"https:\/\/hospitalcmq.com\/es\/wp-json\/wp\/v2\/pages\/6318\/revisions"}],"up":[{"embeddable":true,"href":"https:\/\/hospitalcmq.com\/es\/wp-json\/wp\/v2\/pages\/4175"}],"wp:attachment":[{"href":"https:\/\/hospitalcmq.com\/es\/wp-json\/wp\/v2\/media?parent=6318"}],"curies":[{"name":"wp","href":"https:\/\/api.w.org\/{rel}","templated":true}]}}