{"id":6315,"date":"2019-06-26T12:29:02","date_gmt":"2019-06-26T17:29:02","guid":{"rendered":"https:\/\/hospitalcmq.com\/?page_id=6315"},"modified":"2024-05-17T12:04:30","modified_gmt":"2024-05-17T18:04:30","slug":"manga-gastrica","status":"publish","type":"page","link":"https:\/\/hospitalcmq.com\/es\/turismo-medico\/manga-gastrica\/","title":{"rendered":"Manga G\u00e1strica"},"content":{"rendered":"<div class=\"wpb-content-wrapper\"><p>[vc_row][vc_column][vc_column_text]\u00bfQu\u00e9 es una manga g\u00e1strica? Es un procedimiento restrictivo donde se realiza una reducci\u00f3n de aproximadamente el 75% del tama\u00f1o del est\u00f3mago, por lo que se logra una excelente p\u00e9rdida de peso. Se realiza por medio laparoscopio y es un procedimiento m\u00ednimamente invasivo. Esta t\u00e9cnica es ideal para aquellos candidatos que poseen un \u00edndice de masa corporal mayor a 40. Es decir, es recomendable para personas con m\u00e1s de 40 kilos de sobrepeso.<\/p>\n<p>La intervenci\u00f3n quir\u00fargica de manga g\u00e1strica suele hacerse por laparoscopia y tiene una duraci\u00f3n entre 60 y 90 minutos. El cirujano realiza entre 2 y 5 incisiones en el abdomen, a trav\u00e9s de los cuales se introduce el laparoscopio con una peque\u00f1a c\u00e1mara para poder observar el interior del abdomen. Posteriormente, se realiza la extirpaci\u00f3n de mayor parte del est\u00f3mago, dejando una forma de tubo vertical. Es un procedimiento irreversible.[\/vc_column_text][vc_empty_space][vc_column_text]<\/p>\n<h2><img loading=\"lazy\" decoding=\"async\" class=\"alignright wp-image-3021 size-full\" src=\"https:\/\/hospitalcmq.com\/wp-content\/uploads\/2018\/07\/bariatric-thumb-1.jpg\" alt=\"bariatric surgery vallarta\" width=\"470\" height=\"260\" \/><\/h2>\n<h2>Beneficios de una Cirug\u00eda de Manga G\u00e1strica<\/h2>\n<ul>\n<li style=\"font-weight: 400;\">Se remueve la porci\u00f3n del est\u00f3mago que produce la hormona del apetito.<\/li>\n<li style=\"font-weight: 400;\">El est\u00f3mago es reducido en volumen, pero funciona con normalidad.<\/li>\n<li style=\"font-weight: 400;\">Es la t\u00e9cnica m\u00e1s segura para combatir la obesidad con un \u00edndice de masa corporal IMC mayor de 40.<\/li>\n<li style=\"font-weight: 400;\">La recuperaci\u00f3n es r\u00e1pida, la mayor\u00eda de los pacientes son dados de alta al siguiente d\u00eda.<\/li>\n<li style=\"font-weight: 400;\">Mejora significativamente la mayor\u00eda de las enfermedades metab\u00f3licas.<\/li>\n<\/ul>\n<p>[\/vc_column_text][vc_empty_space][\/vc_column][\/vc_row][vc_row][vc_column][vc_column_text]<\/p>\n<h3>Cuidados despu\u00e9s de la Cirug\u00eda de Manga G\u00e1strica<\/h3>\n<p>Normalmente puedes regresar a casa un d\u00eda o dos d\u00edas despu\u00e9s de la cirug\u00eda. Tu cirujano te recomendar\u00e1 analg\u00e9sicos para tratar el dolor e incomodidad. Se te prescribir\u00e1 una dieta l\u00edquida y poco a poco deber\u00e1s introducir alimentos s\u00f3lidos. Esta dieta est\u00e1 controlada por un nutricionista y obtener as\u00ed, tus resultados deseados.[\/vc_column_text][\/vc_column][\/vc_row]<\/p>\n<\/div>","protected":false},"excerpt":{"rendered":"<p>La manga g\u00e1strica o la manga es una t\u00e9cnica utilizada principalmente en pacientes con obesidad m\u00f3rbida. En este procedimiento se remueve de 75 a 80 por ciento del est\u00f3mago, con el fin de dejar un largo est\u00f3mago de forma tubular, el cual conecta al es\u00f3fago con el intestino delgado. Esta t\u00e9cnica no altera el sistema digestivo, lo que permite una recuperaci\u00f3n r\u00e1pida despu\u00e9s de la cirug\u00eda de manga g\u00e1strica. Conoce aqu\u00ed los pros y contras de este procedimiento.  <\/p>\n","protected":false},"author":2,"featured_media":0,"parent":4175,"menu_order":0,"comment_status":"closed","ping_status":"closed","template":"","meta":{"footnotes":""},"class_list":["post-6315","page","type-page","status-publish","hentry"],"acf":[],"yoast_head":"<!-- This site is optimized with the Yoast SEO plugin v27.3 - https:\/\/yoast.com\/product\/yoast-seo-wordpress\/ -->\n<title>Manga G\u00e1strica: la Cirug\u00eda de p\u00e9rdida de peso que cambiar\u00e1 tu vida<\/title>\n<meta name=\"description\" content=\"La cirug\u00eda de manga g\u00e1strica que puede cambiar tu vida est\u00e1 a un vuelo de distancia. En Hospital CMQ tenemos el equipo perfecto para tu p\u00e9rdida de peso.\" \/>\n<meta name=\"robots\" content=\"index, follow, max-snippet:-1, max-image-preview:large, max-video-preview:-1\" \/>\n<link rel=\"canonical\" href=\"https:\/\/hospitalcmq.com\/es\/turismo-medico\/manga-gastrica\/\" \/>\n<meta property=\"og:locale\" content=\"es_ES\" \/>\n<meta property=\"og:type\" content=\"article\" \/>\n<meta property=\"og:title\" content=\"Manga G\u00e1strica: la Cirug\u00eda de p\u00e9rdida de peso que cambiar\u00e1 tu vida\" \/>\n<meta property=\"og:description\" content=\"La cirug\u00eda de manga g\u00e1strica que puede cambiar tu vida est\u00e1 a un vuelo de distancia. En Hospital CMQ tenemos el equipo perfecto para tu p\u00e9rdida de peso.\" \/>\n<meta property=\"og:url\" content=\"https:\/\/hospitalcmq.com\/es\/turismo-medico\/manga-gastrica\/\" \/>\n<meta property=\"og:site_name\" content=\"Hospital CMQ\" \/>\n<meta property=\"article:publisher\" content=\"https:\/\/www.facebook.com\/HospitalCMQ\" \/>\n<meta property=\"article:modified_time\" content=\"2024-05-17T18:04:30+00:00\" \/>\n<meta property=\"og:image\" content=\"https:\/\/hospitalcmq.com\/wp-content\/uploads\/2018\/07\/bariatric-thumb-1.jpg\" \/>\n<meta name=\"twitter:card\" content=\"summary_large_image\" \/>\n<meta name=\"twitter:label1\" content=\"Tiempo de lectura\" \/>\n\t<meta name=\"twitter:data1\" content=\"2 minutos\" \/>\n<script type=\"application\/ld+json\" class=\"yoast-schema-graph\">{\"@context\":\"https:\\\/\\\/schema.org\",\"@graph\":[{\"@type\":\"WebPage\",\"@id\":\"https:\\\/\\\/hospitalcmq.com\\\/es\\\/turismo-medico\\\/manga-gastrica\\\/\",\"url\":\"https:\\\/\\\/hospitalcmq.com\\\/es\\\/turismo-medico\\\/manga-gastrica\\\/\",\"name\":\"Manga G\u00e1strica: la Cirug\u00eda de p\u00e9rdida de peso que cambiar\u00e1 tu vida\",\"isPartOf\":{\"@id\":\"https:\\\/\\\/hospitalcmq.com\\\/es\\\/#website\"},\"primaryImageOfPage\":{\"@id\":\"https:\\\/\\\/hospitalcmq.com\\\/es\\\/turismo-medico\\\/manga-gastrica\\\/#primaryimage\"},\"image\":{\"@id\":\"https:\\\/\\\/hospitalcmq.com\\\/es\\\/turismo-medico\\\/manga-gastrica\\\/#primaryimage\"},\"thumbnailUrl\":\"https:\\\/\\\/hospitalcmq.com\\\/wp-content\\\/uploads\\\/2018\\\/07\\\/bariatric-thumb-1.jpg\",\"datePublished\":\"2019-06-26T17:29:02+00:00\",\"dateModified\":\"2024-05-17T18:04:30+00:00\",\"description\":\"La cirug\u00eda de manga g\u00e1strica que puede cambiar tu vida est\u00e1 a un vuelo de distancia. En Hospital CMQ tenemos el equipo perfecto para tu p\u00e9rdida de peso.\",\"breadcrumb\":{\"@id\":\"https:\\\/\\\/hospitalcmq.com\\\/es\\\/turismo-medico\\\/manga-gastrica\\\/#breadcrumb\"},\"inLanguage\":\"es\",\"potentialAction\":[{\"@type\":\"ReadAction\",\"target\":[\"https:\\\/\\\/hospitalcmq.com\\\/es\\\/turismo-medico\\\/manga-gastrica\\\/\"]}]},{\"@type\":\"ImageObject\",\"inLanguage\":\"es\",\"@id\":\"https:\\\/\\\/hospitalcmq.com\\\/es\\\/turismo-medico\\\/manga-gastrica\\\/#primaryimage\",\"url\":\"https:\\\/\\\/hospitalcmq.com\\\/wp-content\\\/uploads\\\/2018\\\/07\\\/bariatric-thumb-1.jpg\",\"contentUrl\":\"https:\\\/\\\/hospitalcmq.com\\\/wp-content\\\/uploads\\\/2018\\\/07\\\/bariatric-thumb-1.jpg\"},{\"@type\":\"BreadcrumbList\",\"@id\":\"https:\\\/\\\/hospitalcmq.com\\\/es\\\/turismo-medico\\\/manga-gastrica\\\/#breadcrumb\",\"itemListElement\":[{\"@type\":\"ListItem\",\"position\":1,\"name\":\"Home\",\"item\":\"https:\\\/\\\/hospitalcmq.com\\\/es\\\/\"},{\"@type\":\"ListItem\",\"position\":2,\"name\":\"Turismo M\u00e9dico\",\"item\":\"https:\\\/\\\/hospitalcmq.com\\\/es\\\/turismo-medico\\\/\"},{\"@type\":\"ListItem\",\"position\":3,\"name\":\"Manga G\u00e1strica\"}]},{\"@type\":\"WebSite\",\"@id\":\"https:\\\/\\\/hospitalcmq.com\\\/es\\\/#website\",\"url\":\"https:\\\/\\\/hospitalcmq.com\\\/es\\\/\",\"name\":\"Hospital CMQ\",\"description\":\"Best Hospitals in Puerto Vallarta &amp; Riviera Nayarit\",\"publisher\":{\"@id\":\"https:\\\/\\\/hospitalcmq.com\\\/es\\\/#organization\"},\"potentialAction\":[{\"@type\":\"SearchAction\",\"target\":{\"@type\":\"EntryPoint\",\"urlTemplate\":\"https:\\\/\\\/hospitalcmq.com\\\/es\\\/?s={search_term_string}\"},\"query-input\":{\"@type\":\"PropertyValueSpecification\",\"valueRequired\":true,\"valueName\":\"search_term_string\"}}],\"inLanguage\":\"es\"},{\"@type\":\"Organization\",\"@id\":\"https:\\\/\\\/hospitalcmq.com\\\/es\\\/#organization\",\"name\":\"Hospital CMQ\",\"url\":\"https:\\\/\\\/hospitalcmq.com\\\/es\\\/\",\"logo\":{\"@type\":\"ImageObject\",\"inLanguage\":\"es\",\"@id\":\"https:\\\/\\\/hospitalcmq.com\\\/es\\\/#\\\/schema\\\/logo\\\/image\\\/\",\"url\":\"https:\\\/\\\/hospitalcmq.com\\\/wp-content\\\/uploads\\\/2018\\\/06\\\/cmq-hospital-logo.png\",\"contentUrl\":\"https:\\\/\\\/hospitalcmq.com\\\/wp-content\\\/uploads\\\/2018\\\/06\\\/cmq-hospital-logo.png\",\"width\":214,\"height\":189,\"caption\":\"Hospital CMQ\"},\"image\":{\"@id\":\"https:\\\/\\\/hospitalcmq.com\\\/es\\\/#\\\/schema\\\/logo\\\/image\\\/\"},\"sameAs\":[\"https:\\\/\\\/www.facebook.com\\\/HospitalCMQ\"]}]}<\/script>\n<!-- \/ Yoast SEO plugin. -->","yoast_head_json":{"title":"Manga G\u00e1strica: la Cirug\u00eda de p\u00e9rdida de peso que cambiar\u00e1 tu vida","description":"La cirug\u00eda de manga g\u00e1strica que puede cambiar tu vida est\u00e1 a un vuelo de distancia. En Hospital CMQ tenemos el equipo perfecto para tu p\u00e9rdida de peso.","robots":{"index":"index","follow":"follow","max-snippet":"max-snippet:-1","max-image-preview":"max-image-preview:large","max-video-preview":"max-video-preview:-1"},"canonical":"https:\/\/hospitalcmq.com\/es\/turismo-medico\/manga-gastrica\/","og_locale":"es_ES","og_type":"article","og_title":"Manga G\u00e1strica: la Cirug\u00eda de p\u00e9rdida de peso que cambiar\u00e1 tu vida","og_description":"La cirug\u00eda de manga g\u00e1strica que puede cambiar tu vida est\u00e1 a un vuelo de distancia. En Hospital CMQ tenemos el equipo perfecto para tu p\u00e9rdida de peso.","og_url":"https:\/\/hospitalcmq.com\/es\/turismo-medico\/manga-gastrica\/","og_site_name":"Hospital CMQ","article_publisher":"https:\/\/www.facebook.com\/HospitalCMQ","article_modified_time":"2024-05-17T18:04:30+00:00","og_image":[{"url":"https:\/\/hospitalcmq.com\/wp-content\/uploads\/2018\/07\/bariatric-thumb-1.jpg","type":"","width":"","height":""}],"twitter_card":"summary_large_image","twitter_misc":{"Tiempo de lectura":"2 minutos"},"schema":{"@context":"https:\/\/schema.org","@graph":[{"@type":"WebPage","@id":"https:\/\/hospitalcmq.com\/es\/turismo-medico\/manga-gastrica\/","url":"https:\/\/hospitalcmq.com\/es\/turismo-medico\/manga-gastrica\/","name":"Manga G\u00e1strica: la Cirug\u00eda de p\u00e9rdida de peso que cambiar\u00e1 tu vida","isPartOf":{"@id":"https:\/\/hospitalcmq.com\/es\/#website"},"primaryImageOfPage":{"@id":"https:\/\/hospitalcmq.com\/es\/turismo-medico\/manga-gastrica\/#primaryimage"},"image":{"@id":"https:\/\/hospitalcmq.com\/es\/turismo-medico\/manga-gastrica\/#primaryimage"},"thumbnailUrl":"https:\/\/hospitalcmq.com\/wp-content\/uploads\/2018\/07\/bariatric-thumb-1.jpg","datePublished":"2019-06-26T17:29:02+00:00","dateModified":"2024-05-17T18:04:30+00:00","description":"La cirug\u00eda de manga g\u00e1strica que puede cambiar tu vida est\u00e1 a un vuelo de distancia. En Hospital CMQ tenemos el equipo perfecto para tu p\u00e9rdida de peso.","breadcrumb":{"@id":"https:\/\/hospitalcmq.com\/es\/turismo-medico\/manga-gastrica\/#breadcrumb"},"inLanguage":"es","potentialAction":[{"@type":"ReadAction","target":["https:\/\/hospitalcmq.com\/es\/turismo-medico\/manga-gastrica\/"]}]},{"@type":"ImageObject","inLanguage":"es","@id":"https:\/\/hospitalcmq.com\/es\/turismo-medico\/manga-gastrica\/#primaryimage","url":"https:\/\/hospitalcmq.com\/wp-content\/uploads\/2018\/07\/bariatric-thumb-1.jpg","contentUrl":"https:\/\/hospitalcmq.com\/wp-content\/uploads\/2018\/07\/bariatric-thumb-1.jpg"},{"@type":"BreadcrumbList","@id":"https:\/\/hospitalcmq.com\/es\/turismo-medico\/manga-gastrica\/#breadcrumb","itemListElement":[{"@type":"ListItem","position":1,"name":"Home","item":"https:\/\/hospitalcmq.com\/es\/"},{"@type":"ListItem","position":2,"name":"Turismo M\u00e9dico","item":"https:\/\/hospitalcmq.com\/es\/turismo-medico\/"},{"@type":"ListItem","position":3,"name":"Manga G\u00e1strica"}]},{"@type":"WebSite","@id":"https:\/\/hospitalcmq.com\/es\/#website","url":"https:\/\/hospitalcmq.com\/es\/","name":"Hospital CMQ","description":"Best Hospitals in Puerto Vallarta &amp; Riviera Nayarit","publisher":{"@id":"https:\/\/hospitalcmq.com\/es\/#organization"},"potentialAction":[{"@type":"SearchAction","target":{"@type":"EntryPoint","urlTemplate":"https:\/\/hospitalcmq.com\/es\/?s={search_term_string}"},"query-input":{"@type":"PropertyValueSpecification","valueRequired":true,"valueName":"search_term_string"}}],"inLanguage":"es"},{"@type":"Organization","@id":"https:\/\/hospitalcmq.com\/es\/#organization","name":"Hospital CMQ","url":"https:\/\/hospitalcmq.com\/es\/","logo":{"@type":"ImageObject","inLanguage":"es","@id":"https:\/\/hospitalcmq.com\/es\/#\/schema\/logo\/image\/","url":"https:\/\/hospitalcmq.com\/wp-content\/uploads\/2018\/06\/cmq-hospital-logo.png","contentUrl":"https:\/\/hospitalcmq.com\/wp-content\/uploads\/2018\/06\/cmq-hospital-logo.png","width":214,"height":189,"caption":"Hospital CMQ"},"image":{"@id":"https:\/\/hospitalcmq.com\/es\/#\/schema\/logo\/image\/"},"sameAs":["https:\/\/www.facebook.com\/HospitalCMQ"]}]}},"_links":{"self":[{"href":"https:\/\/hospitalcmq.com\/es\/wp-json\/wp\/v2\/pages\/6315","targetHints":{"allow":["GET"]}}],"collection":[{"href":"https:\/\/hospitalcmq.com\/es\/wp-json\/wp\/v2\/pages"}],"about":[{"href":"https:\/\/hospitalcmq.com\/es\/wp-json\/wp\/v2\/types\/page"}],"author":[{"embeddable":true,"href":"https:\/\/hospitalcmq.com\/es\/wp-json\/wp\/v2\/users\/2"}],"replies":[{"embeddable":true,"href":"https:\/\/hospitalcmq.com\/es\/wp-json\/wp\/v2\/comments?post=6315"}],"version-history":[{"count":0,"href":"https:\/\/hospitalcmq.com\/es\/wp-json\/wp\/v2\/pages\/6315\/revisions"}],"up":[{"embeddable":true,"href":"https:\/\/hospitalcmq.com\/es\/wp-json\/wp\/v2\/pages\/4175"}],"wp:attachment":[{"href":"https:\/\/hospitalcmq.com\/es\/wp-json\/wp\/v2\/media?parent=6315"}],"curies":[{"name":"wp","href":"https:\/\/api.w.org\/{rel}","templated":true}]}}