{"id":6313,"date":"2019-06-26T12:26:50","date_gmt":"2019-06-26T17:26:50","guid":{"rendered":"https:\/\/hospitalcmq.com\/?page_id=6313"},"modified":"2024-05-17T12:03:39","modified_gmt":"2024-05-17T18:03:39","slug":"bypass-gastrico","status":"publish","type":"page","link":"https:\/\/hospitalcmq.com\/es\/turismo-medico\/bypass-gastrico\/","title":{"rendered":"Bypass G\u00e1strico"},"content":{"rendered":"<div class=\"wpb-content-wrapper\"><p>[vc_row][vc_column][vc_column_text]El bypass g\u00e1strico, tambi\u00e9n denominado \u00abbypass g\u00e1strico en Y de Roux,\u00bb es un tipo de cirug\u00eda de p\u00e9rdida de peso m\u00e1s frecuente en Estados Unidos. Se realiza cuando no ha funcionado seguir una dieta ni hacer ejercicio o si tienes problemas de salud graves.<\/p>\n<p><span style=\"font-weight: 400;\">Este es el tipo de cirug\u00eda bari\u00e1trica m\u00e1s compleja, ya que implica crear un peque\u00f1o saco desde el est\u00f3mago y conectar el saco reci\u00e9n creado directamente con el intestino delgado. La forma en que funciona es que tu cirujano engrapa el est\u00f3mago, creando una bolsa en la secci\u00f3n superior que funciona est\u00f3mago principal. Posteriormente se corta el intestino delgado y se une con la bolsa del est\u00f3mago creado. Esto provoca que la comida termine salt\u00e1ndose la mayor parte del est\u00f3mago y el intestino delgado superior.\u00a0<\/span><\/p>\n<p>Despu\u00e9s del bypass g\u00e1strico, los alimentos ingeridos entrar\u00e1n en este peque\u00f1o saco de est\u00f3mago y luego pasar\u00e1n directamente al intestino delgado, de modo que evitan la mayor parte del est\u00f3mago y la primera secci\u00f3n del intestino delgado.[\/vc_column_text][vc_empty_space][vc_column_text]<\/p>\n<h2><img loading=\"lazy\" decoding=\"async\" class=\"size-full wp-image-2198 alignright\" src=\"https:\/\/hospitalcmq.com\/wp-content\/uploads\/2018\/02\/ebebeb-1.jpg\" alt=\"\" width=\"470\" height=\"260\" \/><\/h2>\n<h2>Pros y Contras de una Cirug\u00eda de Bypass G\u00e1strico<\/h2>\n<p><strong>Pros:<\/strong><\/p>\n<ul>\n<li style=\"font-weight: 400;\"><span style=\"font-weight: 400;\">M\u00e1s p\u00e9rdida de peso que la banda g\u00e1strica<\/span><\/li>\n<li style=\"font-weight: 400;\"><span style=\"font-weight: 400;\">No se insertan materiales ajenos al cuerpo.\u00a0<\/span><\/li>\n<\/ul>\n<p><strong>Contras:<\/strong><\/p>\n<ul>\n<li style=\"font-weight: 400;\"><span style=\"font-weight: 400;\">Grave escasez de vitaminas y multinutrientes.<\/span><\/li>\n<li style=\"font-weight: 400;\"><span style=\"font-weight: 400;\">Problemas relacionados con la cirug\u00eda.\u00a0<\/span><\/li>\n<\/ul>\n<p>[\/vc_column_text][vc_empty_space][\/vc_column][\/vc_row][vc_row][vc_column][vc_column_text]<\/p>\n<h3>\u00bfPor qu\u00e9 se realiza?<\/h3>\n<p>El bypass g\u00e1strico se realiza para ayudar a perder el exceso de peso y reducir complicaciones relacionados con el mismo que pueden poner en riesgo la vida, como los siguientes:<\/p>\n<ul>\n<li>Enfermedad card\u00edaca.<\/li>\n<li>Presi\u00f3n arterial alta.<\/li>\n<li>Nivel de colesterol alto.<\/li>\n<li>Apnea obstructiva del sue\u00f1o.<\/li>\n<li>Diabetes Tipo 2.<\/li>\n<li>Accidente cerebrovascular.<\/li>\n<li>Enfermedad por reflujo gastroesof\u00e1gico.<\/li>\n<\/ul>\n<p>[\/vc_column_text][vc_empty_space][\/vc_column][\/vc_row][vc_row][vc_column][\/vc_column][\/vc_row][vc_row][vc_column][vc_column_text]<\/p>\n<h3>\u00bfA qui\u00e9n se recomienda la cirug\u00eda de bypass g\u00e1strico?<\/h3>\n<p>El bypass g\u00e1strico, como otras cirug\u00edas para la p\u00e9rdida de peso podr\u00edan ser una opci\u00f3n adecuada para ti en los siguientes casos:<\/p>\n<ul>\n<li>Si tu \u00edndice de masa corporal <em>(IMC)<\/em> es de 40 o m\u00e1s.<\/li>\n<li>Si tu \u00edndice de masa corporal est\u00e1 entre 35 y 39, y padeces de un problema de salud grave relacionado con el peso; como diabetes tipo 2, presi\u00f3n arterial alta o apnea del sue\u00f1o.<\/li>\n<\/ul>\n<p>No obstante, el bypass g\u00e1strico no es para cualquier persona con sobrepeso u obesidad. Es necesario que cumplas con ciertas pautas m\u00e9dicas para que se te considere apto para la cirug\u00eda. Asimismo, debes estar dispuesto a realizar cambios permanentes para llevar un estilo de vida sano.[\/vc_column_text][\/vc_column][\/vc_row]<\/p>\n<\/div>","protected":false},"excerpt":{"rendered":"<p>La cirug\u00eda de bypass g\u00e1strico es considerada de tipo complejo, ya que la forma y el tama\u00f1o del est\u00f3mago se ven alterados. Trata de forma exitosa y definitiva la obesidad. Los beneficios que se obtienen por esta cirug\u00eda superan las complicaciones y el riesgo. No obstante, es de suma importancia que acudas a una valoraci\u00f3n con un experto en cirug\u00eda bari\u00e1trica y te informes ampliamente de este procedimiento.<\/p>\n","protected":false},"author":2,"featured_media":0,"parent":4175,"menu_order":0,"comment_status":"closed","ping_status":"closed","template":"","meta":{"footnotes":""},"class_list":["post-6313","page","type-page","status-publish","hentry"],"acf":[],"yoast_head":"<!-- This site is optimized with the Yoast SEO plugin v27.3 - https:\/\/yoast.com\/product\/yoast-seo-wordpress\/ -->\n<title>\u00bfEst\u00e1s listo para un bypass g\u00e1strico? \u00a1Ent\u00e9rate aqu\u00ed!<\/title>\n<meta name=\"description\" content=\"\u00bfEn qu\u00e9 consiste el bypass g\u00e1strico? Ven a Hospitales CMQ, contamos con especialistas certificados en cirug\u00eda de obesidad disponibles para ti.\" \/>\n<meta name=\"robots\" content=\"index, follow, max-snippet:-1, max-image-preview:large, max-video-preview:-1\" \/>\n<link rel=\"canonical\" href=\"https:\/\/hospitalcmq.com\/es\/turismo-medico\/bypass-gastrico\/\" \/>\n<meta property=\"og:locale\" content=\"es_ES\" \/>\n<meta property=\"og:type\" content=\"article\" \/>\n<meta property=\"og:title\" content=\"\u00bfEst\u00e1s listo para un bypass g\u00e1strico? \u00a1Ent\u00e9rate aqu\u00ed!\" \/>\n<meta property=\"og:description\" content=\"\u00bfEn qu\u00e9 consiste el bypass g\u00e1strico? Ven a Hospitales CMQ, contamos con especialistas certificados en cirug\u00eda de obesidad disponibles para ti.\" \/>\n<meta property=\"og:url\" content=\"https:\/\/hospitalcmq.com\/es\/turismo-medico\/bypass-gastrico\/\" \/>\n<meta property=\"og:site_name\" content=\"Hospital CMQ\" \/>\n<meta property=\"article:publisher\" content=\"https:\/\/www.facebook.com\/HospitalCMQ\" \/>\n<meta property=\"article:modified_time\" content=\"2024-05-17T18:03:39+00:00\" \/>\n<meta property=\"og:image\" content=\"https:\/\/hospitalcmq.com\/wp-content\/uploads\/2018\/02\/ebebeb-1.jpg\" \/>\n<meta name=\"twitter:card\" content=\"summary_large_image\" \/>\n<meta name=\"twitter:label1\" content=\"Tiempo de lectura\" \/>\n\t<meta name=\"twitter:data1\" content=\"2 minutos\" \/>\n<script type=\"application\/ld+json\" class=\"yoast-schema-graph\">{\"@context\":\"https:\\\/\\\/schema.org\",\"@graph\":[{\"@type\":\"WebPage\",\"@id\":\"https:\\\/\\\/hospitalcmq.com\\\/es\\\/turismo-medico\\\/bypass-gastrico\\\/\",\"url\":\"https:\\\/\\\/hospitalcmq.com\\\/es\\\/turismo-medico\\\/bypass-gastrico\\\/\",\"name\":\"\u00bfEst\u00e1s listo para un bypass g\u00e1strico? \u00a1Ent\u00e9rate aqu\u00ed!\",\"isPartOf\":{\"@id\":\"https:\\\/\\\/hospitalcmq.com\\\/es\\\/#website\"},\"primaryImageOfPage\":{\"@id\":\"https:\\\/\\\/hospitalcmq.com\\\/es\\\/turismo-medico\\\/bypass-gastrico\\\/#primaryimage\"},\"image\":{\"@id\":\"https:\\\/\\\/hospitalcmq.com\\\/es\\\/turismo-medico\\\/bypass-gastrico\\\/#primaryimage\"},\"thumbnailUrl\":\"https:\\\/\\\/hospitalcmq.com\\\/wp-content\\\/uploads\\\/2018\\\/02\\\/ebebeb-1.jpg\",\"datePublished\":\"2019-06-26T17:26:50+00:00\",\"dateModified\":\"2024-05-17T18:03:39+00:00\",\"description\":\"\u00bfEn qu\u00e9 consiste el bypass g\u00e1strico? Ven a Hospitales CMQ, contamos con especialistas certificados en cirug\u00eda de obesidad disponibles para ti.\",\"breadcrumb\":{\"@id\":\"https:\\\/\\\/hospitalcmq.com\\\/es\\\/turismo-medico\\\/bypass-gastrico\\\/#breadcrumb\"},\"inLanguage\":\"es\",\"potentialAction\":[{\"@type\":\"ReadAction\",\"target\":[\"https:\\\/\\\/hospitalcmq.com\\\/es\\\/turismo-medico\\\/bypass-gastrico\\\/\"]}]},{\"@type\":\"ImageObject\",\"inLanguage\":\"es\",\"@id\":\"https:\\\/\\\/hospitalcmq.com\\\/es\\\/turismo-medico\\\/bypass-gastrico\\\/#primaryimage\",\"url\":\"https:\\\/\\\/hospitalcmq.com\\\/wp-content\\\/uploads\\\/2018\\\/02\\\/ebebeb-1.jpg\",\"contentUrl\":\"https:\\\/\\\/hospitalcmq.com\\\/wp-content\\\/uploads\\\/2018\\\/02\\\/ebebeb-1.jpg\"},{\"@type\":\"BreadcrumbList\",\"@id\":\"https:\\\/\\\/hospitalcmq.com\\\/es\\\/turismo-medico\\\/bypass-gastrico\\\/#breadcrumb\",\"itemListElement\":[{\"@type\":\"ListItem\",\"position\":1,\"name\":\"Home\",\"item\":\"https:\\\/\\\/hospitalcmq.com\\\/es\\\/\"},{\"@type\":\"ListItem\",\"position\":2,\"name\":\"Turismo M\u00e9dico\",\"item\":\"https:\\\/\\\/hospitalcmq.com\\\/es\\\/turismo-medico\\\/\"},{\"@type\":\"ListItem\",\"position\":3,\"name\":\"Bypass G\u00e1strico\"}]},{\"@type\":\"WebSite\",\"@id\":\"https:\\\/\\\/hospitalcmq.com\\\/es\\\/#website\",\"url\":\"https:\\\/\\\/hospitalcmq.com\\\/es\\\/\",\"name\":\"Hospital CMQ\",\"description\":\"Best Hospitals in Puerto Vallarta &amp; Riviera Nayarit\",\"publisher\":{\"@id\":\"https:\\\/\\\/hospitalcmq.com\\\/es\\\/#organization\"},\"potentialAction\":[{\"@type\":\"SearchAction\",\"target\":{\"@type\":\"EntryPoint\",\"urlTemplate\":\"https:\\\/\\\/hospitalcmq.com\\\/es\\\/?s={search_term_string}\"},\"query-input\":{\"@type\":\"PropertyValueSpecification\",\"valueRequired\":true,\"valueName\":\"search_term_string\"}}],\"inLanguage\":\"es\"},{\"@type\":\"Organization\",\"@id\":\"https:\\\/\\\/hospitalcmq.com\\\/es\\\/#organization\",\"name\":\"Hospital CMQ\",\"url\":\"https:\\\/\\\/hospitalcmq.com\\\/es\\\/\",\"logo\":{\"@type\":\"ImageObject\",\"inLanguage\":\"es\",\"@id\":\"https:\\\/\\\/hospitalcmq.com\\\/es\\\/#\\\/schema\\\/logo\\\/image\\\/\",\"url\":\"https:\\\/\\\/hospitalcmq.com\\\/wp-content\\\/uploads\\\/2018\\\/06\\\/cmq-hospital-logo.png\",\"contentUrl\":\"https:\\\/\\\/hospitalcmq.com\\\/wp-content\\\/uploads\\\/2018\\\/06\\\/cmq-hospital-logo.png\",\"width\":214,\"height\":189,\"caption\":\"Hospital CMQ\"},\"image\":{\"@id\":\"https:\\\/\\\/hospitalcmq.com\\\/es\\\/#\\\/schema\\\/logo\\\/image\\\/\"},\"sameAs\":[\"https:\\\/\\\/www.facebook.com\\\/HospitalCMQ\"]}]}<\/script>\n<!-- \/ Yoast SEO plugin. -->","yoast_head_json":{"title":"\u00bfEst\u00e1s listo para un bypass g\u00e1strico? \u00a1Ent\u00e9rate aqu\u00ed!","description":"\u00bfEn qu\u00e9 consiste el bypass g\u00e1strico? Ven a Hospitales CMQ, contamos con especialistas certificados en cirug\u00eda de obesidad disponibles para ti.","robots":{"index":"index","follow":"follow","max-snippet":"max-snippet:-1","max-image-preview":"max-image-preview:large","max-video-preview":"max-video-preview:-1"},"canonical":"https:\/\/hospitalcmq.com\/es\/turismo-medico\/bypass-gastrico\/","og_locale":"es_ES","og_type":"article","og_title":"\u00bfEst\u00e1s listo para un bypass g\u00e1strico? \u00a1Ent\u00e9rate aqu\u00ed!","og_description":"\u00bfEn qu\u00e9 consiste el bypass g\u00e1strico? Ven a Hospitales CMQ, contamos con especialistas certificados en cirug\u00eda de obesidad disponibles para ti.","og_url":"https:\/\/hospitalcmq.com\/es\/turismo-medico\/bypass-gastrico\/","og_site_name":"Hospital CMQ","article_publisher":"https:\/\/www.facebook.com\/HospitalCMQ","article_modified_time":"2024-05-17T18:03:39+00:00","og_image":[{"url":"https:\/\/hospitalcmq.com\/wp-content\/uploads\/2018\/02\/ebebeb-1.jpg","type":"","width":"","height":""}],"twitter_card":"summary_large_image","twitter_misc":{"Tiempo de lectura":"2 minutos"},"schema":{"@context":"https:\/\/schema.org","@graph":[{"@type":"WebPage","@id":"https:\/\/hospitalcmq.com\/es\/turismo-medico\/bypass-gastrico\/","url":"https:\/\/hospitalcmq.com\/es\/turismo-medico\/bypass-gastrico\/","name":"\u00bfEst\u00e1s listo para un bypass g\u00e1strico? \u00a1Ent\u00e9rate aqu\u00ed!","isPartOf":{"@id":"https:\/\/hospitalcmq.com\/es\/#website"},"primaryImageOfPage":{"@id":"https:\/\/hospitalcmq.com\/es\/turismo-medico\/bypass-gastrico\/#primaryimage"},"image":{"@id":"https:\/\/hospitalcmq.com\/es\/turismo-medico\/bypass-gastrico\/#primaryimage"},"thumbnailUrl":"https:\/\/hospitalcmq.com\/wp-content\/uploads\/2018\/02\/ebebeb-1.jpg","datePublished":"2019-06-26T17:26:50+00:00","dateModified":"2024-05-17T18:03:39+00:00","description":"\u00bfEn qu\u00e9 consiste el bypass g\u00e1strico? Ven a Hospitales CMQ, contamos con especialistas certificados en cirug\u00eda de obesidad disponibles para ti.","breadcrumb":{"@id":"https:\/\/hospitalcmq.com\/es\/turismo-medico\/bypass-gastrico\/#breadcrumb"},"inLanguage":"es","potentialAction":[{"@type":"ReadAction","target":["https:\/\/hospitalcmq.com\/es\/turismo-medico\/bypass-gastrico\/"]}]},{"@type":"ImageObject","inLanguage":"es","@id":"https:\/\/hospitalcmq.com\/es\/turismo-medico\/bypass-gastrico\/#primaryimage","url":"https:\/\/hospitalcmq.com\/wp-content\/uploads\/2018\/02\/ebebeb-1.jpg","contentUrl":"https:\/\/hospitalcmq.com\/wp-content\/uploads\/2018\/02\/ebebeb-1.jpg"},{"@type":"BreadcrumbList","@id":"https:\/\/hospitalcmq.com\/es\/turismo-medico\/bypass-gastrico\/#breadcrumb","itemListElement":[{"@type":"ListItem","position":1,"name":"Home","item":"https:\/\/hospitalcmq.com\/es\/"},{"@type":"ListItem","position":2,"name":"Turismo M\u00e9dico","item":"https:\/\/hospitalcmq.com\/es\/turismo-medico\/"},{"@type":"ListItem","position":3,"name":"Bypass G\u00e1strico"}]},{"@type":"WebSite","@id":"https:\/\/hospitalcmq.com\/es\/#website","url":"https:\/\/hospitalcmq.com\/es\/","name":"Hospital CMQ","description":"Best Hospitals in Puerto Vallarta &amp; Riviera Nayarit","publisher":{"@id":"https:\/\/hospitalcmq.com\/es\/#organization"},"potentialAction":[{"@type":"SearchAction","target":{"@type":"EntryPoint","urlTemplate":"https:\/\/hospitalcmq.com\/es\/?s={search_term_string}"},"query-input":{"@type":"PropertyValueSpecification","valueRequired":true,"valueName":"search_term_string"}}],"inLanguage":"es"},{"@type":"Organization","@id":"https:\/\/hospitalcmq.com\/es\/#organization","name":"Hospital CMQ","url":"https:\/\/hospitalcmq.com\/es\/","logo":{"@type":"ImageObject","inLanguage":"es","@id":"https:\/\/hospitalcmq.com\/es\/#\/schema\/logo\/image\/","url":"https:\/\/hospitalcmq.com\/wp-content\/uploads\/2018\/06\/cmq-hospital-logo.png","contentUrl":"https:\/\/hospitalcmq.com\/wp-content\/uploads\/2018\/06\/cmq-hospital-logo.png","width":214,"height":189,"caption":"Hospital CMQ"},"image":{"@id":"https:\/\/hospitalcmq.com\/es\/#\/schema\/logo\/image\/"},"sameAs":["https:\/\/www.facebook.com\/HospitalCMQ"]}]}},"_links":{"self":[{"href":"https:\/\/hospitalcmq.com\/es\/wp-json\/wp\/v2\/pages\/6313","targetHints":{"allow":["GET"]}}],"collection":[{"href":"https:\/\/hospitalcmq.com\/es\/wp-json\/wp\/v2\/pages"}],"about":[{"href":"https:\/\/hospitalcmq.com\/es\/wp-json\/wp\/v2\/types\/page"}],"author":[{"embeddable":true,"href":"https:\/\/hospitalcmq.com\/es\/wp-json\/wp\/v2\/users\/2"}],"replies":[{"embeddable":true,"href":"https:\/\/hospitalcmq.com\/es\/wp-json\/wp\/v2\/comments?post=6313"}],"version-history":[{"count":0,"href":"https:\/\/hospitalcmq.com\/es\/wp-json\/wp\/v2\/pages\/6313\/revisions"}],"up":[{"embeddable":true,"href":"https:\/\/hospitalcmq.com\/es\/wp-json\/wp\/v2\/pages\/4175"}],"wp:attachment":[{"href":"https:\/\/hospitalcmq.com\/es\/wp-json\/wp\/v2\/media?parent=6313"}],"curies":[{"name":"wp","href":"https:\/\/api.w.org\/{rel}","templated":true}]}}