{"id":6310,"date":"2019-06-26T12:24:50","date_gmt":"2019-06-26T17:24:50","guid":{"rendered":"https:\/\/hospitalcmq.com\/?page_id=6310"},"modified":"2023-08-24T12:04:29","modified_gmt":"2023-08-24T18:04:29","slug":"cirugia-bariatrica","status":"publish","type":"page","link":"https:\/\/hospitalcmq.com\/es\/turismo-medico\/cirugia-bariatrica\/","title":{"rendered":"Cirug\u00eda Bari\u00e1trica"},"content":{"rendered":"<div class=\"wpb-content-wrapper\"><p>[vc_row][vc_column][vc_column_text]<span style=\"font-weight: 400;\">Aunque conocemos los riesgos a la salud que conlleva ser obeso, aproximadamente 78 millones de adultos y 13 millones de ni\u00f1os menores de 17 a\u00f1os padecen sobrepeso. Somos un pa\u00eds obsesionado con perder peso. Pero, \u00bfqu\u00e9 pasa cuando las dietas, los planes alimenticios, el ejercicio y las terapias personalizadas no hacen una gran diferencia? Para muchos, la respuesta es simple: cirug\u00eda bari\u00e1trica.\u00a0<\/span>[\/vc_column_text][vc_empty_space][vc_column_text]<\/p>\n<h2><img loading=\"lazy\" decoding=\"async\" class=\"alignright wp-image-3012 size-full\" src=\"https:\/\/hospitalcmq.com\/wp-content\/uploads\/2018\/07\/bariatric-thumb.jpg\" alt=\"bariatric surgery riviera nayarit\" width=\"470\" height=\"260\" \/><\/h2>\n<h2>\u00bfQu\u00e9 es la Cirug\u00eda Bari\u00e1trica?<\/h2>\n<p><span style=\"font-weight: 400;\">La <\/span>Cirug\u00eda Bari\u00e1trica, o <a href=\"https:\/\/hospitalcmq.com\/es\/blog\/category\/cirugia-de-obesidad\/\">Cirug\u00eda de Obesidad<\/a>, e<span style=\"font-weight: 400;\">s un t\u00e9rmino general utilizado para describir una operaci\u00f3n que ayuda a las personas obesas a perder peso alterando sus sistemas digestivos de alguna manera. Si usted es severamente obeso y tiene diabetes o cualquier otra condici\u00f3n m\u00e9dica relacionada con la obesidad, puede ser un candidato adecuado para la cirug\u00eda de p\u00e9rdida de peso.\u00a0<\/span><\/p>\n<p><span style=\"font-weight: 400;\">Existen cuatro tipos de cirug\u00eda bari\u00e1trica, pero solamente tres son los m\u00e1s utilizados mundialmente. Estos incluyen banda g\u00e1strica, manga g\u00e1strica y bypass g\u00e1strico. La mayor\u00eda de las veces estos procedimientos se realizan de manera laparosc\u00f3pica, minimizando cicatrices y reduciendo el tiempo de recuperaci\u00f3n.\u00a0<\/span><\/p>\n<p><span style=\"font-weight: 400;\">Sin embargo esta cirug\u00eda, se aconseja m\u00e9dicamente cuando el \u00edndice de masa corporal (IMC) de una persona es m\u00e1s de 40, sin ninguna condici\u00f3n de salud alarmante. Alternativamente, se recomienda cuando el IMC es mayor de 35 y se acompa\u00f1a por diabetes, presi\u00f3n arterial alta, colesterol alto o apnea obstructiva del sue\u00f1o.\u00a0<\/span><\/p>\n<p><span style=\"font-weight: 400;\">Realizarse cualquier tipo de cirug\u00eda conlleva sus propios riesgos y beneficios, y las cirug\u00edas bari\u00e1tricas no son la excepci\u00f3n. A\u00fan en estos d\u00edas, someterse a este tipo de cirug\u00eda para perder peso sigue causando pol\u00e9mica.\u00a0<\/span>[\/vc_column_text][vc_empty_space][\/vc_column][\/vc_row][vc_row el_class=\u00bbblock&#8211;padding&#8211;gray parallax\u00bb][vc_column][vc_single_image image=\u00bb3016&#8243; img_size=\u00bbfull\u00bb alignment=\u00bbcenter\u00bb][vc_row_inner el_class=\u00bbcontainer m-auto md:px-3&#8243;][vc_column_inner][vc_empty_space][vc_column_text]<\/p>\n<h3>Beneficios y Riesgos Generales<\/h3>\n<p><b>P\u00e9rdida de Peso: <\/b><span style=\"font-weight: 400;\">El principal y primordial beneficio de estas cirug\u00edas es f\u00e1cil de entender: perder peso.\u00a0<\/span><\/p>\n<p><span style=\"font-weight: 400;\">La cirug\u00eda de Bypass G\u00e1strico, provoca una p\u00e9rdida promedio de aproximadamente dos tercios del exceso de peso de una persona. Mientras que la Banda G\u00e1strica causa una p\u00e9rdida menor, alrededor de un 50% del exceso de peso.\u00a0<\/span><\/p>\n<p><b>Mejora de Salud: <\/b><span style=\"font-weight: 400;\">Los padecimientos m\u00e9dicos relacionados con la obesidad tienen una notoria mejor\u00eda despu\u00e9s de este tipo de cirug\u00eda. Incluyendo:<\/span><\/p>\n<p><span style=\"font-weight: 400;\">Diabetes<\/span><\/p>\n<p><span style=\"font-weight: 400;\">Artritis Severa<\/span><\/p>\n<p><span style=\"font-weight: 400;\">Apnea Obstructiva del Sue\u00f1o<\/span><\/p>\n<p><span style=\"font-weight: 400;\">Presi\u00f3n Alta<\/span><\/p>\n<p><b>Mejor Calidad de Vida: <\/b><span style=\"font-weight: 400;\">Alrededor del 95% de Norteamericanos que sobrellevaron una cirug\u00eda bari\u00e1trica, informaron una mejor calidad de vida en su d\u00eda a d\u00eda. Algunos estudios tambi\u00e9n sugieren que las personas viven m\u00e1s tiempo en comparaci\u00f3n de las personas igualmente obesas que no se someten a este procedimiento.\u00a0<\/span><\/p>\n<p><b>Depresi\u00f3n: <\/b><span style=\"font-weight: 400;\">Mediante un estudio, Investigadores de la Universidad de Yale, reportaron que el 13% de pacientes post cirug\u00eda bari\u00e1trica sufrieron un aumento en el Inventario de Depresi\u00f3n de Beck<\/span><span style=\"font-weight: 400;\">\u2014una calificaci\u00f3n num\u00e9rica que mide la severidad de una depresi\u00f3n, trastornos alimenticios, autoestima y funcionamiento social\u2014. Es recomendable evaluar esta conducta y sus s\u00edntomas asociados, una vez pasados los primeros seis y doce meses de la cirug\u00eda.\u00a0<\/span><\/p>\n<p><b>Exceso de Piel: <\/b><span style=\"font-weight: 400;\">En algunos casos, la p\u00e9rdida de peso despu\u00e9s de la cirug\u00eda puede ser los suficientemente gradual como para que el cuerpo y la piel se ajusten lentamente. Muchos pacientes presentan un exceso de piel que necesita ser removido con cirug\u00eda est\u00e9tica.\u00a0<\/span><\/p>\n<p><b>No m\u00e1s refrescos: <\/b><span style=\"font-weight: 400;\">Las bebidas carbonatadas azucaradas est\u00e1n totalmente prohibidas. Al consumirlas, se introduce aire en el abdomen y forman gases que pueden ejercer presi\u00f3n sobre el est\u00f3mago y puede provocar que se expanda innecesariamente, deshaciendo los resultados de la cirug\u00eda.\u00a0<\/span>[\/vc_column_text][\/vc_column_inner][\/vc_row_inner][vc_empty_space][\/vc_column][\/vc_row]<\/p>\n<\/div>","protected":false},"excerpt":{"rendered":"<p>Una cirug\u00eda bari\u00e1trica es el t\u00e9rmino utilizado para describir procedimientos quir\u00fargicos que ayudan a las personas obesas a perder peso alternado sus sistemas digestivos. Existen tres tipos de cirug\u00eda: banda g\u00e1strica, manga g\u00e1strica y bypass g\u00e1strico. La mayor\u00eda de las veces, estas cirug\u00edas se realizan de manera laparosc\u00f3pica, minimizando cicatrices y reduciendo el tiempo de recuperaci\u00f3n. Descubre aqu\u00ed los beneficios y riesgos que conlleva someterse a alguna de estas cirug\u00edas.<\/p>\n","protected":false},"author":2,"featured_media":0,"parent":4175,"menu_order":0,"comment_status":"closed","ping_status":"closed","template":"","meta":{"footnotes":""},"class_list":["post-6310","page","type-page","status-publish","hentry"],"acf":[],"yoast_head":"<!-- This site is optimized with the Yoast SEO plugin v27.4 - https:\/\/yoast.com\/product\/yoast-seo-wordpress\/ -->\n<title>Cirug\u00eda Bari\u00e1trica - Hospital CMQ<\/title>\n<meta name=\"description\" content=\"Logra una mejor versi\u00f3n de ti. Contamos con personal altamente capacitado en cirug\u00eda de obesidad, equipos modernos, tecnolog\u00eda de primer nivel y c\u00f3modas instalaciones.\" \/>\n<meta name=\"robots\" content=\"index, follow, max-snippet:-1, max-image-preview:large, max-video-preview:-1\" \/>\n<link rel=\"canonical\" href=\"https:\/\/hospitalcmq.com\/es\/turismo-medico\/cirugia-bariatrica\/\" \/>\n<meta property=\"og:locale\" content=\"es_ES\" \/>\n<meta property=\"og:type\" content=\"article\" \/>\n<meta property=\"og:title\" content=\"Cirug\u00eda Bari\u00e1trica - Hospital CMQ\" \/>\n<meta property=\"og:description\" content=\"Logra una mejor versi\u00f3n de ti. Contamos con personal altamente capacitado en cirug\u00eda de obesidad, equipos modernos, tecnolog\u00eda de primer nivel y c\u00f3modas instalaciones.\" \/>\n<meta property=\"og:url\" content=\"https:\/\/hospitalcmq.com\/es\/turismo-medico\/cirugia-bariatrica\/\" \/>\n<meta property=\"og:site_name\" content=\"Hospital CMQ\" \/>\n<meta property=\"article:publisher\" content=\"https:\/\/www.facebook.com\/HospitalCMQ\" \/>\n<meta property=\"article:modified_time\" content=\"2023-08-24T18:04:29+00:00\" \/>\n<meta property=\"og:image\" content=\"https:\/\/hospitalcmq.com\/wp-content\/uploads\/2018\/07\/bariatric-thumb.jpg\" \/>\n<meta name=\"twitter:card\" content=\"summary_large_image\" \/>\n<meta name=\"twitter:label1\" content=\"Tiempo de lectura\" \/>\n\t<meta name=\"twitter:data1\" content=\"3 minutos\" \/>\n<script type=\"application\/ld+json\" class=\"yoast-schema-graph\">{\"@context\":\"https:\\\/\\\/schema.org\",\"@graph\":[{\"@type\":\"WebPage\",\"@id\":\"https:\\\/\\\/hospitalcmq.com\\\/es\\\/turismo-medico\\\/cirugia-bariatrica\\\/\",\"url\":\"https:\\\/\\\/hospitalcmq.com\\\/es\\\/turismo-medico\\\/cirugia-bariatrica\\\/\",\"name\":\"Cirug\u00eda Bari\u00e1trica - Hospital CMQ\",\"isPartOf\":{\"@id\":\"https:\\\/\\\/hospitalcmq.com\\\/es\\\/#website\"},\"primaryImageOfPage\":{\"@id\":\"https:\\\/\\\/hospitalcmq.com\\\/es\\\/turismo-medico\\\/cirugia-bariatrica\\\/#primaryimage\"},\"image\":{\"@id\":\"https:\\\/\\\/hospitalcmq.com\\\/es\\\/turismo-medico\\\/cirugia-bariatrica\\\/#primaryimage\"},\"thumbnailUrl\":\"https:\\\/\\\/hospitalcmq.com\\\/wp-content\\\/uploads\\\/2018\\\/07\\\/bariatric-thumb.jpg\",\"datePublished\":\"2019-06-26T17:24:50+00:00\",\"dateModified\":\"2023-08-24T18:04:29+00:00\",\"description\":\"Logra una mejor versi\u00f3n de ti. Contamos con personal altamente capacitado en cirug\u00eda de obesidad, equipos modernos, tecnolog\u00eda de primer nivel y c\u00f3modas instalaciones.\",\"breadcrumb\":{\"@id\":\"https:\\\/\\\/hospitalcmq.com\\\/es\\\/turismo-medico\\\/cirugia-bariatrica\\\/#breadcrumb\"},\"inLanguage\":\"es\",\"potentialAction\":[{\"@type\":\"ReadAction\",\"target\":[\"https:\\\/\\\/hospitalcmq.com\\\/es\\\/turismo-medico\\\/cirugia-bariatrica\\\/\"]}]},{\"@type\":\"ImageObject\",\"inLanguage\":\"es\",\"@id\":\"https:\\\/\\\/hospitalcmq.com\\\/es\\\/turismo-medico\\\/cirugia-bariatrica\\\/#primaryimage\",\"url\":\"https:\\\/\\\/hospitalcmq.com\\\/wp-content\\\/uploads\\\/2018\\\/07\\\/bariatric-thumb.jpg\",\"contentUrl\":\"https:\\\/\\\/hospitalcmq.com\\\/wp-content\\\/uploads\\\/2018\\\/07\\\/bariatric-thumb.jpg\"},{\"@type\":\"BreadcrumbList\",\"@id\":\"https:\\\/\\\/hospitalcmq.com\\\/es\\\/turismo-medico\\\/cirugia-bariatrica\\\/#breadcrumb\",\"itemListElement\":[{\"@type\":\"ListItem\",\"position\":1,\"name\":\"Home\",\"item\":\"https:\\\/\\\/hospitalcmq.com\\\/es\\\/\"},{\"@type\":\"ListItem\",\"position\":2,\"name\":\"Turismo M\u00e9dico\",\"item\":\"https:\\\/\\\/hospitalcmq.com\\\/es\\\/turismo-medico\\\/\"},{\"@type\":\"ListItem\",\"position\":3,\"name\":\"Cirug\u00eda Bari\u00e1trica\"}]},{\"@type\":\"WebSite\",\"@id\":\"https:\\\/\\\/hospitalcmq.com\\\/es\\\/#website\",\"url\":\"https:\\\/\\\/hospitalcmq.com\\\/es\\\/\",\"name\":\"Hospital CMQ\",\"description\":\"Best Hospitals in Puerto Vallarta &amp; Riviera Nayarit\",\"publisher\":{\"@id\":\"https:\\\/\\\/hospitalcmq.com\\\/es\\\/#organization\"},\"potentialAction\":[{\"@type\":\"SearchAction\",\"target\":{\"@type\":\"EntryPoint\",\"urlTemplate\":\"https:\\\/\\\/hospitalcmq.com\\\/es\\\/?s={search_term_string}\"},\"query-input\":{\"@type\":\"PropertyValueSpecification\",\"valueRequired\":true,\"valueName\":\"search_term_string\"}}],\"inLanguage\":\"es\"},{\"@type\":\"Organization\",\"@id\":\"https:\\\/\\\/hospitalcmq.com\\\/es\\\/#organization\",\"name\":\"Hospital CMQ\",\"url\":\"https:\\\/\\\/hospitalcmq.com\\\/es\\\/\",\"logo\":{\"@type\":\"ImageObject\",\"inLanguage\":\"es\",\"@id\":\"https:\\\/\\\/hospitalcmq.com\\\/es\\\/#\\\/schema\\\/logo\\\/image\\\/\",\"url\":\"https:\\\/\\\/hospitalcmq.com\\\/wp-content\\\/uploads\\\/2018\\\/06\\\/cmq-hospital-logo.png\",\"contentUrl\":\"https:\\\/\\\/hospitalcmq.com\\\/wp-content\\\/uploads\\\/2018\\\/06\\\/cmq-hospital-logo.png\",\"width\":214,\"height\":189,\"caption\":\"Hospital CMQ\"},\"image\":{\"@id\":\"https:\\\/\\\/hospitalcmq.com\\\/es\\\/#\\\/schema\\\/logo\\\/image\\\/\"},\"sameAs\":[\"https:\\\/\\\/www.facebook.com\\\/HospitalCMQ\"]}]}<\/script>\n<!-- \/ Yoast SEO plugin. -->","yoast_head_json":{"title":"Cirug\u00eda Bari\u00e1trica - Hospital CMQ","description":"Logra una mejor versi\u00f3n de ti. Contamos con personal altamente capacitado en cirug\u00eda de obesidad, equipos modernos, tecnolog\u00eda de primer nivel y c\u00f3modas instalaciones.","robots":{"index":"index","follow":"follow","max-snippet":"max-snippet:-1","max-image-preview":"max-image-preview:large","max-video-preview":"max-video-preview:-1"},"canonical":"https:\/\/hospitalcmq.com\/es\/turismo-medico\/cirugia-bariatrica\/","og_locale":"es_ES","og_type":"article","og_title":"Cirug\u00eda Bari\u00e1trica - Hospital CMQ","og_description":"Logra una mejor versi\u00f3n de ti. Contamos con personal altamente capacitado en cirug\u00eda de obesidad, equipos modernos, tecnolog\u00eda de primer nivel y c\u00f3modas instalaciones.","og_url":"https:\/\/hospitalcmq.com\/es\/turismo-medico\/cirugia-bariatrica\/","og_site_name":"Hospital CMQ","article_publisher":"https:\/\/www.facebook.com\/HospitalCMQ","article_modified_time":"2023-08-24T18:04:29+00:00","og_image":[{"url":"https:\/\/hospitalcmq.com\/wp-content\/uploads\/2018\/07\/bariatric-thumb.jpg","type":"","width":"","height":""}],"twitter_card":"summary_large_image","twitter_misc":{"Tiempo de lectura":"3 minutos"},"schema":{"@context":"https:\/\/schema.org","@graph":[{"@type":"WebPage","@id":"https:\/\/hospitalcmq.com\/es\/turismo-medico\/cirugia-bariatrica\/","url":"https:\/\/hospitalcmq.com\/es\/turismo-medico\/cirugia-bariatrica\/","name":"Cirug\u00eda Bari\u00e1trica - Hospital CMQ","isPartOf":{"@id":"https:\/\/hospitalcmq.com\/es\/#website"},"primaryImageOfPage":{"@id":"https:\/\/hospitalcmq.com\/es\/turismo-medico\/cirugia-bariatrica\/#primaryimage"},"image":{"@id":"https:\/\/hospitalcmq.com\/es\/turismo-medico\/cirugia-bariatrica\/#primaryimage"},"thumbnailUrl":"https:\/\/hospitalcmq.com\/wp-content\/uploads\/2018\/07\/bariatric-thumb.jpg","datePublished":"2019-06-26T17:24:50+00:00","dateModified":"2023-08-24T18:04:29+00:00","description":"Logra una mejor versi\u00f3n de ti. Contamos con personal altamente capacitado en cirug\u00eda de obesidad, equipos modernos, tecnolog\u00eda de primer nivel y c\u00f3modas instalaciones.","breadcrumb":{"@id":"https:\/\/hospitalcmq.com\/es\/turismo-medico\/cirugia-bariatrica\/#breadcrumb"},"inLanguage":"es","potentialAction":[{"@type":"ReadAction","target":["https:\/\/hospitalcmq.com\/es\/turismo-medico\/cirugia-bariatrica\/"]}]},{"@type":"ImageObject","inLanguage":"es","@id":"https:\/\/hospitalcmq.com\/es\/turismo-medico\/cirugia-bariatrica\/#primaryimage","url":"https:\/\/hospitalcmq.com\/wp-content\/uploads\/2018\/07\/bariatric-thumb.jpg","contentUrl":"https:\/\/hospitalcmq.com\/wp-content\/uploads\/2018\/07\/bariatric-thumb.jpg"},{"@type":"BreadcrumbList","@id":"https:\/\/hospitalcmq.com\/es\/turismo-medico\/cirugia-bariatrica\/#breadcrumb","itemListElement":[{"@type":"ListItem","position":1,"name":"Home","item":"https:\/\/hospitalcmq.com\/es\/"},{"@type":"ListItem","position":2,"name":"Turismo M\u00e9dico","item":"https:\/\/hospitalcmq.com\/es\/turismo-medico\/"},{"@type":"ListItem","position":3,"name":"Cirug\u00eda Bari\u00e1trica"}]},{"@type":"WebSite","@id":"https:\/\/hospitalcmq.com\/es\/#website","url":"https:\/\/hospitalcmq.com\/es\/","name":"Hospital CMQ","description":"Best Hospitals in Puerto Vallarta &amp; Riviera Nayarit","publisher":{"@id":"https:\/\/hospitalcmq.com\/es\/#organization"},"potentialAction":[{"@type":"SearchAction","target":{"@type":"EntryPoint","urlTemplate":"https:\/\/hospitalcmq.com\/es\/?s={search_term_string}"},"query-input":{"@type":"PropertyValueSpecification","valueRequired":true,"valueName":"search_term_string"}}],"inLanguage":"es"},{"@type":"Organization","@id":"https:\/\/hospitalcmq.com\/es\/#organization","name":"Hospital CMQ","url":"https:\/\/hospitalcmq.com\/es\/","logo":{"@type":"ImageObject","inLanguage":"es","@id":"https:\/\/hospitalcmq.com\/es\/#\/schema\/logo\/image\/","url":"https:\/\/hospitalcmq.com\/wp-content\/uploads\/2018\/06\/cmq-hospital-logo.png","contentUrl":"https:\/\/hospitalcmq.com\/wp-content\/uploads\/2018\/06\/cmq-hospital-logo.png","width":214,"height":189,"caption":"Hospital CMQ"},"image":{"@id":"https:\/\/hospitalcmq.com\/es\/#\/schema\/logo\/image\/"},"sameAs":["https:\/\/www.facebook.com\/HospitalCMQ"]}]}},"_links":{"self":[{"href":"https:\/\/hospitalcmq.com\/es\/wp-json\/wp\/v2\/pages\/6310","targetHints":{"allow":["GET"]}}],"collection":[{"href":"https:\/\/hospitalcmq.com\/es\/wp-json\/wp\/v2\/pages"}],"about":[{"href":"https:\/\/hospitalcmq.com\/es\/wp-json\/wp\/v2\/types\/page"}],"author":[{"embeddable":true,"href":"https:\/\/hospitalcmq.com\/es\/wp-json\/wp\/v2\/users\/2"}],"replies":[{"embeddable":true,"href":"https:\/\/hospitalcmq.com\/es\/wp-json\/wp\/v2\/comments?post=6310"}],"version-history":[{"count":0,"href":"https:\/\/hospitalcmq.com\/es\/wp-json\/wp\/v2\/pages\/6310\/revisions"}],"up":[{"embeddable":true,"href":"https:\/\/hospitalcmq.com\/es\/wp-json\/wp\/v2\/pages\/4175"}],"wp:attachment":[{"href":"https:\/\/hospitalcmq.com\/es\/wp-json\/wp\/v2\/media?parent=6310"}],"curies":[{"name":"wp","href":"https:\/\/api.w.org\/{rel}","templated":true}]}}