{"id":6308,"date":"2019-06-26T12:21:11","date_gmt":"2019-06-26T17:21:11","guid":{"rendered":"https:\/\/hospitalcmq.com\/?page_id=6308"},"modified":"2024-05-17T12:02:49","modified_gmt":"2024-05-17T18:02:49","slug":"eres-candidato-a-una-cirugia-bariatrica","status":"publish","type":"page","link":"https:\/\/hospitalcmq.com\/es\/turismo-medico\/eres-candidato-a-una-cirugia-bariatrica\/","title":{"rendered":"\u00bfEres candidato a una Cirug\u00eda Bari\u00e1trica?"},"content":{"rendered":"<div class=\"wpb-content-wrapper\"><p>[vc_row][vc_column][vc_column_text]La cirug\u00eda no es la primera opci\u00f3n para el control de peso. Sin embargo, una cirug\u00eda bari\u00e1trica es la opci\u00f3n adecuado para aquellas personas que han tratado de perder peso con otros m\u00e9todos, pero no han tenido \u00e9xito. <span style=\"font-weight: 400;\">National Health Service\u2014<\/span><a href=\"https:\/\/www.nhs.uk\/\"><i><span style=\"font-weight: 400;\">NHS<\/span><\/i><\/a><span style=\"font-weight: 400;\">\u2014utiliza los siguientes criterios para determinar si eres candidato a una cirug\u00eda bari\u00e1trica:<\/span><\/p>\n<p><b>1) Presentas un \u00edndice de masa corporal (IMC) mayor a 40.<\/b><\/p>\n<p><strong>2) Si tu IMC es mayor a 35, y presentas problemas de salud relacionados con la obesidad.\u00a0<\/strong><\/p>\n<p><span style=\"font-weight: 400;\">Estos pueden ser apnea obstructiva del sue\u00f1o, artritis severa y diabetes. La cirug\u00eda bari\u00e1trica puede mejorar dram\u00e1ticamente estos problemas y de igual manera, puede beneficiarse incluso con una p\u00e9rdida m\u00ednima de peso. <\/span>[\/vc_column_text][vc_empty_space][vc_column_text]<\/p>\n<p>&nbsp;<\/p>\n<p><b>3) Demostrar que los programas tradicionales de p\u00e9rdida de peso como dieta y ejercicio no han dado resultados despu\u00e9s de ser constante por seis meses.\u00a0<\/b><\/p>\n<p><span style=\"font-weight: 400;\">La cirug\u00eda de p\u00e9rdida de peso debe considerarse como un \u00faltimo recurso despu\u00e9s de que los m\u00e9todos tradicionales no den resultados deseados.<\/span><\/p>\n<p><b>4)Est\u00e1s listo para comprometerte con cambios permanentes de estilo de vida y seguimiento en un servicio especializado de obesidad despu\u00e9s de someterse a la cirug\u00eda.\u00a0<\/b><\/p>\n<p><span style=\"font-weight: 400;\">Este procedimiento no debe ser una soluci\u00f3n r\u00e1pida. Idealmente, la cirug\u00eda es solamente el comienzo de un nuevo estilo de vida m\u00e1s saludable y m\u00e1s consciente.\u00a0<\/span><\/p>\n<p><b>5) Comprendes los riesgos y beneficios de este procedimiento. Est\u00e1s en forma y saludable para soportar los riesgos potenciales.<\/b><\/p>\n<p><span style=\"font-weight: 400;\">Es esencial estar totalmente informado antes de valorar la cirug\u00eda de p\u00e9rdida de peso, conocer y aceptar los riesgos y los beneficios.\u00a0 \u00a0<\/span>[\/vc_column_text][vc_empty_space][\/vc_column][\/vc_row][vc_row][vc_column][vc_column_text]<\/p>\n<h3>La Cirug\u00eda Bari\u00e1trica no es para todos<\/h3>\n<p>El \u00e9xito de una cirug\u00eda bari\u00e1trica depende en gran medida de las recomendaciones y el correcto seguimiento de dieta y ejercicio despu\u00e9s de la cirug\u00eda. Es necesario que te comprometas con estas modificaciones permanentes de la dieta y el ejercicio, adem\u00e1s de estar motivado para sobrellevar estos cambios. No obstante, no se es candidato a una cirug\u00eda bari\u00e1trica si cumples con los siguientes factores:<\/p>\n<ul>\n<li>No puedes adherirte a cambios diet\u00e9ticos pre y post-operatorios necesarios.<\/li>\n<li>Presentas un problema de abuso de sustancias nocivas.<\/li>\n<li>Cuentas con un trastorno alimenticio o psiqui\u00e1trico no tratado o sin resolver.<\/li>\n<li>Si planeas embarazarte en un futuro pr\u00f3ximo.<\/li>\n<\/ul>\n<p>[\/vc_column_text][\/vc_column][\/vc_row]<\/p>\n<\/div>","protected":false},"excerpt":{"rendered":"<p>Es de suma importancia que te informes antes de valorar la cirug\u00eda de p\u00e9rdida de peso, conocer y aceptar los riesgos y los beneficios. Este es un procedimiento que no se debe tomar a la ligera, ya que es el inicio para un nuevo estilo de vida que no muchas personas pueden sobrellevar. Por tal motivo, antes de agendar tu cita con tu m\u00e9dico, conoce aqu\u00ed los 5 puntos que te hacen candidato a una cirug\u00eda bari\u00e1trica.<\/p>\n","protected":false},"author":2,"featured_media":0,"parent":4175,"menu_order":0,"comment_status":"closed","ping_status":"closed","template":"","meta":{"footnotes":""},"class_list":["post-6308","page","type-page","status-publish","hentry"],"acf":[],"yoast_head":"<!-- This site is optimized with the Yoast SEO plugin v27.3 - https:\/\/yoast.com\/product\/yoast-seo-wordpress\/ -->\n<title>\u00bfC\u00f3mo saber si soy candidato a una Cirug\u00eda Bari\u00e1trica?<\/title>\n<meta name=\"description\" content=\"\u00bfEst\u00e1s considerando una cirug\u00eda de p\u00e9rdida de peso? Conoce aqu\u00ed 5 factores clave que determinan si eres o no eres candidato a una cirug\u00eda bari\u00e1trica.\" \/>\n<meta name=\"robots\" content=\"index, follow, max-snippet:-1, max-image-preview:large, max-video-preview:-1\" \/>\n<link rel=\"canonical\" href=\"https:\/\/hospitalcmq.com\/es\/turismo-medico\/eres-candidato-a-una-cirugia-bariatrica\/\" \/>\n<meta property=\"og:locale\" content=\"es_ES\" \/>\n<meta property=\"og:type\" content=\"article\" \/>\n<meta property=\"og:title\" content=\"\u00bfC\u00f3mo saber si soy candidato a una Cirug\u00eda Bari\u00e1trica?\" \/>\n<meta property=\"og:description\" content=\"\u00bfEst\u00e1s considerando una cirug\u00eda de p\u00e9rdida de peso? Conoce aqu\u00ed 5 factores clave que determinan si eres o no eres candidato a una cirug\u00eda bari\u00e1trica.\" \/>\n<meta property=\"og:url\" content=\"https:\/\/hospitalcmq.com\/es\/turismo-medico\/eres-candidato-a-una-cirugia-bariatrica\/\" \/>\n<meta property=\"og:site_name\" content=\"Hospital CMQ\" \/>\n<meta property=\"article:publisher\" content=\"https:\/\/www.facebook.com\/HospitalCMQ\" \/>\n<meta property=\"article:modified_time\" content=\"2024-05-17T18:02:49+00:00\" \/>\n<meta property=\"og:image\" content=\"https:\/\/hospitalcmq.com\/wp-content\/uploads\/2018\/06\/cmq-hospital-logo.png\" \/>\n\t<meta property=\"og:image:width\" content=\"214\" \/>\n\t<meta property=\"og:image:height\" content=\"189\" \/>\n\t<meta property=\"og:image:type\" content=\"image\/png\" \/>\n<meta name=\"twitter:card\" content=\"summary_large_image\" \/>\n<meta name=\"twitter:label1\" content=\"Tiempo de lectura\" \/>\n\t<meta name=\"twitter:data1\" content=\"2 minutos\" \/>\n<script type=\"application\/ld+json\" class=\"yoast-schema-graph\">{\"@context\":\"https:\\\/\\\/schema.org\",\"@graph\":[{\"@type\":\"WebPage\",\"@id\":\"https:\\\/\\\/hospitalcmq.com\\\/es\\\/turismo-medico\\\/eres-candidato-a-una-cirugia-bariatrica\\\/\",\"url\":\"https:\\\/\\\/hospitalcmq.com\\\/es\\\/turismo-medico\\\/eres-candidato-a-una-cirugia-bariatrica\\\/\",\"name\":\"\u00bfC\u00f3mo saber si soy candidato a una Cirug\u00eda Bari\u00e1trica?\",\"isPartOf\":{\"@id\":\"https:\\\/\\\/hospitalcmq.com\\\/es\\\/#website\"},\"datePublished\":\"2019-06-26T17:21:11+00:00\",\"dateModified\":\"2024-05-17T18:02:49+00:00\",\"description\":\"\u00bfEst\u00e1s considerando una cirug\u00eda de p\u00e9rdida de peso? Conoce aqu\u00ed 5 factores clave que determinan si eres o no eres candidato a una cirug\u00eda bari\u00e1trica.\",\"breadcrumb\":{\"@id\":\"https:\\\/\\\/hospitalcmq.com\\\/es\\\/turismo-medico\\\/eres-candidato-a-una-cirugia-bariatrica\\\/#breadcrumb\"},\"inLanguage\":\"es\",\"potentialAction\":[{\"@type\":\"ReadAction\",\"target\":[\"https:\\\/\\\/hospitalcmq.com\\\/es\\\/turismo-medico\\\/eres-candidato-a-una-cirugia-bariatrica\\\/\"]}]},{\"@type\":\"BreadcrumbList\",\"@id\":\"https:\\\/\\\/hospitalcmq.com\\\/es\\\/turismo-medico\\\/eres-candidato-a-una-cirugia-bariatrica\\\/#breadcrumb\",\"itemListElement\":[{\"@type\":\"ListItem\",\"position\":1,\"name\":\"Home\",\"item\":\"https:\\\/\\\/hospitalcmq.com\\\/es\\\/\"},{\"@type\":\"ListItem\",\"position\":2,\"name\":\"Turismo M\u00e9dico\",\"item\":\"https:\\\/\\\/hospitalcmq.com\\\/es\\\/turismo-medico\\\/\"},{\"@type\":\"ListItem\",\"position\":3,\"name\":\"\u00bfEres candidato a una Cirug\u00eda Bari\u00e1trica?\"}]},{\"@type\":\"WebSite\",\"@id\":\"https:\\\/\\\/hospitalcmq.com\\\/es\\\/#website\",\"url\":\"https:\\\/\\\/hospitalcmq.com\\\/es\\\/\",\"name\":\"Hospital CMQ\",\"description\":\"Best Hospitals in Puerto Vallarta &amp; Riviera Nayarit\",\"publisher\":{\"@id\":\"https:\\\/\\\/hospitalcmq.com\\\/es\\\/#organization\"},\"potentialAction\":[{\"@type\":\"SearchAction\",\"target\":{\"@type\":\"EntryPoint\",\"urlTemplate\":\"https:\\\/\\\/hospitalcmq.com\\\/es\\\/?s={search_term_string}\"},\"query-input\":{\"@type\":\"PropertyValueSpecification\",\"valueRequired\":true,\"valueName\":\"search_term_string\"}}],\"inLanguage\":\"es\"},{\"@type\":\"Organization\",\"@id\":\"https:\\\/\\\/hospitalcmq.com\\\/es\\\/#organization\",\"name\":\"Hospital CMQ\",\"url\":\"https:\\\/\\\/hospitalcmq.com\\\/es\\\/\",\"logo\":{\"@type\":\"ImageObject\",\"inLanguage\":\"es\",\"@id\":\"https:\\\/\\\/hospitalcmq.com\\\/es\\\/#\\\/schema\\\/logo\\\/image\\\/\",\"url\":\"https:\\\/\\\/hospitalcmq.com\\\/wp-content\\\/uploads\\\/2018\\\/06\\\/cmq-hospital-logo.png\",\"contentUrl\":\"https:\\\/\\\/hospitalcmq.com\\\/wp-content\\\/uploads\\\/2018\\\/06\\\/cmq-hospital-logo.png\",\"width\":214,\"height\":189,\"caption\":\"Hospital CMQ\"},\"image\":{\"@id\":\"https:\\\/\\\/hospitalcmq.com\\\/es\\\/#\\\/schema\\\/logo\\\/image\\\/\"},\"sameAs\":[\"https:\\\/\\\/www.facebook.com\\\/HospitalCMQ\"]}]}<\/script>\n<!-- \/ Yoast SEO plugin. -->","yoast_head_json":{"title":"\u00bfC\u00f3mo saber si soy candidato a una Cirug\u00eda Bari\u00e1trica?","description":"\u00bfEst\u00e1s considerando una cirug\u00eda de p\u00e9rdida de peso? Conoce aqu\u00ed 5 factores clave que determinan si eres o no eres candidato a una cirug\u00eda bari\u00e1trica.","robots":{"index":"index","follow":"follow","max-snippet":"max-snippet:-1","max-image-preview":"max-image-preview:large","max-video-preview":"max-video-preview:-1"},"canonical":"https:\/\/hospitalcmq.com\/es\/turismo-medico\/eres-candidato-a-una-cirugia-bariatrica\/","og_locale":"es_ES","og_type":"article","og_title":"\u00bfC\u00f3mo saber si soy candidato a una Cirug\u00eda Bari\u00e1trica?","og_description":"\u00bfEst\u00e1s considerando una cirug\u00eda de p\u00e9rdida de peso? Conoce aqu\u00ed 5 factores clave que determinan si eres o no eres candidato a una cirug\u00eda bari\u00e1trica.","og_url":"https:\/\/hospitalcmq.com\/es\/turismo-medico\/eres-candidato-a-una-cirugia-bariatrica\/","og_site_name":"Hospital CMQ","article_publisher":"https:\/\/www.facebook.com\/HospitalCMQ","article_modified_time":"2024-05-17T18:02:49+00:00","og_image":[{"width":214,"height":189,"url":"https:\/\/hospitalcmq.com\/wp-content\/uploads\/2018\/06\/cmq-hospital-logo.png","type":"image\/png"}],"twitter_card":"summary_large_image","twitter_misc":{"Tiempo de lectura":"2 minutos"},"schema":{"@context":"https:\/\/schema.org","@graph":[{"@type":"WebPage","@id":"https:\/\/hospitalcmq.com\/es\/turismo-medico\/eres-candidato-a-una-cirugia-bariatrica\/","url":"https:\/\/hospitalcmq.com\/es\/turismo-medico\/eres-candidato-a-una-cirugia-bariatrica\/","name":"\u00bfC\u00f3mo saber si soy candidato a una Cirug\u00eda Bari\u00e1trica?","isPartOf":{"@id":"https:\/\/hospitalcmq.com\/es\/#website"},"datePublished":"2019-06-26T17:21:11+00:00","dateModified":"2024-05-17T18:02:49+00:00","description":"\u00bfEst\u00e1s considerando una cirug\u00eda de p\u00e9rdida de peso? Conoce aqu\u00ed 5 factores clave que determinan si eres o no eres candidato a una cirug\u00eda bari\u00e1trica.","breadcrumb":{"@id":"https:\/\/hospitalcmq.com\/es\/turismo-medico\/eres-candidato-a-una-cirugia-bariatrica\/#breadcrumb"},"inLanguage":"es","potentialAction":[{"@type":"ReadAction","target":["https:\/\/hospitalcmq.com\/es\/turismo-medico\/eres-candidato-a-una-cirugia-bariatrica\/"]}]},{"@type":"BreadcrumbList","@id":"https:\/\/hospitalcmq.com\/es\/turismo-medico\/eres-candidato-a-una-cirugia-bariatrica\/#breadcrumb","itemListElement":[{"@type":"ListItem","position":1,"name":"Home","item":"https:\/\/hospitalcmq.com\/es\/"},{"@type":"ListItem","position":2,"name":"Turismo M\u00e9dico","item":"https:\/\/hospitalcmq.com\/es\/turismo-medico\/"},{"@type":"ListItem","position":3,"name":"\u00bfEres candidato a una Cirug\u00eda Bari\u00e1trica?"}]},{"@type":"WebSite","@id":"https:\/\/hospitalcmq.com\/es\/#website","url":"https:\/\/hospitalcmq.com\/es\/","name":"Hospital CMQ","description":"Best Hospitals in Puerto Vallarta &amp; Riviera Nayarit","publisher":{"@id":"https:\/\/hospitalcmq.com\/es\/#organization"},"potentialAction":[{"@type":"SearchAction","target":{"@type":"EntryPoint","urlTemplate":"https:\/\/hospitalcmq.com\/es\/?s={search_term_string}"},"query-input":{"@type":"PropertyValueSpecification","valueRequired":true,"valueName":"search_term_string"}}],"inLanguage":"es"},{"@type":"Organization","@id":"https:\/\/hospitalcmq.com\/es\/#organization","name":"Hospital CMQ","url":"https:\/\/hospitalcmq.com\/es\/","logo":{"@type":"ImageObject","inLanguage":"es","@id":"https:\/\/hospitalcmq.com\/es\/#\/schema\/logo\/image\/","url":"https:\/\/hospitalcmq.com\/wp-content\/uploads\/2018\/06\/cmq-hospital-logo.png","contentUrl":"https:\/\/hospitalcmq.com\/wp-content\/uploads\/2018\/06\/cmq-hospital-logo.png","width":214,"height":189,"caption":"Hospital CMQ"},"image":{"@id":"https:\/\/hospitalcmq.com\/es\/#\/schema\/logo\/image\/"},"sameAs":["https:\/\/www.facebook.com\/HospitalCMQ"]}]}},"_links":{"self":[{"href":"https:\/\/hospitalcmq.com\/es\/wp-json\/wp\/v2\/pages\/6308","targetHints":{"allow":["GET"]}}],"collection":[{"href":"https:\/\/hospitalcmq.com\/es\/wp-json\/wp\/v2\/pages"}],"about":[{"href":"https:\/\/hospitalcmq.com\/es\/wp-json\/wp\/v2\/types\/page"}],"author":[{"embeddable":true,"href":"https:\/\/hospitalcmq.com\/es\/wp-json\/wp\/v2\/users\/2"}],"replies":[{"embeddable":true,"href":"https:\/\/hospitalcmq.com\/es\/wp-json\/wp\/v2\/comments?post=6308"}],"version-history":[{"count":0,"href":"https:\/\/hospitalcmq.com\/es\/wp-json\/wp\/v2\/pages\/6308\/revisions"}],"up":[{"embeddable":true,"href":"https:\/\/hospitalcmq.com\/es\/wp-json\/wp\/v2\/pages\/4175"}],"wp:attachment":[{"href":"https:\/\/hospitalcmq.com\/es\/wp-json\/wp\/v2\/media?parent=6308"}],"curies":[{"name":"wp","href":"https:\/\/api.w.org\/{rel}","templated":true}]}}