{"id":6304,"date":"2019-06-26T12:11:47","date_gmt":"2019-06-26T17:11:47","guid":{"rendered":"https:\/\/hospitalcmq.com\/?page_id=6304"},"modified":"2024-05-17T11:40:34","modified_gmt":"2024-05-17T17:40:34","slug":"cirugia-de-columna","status":"publish","type":"page","link":"https:\/\/hospitalcmq.com\/es\/turismo-medico\/cirugia-de-columna\/","title":{"rendered":"Cirug\u00eda de Columna"},"content":{"rendered":"<div class=\"wpb-content-wrapper\"><p>[vc_row][vc_column][vc_column_text]<span style=\"font-weight: 400;\">Cuando todos los recursos se agotaron y las dolencias de la columna comienzan a afectar y a condicionar la calidad de vida produciendo entumecimiento, hormigueo o debilidad, es momento de valorar junto con su m\u00e9dico, una intervenci\u00f3n quir\u00fargica. La cirug\u00eda de columna, se trata de un procedimiento para corregir problemas con los huesos de la columna (v\u00e9rtebras), los discos o los nervios de la parte inferior de la espalda.\u00a0<\/span><\/p>\n<p><span style=\"font-weight: 400;\">Se realiza haciendo una incisi\u00f3n sobre el \u00e1rea problema y se retira el hueso que cubre la m\u00e9dula espinal y el tejido que est\u00e1 causando presi\u00f3n sobre el nervio o la misma m\u00e9dula espinal.\u00a0<\/span>[\/vc_column_text][vc_empty_space][vc_column_text]<\/p>\n<h2><img loading=\"lazy\" decoding=\"async\" class=\"size-full wp-image-2198 alignright\" src=\"https:\/\/hospitalcmq.com\/wp-content\/uploads\/2018\/02\/ebebeb-1.jpg\" alt=\"\" width=\"470\" height=\"260\" \/>\u00bfCu\u00e1ndo es necesaria la Cirug\u00eda de Columna?<\/h2>\n<p><span style=\"font-weight: 400;\">Esta cirug\u00eda debe considerarse como un \u00faltimo recurso despu\u00e9s de repeler tratamientos menos invasivos como medicamentos antiinflamatorios, fisioterapia, dispositivos ortop\u00e9dicos y ejercicio. Existen diversos s\u00edntomas de problemas que pueden requerir cirug\u00eda:<\/span><\/p>\n<ul>\n<li style=\"font-weight: 400;\"><span style=\"font-weight: 400;\">Dolor que se extiende desde la espalda hacia los gl\u00fateos o parte posterior del muslo.\u00a0<\/span><\/li>\n<li style=\"font-weight: 400;\"><span style=\"font-weight: 400;\">Dolor que interfiere con las actividades diarias.\u00a0<\/span><\/li>\n<li style=\"font-weight: 400;\"><span style=\"font-weight: 400;\">Debilidad en las piernas o en los pies.\u00a0<\/span><\/li>\n<li style=\"font-weight: 400;\"><span style=\"font-weight: 400;\">Entumecimiento de las piernas, pies o dedos de los pies.\u00a0<\/span><\/li>\n<li style=\"font-weight: 400;\"><span style=\"font-weight: 400;\">P\u00e9rdida del control del intestino o la vejiga.\u00a0<\/span><\/li>\n<\/ul>\n<p>[\/vc_column_text][vc_empty_space][vc_row_inner el_class=\u00bbblock&#8211;padding&#8211;gray\u00bb][vc_column_inner][vc_single_image image=\u00bb1433&#8243; img_size=\u00bbfull\u00bb alignment=\u00bbcenter\u00bb][vc_empty_space][vc_column_text]<\/p>\n<h3>\u00bfExisten riesgos o complicaciones?<\/h3>\n<p><span style=\"font-weight: 400;\">La cirug\u00eda realizada cerca de la columna es un procedimiento delicado, en el que surgen complicaciones de distintos grados de gravedad:<\/span><\/p>\n<ul>\n<li style=\"font-weight: 400;\"><span style=\"font-weight: 400;\">Un problema com\u00fan que puede presentarse despu\u00e9s de una cirug\u00eda es la tromboflebitis. Una afecci\u00f3n donde la vena se inflama a consecuencia de un co\u00e1gulo.\u00a0<\/span><\/li>\n<li style=\"font-weight: 400;\"><span style=\"font-weight: 400;\">Al igual, pueden surgir complicaciones relacionadas con los pulmones, como una respiraci\u00f3n anormal e infecci\u00f3n. Esto se debe a los medicamentos anest\u00e9sicos y a los per\u00edodos prolongados de descanso en cama.\u00a0<\/span><\/li>\n<li style=\"font-weight: 400;\"><span style=\"font-weight: 400;\">Otras complicaciones pueden incluir: Infecci\u00f3n por el desplazamiento del implante o dolor persistente.\u00a0<\/span><\/li>\n<\/ul>\n<p>[\/vc_column_text][\/vc_column_inner][\/vc_row_inner][vc_empty_space][\/vc_column][\/vc_row][vc_row][vc_column][vc_column_text]<\/p>\n<h3>Tipos de Cirug\u00eda de Columna<\/h3>\n<p>Los diferentes tipos de cirug\u00eda de columna comprenden:<\/p>\n<ul>\n<li><strong>Disectom\u00eda.\u00a0<\/strong>Implica la extracci\u00f3n de la parte herniada del disco para aliviar la inflamaci\u00f3n de los nervios da\u00f1ados. Por lo general, se extrae total o parcialmente la parte trasera de la v\u00e9rtebra para acceder a la rotura de disco.<\/li>\n<li><strong>Laminectom\u00eda.\u00a0<\/strong>En este procedimiento se extrae el hueso que recubre el conducto vertebral. Se ejecuta para aliviar la presi\u00f3n en los nervios causada por la estenosis espinal.<\/li>\n<li><strong>Fusi\u00f3n.\u00a0<\/strong>La fusi\u00f3n espinal conecta de forma permanente dos huesos o m\u00e1s en la columna vertebral. Alivia el dolor y otorga estabilidad a una fractura en la columna.<\/li>\n<li><strong>Discos artificiales.\u00a0<\/strong>Los discos artificiales implantados son un tratamiento alternativo a la fusi\u00f3n espinal para el movimiento doloroso entre dos v\u00e9rtebras provocado por la degeneraci\u00f3n o lesi\u00f3n de un disco. Este procedimiento no es una opci\u00f3n para la mayor\u00eda de las personas.<\/li>\n<\/ul>\n<p>[\/vc_column_text][\/vc_column][\/vc_row][vc_row][vc_column][vc_column_text]<\/p>\n<h3>Considera todas tus opciones<\/h3>\n<p>Antes de someterte a una cirug\u00eda de espalda, considera obtener una segunda opci\u00f3n de un especialista en columna vertebral certificado. En Hospitales CMQ contamos con cirujanos de columna que te pueden asesorar sobre cu\u00e1ndo es necesaria una cirug\u00eda, qu\u00e9 tipo de cirug\u00eda es para ti y si eres candidato.[\/vc_column_text][\/vc_column][\/vc_row]<\/p>\n<\/div>","protected":false},"excerpt":{"rendered":"<p>Cuando el dolor en la columna vertebral comienza a afectar y controlar la calidad de tu vida, produciendo entumecimiento, hormigueo o debilidad, es hora de hablar tu m\u00e9dico sobre una intervenci\u00f3n quir\u00fargica. Sin embargo, no todas las molestias de la columna vertebral son candidatas para cirug\u00eda. Aqu\u00ed te informamos cu\u00e1ndo es necesaria esta cirug\u00eda, sus riesgos y complicaciones. <\/p>\n","protected":false},"author":2,"featured_media":0,"parent":4175,"menu_order":0,"comment_status":"closed","ping_status":"closed","template":"","meta":{"footnotes":""},"class_list":["post-6304","page","type-page","status-publish","hentry"],"acf":[],"yoast_head":"<!-- This site is optimized with the Yoast SEO plugin v27.3 - https:\/\/yoast.com\/product\/yoast-seo-wordpress\/ -->\n<title>Cirug\u00eda de Columna, \u00bfCu\u00e1ndo es necesario y qui\u00e9n es candidato?<\/title>\n<meta name=\"description\" content=\"Cualquier cirug\u00eda de columna es peligrosa. Descubre aqu\u00ed lo que nuestros especialistas en ortopedia tienen que decir sobre el riesgo y qui\u00e9n es candidato.\" \/>\n<meta name=\"robots\" content=\"index, follow, max-snippet:-1, max-image-preview:large, max-video-preview:-1\" \/>\n<link rel=\"canonical\" href=\"https:\/\/hospitalcmq.com\/es\/turismo-medico\/cirugia-de-columna\/\" \/>\n<meta property=\"og:locale\" content=\"es_ES\" \/>\n<meta property=\"og:type\" content=\"article\" \/>\n<meta property=\"og:title\" content=\"Cirug\u00eda de Columna, \u00bfCu\u00e1ndo es necesario y qui\u00e9n es candidato?\" \/>\n<meta property=\"og:description\" content=\"Cualquier cirug\u00eda de columna es peligrosa. Descubre aqu\u00ed lo que nuestros especialistas en ortopedia tienen que decir sobre el riesgo y qui\u00e9n es candidato.\" \/>\n<meta property=\"og:url\" content=\"https:\/\/hospitalcmq.com\/es\/turismo-medico\/cirugia-de-columna\/\" \/>\n<meta property=\"og:site_name\" content=\"Hospital CMQ\" \/>\n<meta property=\"article:publisher\" content=\"https:\/\/www.facebook.com\/HospitalCMQ\" \/>\n<meta property=\"article:modified_time\" content=\"2024-05-17T17:40:34+00:00\" \/>\n<meta property=\"og:image\" content=\"https:\/\/hospitalcmq.com\/wp-content\/uploads\/2018\/02\/ebebeb-1.jpg\" \/>\n<meta name=\"twitter:card\" content=\"summary_large_image\" \/>\n<meta name=\"twitter:label1\" content=\"Tiempo de lectura\" \/>\n\t<meta name=\"twitter:data1\" content=\"3 minutos\" \/>\n<script type=\"application\/ld+json\" class=\"yoast-schema-graph\">{\"@context\":\"https:\\\/\\\/schema.org\",\"@graph\":[{\"@type\":\"WebPage\",\"@id\":\"https:\\\/\\\/hospitalcmq.com\\\/es\\\/turismo-medico\\\/cirugia-de-columna\\\/\",\"url\":\"https:\\\/\\\/hospitalcmq.com\\\/es\\\/turismo-medico\\\/cirugia-de-columna\\\/\",\"name\":\"Cirug\u00eda de Columna, \u00bfCu\u00e1ndo es necesario y qui\u00e9n es candidato?\",\"isPartOf\":{\"@id\":\"https:\\\/\\\/hospitalcmq.com\\\/es\\\/#website\"},\"primaryImageOfPage\":{\"@id\":\"https:\\\/\\\/hospitalcmq.com\\\/es\\\/turismo-medico\\\/cirugia-de-columna\\\/#primaryimage\"},\"image\":{\"@id\":\"https:\\\/\\\/hospitalcmq.com\\\/es\\\/turismo-medico\\\/cirugia-de-columna\\\/#primaryimage\"},\"thumbnailUrl\":\"https:\\\/\\\/hospitalcmq.com\\\/wp-content\\\/uploads\\\/2018\\\/02\\\/ebebeb-1.jpg\",\"datePublished\":\"2019-06-26T17:11:47+00:00\",\"dateModified\":\"2024-05-17T17:40:34+00:00\",\"description\":\"Cualquier cirug\u00eda de columna es peligrosa. Descubre aqu\u00ed lo que nuestros especialistas en ortopedia tienen que decir sobre el riesgo y qui\u00e9n es candidato.\",\"breadcrumb\":{\"@id\":\"https:\\\/\\\/hospitalcmq.com\\\/es\\\/turismo-medico\\\/cirugia-de-columna\\\/#breadcrumb\"},\"inLanguage\":\"es\",\"potentialAction\":[{\"@type\":\"ReadAction\",\"target\":[\"https:\\\/\\\/hospitalcmq.com\\\/es\\\/turismo-medico\\\/cirugia-de-columna\\\/\"]}]},{\"@type\":\"ImageObject\",\"inLanguage\":\"es\",\"@id\":\"https:\\\/\\\/hospitalcmq.com\\\/es\\\/turismo-medico\\\/cirugia-de-columna\\\/#primaryimage\",\"url\":\"https:\\\/\\\/hospitalcmq.com\\\/wp-content\\\/uploads\\\/2018\\\/02\\\/ebebeb-1.jpg\",\"contentUrl\":\"https:\\\/\\\/hospitalcmq.com\\\/wp-content\\\/uploads\\\/2018\\\/02\\\/ebebeb-1.jpg\"},{\"@type\":\"BreadcrumbList\",\"@id\":\"https:\\\/\\\/hospitalcmq.com\\\/es\\\/turismo-medico\\\/cirugia-de-columna\\\/#breadcrumb\",\"itemListElement\":[{\"@type\":\"ListItem\",\"position\":1,\"name\":\"Home\",\"item\":\"https:\\\/\\\/hospitalcmq.com\\\/es\\\/\"},{\"@type\":\"ListItem\",\"position\":2,\"name\":\"Turismo M\u00e9dico\",\"item\":\"https:\\\/\\\/hospitalcmq.com\\\/es\\\/turismo-medico\\\/\"},{\"@type\":\"ListItem\",\"position\":3,\"name\":\"Cirug\u00eda de Columna\"}]},{\"@type\":\"WebSite\",\"@id\":\"https:\\\/\\\/hospitalcmq.com\\\/es\\\/#website\",\"url\":\"https:\\\/\\\/hospitalcmq.com\\\/es\\\/\",\"name\":\"Hospital CMQ\",\"description\":\"Best Hospitals in Puerto Vallarta &amp; Riviera Nayarit\",\"publisher\":{\"@id\":\"https:\\\/\\\/hospitalcmq.com\\\/es\\\/#organization\"},\"potentialAction\":[{\"@type\":\"SearchAction\",\"target\":{\"@type\":\"EntryPoint\",\"urlTemplate\":\"https:\\\/\\\/hospitalcmq.com\\\/es\\\/?s={search_term_string}\"},\"query-input\":{\"@type\":\"PropertyValueSpecification\",\"valueRequired\":true,\"valueName\":\"search_term_string\"}}],\"inLanguage\":\"es\"},{\"@type\":\"Organization\",\"@id\":\"https:\\\/\\\/hospitalcmq.com\\\/es\\\/#organization\",\"name\":\"Hospital CMQ\",\"url\":\"https:\\\/\\\/hospitalcmq.com\\\/es\\\/\",\"logo\":{\"@type\":\"ImageObject\",\"inLanguage\":\"es\",\"@id\":\"https:\\\/\\\/hospitalcmq.com\\\/es\\\/#\\\/schema\\\/logo\\\/image\\\/\",\"url\":\"https:\\\/\\\/hospitalcmq.com\\\/wp-content\\\/uploads\\\/2018\\\/06\\\/cmq-hospital-logo.png\",\"contentUrl\":\"https:\\\/\\\/hospitalcmq.com\\\/wp-content\\\/uploads\\\/2018\\\/06\\\/cmq-hospital-logo.png\",\"width\":214,\"height\":189,\"caption\":\"Hospital CMQ\"},\"image\":{\"@id\":\"https:\\\/\\\/hospitalcmq.com\\\/es\\\/#\\\/schema\\\/logo\\\/image\\\/\"},\"sameAs\":[\"https:\\\/\\\/www.facebook.com\\\/HospitalCMQ\"]}]}<\/script>\n<!-- \/ Yoast SEO plugin. -->","yoast_head_json":{"title":"Cirug\u00eda de Columna, \u00bfCu\u00e1ndo es necesario y qui\u00e9n es candidato?","description":"Cualquier cirug\u00eda de columna es peligrosa. Descubre aqu\u00ed lo que nuestros especialistas en ortopedia tienen que decir sobre el riesgo y qui\u00e9n es candidato.","robots":{"index":"index","follow":"follow","max-snippet":"max-snippet:-1","max-image-preview":"max-image-preview:large","max-video-preview":"max-video-preview:-1"},"canonical":"https:\/\/hospitalcmq.com\/es\/turismo-medico\/cirugia-de-columna\/","og_locale":"es_ES","og_type":"article","og_title":"Cirug\u00eda de Columna, \u00bfCu\u00e1ndo es necesario y qui\u00e9n es candidato?","og_description":"Cualquier cirug\u00eda de columna es peligrosa. Descubre aqu\u00ed lo que nuestros especialistas en ortopedia tienen que decir sobre el riesgo y qui\u00e9n es candidato.","og_url":"https:\/\/hospitalcmq.com\/es\/turismo-medico\/cirugia-de-columna\/","og_site_name":"Hospital CMQ","article_publisher":"https:\/\/www.facebook.com\/HospitalCMQ","article_modified_time":"2024-05-17T17:40:34+00:00","og_image":[{"url":"https:\/\/hospitalcmq.com\/wp-content\/uploads\/2018\/02\/ebebeb-1.jpg","type":"","width":"","height":""}],"twitter_card":"summary_large_image","twitter_misc":{"Tiempo de lectura":"3 minutos"},"schema":{"@context":"https:\/\/schema.org","@graph":[{"@type":"WebPage","@id":"https:\/\/hospitalcmq.com\/es\/turismo-medico\/cirugia-de-columna\/","url":"https:\/\/hospitalcmq.com\/es\/turismo-medico\/cirugia-de-columna\/","name":"Cirug\u00eda de Columna, \u00bfCu\u00e1ndo es necesario y qui\u00e9n es candidato?","isPartOf":{"@id":"https:\/\/hospitalcmq.com\/es\/#website"},"primaryImageOfPage":{"@id":"https:\/\/hospitalcmq.com\/es\/turismo-medico\/cirugia-de-columna\/#primaryimage"},"image":{"@id":"https:\/\/hospitalcmq.com\/es\/turismo-medico\/cirugia-de-columna\/#primaryimage"},"thumbnailUrl":"https:\/\/hospitalcmq.com\/wp-content\/uploads\/2018\/02\/ebebeb-1.jpg","datePublished":"2019-06-26T17:11:47+00:00","dateModified":"2024-05-17T17:40:34+00:00","description":"Cualquier cirug\u00eda de columna es peligrosa. Descubre aqu\u00ed lo que nuestros especialistas en ortopedia tienen que decir sobre el riesgo y qui\u00e9n es candidato.","breadcrumb":{"@id":"https:\/\/hospitalcmq.com\/es\/turismo-medico\/cirugia-de-columna\/#breadcrumb"},"inLanguage":"es","potentialAction":[{"@type":"ReadAction","target":["https:\/\/hospitalcmq.com\/es\/turismo-medico\/cirugia-de-columna\/"]}]},{"@type":"ImageObject","inLanguage":"es","@id":"https:\/\/hospitalcmq.com\/es\/turismo-medico\/cirugia-de-columna\/#primaryimage","url":"https:\/\/hospitalcmq.com\/wp-content\/uploads\/2018\/02\/ebebeb-1.jpg","contentUrl":"https:\/\/hospitalcmq.com\/wp-content\/uploads\/2018\/02\/ebebeb-1.jpg"},{"@type":"BreadcrumbList","@id":"https:\/\/hospitalcmq.com\/es\/turismo-medico\/cirugia-de-columna\/#breadcrumb","itemListElement":[{"@type":"ListItem","position":1,"name":"Home","item":"https:\/\/hospitalcmq.com\/es\/"},{"@type":"ListItem","position":2,"name":"Turismo M\u00e9dico","item":"https:\/\/hospitalcmq.com\/es\/turismo-medico\/"},{"@type":"ListItem","position":3,"name":"Cirug\u00eda de Columna"}]},{"@type":"WebSite","@id":"https:\/\/hospitalcmq.com\/es\/#website","url":"https:\/\/hospitalcmq.com\/es\/","name":"Hospital CMQ","description":"Best Hospitals in Puerto Vallarta &amp; Riviera Nayarit","publisher":{"@id":"https:\/\/hospitalcmq.com\/es\/#organization"},"potentialAction":[{"@type":"SearchAction","target":{"@type":"EntryPoint","urlTemplate":"https:\/\/hospitalcmq.com\/es\/?s={search_term_string}"},"query-input":{"@type":"PropertyValueSpecification","valueRequired":true,"valueName":"search_term_string"}}],"inLanguage":"es"},{"@type":"Organization","@id":"https:\/\/hospitalcmq.com\/es\/#organization","name":"Hospital CMQ","url":"https:\/\/hospitalcmq.com\/es\/","logo":{"@type":"ImageObject","inLanguage":"es","@id":"https:\/\/hospitalcmq.com\/es\/#\/schema\/logo\/image\/","url":"https:\/\/hospitalcmq.com\/wp-content\/uploads\/2018\/06\/cmq-hospital-logo.png","contentUrl":"https:\/\/hospitalcmq.com\/wp-content\/uploads\/2018\/06\/cmq-hospital-logo.png","width":214,"height":189,"caption":"Hospital CMQ"},"image":{"@id":"https:\/\/hospitalcmq.com\/es\/#\/schema\/logo\/image\/"},"sameAs":["https:\/\/www.facebook.com\/HospitalCMQ"]}]}},"_links":{"self":[{"href":"https:\/\/hospitalcmq.com\/es\/wp-json\/wp\/v2\/pages\/6304","targetHints":{"allow":["GET"]}}],"collection":[{"href":"https:\/\/hospitalcmq.com\/es\/wp-json\/wp\/v2\/pages"}],"about":[{"href":"https:\/\/hospitalcmq.com\/es\/wp-json\/wp\/v2\/types\/page"}],"author":[{"embeddable":true,"href":"https:\/\/hospitalcmq.com\/es\/wp-json\/wp\/v2\/users\/2"}],"replies":[{"embeddable":true,"href":"https:\/\/hospitalcmq.com\/es\/wp-json\/wp\/v2\/comments?post=6304"}],"version-history":[{"count":0,"href":"https:\/\/hospitalcmq.com\/es\/wp-json\/wp\/v2\/pages\/6304\/revisions"}],"up":[{"embeddable":true,"href":"https:\/\/hospitalcmq.com\/es\/wp-json\/wp\/v2\/pages\/4175"}],"wp:attachment":[{"href":"https:\/\/hospitalcmq.com\/es\/wp-json\/wp\/v2\/media?parent=6304"}],"curies":[{"name":"wp","href":"https:\/\/api.w.org\/{rel}","templated":true}]}}